{"id":9315,"date":"2023-11-27T13:28:42","date_gmt":"2023-11-27T10:28:42","guid":{"rendered":"https:\/\/cancan.com.tr\/?post_type=product&#038;p=9315"},"modified":"2024-08-28T16:38:58","modified_gmt":"2024-08-28T13:38:58","slug":"0502-mt02-tezgaha-monte-ara-musluklu-on-yikama-dusu-2","status":"publish","type":"product","link":"https:\/\/cancan.com.tr\/en\/all-products\/0502-mt02-sink-mounted-pre-rinse-faucet-with-intermediate-tap\/","title":{"rendered":"0502 MT02 Sink Mounted Pre-Rinse Faucet With Intermediate Tap"},"content":{"rendered":"<section class=\"wpb-content-wrapper\"><p>[vc_row full_width=&#8221;stretch_row&#8221; css=&#8221;.vc_custom_1699072235309{margin-top: 0px !important;border-bottom-width: 0px !important;}&#8221; el_class=&#8221;DocPageTitle&#8221;][vc_column]<section class=\"page-title page-title-center \">\n\t\t\t\t\t\t\t<div class=\"container\"><div class=\"row\"><div class=\"col-sm-12 text-center\">\n\t\t\t\t\t        \t<h1 class=\"heading-title mb0\">Otomatik Meyve Presleri Kullanma K\u0131lavuzu ve Yedek Par\u00e7alar\u0131<\/h1>\n\t\t\t\t\t        \t<p class=\"lead fade-color mb0\"><\/p>\n\t\t\t\t\t\t\t<\/div><\/div><\/div><ol class=\"breadcrumb breadcrumb-style\"><li><a href=\"https:\/\/cancan.com.tr\/en\/\" class=\"home-link\" rel=\"home\">Home<\/a><\/li><li class=\"active\"><a href=\"https:\/\/cancan.com.tr\/en\/products-2\/\">Shop<\/a><\/li><li class=\"active\">0502 MT02 Sink Mounted Pre-Rinse Faucet With Intermediate Tap<\/li><\/ol><\/section>[\/vc_column][\/vc_row][vc_row css=&#8221;.vc_custom_1699076235757{margin-top: 0px !important;margin-bottom: 0px !important;padding-top: 0px !important;padding-bottom: 0px !important;}&#8221; el_class=&#8221;DocPRoDetail&#8221;][vc_column width=&#8221;5\/12&#8243;][vc_single_image source=&#8221;featured_image&#8221; img_size=&#8221;full&#8221;][\/vc_column][vc_column width=&#8221;7\/12&#8243; css=&#8221;.vc_custom_1699073859308{padding-top: 60px !important;}&#8221;][vc_column_text]<\/p>\n<h3>Documents<\/h3>\n<p>[\/vc_column_text]<div class=\"\"><a  id=\"btn-69f3775ba7c21\" class=\"btn btn-block ti-download  btn-sm-sm\" href= \"https:\/\/cancan.com.tr\/wp-content\/uploads\/2023\/12\/0500-On-yikama_dusu-CE.pdf\" target='_blank' >CE<\/a><\/div><div class=\"\"><a  id=\"btn-69f3775ba7c56\" class=\"btn btn-block ti-download  btn-sm-sm\" href= \"https:\/\/cancan.com.tr\/wp-content\/uploads\/2024\/03\/0500-User-Manual.pdf\" target='_blank' >User Manual<\/a><\/div>[\/vc_column][\/vc_row][vc_row full_width=&#8221;stretch_row_content&#8221; css=&#8221;.vc_custom_1699076288622{padding-top: 5% !important;padding-bottom: 5% !important;background-color: #f2f2f2 !important;}&#8221; el_class=&#8221;DocProImgs&#8221;][vc_column][vc_column_text]<\/p>\n<h3>Spare Parts<\/h3>\n<p>[\/vc_column_text][vc_row_inner][vc_column_inner width=&#8221;1\/4&#8243;][vc_single_image image=&#8221;10088&#8243; img_size=&#8221;full&#8221; onclick=&#8221;link_image&#8221;][vc_column_text css=&#8221;.vc_custom_1709814425253{padding-top: 0px !important;}&#8221;]<\/p>\n<p style=\"text-align: center;\"><strong>60050<\/strong><br \/>\nAsbestos Free Gasket<\/p>\n<p>[\/vc_column_text][\/vc_column_inner][vc_column_inner width=&#8221;1\/4&#8243;][vc_single_image image=&#8221;10089&#8243; img_size=&#8221;full&#8221; onclick=&#8221;link_image&#8221;][vc_column_text css=&#8221;.vc_custom_1709814655036{padding-top: 0px !important;}&#8221;]<\/p>\n<p style=\"text-align: center;\"><strong>76030<\/strong><br \/>\nSpray Pistol (Standard)<\/p>\n<p>[\/vc_column_text][\/vc_column_inner][vc_column_inner width=&#8221;1\/4&#8243;][vc_single_image image=&#8221;10108&#8243; img_size=&#8221;full&#8221; onclick=&#8221;link_image&#8221;][vc_column_text css=&#8221;.vc_custom_1709814805516{padding-top: 0px !important;}&#8221;]<\/p>\n<p style=\"text-align: center;\"><strong>76394<\/strong><br \/>\nSink Type Faucet (Eco) (Assembled)<\/p>\n<p>[\/vc_column_text][\/vc_column_inner][vc_column_inner width=&#8221;1\/4&#8243;][vc_single_image image=&#8221;10092&#8243; img_size=&#8221;full&#8221; onclick=&#8221;link_image&#8221;][vc_column_text css=&#8221;.vc_custom_1709814974957{padding-top: 0px !important;}&#8221;]<\/p>\n<p style=\"text-align: center;\"><strong>44097<\/strong><br \/>\nSink Type Faucet Hot&amp;Cold Water Hose<\/p>\n<p>[\/vc_column_text][\/vc_column_inner][\/vc_row_inner][vc_row_inner][vc_column_inner width=&#8221;1\/4&#8243;][vc_single_image image=&#8221;10094&#8243; img_size=&#8221;full&#8221; onclick=&#8221;link_image&#8221;][vc_column_text css=&#8221;.vc_custom_1709815186420{padding-top: 0px !important;}&#8221;]<\/p>\n<p style=\"text-align: center;\"><strong>73025<\/strong><br \/>\nSpiral Spring (Standard) (Coated)<\/p>\n<p>[\/vc_column_text][\/vc_column_inner][vc_column_inner width=&#8221;1\/4&#8243;][vc_single_image image=&#8221;10096&#8243; img_size=&#8221;full&#8221; onclick=&#8221;link_image&#8221;][vc_column_text css=&#8221;.vc_custom_1709817567039{padding-top: 0px !important;}&#8221;]<\/p>\n<p style=\"text-align: center;\"><strong>76034<\/strong><br \/>\nHelical Braided Hose (Standard) (Assembled)<\/p>\n<p>[\/vc_column_text][\/vc_column_inner][vc_column_inner width=&#8221;1\/4&#8243;][vc_single_image image=&#8221;10097&#8243; img_size=&#8221;full&#8221; onclick=&#8221;link_image&#8221;][vc_column_text css=&#8221;.vc_custom_1709817723791{padding-top: 0px !important;}&#8221;]<\/p>\n<p style=\"text-align: center;\"><strong>76031<\/strong><br \/>\nSpray Pistol Hook (Assembled)<\/p>\n<p>[\/vc_column_text][\/vc_column_inner][vc_column_inner width=&#8221;1\/4&#8243;][vc_single_image image=&#8221;10099&#8243; img_size=&#8221;full&#8221; onclick=&#8221;link_image&#8221;][vc_column_text css=&#8221;.vc_custom_1709818286207{padding-top: 0px !important;}&#8221;]<\/p>\n<p style=\"text-align: center;\"><strong>76101<\/strong><br \/>\nWall Holder Apparatus (Assembled)<\/p>\n<p>[\/vc_column_text][\/vc_column_inner][\/vc_row_inner][vc_row_inner][vc_column_inner width=&#8221;1\/4&#8243;][vc_single_image image=&#8221;10101&#8243; img_size=&#8221;full&#8221; onclick=&#8221;link_image&#8221;][vc_column_text css=&#8221;.vc_custom_1709818755886{padding-top: 0px !important;}&#8221;]<\/p>\n<p style=\"text-align: center;\"><strong>76100<\/strong><br \/>\nWall Holder Apparatus Flange (Assembled)<\/p>\n<p>[\/vc_column_text][\/vc_column_inner][vc_column_inner width=&#8221;1\/4&#8243;][vc_single_image image=&#8221;10103&#8243; img_size=&#8221;full&#8221; onclick=&#8221;link_image&#8221;][vc_column_text css=&#8221;.vc_custom_1709819034302{padding-top: 0px !important;}&#8221;]<\/p>\n<p style=\"text-align: center;\"><strong>71086<\/strong><br \/>\nPipe Faucet Connecting Part<\/p>\n<p>[\/vc_column_text][\/vc_column_inner][vc_column_inner width=&#8221;1\/4&#8243;][vc_single_image image=&#8221;10106&#8243; img_size=&#8221;full&#8221; onclick=&#8221;link_image&#8221;][vc_column_text css=&#8221;.vc_custom_1709819222310{padding-top: 0px !important;}&#8221;]<\/p>\n<p style=\"text-align: center;\"><strong>71084<\/strong><br \/>\nConical Pipe Faucet Connecting Nut<\/p>\n<p>[\/vc_column_text][\/vc_column_inner][vc_column_inner width=&#8221;1\/4&#8243;][vc_single_image image=&#8221;10110&#8243; img_size=&#8221;full&#8221; onclick=&#8221;link_image&#8221;][vc_column_text css=&#8221;.vc_custom_1709819864533{padding-top: 0px !important;}&#8221;]<\/p>\n<p style=\"text-align: center;\"><strong>33001<\/strong><br \/>\nKnob<\/p>\n<p>[\/vc_column_text][\/vc_column_inner][\/vc_row_inner][vc_row_inner][vc_column_inner width=&#8221;1\/4&#8243;][vc_single_image image=&#8221;10111&#8243; img_size=&#8221;full&#8221; onclick=&#8221;link_image&#8221;][vc_column_text css=&#8221;.vc_custom_1709820250708{padding-top: 0px !important;}&#8221;]<\/p>\n<p style=\"text-align: center;\"><strong>24024<\/strong><br \/>\nValve Headwork<\/p>\n<p>[\/vc_column_text][\/vc_column_inner][vc_column_inner width=&#8221;1\/4&#8243;][vc_single_image image=&#8221;10113&#8243; img_size=&#8221;full&#8221; onclick=&#8221;link_image&#8221;][vc_column_text css=&#8221;.vc_custom_1709820622510{padding-top: 0px !important;}&#8221;]<\/p>\n<p style=\"text-align: center;\"><strong>24020<\/strong><br \/>\nT Intermediate Tap (Chromic)<\/p>\n<p>[\/vc_column_text][\/vc_column_inner][vc_column_inner width=&#8221;1\/4&#8243;][vc_single_image image=&#8221;10115&#8243; img_size=&#8221;full&#8221; onclick=&#8221;link_image&#8221;][vc_column_text css=&#8221;.vc_custom_1709821253572{padding-top: 0px !important;}&#8221;]<\/p>\n<p style=\"text-align: center;\"><strong>16063<\/strong><br \/>\nS Pipe (Stainless)<\/p>\n<p>[\/vc_column_text][\/vc_column_inner][vc_column_inner width=&#8221;1\/4&#8243;][\/vc_column_inner][\/vc_row_inner][\/vc_column][\/vc_row][vc_row][vc_column][vc_column_text]<\/p>\n<h3>Videos<\/h3>\n<p>[\/vc_column_text][vc_row_inner][vc_column_inner width=&#8221;1\/2&#8243;][\/vc_column_inner][vc_column_inner width=&#8221;1\/2&#8243;][\/vc_column_inner][\/vc_row_inner][\/vc_column][\/vc_row]<\/p>\n<\/section>","protected":false},"excerpt":{"rendered":"<p>[vc_row full_width=&#8221;stretch_row&#8221; css=&#8221;.vc_custom_1699072235309{margin-top: 0px !important;border-bottom-width: 0px !important;}&#8221; el_class=&#8221;DocPageTitle&#8221;][vc_column][\/vc_column][\/vc_row][vc_row css=&#8221;.vc_custom_1699076235757{margin-top: 0px !important;margin-bottom: 0px !important;padding-top: 0px !important;padding-bottom: 0px&#8230;<\/p>\n","protected":false},"featured_media":9316,"comment_status":"closed","ping_status":"closed","template":"","meta":[],"product_cat":[248,247,249,233],"product_tag":[],"class_list":["post-9315","product","type-product","status-publish","has-post-thumbnail","hentry","product_cat-oteller","product_cat-restoranlar","product_cat-yerel-isletmeler","product_cat-dokuuman"],"acf":[],"yoast_head":"<!-- This site is optimized with the Yoast SEO plugin v27.0 - https:\/\/yoast.com\/product\/yoast-seo-wordpress\/ -->\n<title>0502 MT02 Sink Mounted Pre-Rinse Faucet With Intermediate Tap - Cancan Meyve Presleri<\/title>\n<meta name=\"robots\" content=\"index, follow, max-snippet:-1, max-image-preview:large, max-video-preview:-1\" \/>\n<link rel=\"canonical\" href=\"https:\/\/cancan.com.tr\/tum-urunler\/0502-mt02-tezgaha-monte-ara-musluklu-on-yikama-dusu\/\" \/>\n<meta property=\"og:locale\" content=\"en_US\" \/>\n<meta property=\"og:type\" content=\"article\" \/>\n<meta property=\"og:title\" content=\"[:en]0502 MT02 Sink Mounted Pre-Rinse Faucet With Intermediate Tap[:tr]0502 MT02 Tezgaha Monte Ara Musluklu \u00d6n Y\u0131kama Du\u015fu[:] - Cancan Meyve Presleri\" \/>\n<meta property=\"og:description\" content=\"[vc_row full_width=&#8221;stretch_row&#8221; css=&#8221;.vc_custom_1699072235309{margin-top: 0px !important;border-bottom-width: 0px !important;}&#8221; el_class=&#8221;DocPageTitle&#8221;][vc_column][\/vc_column][\/vc_row][vc_row css=&#8221;.vc_custom_1699076235757{margin-top: 0px !important;margin-bottom: 0px !important;padding-top: 0px !important;padding-bottom: 0px...\" \/>\n<meta property=\"og:url\" content=\"https:\/\/cancan.com.tr\/tum-urunler\/0502-mt02-tezgaha-monte-ara-musluklu-on-yikama-dusu\/\" \/>\n<meta property=\"og:site_name\" content=\"Cancan Meyve Presleri\" \/>\n<meta property=\"article:modified_time\" content=\"2024-08-28T13:38:58+00:00\" \/>\n<meta property=\"og:image\" content=\"https:\/\/cancan.com.tr\/wp-content\/uploads\/2023\/11\/0502.jpg\" \/>\n\t<meta property=\"og:image:width\" content=\"675\" \/>\n\t<meta property=\"og:image:height\" content=\"828\" \/>\n\t<meta property=\"og:image:type\" content=\"image\/jpeg\" \/>\n<meta name=\"twitter:card\" content=\"summary_large_image\" \/>\n<meta name=\"twitter:label1\" content=\"Est. reading time\" \/>\n\t<meta name=\"twitter:data1\" content=\"8 minutes\" \/>\n<script type=\"application\/ld+json\" class=\"yoast-schema-graph\">{\"@context\":\"https:\/\/schema.org\",\"@graph\":[{\"@type\":\"WebPage\",\"@id\":\"https:\/\/cancan.com.tr\/tum-urunler\/0502-mt02-tezgaha-monte-ara-musluklu-on-yikama-dusu\/\",\"url\":\"https:\/\/cancan.com.tr\/tum-urunler\/0502-mt02-tezgaha-monte-ara-musluklu-on-yikama-dusu\/\",\"name\":\"[:en]0502 MT02 Sink Mounted Pre-Rinse Faucet With Intermediate Tap[:tr]0502 MT02 Tezgaha Monte Ara Musluklu \u00d6n Y\u0131kama Du\u015fu[:] - Cancan Meyve Presleri\",\"isPartOf\":{\"@id\":\"https:\/\/cancan.com.tr\/#website\"},\"primaryImageOfPage\":{\"@id\":\"https:\/\/cancan.com.tr\/tum-urunler\/0502-mt02-tezgaha-monte-ara-musluklu-on-yikama-dusu\/#primaryimage\"},\"image\":{\"@id\":\"https:\/\/cancan.com.tr\/tum-urunler\/0502-mt02-tezgaha-monte-ara-musluklu-on-yikama-dusu\/#primaryimage\"},\"thumbnailUrl\":\"https:\/\/cancan.com.tr\/wp-content\/uploads\/2023\/11\/0502.jpg\",\"datePublished\":\"2023-11-27T10:28:42+00:00\",\"dateModified\":\"2024-08-28T13:38:58+00:00\",\"breadcrumb\":{\"@id\":\"https:\/\/cancan.com.tr\/tum-urunler\/0502-mt02-tezgaha-monte-ara-musluklu-on-yikama-dusu\/#breadcrumb\"},\"inLanguage\":\"en-US\",\"potentialAction\":[{\"@type\":\"ReadAction\",\"target\":[\"https:\/\/cancan.com.tr\/tum-urunler\/0502-mt02-tezgaha-monte-ara-musluklu-on-yikama-dusu\/\"]}]},{\"@type\":\"ImageObject\",\"inLanguage\":\"en-US\",\"@id\":\"https:\/\/cancan.com.tr\/tum-urunler\/0502-mt02-tezgaha-monte-ara-musluklu-on-yikama-dusu\/#primaryimage\",\"url\":\"https:\/\/cancan.com.tr\/wp-content\/uploads\/2023\/11\/0502.jpg\",\"contentUrl\":\"https:\/\/cancan.com.tr\/wp-content\/uploads\/2023\/11\/0502.jpg\",\"width\":675,\"height\":828},{\"@type\":\"BreadcrumbList\",\"@id\":\"https:\/\/cancan.com.tr\/tum-urunler\/0502-mt02-tezgaha-monte-ara-musluklu-on-yikama-dusu\/#breadcrumb\",\"itemListElement\":[{\"@type\":\"ListItem\",\"position\":1,\"name\":\"Anasayfa\",\"item\":\"https:\/\/cancan.com.tr\/\"},{\"@type\":\"ListItem\",\"position\":2,\"name\":\"Products\",\"item\":\"https:\/\/cancan.com.tr\/en\/products-2\/\"},{\"@type\":\"ListItem\",\"position\":3,\"name\":\"0502 MT02 Tezgaha Monte Ara Musluklu \u00d6n Y\u0131kama Du\u015fu\"}]},{\"@type\":\"WebSite\",\"@id\":\"https:\/\/cancan.com.tr\/#website\",\"url\":\"https:\/\/cancan.com.tr\/\",\"name\":\"Cancan Meyve Presleri\",\"description\":\"www.cancan.com.tr\",\"publisher\":{\"@id\":\"https:\/\/cancan.com.tr\/#organization\"},\"potentialAction\":[{\"@type\":\"SearchAction\",\"target\":{\"@type\":\"EntryPoint\",\"urlTemplate\":\"https:\/\/cancan.com.tr\/?s={search_term_string}\"},\"query-input\":{\"@type\":\"PropertyValueSpecification\",\"valueRequired\":true,\"valueName\":\"search_term_string\"}}],\"inLanguage\":\"en-US\"},{\"@type\":\"Organization\",\"@id\":\"https:\/\/cancan.com.tr\/#organization\",\"name\":\"Cancan Meyve Presleri\",\"url\":\"https:\/\/cancan.com.tr\/\",\"logo\":{\"@type\":\"ImageObject\",\"inLanguage\":\"en-US\",\"@id\":\"https:\/\/cancan.com.tr\/#\/schema\/logo\/image\/\",\"url\":\"https:\/\/cancan.com.tr\/wp-content\/uploads\/2026\/03\/CancanLogo.png\",\"contentUrl\":\"https:\/\/cancan.com.tr\/wp-content\/uploads\/2026\/03\/CancanLogo.png\",\"width\":362,\"height\":67,\"caption\":\"Cancan Meyve Presleri\"},\"image\":{\"@id\":\"https:\/\/cancan.com.tr\/#\/schema\/logo\/image\/\"}}]}<\/script>\n<!-- \/ Yoast SEO plugin. -->","yoast_head_json":{"title":"[:en]0502 MT02 Sink Mounted Pre-Rinse Faucet With Intermediate Tap[:tr]0502 MT02 Tezgaha Monte Ara Musluklu \u00d6n Y\u0131kama Du\u015fu[:] - Cancan Meyve Presleri","robots":{"index":"index","follow":"follow","max-snippet":"max-snippet:-1","max-image-preview":"max-image-preview:large","max-video-preview":"max-video-preview:-1"},"canonical":"https:\/\/cancan.com.tr\/tum-urunler\/0502-mt02-tezgaha-monte-ara-musluklu-on-yikama-dusu\/","og_locale":"en_US","og_type":"article","og_title":"[:en]0502 MT02 Sink Mounted Pre-Rinse Faucet With Intermediate Tap[:tr]0502 MT02 Tezgaha Monte Ara Musluklu \u00d6n Y\u0131kama Du\u015fu[:] - Cancan Meyve Presleri","og_description":"[vc_row full_width=&#8221;stretch_row&#8221; css=&#8221;.vc_custom_1699072235309{margin-top: 0px !important;border-bottom-width: 0px !important;}&#8221; el_class=&#8221;DocPageTitle&#8221;][vc_column][\/vc_column][\/vc_row][vc_row css=&#8221;.vc_custom_1699076235757{margin-top: 0px !important;margin-bottom: 0px !important;padding-top: 0px !important;padding-bottom: 0px...","og_url":"https:\/\/cancan.com.tr\/tum-urunler\/0502-mt02-tezgaha-monte-ara-musluklu-on-yikama-dusu\/","og_site_name":"Cancan Meyve Presleri","article_modified_time":"2024-08-28T13:38:58+00:00","og_image":[{"width":675,"height":828,"url":"https:\/\/cancan.com.tr\/wp-content\/uploads\/2023\/11\/0502.jpg","type":"image\/jpeg"}],"twitter_card":"summary_large_image","twitter_misc":{"Est. reading time":"8 minutes"},"schema":{"@context":"https:\/\/schema.org","@graph":[{"@type":"WebPage","@id":"https:\/\/cancan.com.tr\/tum-urunler\/0502-mt02-tezgaha-monte-ara-musluklu-on-yikama-dusu\/","url":"https:\/\/cancan.com.tr\/tum-urunler\/0502-mt02-tezgaha-monte-ara-musluklu-on-yikama-dusu\/","name":"[:en]0502 MT02 Sink Mounted Pre-Rinse Faucet With Intermediate Tap[:tr]0502 MT02 Tezgaha Monte Ara Musluklu \u00d6n Y\u0131kama Du\u015fu[:] - Cancan Meyve Presleri","isPartOf":{"@id":"https:\/\/cancan.com.tr\/#website"},"primaryImageOfPage":{"@id":"https:\/\/cancan.com.tr\/tum-urunler\/0502-mt02-tezgaha-monte-ara-musluklu-on-yikama-dusu\/#primaryimage"},"image":{"@id":"https:\/\/cancan.com.tr\/tum-urunler\/0502-mt02-tezgaha-monte-ara-musluklu-on-yikama-dusu\/#primaryimage"},"thumbnailUrl":"https:\/\/cancan.com.tr\/wp-content\/uploads\/2023\/11\/0502.jpg","datePublished":"2023-11-27T10:28:42+00:00","dateModified":"2024-08-28T13:38:58+00:00","breadcrumb":{"@id":"https:\/\/cancan.com.tr\/tum-urunler\/0502-mt02-tezgaha-monte-ara-musluklu-on-yikama-dusu\/#breadcrumb"},"inLanguage":"en-US","potentialAction":[{"@type":"ReadAction","target":["https:\/\/cancan.com.tr\/tum-urunler\/0502-mt02-tezgaha-monte-ara-musluklu-on-yikama-dusu\/"]}]},{"@type":"ImageObject","inLanguage":"en-US","@id":"https:\/\/cancan.com.tr\/tum-urunler\/0502-mt02-tezgaha-monte-ara-musluklu-on-yikama-dusu\/#primaryimage","url":"https:\/\/cancan.com.tr\/wp-content\/uploads\/2023\/11\/0502.jpg","contentUrl":"https:\/\/cancan.com.tr\/wp-content\/uploads\/2023\/11\/0502.jpg","width":675,"height":828},{"@type":"BreadcrumbList","@id":"https:\/\/cancan.com.tr\/tum-urunler\/0502-mt02-tezgaha-monte-ara-musluklu-on-yikama-dusu\/#breadcrumb","itemListElement":[{"@type":"ListItem","position":1,"name":"Anasayfa","item":"https:\/\/cancan.com.tr\/"},{"@type":"ListItem","position":2,"name":"Products","item":"https:\/\/cancan.com.tr\/en\/products-2\/"},{"@type":"ListItem","position":3,"name":"0502 MT02 Tezgaha Monte Ara Musluklu \u00d6n Y\u0131kama Du\u015fu"}]},{"@type":"WebSite","@id":"https:\/\/cancan.com.tr\/#website","url":"https:\/\/cancan.com.tr\/","name":"Cancan Meyve Presleri","description":"www.cancan.com.tr","publisher":{"@id":"https:\/\/cancan.com.tr\/#organization"},"potentialAction":[{"@type":"SearchAction","target":{"@type":"EntryPoint","urlTemplate":"https:\/\/cancan.com.tr\/?s={search_term_string}"},"query-input":{"@type":"PropertyValueSpecification","valueRequired":true,"valueName":"search_term_string"}}],"inLanguage":"en-US"},{"@type":"Organization","@id":"https:\/\/cancan.com.tr\/#organization","name":"Cancan Meyve Presleri","url":"https:\/\/cancan.com.tr\/","logo":{"@type":"ImageObject","inLanguage":"en-US","@id":"https:\/\/cancan.com.tr\/#\/schema\/logo\/image\/","url":"https:\/\/cancan.com.tr\/wp-content\/uploads\/2026\/03\/CancanLogo.png","contentUrl":"https:\/\/cancan.com.tr\/wp-content\/uploads\/2026\/03\/CancanLogo.png","width":362,"height":67,"caption":"Cancan Meyve Presleri"},"image":{"@id":"https:\/\/cancan.com.tr\/#\/schema\/logo\/image\/"}}]}},"_links":{"self":[{"href":"https:\/\/cancan.com.tr\/en\/wp-json\/wp\/v2\/product\/9315","targetHints":{"allow":["GET"]}}],"collection":[{"href":"https:\/\/cancan.com.tr\/en\/wp-json\/wp\/v2\/product"}],"about":[{"href":"https:\/\/cancan.com.tr\/en\/wp-json\/wp\/v2\/types\/product"}],"replies":[{"embeddable":true,"href":"https:\/\/cancan.com.tr\/en\/wp-json\/wp\/v2\/comments?post=9315"}],"wp:featuredmedia":[{"embeddable":true,"href":"https:\/\/cancan.com.tr\/en\/wp-json\/wp\/v2\/media\/9316"}],"wp:attachment":[{"href":"https:\/\/cancan.com.tr\/en\/wp-json\/wp\/v2\/media?parent=9315"}],"wp:term":[{"taxonomy":"product_cat","embeddable":true,"href":"https:\/\/cancan.com.tr\/en\/wp-json\/wp\/v2\/product_cat?post=9315"},{"taxonomy":"product_tag","embeddable":true,"href":"https:\/\/cancan.com.tr\/en\/wp-json\/wp\/v2\/product_tag?post=9315"}],"curies":[{"name":"wp","href":"https:\/\/api.w.org\/{rel}","templated":true}]}}