{"id":9282,"date":"2023-11-23T14:26:41","date_gmt":"2023-11-23T11:26:41","guid":{"rendered":"https:\/\/cancan.com.tr\/?post_type=product&#038;p=9282"},"modified":"2026-01-12T12:15:18","modified_gmt":"2026-01-12T09:15:18","slug":"0801-ananas-soyma-makinesi-2","status":"publish","type":"product","link":"https:\/\/cancan.com.tr\/en\/all-products\/0801-pineapple-peeler-machine\/","title":{"rendered":"0801 Pineapple Peeler Machine"},"content":{"rendered":"<section class=\"wpb-content-wrapper\"><p>[vc_row full_width=&#8221;stretch_row&#8221; css=&#8221;.vc_custom_1699072235309{margin-top: 0px !important;border-bottom-width: 0px !important;}&#8221; el_class=&#8221;DocPageTitle&#8221;][vc_column]<section class=\"page-title page-title-center \">\n\t\t\t\t\t\t\t<div class=\"container\"><div class=\"row\"><div class=\"col-sm-12 text-center\">\n\t\t\t\t\t        \t<h1 class=\"heading-title mb0\">Otomatik Meyve Presleri Kullanma K\u0131lavuzu ve Yedek Par\u00e7alar\u0131<\/h1>\n\t\t\t\t\t        \t<p class=\"lead fade-color mb0\"><\/p>\n\t\t\t\t\t\t\t<\/div><\/div><\/div><ol class=\"breadcrumb breadcrumb-style\"><li><a href=\"https:\/\/cancan.com.tr\/en\/\" class=\"home-link\" rel=\"home\">Home<\/a><\/li><li class=\"active\"><a href=\"https:\/\/cancan.com.tr\/en\/products-2\/\">Shop<\/a><\/li><li class=\"active\">0801 Pineapple Peeler Machine<\/li><\/ol><\/section>[\/vc_column][\/vc_row][vc_row css=&#8221;.vc_custom_1699076235757{margin-top: 0px !important;margin-bottom: 0px !important;padding-top: 0px !important;padding-bottom: 0px !important;}&#8221; el_class=&#8221;DocPRoDetail&#8221;][vc_column width=&#8221;5\/12&#8243;][vc_single_image source=&#8221;featured_image&#8221; img_size=&#8221;full&#8221;][\/vc_column][vc_column width=&#8221;7\/12&#8243; css=&#8221;.vc_custom_1699073859308{padding-top: 60px !important;}&#8221;][vc_column_text]<\/p>\n<h3>Documents<\/h3>\n<p>[\/vc_column_text]<div class=\"\"><a  id=\"btn-69f38a1519fe0\" class=\"btn btn-block ti-download  btn-sm-sm\" href= \"https:\/\/cancan.com.tr\/wp-content\/uploads\/2024\/08\/0800-Ananas-Soyma-Makinesi-Kullanim-Klavuzu.pdf\" target='_blank' >User Manual<\/a><\/div><div class=\"\"><a  id=\"btn-69f38a151a006\" class=\"btn btn-block ti-download  btn-sm-sm\" href= \"https:\/\/cancan.com.tr\/wp-content\/uploads\/2023\/12\/0800-ANANAS-SOYMA-MAKINESI-CE.pdf\" target='_blank' >CE<\/a><\/div>[\/vc_column][\/vc_row][vc_row full_width=&#8221;stretch_row_content&#8221; css=&#8221;.vc_custom_1699076288622{padding-top: 5% !important;padding-bottom: 5% !important;background-color: #f2f2f2 !important;}&#8221; el_class=&#8221;DocProImgs&#8221;][vc_column][vc_column_text]<\/p>\n<h3>Spare Parts<\/h3>\n<p>[\/vc_column_text][vc_row_inner][vc_column_inner width=&#8221;1\/4&#8243;][vc_single_image image=&#8221;9585&#8243; img_size=&#8221;full&#8221; onclick=&#8221;link_image&#8221;][vc_column_text css=&#8221;.vc_custom_1703576568730{padding-top: 0px !important;}&#8221;]<\/p>\n<p style=\"text-align: center;\"><strong>76063<\/strong><br \/>\nPineapple Peeler Blade (\u00d874)<\/p>\n<p>[\/vc_column_text][\/vc_column_inner][vc_column_inner width=&#8221;1\/4&#8243;][vc_single_image image=&#8221;9590&#8243; img_size=&#8221;full&#8221; onclick=&#8221;link_image&#8221;][vc_column_text css=&#8221;.vc_custom_1703579956365{padding-top: 0px !important;}&#8221;]<\/p>\n<p style=\"text-align: center;\"><strong>76064<\/strong><br \/>\nPineapple Peeler Blade (\u00d889)<\/p>\n<p>[\/vc_column_text][\/vc_column_inner][vc_column_inner width=&#8221;1\/4&#8243;][vc_single_image image=&#8221;9586&#8243; img_size=&#8221;full&#8221; onclick=&#8221;link_image&#8221;][vc_column_text css=&#8221;.vc_custom_1703576993555{padding-top: 0px !important;}&#8221;]<\/p>\n<p style=\"text-align: center;\"><strong>76065<\/strong><br \/>\nPineapple Peeler Blade (\u00d895)<\/p>\n<p>[\/vc_column_text][\/vc_column_inner][vc_column_inner width=&#8221;1\/4&#8243;][vc_single_image image=&#8221;9588&#8243; img_size=&#8221;full&#8221; onclick=&#8221;link_image&#8221;][vc_column_text css=&#8221;.vc_custom_1703577216995{padding-top: 0px !important;}&#8221;]<\/p>\n<p style=\"text-align: center;\"><strong>76066<\/strong><br \/>\nPineapple Peeler Blade (\u00d8102)<\/p>\n<p>[\/vc_column_text][\/vc_column_inner][\/vc_row_inner][vc_row_inner][vc_column_inner width=&#8221;1\/4&#8243;][vc_single_image image=&#8221;9582&#8243; img_size=&#8221;full&#8221; onclick=&#8221;link_image&#8221;][vc_column_text css=&#8221;.vc_custom_1703573517306{padding-top: 0px !important;}&#8221;]<\/p>\n<p style=\"text-align: center;\"><strong>72114<\/strong><br \/>\nPineapple Peeler Blade Cover<\/p>\n<p>[\/vc_column_text][\/vc_column_inner][vc_column_inner width=&#8221;1\/4&#8243;][vc_single_image image=&#8221;9568&#8243; img_size=&#8221;full&#8221; onclick=&#8221;link_image&#8221;][vc_column_text css=&#8221;.vc_custom_1706003164016{padding-top: 0px !important;}&#8221;]<\/p>\n<p style=\"text-align: center;\"><strong>72113<\/strong><br \/>\nPineapple Peeler Green Bed<\/p>\n<p>[\/vc_column_text][\/vc_column_inner][vc_column_inner width=&#8221;1\/4&#8243;][vc_single_image image=&#8221;9572&#8243; img_size=&#8221;full&#8221; onclick=&#8221;link_image&#8221;][vc_column_text css=&#8221;.vc_custom_1768209301244{padding-top: 0px !important;}&#8221;]<\/p>\n<p style=\"text-align: center;\"><strong>72007<\/strong><br \/>\nPineapple Peeler Pushing Wedge (Suitable for use with \u00d895-\u00d8102 blades.)<\/p>\n<p>[\/vc_column_text][\/vc_column_inner][vc_column_inner width=&#8221;1\/4&#8243;][vc_single_image image=&#8221;9574&#8243; img_size=&#8221;full&#8221; onclick=&#8221;link_image&#8221;][vc_column_text css=&#8221;.vc_custom_1768209321070{padding-top: 0px !important;}&#8221;]<\/p>\n<p style=\"text-align: center;\"><strong>72006<\/strong><br \/>\nPineapple Peeler Pushing Wedge (Suitable for use with \u00d874-\u00d889-\u00d895 blades.)<\/p>\n<p>[\/vc_column_text][\/vc_column_inner][\/vc_row_inner][vc_row_inner][vc_column_inner width=&#8221;1\/4&#8243;][vc_single_image image=&#8221;9578&#8243; img_size=&#8221;full&#8221; onclick=&#8221;link_image&#8221;][vc_column_text css=&#8221;.vc_custom_1703573194601{padding-top: 0px !important;}&#8221;]<\/p>\n<p style=\"text-align: center;\"><strong>44070<\/strong><br \/>\nPineapple Peeler Plastic Tub<\/p>\n<p>[\/vc_column_text][\/vc_column_inner][vc_column_inner width=&#8221;1\/4&#8243;][vc_single_image image=&#8221;9560&#8243; img_size=&#8221;full&#8221; onclick=&#8221;link_image&#8221;][vc_column_text css=&#8221;.vc_custom_1703569817496{padding-top: 0px !important;}&#8221;]<\/p>\n<p style=\"text-align: center;\"><strong>70229<\/strong><br \/>\nPineapple Peeler Arm<\/p>\n<p>[\/vc_column_text][\/vc_column_inner][vc_column_inner width=&#8221;1\/4&#8243;][vc_single_image image=&#8221;9570&#8243; img_size=&#8221;full&#8221; onclick=&#8221;link_image&#8221;][vc_column_text css=&#8221;.vc_custom_1703571555248{padding-top: 0px !important;}&#8221;]<\/p>\n<p style=\"text-align: center;\"><strong>70238<\/strong><br \/>\nPushing Wedge Pin<\/p>\n<p>[\/vc_column_text][\/vc_column_inner][vc_column_inner width=&#8221;1\/4&#8243;][vc_single_image image=&#8221;9576&#8243; img_size=&#8221;full&#8221; onclick=&#8221;link_image&#8221;][vc_column_text css=&#8221;.vc_custom_1703572925209{padding-top: 0px !important;}&#8221;]<\/p>\n<p style=\"text-align: center;\"><strong>70252<\/strong><br \/>\nPineapple Peeler Foot<\/p>\n<p>[\/vc_column_text][\/vc_column_inner][\/vc_row_inner][vc_row_inner][vc_column_inner width=&#8221;1\/4&#8243;][vc_single_image image=&#8221;9563&#8243; img_size=&#8221;full&#8221; onclick=&#8221;link_image&#8221;][vc_column_text css=&#8221;.vc_custom_1703570092695{padding-top: 0px !important;}&#8221;]<\/p>\n<p style=\"text-align: center;\"><strong>70230<\/strong><br \/>\nPineapple Peeler Arm Sheet Bar<\/p>\n<p>[\/vc_column_text][\/vc_column_inner][vc_column_inner width=&#8221;1\/4&#8243;][vc_single_image image=&#8221;9565&#8243; img_size=&#8221;full&#8221; onclick=&#8221;link_image&#8221;][vc_column_text css=&#8221;.vc_custom_1703570507208{padding-top: 0px !important;}&#8221;]<\/p>\n<p style=\"text-align: center;\"><strong>72075<\/strong><br \/>\nHandle<\/p>\n<p>[\/vc_column_text][\/vc_column_inner][vc_column_inner width=&#8221;1\/4&#8243;][vc_single_image image=&#8221;9566&#8243; img_size=&#8221;full&#8221; onclick=&#8221;link_image&#8221;][vc_column_text css=&#8221;.vc_custom_1703570863775{padding-top: 0px !important;}&#8221;]<\/p>\n<p style=\"text-align: center;\"><strong>70231<\/strong><br \/>\nPineapple Peeler Arm Pin<\/p>\n<p>[\/vc_column_text][\/vc_column_inner][vc_column_inner width=&#8221;1\/4&#8243;][vc_single_image image=&#8221;9626&#8243; img_size=&#8221;full&#8221; onclick=&#8221;link_image&#8221;][vc_column_text css=&#8221;.vc_custom_1704261621429{padding-top: 0px !important;}&#8221;]<\/p>\n<p style=\"text-align: center;\"><strong>60174<\/strong><br \/>\nM8 Fibered Nut (Stainless)<\/p>\n<p>[\/vc_column_text][\/vc_column_inner][\/vc_row_inner][vc_row_inner][vc_column_inner width=&#8221;1\/4&#8243;][vc_single_image image=&#8221;9629&#8243; img_size=&#8221;full&#8221; onclick=&#8221;link_image&#8221;][vc_column_text css=&#8221;.vc_custom_1704263242794{padding-top: 0px !important;}&#8221;]<\/p>\n<p style=\"text-align: center;\"><strong>60171<\/strong><br \/>\nM6 Fibered Nut (Stainless)<\/p>\n<p>[\/vc_column_text][\/vc_column_inner][vc_column_inner width=&#8221;1\/4&#8243;][vc_single_image image=&#8221;9630&#8243; img_size=&#8221;full&#8221; onclick=&#8221;link_image&#8221;][vc_column_text css=&#8221;.vc_custom_1704264555020{padding-top: 0px !important;}&#8221;]<\/p>\n<p style=\"text-align: center;\"><strong>70236<\/strong><br \/>\nPineapple Peeler U Metal Sheet<\/p>\n<p>[\/vc_column_text][\/vc_column_inner][vc_column_inner width=&#8221;1\/4&#8243;][vc_single_image image=&#8221;9633&#8243; img_size=&#8221;full&#8221; onclick=&#8221;link_image&#8221;][vc_column_text css=&#8221;.vc_custom_1704279371001{padding-top: 0px !important;}&#8221;]<\/p>\n<p style=\"text-align: center;\"><strong>60033<\/strong><br \/>\nImbus M6x70 Bolt (Stainless)<\/p>\n<p>[\/vc_column_text][\/vc_column_inner][vc_column_inner width=&#8221;1\/4&#8243;][vc_single_image image=&#8221;9634&#8243; img_size=&#8221;full&#8221; onclick=&#8221;link_image&#8221;][vc_column_text css=&#8221;.vc_custom_1704280501120{padding-top: 0px !important;}&#8221;]<\/p>\n<p style=\"text-align: center;\"><strong>70242<\/strong><br \/>\nPineapple Peeler Security Locking Screw<\/p>\n<p>[\/vc_column_text][\/vc_column_inner][\/vc_row_inner][vc_row_inner][vc_column_inner width=&#8221;1\/4&#8243;][vc_single_image image=&#8221;9636&#8243; img_size=&#8221;full&#8221; onclick=&#8221;link_image&#8221;][vc_column_text css=&#8221;.vc_custom_1704283865601{padding-top: 0px !important;}&#8221;]<\/p>\n<p style=\"text-align: center;\"><strong>76062<\/strong><br \/>\nPineapple Peeler Crescent Body<\/p>\n<p>[\/vc_column_text][\/vc_column_inner][vc_column_inner width=&#8221;1\/4&#8243;][vc_single_image image=&#8221;9641&#8243; img_size=&#8221;full&#8221; onclick=&#8221;link_image&#8221;][vc_column_text css=&#8221;.vc_custom_1704435752361{padding-top: 0px !important;}&#8221;]<\/p>\n<p style=\"text-align: center;\"><strong>76059<\/strong><br \/>\nPineapple Peeler Crescent Body<\/p>\n<p>[\/vc_column_text][\/vc_column_inner][vc_column_inner width=&#8221;1\/4&#8243;][\/vc_column_inner][vc_column_inner width=&#8221;1\/4&#8243;][\/vc_column_inner][\/vc_row_inner][\/vc_column][\/vc_row][vc_row][vc_column][vc_column_text]<\/p>\n<h3>Videos<\/h3>\n<p>[\/vc_column_text][vc_row_inner][vc_column_inner width=&#8221;1\/2&#8243;][vc_video link=&#8221;https:\/\/www.youtube.com\/watch?v=eFKJ4r50lYM&#8221;][\/vc_column_inner][\/vc_row_inner][\/vc_column][\/vc_row]<\/p>\n<\/section>","protected":false},"excerpt":{"rendered":"<p>[vc_row full_width=&#8221;stretch_row&#8221; css=&#8221;.vc_custom_1699072235309{margin-top: 0px !important;border-bottom-width: 0px !important;}&#8221; el_class=&#8221;DocPageTitle&#8221;][vc_column][\/vc_column][\/vc_row][vc_row css=&#8221;.vc_custom_1699076235757{margin-top: 0px !important;margin-bottom: 0px !important;padding-top: 0px !important;padding-bottom: 0px&#8230;<\/p>\n","protected":false},"featured_media":9283,"comment_status":"closed","ping_status":"closed","template":"","meta":[],"product_cat":[245,248,247,246,249,233],"product_tag":[],"class_list":["post-9282","product","type-product","status-publish","has-post-thumbnail","hentry","product_cat-manavlar","product_cat-oteller","product_cat-restoranlar","product_cat-supermarketler","product_cat-yerel-isletmeler","product_cat-dokuuman"],"acf":[],"yoast_head":"<!-- This site is optimized with the Yoast SEO plugin v27.0 - https:\/\/yoast.com\/product\/yoast-seo-wordpress\/ -->\n<title>0801 Pineapple Peeler Machine - Cancan Meyve Presleri<\/title>\n<meta name=\"robots\" content=\"index, follow, max-snippet:-1, max-image-preview:large, max-video-preview:-1\" \/>\n<link rel=\"canonical\" href=\"https:\/\/cancan.com.tr\/tum-urunler\/0801-ananas-soyma-makinesi\/\" \/>\n<meta property=\"og:locale\" content=\"en_US\" \/>\n<meta property=\"og:type\" content=\"article\" \/>\n<meta property=\"og:title\" content=\"[:tr]0801 Ananas Soyma Makinesi[:en]0801 Pineapple Peeler Machine[:] - Cancan Meyve Presleri\" \/>\n<meta property=\"og:description\" content=\"[vc_row full_width=&#8221;stretch_row&#8221; css=&#8221;.vc_custom_1699072235309{margin-top: 0px !important;border-bottom-width: 0px !important;}&#8221; el_class=&#8221;DocPageTitle&#8221;][vc_column][\/vc_column][\/vc_row][vc_row css=&#8221;.vc_custom_1699076235757{margin-top: 0px !important;margin-bottom: 0px !important;padding-top: 0px !important;padding-bottom: 0px...\" \/>\n<meta property=\"og:url\" content=\"https:\/\/cancan.com.tr\/tum-urunler\/0801-ananas-soyma-makinesi\/\" \/>\n<meta property=\"og:site_name\" content=\"Cancan Meyve Presleri\" \/>\n<meta property=\"article:modified_time\" content=\"2026-01-12T09:15:18+00:00\" \/>\n<meta property=\"og:image\" content=\"https:\/\/cancan.com.tr\/wp-content\/uploads\/2023\/11\/0801.jpg\" \/>\n\t<meta property=\"og:image:width\" content=\"675\" \/>\n\t<meta property=\"og:image:height\" content=\"828\" \/>\n\t<meta property=\"og:image:type\" content=\"image\/jpeg\" \/>\n<meta name=\"twitter:card\" content=\"summary_large_image\" \/>\n<meta name=\"twitter:label1\" content=\"Est. reading time\" \/>\n\t<meta name=\"twitter:data1\" content=\"10 minutes\" \/>\n<script type=\"application\/ld+json\" class=\"yoast-schema-graph\">{\"@context\":\"https:\/\/schema.org\",\"@graph\":[{\"@type\":\"WebPage\",\"@id\":\"https:\/\/cancan.com.tr\/tum-urunler\/0801-ananas-soyma-makinesi\/\",\"url\":\"https:\/\/cancan.com.tr\/tum-urunler\/0801-ananas-soyma-makinesi\/\",\"name\":\"[:tr]0801 Ananas Soyma Makinesi[:en]0801 Pineapple Peeler Machine[:] - Cancan Meyve Presleri\",\"isPartOf\":{\"@id\":\"https:\/\/cancan.com.tr\/#website\"},\"primaryImageOfPage\":{\"@id\":\"https:\/\/cancan.com.tr\/tum-urunler\/0801-ananas-soyma-makinesi\/#primaryimage\"},\"image\":{\"@id\":\"https:\/\/cancan.com.tr\/tum-urunler\/0801-ananas-soyma-makinesi\/#primaryimage\"},\"thumbnailUrl\":\"https:\/\/cancan.com.tr\/wp-content\/uploads\/2023\/11\/0801.jpg\",\"datePublished\":\"2023-11-23T11:26:41+00:00\",\"dateModified\":\"2026-01-12T09:15:18+00:00\",\"breadcrumb\":{\"@id\":\"https:\/\/cancan.com.tr\/tum-urunler\/0801-ananas-soyma-makinesi\/#breadcrumb\"},\"inLanguage\":\"en-US\",\"potentialAction\":[{\"@type\":\"ReadAction\",\"target\":[\"https:\/\/cancan.com.tr\/tum-urunler\/0801-ananas-soyma-makinesi\/\"]}]},{\"@type\":\"ImageObject\",\"inLanguage\":\"en-US\",\"@id\":\"https:\/\/cancan.com.tr\/tum-urunler\/0801-ananas-soyma-makinesi\/#primaryimage\",\"url\":\"https:\/\/cancan.com.tr\/wp-content\/uploads\/2023\/11\/0801.jpg\",\"contentUrl\":\"https:\/\/cancan.com.tr\/wp-content\/uploads\/2023\/11\/0801.jpg\",\"width\":675,\"height\":828},{\"@type\":\"BreadcrumbList\",\"@id\":\"https:\/\/cancan.com.tr\/tum-urunler\/0801-ananas-soyma-makinesi\/#breadcrumb\",\"itemListElement\":[{\"@type\":\"ListItem\",\"position\":1,\"name\":\"Anasayfa\",\"item\":\"https:\/\/cancan.com.tr\/\"},{\"@type\":\"ListItem\",\"position\":2,\"name\":\"Products\",\"item\":\"https:\/\/cancan.com.tr\/en\/products-2\/\"},{\"@type\":\"ListItem\",\"position\":3,\"name\":\"0801 Ananas Soyma Makinesi\"}]},{\"@type\":\"WebSite\",\"@id\":\"https:\/\/cancan.com.tr\/#website\",\"url\":\"https:\/\/cancan.com.tr\/\",\"name\":\"Cancan Meyve Presleri\",\"description\":\"www.cancan.com.tr\",\"publisher\":{\"@id\":\"https:\/\/cancan.com.tr\/#organization\"},\"potentialAction\":[{\"@type\":\"SearchAction\",\"target\":{\"@type\":\"EntryPoint\",\"urlTemplate\":\"https:\/\/cancan.com.tr\/?s={search_term_string}\"},\"query-input\":{\"@type\":\"PropertyValueSpecification\",\"valueRequired\":true,\"valueName\":\"search_term_string\"}}],\"inLanguage\":\"en-US\"},{\"@type\":\"Organization\",\"@id\":\"https:\/\/cancan.com.tr\/#organization\",\"name\":\"Cancan Meyve Presleri\",\"url\":\"https:\/\/cancan.com.tr\/\",\"logo\":{\"@type\":\"ImageObject\",\"inLanguage\":\"en-US\",\"@id\":\"https:\/\/cancan.com.tr\/#\/schema\/logo\/image\/\",\"url\":\"https:\/\/cancan.com.tr\/wp-content\/uploads\/2026\/03\/CancanLogo.png\",\"contentUrl\":\"https:\/\/cancan.com.tr\/wp-content\/uploads\/2026\/03\/CancanLogo.png\",\"width\":362,\"height\":67,\"caption\":\"Cancan Meyve Presleri\"},\"image\":{\"@id\":\"https:\/\/cancan.com.tr\/#\/schema\/logo\/image\/\"}}]}<\/script>\n<!-- \/ Yoast SEO plugin. -->","yoast_head_json":{"title":"[:tr]0801 Ananas Soyma Makinesi[:en]0801 Pineapple Peeler Machine[:] - Cancan Meyve Presleri","robots":{"index":"index","follow":"follow","max-snippet":"max-snippet:-1","max-image-preview":"max-image-preview:large","max-video-preview":"max-video-preview:-1"},"canonical":"https:\/\/cancan.com.tr\/tum-urunler\/0801-ananas-soyma-makinesi\/","og_locale":"en_US","og_type":"article","og_title":"[:tr]0801 Ananas Soyma Makinesi[:en]0801 Pineapple Peeler Machine[:] - Cancan Meyve Presleri","og_description":"[vc_row full_width=&#8221;stretch_row&#8221; css=&#8221;.vc_custom_1699072235309{margin-top: 0px !important;border-bottom-width: 0px !important;}&#8221; el_class=&#8221;DocPageTitle&#8221;][vc_column][\/vc_column][\/vc_row][vc_row css=&#8221;.vc_custom_1699076235757{margin-top: 0px !important;margin-bottom: 0px !important;padding-top: 0px !important;padding-bottom: 0px...","og_url":"https:\/\/cancan.com.tr\/tum-urunler\/0801-ananas-soyma-makinesi\/","og_site_name":"Cancan Meyve Presleri","article_modified_time":"2026-01-12T09:15:18+00:00","og_image":[{"width":675,"height":828,"url":"https:\/\/cancan.com.tr\/wp-content\/uploads\/2023\/11\/0801.jpg","type":"image\/jpeg"}],"twitter_card":"summary_large_image","twitter_misc":{"Est. reading time":"10 minutes"},"schema":{"@context":"https:\/\/schema.org","@graph":[{"@type":"WebPage","@id":"https:\/\/cancan.com.tr\/tum-urunler\/0801-ananas-soyma-makinesi\/","url":"https:\/\/cancan.com.tr\/tum-urunler\/0801-ananas-soyma-makinesi\/","name":"[:tr]0801 Ananas Soyma Makinesi[:en]0801 Pineapple Peeler Machine[:] - Cancan Meyve Presleri","isPartOf":{"@id":"https:\/\/cancan.com.tr\/#website"},"primaryImageOfPage":{"@id":"https:\/\/cancan.com.tr\/tum-urunler\/0801-ananas-soyma-makinesi\/#primaryimage"},"image":{"@id":"https:\/\/cancan.com.tr\/tum-urunler\/0801-ananas-soyma-makinesi\/#primaryimage"},"thumbnailUrl":"https:\/\/cancan.com.tr\/wp-content\/uploads\/2023\/11\/0801.jpg","datePublished":"2023-11-23T11:26:41+00:00","dateModified":"2026-01-12T09:15:18+00:00","breadcrumb":{"@id":"https:\/\/cancan.com.tr\/tum-urunler\/0801-ananas-soyma-makinesi\/#breadcrumb"},"inLanguage":"en-US","potentialAction":[{"@type":"ReadAction","target":["https:\/\/cancan.com.tr\/tum-urunler\/0801-ananas-soyma-makinesi\/"]}]},{"@type":"ImageObject","inLanguage":"en-US","@id":"https:\/\/cancan.com.tr\/tum-urunler\/0801-ananas-soyma-makinesi\/#primaryimage","url":"https:\/\/cancan.com.tr\/wp-content\/uploads\/2023\/11\/0801.jpg","contentUrl":"https:\/\/cancan.com.tr\/wp-content\/uploads\/2023\/11\/0801.jpg","width":675,"height":828},{"@type":"BreadcrumbList","@id":"https:\/\/cancan.com.tr\/tum-urunler\/0801-ananas-soyma-makinesi\/#breadcrumb","itemListElement":[{"@type":"ListItem","position":1,"name":"Anasayfa","item":"https:\/\/cancan.com.tr\/"},{"@type":"ListItem","position":2,"name":"Products","item":"https:\/\/cancan.com.tr\/en\/products-2\/"},{"@type":"ListItem","position":3,"name":"0801 Ananas Soyma Makinesi"}]},{"@type":"WebSite","@id":"https:\/\/cancan.com.tr\/#website","url":"https:\/\/cancan.com.tr\/","name":"Cancan Meyve Presleri","description":"www.cancan.com.tr","publisher":{"@id":"https:\/\/cancan.com.tr\/#organization"},"potentialAction":[{"@type":"SearchAction","target":{"@type":"EntryPoint","urlTemplate":"https:\/\/cancan.com.tr\/?s={search_term_string}"},"query-input":{"@type":"PropertyValueSpecification","valueRequired":true,"valueName":"search_term_string"}}],"inLanguage":"en-US"},{"@type":"Organization","@id":"https:\/\/cancan.com.tr\/#organization","name":"Cancan Meyve Presleri","url":"https:\/\/cancan.com.tr\/","logo":{"@type":"ImageObject","inLanguage":"en-US","@id":"https:\/\/cancan.com.tr\/#\/schema\/logo\/image\/","url":"https:\/\/cancan.com.tr\/wp-content\/uploads\/2026\/03\/CancanLogo.png","contentUrl":"https:\/\/cancan.com.tr\/wp-content\/uploads\/2026\/03\/CancanLogo.png","width":362,"height":67,"caption":"Cancan Meyve Presleri"},"image":{"@id":"https:\/\/cancan.com.tr\/#\/schema\/logo\/image\/"}}]}},"_links":{"self":[{"href":"https:\/\/cancan.com.tr\/en\/wp-json\/wp\/v2\/product\/9282","targetHints":{"allow":["GET"]}}],"collection":[{"href":"https:\/\/cancan.com.tr\/en\/wp-json\/wp\/v2\/product"}],"about":[{"href":"https:\/\/cancan.com.tr\/en\/wp-json\/wp\/v2\/types\/product"}],"replies":[{"embeddable":true,"href":"https:\/\/cancan.com.tr\/en\/wp-json\/wp\/v2\/comments?post=9282"}],"wp:featuredmedia":[{"embeddable":true,"href":"https:\/\/cancan.com.tr\/en\/wp-json\/wp\/v2\/media\/9283"}],"wp:attachment":[{"href":"https:\/\/cancan.com.tr\/en\/wp-json\/wp\/v2\/media?parent=9282"}],"wp:term":[{"taxonomy":"product_cat","embeddable":true,"href":"https:\/\/cancan.com.tr\/en\/wp-json\/wp\/v2\/product_cat?post=9282"},{"taxonomy":"product_tag","embeddable":true,"href":"https:\/\/cancan.com.tr\/en\/wp-json\/wp\/v2\/product_tag?post=9282"}],"curies":[{"name":"wp","href":"https:\/\/api.w.org\/{rel}","templated":true}]}}