{"id":9241,"date":"2023-11-22T14:37:28","date_gmt":"2023-11-22T11:37:28","guid":{"rendered":"https:\/\/cancan.com.tr\/?post_type=product&#038;p=9241"},"modified":"2026-03-11T16:15:28","modified_gmt":"2026-03-11T13:15:28","slug":"0206-28-cafe-tipi-bardakli-2","status":"publish","type":"product","link":"https:\/\/cancan.com.tr\/en\/all-products\/cafe-type-automatic-orange-juicer\/","title":{"rendered":"0206 28 Cafe Type Automatic Orange Juicer"},"content":{"rendered":"<section class=\"wpb-content-wrapper\"><p>[vc_row full_width=&#8221;stretch_row&#8221; css=&#8221;.vc_custom_1699072235309{margin-top: 0px !important;border-bottom-width: 0px !important;}&#8221; el_class=&#8221;DocPageTitle&#8221;][vc_column]<section class=\"page-title page-title-center \">\n\t\t\t\t\t\t\t<div class=\"container\"><div class=\"row\"><div class=\"col-sm-12 text-center\">\n\t\t\t\t\t        \t<h1 class=\"heading-title mb0\">Otomatik Meyve Presleri Kullanma K\u0131lavuzu ve Yedek Par\u00e7alar\u0131<\/h1>\n\t\t\t\t\t        \t<p class=\"lead fade-color mb0\"><\/p>\n\t\t\t\t\t\t\t<\/div><\/div><\/div><ol class=\"breadcrumb breadcrumb-style\"><li><a href=\"https:\/\/cancan.com.tr\/en\/\" class=\"home-link\" rel=\"home\">Home<\/a><\/li><li class=\"active\"><a href=\"https:\/\/cancan.com.tr\/en\/products-2\/\">Shop<\/a><\/li><li class=\"active\">0206 28 Cafe Type Automatic Orange Juicer<\/li><\/ol><\/section>[\/vc_column][\/vc_row][vc_row css=&#8221;.vc_custom_1699076235757{margin-top: 0px !important;margin-bottom: 0px !important;padding-top: 0px !important;padding-bottom: 0px !important;}&#8221; el_class=&#8221;DocPRoDetail&#8221;][vc_column width=&#8221;5\/12&#8243;][vc_single_image source=&#8221;featured_image&#8221; img_size=&#8221;full&#8221;][\/vc_column][vc_column width=&#8221;7\/12&#8243; css=&#8221;.vc_custom_1699073859308{padding-top: 60px !important;}&#8221;][vc_column_text]<\/p>\n<h3>Documents<\/h3>\n<p>[\/vc_column_text]<div class=\"\"><a  id=\"btn-69f37999d0ac1\" class=\"btn btn-block ti-download  btn-sm-sm\" href= \"https:\/\/cancan.com.tr\/wp-content\/uploads\/2023\/12\/3-Otomatik-Portakal-Sikma-Makinesi.pdf\" target='_blank' >CE<\/a><\/div><div class=\"\"><a  id=\"btn-69f37999d0ae8\" class=\"btn btn-block ti-download  btn-sm-sm\" href= \"https:\/\/cancan.com.tr\/wp-content\/uploads\/2024\/01\/AJ-User-Manual.pdf\" target='_blank' >User Manual<\/a><\/div>[\/vc_column][\/vc_row][vc_row full_width=&#8221;stretch_row_content&#8221; css=&#8221;.vc_custom_1699076288622{padding-top: 5% !important;padding-bottom: 5% !important;background-color: #f2f2f2 !important;}&#8221; el_class=&#8221;DocProImgs&#8221;][vc_column][vc_column_text]<\/p>\n<h3>Spare Parts<\/h3>\n<p>[\/vc_column_text][vc_row_inner][vc_column_inner width=&#8221;1\/4&#8243;][vc_single_image image=&#8221;9777&#8243; img_size=&#8221;full&#8221; onclick=&#8221;link_image&#8221;][vc_column_text css=&#8221;.vc_custom_1706700330358{padding-top: 0px !important;}&#8221;]<\/p>\n<p style=\"text-align: center;\"><strong>72071<\/strong><br \/>\nAJ Strainer<\/p>\n<p>[\/vc_column_text][\/vc_column_inner][vc_column_inner width=&#8221;1\/4&#8243;][vc_single_image image=&#8221;9779&#8243; img_size=&#8221;full&#8221; onclick=&#8221;link_image&#8221;][vc_column_text css=&#8221;.vc_custom_1706700470302{padding-top: 0px !important;}&#8221;]<\/p>\n<p style=\"text-align: center;\"><strong>72070<\/strong><br \/>\nAJ Strainer Tray<\/p>\n<p>[\/vc_column_text][\/vc_column_inner][vc_column_inner width=&#8221;1\/4&#8243;][vc_single_image image=&#8221;9781&#8243; img_size=&#8221;full&#8221; onclick=&#8221;link_image&#8221;][vc_column_text css=&#8221;.vc_custom_1706700743855{padding-top: 0px !important;}&#8221;]<\/p>\n<p style=\"text-align: center;\"><strong>44032<\/strong><br \/>\nAJ Peel Bucket<\/p>\n<p>[\/vc_column_text][\/vc_column_inner][vc_column_inner width=&#8221;1\/4&#8243;][vc_single_image image=&#8221;9782&#8243; img_size=&#8221;full&#8221; onclick=&#8221;link_image&#8221;][vc_column_text css=&#8221;.vc_custom_1706700838930{padding-top: 0px !important;}&#8221;]<\/p>\n<p style=\"text-align: center;\"><strong>76015<\/strong><br \/>\nFemale Screw<\/p>\n<p>[\/vc_column_text][\/vc_column_inner][\/vc_row_inner][vc_row_inner][vc_column_inner width=&#8221;1\/4&#8243;][vc_single_image image=&#8221;9786&#8243; img_size=&#8221;full&#8221; onclick=&#8221;link_image&#8221;][vc_column_text css=&#8221;.vc_custom_1706700949605{padding-top: 0px !important;}&#8221;]<\/p>\n<p style=\"text-align: center;\"><strong>76016<\/strong><br \/>\nMale Screw<\/p>\n<p>[\/vc_column_text][\/vc_column_inner][vc_column_inner width=&#8221;1\/4&#8243;][vc_single_image image=&#8221;9785&#8243; img_size=&#8221;full&#8221; onclick=&#8221;link_image&#8221;][vc_column_text css=&#8221;.vc_custom_1706701114606{padding-top: 0px !important;}&#8221;]<\/p>\n<p style=\"text-align: center;\"><strong>76020<\/strong><br \/>\nAJ Cover (Assembled)<\/p>\n<p>[\/vc_column_text][\/vc_column_inner][vc_column_inner width=&#8221;1\/4&#8243;][vc_single_image image=&#8221;9821&#8243; img_size=&#8221;full&#8221; onclick=&#8221;link_image&#8221;][vc_column_text css=&#8221;.vc_custom_1706701246061{padding-top: 0px !important;}&#8221;]<\/p>\n<p style=\"text-align: center;\"><strong>44013<\/strong><br \/>\nAJ Female Squeezing Ball<\/p>\n<p>[\/vc_column_text][\/vc_column_inner][vc_column_inner width=&#8221;1\/4&#8243;][vc_single_image image=&#8221;9823&#8243; img_size=&#8221;full&#8221; onclick=&#8221;link_image&#8221;][vc_column_text css=&#8221;.vc_custom_1706701402794{padding-top: 0px !important;}&#8221;]<\/p>\n<p style=\"text-align: center;\"><strong>44017<\/strong><br \/>\nAJ Male Squeezing Ball<\/p>\n<p>[\/vc_column_text][\/vc_column_inner][\/vc_row_inner][vc_row_inner][vc_column_inner width=&#8221;1\/4&#8243;][vc_single_image image=&#8221;9827&#8243; img_size=&#8221;full&#8221; onclick=&#8221;link_image&#8221;][vc_column_text css=&#8221;.vc_custom_1706701543726{padding-top: 0px !important;}&#8221;]<\/p>\n<p style=\"text-align: center;\"><strong>76123<\/strong><br \/>\nAJ Blade<\/p>\n<p>[\/vc_column_text][\/vc_column_inner][vc_column_inner width=&#8221;1\/4&#8243;][vc_single_image image=&#8221;9829&#8243; img_size=&#8221;full&#8221; onclick=&#8221;link_image&#8221;][vc_column_text css=&#8221;.vc_custom_1706702281292{padding-top: 0px !important;}&#8221;]<\/p>\n<p style=\"text-align: center;\"><strong>72087<\/strong><br \/>\nAJ Peeler (Right)<\/p>\n<p>[\/vc_column_text][\/vc_column_inner][vc_column_inner width=&#8221;1\/4&#8243;][vc_single_image image=&#8221;9831&#8243; img_size=&#8221;full&#8221; onclick=&#8221;link_image&#8221;][vc_column_text css=&#8221;.vc_custom_1706702444340{padding-top: 0px !important;}&#8221;]<\/p>\n<p style=\"text-align: center;\"><strong>72088<\/strong><br \/>\nAJ Peeler (Left)<\/p>\n<p>[\/vc_column_text][\/vc_column_inner][vc_column_inner width=&#8221;1\/4&#8243;][vc_single_image image=&#8221;9818&#8243; img_size=&#8221;full&#8221; onclick=&#8221;link_image&#8221;][vc_column_text css=&#8221;.vc_custom_1706703062137{padding-top: 0px !important;}&#8221;]<\/p>\n<p style=\"text-align: center;\"><strong>70361<\/strong><br \/>\nUpper Drip Tray<\/p>\n<p>[\/vc_column_text][\/vc_column_inner][\/vc_row_inner][vc_row_inner][vc_column_inner width=&#8221;1\/4&#8243;][vc_single_image image=&#8221;9810&#8243; img_size=&#8221;full&#8221; onclick=&#8221;link_image&#8221;][vc_column_text css=&#8221;.vc_custom_1706703412072{padding-top: 0px !important;}&#8221;]<\/p>\n<p style=\"text-align: center;\"><strong>70362<\/strong><br \/>\nLower Drip Tray<\/p>\n<p>[\/vc_column_text][\/vc_column_inner][vc_column_inner width=&#8221;1\/4&#8243;][vc_single_image image=&#8221;9853&#8243; img_size=&#8221;full&#8221; onclick=&#8221;link_image&#8221;][vc_column_text css=&#8221;.vc_custom_1706767554755{padding-top: 0px !important;}&#8221;]<\/p>\n<p style=\"text-align: center;\"><strong>70081<\/strong><br \/>\nCancan 28 Side Feeding Wire<\/p>\n<p>[\/vc_column_text][\/vc_column_inner][vc_column_inner width=&#8221;1\/4&#8243;][vc_single_image image=&#8221;9835&#8243; img_size=&#8221;full&#8221; onclick=&#8221;link_image&#8221;][vc_column_text css=&#8221;.vc_custom_1706709312192{padding-top: 0px !important;}&#8221;]<\/p>\n<p style=\"text-align: center;\"><strong>60039<\/strong><br \/>\nYSB M4x10 Bolt (Stainless)<\/p>\n<p>[\/vc_column_text][\/vc_column_inner][vc_column_inner width=&#8221;1\/4&#8243;][vc_single_image image=&#8221;9850&#8243; img_size=&#8221;full&#8221; onclick=&#8221;link_image&#8221;][vc_column_text css=&#8221;.vc_custom_1706767240923{padding-top: 0px !important;}&#8221;]<\/p>\n<p style=\"text-align: center;\"><strong>76017<\/strong><br \/>\nCancan 28 Chamber Wire<\/p>\n<p>[\/vc_column_text][\/vc_column_inner][\/vc_row_inner][vc_row_inner][vc_column_inner width=&#8221;1\/4&#8243;][vc_single_image image=&#8221;9860&#8243; img_size=&#8221;full&#8221; onclick=&#8221;link_image&#8221;][vc_column_text css=&#8221;.vc_custom_1706773746553{padding-top: 0px !important;}&#8221;]<\/p>\n<p style=\"text-align: center;\"><strong>60200<\/strong><br \/>\nImbus Curved M6x16 Bolt (Stainless)<\/p>\n<p>[\/vc_column_text][\/vc_column_inner][vc_column_inner width=&#8221;1\/4&#8243;][vc_single_image image=&#8221;9809&#8243; img_size=&#8221;full&#8221; onclick=&#8221;link_image&#8221;][vc_column_text css=&#8221;.vc_custom_1706707995613{padding-top: 0px !important;}&#8221;]<\/p>\n<p style=\"text-align: center;\"><strong>55044<\/strong><br \/>\nAJ Start-Stop Button<\/p>\n<p>[\/vc_column_text][\/vc_column_inner][vc_column_inner width=&#8221;1\/4&#8243;][vc_single_image image=&#8221;9807&#8243; img_size=&#8221;full&#8221; onclick=&#8221;link_image&#8221;][vc_column_text css=&#8221;.vc_custom_1706708163245{padding-top: 0px !important;}&#8221;]<\/p>\n<p style=\"text-align: center;\"><strong>55045<\/strong><br \/>\nAJ Start-Stop Button Silicon Cover<\/p>\n<p>[\/vc_column_text][\/vc_column_inner][vc_column_inner width=&#8221;1\/4&#8243;][vc_single_image image=&#8221;9856&#8243; img_size=&#8221;full&#8221; onclick=&#8221;link_image&#8221;][vc_column_text css=&#8221;.vc_custom_1706768482530{padding-top: 0px !important;}&#8221;]<\/p>\n<p style=\"text-align: center;\"><strong>60123<\/strong><br \/>\nM6 Washer (Stainless)<\/p>\n<p>[\/vc_column_text][\/vc_column_inner][\/vc_row_inner][vc_row_inner][vc_column_inner width=&#8221;1\/4&#8243;][vc_single_image image=&#8221;9854&#8243; img_size=&#8221;full&#8221; onclick=&#8221;link_image&#8221;][vc_column_text css=&#8221;.vc_custom_1706768004723{padding-top: 0px !important;}&#8221;]<\/p>\n<p style=\"text-align: center;\"><strong>44118<\/strong><br \/>\nMale Screw Silicon Gasket<\/p>\n<p>[\/vc_column_text][\/vc_column_inner][vc_column_inner width=&#8221;1\/4&#8243;][vc_single_image image=&#8221;9863&#8243; img_size=&#8221;full&#8221; onclick=&#8221;link_image&#8221;][vc_column_text css=&#8221;.vc_custom_1706774012479{padding-top: 0px !important;}&#8221;]<\/p>\n<p style=\"text-align: center;\"><strong>72074<\/strong><br \/>\nRubber Base (Small)<\/p>\n<p>[\/vc_column_text][\/vc_column_inner][vc_column_inner width=&#8221;1\/4&#8243;][vc_single_image image=&#8221;9886&#8243; img_size=&#8221;full&#8221; onclick=&#8221;link_image&#8221;][vc_column_text css=&#8221;.vc_custom_1707307539991{padding-top: 0px !important;}&#8221;]<\/p>\n<p style=\"text-align: center;\"><strong>60087<\/strong><br \/>\nNeodymium Magnet<\/p>\n<p>[\/vc_column_text][\/vc_column_inner][vc_column_inner width=&#8221;1\/4&#8243;][vc_single_image image=&#8221;9894&#8243; img_size=&#8221;full&#8221; onclick=&#8221;link_image&#8221;][vc_column_text css=&#8221;.vc_custom_1707315523975{padding-top: 0px !important;}&#8221;]<\/p>\n<p style=\"text-align: center;\"><strong>72101<\/strong><br \/>\nAJ Cover Magnet Housing<\/p>\n<p>[\/vc_column_text][\/vc_column_inner][\/vc_row_inner][\/vc_column][\/vc_row][vc_row][vc_column][vc_column_text]<\/p>\n<h3>Videos<\/h3>\n<p>[\/vc_column_text][vc_row_inner][vc_column_inner width=&#8221;1\/2&#8243;][\/vc_column_inner][vc_column_inner width=&#8221;1\/2&#8243;][\/vc_column_inner][\/vc_row_inner][\/vc_column][\/vc_row]<\/p>\n<\/section>","protected":false},"excerpt":{"rendered":"<p>[vc_row full_width=&#8221;stretch_row&#8221; css=&#8221;.vc_custom_1699072235309{margin-top: 0px !important;border-bottom-width: 0px !important;}&#8221; el_class=&#8221;DocPageTitle&#8221;][vc_column][\/vc_column][\/vc_row][vc_row css=&#8221;.vc_custom_1699076235757{margin-top: 0px !important;margin-bottom: 0px !important;padding-top: 0px !important;padding-bottom: 0px&#8230;<\/p>\n","protected":false},"featured_media":9859,"comment_status":"closed","ping_status":"closed","template":"","meta":[],"product_cat":[245,248,247,246,244,249,233],"product_tag":[],"class_list":["post-9241","product","type-product","status-publish","has-post-thumbnail","hentry","product_cat-manavlar","product_cat-oteller","product_cat-restoranlar","product_cat-supermarketler","product_cat-vitamin-barlar","product_cat-yerel-isletmeler","product_cat-dokuuman"],"acf":[],"yoast_head":"<!-- This site is optimized with the Yoast SEO plugin v27.0 - https:\/\/yoast.com\/product\/yoast-seo-wordpress\/ -->\n<title>0206 28 Cafe Type Automatic Orange Juicer - Cancan Meyve Presleri<\/title>\n<meta name=\"robots\" content=\"index, follow, max-snippet:-1, max-image-preview:large, max-video-preview:-1\" \/>\n<link rel=\"canonical\" href=\"https:\/\/cancan.com.tr\/tum-urunler\/28-cafe-tipi-otomatik\/\" \/>\n<meta property=\"og:locale\" content=\"en_US\" \/>\n<meta property=\"og:type\" content=\"article\" \/>\n<meta property=\"og:title\" content=\"[:tr]0206 28 Cafe Tipi Otomatik Portakal S\u0131kma Makinesi[:en]0206 28 Cafe Type Automatic Orange Juicer[:] - Cancan Meyve Presleri\" \/>\n<meta property=\"og:description\" content=\"[vc_row full_width=&#8221;stretch_row&#8221; css=&#8221;.vc_custom_1699072235309{margin-top: 0px !important;border-bottom-width: 0px !important;}&#8221; el_class=&#8221;DocPageTitle&#8221;][vc_column][\/vc_column][\/vc_row][vc_row css=&#8221;.vc_custom_1699076235757{margin-top: 0px !important;margin-bottom: 0px !important;padding-top: 0px !important;padding-bottom: 0px...\" \/>\n<meta property=\"og:url\" content=\"https:\/\/cancan.com.tr\/tum-urunler\/28-cafe-tipi-otomatik\/\" \/>\n<meta property=\"og:site_name\" content=\"Cancan Meyve Presleri\" \/>\n<meta property=\"article:modified_time\" content=\"2026-03-11T13:15:28+00:00\" \/>\n<meta property=\"og:image\" content=\"https:\/\/cancan.com.tr\/wp-content\/uploads\/2023\/11\/0206-1.jpg\" \/>\n\t<meta property=\"og:image:width\" content=\"708\" \/>\n\t<meta property=\"og:image:height\" content=\"581\" \/>\n\t<meta property=\"og:image:type\" content=\"image\/jpeg\" \/>\n<meta name=\"twitter:card\" content=\"summary_large_image\" \/>\n<meta name=\"twitter:label1\" content=\"Est. reading time\" \/>\n\t<meta name=\"twitter:data1\" content=\"5 minutes\" \/>\n<script type=\"application\/ld+json\" class=\"yoast-schema-graph\">{\"@context\":\"https:\/\/schema.org\",\"@graph\":[{\"@type\":\"WebPage\",\"@id\":\"https:\/\/cancan.com.tr\/tum-urunler\/28-cafe-tipi-otomatik\/\",\"url\":\"https:\/\/cancan.com.tr\/tum-urunler\/28-cafe-tipi-otomatik\/\",\"name\":\"[:tr]0206 28 Cafe Tipi Otomatik Portakal S\u0131kma Makinesi[:en]0206 28 Cafe Type Automatic Orange Juicer[:] - Cancan Meyve Presleri\",\"isPartOf\":{\"@id\":\"https:\/\/cancan.com.tr\/#website\"},\"primaryImageOfPage\":{\"@id\":\"https:\/\/cancan.com.tr\/tum-urunler\/28-cafe-tipi-otomatik\/#primaryimage\"},\"image\":{\"@id\":\"https:\/\/cancan.com.tr\/tum-urunler\/28-cafe-tipi-otomatik\/#primaryimage\"},\"thumbnailUrl\":\"https:\/\/cancan.com.tr\/wp-content\/uploads\/2023\/11\/0206-1.jpg\",\"datePublished\":\"2023-11-22T11:37:28+00:00\",\"dateModified\":\"2026-03-11T13:15:28+00:00\",\"breadcrumb\":{\"@id\":\"https:\/\/cancan.com.tr\/tum-urunler\/28-cafe-tipi-otomatik\/#breadcrumb\"},\"inLanguage\":\"en-US\",\"potentialAction\":[{\"@type\":\"ReadAction\",\"target\":[\"https:\/\/cancan.com.tr\/tum-urunler\/28-cafe-tipi-otomatik\/\"]}]},{\"@type\":\"ImageObject\",\"inLanguage\":\"en-US\",\"@id\":\"https:\/\/cancan.com.tr\/tum-urunler\/28-cafe-tipi-otomatik\/#primaryimage\",\"url\":\"https:\/\/cancan.com.tr\/wp-content\/uploads\/2023\/11\/0206-1.jpg\",\"contentUrl\":\"https:\/\/cancan.com.tr\/wp-content\/uploads\/2023\/11\/0206-1.jpg\",\"width\":708,\"height\":581},{\"@type\":\"BreadcrumbList\",\"@id\":\"https:\/\/cancan.com.tr\/tum-urunler\/28-cafe-tipi-otomatik\/#breadcrumb\",\"itemListElement\":[{\"@type\":\"ListItem\",\"position\":1,\"name\":\"Anasayfa\",\"item\":\"https:\/\/cancan.com.tr\/\"},{\"@type\":\"ListItem\",\"position\":2,\"name\":\"Products\",\"item\":\"https:\/\/cancan.com.tr\/en\/products-2\/\"},{\"@type\":\"ListItem\",\"position\":3,\"name\":\"0206 28 Cafe Tipi Otomatik Portakal S\u0131kma Makinesi\"}]},{\"@type\":\"WebSite\",\"@id\":\"https:\/\/cancan.com.tr\/#website\",\"url\":\"https:\/\/cancan.com.tr\/\",\"name\":\"Cancan Meyve Presleri\",\"description\":\"www.cancan.com.tr\",\"publisher\":{\"@id\":\"https:\/\/cancan.com.tr\/#organization\"},\"potentialAction\":[{\"@type\":\"SearchAction\",\"target\":{\"@type\":\"EntryPoint\",\"urlTemplate\":\"https:\/\/cancan.com.tr\/?s={search_term_string}\"},\"query-input\":{\"@type\":\"PropertyValueSpecification\",\"valueRequired\":true,\"valueName\":\"search_term_string\"}}],\"inLanguage\":\"en-US\"},{\"@type\":\"Organization\",\"@id\":\"https:\/\/cancan.com.tr\/#organization\",\"name\":\"Cancan Meyve Presleri\",\"url\":\"https:\/\/cancan.com.tr\/\",\"logo\":{\"@type\":\"ImageObject\",\"inLanguage\":\"en-US\",\"@id\":\"https:\/\/cancan.com.tr\/#\/schema\/logo\/image\/\",\"url\":\"https:\/\/cancan.com.tr\/wp-content\/uploads\/2026\/03\/CancanLogo.png\",\"contentUrl\":\"https:\/\/cancan.com.tr\/wp-content\/uploads\/2026\/03\/CancanLogo.png\",\"width\":362,\"height\":67,\"caption\":\"Cancan Meyve Presleri\"},\"image\":{\"@id\":\"https:\/\/cancan.com.tr\/#\/schema\/logo\/image\/\"}}]}<\/script>\n<!-- \/ Yoast SEO plugin. -->","yoast_head_json":{"title":"[:tr]0206 28 Cafe Tipi Otomatik Portakal S\u0131kma Makinesi[:en]0206 28 Cafe Type Automatic Orange Juicer[:] - Cancan Meyve Presleri","robots":{"index":"index","follow":"follow","max-snippet":"max-snippet:-1","max-image-preview":"max-image-preview:large","max-video-preview":"max-video-preview:-1"},"canonical":"https:\/\/cancan.com.tr\/tum-urunler\/28-cafe-tipi-otomatik\/","og_locale":"en_US","og_type":"article","og_title":"[:tr]0206 28 Cafe Tipi Otomatik Portakal S\u0131kma Makinesi[:en]0206 28 Cafe Type Automatic Orange Juicer[:] - Cancan Meyve Presleri","og_description":"[vc_row full_width=&#8221;stretch_row&#8221; css=&#8221;.vc_custom_1699072235309{margin-top: 0px !important;border-bottom-width: 0px !important;}&#8221; el_class=&#8221;DocPageTitle&#8221;][vc_column][\/vc_column][\/vc_row][vc_row css=&#8221;.vc_custom_1699076235757{margin-top: 0px !important;margin-bottom: 0px !important;padding-top: 0px !important;padding-bottom: 0px...","og_url":"https:\/\/cancan.com.tr\/tum-urunler\/28-cafe-tipi-otomatik\/","og_site_name":"Cancan Meyve Presleri","article_modified_time":"2026-03-11T13:15:28+00:00","og_image":[{"width":708,"height":581,"url":"https:\/\/cancan.com.tr\/wp-content\/uploads\/2023\/11\/0206-1.jpg","type":"image\/jpeg"}],"twitter_card":"summary_large_image","twitter_misc":{"Est. reading time":"5 minutes"},"schema":{"@context":"https:\/\/schema.org","@graph":[{"@type":"WebPage","@id":"https:\/\/cancan.com.tr\/tum-urunler\/28-cafe-tipi-otomatik\/","url":"https:\/\/cancan.com.tr\/tum-urunler\/28-cafe-tipi-otomatik\/","name":"[:tr]0206 28 Cafe Tipi Otomatik Portakal S\u0131kma Makinesi[:en]0206 28 Cafe Type Automatic Orange Juicer[:] - Cancan Meyve Presleri","isPartOf":{"@id":"https:\/\/cancan.com.tr\/#website"},"primaryImageOfPage":{"@id":"https:\/\/cancan.com.tr\/tum-urunler\/28-cafe-tipi-otomatik\/#primaryimage"},"image":{"@id":"https:\/\/cancan.com.tr\/tum-urunler\/28-cafe-tipi-otomatik\/#primaryimage"},"thumbnailUrl":"https:\/\/cancan.com.tr\/wp-content\/uploads\/2023\/11\/0206-1.jpg","datePublished":"2023-11-22T11:37:28+00:00","dateModified":"2026-03-11T13:15:28+00:00","breadcrumb":{"@id":"https:\/\/cancan.com.tr\/tum-urunler\/28-cafe-tipi-otomatik\/#breadcrumb"},"inLanguage":"en-US","potentialAction":[{"@type":"ReadAction","target":["https:\/\/cancan.com.tr\/tum-urunler\/28-cafe-tipi-otomatik\/"]}]},{"@type":"ImageObject","inLanguage":"en-US","@id":"https:\/\/cancan.com.tr\/tum-urunler\/28-cafe-tipi-otomatik\/#primaryimage","url":"https:\/\/cancan.com.tr\/wp-content\/uploads\/2023\/11\/0206-1.jpg","contentUrl":"https:\/\/cancan.com.tr\/wp-content\/uploads\/2023\/11\/0206-1.jpg","width":708,"height":581},{"@type":"BreadcrumbList","@id":"https:\/\/cancan.com.tr\/tum-urunler\/28-cafe-tipi-otomatik\/#breadcrumb","itemListElement":[{"@type":"ListItem","position":1,"name":"Anasayfa","item":"https:\/\/cancan.com.tr\/"},{"@type":"ListItem","position":2,"name":"Products","item":"https:\/\/cancan.com.tr\/en\/products-2\/"},{"@type":"ListItem","position":3,"name":"0206 28 Cafe Tipi Otomatik Portakal S\u0131kma Makinesi"}]},{"@type":"WebSite","@id":"https:\/\/cancan.com.tr\/#website","url":"https:\/\/cancan.com.tr\/","name":"Cancan Meyve Presleri","description":"www.cancan.com.tr","publisher":{"@id":"https:\/\/cancan.com.tr\/#organization"},"potentialAction":[{"@type":"SearchAction","target":{"@type":"EntryPoint","urlTemplate":"https:\/\/cancan.com.tr\/?s={search_term_string}"},"query-input":{"@type":"PropertyValueSpecification","valueRequired":true,"valueName":"search_term_string"}}],"inLanguage":"en-US"},{"@type":"Organization","@id":"https:\/\/cancan.com.tr\/#organization","name":"Cancan Meyve Presleri","url":"https:\/\/cancan.com.tr\/","logo":{"@type":"ImageObject","inLanguage":"en-US","@id":"https:\/\/cancan.com.tr\/#\/schema\/logo\/image\/","url":"https:\/\/cancan.com.tr\/wp-content\/uploads\/2026\/03\/CancanLogo.png","contentUrl":"https:\/\/cancan.com.tr\/wp-content\/uploads\/2026\/03\/CancanLogo.png","width":362,"height":67,"caption":"Cancan Meyve Presleri"},"image":{"@id":"https:\/\/cancan.com.tr\/#\/schema\/logo\/image\/"}}]}},"_links":{"self":[{"href":"https:\/\/cancan.com.tr\/en\/wp-json\/wp\/v2\/product\/9241","targetHints":{"allow":["GET"]}}],"collection":[{"href":"https:\/\/cancan.com.tr\/en\/wp-json\/wp\/v2\/product"}],"about":[{"href":"https:\/\/cancan.com.tr\/en\/wp-json\/wp\/v2\/types\/product"}],"replies":[{"embeddable":true,"href":"https:\/\/cancan.com.tr\/en\/wp-json\/wp\/v2\/comments?post=9241"}],"wp:featuredmedia":[{"embeddable":true,"href":"https:\/\/cancan.com.tr\/en\/wp-json\/wp\/v2\/media\/9859"}],"wp:attachment":[{"href":"https:\/\/cancan.com.tr\/en\/wp-json\/wp\/v2\/media?parent=9241"}],"wp:term":[{"taxonomy":"product_cat","embeddable":true,"href":"https:\/\/cancan.com.tr\/en\/wp-json\/wp\/v2\/product_cat?post=9241"},{"taxonomy":"product_tag","embeddable":true,"href":"https:\/\/cancan.com.tr\/en\/wp-json\/wp\/v2\/product_tag?post=9241"}],"curies":[{"name":"wp","href":"https:\/\/api.w.org\/{rel}","templated":true}]}}