{"id":9233,"date":"2023-11-22T14:04:35","date_gmt":"2023-11-22T11:04:35","guid":{"rendered":"https:\/\/cancan.com.tr\/?post_type=product&#038;p=9233"},"modified":"2026-03-11T11:54:26","modified_gmt":"2026-03-11T08:54:26","slug":"0103-nar-tip-meyve-presi","status":"publish","type":"product","link":"https:\/\/cancan.com.tr\/en\/all-products\/pomegranate-type-manual-fruit-juicer-2\/","title":{"rendered":"0103 Pomegranate Type Manual Fruit Juicer"},"content":{"rendered":"<section class=\"wpb-content-wrapper\"><p>[vc_row full_width=&#8221;stretch_row&#8221; css=&#8221;.vc_custom_1699072235309{margin-top: 0px !important;border-bottom-width: 0px !important;}&#8221; el_class=&#8221;DocPageTitle&#8221;][vc_column]<section class=\"page-title page-title-center \">\n\t\t\t\t\t\t\t<div class=\"container\"><div class=\"row\"><div class=\"col-sm-12 text-center\">\n\t\t\t\t\t        \t<h1 class=\"heading-title mb0\">Otomatik Meyve Presleri Kullanma K\u0131lavuzu ve Yedek Par\u00e7alar\u0131<\/h1>\n\t\t\t\t\t        \t<p class=\"lead fade-color mb0\"><\/p>\n\t\t\t\t\t\t\t<\/div><\/div><\/div><ol class=\"breadcrumb breadcrumb-style\"><li><a href=\"https:\/\/cancan.com.tr\/en\/\" class=\"home-link\" rel=\"home\">Home<\/a><\/li><li class=\"active\"><a href=\"https:\/\/cancan.com.tr\/en\/products-2\/\">Shop<\/a><\/li><li class=\"active\">0103 Pomegranate Type Manual Fruit Juicer<\/li><\/ol><\/section>[\/vc_column][\/vc_row][vc_row css=&#8221;.vc_custom_1699076235757{margin-top: 0px !important;margin-bottom: 0px !important;padding-top: 0px !important;padding-bottom: 0px !important;}&#8221; el_class=&#8221;DocPRoDetail&#8221;][vc_column width=&#8221;5\/12&#8243;][vc_single_image source=&#8221;featured_image&#8221; img_size=&#8221;full&#8221;][\/vc_column][vc_column width=&#8221;7\/12&#8243; css=&#8221;.vc_custom_1699073859308{padding-top: 60px !important;}&#8221;][vc_column_text]<\/p>\n<h3>Documents<\/h3>\n<p>[\/vc_column_text]<div class=\"\"><a  id=\"btn-69f364a2c0174\" class=\"btn btn-block ti-download  btn-sm-sm\" href= \"https:\/\/cancan.com.tr\/wp-content\/uploads\/2024\/09\/0100-Manuel-Meyve-Presleri-Kullanim-Klavuzu.pdf\" target='_blank' >User Manual<\/a><\/div><div class=\"\"><a  id=\"btn-69f364a2c019f\" class=\"btn btn-block ti-download  btn-sm-sm\" href= \"https:\/\/cancan.com.tr\/wp-content\/uploads\/2023\/12\/0100-Meyve-Presleri_CE__.pdf\" target='_blank' >CE<\/a><\/div><div class=\"\"><a  id=\"btn-69f364a2c01c4\" class=\"btn btn-block ti-download  btn-sm-sm\" href= \"https:\/\/cancan.com.tr\/wp-content\/uploads\/2023\/12\/NSF_Certificate-C0293953_CANCAN.pdf\" target='_blank' >NSF<\/a><\/div>[\/vc_column][\/vc_row][vc_row full_width=&#8221;stretch_row_content&#8221; css=&#8221;.vc_custom_1699076288622{padding-top: 5% !important;padding-bottom: 5% !important;background-color: #f2f2f2 !important;}&#8221; el_class=&#8221;DocProImgs&#8221;][vc_column][vc_column_text]<\/p>\n<h3>Spare Parts<\/h3>\n<p>[\/vc_column_text][vc_row_inner][vc_column_inner width=&#8221;1\/4&#8243;][vc_single_image image=&#8221;9755&#8243; img_size=&#8221;full&#8221; onclick=&#8221;link_image&#8221;][vc_column_text css=&#8221;.vc_custom_1705584564195{padding-top: 0px !important;}&#8221;]<\/p>\n<p style=\"text-align: center;\"><strong>70294<\/strong><br \/>\nMP Bowl (Pomegranate)<\/p>\n<p>[\/vc_column_text][\/vc_column_inner][vc_column_inner width=&#8221;1\/4&#8243;][vc_single_image image=&#8221;9724&#8243; img_size=&#8221;full&#8221; onclick=&#8221;link_image&#8221;][vc_column_text css=&#8221;.vc_custom_1705500097932{padding-top: 0px !important;}&#8221;]<\/p>\n<p style=\"text-align: center;\"><strong>70002<\/strong><br \/>\nMJ Stainless Strainer (Pomegranate)<\/p>\n<p>[\/vc_column_text][\/vc_column_inner][vc_column_inner width=&#8221;1\/4&#8243;][vc_single_image image=&#8221;9753&#8243; img_size=&#8221;full&#8221; onclick=&#8221;link_image&#8221;][vc_column_text css=&#8221;.vc_custom_1705584287180{padding-top: 0px !important;}&#8221;]<\/p>\n<p style=\"text-align: center;\"><strong>75014<\/strong><br \/>\nMJ Upper Press (Pomegranate)<\/p>\n<p>[\/vc_column_text][\/vc_column_inner][vc_column_inner width=&#8221;1\/4&#8243;][vc_single_image image=&#8221;9680&#8243; img_size=&#8221;full&#8221; onclick=&#8221;link_image&#8221;][vc_column_text css=&#8221;.vc_custom_1705403726303{padding-top: 0px !important;}&#8221;]<\/p>\n<p style=\"text-align: center;\"><strong>72077<\/strong><br \/>\nTop Plastic<\/p>\n<p>[\/vc_column_text][\/vc_column_inner][\/vc_row_inner][vc_row_inner][vc_column_inner width=&#8221;1\/4&#8243;][vc_single_image image=&#8221;9702&#8243; img_size=&#8221;full&#8221; onclick=&#8221;link_image&#8221;][vc_column_text css=&#8221;.vc_custom_1705480990064{padding-top: 0px !important;}&#8221;]<\/p>\n<p style=\"text-align: center;\"><strong>72078<\/strong><br \/>\nTop Plastic Stopper<\/p>\n<p>[\/vc_column_text][\/vc_column_inner][vc_column_inner width=&#8221;1\/4&#8243;][vc_single_image image=&#8221;9721&#8243; img_size=&#8221;full&#8221; onclick=&#8221;link_image&#8221;][vc_column_text css=&#8221;.vc_custom_1705495753875{padding-top: 0px !important;}&#8221;]<\/p>\n<p style=\"text-align: center;\"><strong>72067<\/strong><br \/>\nMJ Gasket<\/p>\n<p>[\/vc_column_text][\/vc_column_inner][vc_column_inner width=&#8221;1\/4&#8243;][vc_single_image image=&#8221;9709&#8243; img_size=&#8221;full&#8221; onclick=&#8221;link_image&#8221;][vc_column_text css=&#8221;.vc_custom_1705488549603{padding-top: 0px !important;}&#8221;]<\/p>\n<p style=\"text-align: center;\"><strong>72072<\/strong><br \/>\nMJ Drip Cup<\/p>\n<p>[\/vc_column_text][\/vc_column_inner][vc_column_inner width=&#8221;1\/4&#8243;][vc_single_image image=&#8221;9711&#8243; img_size=&#8221;full&#8221; onclick=&#8221;link_image&#8221;][vc_column_text css=&#8221;.vc_custom_1705490651134{padding-top: 0px !important;}&#8221;]<\/p>\n<p style=\"text-align: center;\"><strong>16001<\/strong><br \/>\nMJ Drip Cup Wire<\/p>\n<p>[\/vc_column_text][\/vc_column_inner][\/vc_row_inner][vc_row_inner][vc_column_inner width=&#8221;1\/4&#8243;][vc_single_image image=&#8221;9727&#8243; img_size=&#8221;full&#8221; onclick=&#8221;link_image&#8221;][vc_column_text css=&#8221;.vc_custom_1705501730911{padding-top: 0px !important;}&#8221;]<\/p>\n<p style=\"text-align: center;\"><strong>72075<\/strong><br \/>\nHandle<\/p>\n<p>[\/vc_column_text][\/vc_column_inner][vc_column_inner width=&#8221;1\/4&#8243;][vc_single_image image=&#8221;9678&#8243; img_size=&#8221;full&#8221; onclick=&#8221;link_image&#8221;][vc_column_text css=&#8221;.vc_custom_1705402246642{padding-top: 0px !important;}&#8221;]<\/p>\n<p style=\"text-align: center;\"><strong>39004<\/strong><br \/>\nTop Plastic Spring<\/p>\n<p>[\/vc_column_text][\/vc_column_inner][vc_column_inner width=&#8221;1\/4&#8243;][vc_single_image image=&#8221;9677&#8243; img_size=&#8221;full&#8221; onclick=&#8221;link_image&#8221;][vc_column_text css=&#8221;.vc_custom_1705395787418{padding-top: 0px !important;}&#8221;]<\/p>\n<p style=\"text-align: center;\"><strong>60048<\/strong><br \/>\nYSB M6x50 Bolt (Galvaniz)<\/p>\n<p>[\/vc_column_text][\/vc_column_inner][vc_column_inner width=&#8221;1\/4&#8243;][vc_single_image image=&#8221;9606&#8243; img_size=&#8221;full&#8221; onclick=&#8221;link_image&#8221;][vc_column_text css=&#8221;.vc_custom_1703745100422{padding-top: 0px !important;}&#8221;]<\/p>\n<p style=\"text-align: center;\"><strong>73002<\/strong><br \/>\nWorm Gear<\/p>\n<p>[\/vc_column_text][\/vc_column_inner][\/vc_row_inner][vc_row_inner][vc_column_inner width=&#8221;1\/4&#8243;][vc_single_image image=&#8221;9608&#8243; img_size=&#8221;full&#8221; onclick=&#8221;link_image&#8221;][vc_column_text css=&#8221;.vc_custom_1703746111006{padding-top: 0px !important;}&#8221;]<\/p>\n<p style=\"text-align: center;\"><strong>73003<\/strong><br \/>\nRack Gear<\/p>\n<p>[\/vc_column_text][\/vc_column_inner][vc_column_inner width=&#8221;1\/4&#8243;][vc_single_image image=&#8221;9699&#8243; img_size=&#8221;full&#8221; onclick=&#8221;link_image&#8221;][vc_column_text css=&#8221;.vc_custom_1705472633113{padding-top: 0px !important;}&#8221;]<\/p>\n<p style=\"text-align: center;\"><strong>72061<\/strong><br \/>\nRubber Base (Large)<\/p>\n<p>[\/vc_column_text][\/vc_column_inner][vc_column_inner width=&#8221;1\/4&#8243;][vc_single_image image=&#8221;9701&#8243; img_size=&#8221;full&#8221; onclick=&#8221;link_image&#8221;][vc_column_text css=&#8221;.vc_custom_1705479485243{padding-top: 0px !important;}&#8221;]<\/p>\n<p style=\"text-align: center;\"><strong>60012<\/strong><br \/>\nAA M8x40 Bolt (Galvaniz)<\/p>\n<p>[\/vc_column_text][\/vc_column_inner][vc_column_inner width=&#8221;1\/4&#8243;][vc_single_image image=&#8221;9689&#8243; img_size=&#8221;full&#8221; onclick=&#8221;link_image&#8221;][vc_column_text css=&#8221;.vc_custom_1705411730943{padding-top: 0px !important;}&#8221;]<\/p>\n<p style=\"text-align: center;\"><strong>60150<\/strong><br \/>\nM10x10 Setscrew (Stainless)<\/p>\n<p>[\/vc_column_text][\/vc_column_inner][\/vc_row_inner][vc_row_inner][vc_column_inner width=&#8221;1\/4&#8243;][vc_single_image image=&#8221;9705&#8243; img_size=&#8221;full&#8221; onclick=&#8221;link_image&#8221;][vc_column_text css=&#8221;.vc_custom_1705482246750{padding-top: 0px !important;}&#8221;]<\/p>\n<p style=\"text-align: center;\"><strong>72076<\/strong><br \/>\nSetscrew Stopper<\/p>\n<p>[\/vc_column_text][\/vc_column_inner][vc_column_inner width=&#8221;1\/4&#8243;][vc_single_image image=&#8221;9707&#8243; img_size=&#8221;full&#8221; onclick=&#8221;link_image&#8221;][vc_column_text css=&#8221;.vc_custom_1705487288116{padding-top: 0px !important;}&#8221;]<\/p>\n<p style=\"text-align: center;\"><strong>72073<\/strong><br \/>\nArm Stopper<\/p>\n<p>[\/vc_column_text][\/vc_column_inner][vc_column_inner width=&#8221;1\/4&#8243;][vc_single_image image=&#8221;9682&#8243; img_size=&#8221;full&#8221; onclick=&#8221;link_image&#8221;][vc_column_text css=&#8221;.vc_custom_1705404833444{padding-top: 0px !important;}&#8221;]<\/p>\n<p style=\"text-align: center;\"><strong>60193<\/strong><br \/>\n3&#215;6 Rivet (Aluminum)<\/p>\n<p>[\/vc_column_text][\/vc_column_inner][vc_column_inner width=&#8221;1\/4&#8243;][vc_single_image image=&#8221;9684&#8243; img_size=&#8221;full&#8221; onclick=&#8221;link_image&#8221;][vc_column_text css=&#8221;.vc_custom_1705406249705{padding-top: 0px !important;}&#8221;]<\/p>\n<p style=\"text-align: center;\"><strong>60001<\/strong><br \/>\nM8x20 Bolt With AA Flange (Galvaniz)<\/p>\n<p>[\/vc_column_text][\/vc_column_inner][\/vc_row_inner][vc_row_inner][vc_column_inner width=&#8221;1\/4&#8243;][vc_single_image image=&#8221;9712&#8243; img_size=&#8221;full&#8221; onclick=&#8221;link_image&#8221;][vc_column_text css=&#8221;.vc_custom_1705492015429{padding-top: 0px !important;}&#8221;]<\/p>\n<p style=\"text-align: center;\"><strong>60014<\/strong><br \/>\nImbus Curved M6x16 Bolt<\/p>\n<p>[\/vc_column_text][\/vc_column_inner][vc_column_inner width=&#8221;1\/4&#8243;][vc_single_image image=&#8221;9715&#8243; img_size=&#8221;full&#8221; onclick=&#8221;link_image&#8221;][vc_column_text css=&#8221;.vc_custom_1705493651248{padding-top: 0px !important;}&#8221;]<\/p>\n<p style=\"text-align: center;\"><strong>60192<\/strong><br \/>\nM10x12 Setscrew (Stainless)<\/p>\n<p>[\/vc_column_text][\/vc_column_inner][vc_column_inner width=&#8221;1\/4&#8243;][vc_single_image image=&#8221;9719&#8243; img_size=&#8221;full&#8221; onclick=&#8221;link_image&#8221;][vc_column_text css=&#8221;.vc_custom_1705494472134{padding-top: 0px !important;}&#8221;]<\/p>\n<p style=\"text-align: center;\"><strong>73038<\/strong><br \/>\nMJ Strut Shaft<\/p>\n<p>[\/vc_column_text][\/vc_column_inner][vc_column_inner width=&#8221;1\/4&#8243;][vc_single_image image=&#8221;9690&#8243; img_size=&#8221;full&#8221; onclick=&#8221;link_image&#8221;][vc_column_text css=&#8221;.vc_custom_1705413097214{padding-top: 0px !important;}&#8221;]<\/p>\n<p style=\"text-align: center;\"><strong>72062<\/strong><br \/>\nGear Stopper<\/p>\n<p>[\/vc_column_text][\/vc_column_inner][\/vc_row_inner][vc_row_inner][vc_column_inner width=&#8221;1\/4&#8243;][vc_single_image image=&#8221;9687&#8243; img_size=&#8221;full&#8221; onclick=&#8221;link_image&#8221;][vc_column_text css=&#8221;.vc_custom_1705407718943{padding-top: 0px !important;}&#8221;]<\/p>\n<p style=\"text-align: center;\"><strong>76202<\/strong><br \/>\nMJ Arm<\/p>\n<p>[\/vc_column_text][\/vc_column_inner][vc_column_inner width=&#8221;1\/4&#8243;][vc_single_image image=&#8221;9729&#8243; img_size=&#8221;full&#8221; onclick=&#8221;link_image&#8221;][vc_column_text css=&#8221;.vc_custom_1705555342841{padding-top: 0px !important;}&#8221;]<\/p>\n<p style=\"text-align: center;\"><strong>75004<\/strong><br \/>\nMJ Arm Support Assembly<\/p>\n<p>[\/vc_column_text][\/vc_column_inner][vc_column_inner width=&#8221;1\/4&#8243;][vc_single_image image=&#8221;9731&#8243; img_size=&#8221;full&#8221; onclick=&#8221;link_image&#8221;][vc_column_text css=&#8221;.vc_custom_1705556406080{padding-top: 0px !important;}&#8221;]<\/p>\n<p style=\"text-align: center;\"><strong>76182<\/strong><br \/>\nMJ Gear Housing (Pomegranate)<\/p>\n<p>[\/vc_column_text][\/vc_column_inner][vc_column_inner width=&#8221;1\/4&#8243;][vc_single_image image=&#8221;9733&#8243; img_size=&#8221;full&#8221; onclick=&#8221;link_image&#8221;][vc_column_text css=&#8221;.vc_custom_1705558979376{padding-top: 0px !important;}&#8221;]<\/p>\n<p style=\"text-align: center;\"><strong>75002<\/strong><br \/>\nMJ Foot (Pomegranate)<\/p>\n<p>[\/vc_column_text][\/vc_column_inner][\/vc_row_inner][vc_row_inner][vc_column_inner width=&#8221;1\/4&#8243;][vc_single_image image=&#8221;9735&#8243; img_size=&#8221;full&#8221; onclick=&#8221;link_image&#8221;][vc_column_text css=&#8221;.vc_custom_1705560146822{padding-top: 0px !important;}&#8221;]<\/p>\n<p style=\"text-align: center;\"><strong>76179<\/strong><br \/>\nMJ Bowl Pool (Pomegranate)<\/p>\n<p>[\/vc_column_text][\/vc_column_inner][vc_column_inner width=&#8221;1\/4&#8243;][vc_single_image image=&#8221;9693&#8243; img_size=&#8221;full&#8221; onclick=&#8221;link_image&#8221;][vc_column_text css=&#8221;.vc_custom_1705414669602{padding-top: 0px !important;}&#8221;]<\/p>\n<p style=\"text-align: center;\"><strong>52002<\/strong><br \/>\nMJ Label (Prof-Pomegranate)<\/p>\n<p>[\/vc_column_text][\/vc_column_inner][vc_column_inner width=&#8221;1\/4&#8243;][vc_single_image image=&#8221;9697&#8243; img_size=&#8221;full&#8221; onclick=&#8221;link_image&#8221;][vc_column_text css=&#8221;.vc_custom_1705471139355{padding-top: 0px !important;}&#8221;]<\/p>\n<p style=\"text-align: center;\"><strong>60151<\/strong><br \/>\nM10x14 Setscrew (Stainless)<\/p>\n<p>[\/vc_column_text][\/vc_column_inner][vc_column_inner width=&#8221;1\/4&#8243;][\/vc_column_inner][\/vc_row_inner][\/vc_column][\/vc_row][vc_row][vc_column][vc_column_text]<\/p>\n<h3>Videos<\/h3>\n<p>[\/vc_column_text][vc_row_inner][vc_column_inner width=&#8221;1\/2&#8243;][\/vc_column_inner][vc_column_inner width=&#8221;1\/2&#8243;][\/vc_column_inner][\/vc_row_inner][\/vc_column][\/vc_row]<\/p>\n<\/section>","protected":false},"excerpt":{"rendered":"<p>[vc_row full_width=&#8221;stretch_row&#8221; css=&#8221;.vc_custom_1699072235309{margin-top: 0px !important;border-bottom-width: 0px !important;}&#8221; el_class=&#8221;DocPageTitle&#8221;][vc_column][\/vc_column][\/vc_row][vc_row css=&#8221;.vc_custom_1699076235757{margin-top: 0px !important;margin-bottom: 0px !important;padding-top: 0px !important;padding-bottom: 0px&#8230;<\/p>\n","protected":false},"featured_media":9234,"comment_status":"closed","ping_status":"closed","template":"","meta":[],"product_cat":[233],"product_tag":[],"class_list":["post-9233","product","type-product","status-publish","has-post-thumbnail","hentry","product_cat-dokuuman"],"acf":[],"yoast_head":"<!-- This site is optimized with the Yoast SEO plugin v27.0 - https:\/\/yoast.com\/product\/yoast-seo-wordpress\/ -->\n<title>0103 Pomegranate Type Manual Fruit Juicer - Cancan Meyve Presleri<\/title>\n<meta name=\"robots\" content=\"index, follow, max-snippet:-1, max-image-preview:large, max-video-preview:-1\" \/>\n<link rel=\"canonical\" href=\"https:\/\/cancan.com.tr\/tum-urunler\/nar-tipi-meyve-presi-2\/\" \/>\n<meta property=\"og:locale\" content=\"en_US\" \/>\n<meta property=\"og:type\" content=\"article\" \/>\n<meta property=\"og:title\" content=\"[:tr]0103 Nar Tipi Meyve Presi[:en]0103 Pomegranate Type Manual Fruit Juicer[:] - Cancan Meyve Presleri\" \/>\n<meta property=\"og:description\" content=\"[vc_row full_width=&#8221;stretch_row&#8221; css=&#8221;.vc_custom_1699072235309{margin-top: 0px !important;border-bottom-width: 0px !important;}&#8221; el_class=&#8221;DocPageTitle&#8221;][vc_column][\/vc_column][\/vc_row][vc_row css=&#8221;.vc_custom_1699076235757{margin-top: 0px !important;margin-bottom: 0px !important;padding-top: 0px !important;padding-bottom: 0px...\" \/>\n<meta property=\"og:url\" content=\"https:\/\/cancan.com.tr\/tum-urunler\/nar-tipi-meyve-presi-2\/\" \/>\n<meta property=\"og:site_name\" content=\"Cancan Meyve Presleri\" \/>\n<meta property=\"article:modified_time\" content=\"2026-03-11T08:54:26+00:00\" \/>\n<meta property=\"og:image\" content=\"https:\/\/cancan.com.tr\/wp-content\/uploads\/2023\/11\/0103.jpg\" \/>\n\t<meta property=\"og:image:width\" content=\"675\" \/>\n\t<meta property=\"og:image:height\" content=\"828\" \/>\n\t<meta property=\"og:image:type\" content=\"image\/jpeg\" \/>\n<meta name=\"twitter:card\" content=\"summary_large_image\" \/>\n<meta name=\"twitter:label1\" content=\"Est. reading time\" \/>\n\t<meta name=\"twitter:data1\" content=\"3 minutes\" \/>\n<script type=\"application\/ld+json\" class=\"yoast-schema-graph\">{\"@context\":\"https:\/\/schema.org\",\"@graph\":[{\"@type\":\"WebPage\",\"@id\":\"https:\/\/cancan.com.tr\/tum-urunler\/nar-tipi-meyve-presi-2\/\",\"url\":\"https:\/\/cancan.com.tr\/tum-urunler\/nar-tipi-meyve-presi-2\/\",\"name\":\"[:tr]0103 Nar Tipi Meyve Presi[:en]0103 Pomegranate Type Manual Fruit Juicer[:] - Cancan Meyve Presleri\",\"isPartOf\":{\"@id\":\"https:\/\/cancan.com.tr\/#website\"},\"primaryImageOfPage\":{\"@id\":\"https:\/\/cancan.com.tr\/tum-urunler\/nar-tipi-meyve-presi-2\/#primaryimage\"},\"image\":{\"@id\":\"https:\/\/cancan.com.tr\/tum-urunler\/nar-tipi-meyve-presi-2\/#primaryimage\"},\"thumbnailUrl\":\"https:\/\/cancan.com.tr\/wp-content\/uploads\/2023\/11\/0103.jpg\",\"datePublished\":\"2023-11-22T11:04:35+00:00\",\"dateModified\":\"2026-03-11T08:54:26+00:00\",\"breadcrumb\":{\"@id\":\"https:\/\/cancan.com.tr\/tum-urunler\/nar-tipi-meyve-presi-2\/#breadcrumb\"},\"inLanguage\":\"en-US\",\"potentialAction\":[{\"@type\":\"ReadAction\",\"target\":[\"https:\/\/cancan.com.tr\/tum-urunler\/nar-tipi-meyve-presi-2\/\"]}]},{\"@type\":\"ImageObject\",\"inLanguage\":\"en-US\",\"@id\":\"https:\/\/cancan.com.tr\/tum-urunler\/nar-tipi-meyve-presi-2\/#primaryimage\",\"url\":\"https:\/\/cancan.com.tr\/wp-content\/uploads\/2023\/11\/0103.jpg\",\"contentUrl\":\"https:\/\/cancan.com.tr\/wp-content\/uploads\/2023\/11\/0103.jpg\",\"width\":675,\"height\":828},{\"@type\":\"BreadcrumbList\",\"@id\":\"https:\/\/cancan.com.tr\/tum-urunler\/nar-tipi-meyve-presi-2\/#breadcrumb\",\"itemListElement\":[{\"@type\":\"ListItem\",\"position\":1,\"name\":\"Anasayfa\",\"item\":\"https:\/\/cancan.com.tr\/\"},{\"@type\":\"ListItem\",\"position\":2,\"name\":\"Products\",\"item\":\"https:\/\/cancan.com.tr\/en\/products-2\/\"},{\"@type\":\"ListItem\",\"position\":3,\"name\":\"0103 Nar Tipi Meyve Presi\"}]},{\"@type\":\"WebSite\",\"@id\":\"https:\/\/cancan.com.tr\/#website\",\"url\":\"https:\/\/cancan.com.tr\/\",\"name\":\"Cancan Meyve Presleri\",\"description\":\"www.cancan.com.tr\",\"publisher\":{\"@id\":\"https:\/\/cancan.com.tr\/#organization\"},\"potentialAction\":[{\"@type\":\"SearchAction\",\"target\":{\"@type\":\"EntryPoint\",\"urlTemplate\":\"https:\/\/cancan.com.tr\/?s={search_term_string}\"},\"query-input\":{\"@type\":\"PropertyValueSpecification\",\"valueRequired\":true,\"valueName\":\"search_term_string\"}}],\"inLanguage\":\"en-US\"},{\"@type\":\"Organization\",\"@id\":\"https:\/\/cancan.com.tr\/#organization\",\"name\":\"Cancan Meyve Presleri\",\"url\":\"https:\/\/cancan.com.tr\/\",\"logo\":{\"@type\":\"ImageObject\",\"inLanguage\":\"en-US\",\"@id\":\"https:\/\/cancan.com.tr\/#\/schema\/logo\/image\/\",\"url\":\"https:\/\/cancan.com.tr\/wp-content\/uploads\/2026\/03\/CancanLogo.png\",\"contentUrl\":\"https:\/\/cancan.com.tr\/wp-content\/uploads\/2026\/03\/CancanLogo.png\",\"width\":362,\"height\":67,\"caption\":\"Cancan Meyve Presleri\"},\"image\":{\"@id\":\"https:\/\/cancan.com.tr\/#\/schema\/logo\/image\/\"}}]}<\/script>\n<!-- \/ Yoast SEO plugin. -->","yoast_head_json":{"title":"[:tr]0103 Nar Tipi Meyve Presi[:en]0103 Pomegranate Type Manual Fruit Juicer[:] - Cancan Meyve Presleri","robots":{"index":"index","follow":"follow","max-snippet":"max-snippet:-1","max-image-preview":"max-image-preview:large","max-video-preview":"max-video-preview:-1"},"canonical":"https:\/\/cancan.com.tr\/tum-urunler\/nar-tipi-meyve-presi-2\/","og_locale":"en_US","og_type":"article","og_title":"[:tr]0103 Nar Tipi Meyve Presi[:en]0103 Pomegranate Type Manual Fruit Juicer[:] - Cancan Meyve Presleri","og_description":"[vc_row full_width=&#8221;stretch_row&#8221; css=&#8221;.vc_custom_1699072235309{margin-top: 0px !important;border-bottom-width: 0px !important;}&#8221; el_class=&#8221;DocPageTitle&#8221;][vc_column][\/vc_column][\/vc_row][vc_row css=&#8221;.vc_custom_1699076235757{margin-top: 0px !important;margin-bottom: 0px !important;padding-top: 0px !important;padding-bottom: 0px...","og_url":"https:\/\/cancan.com.tr\/tum-urunler\/nar-tipi-meyve-presi-2\/","og_site_name":"Cancan Meyve Presleri","article_modified_time":"2026-03-11T08:54:26+00:00","og_image":[{"width":675,"height":828,"url":"https:\/\/cancan.com.tr\/wp-content\/uploads\/2023\/11\/0103.jpg","type":"image\/jpeg"}],"twitter_card":"summary_large_image","twitter_misc":{"Est. reading time":"3 minutes"},"schema":{"@context":"https:\/\/schema.org","@graph":[{"@type":"WebPage","@id":"https:\/\/cancan.com.tr\/tum-urunler\/nar-tipi-meyve-presi-2\/","url":"https:\/\/cancan.com.tr\/tum-urunler\/nar-tipi-meyve-presi-2\/","name":"[:tr]0103 Nar Tipi Meyve Presi[:en]0103 Pomegranate Type Manual Fruit Juicer[:] - Cancan Meyve Presleri","isPartOf":{"@id":"https:\/\/cancan.com.tr\/#website"},"primaryImageOfPage":{"@id":"https:\/\/cancan.com.tr\/tum-urunler\/nar-tipi-meyve-presi-2\/#primaryimage"},"image":{"@id":"https:\/\/cancan.com.tr\/tum-urunler\/nar-tipi-meyve-presi-2\/#primaryimage"},"thumbnailUrl":"https:\/\/cancan.com.tr\/wp-content\/uploads\/2023\/11\/0103.jpg","datePublished":"2023-11-22T11:04:35+00:00","dateModified":"2026-03-11T08:54:26+00:00","breadcrumb":{"@id":"https:\/\/cancan.com.tr\/tum-urunler\/nar-tipi-meyve-presi-2\/#breadcrumb"},"inLanguage":"en-US","potentialAction":[{"@type":"ReadAction","target":["https:\/\/cancan.com.tr\/tum-urunler\/nar-tipi-meyve-presi-2\/"]}]},{"@type":"ImageObject","inLanguage":"en-US","@id":"https:\/\/cancan.com.tr\/tum-urunler\/nar-tipi-meyve-presi-2\/#primaryimage","url":"https:\/\/cancan.com.tr\/wp-content\/uploads\/2023\/11\/0103.jpg","contentUrl":"https:\/\/cancan.com.tr\/wp-content\/uploads\/2023\/11\/0103.jpg","width":675,"height":828},{"@type":"BreadcrumbList","@id":"https:\/\/cancan.com.tr\/tum-urunler\/nar-tipi-meyve-presi-2\/#breadcrumb","itemListElement":[{"@type":"ListItem","position":1,"name":"Anasayfa","item":"https:\/\/cancan.com.tr\/"},{"@type":"ListItem","position":2,"name":"Products","item":"https:\/\/cancan.com.tr\/en\/products-2\/"},{"@type":"ListItem","position":3,"name":"0103 Nar Tipi Meyve Presi"}]},{"@type":"WebSite","@id":"https:\/\/cancan.com.tr\/#website","url":"https:\/\/cancan.com.tr\/","name":"Cancan Meyve Presleri","description":"www.cancan.com.tr","publisher":{"@id":"https:\/\/cancan.com.tr\/#organization"},"potentialAction":[{"@type":"SearchAction","target":{"@type":"EntryPoint","urlTemplate":"https:\/\/cancan.com.tr\/?s={search_term_string}"},"query-input":{"@type":"PropertyValueSpecification","valueRequired":true,"valueName":"search_term_string"}}],"inLanguage":"en-US"},{"@type":"Organization","@id":"https:\/\/cancan.com.tr\/#organization","name":"Cancan Meyve Presleri","url":"https:\/\/cancan.com.tr\/","logo":{"@type":"ImageObject","inLanguage":"en-US","@id":"https:\/\/cancan.com.tr\/#\/schema\/logo\/image\/","url":"https:\/\/cancan.com.tr\/wp-content\/uploads\/2026\/03\/CancanLogo.png","contentUrl":"https:\/\/cancan.com.tr\/wp-content\/uploads\/2026\/03\/CancanLogo.png","width":362,"height":67,"caption":"Cancan Meyve Presleri"},"image":{"@id":"https:\/\/cancan.com.tr\/#\/schema\/logo\/image\/"}}]}},"_links":{"self":[{"href":"https:\/\/cancan.com.tr\/en\/wp-json\/wp\/v2\/product\/9233","targetHints":{"allow":["GET"]}}],"collection":[{"href":"https:\/\/cancan.com.tr\/en\/wp-json\/wp\/v2\/product"}],"about":[{"href":"https:\/\/cancan.com.tr\/en\/wp-json\/wp\/v2\/types\/product"}],"replies":[{"embeddable":true,"href":"https:\/\/cancan.com.tr\/en\/wp-json\/wp\/v2\/comments?post=9233"}],"wp:featuredmedia":[{"embeddable":true,"href":"https:\/\/cancan.com.tr\/en\/wp-json\/wp\/v2\/media\/9234"}],"wp:attachment":[{"href":"https:\/\/cancan.com.tr\/en\/wp-json\/wp\/v2\/media?parent=9233"}],"wp:term":[{"taxonomy":"product_cat","embeddable":true,"href":"https:\/\/cancan.com.tr\/en\/wp-json\/wp\/v2\/product_cat?post=9233"},{"taxonomy":"product_tag","embeddable":true,"href":"https:\/\/cancan.com.tr\/en\/wp-json\/wp\/v2\/product_tag?post=9233"}],"curies":[{"name":"wp","href":"https:\/\/api.w.org\/{rel}","templated":true}]}}