{"id":8114,"date":"2023-10-12T09:25:53","date_gmt":"2023-10-12T06:25:53","guid":{"rendered":"https:\/\/cancan.com.tr\/?post_type=product&#038;p=8114"},"modified":"2024-03-20T17:05:49","modified_gmt":"2024-03-20T14:05:49","slug":"0903-12-metre-geri-toplamali-on-yikama-dusu-2","status":"publish","type":"product","link":"https:\/\/cancan.com.tr\/en\/all-products\/retractable-pre-rinse-faucet-with-reel-hose-4\/","title":{"rendered":"0903 Retractable Pre-Rinse Faucet With Reel Hose (12 MT)"},"content":{"rendered":"<p><\/p>\n<h2><span style=\"color: #188bcb;\">0903 Retractable Pre-Rinse Faucet With Reel Hose (12 MT)<\/span><\/h2>\n<p>Retractable Pre-rinse Faucets with reel hoses are used in industrial kitchens, food preparation and mass food production<br \/>\nfacilities, industrial dishwashing machines, vegetable and fruit washing units, at the pre-washing stage in a minimum 75 squaremeters area with 2 collectable hose.<\/p>\n<hr \/>\n<h4>180 degree rotatable, wall mountable case.<\/h4>\n<hr \/>\n<h4>Adjustable hose output feature.<\/h4>\n<hr \/>\n<h4>Polyamide-bearing Pulley Hub.<\/h4>\n<hr \/>\n<h4>2-stage lockable feature.<\/h4>\n<hr \/>\n<h4>Compliance with hygiene standards with 100% stainless body.<\/h4>\n<hr \/>\n<h4>30-50 bar working pressure resistant special production hose.<\/h4>\n<p><\/p>","protected":false},"excerpt":{"rendered":"<h2><span style=\"color: #188bcb;\">0903 Retractable Pre-Rinse Faucet With Reel Hose (12 MT)<\/span><\/h2>\n<p>Retractable Pre-rinse Faucets with reel hoses are used in industrial kitchens, food preparation and mass food production<br \/>\nfacilities, industrial dishwashing machines, vegetable and fruit washing units, at the pre-washing stage in a minimum 75 squaremeters area with 2 collectable hose.<\/p>\n<p><img loading=\"lazy\" decoding=\"async\" class=\"alignnone wp-image-8587 \" src=\"https:\/\/cancan.com.tr\/wp-content\/uploads\/2023\/09\/ing-yikama-ekp-e1697811085509-300x161.png\" alt=\"\" width=\"276\" height=\"148\" srcset=\"https:\/\/cancan.com.tr\/wp-content\/uploads\/2023\/09\/ing-yikama-ekp-e1697811085509-300x161.png 300w, https:\/\/cancan.com.tr\/wp-content\/uploads\/2023\/09\/ing-yikama-ekp-e1697811085509.png 497w\" sizes=\"auto, (max-width: 276px) 100vw, 276px\" \/><\/p>\n","protected":false},"featured_media":8540,"comment_status":"closed","ping_status":"closed","template":"","meta":[],"product_cat":[15,172,225],"product_tag":[189,183],"class_list":["post-8114","product","type-product","status-publish","has-post-thumbnail","hentry","product_cat-tum-urunler","product_cat-yikama-durulama-ekipmanlari","product_cat-geri-toplamali-on-yikama-duslari","product_tag-otel","product_tag-restoranlar"],"acf":[],"yoast_head":"<!-- This site is optimized with the Yoast SEO plugin v27.0 - https:\/\/yoast.com\/product\/yoast-seo-wordpress\/ -->\n<title>0903 Retractable Pre-Rinse Faucet With Reel Hose (12 MT) - Cancan Meyve Presleri<\/title>\n<meta name=\"robots\" content=\"index, follow, max-snippet:-1, max-image-preview:large, max-video-preview:-1\" \/>\n<link rel=\"canonical\" href=\"https:\/\/cancan.com.tr\/tum-urunler\/12-metre-geri-toplamali-on-yikama-dusu-2\/\" \/>\n<meta property=\"og:locale\" content=\"en_US\" \/>\n<meta property=\"og:type\" content=\"article\" \/>\n<meta property=\"og:title\" content=\"[:en]0903 Retractable Pre-Rinse Faucet With Reel Hose (12 MT)[:tr]0903 12 Metre Geri Toplamal\u0131 \u00d6n Y\u0131kama Du\u015fu[:] - Cancan Meyve Presleri\" \/>\n<meta property=\"og:description\" content=\"[:en]0903 Retractable Pre-Rinse Faucet With Reel Hose (12 MT) Retractable Pre-rinse Faucets with reel hoses are used in industrial kitchens, food preparation and mass food production facilities, industrial dishwashing machines, vegetable and fruit washing units, at the pre-washing stage in a minimum 75 squaremeters area with 2 collectable hose.  [:tr]0903 12 Metre Geri Toplamal\u0131 \u00d6n Y\u0131kama Du\u015fu Geri toplamal\u0131 \u00f6n y\u0131kama du\u015flar\u0131, end\u00fcstriyel mutfaklarda, g\u0131da haz\u0131rl\u0131k ve toplu yemek \u00fcretim tesislerinde, sanayi tipi bula\u015f\u0131k y\u0131kama makinelerinde, sebze ve meyve y\u0131kama eviyelerinde 2 kademeli toplanabilir hortumu ile minimum 75m2\u2019lik alanda \u00f6n y\u0131kama du\u015fu olarak kullan\u0131lmaktad\u0131r.  [:]\" \/>\n<meta property=\"og:url\" content=\"https:\/\/cancan.com.tr\/tum-urunler\/12-metre-geri-toplamali-on-yikama-dusu-2\/\" \/>\n<meta property=\"og:site_name\" content=\"Cancan Meyve Presleri\" \/>\n<meta property=\"article:modified_time\" content=\"2024-03-20T14:05:49+00:00\" \/>\n<meta property=\"og:image\" content=\"https:\/\/cancan.com.tr\/wp-content\/uploads\/2023\/10\/0903-1.jpg\" \/>\n\t<meta property=\"og:image:width\" content=\"675\" \/>\n\t<meta property=\"og:image:height\" content=\"828\" \/>\n\t<meta property=\"og:image:type\" content=\"image\/jpeg\" \/>\n<meta name=\"twitter:card\" content=\"summary_large_image\" \/>\n<meta name=\"twitter:label1\" content=\"Est. reading time\" \/>\n\t<meta name=\"twitter:data1\" content=\"1 minute\" \/>\n<script type=\"application\/ld+json\" class=\"yoast-schema-graph\">{\"@context\":\"https:\/\/schema.org\",\"@graph\":[{\"@type\":\"WebPage\",\"@id\":\"https:\/\/cancan.com.tr\/tum-urunler\/12-metre-geri-toplamali-on-yikama-dusu-2\/\",\"url\":\"https:\/\/cancan.com.tr\/tum-urunler\/12-metre-geri-toplamali-on-yikama-dusu-2\/\",\"name\":\"[:en]0903 Retractable Pre-Rinse Faucet With Reel Hose (12 MT)[:tr]0903 12 Metre Geri Toplamal\u0131 \u00d6n Y\u0131kama Du\u015fu[:] - Cancan Meyve Presleri\",\"isPartOf\":{\"@id\":\"https:\/\/cancan.com.tr\/#website\"},\"primaryImageOfPage\":{\"@id\":\"https:\/\/cancan.com.tr\/tum-urunler\/12-metre-geri-toplamali-on-yikama-dusu-2\/#primaryimage\"},\"image\":{\"@id\":\"https:\/\/cancan.com.tr\/tum-urunler\/12-metre-geri-toplamali-on-yikama-dusu-2\/#primaryimage\"},\"thumbnailUrl\":\"https:\/\/cancan.com.tr\/wp-content\/uploads\/2023\/10\/0903-1.jpg\",\"datePublished\":\"2023-10-12T06:25:53+00:00\",\"dateModified\":\"2024-03-20T14:05:49+00:00\",\"breadcrumb\":{\"@id\":\"https:\/\/cancan.com.tr\/tum-urunler\/12-metre-geri-toplamali-on-yikama-dusu-2\/#breadcrumb\"},\"inLanguage\":\"en-US\",\"potentialAction\":[{\"@type\":\"ReadAction\",\"target\":[\"https:\/\/cancan.com.tr\/tum-urunler\/12-metre-geri-toplamali-on-yikama-dusu-2\/\"]}]},{\"@type\":\"ImageObject\",\"inLanguage\":\"en-US\",\"@id\":\"https:\/\/cancan.com.tr\/tum-urunler\/12-metre-geri-toplamali-on-yikama-dusu-2\/#primaryimage\",\"url\":\"https:\/\/cancan.com.tr\/wp-content\/uploads\/2023\/10\/0903-1.jpg\",\"contentUrl\":\"https:\/\/cancan.com.tr\/wp-content\/uploads\/2023\/10\/0903-1.jpg\",\"width\":675,\"height\":828},{\"@type\":\"BreadcrumbList\",\"@id\":\"https:\/\/cancan.com.tr\/tum-urunler\/12-metre-geri-toplamali-on-yikama-dusu-2\/#breadcrumb\",\"itemListElement\":[{\"@type\":\"ListItem\",\"position\":1,\"name\":\"Anasayfa\",\"item\":\"https:\/\/cancan.com.tr\/\"},{\"@type\":\"ListItem\",\"position\":2,\"name\":\"Products\",\"item\":\"https:\/\/cancan.com.tr\/en\/products-2\/\"},{\"@type\":\"ListItem\",\"position\":3,\"name\":\"0903 12 Metre Geri Toplamal\u0131 \u00d6n Y\u0131kama Du\u015fu\"}]},{\"@type\":\"WebSite\",\"@id\":\"https:\/\/cancan.com.tr\/#website\",\"url\":\"https:\/\/cancan.com.tr\/\",\"name\":\"Cancan Meyve Presleri\",\"description\":\"www.cancan.com.tr\",\"publisher\":{\"@id\":\"https:\/\/cancan.com.tr\/#organization\"},\"potentialAction\":[{\"@type\":\"SearchAction\",\"target\":{\"@type\":\"EntryPoint\",\"urlTemplate\":\"https:\/\/cancan.com.tr\/?s={search_term_string}\"},\"query-input\":{\"@type\":\"PropertyValueSpecification\",\"valueRequired\":true,\"valueName\":\"search_term_string\"}}],\"inLanguage\":\"en-US\"},{\"@type\":\"Organization\",\"@id\":\"https:\/\/cancan.com.tr\/#organization\",\"name\":\"Cancan Meyve Presleri\",\"url\":\"https:\/\/cancan.com.tr\/\",\"logo\":{\"@type\":\"ImageObject\",\"inLanguage\":\"en-US\",\"@id\":\"https:\/\/cancan.com.tr\/#\/schema\/logo\/image\/\",\"url\":\"https:\/\/cancan.com.tr\/wp-content\/uploads\/2026\/03\/CancanLogo.png\",\"contentUrl\":\"https:\/\/cancan.com.tr\/wp-content\/uploads\/2026\/03\/CancanLogo.png\",\"width\":362,\"height\":67,\"caption\":\"Cancan Meyve Presleri\"},\"image\":{\"@id\":\"https:\/\/cancan.com.tr\/#\/schema\/logo\/image\/\"}}]}<\/script>\n<!-- \/ Yoast SEO plugin. -->","yoast_head_json":{"title":"[:en]0903 Retractable Pre-Rinse Faucet With Reel Hose (12 MT)[:tr]0903 12 Metre Geri Toplamal\u0131 \u00d6n Y\u0131kama Du\u015fu[:] - Cancan Meyve Presleri","robots":{"index":"index","follow":"follow","max-snippet":"max-snippet:-1","max-image-preview":"max-image-preview:large","max-video-preview":"max-video-preview:-1"},"canonical":"https:\/\/cancan.com.tr\/tum-urunler\/12-metre-geri-toplamali-on-yikama-dusu-2\/","og_locale":"en_US","og_type":"article","og_title":"[:en]0903 Retractable Pre-Rinse Faucet With Reel Hose (12 MT)[:tr]0903 12 Metre Geri Toplamal\u0131 \u00d6n Y\u0131kama Du\u015fu[:] - Cancan Meyve Presleri","og_description":"[:en]0903 Retractable Pre-Rinse Faucet With Reel Hose (12 MT) Retractable Pre-rinse Faucets with reel hoses are used in industrial kitchens, food preparation and mass food production facilities, industrial dishwashing machines, vegetable and fruit washing units, at the pre-washing stage in a minimum 75 squaremeters area with 2 collectable hose.  [:tr]0903 12 Metre Geri Toplamal\u0131 \u00d6n Y\u0131kama Du\u015fu Geri toplamal\u0131 \u00f6n y\u0131kama du\u015flar\u0131, end\u00fcstriyel mutfaklarda, g\u0131da haz\u0131rl\u0131k ve toplu yemek \u00fcretim tesislerinde, sanayi tipi bula\u015f\u0131k y\u0131kama makinelerinde, sebze ve meyve y\u0131kama eviyelerinde 2 kademeli toplanabilir hortumu ile minimum 75m2\u2019lik alanda \u00f6n y\u0131kama du\u015fu olarak kullan\u0131lmaktad\u0131r.  [:]","og_url":"https:\/\/cancan.com.tr\/tum-urunler\/12-metre-geri-toplamali-on-yikama-dusu-2\/","og_site_name":"Cancan Meyve Presleri","article_modified_time":"2024-03-20T14:05:49+00:00","og_image":[{"width":675,"height":828,"url":"https:\/\/cancan.com.tr\/wp-content\/uploads\/2023\/10\/0903-1.jpg","type":"image\/jpeg"}],"twitter_card":"summary_large_image","twitter_misc":{"Est. reading time":"1 minute"},"schema":{"@context":"https:\/\/schema.org","@graph":[{"@type":"WebPage","@id":"https:\/\/cancan.com.tr\/tum-urunler\/12-metre-geri-toplamali-on-yikama-dusu-2\/","url":"https:\/\/cancan.com.tr\/tum-urunler\/12-metre-geri-toplamali-on-yikama-dusu-2\/","name":"[:en]0903 Retractable Pre-Rinse Faucet With Reel Hose (12 MT)[:tr]0903 12 Metre Geri Toplamal\u0131 \u00d6n Y\u0131kama Du\u015fu[:] - Cancan Meyve Presleri","isPartOf":{"@id":"https:\/\/cancan.com.tr\/#website"},"primaryImageOfPage":{"@id":"https:\/\/cancan.com.tr\/tum-urunler\/12-metre-geri-toplamali-on-yikama-dusu-2\/#primaryimage"},"image":{"@id":"https:\/\/cancan.com.tr\/tum-urunler\/12-metre-geri-toplamali-on-yikama-dusu-2\/#primaryimage"},"thumbnailUrl":"https:\/\/cancan.com.tr\/wp-content\/uploads\/2023\/10\/0903-1.jpg","datePublished":"2023-10-12T06:25:53+00:00","dateModified":"2024-03-20T14:05:49+00:00","breadcrumb":{"@id":"https:\/\/cancan.com.tr\/tum-urunler\/12-metre-geri-toplamali-on-yikama-dusu-2\/#breadcrumb"},"inLanguage":"en-US","potentialAction":[{"@type":"ReadAction","target":["https:\/\/cancan.com.tr\/tum-urunler\/12-metre-geri-toplamali-on-yikama-dusu-2\/"]}]},{"@type":"ImageObject","inLanguage":"en-US","@id":"https:\/\/cancan.com.tr\/tum-urunler\/12-metre-geri-toplamali-on-yikama-dusu-2\/#primaryimage","url":"https:\/\/cancan.com.tr\/wp-content\/uploads\/2023\/10\/0903-1.jpg","contentUrl":"https:\/\/cancan.com.tr\/wp-content\/uploads\/2023\/10\/0903-1.jpg","width":675,"height":828},{"@type":"BreadcrumbList","@id":"https:\/\/cancan.com.tr\/tum-urunler\/12-metre-geri-toplamali-on-yikama-dusu-2\/#breadcrumb","itemListElement":[{"@type":"ListItem","position":1,"name":"Anasayfa","item":"https:\/\/cancan.com.tr\/"},{"@type":"ListItem","position":2,"name":"Products","item":"https:\/\/cancan.com.tr\/en\/products-2\/"},{"@type":"ListItem","position":3,"name":"0903 12 Metre Geri Toplamal\u0131 \u00d6n Y\u0131kama Du\u015fu"}]},{"@type":"WebSite","@id":"https:\/\/cancan.com.tr\/#website","url":"https:\/\/cancan.com.tr\/","name":"Cancan Meyve Presleri","description":"www.cancan.com.tr","publisher":{"@id":"https:\/\/cancan.com.tr\/#organization"},"potentialAction":[{"@type":"SearchAction","target":{"@type":"EntryPoint","urlTemplate":"https:\/\/cancan.com.tr\/?s={search_term_string}"},"query-input":{"@type":"PropertyValueSpecification","valueRequired":true,"valueName":"search_term_string"}}],"inLanguage":"en-US"},{"@type":"Organization","@id":"https:\/\/cancan.com.tr\/#organization","name":"Cancan Meyve Presleri","url":"https:\/\/cancan.com.tr\/","logo":{"@type":"ImageObject","inLanguage":"en-US","@id":"https:\/\/cancan.com.tr\/#\/schema\/logo\/image\/","url":"https:\/\/cancan.com.tr\/wp-content\/uploads\/2026\/03\/CancanLogo.png","contentUrl":"https:\/\/cancan.com.tr\/wp-content\/uploads\/2026\/03\/CancanLogo.png","width":362,"height":67,"caption":"Cancan Meyve Presleri"},"image":{"@id":"https:\/\/cancan.com.tr\/#\/schema\/logo\/image\/"}}]}},"_links":{"self":[{"href":"https:\/\/cancan.com.tr\/en\/wp-json\/wp\/v2\/product\/8114","targetHints":{"allow":["GET"]}}],"collection":[{"href":"https:\/\/cancan.com.tr\/en\/wp-json\/wp\/v2\/product"}],"about":[{"href":"https:\/\/cancan.com.tr\/en\/wp-json\/wp\/v2\/types\/product"}],"replies":[{"embeddable":true,"href":"https:\/\/cancan.com.tr\/en\/wp-json\/wp\/v2\/comments?post=8114"}],"wp:featuredmedia":[{"embeddable":true,"href":"https:\/\/cancan.com.tr\/en\/wp-json\/wp\/v2\/media\/8540"}],"wp:attachment":[{"href":"https:\/\/cancan.com.tr\/en\/wp-json\/wp\/v2\/media?parent=8114"}],"wp:term":[{"taxonomy":"product_cat","embeddable":true,"href":"https:\/\/cancan.com.tr\/en\/wp-json\/wp\/v2\/product_cat?post=8114"},{"taxonomy":"product_tag","embeddable":true,"href":"https:\/\/cancan.com.tr\/en\/wp-json\/wp\/v2\/product_tag?post=8114"}],"curies":[{"name":"wp","href":"https:\/\/api.w.org\/{rel}","templated":true}]}}