{"id":8091,"date":"2023-10-10T17:14:52","date_gmt":"2023-10-10T14:14:52","guid":{"rendered":"https:\/\/cancan.com.tr\/?post_type=product&#038;p=8091"},"modified":"2026-03-02T09:40:11","modified_gmt":"2026-03-02T06:40:11","slug":"0810-ananas-giyotin","status":"publish","type":"product","link":"https:\/\/cancan.com.tr\/en\/all-products\/pineapple-guillotine-cutter\/","title":{"rendered":"0810 Pineapple Guillotine Cutter"},"content":{"rendered":"<p><\/p>\n<h2><span style=\"color: #fa0014;\">0810 Pineapple Guillotine Cutter<\/span><\/h2>\n<p>The Pineapple Guillotine Cutter is designed for precise corner cutting of pineapples, making it suitable for various settings such as supermarkets, hotels, restaurants, shopping malls, and greengrocers. Its user-friendly design makes it particularly well-suited for use in industrial kitchens.<\/p>\n<hr \/>\n<h4>Adjustable Blade Distance<\/h4>\n<p>Depending on the size of the pineapples, the desired distance can be adjusted between 8-18 cm.<\/p>\n<hr \/>\n<h4>All Stainless Steel<\/h4>\n<p>Pineapple guillotine machine is made of all stainless steel material in accordance with food standards.<\/p>\n<hr \/>\n<h4>Manual Locking Pin<\/h4>\n<p>Thanks to the locking switch on the pineapple guillotine machine, the machine can be cleaned safely.<\/p>\n<hr \/>\n<h4>Special Suction Cup Feet<\/h4>\n<p>Specially designed non-slip suction cup feet prevent the product from shaking and keep the machine securely fixed.<\/p>","protected":false},"excerpt":{"rendered":"<h2><span style=\"color: #fa0014;\">0810 Pineapple Guillotine Cutter<\/span><\/h2>\n<p>The Pineapple Guillotine Cutter is designed for precise corner cutting of pineapples, making it suitable for various settings such as supermarkets, hotels, restaurants, shopping malls, and greengrocers. Its user-friendly design makes it particularly well-suited for use in industrial kitchens.<\/p>\n<p><img loading=\"lazy\" decoding=\"async\" class=\"alignnone wp-image-8554\" src=\"https:\/\/cancan.com.tr\/wp-content\/uploads\/2023\/09\/ing-hazirlik-300x94.png\" alt=\"\" width=\"275\" height=\"86\" srcset=\"https:\/\/cancan.com.tr\/wp-content\/uploads\/2023\/09\/ing-hazirlik-300x94.png 300w, https:\/\/cancan.com.tr\/wp-content\/uploads\/2023\/09\/ing-hazirlik-600x188.png 600w, https:\/\/cancan.com.tr\/wp-content\/uploads\/2023\/09\/ing-hazirlik.png 752w\" sizes=\"auto, (max-width: 275px) 100vw, 275px\" \/><\/p>\n<p>https:\/\/youtu.be\/eFKJ4r50lYM?si=oNKQqllJTgrFIT5T<\/p>\n","protected":false},"featured_media":8183,"comment_status":"closed","ping_status":"closed","template":"","meta":[],"product_cat":[15,171,177,195],"product_tag":[188,190,222,219,189,218,183,139,185],"class_list":["post-8091","product","type-product","status-publish","has-post-thumbnail","hentry","product_cat-tum-urunler","product_cat-hazirlik-ekipmanlari","product_cat-manuel-konserve-acacaklari","product_cat-kesici-ve-dilimleyiciler","product_tag-alisveris-merkezi","product_tag-kafe","product_tag-kesiciler-hazirlik","product_tag-manuel-hazirlik","product_tag-otel","product_tag-paslanmaz","product_tag-restoranlar","product_tag-camera","product_tag-vitamin-barlar"],"acf":[],"yoast_head":"<!-- This site is optimized with the Yoast SEO plugin v27.0 - https:\/\/yoast.com\/product\/yoast-seo-wordpress\/ -->\n<title>0810 Pineapple Guillotine Cutter - Cancan Meyve Presleri<\/title>\n<meta name=\"robots\" content=\"index, follow, max-snippet:-1, max-image-preview:large, max-video-preview:-1\" \/>\n<link rel=\"canonical\" href=\"https:\/\/cancan.com.tr\/tum-urunler\/ananas-giyotin\/\" \/>\n<meta property=\"og:locale\" content=\"en_US\" \/>\n<meta property=\"og:type\" content=\"article\" \/>\n<meta property=\"og:title\" content=\"[:tr]0810 Ananas Giyotin[:en]0810 Pineapple Guillotine Cutter[:] - Cancan Meyve Presleri\" \/>\n<meta property=\"og:description\" content=\"[:tr]0810 Ananas Giyotin S\u00fcpermarket, otel, restoran, al\u0131\u015fveri\u015f merkezleri, manav reyonlar\u0131 vb. mekanlarda, ananas\u0131n sert ve zaman al\u0131c\u0131 \u00a0k\u00f6\u015fe k\u0131s\u0131mlar\u0131n\u0131 d\u00fczg\u00fcn kesmek i\u00e7in kullan\u0131lmaktad\u0131r. Ananas giyotin makinesi kullan\u0131c\u0131 dostu bir tasar\u0131ma sahiptir ve end\u00fcstriyel mutfaklarda kullan\u0131m i\u00e7in son derece uygundur.    https:\/\/youtu.be\/eFKJ4r50lYM?si=oNKQqllJTgrFIT5T[:en]0810 Pineapple Guillotine Cutter The Pineapple Guillotine Cutter is designed for precise corner cutting of pineapples, making it suitable for various settings such as supermarkets, hotels, restaurants, shopping malls, and greengrocers. Its user-friendly design makes it particularly well-suited for use in industrial kitchens.    https:\/\/youtu.be\/eFKJ4r50lYM?si=oNKQqllJTgrFIT5T[:]\" \/>\n<meta property=\"og:url\" content=\"https:\/\/cancan.com.tr\/tum-urunler\/ananas-giyotin\/\" \/>\n<meta property=\"og:site_name\" content=\"Cancan Meyve Presleri\" \/>\n<meta property=\"article:modified_time\" content=\"2026-03-02T06:40:11+00:00\" \/>\n<meta property=\"og:image\" content=\"https:\/\/cancan.com.tr\/wp-content\/uploads\/2023\/10\/0810.jpg\" \/>\n\t<meta property=\"og:image:width\" content=\"675\" \/>\n\t<meta property=\"og:image:height\" content=\"828\" \/>\n\t<meta property=\"og:image:type\" content=\"image\/jpeg\" \/>\n<meta name=\"twitter:card\" content=\"summary_large_image\" \/>\n<meta name=\"twitter:label1\" content=\"Est. reading time\" \/>\n\t<meta name=\"twitter:data1\" content=\"1 minute\" \/>\n<script type=\"application\/ld+json\" class=\"yoast-schema-graph\">{\"@context\":\"https:\/\/schema.org\",\"@graph\":[{\"@type\":\"WebPage\",\"@id\":\"https:\/\/cancan.com.tr\/tum-urunler\/ananas-giyotin\/\",\"url\":\"https:\/\/cancan.com.tr\/tum-urunler\/ananas-giyotin\/\",\"name\":\"[:tr]0810 Ananas Giyotin[:en]0810 Pineapple Guillotine Cutter[:] - Cancan Meyve Presleri\",\"isPartOf\":{\"@id\":\"https:\/\/cancan.com.tr\/#website\"},\"primaryImageOfPage\":{\"@id\":\"https:\/\/cancan.com.tr\/tum-urunler\/ananas-giyotin\/#primaryimage\"},\"image\":{\"@id\":\"https:\/\/cancan.com.tr\/tum-urunler\/ananas-giyotin\/#primaryimage\"},\"thumbnailUrl\":\"https:\/\/cancan.com.tr\/wp-content\/uploads\/2023\/10\/0810.jpg\",\"datePublished\":\"2023-10-10T14:14:52+00:00\",\"dateModified\":\"2026-03-02T06:40:11+00:00\",\"breadcrumb\":{\"@id\":\"https:\/\/cancan.com.tr\/tum-urunler\/ananas-giyotin\/#breadcrumb\"},\"inLanguage\":\"en-US\",\"potentialAction\":[{\"@type\":\"ReadAction\",\"target\":[\"https:\/\/cancan.com.tr\/tum-urunler\/ananas-giyotin\/\"]}]},{\"@type\":\"ImageObject\",\"inLanguage\":\"en-US\",\"@id\":\"https:\/\/cancan.com.tr\/tum-urunler\/ananas-giyotin\/#primaryimage\",\"url\":\"https:\/\/cancan.com.tr\/wp-content\/uploads\/2023\/10\/0810.jpg\",\"contentUrl\":\"https:\/\/cancan.com.tr\/wp-content\/uploads\/2023\/10\/0810.jpg\",\"width\":675,\"height\":828},{\"@type\":\"BreadcrumbList\",\"@id\":\"https:\/\/cancan.com.tr\/tum-urunler\/ananas-giyotin\/#breadcrumb\",\"itemListElement\":[{\"@type\":\"ListItem\",\"position\":1,\"name\":\"Anasayfa\",\"item\":\"https:\/\/cancan.com.tr\/\"},{\"@type\":\"ListItem\",\"position\":2,\"name\":\"Products\",\"item\":\"https:\/\/cancan.com.tr\/en\/products-2\/\"},{\"@type\":\"ListItem\",\"position\":3,\"name\":\"0810 Ananas Giyotin\"}]},{\"@type\":\"WebSite\",\"@id\":\"https:\/\/cancan.com.tr\/#website\",\"url\":\"https:\/\/cancan.com.tr\/\",\"name\":\"Cancan Meyve Presleri\",\"description\":\"www.cancan.com.tr\",\"publisher\":{\"@id\":\"https:\/\/cancan.com.tr\/#organization\"},\"potentialAction\":[{\"@type\":\"SearchAction\",\"target\":{\"@type\":\"EntryPoint\",\"urlTemplate\":\"https:\/\/cancan.com.tr\/?s={search_term_string}\"},\"query-input\":{\"@type\":\"PropertyValueSpecification\",\"valueRequired\":true,\"valueName\":\"search_term_string\"}}],\"inLanguage\":\"en-US\"},{\"@type\":\"Organization\",\"@id\":\"https:\/\/cancan.com.tr\/#organization\",\"name\":\"Cancan Meyve Presleri\",\"url\":\"https:\/\/cancan.com.tr\/\",\"logo\":{\"@type\":\"ImageObject\",\"inLanguage\":\"en-US\",\"@id\":\"https:\/\/cancan.com.tr\/#\/schema\/logo\/image\/\",\"url\":\"https:\/\/cancan.com.tr\/wp-content\/uploads\/2026\/03\/CancanLogo.png\",\"contentUrl\":\"https:\/\/cancan.com.tr\/wp-content\/uploads\/2026\/03\/CancanLogo.png\",\"width\":362,\"height\":67,\"caption\":\"Cancan Meyve Presleri\"},\"image\":{\"@id\":\"https:\/\/cancan.com.tr\/#\/schema\/logo\/image\/\"}}]}<\/script>\n<!-- \/ Yoast SEO plugin. -->","yoast_head_json":{"title":"[:tr]0810 Ananas Giyotin[:en]0810 Pineapple Guillotine Cutter[:] - Cancan Meyve Presleri","robots":{"index":"index","follow":"follow","max-snippet":"max-snippet:-1","max-image-preview":"max-image-preview:large","max-video-preview":"max-video-preview:-1"},"canonical":"https:\/\/cancan.com.tr\/tum-urunler\/ananas-giyotin\/","og_locale":"en_US","og_type":"article","og_title":"[:tr]0810 Ananas Giyotin[:en]0810 Pineapple Guillotine Cutter[:] - Cancan Meyve Presleri","og_description":"[:tr]0810 Ananas Giyotin S\u00fcpermarket, otel, restoran, al\u0131\u015fveri\u015f merkezleri, manav reyonlar\u0131 vb. mekanlarda, ananas\u0131n sert ve zaman al\u0131c\u0131 \u00a0k\u00f6\u015fe k\u0131s\u0131mlar\u0131n\u0131 d\u00fczg\u00fcn kesmek i\u00e7in kullan\u0131lmaktad\u0131r. Ananas giyotin makinesi kullan\u0131c\u0131 dostu bir tasar\u0131ma sahiptir ve end\u00fcstriyel mutfaklarda kullan\u0131m i\u00e7in son derece uygundur.    https:\/\/youtu.be\/eFKJ4r50lYM?si=oNKQqllJTgrFIT5T[:en]0810 Pineapple Guillotine Cutter The Pineapple Guillotine Cutter is designed for precise corner cutting of pineapples, making it suitable for various settings such as supermarkets, hotels, restaurants, shopping malls, and greengrocers. Its user-friendly design makes it particularly well-suited for use in industrial kitchens.    https:\/\/youtu.be\/eFKJ4r50lYM?si=oNKQqllJTgrFIT5T[:]","og_url":"https:\/\/cancan.com.tr\/tum-urunler\/ananas-giyotin\/","og_site_name":"Cancan Meyve Presleri","article_modified_time":"2026-03-02T06:40:11+00:00","og_image":[{"width":675,"height":828,"url":"https:\/\/cancan.com.tr\/wp-content\/uploads\/2023\/10\/0810.jpg","type":"image\/jpeg"}],"twitter_card":"summary_large_image","twitter_misc":{"Est. reading time":"1 minute"},"schema":{"@context":"https:\/\/schema.org","@graph":[{"@type":"WebPage","@id":"https:\/\/cancan.com.tr\/tum-urunler\/ananas-giyotin\/","url":"https:\/\/cancan.com.tr\/tum-urunler\/ananas-giyotin\/","name":"[:tr]0810 Ananas Giyotin[:en]0810 Pineapple Guillotine Cutter[:] - Cancan Meyve Presleri","isPartOf":{"@id":"https:\/\/cancan.com.tr\/#website"},"primaryImageOfPage":{"@id":"https:\/\/cancan.com.tr\/tum-urunler\/ananas-giyotin\/#primaryimage"},"image":{"@id":"https:\/\/cancan.com.tr\/tum-urunler\/ananas-giyotin\/#primaryimage"},"thumbnailUrl":"https:\/\/cancan.com.tr\/wp-content\/uploads\/2023\/10\/0810.jpg","datePublished":"2023-10-10T14:14:52+00:00","dateModified":"2026-03-02T06:40:11+00:00","breadcrumb":{"@id":"https:\/\/cancan.com.tr\/tum-urunler\/ananas-giyotin\/#breadcrumb"},"inLanguage":"en-US","potentialAction":[{"@type":"ReadAction","target":["https:\/\/cancan.com.tr\/tum-urunler\/ananas-giyotin\/"]}]},{"@type":"ImageObject","inLanguage":"en-US","@id":"https:\/\/cancan.com.tr\/tum-urunler\/ananas-giyotin\/#primaryimage","url":"https:\/\/cancan.com.tr\/wp-content\/uploads\/2023\/10\/0810.jpg","contentUrl":"https:\/\/cancan.com.tr\/wp-content\/uploads\/2023\/10\/0810.jpg","width":675,"height":828},{"@type":"BreadcrumbList","@id":"https:\/\/cancan.com.tr\/tum-urunler\/ananas-giyotin\/#breadcrumb","itemListElement":[{"@type":"ListItem","position":1,"name":"Anasayfa","item":"https:\/\/cancan.com.tr\/"},{"@type":"ListItem","position":2,"name":"Products","item":"https:\/\/cancan.com.tr\/en\/products-2\/"},{"@type":"ListItem","position":3,"name":"0810 Ananas Giyotin"}]},{"@type":"WebSite","@id":"https:\/\/cancan.com.tr\/#website","url":"https:\/\/cancan.com.tr\/","name":"Cancan Meyve Presleri","description":"www.cancan.com.tr","publisher":{"@id":"https:\/\/cancan.com.tr\/#organization"},"potentialAction":[{"@type":"SearchAction","target":{"@type":"EntryPoint","urlTemplate":"https:\/\/cancan.com.tr\/?s={search_term_string}"},"query-input":{"@type":"PropertyValueSpecification","valueRequired":true,"valueName":"search_term_string"}}],"inLanguage":"en-US"},{"@type":"Organization","@id":"https:\/\/cancan.com.tr\/#organization","name":"Cancan Meyve Presleri","url":"https:\/\/cancan.com.tr\/","logo":{"@type":"ImageObject","inLanguage":"en-US","@id":"https:\/\/cancan.com.tr\/#\/schema\/logo\/image\/","url":"https:\/\/cancan.com.tr\/wp-content\/uploads\/2026\/03\/CancanLogo.png","contentUrl":"https:\/\/cancan.com.tr\/wp-content\/uploads\/2026\/03\/CancanLogo.png","width":362,"height":67,"caption":"Cancan Meyve Presleri"},"image":{"@id":"https:\/\/cancan.com.tr\/#\/schema\/logo\/image\/"}}]}},"_links":{"self":[{"href":"https:\/\/cancan.com.tr\/en\/wp-json\/wp\/v2\/product\/8091","targetHints":{"allow":["GET"]}}],"collection":[{"href":"https:\/\/cancan.com.tr\/en\/wp-json\/wp\/v2\/product"}],"about":[{"href":"https:\/\/cancan.com.tr\/en\/wp-json\/wp\/v2\/types\/product"}],"replies":[{"embeddable":true,"href":"https:\/\/cancan.com.tr\/en\/wp-json\/wp\/v2\/comments?post=8091"}],"wp:featuredmedia":[{"embeddable":true,"href":"https:\/\/cancan.com.tr\/en\/wp-json\/wp\/v2\/media\/8183"}],"wp:attachment":[{"href":"https:\/\/cancan.com.tr\/en\/wp-json\/wp\/v2\/media?parent=8091"}],"wp:term":[{"taxonomy":"product_cat","embeddable":true,"href":"https:\/\/cancan.com.tr\/en\/wp-json\/wp\/v2\/product_cat?post=8091"},{"taxonomy":"product_tag","embeddable":true,"href":"https:\/\/cancan.com.tr\/en\/wp-json\/wp\/v2\/product_tag?post=8091"}],"curies":[{"name":"wp","href":"https:\/\/api.w.org\/{rel}","templated":true}]}}