{"id":6483,"date":"2023-09-19T11:27:52","date_gmt":"2023-09-19T08:27:52","guid":{"rendered":"https:\/\/mostdijital.com\/cancan\/?post_type=product&#038;p=6483"},"modified":"2026-03-02T09:41:07","modified_gmt":"2026-03-02T06:41:07","slug":"0801-ananas-soyma-makinesi","status":"publish","type":"product","link":"https:\/\/cancan.com.tr\/en\/all-products\/pineapple-peeler-machine\/","title":{"rendered":"0801 Pineapple Peeler Machine"},"content":{"rendered":"<p><\/p>\n<h2><span style=\"color: #fa0014;\">0801 Pineapple Peeler Machine\u00a0<\/span><\/h2>\n<p>The pineapple peeler is designed to effortlessly remove the peel and core of the pineapple in a single motion, making it ideal for use in hotels, restaurants, shopping malls, and grocery stores.<\/p>\n<hr \/>\n<h4>Polyethylene Slide<\/h4>\n<p>Pineapple is easily cut with help of specially designed oval structure of polyethylene green sliders.<\/p>\n<hr \/>\n<h4>Pushing Wedge Pin<\/h4>\n<p>It is a system designed to remove and clean the white pushing wedge easily from the machine.<\/p>\n<hr \/>\n<h4>Blade Cover<\/h4>\n<p>There is a blade hanging device on the pineapple peeling machine. Thust the spare blade does not occupy much space.<\/p>\n<hr \/>\n<h4>Safety Pin<\/h4>\n<p>Safety pin on the left side of the pineapple machine is designed to prevent the machines body from falling down after peeling the pineapple. The easy-to-use pin keeps the body up by pushing forward with a single move.<\/p>\n<hr \/>\n<h4>Pushing Wedge<\/h4>\n<p>The pushing wedge that cuts the pineapple by pressing the top of the pineapple fruit is totally suitable to food standards. Thanks to the blade structure wich is compatible with the knife, it ensures cutting without loss. It can be easily cleaned.<\/p>\n<hr \/>\n<h4>Stainless Steel Blade<\/h4>\n<p>The stainless blade has four different diameters depending on the size of the pineapples. Thus, it adapts to all different sizes of pineapples. The blade is specially made and does not blunt except for impact. There are two different size blades in the body.<\/p>","protected":false},"excerpt":{"rendered":"<h2><span style=\"color: #fa0014;\">0801 Pineapple Peeler Machine\u00a0<\/span><\/h2>\n<p>The pineapple peeler is designed to effortlessly remove the peel and core of the pineapple in a single motion, making it ideal for use in hotels, restaurants, shopping malls, and grocery stores.<\/p>\n<p><img loading=\"lazy\" decoding=\"async\" class=\"alignnone wp-image-8554\" src=\"https:\/\/cancan.com.tr\/wp-content\/uploads\/2023\/09\/ing-hazirlik-300x94.png\" alt=\"\" width=\"275\" height=\"86\" srcset=\"https:\/\/cancan.com.tr\/wp-content\/uploads\/2023\/09\/ing-hazirlik-300x94.png 300w, https:\/\/cancan.com.tr\/wp-content\/uploads\/2023\/09\/ing-hazirlik-600x188.png 600w, https:\/\/cancan.com.tr\/wp-content\/uploads\/2023\/09\/ing-hazirlik.png 752w\" sizes=\"auto, (max-width: 275px) 100vw, 275px\" \/><\/p>\n<p>https:\/\/youtu.be\/eFKJ4r50lYM?si=oNKQqllJTgrFIT5T<\/p>\n","protected":false},"featured_media":8182,"comment_status":"closed","ping_status":"closed","template":"","meta":[],"product_cat":[15,171,177],"product_tag":[188,145,219,189,218,183,221,139,185],"class_list":["post-6483","product","type-product","status-publish","has-post-thumbnail","hentry","product_cat-tum-urunler","product_cat-hazirlik-ekipmanlari","product_cat-manuel-konserve-acacaklari","product_tag-alisveris-merkezi","product_tag-tag1","product_tag-manuel-hazirlik","product_tag-otel","product_tag-paslanmaz","product_tag-restoranlar","product_tag-soyma-makineleri-hazirlik","product_tag-camera","product_tag-vitamin-barlar"],"acf":[],"yoast_head":"<!-- This site is optimized with the Yoast SEO plugin v27.0 - https:\/\/yoast.com\/product\/yoast-seo-wordpress\/ -->\n<title>0801 Pineapple Peeler Machine - Cancan Meyve Presleri<\/title>\n<meta name=\"robots\" content=\"index, follow, max-snippet:-1, max-image-preview:large, max-video-preview:-1\" \/>\n<link rel=\"canonical\" href=\"https:\/\/cancan.com.tr\/tum-urunler\/ananas-soyma-makinesi\/\" \/>\n<meta property=\"og:locale\" content=\"en_US\" \/>\n<meta property=\"og:type\" content=\"article\" \/>\n<meta property=\"og:title\" content=\"[:tr]0801 Ananas Soyma Makinesi[:en]0801 Pineapple Peeler Machine[:] - Cancan Meyve Presleri\" \/>\n<meta property=\"og:description\" content=\"[:tr]0801 Ananas Soyma Makinesi Ananas soyma makinesi, otel, restoran, al\u0131\u015fveri\u015f merkezleri, manav reyonlar\u0131 gibi mekanlarda ananas meyvesinin fazla bir g\u00fc\u00e7 gerektirmeden tek bir hareketle kabuk ve \u00e7ekirde\u011fini \u00e7\u0131karmak amac\u0131yla dizayn edilmi\u015ftir.    https:\/\/youtu.be\/eFKJ4r50lYM?si=oNKQqllJTgrFIT5T[:en]0801 Pineapple Peeler Machine\u00a0 The pineapple peeler is designed to effortlessly remove the peel and core of the pineapple in a single motion, making it ideal for use in hotels, restaurants, shopping malls, and grocery stores.    https:\/\/youtu.be\/eFKJ4r50lYM?si=oNKQqllJTgrFIT5T[:]\" \/>\n<meta property=\"og:url\" content=\"https:\/\/cancan.com.tr\/tum-urunler\/ananas-soyma-makinesi\/\" \/>\n<meta property=\"og:site_name\" content=\"Cancan Meyve Presleri\" \/>\n<meta property=\"article:modified_time\" content=\"2026-03-02T06:41:07+00:00\" \/>\n<meta property=\"og:image\" content=\"https:\/\/cancan.com.tr\/wp-content\/uploads\/2023\/09\/0801-1.jpg\" \/>\n\t<meta property=\"og:image:width\" content=\"675\" \/>\n\t<meta property=\"og:image:height\" content=\"828\" \/>\n\t<meta property=\"og:image:type\" content=\"image\/jpeg\" \/>\n<meta name=\"twitter:card\" content=\"summary_large_image\" \/>\n<meta name=\"twitter:label1\" content=\"Est. reading time\" \/>\n\t<meta name=\"twitter:data1\" content=\"3 minutes\" \/>\n<script type=\"application\/ld+json\" class=\"yoast-schema-graph\">{\"@context\":\"https:\/\/schema.org\",\"@graph\":[{\"@type\":\"WebPage\",\"@id\":\"https:\/\/cancan.com.tr\/tum-urunler\/ananas-soyma-makinesi\/\",\"url\":\"https:\/\/cancan.com.tr\/tum-urunler\/ananas-soyma-makinesi\/\",\"name\":\"[:tr]0801 Ananas Soyma Makinesi[:en]0801 Pineapple Peeler Machine[:] - Cancan Meyve Presleri\",\"isPartOf\":{\"@id\":\"https:\/\/cancan.com.tr\/#website\"},\"primaryImageOfPage\":{\"@id\":\"https:\/\/cancan.com.tr\/tum-urunler\/ananas-soyma-makinesi\/#primaryimage\"},\"image\":{\"@id\":\"https:\/\/cancan.com.tr\/tum-urunler\/ananas-soyma-makinesi\/#primaryimage\"},\"thumbnailUrl\":\"https:\/\/cancan.com.tr\/wp-content\/uploads\/2023\/09\/0801-1.jpg\",\"datePublished\":\"2023-09-19T08:27:52+00:00\",\"dateModified\":\"2026-03-02T06:41:07+00:00\",\"breadcrumb\":{\"@id\":\"https:\/\/cancan.com.tr\/tum-urunler\/ananas-soyma-makinesi\/#breadcrumb\"},\"inLanguage\":\"en-US\",\"potentialAction\":[{\"@type\":\"ReadAction\",\"target\":[\"https:\/\/cancan.com.tr\/tum-urunler\/ananas-soyma-makinesi\/\"]}]},{\"@type\":\"ImageObject\",\"inLanguage\":\"en-US\",\"@id\":\"https:\/\/cancan.com.tr\/tum-urunler\/ananas-soyma-makinesi\/#primaryimage\",\"url\":\"https:\/\/cancan.com.tr\/wp-content\/uploads\/2023\/09\/0801-1.jpg\",\"contentUrl\":\"https:\/\/cancan.com.tr\/wp-content\/uploads\/2023\/09\/0801-1.jpg\",\"width\":675,\"height\":828},{\"@type\":\"BreadcrumbList\",\"@id\":\"https:\/\/cancan.com.tr\/tum-urunler\/ananas-soyma-makinesi\/#breadcrumb\",\"itemListElement\":[{\"@type\":\"ListItem\",\"position\":1,\"name\":\"Anasayfa\",\"item\":\"https:\/\/cancan.com.tr\/\"},{\"@type\":\"ListItem\",\"position\":2,\"name\":\"Products\",\"item\":\"https:\/\/cancan.com.tr\/en\/products-2\/\"},{\"@type\":\"ListItem\",\"position\":3,\"name\":\"0801 Ananas Soyma Makinesi\"}]},{\"@type\":\"WebSite\",\"@id\":\"https:\/\/cancan.com.tr\/#website\",\"url\":\"https:\/\/cancan.com.tr\/\",\"name\":\"Cancan Meyve Presleri\",\"description\":\"www.cancan.com.tr\",\"publisher\":{\"@id\":\"https:\/\/cancan.com.tr\/#organization\"},\"potentialAction\":[{\"@type\":\"SearchAction\",\"target\":{\"@type\":\"EntryPoint\",\"urlTemplate\":\"https:\/\/cancan.com.tr\/?s={search_term_string}\"},\"query-input\":{\"@type\":\"PropertyValueSpecification\",\"valueRequired\":true,\"valueName\":\"search_term_string\"}}],\"inLanguage\":\"en-US\"},{\"@type\":\"Organization\",\"@id\":\"https:\/\/cancan.com.tr\/#organization\",\"name\":\"Cancan Meyve Presleri\",\"url\":\"https:\/\/cancan.com.tr\/\",\"logo\":{\"@type\":\"ImageObject\",\"inLanguage\":\"en-US\",\"@id\":\"https:\/\/cancan.com.tr\/#\/schema\/logo\/image\/\",\"url\":\"https:\/\/cancan.com.tr\/wp-content\/uploads\/2026\/03\/CancanLogo.png\",\"contentUrl\":\"https:\/\/cancan.com.tr\/wp-content\/uploads\/2026\/03\/CancanLogo.png\",\"width\":362,\"height\":67,\"caption\":\"Cancan Meyve Presleri\"},\"image\":{\"@id\":\"https:\/\/cancan.com.tr\/#\/schema\/logo\/image\/\"}}]}<\/script>\n<!-- \/ Yoast SEO plugin. -->","yoast_head_json":{"title":"[:tr]0801 Ananas Soyma Makinesi[:en]0801 Pineapple Peeler Machine[:] - Cancan Meyve Presleri","robots":{"index":"index","follow":"follow","max-snippet":"max-snippet:-1","max-image-preview":"max-image-preview:large","max-video-preview":"max-video-preview:-1"},"canonical":"https:\/\/cancan.com.tr\/tum-urunler\/ananas-soyma-makinesi\/","og_locale":"en_US","og_type":"article","og_title":"[:tr]0801 Ananas Soyma Makinesi[:en]0801 Pineapple Peeler Machine[:] - Cancan Meyve Presleri","og_description":"[:tr]0801 Ananas Soyma Makinesi Ananas soyma makinesi, otel, restoran, al\u0131\u015fveri\u015f merkezleri, manav reyonlar\u0131 gibi mekanlarda ananas meyvesinin fazla bir g\u00fc\u00e7 gerektirmeden tek bir hareketle kabuk ve \u00e7ekirde\u011fini \u00e7\u0131karmak amac\u0131yla dizayn edilmi\u015ftir.    https:\/\/youtu.be\/eFKJ4r50lYM?si=oNKQqllJTgrFIT5T[:en]0801 Pineapple Peeler Machine\u00a0 The pineapple peeler is designed to effortlessly remove the peel and core of the pineapple in a single motion, making it ideal for use in hotels, restaurants, shopping malls, and grocery stores.    https:\/\/youtu.be\/eFKJ4r50lYM?si=oNKQqllJTgrFIT5T[:]","og_url":"https:\/\/cancan.com.tr\/tum-urunler\/ananas-soyma-makinesi\/","og_site_name":"Cancan Meyve Presleri","article_modified_time":"2026-03-02T06:41:07+00:00","og_image":[{"width":675,"height":828,"url":"https:\/\/cancan.com.tr\/wp-content\/uploads\/2023\/09\/0801-1.jpg","type":"image\/jpeg"}],"twitter_card":"summary_large_image","twitter_misc":{"Est. reading time":"3 minutes"},"schema":{"@context":"https:\/\/schema.org","@graph":[{"@type":"WebPage","@id":"https:\/\/cancan.com.tr\/tum-urunler\/ananas-soyma-makinesi\/","url":"https:\/\/cancan.com.tr\/tum-urunler\/ananas-soyma-makinesi\/","name":"[:tr]0801 Ananas Soyma Makinesi[:en]0801 Pineapple Peeler Machine[:] - Cancan Meyve Presleri","isPartOf":{"@id":"https:\/\/cancan.com.tr\/#website"},"primaryImageOfPage":{"@id":"https:\/\/cancan.com.tr\/tum-urunler\/ananas-soyma-makinesi\/#primaryimage"},"image":{"@id":"https:\/\/cancan.com.tr\/tum-urunler\/ananas-soyma-makinesi\/#primaryimage"},"thumbnailUrl":"https:\/\/cancan.com.tr\/wp-content\/uploads\/2023\/09\/0801-1.jpg","datePublished":"2023-09-19T08:27:52+00:00","dateModified":"2026-03-02T06:41:07+00:00","breadcrumb":{"@id":"https:\/\/cancan.com.tr\/tum-urunler\/ananas-soyma-makinesi\/#breadcrumb"},"inLanguage":"en-US","potentialAction":[{"@type":"ReadAction","target":["https:\/\/cancan.com.tr\/tum-urunler\/ananas-soyma-makinesi\/"]}]},{"@type":"ImageObject","inLanguage":"en-US","@id":"https:\/\/cancan.com.tr\/tum-urunler\/ananas-soyma-makinesi\/#primaryimage","url":"https:\/\/cancan.com.tr\/wp-content\/uploads\/2023\/09\/0801-1.jpg","contentUrl":"https:\/\/cancan.com.tr\/wp-content\/uploads\/2023\/09\/0801-1.jpg","width":675,"height":828},{"@type":"BreadcrumbList","@id":"https:\/\/cancan.com.tr\/tum-urunler\/ananas-soyma-makinesi\/#breadcrumb","itemListElement":[{"@type":"ListItem","position":1,"name":"Anasayfa","item":"https:\/\/cancan.com.tr\/"},{"@type":"ListItem","position":2,"name":"Products","item":"https:\/\/cancan.com.tr\/en\/products-2\/"},{"@type":"ListItem","position":3,"name":"0801 Ananas Soyma Makinesi"}]},{"@type":"WebSite","@id":"https:\/\/cancan.com.tr\/#website","url":"https:\/\/cancan.com.tr\/","name":"Cancan Meyve Presleri","description":"www.cancan.com.tr","publisher":{"@id":"https:\/\/cancan.com.tr\/#organization"},"potentialAction":[{"@type":"SearchAction","target":{"@type":"EntryPoint","urlTemplate":"https:\/\/cancan.com.tr\/?s={search_term_string}"},"query-input":{"@type":"PropertyValueSpecification","valueRequired":true,"valueName":"search_term_string"}}],"inLanguage":"en-US"},{"@type":"Organization","@id":"https:\/\/cancan.com.tr\/#organization","name":"Cancan Meyve Presleri","url":"https:\/\/cancan.com.tr\/","logo":{"@type":"ImageObject","inLanguage":"en-US","@id":"https:\/\/cancan.com.tr\/#\/schema\/logo\/image\/","url":"https:\/\/cancan.com.tr\/wp-content\/uploads\/2026\/03\/CancanLogo.png","contentUrl":"https:\/\/cancan.com.tr\/wp-content\/uploads\/2026\/03\/CancanLogo.png","width":362,"height":67,"caption":"Cancan Meyve Presleri"},"image":{"@id":"https:\/\/cancan.com.tr\/#\/schema\/logo\/image\/"}}]}},"_links":{"self":[{"href":"https:\/\/cancan.com.tr\/en\/wp-json\/wp\/v2\/product\/6483","targetHints":{"allow":["GET"]}}],"collection":[{"href":"https:\/\/cancan.com.tr\/en\/wp-json\/wp\/v2\/product"}],"about":[{"href":"https:\/\/cancan.com.tr\/en\/wp-json\/wp\/v2\/types\/product"}],"replies":[{"embeddable":true,"href":"https:\/\/cancan.com.tr\/en\/wp-json\/wp\/v2\/comments?post=6483"}],"wp:featuredmedia":[{"embeddable":true,"href":"https:\/\/cancan.com.tr\/en\/wp-json\/wp\/v2\/media\/8182"}],"wp:attachment":[{"href":"https:\/\/cancan.com.tr\/en\/wp-json\/wp\/v2\/media?parent=6483"}],"wp:term":[{"taxonomy":"product_cat","embeddable":true,"href":"https:\/\/cancan.com.tr\/en\/wp-json\/wp\/v2\/product_cat?post=6483"},{"taxonomy":"product_tag","embeddable":true,"href":"https:\/\/cancan.com.tr\/en\/wp-json\/wp\/v2\/product_tag?post=6483"}],"curies":[{"name":"wp","href":"https:\/\/api.w.org\/{rel}","templated":true}]}}