{"id":6481,"date":"2023-09-19T10:08:23","date_gmt":"2023-09-19T07:08:23","guid":{"rendered":"https:\/\/mostdijital.com\/cancan\/?post_type=product&#038;p=6481"},"modified":"2024-11-07T11:44:54","modified_gmt":"2024-11-07T08:44:54","slug":"1001-kazan-yikama-makinesi","status":"publish","type":"product","link":"https:\/\/cancan.com.tr\/en\/all-products\/industrial-type-pot-washing-machine\/","title":{"rendered":"1001 Industrial Type Pot Washing Machine"},"content":{"rendered":"<p><\/p>\n<h2><span style=\"color: #188bcb;\">1001 Industrial Type Pot Washing Machine<\/span><\/h2>\n<p>The Industrial Type Pot Washing Machine is designed to efficiently clean dirt and oils from pots and pans in industrial kitchens using a rotating or polishing brush, without requiring much power.<\/p>\n<hr \/>\n<h4><strong>High Hygiene Standard<\/strong><\/h4>\n<p>Thanks to its special design and technology, the boiler washing machine provides perfect cleaning and raises the hygiene standards of businesses to the highest levels. The machine cleans the oil, dirt, and residue that accumulate in pots, pans, and boilers down to the finest detail.<\/p>\n<hr \/>\n<h4><strong>Profit from Labor and Power Losses<\/strong><\/h4>\n<p>The boiler washing machine provides automatic and fast cleaning, reducing labor costs and minimizing energy losses. The machine&#8217;s efficient operating principle accelerates the cleaning process, reducing the number of staff required, while also optimizing energy consumption, thereby contributing to a significant reduction in operating costs.<\/p>\n<hr \/>\n<h4><strong>Wall Mounted<\/strong><\/h4>\n<p>When used stationary, the machine body is mounted on the wall.<\/p>\n<hr \/>\n<h4><strong>Mobile Car Option<\/strong><\/h4>\n<p>With the mobile car option made entirely of stainless steel material, it can be easily transported to the usage area and offers the opportunity to perform cleaning and polishing on the mobile car.<\/p>\n<hr \/>\n<h4><strong>Cleaning Brush Feature<\/strong><\/h4>\n<p>With the cleaning brush, the dirt on the boilers and pots can be easily cleaned with high temperature hot water without touching and without power. The rotating motion of the brush effectively removes dirt and grease from the surface, resulting in both labor and time savings.<\/p>\n<hr \/>\n<h4><strong>Polishing Brush Feature<\/strong><\/h4>\n<p>With the polishing brush, the blackening of the pots and the burnt bottom of the boiler bottoms are easily polished.<\/p>\n<hr \/>\n<h4><strong>Safety<\/strong><\/h4>\n<p>Since the engine part of the boiler washing machine works with oil pressure, it keeps the user working in water away from dangers such as electric shock.<\/p>","protected":false},"excerpt":{"rendered":"<h2><span style=\"color: #188bcb;\">1001 Industrial Type Pot Washing Machine<\/span><\/h2>\n<p>The Industrial Type Pot Washing Machine is designed to effi ciently clean dirt and oils from pots and pans in industrial kitchens using a rotating or polishing brush, without requiring much power. This machine reduces the workload of employees by providing high efficiency, especially in high-demand kitchen use, and helps maintain hygiene standards, thus ensuring that kitchen operations continue in a faster and more efficient manner.<\/p>\n","protected":false},"featured_media":8223,"comment_status":"closed","ping_status":"closed","template":"","meta":[],"product_cat":[15,172,206],"product_tag":[189,183],"class_list":["post-6481","product","type-product","status-publish","has-post-thumbnail","hentry","product_cat-tum-urunler","product_cat-yikama-durulama-ekipmanlari","product_cat-kazan-yikama-makinesi","product_tag-otel","product_tag-restoranlar"],"acf":[],"yoast_head":"<!-- This site is optimized with the Yoast SEO plugin v27.0 - https:\/\/yoast.com\/product\/yoast-seo-wordpress\/ -->\n<title>1001 Industrial Type Pot Washing Machine - Cancan Meyve Presleri<\/title>\n<meta name=\"robots\" content=\"index, follow, max-snippet:-1, max-image-preview:large, max-video-preview:-1\" \/>\n<link rel=\"canonical\" href=\"https:\/\/cancan.com.tr\/tum-urunler\/kazan-yikama-makinesi\/\" \/>\n<meta property=\"og:locale\" content=\"en_US\" \/>\n<meta property=\"og:type\" content=\"article\" \/>\n<meta property=\"og:title\" content=\"[:en]1001 Industrial Type Pot Washing Machine[:tr]1001 Kazan Y\u0131kama Makinesi[:] - Cancan Meyve Presleri\" \/>\n<meta property=\"og:description\" content=\"[:en]1001 Industrial Type Pot Washing Machine The Industrial Type Pot Washing Machine is designed to effi ciently clean dirt and oils from pots and pans in industrial kitchens using a rotating or polishing brush, without requiring much power. This machine reduces the workload of employees by providing high efficiency, especially in high-demand kitchen use, and helps maintain hygiene standards, thus ensuring that kitchen operations continue in a faster and more efficient manner.[:tr]1001 Kazan Y\u0131kama Makinesi Kazan y\u0131kama makinesi d\u00f6nen bir f\u0131r\u00e7a veya parlatma f\u0131r\u00e7as\u0131 yoluyla end\u00fcstriyel mutfaklardaki tencere, tava ve kazanlara yap\u0131\u015fan kirleri ve ya\u011flar\u0131 fazla g\u00fc\u00e7 gerektirmeden k\u0131sa s\u00fcrede, temizlenmesi i\u00e7in dizayn edilmi\u015ftir. Bu makine, \u00f6zellikle yo\u011fun mutfak kullan\u0131m\u0131nda y\u00fcksek verimlilik sa\u011flayarak, \u00e7al\u0131\u015fanlar\u0131n i\u015f y\u00fck\u00fcn\u00fc azalt\u0131r ve hijyen standartlar\u0131n\u0131n korunmas\u0131na yard\u0131mc\u0131 olur, b\u00f6ylece mutfak operasyonlar\u0131n\u0131n daha h\u0131zl\u0131 ve verimli bir \u015fekilde devam etmesini sa\u011flar.[:]\" \/>\n<meta property=\"og:url\" content=\"https:\/\/cancan.com.tr\/tum-urunler\/kazan-yikama-makinesi\/\" \/>\n<meta property=\"og:site_name\" content=\"Cancan Meyve Presleri\" \/>\n<meta property=\"article:modified_time\" content=\"2024-11-07T08:44:54+00:00\" \/>\n<meta property=\"og:image\" content=\"https:\/\/cancan.com.tr\/wp-content\/uploads\/2023\/09\/1001.jpg\" \/>\n\t<meta property=\"og:image:width\" content=\"675\" \/>\n\t<meta property=\"og:image:height\" content=\"828\" \/>\n\t<meta property=\"og:image:type\" content=\"image\/jpeg\" \/>\n<meta name=\"twitter:card\" content=\"summary_large_image\" \/>\n<meta name=\"twitter:label1\" content=\"Est. reading time\" \/>\n\t<meta name=\"twitter:data1\" content=\"3 minutes\" \/>\n<script type=\"application\/ld+json\" class=\"yoast-schema-graph\">{\"@context\":\"https:\/\/schema.org\",\"@graph\":[{\"@type\":\"WebPage\",\"@id\":\"https:\/\/cancan.com.tr\/tum-urunler\/kazan-yikama-makinesi\/\",\"url\":\"https:\/\/cancan.com.tr\/tum-urunler\/kazan-yikama-makinesi\/\",\"name\":\"[:en]1001 Industrial Type Pot Washing Machine[:tr]1001 Kazan Y\u0131kama Makinesi[:] - Cancan Meyve Presleri\",\"isPartOf\":{\"@id\":\"https:\/\/cancan.com.tr\/#website\"},\"primaryImageOfPage\":{\"@id\":\"https:\/\/cancan.com.tr\/tum-urunler\/kazan-yikama-makinesi\/#primaryimage\"},\"image\":{\"@id\":\"https:\/\/cancan.com.tr\/tum-urunler\/kazan-yikama-makinesi\/#primaryimage\"},\"thumbnailUrl\":\"https:\/\/cancan.com.tr\/wp-content\/uploads\/2023\/09\/1001.jpg\",\"datePublished\":\"2023-09-19T07:08:23+00:00\",\"dateModified\":\"2024-11-07T08:44:54+00:00\",\"breadcrumb\":{\"@id\":\"https:\/\/cancan.com.tr\/tum-urunler\/kazan-yikama-makinesi\/#breadcrumb\"},\"inLanguage\":\"en-US\",\"potentialAction\":[{\"@type\":\"ReadAction\",\"target\":[\"https:\/\/cancan.com.tr\/tum-urunler\/kazan-yikama-makinesi\/\"]}]},{\"@type\":\"ImageObject\",\"inLanguage\":\"en-US\",\"@id\":\"https:\/\/cancan.com.tr\/tum-urunler\/kazan-yikama-makinesi\/#primaryimage\",\"url\":\"https:\/\/cancan.com.tr\/wp-content\/uploads\/2023\/09\/1001.jpg\",\"contentUrl\":\"https:\/\/cancan.com.tr\/wp-content\/uploads\/2023\/09\/1001.jpg\",\"width\":675,\"height\":828},{\"@type\":\"BreadcrumbList\",\"@id\":\"https:\/\/cancan.com.tr\/tum-urunler\/kazan-yikama-makinesi\/#breadcrumb\",\"itemListElement\":[{\"@type\":\"ListItem\",\"position\":1,\"name\":\"Anasayfa\",\"item\":\"https:\/\/cancan.com.tr\/\"},{\"@type\":\"ListItem\",\"position\":2,\"name\":\"Products\",\"item\":\"https:\/\/cancan.com.tr\/en\/products-2\/\"},{\"@type\":\"ListItem\",\"position\":3,\"name\":\"1001 Kazan Y\u0131kama Makinesi\"}]},{\"@type\":\"WebSite\",\"@id\":\"https:\/\/cancan.com.tr\/#website\",\"url\":\"https:\/\/cancan.com.tr\/\",\"name\":\"Cancan Meyve Presleri\",\"description\":\"www.cancan.com.tr\",\"publisher\":{\"@id\":\"https:\/\/cancan.com.tr\/#organization\"},\"potentialAction\":[{\"@type\":\"SearchAction\",\"target\":{\"@type\":\"EntryPoint\",\"urlTemplate\":\"https:\/\/cancan.com.tr\/?s={search_term_string}\"},\"query-input\":{\"@type\":\"PropertyValueSpecification\",\"valueRequired\":true,\"valueName\":\"search_term_string\"}}],\"inLanguage\":\"en-US\"},{\"@type\":\"Organization\",\"@id\":\"https:\/\/cancan.com.tr\/#organization\",\"name\":\"Cancan Meyve Presleri\",\"url\":\"https:\/\/cancan.com.tr\/\",\"logo\":{\"@type\":\"ImageObject\",\"inLanguage\":\"en-US\",\"@id\":\"https:\/\/cancan.com.tr\/#\/schema\/logo\/image\/\",\"url\":\"https:\/\/cancan.com.tr\/wp-content\/uploads\/2026\/03\/CancanLogo.png\",\"contentUrl\":\"https:\/\/cancan.com.tr\/wp-content\/uploads\/2026\/03\/CancanLogo.png\",\"width\":362,\"height\":67,\"caption\":\"Cancan Meyve Presleri\"},\"image\":{\"@id\":\"https:\/\/cancan.com.tr\/#\/schema\/logo\/image\/\"}}]}<\/script>\n<!-- \/ Yoast SEO plugin. -->","yoast_head_json":{"title":"[:en]1001 Industrial Type Pot Washing Machine[:tr]1001 Kazan Y\u0131kama Makinesi[:] - Cancan Meyve Presleri","robots":{"index":"index","follow":"follow","max-snippet":"max-snippet:-1","max-image-preview":"max-image-preview:large","max-video-preview":"max-video-preview:-1"},"canonical":"https:\/\/cancan.com.tr\/tum-urunler\/kazan-yikama-makinesi\/","og_locale":"en_US","og_type":"article","og_title":"[:en]1001 Industrial Type Pot Washing Machine[:tr]1001 Kazan Y\u0131kama Makinesi[:] - Cancan Meyve Presleri","og_description":"[:en]1001 Industrial Type Pot Washing Machine The Industrial Type Pot Washing Machine is designed to effi ciently clean dirt and oils from pots and pans in industrial kitchens using a rotating or polishing brush, without requiring much power. This machine reduces the workload of employees by providing high efficiency, especially in high-demand kitchen use, and helps maintain hygiene standards, thus ensuring that kitchen operations continue in a faster and more efficient manner.[:tr]1001 Kazan Y\u0131kama Makinesi Kazan y\u0131kama makinesi d\u00f6nen bir f\u0131r\u00e7a veya parlatma f\u0131r\u00e7as\u0131 yoluyla end\u00fcstriyel mutfaklardaki tencere, tava ve kazanlara yap\u0131\u015fan kirleri ve ya\u011flar\u0131 fazla g\u00fc\u00e7 gerektirmeden k\u0131sa s\u00fcrede, temizlenmesi i\u00e7in dizayn edilmi\u015ftir. Bu makine, \u00f6zellikle yo\u011fun mutfak kullan\u0131m\u0131nda y\u00fcksek verimlilik sa\u011flayarak, \u00e7al\u0131\u015fanlar\u0131n i\u015f y\u00fck\u00fcn\u00fc azalt\u0131r ve hijyen standartlar\u0131n\u0131n korunmas\u0131na yard\u0131mc\u0131 olur, b\u00f6ylece mutfak operasyonlar\u0131n\u0131n daha h\u0131zl\u0131 ve verimli bir \u015fekilde devam etmesini sa\u011flar.[:]","og_url":"https:\/\/cancan.com.tr\/tum-urunler\/kazan-yikama-makinesi\/","og_site_name":"Cancan Meyve Presleri","article_modified_time":"2024-11-07T08:44:54+00:00","og_image":[{"width":675,"height":828,"url":"https:\/\/cancan.com.tr\/wp-content\/uploads\/2023\/09\/1001.jpg","type":"image\/jpeg"}],"twitter_card":"summary_large_image","twitter_misc":{"Est. reading time":"3 minutes"},"schema":{"@context":"https:\/\/schema.org","@graph":[{"@type":"WebPage","@id":"https:\/\/cancan.com.tr\/tum-urunler\/kazan-yikama-makinesi\/","url":"https:\/\/cancan.com.tr\/tum-urunler\/kazan-yikama-makinesi\/","name":"[:en]1001 Industrial Type Pot Washing Machine[:tr]1001 Kazan Y\u0131kama Makinesi[:] - Cancan Meyve Presleri","isPartOf":{"@id":"https:\/\/cancan.com.tr\/#website"},"primaryImageOfPage":{"@id":"https:\/\/cancan.com.tr\/tum-urunler\/kazan-yikama-makinesi\/#primaryimage"},"image":{"@id":"https:\/\/cancan.com.tr\/tum-urunler\/kazan-yikama-makinesi\/#primaryimage"},"thumbnailUrl":"https:\/\/cancan.com.tr\/wp-content\/uploads\/2023\/09\/1001.jpg","datePublished":"2023-09-19T07:08:23+00:00","dateModified":"2024-11-07T08:44:54+00:00","breadcrumb":{"@id":"https:\/\/cancan.com.tr\/tum-urunler\/kazan-yikama-makinesi\/#breadcrumb"},"inLanguage":"en-US","potentialAction":[{"@type":"ReadAction","target":["https:\/\/cancan.com.tr\/tum-urunler\/kazan-yikama-makinesi\/"]}]},{"@type":"ImageObject","inLanguage":"en-US","@id":"https:\/\/cancan.com.tr\/tum-urunler\/kazan-yikama-makinesi\/#primaryimage","url":"https:\/\/cancan.com.tr\/wp-content\/uploads\/2023\/09\/1001.jpg","contentUrl":"https:\/\/cancan.com.tr\/wp-content\/uploads\/2023\/09\/1001.jpg","width":675,"height":828},{"@type":"BreadcrumbList","@id":"https:\/\/cancan.com.tr\/tum-urunler\/kazan-yikama-makinesi\/#breadcrumb","itemListElement":[{"@type":"ListItem","position":1,"name":"Anasayfa","item":"https:\/\/cancan.com.tr\/"},{"@type":"ListItem","position":2,"name":"Products","item":"https:\/\/cancan.com.tr\/en\/products-2\/"},{"@type":"ListItem","position":3,"name":"1001 Kazan Y\u0131kama Makinesi"}]},{"@type":"WebSite","@id":"https:\/\/cancan.com.tr\/#website","url":"https:\/\/cancan.com.tr\/","name":"Cancan Meyve Presleri","description":"www.cancan.com.tr","publisher":{"@id":"https:\/\/cancan.com.tr\/#organization"},"potentialAction":[{"@type":"SearchAction","target":{"@type":"EntryPoint","urlTemplate":"https:\/\/cancan.com.tr\/?s={search_term_string}"},"query-input":{"@type":"PropertyValueSpecification","valueRequired":true,"valueName":"search_term_string"}}],"inLanguage":"en-US"},{"@type":"Organization","@id":"https:\/\/cancan.com.tr\/#organization","name":"Cancan Meyve Presleri","url":"https:\/\/cancan.com.tr\/","logo":{"@type":"ImageObject","inLanguage":"en-US","@id":"https:\/\/cancan.com.tr\/#\/schema\/logo\/image\/","url":"https:\/\/cancan.com.tr\/wp-content\/uploads\/2026\/03\/CancanLogo.png","contentUrl":"https:\/\/cancan.com.tr\/wp-content\/uploads\/2026\/03\/CancanLogo.png","width":362,"height":67,"caption":"Cancan Meyve Presleri"},"image":{"@id":"https:\/\/cancan.com.tr\/#\/schema\/logo\/image\/"}}]}},"_links":{"self":[{"href":"https:\/\/cancan.com.tr\/en\/wp-json\/wp\/v2\/product\/6481","targetHints":{"allow":["GET"]}}],"collection":[{"href":"https:\/\/cancan.com.tr\/en\/wp-json\/wp\/v2\/product"}],"about":[{"href":"https:\/\/cancan.com.tr\/en\/wp-json\/wp\/v2\/types\/product"}],"replies":[{"embeddable":true,"href":"https:\/\/cancan.com.tr\/en\/wp-json\/wp\/v2\/comments?post=6481"}],"wp:featuredmedia":[{"embeddable":true,"href":"https:\/\/cancan.com.tr\/en\/wp-json\/wp\/v2\/media\/8223"}],"wp:attachment":[{"href":"https:\/\/cancan.com.tr\/en\/wp-json\/wp\/v2\/media?parent=6481"}],"wp:term":[{"taxonomy":"product_cat","embeddable":true,"href":"https:\/\/cancan.com.tr\/en\/wp-json\/wp\/v2\/product_cat?post=6481"},{"taxonomy":"product_tag","embeddable":true,"href":"https:\/\/cancan.com.tr\/en\/wp-json\/wp\/v2\/product_tag?post=6481"}],"curies":[{"name":"wp","href":"https:\/\/api.w.org\/{rel}","templated":true}]}}