{"id":6435,"date":"2023-09-19T09:14:05","date_gmt":"2023-09-19T06:14:05","guid":{"rendered":"https:\/\/mostdijital.com\/cancan\/?post_type=product&#038;p=6435"},"modified":"2024-11-07T13:48:44","modified_gmt":"2024-11-07T10:48:44","slug":"0511-kazan-doldurma-muslugu","status":"publish","type":"product","link":"https:\/\/cancan.com.tr\/en\/all-products\/sink-mounted-pot-filler\/","title":{"rendered":"0511 Sink Mounted Pot Filler"},"content":{"rendered":"<p><\/p>\n<h2><span style=\"color: #188bcb;\">0511 Sink Mounted Pot Filler<\/span><\/h2>\n<p>It is designed to fi ll water into boilers and pots in industrial kitchens.<\/p>\n<hr \/>\n<p>&nbsp;<\/p>","protected":false},"excerpt":{"rendered":"<h2><span style=\"color: #188bcb;\">0511 Sink Mounted Pot Filler<\/span><\/h2>\n<p>The sink mount pot filler offers practical and efficient water filling solutions in industrial kitchens. Specifically designed for large boilers and pots, this faucet allows water to be filled quickly and easily, while also helping save space in the kitchen. Made from stainless steel, the sink mount pot filler is designed to withstand heavy use and, with its compliance to hygiene standards, reduces the workload of kitchen staff. Its easy-to-install design also provides significant convenience in terms of maintenance and cleaning, minimizing time and labor loss in industrial kitchens.<\/p>\n<p><img loading=\"lazy\" decoding=\"async\" class=\"alignnone wp-image-8624\" src=\"https:\/\/cancan.com.tr\/wp-content\/uploads\/2023\/09\/ing-kazan-300x166.png\" alt=\"\" width=\"275\" height=\"152\" srcset=\"https:\/\/cancan.com.tr\/wp-content\/uploads\/2023\/09\/ing-kazan-300x166.png 300w, https:\/\/cancan.com.tr\/wp-content\/uploads\/2023\/09\/ing-kazan.png 500w\" sizes=\"auto, (max-width: 275px) 100vw, 275px\" \/><\/p>\n","protected":false},"featured_media":8215,"comment_status":"closed","ping_status":"closed","template":"","meta":[],"product_cat":[15,172,226],"product_tag":[189,183],"class_list":["post-6435","product","type-product","status-publish","has-post-thumbnail","hentry","product_cat-tum-urunler","product_cat-yikama-durulama-ekipmanlari","product_cat-kazan-doldurma","product_tag-otel","product_tag-restoranlar"],"acf":[],"yoast_head":"<!-- This site is optimized with the Yoast SEO plugin v27.0 - https:\/\/yoast.com\/product\/yoast-seo-wordpress\/ -->\n<title>0511 Sink Mounted Pot Filler - Cancan Meyve Presleri<\/title>\n<meta name=\"robots\" content=\"index, follow, max-snippet:-1, max-image-preview:large, max-video-preview:-1\" \/>\n<link rel=\"canonical\" href=\"https:\/\/cancan.com.tr\/tum-urunler\/tezgaha-monte-kazan-doldurma-muslugu\/\" \/>\n<meta property=\"og:locale\" content=\"en_US\" \/>\n<meta property=\"og:type\" content=\"article\" \/>\n<meta property=\"og:title\" content=\"[:en]0511 Sink Mounted Pot Filler[:tr]0511 Tezgaha Monte Kazan Doldurma Muslu\u011fu[:] - Cancan Meyve Presleri\" \/>\n<meta property=\"og:description\" content=\"[:en]0511 Sink Mounted Pot Filler The sink mount pot filler offers practical and efficient water filling solutions in industrial kitchens. Specifically designed for large boilers and pots, this faucet allows water to be filled quickly and easily, while also helping save space in the kitchen. Made from stainless steel, the sink mount pot filler is designed to withstand heavy use and, with its compliance to hygiene standards, reduces the workload of kitchen staff. Its easy-to-install design also provides significant convenience in terms of maintenance and cleaning, minimizing time and labor loss in industrial kitchens.  [:tr]0511 Tezgaha Monte Kazan Doldurma Muslu\u011fu Tezgaha monte edilen kazan doldurma muslu\u011fu, end\u00fcstriyel mutfaklarda pratik ve verimli su doldurma \u00e7\u00f6z\u00fcmleri sunar. \u00d6zellikle b\u00fcy\u00fck kazanlar ve tencereler i\u00e7in tasarlanm\u0131\u015f bu musluk, hem suyun kolayca ve h\u0131zl\u0131 bir \u015fekilde doldurulmas\u0131n\u0131 sa\u011flar hem de mutfak alan\u0131nda yerden tasarruf edilmesine yard\u0131mc\u0131 olur. Paslanmaz \u00e7elik malzemeden \u00fcretilmi\u015f olan bu musluk, yo\u011fun kullan\u0131m ko\u015fullar\u0131na dayanacak \u015fekilde tasarlanm\u0131\u015f olup, hijyen standartlar\u0131na uygunlu\u011fu ile mutfak personelinin i\u015f y\u00fck\u00fcn\u00fc hafifletir. Kolayca monte edilebilen yap\u0131s\u0131, bak\u0131m ve temizlik a\u00e7\u0131s\u0131ndan da b\u00fcy\u00fck kolayl\u0131k sa\u011flar, b\u00f6ylece end\u00fcstriyel mutfaklarda zaman ve i\u015f g\u00fcc\u00fc kayb\u0131n\u0131 minimuma indirir. [:]\" \/>\n<meta property=\"og:url\" content=\"https:\/\/cancan.com.tr\/tum-urunler\/tezgaha-monte-kazan-doldurma-muslugu\/\" \/>\n<meta property=\"og:site_name\" content=\"Cancan Meyve Presleri\" \/>\n<meta property=\"article:modified_time\" content=\"2024-11-07T10:48:44+00:00\" \/>\n<meta property=\"og:image\" content=\"https:\/\/cancan.com.tr\/wp-content\/uploads\/2023\/09\/0511.jpg\" \/>\n\t<meta property=\"og:image:width\" content=\"675\" \/>\n\t<meta property=\"og:image:height\" content=\"828\" \/>\n\t<meta property=\"og:image:type\" content=\"image\/jpeg\" \/>\n<meta name=\"twitter:card\" content=\"summary_large_image\" \/>\n<script type=\"application\/ld+json\" class=\"yoast-schema-graph\">{\"@context\":\"https:\/\/schema.org\",\"@graph\":[{\"@type\":\"WebPage\",\"@id\":\"https:\/\/cancan.com.tr\/tum-urunler\/tezgaha-monte-kazan-doldurma-muslugu\/\",\"url\":\"https:\/\/cancan.com.tr\/tum-urunler\/tezgaha-monte-kazan-doldurma-muslugu\/\",\"name\":\"[:en]0511 Sink Mounted Pot Filler[:tr]0511 Tezgaha Monte Kazan Doldurma Muslu\u011fu[:] - Cancan Meyve Presleri\",\"isPartOf\":{\"@id\":\"https:\/\/cancan.com.tr\/#website\"},\"primaryImageOfPage\":{\"@id\":\"https:\/\/cancan.com.tr\/tum-urunler\/tezgaha-monte-kazan-doldurma-muslugu\/#primaryimage\"},\"image\":{\"@id\":\"https:\/\/cancan.com.tr\/tum-urunler\/tezgaha-monte-kazan-doldurma-muslugu\/#primaryimage\"},\"thumbnailUrl\":\"https:\/\/cancan.com.tr\/wp-content\/uploads\/2023\/09\/0511.jpg\",\"datePublished\":\"2023-09-19T06:14:05+00:00\",\"dateModified\":\"2024-11-07T10:48:44+00:00\",\"breadcrumb\":{\"@id\":\"https:\/\/cancan.com.tr\/tum-urunler\/tezgaha-monte-kazan-doldurma-muslugu\/#breadcrumb\"},\"inLanguage\":\"en-US\",\"potentialAction\":[{\"@type\":\"ReadAction\",\"target\":[\"https:\/\/cancan.com.tr\/tum-urunler\/tezgaha-monte-kazan-doldurma-muslugu\/\"]}]},{\"@type\":\"ImageObject\",\"inLanguage\":\"en-US\",\"@id\":\"https:\/\/cancan.com.tr\/tum-urunler\/tezgaha-monte-kazan-doldurma-muslugu\/#primaryimage\",\"url\":\"https:\/\/cancan.com.tr\/wp-content\/uploads\/2023\/09\/0511.jpg\",\"contentUrl\":\"https:\/\/cancan.com.tr\/wp-content\/uploads\/2023\/09\/0511.jpg\",\"width\":675,\"height\":828},{\"@type\":\"BreadcrumbList\",\"@id\":\"https:\/\/cancan.com.tr\/tum-urunler\/tezgaha-monte-kazan-doldurma-muslugu\/#breadcrumb\",\"itemListElement\":[{\"@type\":\"ListItem\",\"position\":1,\"name\":\"Anasayfa\",\"item\":\"https:\/\/cancan.com.tr\/\"},{\"@type\":\"ListItem\",\"position\":2,\"name\":\"Products\",\"item\":\"https:\/\/cancan.com.tr\/en\/products-2\/\"},{\"@type\":\"ListItem\",\"position\":3,\"name\":\"0511 Tezgaha Monte Kazan Doldurma Muslu\u011fu\"}]},{\"@type\":\"WebSite\",\"@id\":\"https:\/\/cancan.com.tr\/#website\",\"url\":\"https:\/\/cancan.com.tr\/\",\"name\":\"Cancan Meyve Presleri\",\"description\":\"www.cancan.com.tr\",\"publisher\":{\"@id\":\"https:\/\/cancan.com.tr\/#organization\"},\"potentialAction\":[{\"@type\":\"SearchAction\",\"target\":{\"@type\":\"EntryPoint\",\"urlTemplate\":\"https:\/\/cancan.com.tr\/?s={search_term_string}\"},\"query-input\":{\"@type\":\"PropertyValueSpecification\",\"valueRequired\":true,\"valueName\":\"search_term_string\"}}],\"inLanguage\":\"en-US\"},{\"@type\":\"Organization\",\"@id\":\"https:\/\/cancan.com.tr\/#organization\",\"name\":\"Cancan Meyve Presleri\",\"url\":\"https:\/\/cancan.com.tr\/\",\"logo\":{\"@type\":\"ImageObject\",\"inLanguage\":\"en-US\",\"@id\":\"https:\/\/cancan.com.tr\/#\/schema\/logo\/image\/\",\"url\":\"https:\/\/cancan.com.tr\/wp-content\/uploads\/2026\/03\/CancanLogo.png\",\"contentUrl\":\"https:\/\/cancan.com.tr\/wp-content\/uploads\/2026\/03\/CancanLogo.png\",\"width\":362,\"height\":67,\"caption\":\"Cancan Meyve Presleri\"},\"image\":{\"@id\":\"https:\/\/cancan.com.tr\/#\/schema\/logo\/image\/\"}}]}<\/script>\n<!-- \/ Yoast SEO plugin. -->","yoast_head_json":{"title":"[:en]0511 Sink Mounted Pot Filler[:tr]0511 Tezgaha Monte Kazan Doldurma Muslu\u011fu[:] - Cancan Meyve Presleri","robots":{"index":"index","follow":"follow","max-snippet":"max-snippet:-1","max-image-preview":"max-image-preview:large","max-video-preview":"max-video-preview:-1"},"canonical":"https:\/\/cancan.com.tr\/tum-urunler\/tezgaha-monte-kazan-doldurma-muslugu\/","og_locale":"en_US","og_type":"article","og_title":"[:en]0511 Sink Mounted Pot Filler[:tr]0511 Tezgaha Monte Kazan Doldurma Muslu\u011fu[:] - Cancan Meyve Presleri","og_description":"[:en]0511 Sink Mounted Pot Filler The sink mount pot filler offers practical and efficient water filling solutions in industrial kitchens. Specifically designed for large boilers and pots, this faucet allows water to be filled quickly and easily, while also helping save space in the kitchen. Made from stainless steel, the sink mount pot filler is designed to withstand heavy use and, with its compliance to hygiene standards, reduces the workload of kitchen staff. Its easy-to-install design also provides significant convenience in terms of maintenance and cleaning, minimizing time and labor loss in industrial kitchens.  [:tr]0511 Tezgaha Monte Kazan Doldurma Muslu\u011fu Tezgaha monte edilen kazan doldurma muslu\u011fu, end\u00fcstriyel mutfaklarda pratik ve verimli su doldurma \u00e7\u00f6z\u00fcmleri sunar. \u00d6zellikle b\u00fcy\u00fck kazanlar ve tencereler i\u00e7in tasarlanm\u0131\u015f bu musluk, hem suyun kolayca ve h\u0131zl\u0131 bir \u015fekilde doldurulmas\u0131n\u0131 sa\u011flar hem de mutfak alan\u0131nda yerden tasarruf edilmesine yard\u0131mc\u0131 olur. Paslanmaz \u00e7elik malzemeden \u00fcretilmi\u015f olan bu musluk, yo\u011fun kullan\u0131m ko\u015fullar\u0131na dayanacak \u015fekilde tasarlanm\u0131\u015f olup, hijyen standartlar\u0131na uygunlu\u011fu ile mutfak personelinin i\u015f y\u00fck\u00fcn\u00fc hafifletir. Kolayca monte edilebilen yap\u0131s\u0131, bak\u0131m ve temizlik a\u00e7\u0131s\u0131ndan da b\u00fcy\u00fck kolayl\u0131k sa\u011flar, b\u00f6ylece end\u00fcstriyel mutfaklarda zaman ve i\u015f g\u00fcc\u00fc kayb\u0131n\u0131 minimuma indirir. [:]","og_url":"https:\/\/cancan.com.tr\/tum-urunler\/tezgaha-monte-kazan-doldurma-muslugu\/","og_site_name":"Cancan Meyve Presleri","article_modified_time":"2024-11-07T10:48:44+00:00","og_image":[{"width":675,"height":828,"url":"https:\/\/cancan.com.tr\/wp-content\/uploads\/2023\/09\/0511.jpg","type":"image\/jpeg"}],"twitter_card":"summary_large_image","schema":{"@context":"https:\/\/schema.org","@graph":[{"@type":"WebPage","@id":"https:\/\/cancan.com.tr\/tum-urunler\/tezgaha-monte-kazan-doldurma-muslugu\/","url":"https:\/\/cancan.com.tr\/tum-urunler\/tezgaha-monte-kazan-doldurma-muslugu\/","name":"[:en]0511 Sink Mounted Pot Filler[:tr]0511 Tezgaha Monte Kazan Doldurma Muslu\u011fu[:] - Cancan Meyve Presleri","isPartOf":{"@id":"https:\/\/cancan.com.tr\/#website"},"primaryImageOfPage":{"@id":"https:\/\/cancan.com.tr\/tum-urunler\/tezgaha-monte-kazan-doldurma-muslugu\/#primaryimage"},"image":{"@id":"https:\/\/cancan.com.tr\/tum-urunler\/tezgaha-monte-kazan-doldurma-muslugu\/#primaryimage"},"thumbnailUrl":"https:\/\/cancan.com.tr\/wp-content\/uploads\/2023\/09\/0511.jpg","datePublished":"2023-09-19T06:14:05+00:00","dateModified":"2024-11-07T10:48:44+00:00","breadcrumb":{"@id":"https:\/\/cancan.com.tr\/tum-urunler\/tezgaha-monte-kazan-doldurma-muslugu\/#breadcrumb"},"inLanguage":"en-US","potentialAction":[{"@type":"ReadAction","target":["https:\/\/cancan.com.tr\/tum-urunler\/tezgaha-monte-kazan-doldurma-muslugu\/"]}]},{"@type":"ImageObject","inLanguage":"en-US","@id":"https:\/\/cancan.com.tr\/tum-urunler\/tezgaha-monte-kazan-doldurma-muslugu\/#primaryimage","url":"https:\/\/cancan.com.tr\/wp-content\/uploads\/2023\/09\/0511.jpg","contentUrl":"https:\/\/cancan.com.tr\/wp-content\/uploads\/2023\/09\/0511.jpg","width":675,"height":828},{"@type":"BreadcrumbList","@id":"https:\/\/cancan.com.tr\/tum-urunler\/tezgaha-monte-kazan-doldurma-muslugu\/#breadcrumb","itemListElement":[{"@type":"ListItem","position":1,"name":"Anasayfa","item":"https:\/\/cancan.com.tr\/"},{"@type":"ListItem","position":2,"name":"Products","item":"https:\/\/cancan.com.tr\/en\/products-2\/"},{"@type":"ListItem","position":3,"name":"0511 Tezgaha Monte Kazan Doldurma Muslu\u011fu"}]},{"@type":"WebSite","@id":"https:\/\/cancan.com.tr\/#website","url":"https:\/\/cancan.com.tr\/","name":"Cancan Meyve Presleri","description":"www.cancan.com.tr","publisher":{"@id":"https:\/\/cancan.com.tr\/#organization"},"potentialAction":[{"@type":"SearchAction","target":{"@type":"EntryPoint","urlTemplate":"https:\/\/cancan.com.tr\/?s={search_term_string}"},"query-input":{"@type":"PropertyValueSpecification","valueRequired":true,"valueName":"search_term_string"}}],"inLanguage":"en-US"},{"@type":"Organization","@id":"https:\/\/cancan.com.tr\/#organization","name":"Cancan Meyve Presleri","url":"https:\/\/cancan.com.tr\/","logo":{"@type":"ImageObject","inLanguage":"en-US","@id":"https:\/\/cancan.com.tr\/#\/schema\/logo\/image\/","url":"https:\/\/cancan.com.tr\/wp-content\/uploads\/2026\/03\/CancanLogo.png","contentUrl":"https:\/\/cancan.com.tr\/wp-content\/uploads\/2026\/03\/CancanLogo.png","width":362,"height":67,"caption":"Cancan Meyve Presleri"},"image":{"@id":"https:\/\/cancan.com.tr\/#\/schema\/logo\/image\/"}}]}},"_links":{"self":[{"href":"https:\/\/cancan.com.tr\/en\/wp-json\/wp\/v2\/product\/6435","targetHints":{"allow":["GET"]}}],"collection":[{"href":"https:\/\/cancan.com.tr\/en\/wp-json\/wp\/v2\/product"}],"about":[{"href":"https:\/\/cancan.com.tr\/en\/wp-json\/wp\/v2\/types\/product"}],"replies":[{"embeddable":true,"href":"https:\/\/cancan.com.tr\/en\/wp-json\/wp\/v2\/comments?post=6435"}],"wp:featuredmedia":[{"embeddable":true,"href":"https:\/\/cancan.com.tr\/en\/wp-json\/wp\/v2\/media\/8215"}],"wp:attachment":[{"href":"https:\/\/cancan.com.tr\/en\/wp-json\/wp\/v2\/media?parent=6435"}],"wp:term":[{"taxonomy":"product_cat","embeddable":true,"href":"https:\/\/cancan.com.tr\/en\/wp-json\/wp\/v2\/product_cat?post=6435"},{"taxonomy":"product_tag","embeddable":true,"href":"https:\/\/cancan.com.tr\/en\/wp-json\/wp\/v2\/product_tag?post=6435"}],"curies":[{"name":"wp","href":"https:\/\/api.w.org\/{rel}","templated":true}]}}