{"id":6330,"date":"2023-09-19T08:08:09","date_gmt":"2023-09-19T05:08:09","guid":{"rendered":"https:\/\/mostdijital.com\/cancan\/?post_type=product&#038;p=6330"},"modified":"2024-03-20T14:37:26","modified_gmt":"2024-03-20T11:37:26","slug":"0503-mt03-duvara-monte-on-yikama-dusu","status":"publish","type":"product","link":"https:\/\/cancan.com.tr\/en\/all-products\/wall-mounted-pre-rinse-faucet\/","title":{"rendered":"0503- MT03 Wall Mounted Pre-Rinse Faucet"},"content":{"rendered":"<p><\/p>\n<h2><span style=\"color: #188bcb;\">0503- MT03 Wall Mounted Pre-Rinse Faucet<\/span><\/h2>\n<p>Wall Mounted Pre-rinse Faucets are used in industrial kitchens, industrial dishwashing machines, vegetable and fruit washing units in the pre-washing stage.<\/p>\n<hr \/>\n<h4><strong>Hose<\/strong><\/h4>\n<p>The hose is made of EPDM rubber material, felixible stainless braided and PVC coated. Spiral braided hose is resistant to temperatures up to 100 degrees.<\/p>\n<hr \/>\n<h4><strong>Spiral Spring<\/strong><\/h4>\n<p>The lacquer-coated spring system prevents the hose from breaking and bending. There are plastics at the end of the spring to protect the hose.<\/p>\n<hr \/>\n<h4><strong>Battery<\/strong><\/h4>\n<p>Sink type faucet is available. Faucet parts are chrome plated over brass.<\/p>\n<hr \/>\n<h4>Spray Pistol<\/h4>\n<p>The spray pistol, which provides pressurized water output, can rotate 360 degrees around itself and thus provides comfortable use. It has a specially designed water outlet strainer that prevents water consumption.<\/p>","protected":false},"excerpt":{"rendered":"<h2><span style=\"color: #188bcb;\">0503- MT03 Wall Mounted Pre-Rinse Faucet<\/span><\/h2>\n<p>Wall Mounted Pre-rinse Faucets are used in industrial kitchens, industrial dishwashing machines, vegetable and fruit washing units in the pre-washing stage.<\/p>\n<p><img loading=\"lazy\" decoding=\"async\" class=\"alignnone size-medium wp-image-8587\" src=\"https:\/\/cancan.com.tr\/wp-content\/uploads\/2023\/09\/ing-yikama-ekp-300x114.png\" alt=\"\" width=\"300\" height=\"114\" \/><\/p>\n","protected":false},"featured_media":8207,"comment_status":"closed","ping_status":"closed","template":"","meta":[],"product_cat":[15,172,224],"product_tag":[237,227,189,183],"class_list":["post-6330","product","type-product","status-publish","has-post-thumbnail","hentry","product_cat-tum-urunler","product_cat-yikama-durulama-ekipmanlari","product_cat-on-yikama-duslari","product_tag-ara-musluk-yok","product_tag-duvar-tipi","product_tag-otel","product_tag-restoranlar"],"acf":[],"yoast_head":"<!-- This site is optimized with the Yoast SEO plugin v27.0 - https:\/\/yoast.com\/product\/yoast-seo-wordpress\/ -->\n<title>0503- MT03 Wall Mounted Pre-Rinse Faucet - Cancan Meyve Presleri<\/title>\n<meta name=\"robots\" content=\"index, follow, max-snippet:-1, max-image-preview:large, max-video-preview:-1\" \/>\n<link rel=\"canonical\" href=\"https:\/\/cancan.com.tr\/tum-urunler\/duvara-monte-on-yikama-dusu\/\" \/>\n<meta property=\"og:locale\" content=\"en_US\" \/>\n<meta property=\"og:type\" content=\"article\" \/>\n<meta property=\"og:title\" content=\"[:en]0503- MT03 Wall Mounted Pre-Rinse Faucet[:tr]0503- MT03 Duvara Monte \u00d6n Y\u0131kama Du\u015fu[:] - Cancan Meyve Presleri\" \/>\n<meta property=\"og:description\" content=\"[:en]0503- MT03 Wall Mounted Pre-Rinse Faucet Wall Mounted Pre-rinse Faucets are used in industrial kitchens, industrial dishwashing machines, vegetable and fruit washing units in the pre-washing stage.  [:tr]0503- MT03 Duvara Monte \u00d6n Y\u0131kama Du\u015fu Duvara monte \u00f6n y\u0131kama du\u015flar\u0131, end\u00fcstriyel mutfaklarda, sanayi tipi bula\u015f\u0131k y\u0131kama makinelerinde, sebze ve meyve y\u0131kama \u00fcnitelerinde \u00f6n y\u0131kama a\u015famas\u0131nda kullan\u0131lmaktad\u0131r.  [:]\" \/>\n<meta property=\"og:url\" content=\"https:\/\/cancan.com.tr\/tum-urunler\/duvara-monte-on-yikama-dusu\/\" \/>\n<meta property=\"og:site_name\" content=\"Cancan Meyve Presleri\" \/>\n<meta property=\"article:modified_time\" content=\"2024-03-20T11:37:26+00:00\" \/>\n<meta property=\"og:image\" content=\"https:\/\/cancan.com.tr\/wp-content\/uploads\/2023\/09\/0503.jpg\" \/>\n\t<meta property=\"og:image:width\" content=\"675\" \/>\n\t<meta property=\"og:image:height\" content=\"828\" \/>\n\t<meta property=\"og:image:type\" content=\"image\/jpeg\" \/>\n<meta name=\"twitter:card\" content=\"summary_large_image\" \/>\n<meta name=\"twitter:label1\" content=\"Est. reading time\" \/>\n\t<meta name=\"twitter:data1\" content=\"1 minute\" \/>\n<script type=\"application\/ld+json\" class=\"yoast-schema-graph\">{\"@context\":\"https:\/\/schema.org\",\"@graph\":[{\"@type\":\"WebPage\",\"@id\":\"https:\/\/cancan.com.tr\/tum-urunler\/duvara-monte-on-yikama-dusu\/\",\"url\":\"https:\/\/cancan.com.tr\/tum-urunler\/duvara-monte-on-yikama-dusu\/\",\"name\":\"[:en]0503- MT03 Wall Mounted Pre-Rinse Faucet[:tr]0503- MT03 Duvara Monte \u00d6n Y\u0131kama Du\u015fu[:] - Cancan Meyve Presleri\",\"isPartOf\":{\"@id\":\"https:\/\/cancan.com.tr\/#website\"},\"primaryImageOfPage\":{\"@id\":\"https:\/\/cancan.com.tr\/tum-urunler\/duvara-monte-on-yikama-dusu\/#primaryimage\"},\"image\":{\"@id\":\"https:\/\/cancan.com.tr\/tum-urunler\/duvara-monte-on-yikama-dusu\/#primaryimage\"},\"thumbnailUrl\":\"https:\/\/cancan.com.tr\/wp-content\/uploads\/2023\/09\/0503.jpg\",\"datePublished\":\"2023-09-19T05:08:09+00:00\",\"dateModified\":\"2024-03-20T11:37:26+00:00\",\"breadcrumb\":{\"@id\":\"https:\/\/cancan.com.tr\/tum-urunler\/duvara-monte-on-yikama-dusu\/#breadcrumb\"},\"inLanguage\":\"en-US\",\"potentialAction\":[{\"@type\":\"ReadAction\",\"target\":[\"https:\/\/cancan.com.tr\/tum-urunler\/duvara-monte-on-yikama-dusu\/\"]}]},{\"@type\":\"ImageObject\",\"inLanguage\":\"en-US\",\"@id\":\"https:\/\/cancan.com.tr\/tum-urunler\/duvara-monte-on-yikama-dusu\/#primaryimage\",\"url\":\"https:\/\/cancan.com.tr\/wp-content\/uploads\/2023\/09\/0503.jpg\",\"contentUrl\":\"https:\/\/cancan.com.tr\/wp-content\/uploads\/2023\/09\/0503.jpg\",\"width\":675,\"height\":828},{\"@type\":\"BreadcrumbList\",\"@id\":\"https:\/\/cancan.com.tr\/tum-urunler\/duvara-monte-on-yikama-dusu\/#breadcrumb\",\"itemListElement\":[{\"@type\":\"ListItem\",\"position\":1,\"name\":\"Anasayfa\",\"item\":\"https:\/\/cancan.com.tr\/\"},{\"@type\":\"ListItem\",\"position\":2,\"name\":\"Products\",\"item\":\"https:\/\/cancan.com.tr\/en\/products-2\/\"},{\"@type\":\"ListItem\",\"position\":3,\"name\":\"0503- MT03 Duvara Monte \u00d6n Y\u0131kama Du\u015fu\"}]},{\"@type\":\"WebSite\",\"@id\":\"https:\/\/cancan.com.tr\/#website\",\"url\":\"https:\/\/cancan.com.tr\/\",\"name\":\"Cancan Meyve Presleri\",\"description\":\"www.cancan.com.tr\",\"publisher\":{\"@id\":\"https:\/\/cancan.com.tr\/#organization\"},\"potentialAction\":[{\"@type\":\"SearchAction\",\"target\":{\"@type\":\"EntryPoint\",\"urlTemplate\":\"https:\/\/cancan.com.tr\/?s={search_term_string}\"},\"query-input\":{\"@type\":\"PropertyValueSpecification\",\"valueRequired\":true,\"valueName\":\"search_term_string\"}}],\"inLanguage\":\"en-US\"},{\"@type\":\"Organization\",\"@id\":\"https:\/\/cancan.com.tr\/#organization\",\"name\":\"Cancan Meyve Presleri\",\"url\":\"https:\/\/cancan.com.tr\/\",\"logo\":{\"@type\":\"ImageObject\",\"inLanguage\":\"en-US\",\"@id\":\"https:\/\/cancan.com.tr\/#\/schema\/logo\/image\/\",\"url\":\"https:\/\/cancan.com.tr\/wp-content\/uploads\/2026\/03\/CancanLogo.png\",\"contentUrl\":\"https:\/\/cancan.com.tr\/wp-content\/uploads\/2026\/03\/CancanLogo.png\",\"width\":362,\"height\":67,\"caption\":\"Cancan Meyve Presleri\"},\"image\":{\"@id\":\"https:\/\/cancan.com.tr\/#\/schema\/logo\/image\/\"}}]}<\/script>\n<!-- \/ Yoast SEO plugin. -->","yoast_head_json":{"title":"[:en]0503- MT03 Wall Mounted Pre-Rinse Faucet[:tr]0503- MT03 Duvara Monte \u00d6n Y\u0131kama Du\u015fu[:] - Cancan Meyve Presleri","robots":{"index":"index","follow":"follow","max-snippet":"max-snippet:-1","max-image-preview":"max-image-preview:large","max-video-preview":"max-video-preview:-1"},"canonical":"https:\/\/cancan.com.tr\/tum-urunler\/duvara-monte-on-yikama-dusu\/","og_locale":"en_US","og_type":"article","og_title":"[:en]0503- MT03 Wall Mounted Pre-Rinse Faucet[:tr]0503- MT03 Duvara Monte \u00d6n Y\u0131kama Du\u015fu[:] - Cancan Meyve Presleri","og_description":"[:en]0503- MT03 Wall Mounted Pre-Rinse Faucet Wall Mounted Pre-rinse Faucets are used in industrial kitchens, industrial dishwashing machines, vegetable and fruit washing units in the pre-washing stage.  [:tr]0503- MT03 Duvara Monte \u00d6n Y\u0131kama Du\u015fu Duvara monte \u00f6n y\u0131kama du\u015flar\u0131, end\u00fcstriyel mutfaklarda, sanayi tipi bula\u015f\u0131k y\u0131kama makinelerinde, sebze ve meyve y\u0131kama \u00fcnitelerinde \u00f6n y\u0131kama a\u015famas\u0131nda kullan\u0131lmaktad\u0131r.  [:]","og_url":"https:\/\/cancan.com.tr\/tum-urunler\/duvara-monte-on-yikama-dusu\/","og_site_name":"Cancan Meyve Presleri","article_modified_time":"2024-03-20T11:37:26+00:00","og_image":[{"width":675,"height":828,"url":"https:\/\/cancan.com.tr\/wp-content\/uploads\/2023\/09\/0503.jpg","type":"image\/jpeg"}],"twitter_card":"summary_large_image","twitter_misc":{"Est. reading time":"1 minute"},"schema":{"@context":"https:\/\/schema.org","@graph":[{"@type":"WebPage","@id":"https:\/\/cancan.com.tr\/tum-urunler\/duvara-monte-on-yikama-dusu\/","url":"https:\/\/cancan.com.tr\/tum-urunler\/duvara-monte-on-yikama-dusu\/","name":"[:en]0503- MT03 Wall Mounted Pre-Rinse Faucet[:tr]0503- MT03 Duvara Monte \u00d6n Y\u0131kama Du\u015fu[:] - Cancan Meyve Presleri","isPartOf":{"@id":"https:\/\/cancan.com.tr\/#website"},"primaryImageOfPage":{"@id":"https:\/\/cancan.com.tr\/tum-urunler\/duvara-monte-on-yikama-dusu\/#primaryimage"},"image":{"@id":"https:\/\/cancan.com.tr\/tum-urunler\/duvara-monte-on-yikama-dusu\/#primaryimage"},"thumbnailUrl":"https:\/\/cancan.com.tr\/wp-content\/uploads\/2023\/09\/0503.jpg","datePublished":"2023-09-19T05:08:09+00:00","dateModified":"2024-03-20T11:37:26+00:00","breadcrumb":{"@id":"https:\/\/cancan.com.tr\/tum-urunler\/duvara-monte-on-yikama-dusu\/#breadcrumb"},"inLanguage":"en-US","potentialAction":[{"@type":"ReadAction","target":["https:\/\/cancan.com.tr\/tum-urunler\/duvara-monte-on-yikama-dusu\/"]}]},{"@type":"ImageObject","inLanguage":"en-US","@id":"https:\/\/cancan.com.tr\/tum-urunler\/duvara-monte-on-yikama-dusu\/#primaryimage","url":"https:\/\/cancan.com.tr\/wp-content\/uploads\/2023\/09\/0503.jpg","contentUrl":"https:\/\/cancan.com.tr\/wp-content\/uploads\/2023\/09\/0503.jpg","width":675,"height":828},{"@type":"BreadcrumbList","@id":"https:\/\/cancan.com.tr\/tum-urunler\/duvara-monte-on-yikama-dusu\/#breadcrumb","itemListElement":[{"@type":"ListItem","position":1,"name":"Anasayfa","item":"https:\/\/cancan.com.tr\/"},{"@type":"ListItem","position":2,"name":"Products","item":"https:\/\/cancan.com.tr\/en\/products-2\/"},{"@type":"ListItem","position":3,"name":"0503- MT03 Duvara Monte \u00d6n Y\u0131kama Du\u015fu"}]},{"@type":"WebSite","@id":"https:\/\/cancan.com.tr\/#website","url":"https:\/\/cancan.com.tr\/","name":"Cancan Meyve Presleri","description":"www.cancan.com.tr","publisher":{"@id":"https:\/\/cancan.com.tr\/#organization"},"potentialAction":[{"@type":"SearchAction","target":{"@type":"EntryPoint","urlTemplate":"https:\/\/cancan.com.tr\/?s={search_term_string}"},"query-input":{"@type":"PropertyValueSpecification","valueRequired":true,"valueName":"search_term_string"}}],"inLanguage":"en-US"},{"@type":"Organization","@id":"https:\/\/cancan.com.tr\/#organization","name":"Cancan Meyve Presleri","url":"https:\/\/cancan.com.tr\/","logo":{"@type":"ImageObject","inLanguage":"en-US","@id":"https:\/\/cancan.com.tr\/#\/schema\/logo\/image\/","url":"https:\/\/cancan.com.tr\/wp-content\/uploads\/2026\/03\/CancanLogo.png","contentUrl":"https:\/\/cancan.com.tr\/wp-content\/uploads\/2026\/03\/CancanLogo.png","width":362,"height":67,"caption":"Cancan Meyve Presleri"},"image":{"@id":"https:\/\/cancan.com.tr\/#\/schema\/logo\/image\/"}}]}},"_links":{"self":[{"href":"https:\/\/cancan.com.tr\/en\/wp-json\/wp\/v2\/product\/6330","targetHints":{"allow":["GET"]}}],"collection":[{"href":"https:\/\/cancan.com.tr\/en\/wp-json\/wp\/v2\/product"}],"about":[{"href":"https:\/\/cancan.com.tr\/en\/wp-json\/wp\/v2\/types\/product"}],"replies":[{"embeddable":true,"href":"https:\/\/cancan.com.tr\/en\/wp-json\/wp\/v2\/comments?post=6330"}],"wp:featuredmedia":[{"embeddable":true,"href":"https:\/\/cancan.com.tr\/en\/wp-json\/wp\/v2\/media\/8207"}],"wp:attachment":[{"href":"https:\/\/cancan.com.tr\/en\/wp-json\/wp\/v2\/media?parent=6330"}],"wp:term":[{"taxonomy":"product_cat","embeddable":true,"href":"https:\/\/cancan.com.tr\/en\/wp-json\/wp\/v2\/product_cat?post=6330"},{"taxonomy":"product_tag","embeddable":true,"href":"https:\/\/cancan.com.tr\/en\/wp-json\/wp\/v2\/product_tag?post=6330"}],"curies":[{"name":"wp","href":"https:\/\/api.w.org\/{rel}","templated":true}]}}