{"id":6293,"date":"2023-09-18T20:05:23","date_gmt":"2023-09-18T17:05:23","guid":{"rendered":"https:\/\/mostdijital.com\/cancan\/?post_type=product&#038;p=6293"},"modified":"2024-03-21T15:24:12","modified_gmt":"2024-03-21T12:24:12","slug":"0809-pnomatik-ananas-soyma-makinesi-standli","status":"publish","type":"product","link":"https:\/\/cancan.com.tr\/en\/all-products\/pneumatic-pineapple-peeler-machine-with-stand\/","title":{"rendered":"0809 Pneumatic Pineapple Peeler Machine (With Stand)"},"content":{"rendered":"<p><\/p>\n<h2><span style=\"color: #fa0014;\">0809 Pneumatic Pineapple Peeler Machine (With Stand)<\/span><\/h2>\n<p>The Pneumatic Pineapple Peeler combines an air-powered system to simplify the laborintensive and time-consuming pineapple peeling process. This innovative solution offers fast and consistent peeling performance, resulting in significant time and labor cost savings.<\/p>\n<hr \/>\n<h4>Stainless Steel<\/h4>\n<p>The entire machine is made of stainless steel.<\/p>\n<hr \/>\n<h4>Blades<\/h4>\n<p>Blade options are available as 8 slicing, 2 slicing and cylinder peeling.<\/p>\n<hr \/>\n<h4>Safety Double Button<\/h4>\n<p>Designed with user safety in mind, this machine operates with a safe double button feature. This prevents work accidents during the slicing process. It offers a safe and user-friendly experience.<\/p>\n<hr \/>\n<h4>Effective Result in One Move<\/h4>\n<p>In one stroke, it sends the peeled pineapple and peels into separate chambers.<\/p>","protected":false},"excerpt":{"rendered":"<h2><span style=\"color: #fa0014;\">0809 Pneumatic Pineapple Peeler Machine (With Stand)<\/span><\/h2>\n<p>The Pneumatic Pineapple Peeler combines an air-powered system to simplify the laborintensive and time-consuming pineapple peeling process. This innovative solution offers fast and consistent peeling performance, resulting in significant time and labor cost savings.<\/p>\n<p><img loading=\"lazy\" decoding=\"async\" class=\"alignnone wp-image-8554\" src=\"https:\/\/cancan.com.tr\/wp-content\/uploads\/2023\/09\/ing-hazirlik-300x94.png\" alt=\"\" width=\"275\" height=\"86\" srcset=\"https:\/\/cancan.com.tr\/wp-content\/uploads\/2023\/09\/ing-hazirlik-300x94.png 300w, https:\/\/cancan.com.tr\/wp-content\/uploads\/2023\/09\/ing-hazirlik-600x188.png 600w, https:\/\/cancan.com.tr\/wp-content\/uploads\/2023\/09\/ing-hazirlik.png 752w\" sizes=\"auto, (max-width: 275px) 100vw, 275px\" \/><\/p>\n","protected":false},"featured_media":8225,"comment_status":"closed","ping_status":"closed","template":"","meta":[],"product_cat":[15,171,195],"product_tag":[222,189,218,220,183],"class_list":["post-6293","product","type-product","status-publish","has-post-thumbnail","hentry","product_cat-tum-urunler","product_cat-hazirlik-ekipmanlari","product_cat-kesici-ve-dilimleyiciler","product_tag-kesiciler-hazirlik","product_tag-otel","product_tag-paslanmaz","product_tag-elektrikli-hazirlik","product_tag-restoranlar"],"acf":[],"yoast_head":"<!-- This site is optimized with the Yoast SEO plugin v27.0 - https:\/\/yoast.com\/product\/yoast-seo-wordpress\/ -->\n<title>0809 Pneumatic Pineapple Peeler Machine (With Stand) - Cancan Meyve Presleri<\/title>\n<meta name=\"robots\" content=\"index, follow, max-snippet:-1, max-image-preview:large, max-video-preview:-1\" \/>\n<link rel=\"canonical\" href=\"https:\/\/cancan.com.tr\/tum-urunler\/pnomatik-ananas-soyma-makinesi-standli\/\" \/>\n<meta property=\"og:locale\" content=\"en_US\" \/>\n<meta property=\"og:type\" content=\"article\" \/>\n<meta property=\"og:title\" content=\"[:en]0809 Pneumatic Pineapple Peeler Machine (With Stand)[:tr]0809 Pn\u00f6matik Ananas Soyma Makinesi (Standl\u0131)[:] - Cancan Meyve Presleri\" \/>\n<meta property=\"og:description\" content=\"[:en]0809 Pneumatic Pineapple Peeler Machine (With Stand) The Pneumatic Pineapple Peeler combines an air-powered system to simplify the laborintensive and time-consuming pineapple peeling process. This innovative solution offers fast and consistent peeling performance, resulting in significant time and labor cost savings.  [:tr]0809 Pn\u00f6matik Ananas Soyma Makinesi (Standl\u0131) Pn\u00f6matik ananas soyma makinesi yo\u011fun emek ve zaman al\u0131c\u0131 ananas soyma s\u00fcrecini kolayla\u015ft\u0131rmak i\u00e7in havayla \u00e7al\u0131\u015fan sistemle birle\u015ftirildi. Bu yenilik\u00e7i \u00e7\u00f6z\u00fcm, hem zamandan hem de i\u015f\u00e7ilik maliyetlerinden tasarruf sa\u011flayan h\u0131zl\u0131 ve tutarl\u0131 bir soyma performans\u0131 sunmaktad\u0131r.   Pn\u00f6matik ananas soyma makinesi, meyvenin \u015fekline ve boyutuna uyum sa\u011flamak i\u00e7in geli\u015fmi\u015f pn\u00f6matik teknolojisini kullanarak her seferinde m\u00fckemmel \u015fekilde meyve ve kabu\u011funun farkl\u0131 haznelere ayr\u0131lmas\u0131n\u0131 sa\u011flar. B\u00fcy\u00fck \u00f6l\u00e7ekli \u00fcretim tesislerinden catering i\u015fletmelerine kadar benzersiz verimlilik, daha az el eme\u011fi ve daha fazla \u00fcretkenlik vaat etmektedir.  [:]\" \/>\n<meta property=\"og:url\" content=\"https:\/\/cancan.com.tr\/tum-urunler\/pnomatik-ananas-soyma-makinesi-standli\/\" \/>\n<meta property=\"og:site_name\" content=\"Cancan Meyve Presleri\" \/>\n<meta property=\"article:modified_time\" content=\"2024-03-21T12:24:12+00:00\" \/>\n<meta property=\"og:image\" content=\"https:\/\/cancan.com.tr\/wp-content\/uploads\/2023\/09\/0809.jpg\" \/>\n\t<meta property=\"og:image:width\" content=\"675\" \/>\n\t<meta property=\"og:image:height\" content=\"828\" \/>\n\t<meta property=\"og:image:type\" content=\"image\/jpeg\" \/>\n<meta name=\"twitter:card\" content=\"summary_large_image\" \/>\n<meta name=\"twitter:label1\" content=\"Est. reading time\" \/>\n\t<meta name=\"twitter:data1\" content=\"2 minutes\" \/>\n<script type=\"application\/ld+json\" class=\"yoast-schema-graph\">{\"@context\":\"https:\/\/schema.org\",\"@graph\":[{\"@type\":\"WebPage\",\"@id\":\"https:\/\/cancan.com.tr\/tum-urunler\/pnomatik-ananas-soyma-makinesi-standli\/\",\"url\":\"https:\/\/cancan.com.tr\/tum-urunler\/pnomatik-ananas-soyma-makinesi-standli\/\",\"name\":\"[:en]0809 Pneumatic Pineapple Peeler Machine (With Stand)[:tr]0809 Pn\u00f6matik Ananas Soyma Makinesi (Standl\u0131)[:] - Cancan Meyve Presleri\",\"isPartOf\":{\"@id\":\"https:\/\/cancan.com.tr\/#website\"},\"primaryImageOfPage\":{\"@id\":\"https:\/\/cancan.com.tr\/tum-urunler\/pnomatik-ananas-soyma-makinesi-standli\/#primaryimage\"},\"image\":{\"@id\":\"https:\/\/cancan.com.tr\/tum-urunler\/pnomatik-ananas-soyma-makinesi-standli\/#primaryimage\"},\"thumbnailUrl\":\"https:\/\/cancan.com.tr\/wp-content\/uploads\/2023\/09\/0809.jpg\",\"datePublished\":\"2023-09-18T17:05:23+00:00\",\"dateModified\":\"2024-03-21T12:24:12+00:00\",\"breadcrumb\":{\"@id\":\"https:\/\/cancan.com.tr\/tum-urunler\/pnomatik-ananas-soyma-makinesi-standli\/#breadcrumb\"},\"inLanguage\":\"en-US\",\"potentialAction\":[{\"@type\":\"ReadAction\",\"target\":[\"https:\/\/cancan.com.tr\/tum-urunler\/pnomatik-ananas-soyma-makinesi-standli\/\"]}]},{\"@type\":\"ImageObject\",\"inLanguage\":\"en-US\",\"@id\":\"https:\/\/cancan.com.tr\/tum-urunler\/pnomatik-ananas-soyma-makinesi-standli\/#primaryimage\",\"url\":\"https:\/\/cancan.com.tr\/wp-content\/uploads\/2023\/09\/0809.jpg\",\"contentUrl\":\"https:\/\/cancan.com.tr\/wp-content\/uploads\/2023\/09\/0809.jpg\",\"width\":675,\"height\":828},{\"@type\":\"BreadcrumbList\",\"@id\":\"https:\/\/cancan.com.tr\/tum-urunler\/pnomatik-ananas-soyma-makinesi-standli\/#breadcrumb\",\"itemListElement\":[{\"@type\":\"ListItem\",\"position\":1,\"name\":\"Anasayfa\",\"item\":\"https:\/\/cancan.com.tr\/\"},{\"@type\":\"ListItem\",\"position\":2,\"name\":\"Products\",\"item\":\"https:\/\/cancan.com.tr\/en\/products-2\/\"},{\"@type\":\"ListItem\",\"position\":3,\"name\":\"0809 Pn\u00f6matik Ananas Soyma Makinesi (Standl\u0131)\"}]},{\"@type\":\"WebSite\",\"@id\":\"https:\/\/cancan.com.tr\/#website\",\"url\":\"https:\/\/cancan.com.tr\/\",\"name\":\"Cancan Meyve Presleri\",\"description\":\"www.cancan.com.tr\",\"publisher\":{\"@id\":\"https:\/\/cancan.com.tr\/#organization\"},\"potentialAction\":[{\"@type\":\"SearchAction\",\"target\":{\"@type\":\"EntryPoint\",\"urlTemplate\":\"https:\/\/cancan.com.tr\/?s={search_term_string}\"},\"query-input\":{\"@type\":\"PropertyValueSpecification\",\"valueRequired\":true,\"valueName\":\"search_term_string\"}}],\"inLanguage\":\"en-US\"},{\"@type\":\"Organization\",\"@id\":\"https:\/\/cancan.com.tr\/#organization\",\"name\":\"Cancan Meyve Presleri\",\"url\":\"https:\/\/cancan.com.tr\/\",\"logo\":{\"@type\":\"ImageObject\",\"inLanguage\":\"en-US\",\"@id\":\"https:\/\/cancan.com.tr\/#\/schema\/logo\/image\/\",\"url\":\"https:\/\/cancan.com.tr\/wp-content\/uploads\/2026\/03\/CancanLogo.png\",\"contentUrl\":\"https:\/\/cancan.com.tr\/wp-content\/uploads\/2026\/03\/CancanLogo.png\",\"width\":362,\"height\":67,\"caption\":\"Cancan Meyve Presleri\"},\"image\":{\"@id\":\"https:\/\/cancan.com.tr\/#\/schema\/logo\/image\/\"}}]}<\/script>\n<!-- \/ Yoast SEO plugin. -->","yoast_head_json":{"title":"[:en]0809 Pneumatic Pineapple Peeler Machine (With Stand)[:tr]0809 Pn\u00f6matik Ananas Soyma Makinesi (Standl\u0131)[:] - Cancan Meyve Presleri","robots":{"index":"index","follow":"follow","max-snippet":"max-snippet:-1","max-image-preview":"max-image-preview:large","max-video-preview":"max-video-preview:-1"},"canonical":"https:\/\/cancan.com.tr\/tum-urunler\/pnomatik-ananas-soyma-makinesi-standli\/","og_locale":"en_US","og_type":"article","og_title":"[:en]0809 Pneumatic Pineapple Peeler Machine (With Stand)[:tr]0809 Pn\u00f6matik Ananas Soyma Makinesi (Standl\u0131)[:] - Cancan Meyve Presleri","og_description":"[:en]0809 Pneumatic Pineapple Peeler Machine (With Stand) The Pneumatic Pineapple Peeler combines an air-powered system to simplify the laborintensive and time-consuming pineapple peeling process. This innovative solution offers fast and consistent peeling performance, resulting in significant time and labor cost savings.  [:tr]0809 Pn\u00f6matik Ananas Soyma Makinesi (Standl\u0131) Pn\u00f6matik ananas soyma makinesi yo\u011fun emek ve zaman al\u0131c\u0131 ananas soyma s\u00fcrecini kolayla\u015ft\u0131rmak i\u00e7in havayla \u00e7al\u0131\u015fan sistemle birle\u015ftirildi. Bu yenilik\u00e7i \u00e7\u00f6z\u00fcm, hem zamandan hem de i\u015f\u00e7ilik maliyetlerinden tasarruf sa\u011flayan h\u0131zl\u0131 ve tutarl\u0131 bir soyma performans\u0131 sunmaktad\u0131r.   Pn\u00f6matik ananas soyma makinesi, meyvenin \u015fekline ve boyutuna uyum sa\u011flamak i\u00e7in geli\u015fmi\u015f pn\u00f6matik teknolojisini kullanarak her seferinde m\u00fckemmel \u015fekilde meyve ve kabu\u011funun farkl\u0131 haznelere ayr\u0131lmas\u0131n\u0131 sa\u011flar. B\u00fcy\u00fck \u00f6l\u00e7ekli \u00fcretim tesislerinden catering i\u015fletmelerine kadar benzersiz verimlilik, daha az el eme\u011fi ve daha fazla \u00fcretkenlik vaat etmektedir.  [:]","og_url":"https:\/\/cancan.com.tr\/tum-urunler\/pnomatik-ananas-soyma-makinesi-standli\/","og_site_name":"Cancan Meyve Presleri","article_modified_time":"2024-03-21T12:24:12+00:00","og_image":[{"width":675,"height":828,"url":"https:\/\/cancan.com.tr\/wp-content\/uploads\/2023\/09\/0809.jpg","type":"image\/jpeg"}],"twitter_card":"summary_large_image","twitter_misc":{"Est. reading time":"2 minutes"},"schema":{"@context":"https:\/\/schema.org","@graph":[{"@type":"WebPage","@id":"https:\/\/cancan.com.tr\/tum-urunler\/pnomatik-ananas-soyma-makinesi-standli\/","url":"https:\/\/cancan.com.tr\/tum-urunler\/pnomatik-ananas-soyma-makinesi-standli\/","name":"[:en]0809 Pneumatic Pineapple Peeler Machine (With Stand)[:tr]0809 Pn\u00f6matik Ananas Soyma Makinesi (Standl\u0131)[:] - Cancan Meyve Presleri","isPartOf":{"@id":"https:\/\/cancan.com.tr\/#website"},"primaryImageOfPage":{"@id":"https:\/\/cancan.com.tr\/tum-urunler\/pnomatik-ananas-soyma-makinesi-standli\/#primaryimage"},"image":{"@id":"https:\/\/cancan.com.tr\/tum-urunler\/pnomatik-ananas-soyma-makinesi-standli\/#primaryimage"},"thumbnailUrl":"https:\/\/cancan.com.tr\/wp-content\/uploads\/2023\/09\/0809.jpg","datePublished":"2023-09-18T17:05:23+00:00","dateModified":"2024-03-21T12:24:12+00:00","breadcrumb":{"@id":"https:\/\/cancan.com.tr\/tum-urunler\/pnomatik-ananas-soyma-makinesi-standli\/#breadcrumb"},"inLanguage":"en-US","potentialAction":[{"@type":"ReadAction","target":["https:\/\/cancan.com.tr\/tum-urunler\/pnomatik-ananas-soyma-makinesi-standli\/"]}]},{"@type":"ImageObject","inLanguage":"en-US","@id":"https:\/\/cancan.com.tr\/tum-urunler\/pnomatik-ananas-soyma-makinesi-standli\/#primaryimage","url":"https:\/\/cancan.com.tr\/wp-content\/uploads\/2023\/09\/0809.jpg","contentUrl":"https:\/\/cancan.com.tr\/wp-content\/uploads\/2023\/09\/0809.jpg","width":675,"height":828},{"@type":"BreadcrumbList","@id":"https:\/\/cancan.com.tr\/tum-urunler\/pnomatik-ananas-soyma-makinesi-standli\/#breadcrumb","itemListElement":[{"@type":"ListItem","position":1,"name":"Anasayfa","item":"https:\/\/cancan.com.tr\/"},{"@type":"ListItem","position":2,"name":"Products","item":"https:\/\/cancan.com.tr\/en\/products-2\/"},{"@type":"ListItem","position":3,"name":"0809 Pn\u00f6matik Ananas Soyma Makinesi (Standl\u0131)"}]},{"@type":"WebSite","@id":"https:\/\/cancan.com.tr\/#website","url":"https:\/\/cancan.com.tr\/","name":"Cancan Meyve Presleri","description":"www.cancan.com.tr","publisher":{"@id":"https:\/\/cancan.com.tr\/#organization"},"potentialAction":[{"@type":"SearchAction","target":{"@type":"EntryPoint","urlTemplate":"https:\/\/cancan.com.tr\/?s={search_term_string}"},"query-input":{"@type":"PropertyValueSpecification","valueRequired":true,"valueName":"search_term_string"}}],"inLanguage":"en-US"},{"@type":"Organization","@id":"https:\/\/cancan.com.tr\/#organization","name":"Cancan Meyve Presleri","url":"https:\/\/cancan.com.tr\/","logo":{"@type":"ImageObject","inLanguage":"en-US","@id":"https:\/\/cancan.com.tr\/#\/schema\/logo\/image\/","url":"https:\/\/cancan.com.tr\/wp-content\/uploads\/2026\/03\/CancanLogo.png","contentUrl":"https:\/\/cancan.com.tr\/wp-content\/uploads\/2026\/03\/CancanLogo.png","width":362,"height":67,"caption":"Cancan Meyve Presleri"},"image":{"@id":"https:\/\/cancan.com.tr\/#\/schema\/logo\/image\/"}}]}},"_links":{"self":[{"href":"https:\/\/cancan.com.tr\/en\/wp-json\/wp\/v2\/product\/6293","targetHints":{"allow":["GET"]}}],"collection":[{"href":"https:\/\/cancan.com.tr\/en\/wp-json\/wp\/v2\/product"}],"about":[{"href":"https:\/\/cancan.com.tr\/en\/wp-json\/wp\/v2\/types\/product"}],"replies":[{"embeddable":true,"href":"https:\/\/cancan.com.tr\/en\/wp-json\/wp\/v2\/comments?post=6293"}],"wp:featuredmedia":[{"embeddable":true,"href":"https:\/\/cancan.com.tr\/en\/wp-json\/wp\/v2\/media\/8225"}],"wp:attachment":[{"href":"https:\/\/cancan.com.tr\/en\/wp-json\/wp\/v2\/media?parent=6293"}],"wp:term":[{"taxonomy":"product_cat","embeddable":true,"href":"https:\/\/cancan.com.tr\/en\/wp-json\/wp\/v2\/product_cat?post=6293"},{"taxonomy":"product_tag","embeddable":true,"href":"https:\/\/cancan.com.tr\/en\/wp-json\/wp\/v2\/product_tag?post=6293"}],"curies":[{"name":"wp","href":"https:\/\/api.w.org\/{rel}","templated":true}]}}