{"id":6277,"date":"2023-09-18T19:29:08","date_gmt":"2023-09-18T16:29:08","guid":{"rendered":"https:\/\/mostdijital.com\/cancan\/?post_type=product&#038;p=6277"},"modified":"2024-03-20T12:45:30","modified_gmt":"2024-03-20T09:45:30","slug":"0302-porofesyonel-model-konserve-acacagi","status":"publish","type":"product","link":"https:\/\/cancan.com.tr\/en\/all-products\/professional-type-manual-can-opener\/","title":{"rendered":"0302 Professional Type Manual Can Opener"},"content":{"rendered":"<p><\/p>\n<h2><span style=\"color: #fa0014;\">0302 Professional Model Manual Can Opener<\/span><\/h2>\n<p>The Manual Can Openers are providing big convenience to the users by opening either small or big cans in a safe and hygienic way in the professional catering sector and places such as industrial kitchens, hospitals, nursing homes and school canteens.<\/p>\n<hr \/>\n<h4>Helical Gear<\/h4>\n<p>Special manufacturing hardened helical gear prevents stripping and slipping and provides long lasting and durable use.<\/p>\n<hr \/>\n<h4>Stainless Blade<\/h4>\n<p>The special manfacturing stainless blade provides clean cutting by removing rough edges and metal chips.<\/p>\n<hr \/>\n<h4>Stainless Profile<\/h4>\n<p>The stainless profile, which provides adjustable working range, can open all cans up to a height of 55 cm.<\/p>\n<hr \/>\n<h4>Stainless Fixing Spindle<\/h4>\n<p>After the can opener is seated on the table, it is easily fixed to the table with the fixing spindle so that the foot doesn&#8217;t move during the opening process.<\/p>\n<hr \/>\n<h4>Plastic Handle<\/h4>\n<p>With its ergonomic structure, the plastic handle ensures that cans are opened with minimum effort.<\/p>\n<p>&nbsp;<\/p>","protected":false},"excerpt":{"rendered":"<h2><span style=\"color: #fa0014;\">0302 Professional Model Manual Can Opener<\/span><\/h2>\n<p>The Manual Can Openers with aluminium body are providing big convenience to the users by opening either small or big cans in a safe and hygienic way in the professional catering sector and places such as industrial kitchens, hospitals, nursing homes and school canteens.<\/p>\n<p><img loading=\"lazy\" decoding=\"async\" class=\"alignnone wp-image-8554\" src=\"https:\/\/cancan.com.tr\/wp-content\/uploads\/2023\/09\/ing-hazirlik-300x94.png\" alt=\"\" width=\"275\" height=\"86\" srcset=\"https:\/\/cancan.com.tr\/wp-content\/uploads\/2023\/09\/ing-hazirlik-300x94.png 300w, https:\/\/cancan.com.tr\/wp-content\/uploads\/2023\/09\/ing-hazirlik-600x188.png 600w, https:\/\/cancan.com.tr\/wp-content\/uploads\/2023\/09\/ing-hazirlik.png 752w\" sizes=\"auto, (max-width: 275px) 100vw, 275px\" \/><img loading=\"lazy\" decoding=\"async\" class=\"alignnone wp-image-8048 \" style=\"font-size: 1rem;\" src=\"https:\/\/cancan.com.tr\/wp-content\/uploads\/2023\/09\/nsf-international-logo-96A5B63247-seeklogo.com_-e1696427188119.png\" alt=\"\" width=\"76\" height=\"76\" \/><\/p>\n<p>https:\/\/www.youtube.com\/watch?v=OQquFJ4GegE<\/p>\n","protected":false},"featured_media":8178,"comment_status":"closed","ping_status":"closed","template":"","meta":[],"product_cat":[15,171,205],"product_tag":[217,202,186,203,219,189,183],"class_list":["post-6277","product","type-product","status-publish","has-post-thumbnail","hentry","product_cat-tum-urunler","product_cat-hazirlik-ekipmanlari","product_cat-elektrikli-konserve-acacaklari","product_tag-aluminyum","product_tag-bakim-evleri","product_tag-hastane","product_tag-kantinler","product_tag-manuel-hazirlik","product_tag-otel","product_tag-restoranlar"],"acf":[],"yoast_head":"<!-- This site is optimized with the Yoast SEO plugin v27.0 - https:\/\/yoast.com\/product\/yoast-seo-wordpress\/ -->\n<title>0302 Professional Type Manual Can Opener - Cancan Meyve Presleri<\/title>\n<meta name=\"robots\" content=\"index, follow, max-snippet:-1, max-image-preview:large, max-video-preview:-1\" \/>\n<link rel=\"canonical\" href=\"https:\/\/cancan.com.tr\/tum-urunler\/profesyonel-tip-konserve-acacagi\/\" \/>\n<meta property=\"og:locale\" content=\"en_US\" \/>\n<meta property=\"og:type\" content=\"article\" \/>\n<meta property=\"og:title\" content=\"[:en]0302 Professional Type Manual Can Opener[:tr]0302 Profesyonel Tip Manuel Konserve A\u00e7aca\u011f\u0131[:] - Cancan Meyve Presleri\" \/>\n<meta property=\"og:description\" content=\"[:en]0302 Professional Model Manual Can Opener The Manual Can Openers with aluminium body are providing big convenience to the users by opening either small or big cans in a safe and hygienic way in the professional catering sector and places such as industrial kitchens, hospitals, nursing homes and school canteens.    https:\/\/www.youtube.com\/watch?v=OQquFJ4GegE[:tr]0302 Profesyonel Tip Manuel Konserve A\u00e7aca\u011f\u0131 Al\u00fcminyum g\u00f6vdeye sahip konserve a\u00e7aca\u011f\u0131, profesyonel catering, end\u00fcstriyel mutfaklar, hastaneler, bak\u0131m evleri, kantinler gibi mekanlarda g\u00fcvenli ve hijyenik bir \u015fekilde b\u00fcy\u00fck veya k\u00fc\u00e7\u00fck konserve ay\u0131rmaks\u0131z\u0131n kullan\u0131c\u0131lara b\u00fcy\u00fck kolayl\u0131k sa\u011flamaktad\u0131r.     https:\/\/www.youtube.com\/watch?v=OQquFJ4GegE[:]\" \/>\n<meta property=\"og:url\" content=\"https:\/\/cancan.com.tr\/tum-urunler\/profesyonel-tip-konserve-acacagi\/\" \/>\n<meta property=\"og:site_name\" content=\"Cancan Meyve Presleri\" \/>\n<meta property=\"article:modified_time\" content=\"2024-03-20T09:45:30+00:00\" \/>\n<meta property=\"og:image\" content=\"https:\/\/cancan.com.tr\/wp-content\/uploads\/2023\/09\/0302y.jpg\" \/>\n\t<meta property=\"og:image:width\" content=\"675\" \/>\n\t<meta property=\"og:image:height\" content=\"828\" \/>\n\t<meta property=\"og:image:type\" content=\"image\/jpeg\" \/>\n<meta name=\"twitter:card\" content=\"summary_large_image\" \/>\n<meta name=\"twitter:label1\" content=\"Est. reading time\" \/>\n\t<meta name=\"twitter:data1\" content=\"2 minutes\" \/>\n<script type=\"application\/ld+json\" class=\"yoast-schema-graph\">{\"@context\":\"https:\/\/schema.org\",\"@graph\":[{\"@type\":\"WebPage\",\"@id\":\"https:\/\/cancan.com.tr\/tum-urunler\/profesyonel-tip-konserve-acacagi\/\",\"url\":\"https:\/\/cancan.com.tr\/tum-urunler\/profesyonel-tip-konserve-acacagi\/\",\"name\":\"[:en]0302 Professional Type Manual Can Opener[:tr]0302 Profesyonel Tip Manuel Konserve A\u00e7aca\u011f\u0131[:] - Cancan Meyve Presleri\",\"isPartOf\":{\"@id\":\"https:\/\/cancan.com.tr\/#website\"},\"primaryImageOfPage\":{\"@id\":\"https:\/\/cancan.com.tr\/tum-urunler\/profesyonel-tip-konserve-acacagi\/#primaryimage\"},\"image\":{\"@id\":\"https:\/\/cancan.com.tr\/tum-urunler\/profesyonel-tip-konserve-acacagi\/#primaryimage\"},\"thumbnailUrl\":\"https:\/\/cancan.com.tr\/wp-content\/uploads\/2023\/09\/0302y.jpg\",\"datePublished\":\"2023-09-18T16:29:08+00:00\",\"dateModified\":\"2024-03-20T09:45:30+00:00\",\"breadcrumb\":{\"@id\":\"https:\/\/cancan.com.tr\/tum-urunler\/profesyonel-tip-konserve-acacagi\/#breadcrumb\"},\"inLanguage\":\"en-US\",\"potentialAction\":[{\"@type\":\"ReadAction\",\"target\":[\"https:\/\/cancan.com.tr\/tum-urunler\/profesyonel-tip-konserve-acacagi\/\"]}]},{\"@type\":\"ImageObject\",\"inLanguage\":\"en-US\",\"@id\":\"https:\/\/cancan.com.tr\/tum-urunler\/profesyonel-tip-konserve-acacagi\/#primaryimage\",\"url\":\"https:\/\/cancan.com.tr\/wp-content\/uploads\/2023\/09\/0302y.jpg\",\"contentUrl\":\"https:\/\/cancan.com.tr\/wp-content\/uploads\/2023\/09\/0302y.jpg\",\"width\":675,\"height\":828},{\"@type\":\"BreadcrumbList\",\"@id\":\"https:\/\/cancan.com.tr\/tum-urunler\/profesyonel-tip-konserve-acacagi\/#breadcrumb\",\"itemListElement\":[{\"@type\":\"ListItem\",\"position\":1,\"name\":\"Anasayfa\",\"item\":\"https:\/\/cancan.com.tr\/\"},{\"@type\":\"ListItem\",\"position\":2,\"name\":\"Products\",\"item\":\"https:\/\/cancan.com.tr\/en\/products-2\/\"},{\"@type\":\"ListItem\",\"position\":3,\"name\":\"0302 Profesyonel Tip Manuel Konserve A\u00e7aca\u011f\u0131\"}]},{\"@type\":\"WebSite\",\"@id\":\"https:\/\/cancan.com.tr\/#website\",\"url\":\"https:\/\/cancan.com.tr\/\",\"name\":\"Cancan Meyve Presleri\",\"description\":\"www.cancan.com.tr\",\"publisher\":{\"@id\":\"https:\/\/cancan.com.tr\/#organization\"},\"potentialAction\":[{\"@type\":\"SearchAction\",\"target\":{\"@type\":\"EntryPoint\",\"urlTemplate\":\"https:\/\/cancan.com.tr\/?s={search_term_string}\"},\"query-input\":{\"@type\":\"PropertyValueSpecification\",\"valueRequired\":true,\"valueName\":\"search_term_string\"}}],\"inLanguage\":\"en-US\"},{\"@type\":\"Organization\",\"@id\":\"https:\/\/cancan.com.tr\/#organization\",\"name\":\"Cancan Meyve Presleri\",\"url\":\"https:\/\/cancan.com.tr\/\",\"logo\":{\"@type\":\"ImageObject\",\"inLanguage\":\"en-US\",\"@id\":\"https:\/\/cancan.com.tr\/#\/schema\/logo\/image\/\",\"url\":\"https:\/\/cancan.com.tr\/wp-content\/uploads\/2026\/03\/CancanLogo.png\",\"contentUrl\":\"https:\/\/cancan.com.tr\/wp-content\/uploads\/2026\/03\/CancanLogo.png\",\"width\":362,\"height\":67,\"caption\":\"Cancan Meyve Presleri\"},\"image\":{\"@id\":\"https:\/\/cancan.com.tr\/#\/schema\/logo\/image\/\"}}]}<\/script>\n<!-- \/ Yoast SEO plugin. -->","yoast_head_json":{"title":"[:en]0302 Professional Type Manual Can Opener[:tr]0302 Profesyonel Tip Manuel Konserve A\u00e7aca\u011f\u0131[:] - Cancan Meyve Presleri","robots":{"index":"index","follow":"follow","max-snippet":"max-snippet:-1","max-image-preview":"max-image-preview:large","max-video-preview":"max-video-preview:-1"},"canonical":"https:\/\/cancan.com.tr\/tum-urunler\/profesyonel-tip-konserve-acacagi\/","og_locale":"en_US","og_type":"article","og_title":"[:en]0302 Professional Type Manual Can Opener[:tr]0302 Profesyonel Tip Manuel Konserve A\u00e7aca\u011f\u0131[:] - Cancan Meyve Presleri","og_description":"[:en]0302 Professional Model Manual Can Opener The Manual Can Openers with aluminium body are providing big convenience to the users by opening either small or big cans in a safe and hygienic way in the professional catering sector and places such as industrial kitchens, hospitals, nursing homes and school canteens.    https:\/\/www.youtube.com\/watch?v=OQquFJ4GegE[:tr]0302 Profesyonel Tip Manuel Konserve A\u00e7aca\u011f\u0131 Al\u00fcminyum g\u00f6vdeye sahip konserve a\u00e7aca\u011f\u0131, profesyonel catering, end\u00fcstriyel mutfaklar, hastaneler, bak\u0131m evleri, kantinler gibi mekanlarda g\u00fcvenli ve hijyenik bir \u015fekilde b\u00fcy\u00fck veya k\u00fc\u00e7\u00fck konserve ay\u0131rmaks\u0131z\u0131n kullan\u0131c\u0131lara b\u00fcy\u00fck kolayl\u0131k sa\u011flamaktad\u0131r.     https:\/\/www.youtube.com\/watch?v=OQquFJ4GegE[:]","og_url":"https:\/\/cancan.com.tr\/tum-urunler\/profesyonel-tip-konserve-acacagi\/","og_site_name":"Cancan Meyve Presleri","article_modified_time":"2024-03-20T09:45:30+00:00","og_image":[{"width":675,"height":828,"url":"https:\/\/cancan.com.tr\/wp-content\/uploads\/2023\/09\/0302y.jpg","type":"image\/jpeg"}],"twitter_card":"summary_large_image","twitter_misc":{"Est. reading time":"2 minutes"},"schema":{"@context":"https:\/\/schema.org","@graph":[{"@type":"WebPage","@id":"https:\/\/cancan.com.tr\/tum-urunler\/profesyonel-tip-konserve-acacagi\/","url":"https:\/\/cancan.com.tr\/tum-urunler\/profesyonel-tip-konserve-acacagi\/","name":"[:en]0302 Professional Type Manual Can Opener[:tr]0302 Profesyonel Tip Manuel Konserve A\u00e7aca\u011f\u0131[:] - Cancan Meyve Presleri","isPartOf":{"@id":"https:\/\/cancan.com.tr\/#website"},"primaryImageOfPage":{"@id":"https:\/\/cancan.com.tr\/tum-urunler\/profesyonel-tip-konserve-acacagi\/#primaryimage"},"image":{"@id":"https:\/\/cancan.com.tr\/tum-urunler\/profesyonel-tip-konserve-acacagi\/#primaryimage"},"thumbnailUrl":"https:\/\/cancan.com.tr\/wp-content\/uploads\/2023\/09\/0302y.jpg","datePublished":"2023-09-18T16:29:08+00:00","dateModified":"2024-03-20T09:45:30+00:00","breadcrumb":{"@id":"https:\/\/cancan.com.tr\/tum-urunler\/profesyonel-tip-konserve-acacagi\/#breadcrumb"},"inLanguage":"en-US","potentialAction":[{"@type":"ReadAction","target":["https:\/\/cancan.com.tr\/tum-urunler\/profesyonel-tip-konserve-acacagi\/"]}]},{"@type":"ImageObject","inLanguage":"en-US","@id":"https:\/\/cancan.com.tr\/tum-urunler\/profesyonel-tip-konserve-acacagi\/#primaryimage","url":"https:\/\/cancan.com.tr\/wp-content\/uploads\/2023\/09\/0302y.jpg","contentUrl":"https:\/\/cancan.com.tr\/wp-content\/uploads\/2023\/09\/0302y.jpg","width":675,"height":828},{"@type":"BreadcrumbList","@id":"https:\/\/cancan.com.tr\/tum-urunler\/profesyonel-tip-konserve-acacagi\/#breadcrumb","itemListElement":[{"@type":"ListItem","position":1,"name":"Anasayfa","item":"https:\/\/cancan.com.tr\/"},{"@type":"ListItem","position":2,"name":"Products","item":"https:\/\/cancan.com.tr\/en\/products-2\/"},{"@type":"ListItem","position":3,"name":"0302 Profesyonel Tip Manuel Konserve A\u00e7aca\u011f\u0131"}]},{"@type":"WebSite","@id":"https:\/\/cancan.com.tr\/#website","url":"https:\/\/cancan.com.tr\/","name":"Cancan Meyve Presleri","description":"www.cancan.com.tr","publisher":{"@id":"https:\/\/cancan.com.tr\/#organization"},"potentialAction":[{"@type":"SearchAction","target":{"@type":"EntryPoint","urlTemplate":"https:\/\/cancan.com.tr\/?s={search_term_string}"},"query-input":{"@type":"PropertyValueSpecification","valueRequired":true,"valueName":"search_term_string"}}],"inLanguage":"en-US"},{"@type":"Organization","@id":"https:\/\/cancan.com.tr\/#organization","name":"Cancan Meyve Presleri","url":"https:\/\/cancan.com.tr\/","logo":{"@type":"ImageObject","inLanguage":"en-US","@id":"https:\/\/cancan.com.tr\/#\/schema\/logo\/image\/","url":"https:\/\/cancan.com.tr\/wp-content\/uploads\/2026\/03\/CancanLogo.png","contentUrl":"https:\/\/cancan.com.tr\/wp-content\/uploads\/2026\/03\/CancanLogo.png","width":362,"height":67,"caption":"Cancan Meyve Presleri"},"image":{"@id":"https:\/\/cancan.com.tr\/#\/schema\/logo\/image\/"}}]}},"_links":{"self":[{"href":"https:\/\/cancan.com.tr\/en\/wp-json\/wp\/v2\/product\/6277","targetHints":{"allow":["GET"]}}],"collection":[{"href":"https:\/\/cancan.com.tr\/en\/wp-json\/wp\/v2\/product"}],"about":[{"href":"https:\/\/cancan.com.tr\/en\/wp-json\/wp\/v2\/types\/product"}],"replies":[{"embeddable":true,"href":"https:\/\/cancan.com.tr\/en\/wp-json\/wp\/v2\/comments?post=6277"}],"wp:featuredmedia":[{"embeddable":true,"href":"https:\/\/cancan.com.tr\/en\/wp-json\/wp\/v2\/media\/8178"}],"wp:attachment":[{"href":"https:\/\/cancan.com.tr\/en\/wp-json\/wp\/v2\/media?parent=6277"}],"wp:term":[{"taxonomy":"product_cat","embeddable":true,"href":"https:\/\/cancan.com.tr\/en\/wp-json\/wp\/v2\/product_cat?post=6277"},{"taxonomy":"product_tag","embeddable":true,"href":"https:\/\/cancan.com.tr\/en\/wp-json\/wp\/v2\/product_tag?post=6277"}],"curies":[{"name":"wp","href":"https:\/\/api.w.org\/{rel}","templated":true}]}}