{"id":6256,"date":"2023-09-18T17:31:58","date_gmt":"2023-09-18T14:31:58","guid":{"rendered":"https:\/\/mostdijital.com\/cancan\/?post_type=product&#038;p=6256"},"modified":"2024-03-21T15:48:22","modified_gmt":"2024-03-21T12:48:22","slug":"0703-porofesyonel-tip-elektrikli-konserve-acacagi-daireselkare-model","status":"publish","type":"product","link":"https:\/\/cancan.com.tr\/en\/all-products\/professional-type-electrical-can-opener-circle-square-cut\/","title":{"rendered":"0703 Professional Type Electrical Can Opener Circle-Square Cut"},"content":{"rendered":"<p><\/p>\n<h2><span style=\"color: #fa0014;\">0703 Professional Type Electrical Can Opener Circle-Square Cut <\/span><\/h2>\n<p>The all stainless steel Professional Type Electric Can Opener is designed to open tin cans such as cheese, olive, paint cans etc. in industrial kitchens without the need of extra power in a short time and in a quickly way with the help of the rotating helical gear that prevents gliding and slipping and the special design cutting blade. Professional type electric can opener prevents possible workplace accidents.<\/p>\n<hr \/>\n<h4><strong>Handle Grip<\/strong><\/h4>\n<p>It is designed so that you can easily move the product up and down.<\/p>\n<hr \/>\n<h4>Brake Grip<\/h4>\n<p>Designed to fix the product body at the desired height.<\/p>\n<hr \/>\n<h4><strong>Helical Gear<\/strong><\/h4>\n<p>The specially manufactured hardened helical gear prevents stripping and leakage, ensuring a long-lasting and durable use.<\/p>\n<hr \/>\n<h4>Stainless Blade<\/h4>\n<p>The specially manufactured stainless blade removes rough edges and metal shavings for a clean cut. It is long lasting and durable and does not dull.<\/p>\n<hr \/>\n<h4>Stainless Arm<\/h4>\n<p>When you lower the stainless steel lever, the blade is fully fixed in the can and opens the can when you start the machine.<\/p>\n<hr \/>\n<h4><strong>Stainless Steel Shaft<\/strong><\/h4>\n<p>It is designed to ensure that the can fits snugly into the machine.<\/p>\n<hr \/>\n<h4>Stainless<\/h4>\n<p>The stainless steel base on which the movable and rotating table is placed has soft lines in terms of both appearance and safety.<\/p>\n<hr \/>\n<h4><strong>Screw<\/strong><\/h4>\n<p>The stainless steel handle and blade are designed for easy removal and cleaning.<\/p>\n<hr \/>\n<h4><strong>Magnetic Holder Shaft<\/strong><\/h4>\n<p>The strong magnetized holder shaft holds the lid after cutting and prevents food from falling inside.<\/p>\n<hr \/>\n<h4><strong>Rotary Table<\/strong><\/h4>\n<p>Designed for comfortable opening of circular cans by rotating 360 degrees during opening.<\/p>\n<hr \/>\n<h4><strong>Movable Table<\/strong><\/h4>\n<p>Stainless steel table designed for square cans. The marble wheels under the table legs facilitate the movement of the square cans during opening.<\/p>","protected":false},"excerpt":{"rendered":"<h2><span style=\"color: #fa0014;\">0703 Professional Type Electrical Can Opener Circle-Square Cut <\/span><\/h2>\n<p>The all stainless steel Professional Type Electric Can Opener is designed to open tin cans such as cheese, olive, paint cans etc. in industrial kitchens without the need of extra power in a short time and in a quickly way with the help of the rotating helical gear that prevents gliding and slipping and the special design cutting blade. Professional type electric can opener prevents possible workplace accidents.<\/p>\n<p><img loading=\"lazy\" decoding=\"async\" class=\"alignnone wp-image-8554\" src=\"https:\/\/cancan.com.tr\/wp-content\/uploads\/2023\/09\/ing-hazirlik-300x94.png\" alt=\"\" width=\"275\" height=\"86\" srcset=\"https:\/\/cancan.com.tr\/wp-content\/uploads\/2023\/09\/ing-hazirlik-300x94.png 300w, https:\/\/cancan.com.tr\/wp-content\/uploads\/2023\/09\/ing-hazirlik-600x188.png 600w, https:\/\/cancan.com.tr\/wp-content\/uploads\/2023\/09\/ing-hazirlik.png 752w\" sizes=\"auto, (max-width: 275px) 100vw, 275px\" \/><\/p>\n<p>https:\/\/www.youtube.com\/watch?v=299zUF9xteQ<\/p>\n","protected":false},"featured_media":8181,"comment_status":"closed","ping_status":"closed","template":"","meta":[],"product_cat":[15,171,205],"product_tag":[242,189,218,183],"class_list":["post-6256","product","type-product","status-publish","has-post-thumbnail","hentry","product_cat-tum-urunler","product_cat-hazirlik-ekipmanlari","product_cat-elektrikli-konserve-acacaklari","product_tag-elektrikli-hazirlik-2","product_tag-otel","product_tag-paslanmaz","product_tag-restoranlar"],"acf":[],"yoast_head":"<!-- This site is optimized with the Yoast SEO plugin v27.0 - https:\/\/yoast.com\/product\/yoast-seo-wordpress\/ -->\n<title>0703 Professional Type Electrical Can Opener Circle-Square Cut - Cancan Meyve Presleri<\/title>\n<meta name=\"robots\" content=\"index, follow, max-snippet:-1, max-image-preview:large, max-video-preview:-1\" \/>\n<link rel=\"canonical\" href=\"https:\/\/cancan.com.tr\/tum-urunler\/profesyonel-tip-elektrikli-konserve-acacagi-dairesel-kare-model\/\" \/>\n<meta property=\"og:locale\" content=\"en_US\" \/>\n<meta property=\"og:type\" content=\"article\" \/>\n<meta property=\"og:title\" content=\"[:en]0703 Professional Type Electrical Can Opener Circle-Square Cut[:tr]0703 Profesyonel Tip Elektrikli Konserve A\u00e7aca\u011f\u0131 (Kare &amp; Dairesel)[:] - Cancan Meyve Presleri\" \/>\n<meta property=\"og:description\" content=\"[:en]0703 Professional Type Electrical Can Opener Circle-Square Cut  The all stainless steel Professional Type Electric Can Opener is designed to open tin cans such as cheese, olive, paint cans etc. in industrial kitchens without the need of extra power in a short time and in a quickly way with the help of the rotating helical gear that prevents gliding and slipping and the special design cutting blade. Professional type electric can opener prevents possible workplace accidents.    https:\/\/www.youtube.com\/watch?v=299zUF9xteQ[:tr]0703 Profesyonel Tip Elektrikli Konserve A\u00e7aca\u011f\u0131 (Kare &amp; Dairesel) Tamamen paslanmaz profesyonel tip elektrikli konserve a\u00e7ma makinesi; s\u0131y\u0131rma ve ka\u00e7\u0131rmay\u0131 \u00f6nleyici d\u00f6nen helis di\u015fli ve \u00f6zel tasar\u0131m paslanmaz b\u0131\u00e7ak yard\u0131m\u0131yla end\u00fcstriyel mutfaklardaki peynir, zeytin, konserve boya gibi konserve tenekelerinin fazla g\u00fc\u00e7 gerektirmeden k\u0131sa s\u00fcrede, h\u0131zl\u0131 bir \u015fekilde a\u00e7\u0131lmas\u0131 i\u00e7in tasarlanm\u0131\u015ft\u0131r. Profesyonel tip elektrikli konserve a\u00e7ma makinesi; olu\u015fabilecek i\u015f kazalar\u0131n\u0131n \u00f6n\u00fcne ge\u00e7erek firmalar\u0131n i\u015f g\u00fcvenli\u011fi sa\u011flamas\u0131na destek olmu\u015ftur.    https:\/\/www.youtube.com\/watch?v=299zUF9xteQ[:]\" \/>\n<meta property=\"og:url\" content=\"https:\/\/cancan.com.tr\/tum-urunler\/profesyonel-tip-elektrikli-konserve-acacagi-dairesel-kare-model\/\" \/>\n<meta property=\"og:site_name\" content=\"Cancan Meyve Presleri\" \/>\n<meta property=\"article:modified_time\" content=\"2024-03-21T12:48:22+00:00\" \/>\n<meta property=\"og:image\" content=\"https:\/\/cancan.com.tr\/wp-content\/uploads\/2023\/09\/0703.jpg\" \/>\n\t<meta property=\"og:image:width\" content=\"675\" \/>\n\t<meta property=\"og:image:height\" content=\"828\" \/>\n\t<meta property=\"og:image:type\" content=\"image\/jpeg\" \/>\n<meta name=\"twitter:card\" content=\"summary_large_image\" \/>\n<meta name=\"twitter:label1\" content=\"Est. reading time\" \/>\n\t<meta name=\"twitter:data1\" content=\"3 minutes\" \/>\n<script type=\"application\/ld+json\" class=\"yoast-schema-graph\">{\"@context\":\"https:\/\/schema.org\",\"@graph\":[{\"@type\":\"WebPage\",\"@id\":\"https:\/\/cancan.com.tr\/tum-urunler\/profesyonel-tip-elektrikli-konserve-acacagi-dairesel-kare-model\/\",\"url\":\"https:\/\/cancan.com.tr\/tum-urunler\/profesyonel-tip-elektrikli-konserve-acacagi-dairesel-kare-model\/\",\"name\":\"[:en]0703 Professional Type Electrical Can Opener Circle-Square Cut[:tr]0703 Profesyonel Tip Elektrikli Konserve A\u00e7aca\u011f\u0131 (Kare & Dairesel)[:] - Cancan Meyve Presleri\",\"isPartOf\":{\"@id\":\"https:\/\/cancan.com.tr\/#website\"},\"primaryImageOfPage\":{\"@id\":\"https:\/\/cancan.com.tr\/tum-urunler\/profesyonel-tip-elektrikli-konserve-acacagi-dairesel-kare-model\/#primaryimage\"},\"image\":{\"@id\":\"https:\/\/cancan.com.tr\/tum-urunler\/profesyonel-tip-elektrikli-konserve-acacagi-dairesel-kare-model\/#primaryimage\"},\"thumbnailUrl\":\"https:\/\/cancan.com.tr\/wp-content\/uploads\/2023\/09\/0703.jpg\",\"datePublished\":\"2023-09-18T14:31:58+00:00\",\"dateModified\":\"2024-03-21T12:48:22+00:00\",\"breadcrumb\":{\"@id\":\"https:\/\/cancan.com.tr\/tum-urunler\/profesyonel-tip-elektrikli-konserve-acacagi-dairesel-kare-model\/#breadcrumb\"},\"inLanguage\":\"en-US\",\"potentialAction\":[{\"@type\":\"ReadAction\",\"target\":[\"https:\/\/cancan.com.tr\/tum-urunler\/profesyonel-tip-elektrikli-konserve-acacagi-dairesel-kare-model\/\"]}]},{\"@type\":\"ImageObject\",\"inLanguage\":\"en-US\",\"@id\":\"https:\/\/cancan.com.tr\/tum-urunler\/profesyonel-tip-elektrikli-konserve-acacagi-dairesel-kare-model\/#primaryimage\",\"url\":\"https:\/\/cancan.com.tr\/wp-content\/uploads\/2023\/09\/0703.jpg\",\"contentUrl\":\"https:\/\/cancan.com.tr\/wp-content\/uploads\/2023\/09\/0703.jpg\",\"width\":675,\"height\":828},{\"@type\":\"BreadcrumbList\",\"@id\":\"https:\/\/cancan.com.tr\/tum-urunler\/profesyonel-tip-elektrikli-konserve-acacagi-dairesel-kare-model\/#breadcrumb\",\"itemListElement\":[{\"@type\":\"ListItem\",\"position\":1,\"name\":\"Anasayfa\",\"item\":\"https:\/\/cancan.com.tr\/\"},{\"@type\":\"ListItem\",\"position\":2,\"name\":\"Products\",\"item\":\"https:\/\/cancan.com.tr\/en\/products-2\/\"},{\"@type\":\"ListItem\",\"position\":3,\"name\":\"0703 Profesyonel Tip Elektrikli Konserve A\u00e7aca\u011f\u0131 (Kare &#038; Dairesel)\"}]},{\"@type\":\"WebSite\",\"@id\":\"https:\/\/cancan.com.tr\/#website\",\"url\":\"https:\/\/cancan.com.tr\/\",\"name\":\"Cancan Meyve Presleri\",\"description\":\"www.cancan.com.tr\",\"publisher\":{\"@id\":\"https:\/\/cancan.com.tr\/#organization\"},\"potentialAction\":[{\"@type\":\"SearchAction\",\"target\":{\"@type\":\"EntryPoint\",\"urlTemplate\":\"https:\/\/cancan.com.tr\/?s={search_term_string}\"},\"query-input\":{\"@type\":\"PropertyValueSpecification\",\"valueRequired\":true,\"valueName\":\"search_term_string\"}}],\"inLanguage\":\"en-US\"},{\"@type\":\"Organization\",\"@id\":\"https:\/\/cancan.com.tr\/#organization\",\"name\":\"Cancan Meyve Presleri\",\"url\":\"https:\/\/cancan.com.tr\/\",\"logo\":{\"@type\":\"ImageObject\",\"inLanguage\":\"en-US\",\"@id\":\"https:\/\/cancan.com.tr\/#\/schema\/logo\/image\/\",\"url\":\"https:\/\/cancan.com.tr\/wp-content\/uploads\/2026\/03\/CancanLogo.png\",\"contentUrl\":\"https:\/\/cancan.com.tr\/wp-content\/uploads\/2026\/03\/CancanLogo.png\",\"width\":362,\"height\":67,\"caption\":\"Cancan Meyve Presleri\"},\"image\":{\"@id\":\"https:\/\/cancan.com.tr\/#\/schema\/logo\/image\/\"}}]}<\/script>\n<!-- \/ Yoast SEO plugin. -->","yoast_head_json":{"title":"[:en]0703 Professional Type Electrical Can Opener Circle-Square Cut[:tr]0703 Profesyonel Tip Elektrikli Konserve A\u00e7aca\u011f\u0131 (Kare & Dairesel)[:] - Cancan Meyve Presleri","robots":{"index":"index","follow":"follow","max-snippet":"max-snippet:-1","max-image-preview":"max-image-preview:large","max-video-preview":"max-video-preview:-1"},"canonical":"https:\/\/cancan.com.tr\/tum-urunler\/profesyonel-tip-elektrikli-konserve-acacagi-dairesel-kare-model\/","og_locale":"en_US","og_type":"article","og_title":"[:en]0703 Professional Type Electrical Can Opener Circle-Square Cut[:tr]0703 Profesyonel Tip Elektrikli Konserve A\u00e7aca\u011f\u0131 (Kare & Dairesel)[:] - Cancan Meyve Presleri","og_description":"[:en]0703 Professional Type Electrical Can Opener Circle-Square Cut  The all stainless steel Professional Type Electric Can Opener is designed to open tin cans such as cheese, olive, paint cans etc. in industrial kitchens without the need of extra power in a short time and in a quickly way with the help of the rotating helical gear that prevents gliding and slipping and the special design cutting blade. Professional type electric can opener prevents possible workplace accidents.    https:\/\/www.youtube.com\/watch?v=299zUF9xteQ[:tr]0703 Profesyonel Tip Elektrikli Konserve A\u00e7aca\u011f\u0131 (Kare &amp; Dairesel) Tamamen paslanmaz profesyonel tip elektrikli konserve a\u00e7ma makinesi; s\u0131y\u0131rma ve ka\u00e7\u0131rmay\u0131 \u00f6nleyici d\u00f6nen helis di\u015fli ve \u00f6zel tasar\u0131m paslanmaz b\u0131\u00e7ak yard\u0131m\u0131yla end\u00fcstriyel mutfaklardaki peynir, zeytin, konserve boya gibi konserve tenekelerinin fazla g\u00fc\u00e7 gerektirmeden k\u0131sa s\u00fcrede, h\u0131zl\u0131 bir \u015fekilde a\u00e7\u0131lmas\u0131 i\u00e7in tasarlanm\u0131\u015ft\u0131r. Profesyonel tip elektrikli konserve a\u00e7ma makinesi; olu\u015fabilecek i\u015f kazalar\u0131n\u0131n \u00f6n\u00fcne ge\u00e7erek firmalar\u0131n i\u015f g\u00fcvenli\u011fi sa\u011flamas\u0131na destek olmu\u015ftur.    https:\/\/www.youtube.com\/watch?v=299zUF9xteQ[:]","og_url":"https:\/\/cancan.com.tr\/tum-urunler\/profesyonel-tip-elektrikli-konserve-acacagi-dairesel-kare-model\/","og_site_name":"Cancan Meyve Presleri","article_modified_time":"2024-03-21T12:48:22+00:00","og_image":[{"width":675,"height":828,"url":"https:\/\/cancan.com.tr\/wp-content\/uploads\/2023\/09\/0703.jpg","type":"image\/jpeg"}],"twitter_card":"summary_large_image","twitter_misc":{"Est. reading time":"3 minutes"},"schema":{"@context":"https:\/\/schema.org","@graph":[{"@type":"WebPage","@id":"https:\/\/cancan.com.tr\/tum-urunler\/profesyonel-tip-elektrikli-konserve-acacagi-dairesel-kare-model\/","url":"https:\/\/cancan.com.tr\/tum-urunler\/profesyonel-tip-elektrikli-konserve-acacagi-dairesel-kare-model\/","name":"[:en]0703 Professional Type Electrical Can Opener Circle-Square Cut[:tr]0703 Profesyonel Tip Elektrikli Konserve A\u00e7aca\u011f\u0131 (Kare & Dairesel)[:] - Cancan Meyve Presleri","isPartOf":{"@id":"https:\/\/cancan.com.tr\/#website"},"primaryImageOfPage":{"@id":"https:\/\/cancan.com.tr\/tum-urunler\/profesyonel-tip-elektrikli-konserve-acacagi-dairesel-kare-model\/#primaryimage"},"image":{"@id":"https:\/\/cancan.com.tr\/tum-urunler\/profesyonel-tip-elektrikli-konserve-acacagi-dairesel-kare-model\/#primaryimage"},"thumbnailUrl":"https:\/\/cancan.com.tr\/wp-content\/uploads\/2023\/09\/0703.jpg","datePublished":"2023-09-18T14:31:58+00:00","dateModified":"2024-03-21T12:48:22+00:00","breadcrumb":{"@id":"https:\/\/cancan.com.tr\/tum-urunler\/profesyonel-tip-elektrikli-konserve-acacagi-dairesel-kare-model\/#breadcrumb"},"inLanguage":"en-US","potentialAction":[{"@type":"ReadAction","target":["https:\/\/cancan.com.tr\/tum-urunler\/profesyonel-tip-elektrikli-konserve-acacagi-dairesel-kare-model\/"]}]},{"@type":"ImageObject","inLanguage":"en-US","@id":"https:\/\/cancan.com.tr\/tum-urunler\/profesyonel-tip-elektrikli-konserve-acacagi-dairesel-kare-model\/#primaryimage","url":"https:\/\/cancan.com.tr\/wp-content\/uploads\/2023\/09\/0703.jpg","contentUrl":"https:\/\/cancan.com.tr\/wp-content\/uploads\/2023\/09\/0703.jpg","width":675,"height":828},{"@type":"BreadcrumbList","@id":"https:\/\/cancan.com.tr\/tum-urunler\/profesyonel-tip-elektrikli-konserve-acacagi-dairesel-kare-model\/#breadcrumb","itemListElement":[{"@type":"ListItem","position":1,"name":"Anasayfa","item":"https:\/\/cancan.com.tr\/"},{"@type":"ListItem","position":2,"name":"Products","item":"https:\/\/cancan.com.tr\/en\/products-2\/"},{"@type":"ListItem","position":3,"name":"0703 Profesyonel Tip Elektrikli Konserve A\u00e7aca\u011f\u0131 (Kare &#038; Dairesel)"}]},{"@type":"WebSite","@id":"https:\/\/cancan.com.tr\/#website","url":"https:\/\/cancan.com.tr\/","name":"Cancan Meyve Presleri","description":"www.cancan.com.tr","publisher":{"@id":"https:\/\/cancan.com.tr\/#organization"},"potentialAction":[{"@type":"SearchAction","target":{"@type":"EntryPoint","urlTemplate":"https:\/\/cancan.com.tr\/?s={search_term_string}"},"query-input":{"@type":"PropertyValueSpecification","valueRequired":true,"valueName":"search_term_string"}}],"inLanguage":"en-US"},{"@type":"Organization","@id":"https:\/\/cancan.com.tr\/#organization","name":"Cancan Meyve Presleri","url":"https:\/\/cancan.com.tr\/","logo":{"@type":"ImageObject","inLanguage":"en-US","@id":"https:\/\/cancan.com.tr\/#\/schema\/logo\/image\/","url":"https:\/\/cancan.com.tr\/wp-content\/uploads\/2026\/03\/CancanLogo.png","contentUrl":"https:\/\/cancan.com.tr\/wp-content\/uploads\/2026\/03\/CancanLogo.png","width":362,"height":67,"caption":"Cancan Meyve Presleri"},"image":{"@id":"https:\/\/cancan.com.tr\/#\/schema\/logo\/image\/"}}]}},"_links":{"self":[{"href":"https:\/\/cancan.com.tr\/en\/wp-json\/wp\/v2\/product\/6256","targetHints":{"allow":["GET"]}}],"collection":[{"href":"https:\/\/cancan.com.tr\/en\/wp-json\/wp\/v2\/product"}],"about":[{"href":"https:\/\/cancan.com.tr\/en\/wp-json\/wp\/v2\/types\/product"}],"replies":[{"embeddable":true,"href":"https:\/\/cancan.com.tr\/en\/wp-json\/wp\/v2\/comments?post=6256"}],"wp:featuredmedia":[{"embeddable":true,"href":"https:\/\/cancan.com.tr\/en\/wp-json\/wp\/v2\/media\/8181"}],"wp:attachment":[{"href":"https:\/\/cancan.com.tr\/en\/wp-json\/wp\/v2\/media?parent=6256"}],"wp:term":[{"taxonomy":"product_cat","embeddable":true,"href":"https:\/\/cancan.com.tr\/en\/wp-json\/wp\/v2\/product_cat?post=6256"},{"taxonomy":"product_tag","embeddable":true,"href":"https:\/\/cancan.com.tr\/en\/wp-json\/wp\/v2\/product_tag?post=6256"}],"curies":[{"name":"wp","href":"https:\/\/api.w.org\/{rel}","templated":true}]}}