{"id":6247,"date":"2023-09-18T17:02:12","date_gmt":"2023-09-18T14:02:12","guid":{"rendered":"https:\/\/mostdijital.com\/cancan\/?post_type=product&#038;p=6247"},"modified":"2024-08-15T09:06:49","modified_gmt":"2024-08-15T06:06:49","slug":"1701-ekmek-yaglama-aparati","status":"publish","type":"product","link":"https:\/\/cancan.com.tr\/en\/all-products\/bread-oiler-tool\/","title":{"rendered":"1701 Bread Oiler Tool"},"content":{"rendered":"<p><\/p>\n<h2><span style=\"color: #fa0014;\">1701 Bread Oiler Tool\u00a0<\/span><\/h2>\n<p>Hotels, restaurants, cafes, and industrial kitchens, among others, can derive great benefi ts from the bread oiler tool, which<br \/>\nenhances the flavor of bread. This versatile tool can be used with a wide range of products, from butter to olive oil and spicy sauces, offering precise control over the application of oil and sauce.<\/p>\n<hr \/>\n<h4>Time and Cost Savings<\/h4>\n<p>The perforated drum feature of the bread buttering machine allows the operator to spread butter evenly on the bread in a single motion, allowing excess butter to fall to the bottom of the hopper.<\/p>\n<hr \/>\n<h4>Comfortable Use<\/h4>\n<p>The bread is easily greased by sliding along the roll.<\/p>\n<hr \/>\n<h4>Easy Cleaning<\/h4>\n<p>All parts are dishwasher safe.<\/p>","protected":false},"excerpt":{"rendered":"<h2><span style=\"color: #fa0014;\">1701 Bread Oiler Tool\u00a0<\/span><\/h2>\n<p>Hotels, restaurants, cafes, and industrial kitchens, among others, can derive great benefi ts from the bread oiler tool, which<br \/>\nenhances the flavor of bread. This versatile tool can be used with a wide range of products, from butter to olive oil and spicy sauces, offering precise control over the application of oil and sauce.<\/p>\n<p><img loading=\"lazy\" decoding=\"async\" class=\"alignnone wp-image-8554\" src=\"https:\/\/cancan.com.tr\/wp-content\/uploads\/2023\/09\/ing-hazirlik-300x94.png\" alt=\"\" width=\"275\" height=\"86\" srcset=\"https:\/\/cancan.com.tr\/wp-content\/uploads\/2023\/09\/ing-hazirlik-300x94.png 300w, https:\/\/cancan.com.tr\/wp-content\/uploads\/2023\/09\/ing-hazirlik-600x188.png 600w, https:\/\/cancan.com.tr\/wp-content\/uploads\/2023\/09\/ing-hazirlik.png 752w\" sizes=\"auto, (max-width: 275px) 100vw, 275px\" \/><\/p>\n<p>https:\/\/youtu.be\/W3Vp7y_6O1o?si=xma1ru0cbACd675G<\/p>\n","protected":false},"featured_media":8204,"comment_status":"closed","ping_status":"closed","template":"","meta":[],"product_cat":[248,247,249,15,171,200],"product_tag":[188,190,219,189,218,183,139,185],"class_list":["post-6247","product","type-product","status-publish","has-post-thumbnail","hentry","product_cat-oteller","product_cat-restoranlar","product_cat-yerel-isletmeler","product_cat-tum-urunler","product_cat-hazirlik-ekipmanlari","product_cat-yedek-parca-ve-aksesuarlar","product_tag-alisveris-merkezi","product_tag-kafe","product_tag-manuel-hazirlik","product_tag-otel","product_tag-paslanmaz","product_tag-restoranlar","product_tag-camera","product_tag-vitamin-barlar"],"acf":[],"yoast_head":"<!-- This site is optimized with the Yoast SEO plugin v27.0 - https:\/\/yoast.com\/product\/yoast-seo-wordpress\/ -->\n<title>1701 Bread Oiler Tool - Cancan Meyve Presleri<\/title>\n<meta name=\"robots\" content=\"index, follow, max-snippet:-1, max-image-preview:large, max-video-preview:-1\" \/>\n<link rel=\"canonical\" href=\"https:\/\/cancan.com.tr\/tum-urunler\/ekmek-yaglama-aparati\/\" \/>\n<meta property=\"og:locale\" content=\"en_US\" \/>\n<meta property=\"og:type\" content=\"article\" \/>\n<meta property=\"og:title\" content=\"[:en]1701 Bread Oiler Tool[:tr]1701 Ekmek Ya\u011flama Aparat\u0131[:] - Cancan Meyve Presleri\" \/>\n<meta property=\"og:description\" content=\"[:en]1701 Bread Oiler Tool\u00a0 Hotels, restaurants, cafes, and industrial kitchens, among others, can derive great benefi ts from the bread oiler tool, which enhances the flavor of bread. This versatile tool can be used with a wide range of products, from butter to olive oil and spicy sauces, offering precise control over the application of oil and sauce.    https:\/\/youtu.be\/W3Vp7y_6O1o?si=xma1ru0cbACd675G[:tr]1701 Ekmek Ya\u011flama Aparat\u0131 Otel, restoran, kafe, end\u00fcstriyel mutfaklar vb. alanlarda kullan\u0131labilen Ekmek Ya\u011flama Aparat\u0131, ekmekleri lezzetli hale getiren bir yard\u0131mc\u0131d\u0131r. Tereya\u011f\u0131n\u0131n yan\u0131 s\u0131ra zeytinya\u011f\u0131, baharatl\u0131 soslara kadar geni\u015f bir yelpazede kullan\u0131labilen ekmek ya\u011flama aparat\u0131 ayn\u0131 zamanda ya\u011f ve sos kullan\u0131m\u0131n\u0131 kontroll\u00fc hale getirir.    https:\/\/youtu.be\/W3Vp7y_6O1o?si=xma1ru0cbACd675G[:]\" \/>\n<meta property=\"og:url\" content=\"https:\/\/cancan.com.tr\/tum-urunler\/ekmek-yaglama-aparati\/\" \/>\n<meta property=\"og:site_name\" content=\"Cancan Meyve Presleri\" \/>\n<meta property=\"article:modified_time\" content=\"2024-08-15T06:06:49+00:00\" \/>\n<meta property=\"og:image\" content=\"https:\/\/cancan.com.tr\/wp-content\/uploads\/2023\/09\/1701.jpg\" \/>\n\t<meta property=\"og:image:width\" content=\"675\" \/>\n\t<meta property=\"og:image:height\" content=\"828\" \/>\n\t<meta property=\"og:image:type\" content=\"image\/jpeg\" \/>\n<meta name=\"twitter:card\" content=\"summary_large_image\" \/>\n<meta name=\"twitter:label1\" content=\"Est. reading time\" \/>\n\t<meta name=\"twitter:data1\" content=\"1 minute\" \/>\n<script type=\"application\/ld+json\" class=\"yoast-schema-graph\">{\"@context\":\"https:\/\/schema.org\",\"@graph\":[{\"@type\":\"WebPage\",\"@id\":\"https:\/\/cancan.com.tr\/tum-urunler\/ekmek-yaglama-aparati\/\",\"url\":\"https:\/\/cancan.com.tr\/tum-urunler\/ekmek-yaglama-aparati\/\",\"name\":\"[:en]1701 Bread Oiler Tool[:tr]1701 Ekmek Ya\u011flama Aparat\u0131[:] - Cancan Meyve Presleri\",\"isPartOf\":{\"@id\":\"https:\/\/cancan.com.tr\/#website\"},\"primaryImageOfPage\":{\"@id\":\"https:\/\/cancan.com.tr\/tum-urunler\/ekmek-yaglama-aparati\/#primaryimage\"},\"image\":{\"@id\":\"https:\/\/cancan.com.tr\/tum-urunler\/ekmek-yaglama-aparati\/#primaryimage\"},\"thumbnailUrl\":\"https:\/\/cancan.com.tr\/wp-content\/uploads\/2023\/09\/1701.jpg\",\"datePublished\":\"2023-09-18T14:02:12+00:00\",\"dateModified\":\"2024-08-15T06:06:49+00:00\",\"breadcrumb\":{\"@id\":\"https:\/\/cancan.com.tr\/tum-urunler\/ekmek-yaglama-aparati\/#breadcrumb\"},\"inLanguage\":\"en-US\",\"potentialAction\":[{\"@type\":\"ReadAction\",\"target\":[\"https:\/\/cancan.com.tr\/tum-urunler\/ekmek-yaglama-aparati\/\"]}]},{\"@type\":\"ImageObject\",\"inLanguage\":\"en-US\",\"@id\":\"https:\/\/cancan.com.tr\/tum-urunler\/ekmek-yaglama-aparati\/#primaryimage\",\"url\":\"https:\/\/cancan.com.tr\/wp-content\/uploads\/2023\/09\/1701.jpg\",\"contentUrl\":\"https:\/\/cancan.com.tr\/wp-content\/uploads\/2023\/09\/1701.jpg\",\"width\":675,\"height\":828},{\"@type\":\"BreadcrumbList\",\"@id\":\"https:\/\/cancan.com.tr\/tum-urunler\/ekmek-yaglama-aparati\/#breadcrumb\",\"itemListElement\":[{\"@type\":\"ListItem\",\"position\":1,\"name\":\"Anasayfa\",\"item\":\"https:\/\/cancan.com.tr\/\"},{\"@type\":\"ListItem\",\"position\":2,\"name\":\"Products\",\"item\":\"https:\/\/cancan.com.tr\/en\/products-2\/\"},{\"@type\":\"ListItem\",\"position\":3,\"name\":\"1701 Ekmek Ya\u011flama Aparat\u0131\"}]},{\"@type\":\"WebSite\",\"@id\":\"https:\/\/cancan.com.tr\/#website\",\"url\":\"https:\/\/cancan.com.tr\/\",\"name\":\"Cancan Meyve Presleri\",\"description\":\"www.cancan.com.tr\",\"publisher\":{\"@id\":\"https:\/\/cancan.com.tr\/#organization\"},\"potentialAction\":[{\"@type\":\"SearchAction\",\"target\":{\"@type\":\"EntryPoint\",\"urlTemplate\":\"https:\/\/cancan.com.tr\/?s={search_term_string}\"},\"query-input\":{\"@type\":\"PropertyValueSpecification\",\"valueRequired\":true,\"valueName\":\"search_term_string\"}}],\"inLanguage\":\"en-US\"},{\"@type\":\"Organization\",\"@id\":\"https:\/\/cancan.com.tr\/#organization\",\"name\":\"Cancan Meyve Presleri\",\"url\":\"https:\/\/cancan.com.tr\/\",\"logo\":{\"@type\":\"ImageObject\",\"inLanguage\":\"en-US\",\"@id\":\"https:\/\/cancan.com.tr\/#\/schema\/logo\/image\/\",\"url\":\"https:\/\/cancan.com.tr\/wp-content\/uploads\/2026\/03\/CancanLogo.png\",\"contentUrl\":\"https:\/\/cancan.com.tr\/wp-content\/uploads\/2026\/03\/CancanLogo.png\",\"width\":362,\"height\":67,\"caption\":\"Cancan Meyve Presleri\"},\"image\":{\"@id\":\"https:\/\/cancan.com.tr\/#\/schema\/logo\/image\/\"}}]}<\/script>\n<!-- \/ Yoast SEO plugin. -->","yoast_head_json":{"title":"[:en]1701 Bread Oiler Tool[:tr]1701 Ekmek Ya\u011flama Aparat\u0131[:] - Cancan Meyve Presleri","robots":{"index":"index","follow":"follow","max-snippet":"max-snippet:-1","max-image-preview":"max-image-preview:large","max-video-preview":"max-video-preview:-1"},"canonical":"https:\/\/cancan.com.tr\/tum-urunler\/ekmek-yaglama-aparati\/","og_locale":"en_US","og_type":"article","og_title":"[:en]1701 Bread Oiler Tool[:tr]1701 Ekmek Ya\u011flama Aparat\u0131[:] - Cancan Meyve Presleri","og_description":"[:en]1701 Bread Oiler Tool\u00a0 Hotels, restaurants, cafes, and industrial kitchens, among others, can derive great benefi ts from the bread oiler tool, which enhances the flavor of bread. This versatile tool can be used with a wide range of products, from butter to olive oil and spicy sauces, offering precise control over the application of oil and sauce.    https:\/\/youtu.be\/W3Vp7y_6O1o?si=xma1ru0cbACd675G[:tr]1701 Ekmek Ya\u011flama Aparat\u0131 Otel, restoran, kafe, end\u00fcstriyel mutfaklar vb. alanlarda kullan\u0131labilen Ekmek Ya\u011flama Aparat\u0131, ekmekleri lezzetli hale getiren bir yard\u0131mc\u0131d\u0131r. Tereya\u011f\u0131n\u0131n yan\u0131 s\u0131ra zeytinya\u011f\u0131, baharatl\u0131 soslara kadar geni\u015f bir yelpazede kullan\u0131labilen ekmek ya\u011flama aparat\u0131 ayn\u0131 zamanda ya\u011f ve sos kullan\u0131m\u0131n\u0131 kontroll\u00fc hale getirir.    https:\/\/youtu.be\/W3Vp7y_6O1o?si=xma1ru0cbACd675G[:]","og_url":"https:\/\/cancan.com.tr\/tum-urunler\/ekmek-yaglama-aparati\/","og_site_name":"Cancan Meyve Presleri","article_modified_time":"2024-08-15T06:06:49+00:00","og_image":[{"width":675,"height":828,"url":"https:\/\/cancan.com.tr\/wp-content\/uploads\/2023\/09\/1701.jpg","type":"image\/jpeg"}],"twitter_card":"summary_large_image","twitter_misc":{"Est. reading time":"1 minute"},"schema":{"@context":"https:\/\/schema.org","@graph":[{"@type":"WebPage","@id":"https:\/\/cancan.com.tr\/tum-urunler\/ekmek-yaglama-aparati\/","url":"https:\/\/cancan.com.tr\/tum-urunler\/ekmek-yaglama-aparati\/","name":"[:en]1701 Bread Oiler Tool[:tr]1701 Ekmek Ya\u011flama Aparat\u0131[:] - Cancan Meyve Presleri","isPartOf":{"@id":"https:\/\/cancan.com.tr\/#website"},"primaryImageOfPage":{"@id":"https:\/\/cancan.com.tr\/tum-urunler\/ekmek-yaglama-aparati\/#primaryimage"},"image":{"@id":"https:\/\/cancan.com.tr\/tum-urunler\/ekmek-yaglama-aparati\/#primaryimage"},"thumbnailUrl":"https:\/\/cancan.com.tr\/wp-content\/uploads\/2023\/09\/1701.jpg","datePublished":"2023-09-18T14:02:12+00:00","dateModified":"2024-08-15T06:06:49+00:00","breadcrumb":{"@id":"https:\/\/cancan.com.tr\/tum-urunler\/ekmek-yaglama-aparati\/#breadcrumb"},"inLanguage":"en-US","potentialAction":[{"@type":"ReadAction","target":["https:\/\/cancan.com.tr\/tum-urunler\/ekmek-yaglama-aparati\/"]}]},{"@type":"ImageObject","inLanguage":"en-US","@id":"https:\/\/cancan.com.tr\/tum-urunler\/ekmek-yaglama-aparati\/#primaryimage","url":"https:\/\/cancan.com.tr\/wp-content\/uploads\/2023\/09\/1701.jpg","contentUrl":"https:\/\/cancan.com.tr\/wp-content\/uploads\/2023\/09\/1701.jpg","width":675,"height":828},{"@type":"BreadcrumbList","@id":"https:\/\/cancan.com.tr\/tum-urunler\/ekmek-yaglama-aparati\/#breadcrumb","itemListElement":[{"@type":"ListItem","position":1,"name":"Anasayfa","item":"https:\/\/cancan.com.tr\/"},{"@type":"ListItem","position":2,"name":"Products","item":"https:\/\/cancan.com.tr\/en\/products-2\/"},{"@type":"ListItem","position":3,"name":"1701 Ekmek Ya\u011flama Aparat\u0131"}]},{"@type":"WebSite","@id":"https:\/\/cancan.com.tr\/#website","url":"https:\/\/cancan.com.tr\/","name":"Cancan Meyve Presleri","description":"www.cancan.com.tr","publisher":{"@id":"https:\/\/cancan.com.tr\/#organization"},"potentialAction":[{"@type":"SearchAction","target":{"@type":"EntryPoint","urlTemplate":"https:\/\/cancan.com.tr\/?s={search_term_string}"},"query-input":{"@type":"PropertyValueSpecification","valueRequired":true,"valueName":"search_term_string"}}],"inLanguage":"en-US"},{"@type":"Organization","@id":"https:\/\/cancan.com.tr\/#organization","name":"Cancan Meyve Presleri","url":"https:\/\/cancan.com.tr\/","logo":{"@type":"ImageObject","inLanguage":"en-US","@id":"https:\/\/cancan.com.tr\/#\/schema\/logo\/image\/","url":"https:\/\/cancan.com.tr\/wp-content\/uploads\/2026\/03\/CancanLogo.png","contentUrl":"https:\/\/cancan.com.tr\/wp-content\/uploads\/2026\/03\/CancanLogo.png","width":362,"height":67,"caption":"Cancan Meyve Presleri"},"image":{"@id":"https:\/\/cancan.com.tr\/#\/schema\/logo\/image\/"}}]}},"_links":{"self":[{"href":"https:\/\/cancan.com.tr\/en\/wp-json\/wp\/v2\/product\/6247","targetHints":{"allow":["GET"]}}],"collection":[{"href":"https:\/\/cancan.com.tr\/en\/wp-json\/wp\/v2\/product"}],"about":[{"href":"https:\/\/cancan.com.tr\/en\/wp-json\/wp\/v2\/types\/product"}],"replies":[{"embeddable":true,"href":"https:\/\/cancan.com.tr\/en\/wp-json\/wp\/v2\/comments?post=6247"}],"wp:featuredmedia":[{"embeddable":true,"href":"https:\/\/cancan.com.tr\/en\/wp-json\/wp\/v2\/media\/8204"}],"wp:attachment":[{"href":"https:\/\/cancan.com.tr\/en\/wp-json\/wp\/v2\/media?parent=6247"}],"wp:term":[{"taxonomy":"product_cat","embeddable":true,"href":"https:\/\/cancan.com.tr\/en\/wp-json\/wp\/v2\/product_cat?post=6247"},{"taxonomy":"product_tag","embeddable":true,"href":"https:\/\/cancan.com.tr\/en\/wp-json\/wp\/v2\/product_tag?post=6247"}],"curies":[{"name":"wp","href":"https:\/\/api.w.org\/{rel}","templated":true}]}}