{"id":6242,"date":"2023-09-18T16:55:07","date_gmt":"2023-09-18T13:55:07","guid":{"rendered":"https:\/\/mostdijital.com\/cancan\/?post_type=product&#038;p=6242"},"modified":"2024-10-21T14:23:08","modified_gmt":"2024-10-21T11:23:08","slug":"1423-ananas-3lu-set","status":"publish","type":"product","link":"https:\/\/cancan.com.tr\/en\/all-products\/pineapple-trio\/","title":{"rendered":"1423 Pineapple Trio"},"content":{"rendered":"<p><\/p>\n<h2><span style=\"color: #fa0014;\">1423 Pineapple Trio\u00a0<\/span><\/h2>\n<p>With a stand specifi cally designed for supermarkets and greengrocers, this product combines the Pineapple Guillotine, Pineapple Peeler, and Pineapple Slicer machines, offering a space-saving solution for storing pineapples on shelves. Additionally, it provides added convenience during the cutting process with its waste container.<\/p>","protected":false},"excerpt":{"rendered":"<h2><span style=\"color: #fa0014;\">1423 Pineapple Trio\u00a0<\/span><\/h2>\n<p>Specially designed for supermarkets and greengrocers, the Pineapple Trio combines Pineapple Guillotine, Pineapple Peeler Machine and Manual Pineapple Slicer machines, saving space and offering ease of storing pineapples on stand shelves. This set consists of our three machines:<\/p>\n<p>First, the 0810-Pineapple Guillotine Cutter cuts off the hard corner parts of the pineapple. Then, 0801-Pineapple Peeler Machine quickly removes the peel and core of the pineapple in a single movement. Finally, the 1326-Manual Pineapple Slicer machine slices the pineapple into equal pieces, making it ready for presentation.<\/p>\n<p>One of the features of this set is that it provides the opportunity to easily collect the waste generated during cutting, with the garbage container inside. In this way, cleanliness and order are ensured, while the process becomes easier.<\/p>\n<p><img loading=\"lazy\" decoding=\"async\" class=\"alignnone wp-image-8554\" src=\"https:\/\/cancan.com.tr\/wp-content\/uploads\/2023\/09\/ing-hazirlik-300x94.png\" alt=\"\" width=\"275\" height=\"86\" srcset=\"https:\/\/cancan.com.tr\/wp-content\/uploads\/2023\/09\/ing-hazirlik-300x94.png 300w, https:\/\/cancan.com.tr\/wp-content\/uploads\/2023\/09\/ing-hazirlik-600x188.png 600w, https:\/\/cancan.com.tr\/wp-content\/uploads\/2023\/09\/ing-hazirlik.png 752w\" sizes=\"auto, (max-width: 275px) 100vw, 275px\" \/><\/p>\n<p>https:\/\/youtu.be\/eFKJ4r50lYM?si=oNKQqllJTgrFIT5T<\/p>\n","protected":false},"featured_media":8203,"comment_status":"closed","ping_status":"closed","template":"","meta":[],"product_cat":[245,246,15,171,177],"product_tag":[188,190,219,189,218,183,223,139,185],"class_list":["post-6242","product","type-product","status-publish","has-post-thumbnail","hentry","product_cat-manavlar","product_cat-supermarketler","product_cat-tum-urunler","product_cat-hazirlik-ekipmanlari","product_cat-manuel-konserve-acacaklari","product_tag-alisveris-merkezi","product_tag-kafe","product_tag-manuel-hazirlik","product_tag-otel","product_tag-paslanmaz","product_tag-restoranlar","product_tag-setler-hazirlik","product_tag-camera","product_tag-vitamin-barlar"],"acf":[],"yoast_head":"<!-- This site is optimized with the Yoast SEO plugin v27.0 - https:\/\/yoast.com\/product\/yoast-seo-wordpress\/ -->\n<title>1423 Pineapple Trio - Cancan Meyve Presleri<\/title>\n<meta name=\"robots\" content=\"index, follow, max-snippet:-1, max-image-preview:large, max-video-preview:-1\" \/>\n<link rel=\"canonical\" href=\"https:\/\/cancan.com.tr\/tum-urunler\/ananas-3lu-set\/\" \/>\n<meta property=\"og:locale\" content=\"en_US\" \/>\n<meta property=\"og:type\" content=\"article\" \/>\n<meta property=\"og:title\" content=\"[:en]1423 Pineapple Trio[:tr]1423 Ananas 3&#039;l\u00fc Set[:] - Cancan Meyve Presleri\" \/>\n<meta property=\"og:description\" content=\"[:en]1423 Pineapple Trio\u00a0 Specially designed for supermarkets and greengrocers, the Pineapple Trio combines Pineapple Guillotine, Pineapple Peeler Machine and Manual Pineapple Slicer machines, saving space and offering ease of storing pineapples on stand shelves. This set consists of our three machines:  First, the 0810-Pineapple Guillotine Cutter cuts off the hard corner parts of the pineapple. Then, 0801-Pineapple Peeler Machine quickly removes the peel and core of the pineapple in a single movement. Finally, the 1326-Manual Pineapple Slicer machine slices the pineapple into equal pieces, making it ready for presentation.  One of the features of this set is that it provides the opportunity to easily collect the waste generated during cutting, with the garbage container inside. In this way, cleanliness and order are ensured, while the process becomes easier.    https:\/\/youtu.be\/eFKJ4r50lYM?si=oNKQqllJTgrFIT5T[:tr]1423 Ananas 3&#039;l\u00fc Set S\u00fcpermarketler ve manavlar i\u00e7in \u00f6zel olarak tasarlanm\u0131\u015f Ananas 3&#039;l\u00fc set, Ananas Giyotin, Ananas Soyma ve Manuel Ananas Dilimleme makinelerini bir araya getirerek, alandan tasarruf etmenizi sa\u011flar ve stant raflar\u0131nda ananaslar\u0131 depolama kolayl\u0131\u011f\u0131 sunar. Bu set, \u00fc\u00e7 adet makinemizden olu\u015fur:  \u0130lk olarak, 0810-Ananas Giyotin, ananas\u0131n sert k\u00f6\u015fe k\u0131s\u0131mlar\u0131n\u0131 keser. Ard\u0131ndan, 0801-Ananas Soyma Makinesi tek bir hareketle ananas\u0131n kabuk ve \u00e7ekirde\u011fini h\u0131zl\u0131ca \u00e7\u0131kar\u0131r. Son olarak, 1326-Manuel Ananas Dilimleme makinesi, ananas\u0131 e\u015fit par\u00e7alar halinde dilimleyerek sunuma haz\u0131r hale getirir.  Bu setin \u00f6zelliklerinden biri de i\u00e7erisinde bulunan \u00e7\u00f6p haznesiyle, kesim s\u0131ras\u0131nda olu\u015fan at\u0131klar\u0131 kolayca toplama imkan\u0131 sunmas\u0131d\u0131r. Bu sayede temizlik ve d\u00fczen sa\u011flan\u0131rken i\u015flem s\u00fcreci de kolayla\u015f\u0131r.    https:\/\/youtu.be\/eFKJ4r50lYM?si=oNKQqllJTgrFIT5T[:]\" \/>\n<meta property=\"og:url\" content=\"https:\/\/cancan.com.tr\/tum-urunler\/ananas-3lu-set\/\" \/>\n<meta property=\"og:site_name\" content=\"Cancan Meyve Presleri\" \/>\n<meta property=\"article:modified_time\" content=\"2024-10-21T11:23:08+00:00\" \/>\n<meta property=\"og:image\" content=\"https:\/\/cancan.com.tr\/wp-content\/uploads\/2023\/09\/1423.jpg\" \/>\n\t<meta property=\"og:image:width\" content=\"675\" \/>\n\t<meta property=\"og:image:height\" content=\"828\" \/>\n\t<meta property=\"og:image:type\" content=\"image\/jpeg\" \/>\n<meta name=\"twitter:card\" content=\"summary_large_image\" \/>\n<script type=\"application\/ld+json\" class=\"yoast-schema-graph\">{\"@context\":\"https:\/\/schema.org\",\"@graph\":[{\"@type\":\"WebPage\",\"@id\":\"https:\/\/cancan.com.tr\/tum-urunler\/ananas-3lu-set\/\",\"url\":\"https:\/\/cancan.com.tr\/tum-urunler\/ananas-3lu-set\/\",\"name\":\"[:en]1423 Pineapple Trio[:tr]1423 Ananas 3'l\u00fc Set[:] - Cancan Meyve Presleri\",\"isPartOf\":{\"@id\":\"https:\/\/cancan.com.tr\/#website\"},\"primaryImageOfPage\":{\"@id\":\"https:\/\/cancan.com.tr\/tum-urunler\/ananas-3lu-set\/#primaryimage\"},\"image\":{\"@id\":\"https:\/\/cancan.com.tr\/tum-urunler\/ananas-3lu-set\/#primaryimage\"},\"thumbnailUrl\":\"https:\/\/cancan.com.tr\/wp-content\/uploads\/2023\/09\/1423.jpg\",\"datePublished\":\"2023-09-18T13:55:07+00:00\",\"dateModified\":\"2024-10-21T11:23:08+00:00\",\"breadcrumb\":{\"@id\":\"https:\/\/cancan.com.tr\/tum-urunler\/ananas-3lu-set\/#breadcrumb\"},\"inLanguage\":\"en-US\",\"potentialAction\":[{\"@type\":\"ReadAction\",\"target\":[\"https:\/\/cancan.com.tr\/tum-urunler\/ananas-3lu-set\/\"]}]},{\"@type\":\"ImageObject\",\"inLanguage\":\"en-US\",\"@id\":\"https:\/\/cancan.com.tr\/tum-urunler\/ananas-3lu-set\/#primaryimage\",\"url\":\"https:\/\/cancan.com.tr\/wp-content\/uploads\/2023\/09\/1423.jpg\",\"contentUrl\":\"https:\/\/cancan.com.tr\/wp-content\/uploads\/2023\/09\/1423.jpg\",\"width\":675,\"height\":828},{\"@type\":\"BreadcrumbList\",\"@id\":\"https:\/\/cancan.com.tr\/tum-urunler\/ananas-3lu-set\/#breadcrumb\",\"itemListElement\":[{\"@type\":\"ListItem\",\"position\":1,\"name\":\"Anasayfa\",\"item\":\"https:\/\/cancan.com.tr\/\"},{\"@type\":\"ListItem\",\"position\":2,\"name\":\"Products\",\"item\":\"https:\/\/cancan.com.tr\/en\/products-2\/\"},{\"@type\":\"ListItem\",\"position\":3,\"name\":\"1423 Ananas 3&#8217;l\u00fc Set\"}]},{\"@type\":\"WebSite\",\"@id\":\"https:\/\/cancan.com.tr\/#website\",\"url\":\"https:\/\/cancan.com.tr\/\",\"name\":\"Cancan Meyve Presleri\",\"description\":\"www.cancan.com.tr\",\"publisher\":{\"@id\":\"https:\/\/cancan.com.tr\/#organization\"},\"potentialAction\":[{\"@type\":\"SearchAction\",\"target\":{\"@type\":\"EntryPoint\",\"urlTemplate\":\"https:\/\/cancan.com.tr\/?s={search_term_string}\"},\"query-input\":{\"@type\":\"PropertyValueSpecification\",\"valueRequired\":true,\"valueName\":\"search_term_string\"}}],\"inLanguage\":\"en-US\"},{\"@type\":\"Organization\",\"@id\":\"https:\/\/cancan.com.tr\/#organization\",\"name\":\"Cancan Meyve Presleri\",\"url\":\"https:\/\/cancan.com.tr\/\",\"logo\":{\"@type\":\"ImageObject\",\"inLanguage\":\"en-US\",\"@id\":\"https:\/\/cancan.com.tr\/#\/schema\/logo\/image\/\",\"url\":\"https:\/\/cancan.com.tr\/wp-content\/uploads\/2026\/03\/CancanLogo.png\",\"contentUrl\":\"https:\/\/cancan.com.tr\/wp-content\/uploads\/2026\/03\/CancanLogo.png\",\"width\":362,\"height\":67,\"caption\":\"Cancan Meyve Presleri\"},\"image\":{\"@id\":\"https:\/\/cancan.com.tr\/#\/schema\/logo\/image\/\"}}]}<\/script>\n<!-- \/ Yoast SEO plugin. -->","yoast_head_json":{"title":"[:en]1423 Pineapple Trio[:tr]1423 Ananas 3'l\u00fc Set[:] - Cancan Meyve Presleri","robots":{"index":"index","follow":"follow","max-snippet":"max-snippet:-1","max-image-preview":"max-image-preview:large","max-video-preview":"max-video-preview:-1"},"canonical":"https:\/\/cancan.com.tr\/tum-urunler\/ananas-3lu-set\/","og_locale":"en_US","og_type":"article","og_title":"[:en]1423 Pineapple Trio[:tr]1423 Ananas 3'l\u00fc Set[:] - Cancan Meyve Presleri","og_description":"[:en]1423 Pineapple Trio\u00a0 Specially designed for supermarkets and greengrocers, the Pineapple Trio combines Pineapple Guillotine, Pineapple Peeler Machine and Manual Pineapple Slicer machines, saving space and offering ease of storing pineapples on stand shelves. This set consists of our three machines:  First, the 0810-Pineapple Guillotine Cutter cuts off the hard corner parts of the pineapple. Then, 0801-Pineapple Peeler Machine quickly removes the peel and core of the pineapple in a single movement. Finally, the 1326-Manual Pineapple Slicer machine slices the pineapple into equal pieces, making it ready for presentation.  One of the features of this set is that it provides the opportunity to easily collect the waste generated during cutting, with the garbage container inside. In this way, cleanliness and order are ensured, while the process becomes easier.    https:\/\/youtu.be\/eFKJ4r50lYM?si=oNKQqllJTgrFIT5T[:tr]1423 Ananas 3'l\u00fc Set S\u00fcpermarketler ve manavlar i\u00e7in \u00f6zel olarak tasarlanm\u0131\u015f Ananas 3'l\u00fc set, Ananas Giyotin, Ananas Soyma ve Manuel Ananas Dilimleme makinelerini bir araya getirerek, alandan tasarruf etmenizi sa\u011flar ve stant raflar\u0131nda ananaslar\u0131 depolama kolayl\u0131\u011f\u0131 sunar. Bu set, \u00fc\u00e7 adet makinemizden olu\u015fur:  \u0130lk olarak, 0810-Ananas Giyotin, ananas\u0131n sert k\u00f6\u015fe k\u0131s\u0131mlar\u0131n\u0131 keser. Ard\u0131ndan, 0801-Ananas Soyma Makinesi tek bir hareketle ananas\u0131n kabuk ve \u00e7ekirde\u011fini h\u0131zl\u0131ca \u00e7\u0131kar\u0131r. Son olarak, 1326-Manuel Ananas Dilimleme makinesi, ananas\u0131 e\u015fit par\u00e7alar halinde dilimleyerek sunuma haz\u0131r hale getirir.  Bu setin \u00f6zelliklerinden biri de i\u00e7erisinde bulunan \u00e7\u00f6p haznesiyle, kesim s\u0131ras\u0131nda olu\u015fan at\u0131klar\u0131 kolayca toplama imkan\u0131 sunmas\u0131d\u0131r. Bu sayede temizlik ve d\u00fczen sa\u011flan\u0131rken i\u015flem s\u00fcreci de kolayla\u015f\u0131r.    https:\/\/youtu.be\/eFKJ4r50lYM?si=oNKQqllJTgrFIT5T[:]","og_url":"https:\/\/cancan.com.tr\/tum-urunler\/ananas-3lu-set\/","og_site_name":"Cancan Meyve Presleri","article_modified_time":"2024-10-21T11:23:08+00:00","og_image":[{"width":675,"height":828,"url":"https:\/\/cancan.com.tr\/wp-content\/uploads\/2023\/09\/1423.jpg","type":"image\/jpeg"}],"twitter_card":"summary_large_image","schema":{"@context":"https:\/\/schema.org","@graph":[{"@type":"WebPage","@id":"https:\/\/cancan.com.tr\/tum-urunler\/ananas-3lu-set\/","url":"https:\/\/cancan.com.tr\/tum-urunler\/ananas-3lu-set\/","name":"[:en]1423 Pineapple Trio[:tr]1423 Ananas 3'l\u00fc Set[:] - Cancan Meyve Presleri","isPartOf":{"@id":"https:\/\/cancan.com.tr\/#website"},"primaryImageOfPage":{"@id":"https:\/\/cancan.com.tr\/tum-urunler\/ananas-3lu-set\/#primaryimage"},"image":{"@id":"https:\/\/cancan.com.tr\/tum-urunler\/ananas-3lu-set\/#primaryimage"},"thumbnailUrl":"https:\/\/cancan.com.tr\/wp-content\/uploads\/2023\/09\/1423.jpg","datePublished":"2023-09-18T13:55:07+00:00","dateModified":"2024-10-21T11:23:08+00:00","breadcrumb":{"@id":"https:\/\/cancan.com.tr\/tum-urunler\/ananas-3lu-set\/#breadcrumb"},"inLanguage":"en-US","potentialAction":[{"@type":"ReadAction","target":["https:\/\/cancan.com.tr\/tum-urunler\/ananas-3lu-set\/"]}]},{"@type":"ImageObject","inLanguage":"en-US","@id":"https:\/\/cancan.com.tr\/tum-urunler\/ananas-3lu-set\/#primaryimage","url":"https:\/\/cancan.com.tr\/wp-content\/uploads\/2023\/09\/1423.jpg","contentUrl":"https:\/\/cancan.com.tr\/wp-content\/uploads\/2023\/09\/1423.jpg","width":675,"height":828},{"@type":"BreadcrumbList","@id":"https:\/\/cancan.com.tr\/tum-urunler\/ananas-3lu-set\/#breadcrumb","itemListElement":[{"@type":"ListItem","position":1,"name":"Anasayfa","item":"https:\/\/cancan.com.tr\/"},{"@type":"ListItem","position":2,"name":"Products","item":"https:\/\/cancan.com.tr\/en\/products-2\/"},{"@type":"ListItem","position":3,"name":"1423 Ananas 3&#8217;l\u00fc Set"}]},{"@type":"WebSite","@id":"https:\/\/cancan.com.tr\/#website","url":"https:\/\/cancan.com.tr\/","name":"Cancan Meyve Presleri","description":"www.cancan.com.tr","publisher":{"@id":"https:\/\/cancan.com.tr\/#organization"},"potentialAction":[{"@type":"SearchAction","target":{"@type":"EntryPoint","urlTemplate":"https:\/\/cancan.com.tr\/?s={search_term_string}"},"query-input":{"@type":"PropertyValueSpecification","valueRequired":true,"valueName":"search_term_string"}}],"inLanguage":"en-US"},{"@type":"Organization","@id":"https:\/\/cancan.com.tr\/#organization","name":"Cancan Meyve Presleri","url":"https:\/\/cancan.com.tr\/","logo":{"@type":"ImageObject","inLanguage":"en-US","@id":"https:\/\/cancan.com.tr\/#\/schema\/logo\/image\/","url":"https:\/\/cancan.com.tr\/wp-content\/uploads\/2026\/03\/CancanLogo.png","contentUrl":"https:\/\/cancan.com.tr\/wp-content\/uploads\/2026\/03\/CancanLogo.png","width":362,"height":67,"caption":"Cancan Meyve Presleri"},"image":{"@id":"https:\/\/cancan.com.tr\/#\/schema\/logo\/image\/"}}]}},"_links":{"self":[{"href":"https:\/\/cancan.com.tr\/en\/wp-json\/wp\/v2\/product\/6242","targetHints":{"allow":["GET"]}}],"collection":[{"href":"https:\/\/cancan.com.tr\/en\/wp-json\/wp\/v2\/product"}],"about":[{"href":"https:\/\/cancan.com.tr\/en\/wp-json\/wp\/v2\/types\/product"}],"replies":[{"embeddable":true,"href":"https:\/\/cancan.com.tr\/en\/wp-json\/wp\/v2\/comments?post=6242"}],"wp:featuredmedia":[{"embeddable":true,"href":"https:\/\/cancan.com.tr\/en\/wp-json\/wp\/v2\/media\/8203"}],"wp:attachment":[{"href":"https:\/\/cancan.com.tr\/en\/wp-json\/wp\/v2\/media?parent=6242"}],"wp:term":[{"taxonomy":"product_cat","embeddable":true,"href":"https:\/\/cancan.com.tr\/en\/wp-json\/wp\/v2\/product_cat?post=6242"},{"taxonomy":"product_tag","embeddable":true,"href":"https:\/\/cancan.com.tr\/en\/wp-json\/wp\/v2\/product_tag?post=6242"}],"curies":[{"name":"wp","href":"https:\/\/api.w.org\/{rel}","templated":true}]}}