{"id":6200,"date":"2023-09-18T16:04:49","date_gmt":"2023-09-18T13:04:49","guid":{"rendered":"https:\/\/mostdijital.com\/cancan\/?post_type=product&#038;p=6200"},"modified":"2026-03-02T09:29:54","modified_gmt":"2026-03-02T06:29:54","slug":"1324-manuel-kavun-kesme-aparati","status":"publish","type":"product","link":"https:\/\/cancan.com.tr\/en\/all-products\/manual-melon-cutting-tool\/","title":{"rendered":"1324 Manual Melon Cutting Tool"},"content":{"rendered":"<p><\/p>\n<h2><span style=\"color: #fa0014;\">1324 Manual Melon Cutting Tool<\/span><\/h2>\n<p>Manual Melon Cutting Tool, suitable for use in industrial kitchens, effortlessly creates uniform slices with its exceptionally sharp blades.<\/p>\n<hr \/>\n<h4>Stainless Steel Formed Blades<\/h4>\n<p>The blades of the melon cutting apparatus are made of stainless steel material in accordance with food standards. Thanks to its specially shaped technological blades, it cuts the melon without shredding it, keeping it fresh and preserving its taste.<\/p>\n<hr \/>\n<h4>Three Different Slice Options<\/h4>\n<p>The melon cutting apparatus has 3 different slice options. These are; 4 slices, 6 slices and 8 slices.<\/p>\n<hr \/>\n<h4>Easy Handles<\/h4>\n<p>Thanks to the handles of the melon cutter, safe use is ensured with a single movement and perfect slices are obtained.<\/p>","protected":false},"excerpt":{"rendered":"<h2><span style=\"color: #fa0014;\">1324 Manual Melon Cutting Tool<\/span><\/h2>\n<p>Manual Melon Cutting Tool, suitable for use in industrial kitchens, effortlessly creates uniform slices with its exceptionally sharp blades.<\/p>\n<p><img loading=\"lazy\" decoding=\"async\" class=\"alignnone wp-image-8554\" src=\"https:\/\/cancan.com.tr\/wp-content\/uploads\/2023\/09\/ing-hazirlik-300x94.png\" alt=\"\" width=\"275\" height=\"86\" srcset=\"https:\/\/cancan.com.tr\/wp-content\/uploads\/2023\/09\/ing-hazirlik-300x94.png 300w, https:\/\/cancan.com.tr\/wp-content\/uploads\/2023\/09\/ing-hazirlik-600x188.png 600w, https:\/\/cancan.com.tr\/wp-content\/uploads\/2023\/09\/ing-hazirlik.png 752w\" sizes=\"auto, (max-width: 275px) 100vw, 275px\" \/><\/p>\n","protected":false},"featured_media":11719,"comment_status":"closed","ping_status":"closed","template":"","meta":[],"product_cat":[15,171,195],"product_tag":[190,222,219,187,189,218,183,191,185],"class_list":["post-6200","product","type-product","status-publish","has-post-thumbnail","hentry","product_cat-tum-urunler","product_cat-hazirlik-ekipmanlari","product_cat-kesici-ve-dilimleyiciler","product_tag-kafe","product_tag-kesiciler-hazirlik","product_tag-manuel-hazirlik","product_tag-ogrenci-yurtlari","product_tag-otel","product_tag-paslanmaz","product_tag-restoranlar","product_tag-universiteler","product_tag-vitamin-barlar"],"acf":[],"yoast_head":"<!-- This site is optimized with the Yoast SEO plugin v27.0 - https:\/\/yoast.com\/product\/yoast-seo-wordpress\/ -->\n<title>1324 Manual Melon Cutting Tool - Cancan Meyve Presleri<\/title>\n<meta name=\"robots\" content=\"index, follow, max-snippet:-1, max-image-preview:large, max-video-preview:-1\" \/>\n<link rel=\"canonical\" href=\"https:\/\/cancan.com.tr\/tum-urunler\/manuel-kavun-kesme-aparati\/\" \/>\n<meta property=\"og:locale\" content=\"en_US\" \/>\n<meta property=\"og:type\" content=\"article\" \/>\n<meta property=\"og:title\" content=\"[:tr]1324 Manuel Kavun Kesme Aparat\u0131[:en]1324 Manual Melon Cutting Tool[:] - Cancan Meyve Presleri\" \/>\n<meta property=\"og:description\" content=\"[:tr]1324 Manuel Kavun Kesme Aparat\u0131 End\u00fcstriyel mutfaklarda kullan\u0131labilen manuel kavun kesme aparat\u0131, kusursuz ve keskin b\u0131\u00e7aklar\u0131n yard\u0131m\u0131yla \u00fcr\u00fcnleri e\u015fit dilimler halinde keser.  [:en]1324 Manual Melon Cutting Tool Manual Melon Cutting Tool, suitable for use in industrial kitchens, effortlessly creates uniform slices with its exceptionally sharp blades.  [:]\" \/>\n<meta property=\"og:url\" content=\"https:\/\/cancan.com.tr\/tum-urunler\/manuel-kavun-kesme-aparati\/\" \/>\n<meta property=\"og:site_name\" content=\"Cancan Meyve Presleri\" \/>\n<meta property=\"article:modified_time\" content=\"2026-03-02T06:29:54+00:00\" \/>\n<meta property=\"og:image\" content=\"https:\/\/cancan.com.tr\/wp-content\/uploads\/2023\/09\/0E7A7378-scaled.jpg\" \/>\n\t<meta property=\"og:image:width\" content=\"1707\" \/>\n\t<meta property=\"og:image:height\" content=\"2560\" \/>\n\t<meta property=\"og:image:type\" content=\"image\/jpeg\" \/>\n<meta name=\"twitter:card\" content=\"summary_large_image\" \/>\n<meta name=\"twitter:label1\" content=\"Est. reading time\" \/>\n\t<meta name=\"twitter:data1\" content=\"1 minute\" \/>\n<script type=\"application\/ld+json\" class=\"yoast-schema-graph\">{\"@context\":\"https:\/\/schema.org\",\"@graph\":[{\"@type\":\"WebPage\",\"@id\":\"https:\/\/cancan.com.tr\/tum-urunler\/manuel-kavun-kesme-aparati\/\",\"url\":\"https:\/\/cancan.com.tr\/tum-urunler\/manuel-kavun-kesme-aparati\/\",\"name\":\"[:tr]1324 Manuel Kavun Kesme Aparat\u0131[:en]1324 Manual Melon Cutting Tool[:] - Cancan Meyve Presleri\",\"isPartOf\":{\"@id\":\"https:\/\/cancan.com.tr\/#website\"},\"primaryImageOfPage\":{\"@id\":\"https:\/\/cancan.com.tr\/tum-urunler\/manuel-kavun-kesme-aparati\/#primaryimage\"},\"image\":{\"@id\":\"https:\/\/cancan.com.tr\/tum-urunler\/manuel-kavun-kesme-aparati\/#primaryimage\"},\"thumbnailUrl\":\"https:\/\/cancan.com.tr\/wp-content\/uploads\/2023\/09\/0E7A7378-scaled.jpg\",\"datePublished\":\"2023-09-18T13:04:49+00:00\",\"dateModified\":\"2026-03-02T06:29:54+00:00\",\"breadcrumb\":{\"@id\":\"https:\/\/cancan.com.tr\/tum-urunler\/manuel-kavun-kesme-aparati\/#breadcrumb\"},\"inLanguage\":\"en-US\",\"potentialAction\":[{\"@type\":\"ReadAction\",\"target\":[\"https:\/\/cancan.com.tr\/tum-urunler\/manuel-kavun-kesme-aparati\/\"]}]},{\"@type\":\"ImageObject\",\"inLanguage\":\"en-US\",\"@id\":\"https:\/\/cancan.com.tr\/tum-urunler\/manuel-kavun-kesme-aparati\/#primaryimage\",\"url\":\"https:\/\/cancan.com.tr\/wp-content\/uploads\/2023\/09\/0E7A7378-scaled.jpg\",\"contentUrl\":\"https:\/\/cancan.com.tr\/wp-content\/uploads\/2023\/09\/0E7A7378-scaled.jpg\",\"width\":1707,\"height\":2560},{\"@type\":\"BreadcrumbList\",\"@id\":\"https:\/\/cancan.com.tr\/tum-urunler\/manuel-kavun-kesme-aparati\/#breadcrumb\",\"itemListElement\":[{\"@type\":\"ListItem\",\"position\":1,\"name\":\"Anasayfa\",\"item\":\"https:\/\/cancan.com.tr\/\"},{\"@type\":\"ListItem\",\"position\":2,\"name\":\"Products\",\"item\":\"https:\/\/cancan.com.tr\/en\/products-2\/\"},{\"@type\":\"ListItem\",\"position\":3,\"name\":\"1324 Manuel Kavun Kesme Aparat\u0131\"}]},{\"@type\":\"WebSite\",\"@id\":\"https:\/\/cancan.com.tr\/#website\",\"url\":\"https:\/\/cancan.com.tr\/\",\"name\":\"Cancan Meyve Presleri\",\"description\":\"www.cancan.com.tr\",\"publisher\":{\"@id\":\"https:\/\/cancan.com.tr\/#organization\"},\"potentialAction\":[{\"@type\":\"SearchAction\",\"target\":{\"@type\":\"EntryPoint\",\"urlTemplate\":\"https:\/\/cancan.com.tr\/?s={search_term_string}\"},\"query-input\":{\"@type\":\"PropertyValueSpecification\",\"valueRequired\":true,\"valueName\":\"search_term_string\"}}],\"inLanguage\":\"en-US\"},{\"@type\":\"Organization\",\"@id\":\"https:\/\/cancan.com.tr\/#organization\",\"name\":\"Cancan Meyve Presleri\",\"url\":\"https:\/\/cancan.com.tr\/\",\"logo\":{\"@type\":\"ImageObject\",\"inLanguage\":\"en-US\",\"@id\":\"https:\/\/cancan.com.tr\/#\/schema\/logo\/image\/\",\"url\":\"https:\/\/cancan.com.tr\/wp-content\/uploads\/2026\/03\/CancanLogo.png\",\"contentUrl\":\"https:\/\/cancan.com.tr\/wp-content\/uploads\/2026\/03\/CancanLogo.png\",\"width\":362,\"height\":67,\"caption\":\"Cancan Meyve Presleri\"},\"image\":{\"@id\":\"https:\/\/cancan.com.tr\/#\/schema\/logo\/image\/\"}}]}<\/script>\n<!-- \/ Yoast SEO plugin. -->","yoast_head_json":{"title":"[:tr]1324 Manuel Kavun Kesme Aparat\u0131[:en]1324 Manual Melon Cutting Tool[:] - Cancan Meyve Presleri","robots":{"index":"index","follow":"follow","max-snippet":"max-snippet:-1","max-image-preview":"max-image-preview:large","max-video-preview":"max-video-preview:-1"},"canonical":"https:\/\/cancan.com.tr\/tum-urunler\/manuel-kavun-kesme-aparati\/","og_locale":"en_US","og_type":"article","og_title":"[:tr]1324 Manuel Kavun Kesme Aparat\u0131[:en]1324 Manual Melon Cutting Tool[:] - Cancan Meyve Presleri","og_description":"[:tr]1324 Manuel Kavun Kesme Aparat\u0131 End\u00fcstriyel mutfaklarda kullan\u0131labilen manuel kavun kesme aparat\u0131, kusursuz ve keskin b\u0131\u00e7aklar\u0131n yard\u0131m\u0131yla \u00fcr\u00fcnleri e\u015fit dilimler halinde keser.  [:en]1324 Manual Melon Cutting Tool Manual Melon Cutting Tool, suitable for use in industrial kitchens, effortlessly creates uniform slices with its exceptionally sharp blades.  [:]","og_url":"https:\/\/cancan.com.tr\/tum-urunler\/manuel-kavun-kesme-aparati\/","og_site_name":"Cancan Meyve Presleri","article_modified_time":"2026-03-02T06:29:54+00:00","og_image":[{"width":1707,"height":2560,"url":"https:\/\/cancan.com.tr\/wp-content\/uploads\/2023\/09\/0E7A7378-scaled.jpg","type":"image\/jpeg"}],"twitter_card":"summary_large_image","twitter_misc":{"Est. reading time":"1 minute"},"schema":{"@context":"https:\/\/schema.org","@graph":[{"@type":"WebPage","@id":"https:\/\/cancan.com.tr\/tum-urunler\/manuel-kavun-kesme-aparati\/","url":"https:\/\/cancan.com.tr\/tum-urunler\/manuel-kavun-kesme-aparati\/","name":"[:tr]1324 Manuel Kavun Kesme Aparat\u0131[:en]1324 Manual Melon Cutting Tool[:] - Cancan Meyve Presleri","isPartOf":{"@id":"https:\/\/cancan.com.tr\/#website"},"primaryImageOfPage":{"@id":"https:\/\/cancan.com.tr\/tum-urunler\/manuel-kavun-kesme-aparati\/#primaryimage"},"image":{"@id":"https:\/\/cancan.com.tr\/tum-urunler\/manuel-kavun-kesme-aparati\/#primaryimage"},"thumbnailUrl":"https:\/\/cancan.com.tr\/wp-content\/uploads\/2023\/09\/0E7A7378-scaled.jpg","datePublished":"2023-09-18T13:04:49+00:00","dateModified":"2026-03-02T06:29:54+00:00","breadcrumb":{"@id":"https:\/\/cancan.com.tr\/tum-urunler\/manuel-kavun-kesme-aparati\/#breadcrumb"},"inLanguage":"en-US","potentialAction":[{"@type":"ReadAction","target":["https:\/\/cancan.com.tr\/tum-urunler\/manuel-kavun-kesme-aparati\/"]}]},{"@type":"ImageObject","inLanguage":"en-US","@id":"https:\/\/cancan.com.tr\/tum-urunler\/manuel-kavun-kesme-aparati\/#primaryimage","url":"https:\/\/cancan.com.tr\/wp-content\/uploads\/2023\/09\/0E7A7378-scaled.jpg","contentUrl":"https:\/\/cancan.com.tr\/wp-content\/uploads\/2023\/09\/0E7A7378-scaled.jpg","width":1707,"height":2560},{"@type":"BreadcrumbList","@id":"https:\/\/cancan.com.tr\/tum-urunler\/manuel-kavun-kesme-aparati\/#breadcrumb","itemListElement":[{"@type":"ListItem","position":1,"name":"Anasayfa","item":"https:\/\/cancan.com.tr\/"},{"@type":"ListItem","position":2,"name":"Products","item":"https:\/\/cancan.com.tr\/en\/products-2\/"},{"@type":"ListItem","position":3,"name":"1324 Manuel Kavun Kesme Aparat\u0131"}]},{"@type":"WebSite","@id":"https:\/\/cancan.com.tr\/#website","url":"https:\/\/cancan.com.tr\/","name":"Cancan Meyve Presleri","description":"www.cancan.com.tr","publisher":{"@id":"https:\/\/cancan.com.tr\/#organization"},"potentialAction":[{"@type":"SearchAction","target":{"@type":"EntryPoint","urlTemplate":"https:\/\/cancan.com.tr\/?s={search_term_string}"},"query-input":{"@type":"PropertyValueSpecification","valueRequired":true,"valueName":"search_term_string"}}],"inLanguage":"en-US"},{"@type":"Organization","@id":"https:\/\/cancan.com.tr\/#organization","name":"Cancan Meyve Presleri","url":"https:\/\/cancan.com.tr\/","logo":{"@type":"ImageObject","inLanguage":"en-US","@id":"https:\/\/cancan.com.tr\/#\/schema\/logo\/image\/","url":"https:\/\/cancan.com.tr\/wp-content\/uploads\/2026\/03\/CancanLogo.png","contentUrl":"https:\/\/cancan.com.tr\/wp-content\/uploads\/2026\/03\/CancanLogo.png","width":362,"height":67,"caption":"Cancan Meyve Presleri"},"image":{"@id":"https:\/\/cancan.com.tr\/#\/schema\/logo\/image\/"}}]}},"_links":{"self":[{"href":"https:\/\/cancan.com.tr\/en\/wp-json\/wp\/v2\/product\/6200","targetHints":{"allow":["GET"]}}],"collection":[{"href":"https:\/\/cancan.com.tr\/en\/wp-json\/wp\/v2\/product"}],"about":[{"href":"https:\/\/cancan.com.tr\/en\/wp-json\/wp\/v2\/types\/product"}],"replies":[{"embeddable":true,"href":"https:\/\/cancan.com.tr\/en\/wp-json\/wp\/v2\/comments?post=6200"}],"wp:featuredmedia":[{"embeddable":true,"href":"https:\/\/cancan.com.tr\/en\/wp-json\/wp\/v2\/media\/11719"}],"wp:attachment":[{"href":"https:\/\/cancan.com.tr\/en\/wp-json\/wp\/v2\/media?parent=6200"}],"wp:term":[{"taxonomy":"product_cat","embeddable":true,"href":"https:\/\/cancan.com.tr\/en\/wp-json\/wp\/v2\/product_cat?post=6200"},{"taxonomy":"product_tag","embeddable":true,"href":"https:\/\/cancan.com.tr\/en\/wp-json\/wp\/v2\/product_tag?post=6200"}],"curies":[{"name":"wp","href":"https:\/\/api.w.org\/{rel}","templated":true}]}}