{"id":6192,"date":"2023-09-18T15:56:59","date_gmt":"2023-09-18T12:56:59","guid":{"rendered":"https:\/\/mostdijital.com\/cancan\/?post_type=product&#038;p=6192"},"modified":"2026-03-02T09:24:24","modified_gmt":"2026-03-02T06:24:24","slug":"1323-soyma-makinesi","status":"publish","type":"product","link":"https:\/\/cancan.com.tr\/en\/all-products\/vegetable-and-fruit-peeler\/","title":{"rendered":"1323 Vegetable &#038; Fruit Peeler"},"content":{"rendered":"<p><\/p>\n<h2><span style=\"color: #fa0014;\">1323 Vegetable &amp; Fruit Peeler\u00a0<\/span><\/h2>\n<p>The Peeling Machine, suitable for use in various settings including hotels, restaurants, cafes, and industrial kitchens, effi ciently peels fruits and vegetables. This machine combines practicality and effi ciency, accelerating and standardizing the peeling process.<\/p>\n<hr \/>\n<h4>8 Pieces Per Minute<\/h4>\n<p>The peeler has the ability to peel 8 fruits and vegetables per minute.<\/p>\n<hr \/>\n<h4>Two Modes<\/h4>\n<p>Thanks to the two different modes in the peeler, the desired peeling thickness can be adjusted.<\/p>\n<hr \/>\n<h4>All Stainless Steel<\/h4>\n<p>The peeler is made of all stainless steel material in accordance with food standards.<\/p>","protected":false},"excerpt":{"rendered":"<h2><span style=\"color: #fa0014;\">1323 Vegetable &amp; Fruit Peeler\u00a0<\/span><\/h2>\n<p>The Peeling Machine, suitable for use in various settings including hotels, restaurants, cafes, and industrial kitchens, effi ciently peels fruits and vegetables. This machine combines practicality and effi ciency, accelerating and standardizing the peeling process.<\/p>\n<p><img loading=\"lazy\" decoding=\"async\" class=\"alignnone wp-image-8554\" src=\"https:\/\/cancan.com.tr\/wp-content\/uploads\/2023\/09\/ing-hazirlik-300x94.png\" alt=\"\" width=\"275\" height=\"86\" srcset=\"https:\/\/cancan.com.tr\/wp-content\/uploads\/2023\/09\/ing-hazirlik-300x94.png 300w, https:\/\/cancan.com.tr\/wp-content\/uploads\/2023\/09\/ing-hazirlik-600x188.png 600w, https:\/\/cancan.com.tr\/wp-content\/uploads\/2023\/09\/ing-hazirlik.png 752w\" sizes=\"auto, (max-width: 275px) 100vw, 275px\" \/><\/p>\n<p>https:\/\/www.youtube.com\/watch?v=S6Bqk28PwDk<\/p>\n","protected":false},"featured_media":11717,"comment_status":"closed","ping_status":"closed","template":"","meta":[],"product_cat":[15,171,177,195],"product_tag":[190,222,187,189,218,183,191,185],"class_list":["post-6192","product","type-product","status-publish","has-post-thumbnail","hentry","product_cat-tum-urunler","product_cat-hazirlik-ekipmanlari","product_cat-manuel-konserve-acacaklari","product_cat-kesici-ve-dilimleyiciler","product_tag-kafe","product_tag-kesiciler-hazirlik","product_tag-ogrenci-yurtlari","product_tag-otel","product_tag-paslanmaz","product_tag-restoranlar","product_tag-universiteler","product_tag-vitamin-barlar"],"acf":[],"yoast_head":"<!-- This site is optimized with the Yoast SEO plugin v27.0 - https:\/\/yoast.com\/product\/yoast-seo-wordpress\/ -->\n<title>1323 Vegetable &amp; Fruit Peeler - Cancan Meyve Presleri<\/title>\n<meta name=\"robots\" content=\"index, follow, max-snippet:-1, max-image-preview:large, max-video-preview:-1\" \/>\n<link rel=\"canonical\" href=\"https:\/\/cancan.com.tr\/tum-urunler\/soyma-makinesi\/\" \/>\n<meta property=\"og:locale\" content=\"en_US\" \/>\n<meta property=\"og:type\" content=\"article\" \/>\n<meta property=\"og:title\" content=\"[:tr]1323 Soyma Makinesi[:en]1323 Vegetable &amp; Fruit Peeler[:] - Cancan Meyve Presleri\" \/>\n<meta property=\"og:description\" content=\"[:tr]1323 Soyma Makinesi Otel, restoran, kafe, end\u00fcstriyel mutfaklar vb. alanlarda kullan\u0131labilen soyma makinesi, meyve-sebze soyma \u00f6zelli\u011fine sahiptir. Pratikli\u011fi ve verimlili\u011fi bir araya getiren makine, soyma i\u015flemini h\u0131zland\u0131r\u0131r ve standartla\u015ft\u0131r\u0131r.    https:\/\/www.youtube.com\/watch?v=S6Bqk28PwDk[:en]1323 Vegetable &amp; Fruit Peeler\u00a0 The Peeling Machine, suitable for use in various settings including hotels, restaurants, cafes, and industrial kitchens, effi ciently peels fruits and vegetables. This machine combines practicality and effi ciency, accelerating and standardizing the peeling process.    https:\/\/www.youtube.com\/watch?v=S6Bqk28PwDk[:]\" \/>\n<meta property=\"og:url\" content=\"https:\/\/cancan.com.tr\/tum-urunler\/soyma-makinesi\/\" \/>\n<meta property=\"og:site_name\" content=\"Cancan Meyve Presleri\" \/>\n<meta property=\"article:modified_time\" content=\"2026-03-02T06:24:24+00:00\" \/>\n<meta property=\"og:image\" content=\"https:\/\/cancan.com.tr\/wp-content\/uploads\/2023\/09\/0E7A7647-scaled.jpg\" \/>\n\t<meta property=\"og:image:width\" content=\"1707\" \/>\n\t<meta property=\"og:image:height\" content=\"2560\" \/>\n\t<meta property=\"og:image:type\" content=\"image\/jpeg\" \/>\n<meta name=\"twitter:card\" content=\"summary_large_image\" \/>\n<meta name=\"twitter:label1\" content=\"Est. reading time\" \/>\n\t<meta name=\"twitter:data1\" content=\"1 minute\" \/>\n<script type=\"application\/ld+json\" class=\"yoast-schema-graph\">{\"@context\":\"https:\/\/schema.org\",\"@graph\":[{\"@type\":\"WebPage\",\"@id\":\"https:\/\/cancan.com.tr\/tum-urunler\/soyma-makinesi\/\",\"url\":\"https:\/\/cancan.com.tr\/tum-urunler\/soyma-makinesi\/\",\"name\":\"[:tr]1323 Soyma Makinesi[:en]1323 Vegetable & Fruit Peeler[:] - Cancan Meyve Presleri\",\"isPartOf\":{\"@id\":\"https:\/\/cancan.com.tr\/#website\"},\"primaryImageOfPage\":{\"@id\":\"https:\/\/cancan.com.tr\/tum-urunler\/soyma-makinesi\/#primaryimage\"},\"image\":{\"@id\":\"https:\/\/cancan.com.tr\/tum-urunler\/soyma-makinesi\/#primaryimage\"},\"thumbnailUrl\":\"https:\/\/cancan.com.tr\/wp-content\/uploads\/2023\/09\/0E7A7647-scaled.jpg\",\"datePublished\":\"2023-09-18T12:56:59+00:00\",\"dateModified\":\"2026-03-02T06:24:24+00:00\",\"breadcrumb\":{\"@id\":\"https:\/\/cancan.com.tr\/tum-urunler\/soyma-makinesi\/#breadcrumb\"},\"inLanguage\":\"en-US\",\"potentialAction\":[{\"@type\":\"ReadAction\",\"target\":[\"https:\/\/cancan.com.tr\/tum-urunler\/soyma-makinesi\/\"]}]},{\"@type\":\"ImageObject\",\"inLanguage\":\"en-US\",\"@id\":\"https:\/\/cancan.com.tr\/tum-urunler\/soyma-makinesi\/#primaryimage\",\"url\":\"https:\/\/cancan.com.tr\/wp-content\/uploads\/2023\/09\/0E7A7647-scaled.jpg\",\"contentUrl\":\"https:\/\/cancan.com.tr\/wp-content\/uploads\/2023\/09\/0E7A7647-scaled.jpg\",\"width\":1707,\"height\":2560},{\"@type\":\"BreadcrumbList\",\"@id\":\"https:\/\/cancan.com.tr\/tum-urunler\/soyma-makinesi\/#breadcrumb\",\"itemListElement\":[{\"@type\":\"ListItem\",\"position\":1,\"name\":\"Anasayfa\",\"item\":\"https:\/\/cancan.com.tr\/\"},{\"@type\":\"ListItem\",\"position\":2,\"name\":\"Products\",\"item\":\"https:\/\/cancan.com.tr\/en\/products-2\/\"},{\"@type\":\"ListItem\",\"position\":3,\"name\":\"1323 Soyma Makinesi\"}]},{\"@type\":\"WebSite\",\"@id\":\"https:\/\/cancan.com.tr\/#website\",\"url\":\"https:\/\/cancan.com.tr\/\",\"name\":\"Cancan Meyve Presleri\",\"description\":\"www.cancan.com.tr\",\"publisher\":{\"@id\":\"https:\/\/cancan.com.tr\/#organization\"},\"potentialAction\":[{\"@type\":\"SearchAction\",\"target\":{\"@type\":\"EntryPoint\",\"urlTemplate\":\"https:\/\/cancan.com.tr\/?s={search_term_string}\"},\"query-input\":{\"@type\":\"PropertyValueSpecification\",\"valueRequired\":true,\"valueName\":\"search_term_string\"}}],\"inLanguage\":\"en-US\"},{\"@type\":\"Organization\",\"@id\":\"https:\/\/cancan.com.tr\/#organization\",\"name\":\"Cancan Meyve Presleri\",\"url\":\"https:\/\/cancan.com.tr\/\",\"logo\":{\"@type\":\"ImageObject\",\"inLanguage\":\"en-US\",\"@id\":\"https:\/\/cancan.com.tr\/#\/schema\/logo\/image\/\",\"url\":\"https:\/\/cancan.com.tr\/wp-content\/uploads\/2026\/03\/CancanLogo.png\",\"contentUrl\":\"https:\/\/cancan.com.tr\/wp-content\/uploads\/2026\/03\/CancanLogo.png\",\"width\":362,\"height\":67,\"caption\":\"Cancan Meyve Presleri\"},\"image\":{\"@id\":\"https:\/\/cancan.com.tr\/#\/schema\/logo\/image\/\"}}]}<\/script>\n<!-- \/ Yoast SEO plugin. -->","yoast_head_json":{"title":"[:tr]1323 Soyma Makinesi[:en]1323 Vegetable & Fruit Peeler[:] - Cancan Meyve Presleri","robots":{"index":"index","follow":"follow","max-snippet":"max-snippet:-1","max-image-preview":"max-image-preview:large","max-video-preview":"max-video-preview:-1"},"canonical":"https:\/\/cancan.com.tr\/tum-urunler\/soyma-makinesi\/","og_locale":"en_US","og_type":"article","og_title":"[:tr]1323 Soyma Makinesi[:en]1323 Vegetable & Fruit Peeler[:] - Cancan Meyve Presleri","og_description":"[:tr]1323 Soyma Makinesi Otel, restoran, kafe, end\u00fcstriyel mutfaklar vb. alanlarda kullan\u0131labilen soyma makinesi, meyve-sebze soyma \u00f6zelli\u011fine sahiptir. Pratikli\u011fi ve verimlili\u011fi bir araya getiren makine, soyma i\u015flemini h\u0131zland\u0131r\u0131r ve standartla\u015ft\u0131r\u0131r.    https:\/\/www.youtube.com\/watch?v=S6Bqk28PwDk[:en]1323 Vegetable &amp; Fruit Peeler\u00a0 The Peeling Machine, suitable for use in various settings including hotels, restaurants, cafes, and industrial kitchens, effi ciently peels fruits and vegetables. This machine combines practicality and effi ciency, accelerating and standardizing the peeling process.    https:\/\/www.youtube.com\/watch?v=S6Bqk28PwDk[:]","og_url":"https:\/\/cancan.com.tr\/tum-urunler\/soyma-makinesi\/","og_site_name":"Cancan Meyve Presleri","article_modified_time":"2026-03-02T06:24:24+00:00","og_image":[{"width":1707,"height":2560,"url":"https:\/\/cancan.com.tr\/wp-content\/uploads\/2023\/09\/0E7A7647-scaled.jpg","type":"image\/jpeg"}],"twitter_card":"summary_large_image","twitter_misc":{"Est. reading time":"1 minute"},"schema":{"@context":"https:\/\/schema.org","@graph":[{"@type":"WebPage","@id":"https:\/\/cancan.com.tr\/tum-urunler\/soyma-makinesi\/","url":"https:\/\/cancan.com.tr\/tum-urunler\/soyma-makinesi\/","name":"[:tr]1323 Soyma Makinesi[:en]1323 Vegetable & Fruit Peeler[:] - Cancan Meyve Presleri","isPartOf":{"@id":"https:\/\/cancan.com.tr\/#website"},"primaryImageOfPage":{"@id":"https:\/\/cancan.com.tr\/tum-urunler\/soyma-makinesi\/#primaryimage"},"image":{"@id":"https:\/\/cancan.com.tr\/tum-urunler\/soyma-makinesi\/#primaryimage"},"thumbnailUrl":"https:\/\/cancan.com.tr\/wp-content\/uploads\/2023\/09\/0E7A7647-scaled.jpg","datePublished":"2023-09-18T12:56:59+00:00","dateModified":"2026-03-02T06:24:24+00:00","breadcrumb":{"@id":"https:\/\/cancan.com.tr\/tum-urunler\/soyma-makinesi\/#breadcrumb"},"inLanguage":"en-US","potentialAction":[{"@type":"ReadAction","target":["https:\/\/cancan.com.tr\/tum-urunler\/soyma-makinesi\/"]}]},{"@type":"ImageObject","inLanguage":"en-US","@id":"https:\/\/cancan.com.tr\/tum-urunler\/soyma-makinesi\/#primaryimage","url":"https:\/\/cancan.com.tr\/wp-content\/uploads\/2023\/09\/0E7A7647-scaled.jpg","contentUrl":"https:\/\/cancan.com.tr\/wp-content\/uploads\/2023\/09\/0E7A7647-scaled.jpg","width":1707,"height":2560},{"@type":"BreadcrumbList","@id":"https:\/\/cancan.com.tr\/tum-urunler\/soyma-makinesi\/#breadcrumb","itemListElement":[{"@type":"ListItem","position":1,"name":"Anasayfa","item":"https:\/\/cancan.com.tr\/"},{"@type":"ListItem","position":2,"name":"Products","item":"https:\/\/cancan.com.tr\/en\/products-2\/"},{"@type":"ListItem","position":3,"name":"1323 Soyma Makinesi"}]},{"@type":"WebSite","@id":"https:\/\/cancan.com.tr\/#website","url":"https:\/\/cancan.com.tr\/","name":"Cancan Meyve Presleri","description":"www.cancan.com.tr","publisher":{"@id":"https:\/\/cancan.com.tr\/#organization"},"potentialAction":[{"@type":"SearchAction","target":{"@type":"EntryPoint","urlTemplate":"https:\/\/cancan.com.tr\/?s={search_term_string}"},"query-input":{"@type":"PropertyValueSpecification","valueRequired":true,"valueName":"search_term_string"}}],"inLanguage":"en-US"},{"@type":"Organization","@id":"https:\/\/cancan.com.tr\/#organization","name":"Cancan Meyve Presleri","url":"https:\/\/cancan.com.tr\/","logo":{"@type":"ImageObject","inLanguage":"en-US","@id":"https:\/\/cancan.com.tr\/#\/schema\/logo\/image\/","url":"https:\/\/cancan.com.tr\/wp-content\/uploads\/2026\/03\/CancanLogo.png","contentUrl":"https:\/\/cancan.com.tr\/wp-content\/uploads\/2026\/03\/CancanLogo.png","width":362,"height":67,"caption":"Cancan Meyve Presleri"},"image":{"@id":"https:\/\/cancan.com.tr\/#\/schema\/logo\/image\/"}}]}},"_links":{"self":[{"href":"https:\/\/cancan.com.tr\/en\/wp-json\/wp\/v2\/product\/6192","targetHints":{"allow":["GET"]}}],"collection":[{"href":"https:\/\/cancan.com.tr\/en\/wp-json\/wp\/v2\/product"}],"about":[{"href":"https:\/\/cancan.com.tr\/en\/wp-json\/wp\/v2\/types\/product"}],"replies":[{"embeddable":true,"href":"https:\/\/cancan.com.tr\/en\/wp-json\/wp\/v2\/comments?post=6192"}],"wp:featuredmedia":[{"embeddable":true,"href":"https:\/\/cancan.com.tr\/en\/wp-json\/wp\/v2\/media\/11717"}],"wp:attachment":[{"href":"https:\/\/cancan.com.tr\/en\/wp-json\/wp\/v2\/media?parent=6192"}],"wp:term":[{"taxonomy":"product_cat","embeddable":true,"href":"https:\/\/cancan.com.tr\/en\/wp-json\/wp\/v2\/product_cat?post=6192"},{"taxonomy":"product_tag","embeddable":true,"href":"https:\/\/cancan.com.tr\/en\/wp-json\/wp\/v2\/product_tag?post=6192"}],"curies":[{"name":"wp","href":"https:\/\/api.w.org\/{rel}","templated":true}]}}