{"id":6174,"date":"2023-09-18T15:47:06","date_gmt":"2023-09-18T12:47:06","guid":{"rendered":"https:\/\/mostdijital.com\/cancan\/?post_type=product&#038;p=6174"},"modified":"2026-04-06T17:42:58","modified_gmt":"2026-04-06T14:42:58","slug":"1321-manuel-parmak-patates-dilimleme","status":"publish","type":"product","link":"https:\/\/cancan.com.tr\/en\/all-products\/manual-potato-cutter\/","title":{"rendered":"1321 Manual Potato Cutter"},"content":{"rendered":"<p><\/p>\n<h2><span style=\"color: #fa0014;\">1321 Manual Potato Cutter\u00a0<\/span><\/h2>\n<p>In industrial kitchens, it finds frequent use for rapidly and consistently cutting potatoes. Different blade options ensures the creation of uniformly sized potato slices.<\/p>\n<hr \/>\n<h4>All Stainless Steel<\/h4>\n<p>The machine body is made of food-grade stainless steel, ensuring long-lasting and hygienic use.<\/p>\n<hr \/>\n<h4>Blade<\/h4>\n<p data-start=\"281\" data-end=\"423\">Stainless steel cutting blades provide long-lasting and hygienic performance.<br data-start=\"370\" data-end=\"373\" \/>Blade frames are made of durable plastic material.<\/p>\n<p>There are 3 different blade options, 6mm x 6mm, 10mm x 10mm and 13mm x 13mm, which can be easily removed and installed without using tools.<\/p>\n<hr \/>\n<h4>Special Suction Cup Feet<\/h4>\n<p>Specially designed non-slip suction cup feet prevent the product from shaking and keep the machine securely fixed.<\/p>\n<hr \/>\n<h4>Special Arm Mechanism<\/h4>\n<p>The specially designed lever mechanism easily slices the product in a single movement without requiring much force.<\/p>\n<hr \/>\n<h4>Table and Wall Brackets<\/h4>\n<p>Table and wall bracket options provide more stable and safe use of the machine.<\/p>\n<hr \/>\n<h4>Special Ejector Mechanism<\/h4>\n<p>Thanks to its special pusher mechanism, the product can be easily sliced with a single movement.<\/p>","protected":false},"excerpt":{"rendered":"<h2><span style=\"color: #fa0014;\">1321 Manual Potato Cutter\u00a0<\/span><\/h2>\n<p>In industrial kitchens, it finds frequent use for rapidly and consistently cutting potatoes. Different blade options ensures the creation of uniformly sized potato slices.<\/p>\n<p><img loading=\"lazy\" decoding=\"async\" class=\"alignnone wp-image-8554\" src=\"https:\/\/cancan.com.tr\/wp-content\/uploads\/2023\/09\/ing-hazirlik-300x94.png\" alt=\"\" width=\"275\" height=\"86\" srcset=\"https:\/\/cancan.com.tr\/wp-content\/uploads\/2023\/09\/ing-hazirlik-300x94.png 300w, https:\/\/cancan.com.tr\/wp-content\/uploads\/2023\/09\/ing-hazirlik-600x188.png 600w, https:\/\/cancan.com.tr\/wp-content\/uploads\/2023\/09\/ing-hazirlik.png 752w\" sizes=\"auto, (max-width: 275px) 100vw, 275px\" \/><\/p>\n<p>https:\/\/youtu.be\/iXUvdZ3h9XA?si=KhZRTfyNy19gmIvE<\/p>\n","protected":false},"featured_media":11683,"comment_status":"closed","ping_status":"closed","template":"","meta":[],"product_cat":[15,171,195],"product_tag":[190,222,219,187,189,218,183,191],"class_list":["post-6174","product","type-product","status-publish","has-post-thumbnail","hentry","product_cat-tum-urunler","product_cat-hazirlik-ekipmanlari","product_cat-kesici-ve-dilimleyiciler","product_tag-kafe","product_tag-kesiciler-hazirlik","product_tag-manuel-hazirlik","product_tag-ogrenci-yurtlari","product_tag-otel","product_tag-paslanmaz","product_tag-restoranlar","product_tag-universiteler"],"acf":[],"yoast_head":"<!-- This site is optimized with the Yoast SEO plugin v27.0 - https:\/\/yoast.com\/product\/yoast-seo-wordpress\/ -->\n<title>1321 Manual Potato Cutter - Cancan Meyve Presleri<\/title>\n<meta name=\"robots\" content=\"index, follow, max-snippet:-1, max-image-preview:large, max-video-preview:-1\" \/>\n<link rel=\"canonical\" href=\"https:\/\/cancan.com.tr\/en\/all-products\/manual-potato-cutter\/\" \/>\n<meta property=\"og:locale\" content=\"en_US\" \/>\n<meta property=\"og:type\" content=\"article\" \/>\n<meta property=\"og:title\" content=\"[:tr]1321 Manuel Parmak Patates Dilimleme[:en]1321 Manual Potato Cutter[:] - Cancan Meyve Presleri\" \/>\n<meta property=\"og:description\" content=\"[:tr]1321 Manuel Parmak Patates Dilimleme  End\u00fcstriyel mutfaklarda patatesleri h\u0131zl\u0131 ve d\u00fczenli bir \u015fekilde dilimlemek i\u00e7in kullan\u0131l\u0131r. De\u011fi\u015febilen b\u0131\u00e7ak se\u00e7enekleri sayesinde e\u015fit boyutta\u00a0 patates dilimleri haz\u0131rlan\u0131r.    https:\/\/youtu.be\/iXUvdZ3h9XA?si=KhZRTfyNy19gmIvE[:en]1321 Manual Potato Cutter\u00a0 In industrial kitchens, it finds frequent use for rapidly and consistently cutting potatoes. Different blade options ensures the creation of uniformly sized potato slices.    https:\/\/youtu.be\/iXUvdZ3h9XA?si=KhZRTfyNy19gmIvE[:]\" \/>\n<meta property=\"og:url\" content=\"https:\/\/cancan.com.tr\/en\/all-products\/manual-potato-cutter\/\" \/>\n<meta property=\"og:site_name\" content=\"Cancan Meyve Presleri\" \/>\n<meta property=\"article:modified_time\" content=\"2026-04-06T14:42:58+00:00\" \/>\n<meta property=\"og:image\" content=\"https:\/\/cancan.com.tr\/wp-content\/uploads\/2023\/09\/IMG_0035-scaled.jpg\" \/>\n\t<meta property=\"og:image:width\" content=\"2560\" \/>\n\t<meta property=\"og:image:height\" content=\"1707\" \/>\n\t<meta property=\"og:image:type\" content=\"image\/jpeg\" \/>\n<meta name=\"twitter:card\" content=\"summary_large_image\" \/>\n<meta name=\"twitter:label1\" content=\"Est. reading time\" \/>\n\t<meta name=\"twitter:data1\" content=\"1 minute\" \/>\n<script type=\"application\/ld+json\" class=\"yoast-schema-graph\">{\"@context\":\"https:\/\/schema.org\",\"@graph\":[{\"@type\":\"WebPage\",\"@id\":\"https:\/\/cancan.com.tr\/en\/all-products\/manual-potato-cutter\/\",\"url\":\"https:\/\/cancan.com.tr\/en\/all-products\/manual-potato-cutter\/\",\"name\":\"[:tr]1321 Manuel Parmak Patates Dilimleme[:en]1321 Manual Potato Cutter[:] - Cancan Meyve Presleri\",\"isPartOf\":{\"@id\":\"https:\/\/cancan.com.tr\/#website\"},\"primaryImageOfPage\":{\"@id\":\"https:\/\/cancan.com.tr\/en\/all-products\/manual-potato-cutter\/#primaryimage\"},\"image\":{\"@id\":\"https:\/\/cancan.com.tr\/en\/all-products\/manual-potato-cutter\/#primaryimage\"},\"thumbnailUrl\":\"https:\/\/cancan.com.tr\/wp-content\/uploads\/2023\/09\/IMG_0035-scaled.jpg\",\"datePublished\":\"2023-09-18T12:47:06+00:00\",\"dateModified\":\"2026-04-06T14:42:58+00:00\",\"breadcrumb\":{\"@id\":\"https:\/\/cancan.com.tr\/en\/all-products\/manual-potato-cutter\/#breadcrumb\"},\"inLanguage\":\"en-US\",\"potentialAction\":[{\"@type\":\"ReadAction\",\"target\":[\"https:\/\/cancan.com.tr\/en\/all-products\/manual-potato-cutter\/\"]}]},{\"@type\":\"ImageObject\",\"inLanguage\":\"en-US\",\"@id\":\"https:\/\/cancan.com.tr\/en\/all-products\/manual-potato-cutter\/#primaryimage\",\"url\":\"https:\/\/cancan.com.tr\/wp-content\/uploads\/2023\/09\/IMG_0035-scaled.jpg\",\"contentUrl\":\"https:\/\/cancan.com.tr\/wp-content\/uploads\/2023\/09\/IMG_0035-scaled.jpg\",\"width\":2560,\"height\":1707},{\"@type\":\"BreadcrumbList\",\"@id\":\"https:\/\/cancan.com.tr\/en\/all-products\/manual-potato-cutter\/#breadcrumb\",\"itemListElement\":[{\"@type\":\"ListItem\",\"position\":1,\"name\":\"Anasayfa\",\"item\":\"https:\/\/cancan.com.tr\/\"},{\"@type\":\"ListItem\",\"position\":2,\"name\":\"Products\",\"item\":\"https:\/\/cancan.com.tr\/en\/products-2\/\"},{\"@type\":\"ListItem\",\"position\":3,\"name\":\"1321 Manual Potato Cutter\"}]},{\"@type\":\"WebSite\",\"@id\":\"https:\/\/cancan.com.tr\/#website\",\"url\":\"https:\/\/cancan.com.tr\/\",\"name\":\"Cancan Meyve Presleri\",\"description\":\"www.cancan.com.tr\",\"publisher\":{\"@id\":\"https:\/\/cancan.com.tr\/#organization\"},\"potentialAction\":[{\"@type\":\"SearchAction\",\"target\":{\"@type\":\"EntryPoint\",\"urlTemplate\":\"https:\/\/cancan.com.tr\/?s={search_term_string}\"},\"query-input\":{\"@type\":\"PropertyValueSpecification\",\"valueRequired\":true,\"valueName\":\"search_term_string\"}}],\"inLanguage\":\"en-US\"},{\"@type\":\"Organization\",\"@id\":\"https:\/\/cancan.com.tr\/#organization\",\"name\":\"Cancan Meyve Presleri\",\"url\":\"https:\/\/cancan.com.tr\/\",\"logo\":{\"@type\":\"ImageObject\",\"inLanguage\":\"en-US\",\"@id\":\"https:\/\/cancan.com.tr\/#\/schema\/logo\/image\/\",\"url\":\"https:\/\/cancan.com.tr\/wp-content\/uploads\/2026\/03\/CancanLogo.png\",\"contentUrl\":\"https:\/\/cancan.com.tr\/wp-content\/uploads\/2026\/03\/CancanLogo.png\",\"width\":362,\"height\":67,\"caption\":\"Cancan Meyve Presleri\"},\"image\":{\"@id\":\"https:\/\/cancan.com.tr\/#\/schema\/logo\/image\/\"}}]}<\/script>\n<!-- \/ Yoast SEO plugin. -->","yoast_head_json":{"title":"[:tr]1321 Manuel Parmak Patates Dilimleme[:en]1321 Manual Potato Cutter[:] - Cancan Meyve Presleri","robots":{"index":"index","follow":"follow","max-snippet":"max-snippet:-1","max-image-preview":"max-image-preview:large","max-video-preview":"max-video-preview:-1"},"canonical":"https:\/\/cancan.com.tr\/en\/all-products\/manual-potato-cutter\/","og_locale":"en_US","og_type":"article","og_title":"[:tr]1321 Manuel Parmak Patates Dilimleme[:en]1321 Manual Potato Cutter[:] - Cancan Meyve Presleri","og_description":"[:tr]1321 Manuel Parmak Patates Dilimleme  End\u00fcstriyel mutfaklarda patatesleri h\u0131zl\u0131 ve d\u00fczenli bir \u015fekilde dilimlemek i\u00e7in kullan\u0131l\u0131r. De\u011fi\u015febilen b\u0131\u00e7ak se\u00e7enekleri sayesinde e\u015fit boyutta\u00a0 patates dilimleri haz\u0131rlan\u0131r.    https:\/\/youtu.be\/iXUvdZ3h9XA?si=KhZRTfyNy19gmIvE[:en]1321 Manual Potato Cutter\u00a0 In industrial kitchens, it finds frequent use for rapidly and consistently cutting potatoes. Different blade options ensures the creation of uniformly sized potato slices.    https:\/\/youtu.be\/iXUvdZ3h9XA?si=KhZRTfyNy19gmIvE[:]","og_url":"https:\/\/cancan.com.tr\/en\/all-products\/manual-potato-cutter\/","og_site_name":"Cancan Meyve Presleri","article_modified_time":"2026-04-06T14:42:58+00:00","og_image":[{"width":2560,"height":1707,"url":"https:\/\/cancan.com.tr\/wp-content\/uploads\/2023\/09\/IMG_0035-scaled.jpg","type":"image\/jpeg"}],"twitter_card":"summary_large_image","twitter_misc":{"Est. reading time":"1 minute"},"schema":{"@context":"https:\/\/schema.org","@graph":[{"@type":"WebPage","@id":"https:\/\/cancan.com.tr\/en\/all-products\/manual-potato-cutter\/","url":"https:\/\/cancan.com.tr\/en\/all-products\/manual-potato-cutter\/","name":"[:tr]1321 Manuel Parmak Patates Dilimleme[:en]1321 Manual Potato Cutter[:] - Cancan Meyve Presleri","isPartOf":{"@id":"https:\/\/cancan.com.tr\/#website"},"primaryImageOfPage":{"@id":"https:\/\/cancan.com.tr\/en\/all-products\/manual-potato-cutter\/#primaryimage"},"image":{"@id":"https:\/\/cancan.com.tr\/en\/all-products\/manual-potato-cutter\/#primaryimage"},"thumbnailUrl":"https:\/\/cancan.com.tr\/wp-content\/uploads\/2023\/09\/IMG_0035-scaled.jpg","datePublished":"2023-09-18T12:47:06+00:00","dateModified":"2026-04-06T14:42:58+00:00","breadcrumb":{"@id":"https:\/\/cancan.com.tr\/en\/all-products\/manual-potato-cutter\/#breadcrumb"},"inLanguage":"en-US","potentialAction":[{"@type":"ReadAction","target":["https:\/\/cancan.com.tr\/en\/all-products\/manual-potato-cutter\/"]}]},{"@type":"ImageObject","inLanguage":"en-US","@id":"https:\/\/cancan.com.tr\/en\/all-products\/manual-potato-cutter\/#primaryimage","url":"https:\/\/cancan.com.tr\/wp-content\/uploads\/2023\/09\/IMG_0035-scaled.jpg","contentUrl":"https:\/\/cancan.com.tr\/wp-content\/uploads\/2023\/09\/IMG_0035-scaled.jpg","width":2560,"height":1707},{"@type":"BreadcrumbList","@id":"https:\/\/cancan.com.tr\/en\/all-products\/manual-potato-cutter\/#breadcrumb","itemListElement":[{"@type":"ListItem","position":1,"name":"Anasayfa","item":"https:\/\/cancan.com.tr\/"},{"@type":"ListItem","position":2,"name":"Products","item":"https:\/\/cancan.com.tr\/en\/products-2\/"},{"@type":"ListItem","position":3,"name":"1321 Manual Potato Cutter"}]},{"@type":"WebSite","@id":"https:\/\/cancan.com.tr\/#website","url":"https:\/\/cancan.com.tr\/","name":"Cancan Meyve Presleri","description":"www.cancan.com.tr","publisher":{"@id":"https:\/\/cancan.com.tr\/#organization"},"potentialAction":[{"@type":"SearchAction","target":{"@type":"EntryPoint","urlTemplate":"https:\/\/cancan.com.tr\/?s={search_term_string}"},"query-input":{"@type":"PropertyValueSpecification","valueRequired":true,"valueName":"search_term_string"}}],"inLanguage":"en-US"},{"@type":"Organization","@id":"https:\/\/cancan.com.tr\/#organization","name":"Cancan Meyve Presleri","url":"https:\/\/cancan.com.tr\/","logo":{"@type":"ImageObject","inLanguage":"en-US","@id":"https:\/\/cancan.com.tr\/#\/schema\/logo\/image\/","url":"https:\/\/cancan.com.tr\/wp-content\/uploads\/2026\/03\/CancanLogo.png","contentUrl":"https:\/\/cancan.com.tr\/wp-content\/uploads\/2026\/03\/CancanLogo.png","width":362,"height":67,"caption":"Cancan Meyve Presleri"},"image":{"@id":"https:\/\/cancan.com.tr\/#\/schema\/logo\/image\/"}}]}},"_links":{"self":[{"href":"https:\/\/cancan.com.tr\/en\/wp-json\/wp\/v2\/product\/6174","targetHints":{"allow":["GET"]}}],"collection":[{"href":"https:\/\/cancan.com.tr\/en\/wp-json\/wp\/v2\/product"}],"about":[{"href":"https:\/\/cancan.com.tr\/en\/wp-json\/wp\/v2\/types\/product"}],"replies":[{"embeddable":true,"href":"https:\/\/cancan.com.tr\/en\/wp-json\/wp\/v2\/comments?post=6174"}],"wp:featuredmedia":[{"embeddable":true,"href":"https:\/\/cancan.com.tr\/en\/wp-json\/wp\/v2\/media\/11683"}],"wp:attachment":[{"href":"https:\/\/cancan.com.tr\/en\/wp-json\/wp\/v2\/media?parent=6174"}],"wp:term":[{"taxonomy":"product_cat","embeddable":true,"href":"https:\/\/cancan.com.tr\/en\/wp-json\/wp\/v2\/product_cat?post=6174"},{"taxonomy":"product_tag","embeddable":true,"href":"https:\/\/cancan.com.tr\/en\/wp-json\/wp\/v2\/product_tag?post=6174"}],"curies":[{"name":"wp","href":"https:\/\/api.w.org\/{rel}","templated":true}]}}