{"id":6165,"date":"2023-09-18T15:40:32","date_gmt":"2023-09-18T12:40:32","guid":{"rendered":"https:\/\/mostdijital.com\/cancan\/?post_type=product&#038;p=6165"},"modified":"2026-03-02T16:28:53","modified_gmt":"2026-03-02T13:28:53","slug":"1320-mandolin-kesme-makinesi","status":"publish","type":"product","link":"https:\/\/cancan.com.tr\/en\/all-products\/mandoline-slicer\/","title":{"rendered":"1320 Mandoline Slicer"},"content":{"rendered":"<p><\/p>\n<h2><span style=\"color: #fa0014;\">1320 Mandoline Slicer<\/span><\/h2>\n<p>The Mandoline Slicer, used in industrial kitchens, accurately slices fruits and vegetables into uniform sizes with its sharp serrated blades. It streamlines kitchen tasks by providing an adjustable slicing range, from 1.5 mm to 6.5 mm.<\/p>\n<hr \/>\n<h4>Special Formed Blade<\/h4>\n<p>The blade of the mandoline cutting machine is made of stainless steel material compatible with food contact, ensuring long-term use. 1.5mm-6.5mm, the desired thickness can be adjusted.<\/p>\n<p><img decoding=\"async\" src=\"https:\/\/cancan.com.tr\/wp-content\/uploads\/2023\/09\/IMG_9845-1-300x200.png\" \/><\/p>\n<hr \/>\n<h4>Special Suction Cup Feet<\/h4>\n<p>Specially designed non-slip suction cup feet prevent the product from shaking and keep the machine securely fixed.<\/p>\n<p><img decoding=\"async\" src=\"https:\/\/cancan.com.tr\/wp-content\/uploads\/2023\/09\/IMG_0052-1-e1696933486611-300x149.png\" \/><\/p>\n<hr \/>\n<h4>Table Bracket<\/h4>\n<p>The table support bracket ensures the stability and safety of the mandoline slicer.<\/p>\n<p><img decoding=\"async\" src=\"https:\/\/cancan.com.tr\/wp-content\/uploads\/2023\/09\/IMG_0054-1-e1696933563886-270x300.png\" \/><\/p>\n<hr \/>\n<h4>Special Angled Design<\/h4>\n<p>Thanks to its special angled design, it offers ergonomic use to the operator.<\/p>\n<p><img decoding=\"async\" src=\"https:\/\/cancan.com.tr\/wp-content\/uploads\/2023\/09\/IMG_0053-1-300x200.png\" \/><\/p>\n<hr \/>\n<h4>Handle<\/h4>\n<p>Two special handles on the machine provide a firm and comfortable grip when slicing the product. It is suitable for left and right handed use depending on the operator&#8217;s preference.<\/p>\n<p><img decoding=\"async\" src=\"https:\/\/cancan.com.tr\/wp-content\/uploads\/2023\/09\/IMG_0058-1-300x200.png\" \/><\/p>\n<hr \/>\n<h4>Hopper<\/h4>\n<p>With its 8 cm bowl, it is suitable for easy slicing of large fruits or vegetables.<\/p>\n<p><img decoding=\"async\" src=\"https:\/\/cancan.com.tr\/wp-content\/uploads\/2023\/09\/IMG_9847-1-300x200.png\" \/><\/p>","protected":false},"excerpt":{"rendered":"<h2><span style=\"color: #fa0014;\">1320 Mandoline Slicer<\/span><\/h2>\n<p>The Mandoline Slicer, used in industrial kitchens, accurately slices fruits and vegetables into uniform sizes with its sharp serrated blades. It streamlines kitchen tasks by providing an adjustable slicing range, from 1.5 mm to 6.5 mm.<\/p>\n<p><img loading=\"lazy\" decoding=\"async\" class=\"alignnone wp-image-8554\" src=\"https:\/\/cancan.com.tr\/wp-content\/uploads\/2023\/09\/ing-hazirlik-300x94.png\" alt=\"\" width=\"275\" height=\"86\" srcset=\"https:\/\/cancan.com.tr\/wp-content\/uploads\/2023\/09\/ing-hazirlik-300x94.png 300w, https:\/\/cancan.com.tr\/wp-content\/uploads\/2023\/09\/ing-hazirlik-600x188.png 600w, https:\/\/cancan.com.tr\/wp-content\/uploads\/2023\/09\/ing-hazirlik.png 752w\" sizes=\"auto, (max-width: 275px) 100vw, 275px\" \/><\/p>\n<p>https:\/\/youtu.be\/4wEot_lEzfg?si=U5A9S5yWeqN08rY1<\/p>\n","protected":false},"featured_media":8194,"comment_status":"closed","ping_status":"closed","template":"","meta":[],"product_cat":[15,171,195],"product_tag":[188,190,222,219,187,189,218,183,191],"class_list":["post-6165","product","type-product","status-publish","has-post-thumbnail","hentry","product_cat-tum-urunler","product_cat-hazirlik-ekipmanlari","product_cat-kesici-ve-dilimleyiciler","product_tag-alisveris-merkezi","product_tag-kafe","product_tag-kesiciler-hazirlik","product_tag-manuel-hazirlik","product_tag-ogrenci-yurtlari","product_tag-otel","product_tag-paslanmaz","product_tag-restoranlar","product_tag-universiteler"],"acf":[],"yoast_head":"<!-- This site is optimized with the Yoast SEO plugin v27.0 - https:\/\/yoast.com\/product\/yoast-seo-wordpress\/ -->\n<title>1320 Mandoline Slicer - Cancan Meyve Presleri<\/title>\n<meta name=\"robots\" content=\"index, follow, max-snippet:-1, max-image-preview:large, max-video-preview:-1\" \/>\n<link rel=\"canonical\" href=\"https:\/\/cancan.com.tr\/tum-urunler\/mandolin-kesme-makinesi\/\" \/>\n<meta property=\"og:locale\" content=\"en_US\" \/>\n<meta property=\"og:type\" content=\"article\" \/>\n<meta property=\"og:title\" content=\"[:tr]1320 Mandolin Kesme Makinesi[:en]1320 Mandoline Slicer[:] - Cancan Meyve Presleri\" \/>\n<meta property=\"og:description\" content=\"[:tr]1320 Mandolin Kesme Makinesi End\u00fcstriyel mutfaklarda kullan\u0131lan mandolin kesme makinesi, t\u0131rt\u0131kl\u0131 keskin b\u0131\u00e7aklar\u0131 sayesinde meyve ve sebzeleri e\u015fit boyutlar halinde keser. 1,5mm-6,5mm aral\u0131\u011f\u0131nda ayarlanabilir dilimleme imkan\u0131 ile mutfaktaki i\u015fleri\u00a0 kolayla\u015ft\u0131r\u0131r.    https:\/\/youtu.be\/4wEot_lEzfg?si=U5A9S5yWeqN08rY1[:en]1320 Mandoline Slicer The Mandoline Slicer, used in industrial kitchens, accurately slices fruits and vegetables into uniform sizes with its sharp serrated blades. It streamlines kitchen tasks by providing an adjustable slicing range, from 1.5 mm to 6.5 mm.    https:\/\/youtu.be\/4wEot_lEzfg?si=U5A9S5yWeqN08rY1[:]\" \/>\n<meta property=\"og:url\" content=\"https:\/\/cancan.com.tr\/tum-urunler\/mandolin-kesme-makinesi\/\" \/>\n<meta property=\"og:site_name\" content=\"Cancan Meyve Presleri\" \/>\n<meta property=\"article:modified_time\" content=\"2026-03-02T13:28:53+00:00\" \/>\n<meta property=\"og:image\" content=\"https:\/\/cancan.com.tr\/wp-content\/uploads\/2023\/09\/1320.jpg\" \/>\n\t<meta property=\"og:image:width\" content=\"675\" \/>\n\t<meta property=\"og:image:height\" content=\"828\" \/>\n\t<meta property=\"og:image:type\" content=\"image\/jpeg\" \/>\n<meta name=\"twitter:card\" content=\"summary_large_image\" \/>\n<meta name=\"twitter:label1\" content=\"Est. reading time\" \/>\n\t<meta name=\"twitter:data1\" content=\"2 minutes\" \/>\n<script type=\"application\/ld+json\" class=\"yoast-schema-graph\">{\"@context\":\"https:\/\/schema.org\",\"@graph\":[{\"@type\":\"WebPage\",\"@id\":\"https:\/\/cancan.com.tr\/tum-urunler\/mandolin-kesme-makinesi\/\",\"url\":\"https:\/\/cancan.com.tr\/tum-urunler\/mandolin-kesme-makinesi\/\",\"name\":\"[:tr]1320 Mandolin Kesme Makinesi[:en]1320 Mandoline Slicer[:] - Cancan Meyve Presleri\",\"isPartOf\":{\"@id\":\"https:\/\/cancan.com.tr\/#website\"},\"primaryImageOfPage\":{\"@id\":\"https:\/\/cancan.com.tr\/tum-urunler\/mandolin-kesme-makinesi\/#primaryimage\"},\"image\":{\"@id\":\"https:\/\/cancan.com.tr\/tum-urunler\/mandolin-kesme-makinesi\/#primaryimage\"},\"thumbnailUrl\":\"https:\/\/cancan.com.tr\/wp-content\/uploads\/2023\/09\/1320.jpg\",\"datePublished\":\"2023-09-18T12:40:32+00:00\",\"dateModified\":\"2026-03-02T13:28:53+00:00\",\"breadcrumb\":{\"@id\":\"https:\/\/cancan.com.tr\/tum-urunler\/mandolin-kesme-makinesi\/#breadcrumb\"},\"inLanguage\":\"en-US\",\"potentialAction\":[{\"@type\":\"ReadAction\",\"target\":[\"https:\/\/cancan.com.tr\/tum-urunler\/mandolin-kesme-makinesi\/\"]}]},{\"@type\":\"ImageObject\",\"inLanguage\":\"en-US\",\"@id\":\"https:\/\/cancan.com.tr\/tum-urunler\/mandolin-kesme-makinesi\/#primaryimage\",\"url\":\"https:\/\/cancan.com.tr\/wp-content\/uploads\/2023\/09\/1320.jpg\",\"contentUrl\":\"https:\/\/cancan.com.tr\/wp-content\/uploads\/2023\/09\/1320.jpg\",\"width\":675,\"height\":828},{\"@type\":\"BreadcrumbList\",\"@id\":\"https:\/\/cancan.com.tr\/tum-urunler\/mandolin-kesme-makinesi\/#breadcrumb\",\"itemListElement\":[{\"@type\":\"ListItem\",\"position\":1,\"name\":\"Anasayfa\",\"item\":\"https:\/\/cancan.com.tr\/\"},{\"@type\":\"ListItem\",\"position\":2,\"name\":\"Products\",\"item\":\"https:\/\/cancan.com.tr\/en\/products-2\/\"},{\"@type\":\"ListItem\",\"position\":3,\"name\":\"1320 Mandolin Kesme Makinesi\"}]},{\"@type\":\"WebSite\",\"@id\":\"https:\/\/cancan.com.tr\/#website\",\"url\":\"https:\/\/cancan.com.tr\/\",\"name\":\"Cancan Meyve Presleri\",\"description\":\"www.cancan.com.tr\",\"publisher\":{\"@id\":\"https:\/\/cancan.com.tr\/#organization\"},\"potentialAction\":[{\"@type\":\"SearchAction\",\"target\":{\"@type\":\"EntryPoint\",\"urlTemplate\":\"https:\/\/cancan.com.tr\/?s={search_term_string}\"},\"query-input\":{\"@type\":\"PropertyValueSpecification\",\"valueRequired\":true,\"valueName\":\"search_term_string\"}}],\"inLanguage\":\"en-US\"},{\"@type\":\"Organization\",\"@id\":\"https:\/\/cancan.com.tr\/#organization\",\"name\":\"Cancan Meyve Presleri\",\"url\":\"https:\/\/cancan.com.tr\/\",\"logo\":{\"@type\":\"ImageObject\",\"inLanguage\":\"en-US\",\"@id\":\"https:\/\/cancan.com.tr\/#\/schema\/logo\/image\/\",\"url\":\"https:\/\/cancan.com.tr\/wp-content\/uploads\/2026\/03\/CancanLogo.png\",\"contentUrl\":\"https:\/\/cancan.com.tr\/wp-content\/uploads\/2026\/03\/CancanLogo.png\",\"width\":362,\"height\":67,\"caption\":\"Cancan Meyve Presleri\"},\"image\":{\"@id\":\"https:\/\/cancan.com.tr\/#\/schema\/logo\/image\/\"}}]}<\/script>\n<!-- \/ Yoast SEO plugin. -->","yoast_head_json":{"title":"[:tr]1320 Mandolin Kesme Makinesi[:en]1320 Mandoline Slicer[:] - Cancan Meyve Presleri","robots":{"index":"index","follow":"follow","max-snippet":"max-snippet:-1","max-image-preview":"max-image-preview:large","max-video-preview":"max-video-preview:-1"},"canonical":"https:\/\/cancan.com.tr\/tum-urunler\/mandolin-kesme-makinesi\/","og_locale":"en_US","og_type":"article","og_title":"[:tr]1320 Mandolin Kesme Makinesi[:en]1320 Mandoline Slicer[:] - Cancan Meyve Presleri","og_description":"[:tr]1320 Mandolin Kesme Makinesi End\u00fcstriyel mutfaklarda kullan\u0131lan mandolin kesme makinesi, t\u0131rt\u0131kl\u0131 keskin b\u0131\u00e7aklar\u0131 sayesinde meyve ve sebzeleri e\u015fit boyutlar halinde keser. 1,5mm-6,5mm aral\u0131\u011f\u0131nda ayarlanabilir dilimleme imkan\u0131 ile mutfaktaki i\u015fleri\u00a0 kolayla\u015ft\u0131r\u0131r.    https:\/\/youtu.be\/4wEot_lEzfg?si=U5A9S5yWeqN08rY1[:en]1320 Mandoline Slicer The Mandoline Slicer, used in industrial kitchens, accurately slices fruits and vegetables into uniform sizes with its sharp serrated blades. It streamlines kitchen tasks by providing an adjustable slicing range, from 1.5 mm to 6.5 mm.    https:\/\/youtu.be\/4wEot_lEzfg?si=U5A9S5yWeqN08rY1[:]","og_url":"https:\/\/cancan.com.tr\/tum-urunler\/mandolin-kesme-makinesi\/","og_site_name":"Cancan Meyve Presleri","article_modified_time":"2026-03-02T13:28:53+00:00","og_image":[{"width":675,"height":828,"url":"https:\/\/cancan.com.tr\/wp-content\/uploads\/2023\/09\/1320.jpg","type":"image\/jpeg"}],"twitter_card":"summary_large_image","twitter_misc":{"Est. reading time":"2 minutes"},"schema":{"@context":"https:\/\/schema.org","@graph":[{"@type":"WebPage","@id":"https:\/\/cancan.com.tr\/tum-urunler\/mandolin-kesme-makinesi\/","url":"https:\/\/cancan.com.tr\/tum-urunler\/mandolin-kesme-makinesi\/","name":"[:tr]1320 Mandolin Kesme Makinesi[:en]1320 Mandoline Slicer[:] - Cancan Meyve Presleri","isPartOf":{"@id":"https:\/\/cancan.com.tr\/#website"},"primaryImageOfPage":{"@id":"https:\/\/cancan.com.tr\/tum-urunler\/mandolin-kesme-makinesi\/#primaryimage"},"image":{"@id":"https:\/\/cancan.com.tr\/tum-urunler\/mandolin-kesme-makinesi\/#primaryimage"},"thumbnailUrl":"https:\/\/cancan.com.tr\/wp-content\/uploads\/2023\/09\/1320.jpg","datePublished":"2023-09-18T12:40:32+00:00","dateModified":"2026-03-02T13:28:53+00:00","breadcrumb":{"@id":"https:\/\/cancan.com.tr\/tum-urunler\/mandolin-kesme-makinesi\/#breadcrumb"},"inLanguage":"en-US","potentialAction":[{"@type":"ReadAction","target":["https:\/\/cancan.com.tr\/tum-urunler\/mandolin-kesme-makinesi\/"]}]},{"@type":"ImageObject","inLanguage":"en-US","@id":"https:\/\/cancan.com.tr\/tum-urunler\/mandolin-kesme-makinesi\/#primaryimage","url":"https:\/\/cancan.com.tr\/wp-content\/uploads\/2023\/09\/1320.jpg","contentUrl":"https:\/\/cancan.com.tr\/wp-content\/uploads\/2023\/09\/1320.jpg","width":675,"height":828},{"@type":"BreadcrumbList","@id":"https:\/\/cancan.com.tr\/tum-urunler\/mandolin-kesme-makinesi\/#breadcrumb","itemListElement":[{"@type":"ListItem","position":1,"name":"Anasayfa","item":"https:\/\/cancan.com.tr\/"},{"@type":"ListItem","position":2,"name":"Products","item":"https:\/\/cancan.com.tr\/en\/products-2\/"},{"@type":"ListItem","position":3,"name":"1320 Mandolin Kesme Makinesi"}]},{"@type":"WebSite","@id":"https:\/\/cancan.com.tr\/#website","url":"https:\/\/cancan.com.tr\/","name":"Cancan Meyve Presleri","description":"www.cancan.com.tr","publisher":{"@id":"https:\/\/cancan.com.tr\/#organization"},"potentialAction":[{"@type":"SearchAction","target":{"@type":"EntryPoint","urlTemplate":"https:\/\/cancan.com.tr\/?s={search_term_string}"},"query-input":{"@type":"PropertyValueSpecification","valueRequired":true,"valueName":"search_term_string"}}],"inLanguage":"en-US"},{"@type":"Organization","@id":"https:\/\/cancan.com.tr\/#organization","name":"Cancan Meyve Presleri","url":"https:\/\/cancan.com.tr\/","logo":{"@type":"ImageObject","inLanguage":"en-US","@id":"https:\/\/cancan.com.tr\/#\/schema\/logo\/image\/","url":"https:\/\/cancan.com.tr\/wp-content\/uploads\/2026\/03\/CancanLogo.png","contentUrl":"https:\/\/cancan.com.tr\/wp-content\/uploads\/2026\/03\/CancanLogo.png","width":362,"height":67,"caption":"Cancan Meyve Presleri"},"image":{"@id":"https:\/\/cancan.com.tr\/#\/schema\/logo\/image\/"}}]}},"_links":{"self":[{"href":"https:\/\/cancan.com.tr\/en\/wp-json\/wp\/v2\/product\/6165","targetHints":{"allow":["GET"]}}],"collection":[{"href":"https:\/\/cancan.com.tr\/en\/wp-json\/wp\/v2\/product"}],"about":[{"href":"https:\/\/cancan.com.tr\/en\/wp-json\/wp\/v2\/types\/product"}],"replies":[{"embeddable":true,"href":"https:\/\/cancan.com.tr\/en\/wp-json\/wp\/v2\/comments?post=6165"}],"wp:featuredmedia":[{"embeddable":true,"href":"https:\/\/cancan.com.tr\/en\/wp-json\/wp\/v2\/media\/8194"}],"wp:attachment":[{"href":"https:\/\/cancan.com.tr\/en\/wp-json\/wp\/v2\/media?parent=6165"}],"wp:term":[{"taxonomy":"product_cat","embeddable":true,"href":"https:\/\/cancan.com.tr\/en\/wp-json\/wp\/v2\/product_cat?post=6165"},{"taxonomy":"product_tag","embeddable":true,"href":"https:\/\/cancan.com.tr\/en\/wp-json\/wp\/v2\/product_tag?post=6165"}],"curies":[{"name":"wp","href":"https:\/\/api.w.org\/{rel}","templated":true}]}}