{"id":6105,"date":"2023-09-18T15:17:58","date_gmt":"2023-09-18T12:17:58","guid":{"rendered":"https:\/\/mostdijital.com\/cancan\/?post_type=product&#038;p=6105"},"modified":"2024-07-24T11:20:25","modified_gmt":"2024-07-24T08:20:25","slug":"1318-dikey-domates-dilimleme-makinesi","status":"publish","type":"product","link":"https:\/\/cancan.com.tr\/en\/all-products\/vertical-tomato-slicer\/","title":{"rendered":"1318 Vertical Tomato Slicer"},"content":{"rendered":"<p><\/p>\n<h2><span style=\"color: #fa0014;\">1318 Vertical Tomato Slicer<\/span><\/h2>\n<p>The Vertical Tomato Slicer, suitable for use in various settings such as hotels, restaurants, cafes, and industrial kitchens, offers timesaving practicality in the kitchen. It simplifi es the process of cutting products into fast, precise, and uniform slices.<\/p>\n<hr \/>\n<h4>All Stainless Steel<\/h4>\n<p>The blades of the vertical tomato slicer are made of stainless steel material that is fully suitable for food contact, ensuring long-term use.<\/p>\n<hr \/>\n<h4>Sharp Knives<\/h4>\n<p>5mm, 7mm and 10mm blade options are available.<\/p>\n<hr \/>\n<h4>Ejector Mechanism<\/h4>\n<p>Thanks to the ergonomic pusher mechanism, precise slices are obtained with a fast and smooth movement.<\/p>\n<hr \/>\n<h4>Special Angled Legs<\/h4>\n<p>Specially designed non-slip suction cup feet prevent the product from shaking and keep the machine securely fixed.<\/p>","protected":false},"excerpt":{"rendered":"<h2><span style=\"color: #fa0014;\">1318 Vertical Tomato Slicer<\/span><\/h2>\n<p>The Vertical Tomato Slicer, suitable for use in various settings such as hotels, restaurants, cafes, and industrial kitchens, offers timesaving practicality in the kitchen. It simplifi es the process of cutting products into fast, precise, and uniform slices.<\/p>\n<p><img loading=\"lazy\" decoding=\"async\" class=\"alignnone wp-image-8554\" src=\"https:\/\/cancan.com.tr\/wp-content\/uploads\/2023\/09\/ing-hazirlik-300x94.png\" alt=\"\" width=\"275\" height=\"86\" srcset=\"https:\/\/cancan.com.tr\/wp-content\/uploads\/2023\/09\/ing-hazirlik-300x94.png 300w, https:\/\/cancan.com.tr\/wp-content\/uploads\/2023\/09\/ing-hazirlik-600x188.png 600w, https:\/\/cancan.com.tr\/wp-content\/uploads\/2023\/09\/ing-hazirlik.png 752w\" sizes=\"auto, (max-width: 275px) 100vw, 275px\" \/><\/p>\n<p>https:\/\/youtu.be\/qWJwcervQbs?si=_hsj1NV9Y0riNYkq<\/p>\n","protected":false},"featured_media":8192,"comment_status":"closed","ping_status":"closed","template":"","meta":[],"product_cat":[15,171,195],"product_tag":[188,190,222,219,187,189,218,183,191],"class_list":["post-6105","product","type-product","status-publish","has-post-thumbnail","hentry","product_cat-tum-urunler","product_cat-hazirlik-ekipmanlari","product_cat-kesici-ve-dilimleyiciler","product_tag-alisveris-merkezi","product_tag-kafe","product_tag-kesiciler-hazirlik","product_tag-manuel-hazirlik","product_tag-ogrenci-yurtlari","product_tag-otel","product_tag-paslanmaz","product_tag-restoranlar","product_tag-universiteler"],"acf":[],"yoast_head":"<!-- This site is optimized with the Yoast SEO plugin v27.0 - https:\/\/yoast.com\/product\/yoast-seo-wordpress\/ -->\n<title>1318 Vertical Tomato Slicer - Cancan Meyve Presleri<\/title>\n<meta name=\"robots\" content=\"index, follow, max-snippet:-1, max-image-preview:large, max-video-preview:-1\" \/>\n<link rel=\"canonical\" href=\"https:\/\/cancan.com.tr\/tum-urunler\/dikey-domates-dilimleme-makinesi\/\" \/>\n<meta property=\"og:locale\" content=\"en_US\" \/>\n<meta property=\"og:type\" content=\"article\" \/>\n<meta property=\"og:title\" content=\"[:en]1318 Vertical Tomato Slicer[:tr]1318 Dikey Domates Dilimleme Makinesi[:] - Cancan Meyve Presleri\" \/>\n<meta property=\"og:description\" content=\"[:en]1318 Vertical Tomato Slicer The Vertical Tomato Slicer, suitable for use in various settings such as hotels, restaurants, cafes, and industrial kitchens, offers timesaving practicality in the kitchen. It simplifi es the process of cutting products into fast, precise, and uniform slices.    https:\/\/youtu.be\/qWJwcervQbs?si=_hsj1NV9Y0riNYkq[:tr]1318 Dikey Domates Dilimleme Makinesi Otel, restoran, kafe, end\u00fcstriyel mutfaklar vb. alanlarda kullan\u0131labilen Dikey Domates Dilimleme Makinesi \u00fcr\u00fcnleri h\u0131zl\u0131, hassas ve e\u015fit dilimler halinde kesmeyi kolayla\u015ft\u0131rarak mutfakta zaman tasarrufu ve pratiklik sa\u011flar. Restoran mutfaklar\u0131ndan yemek servis i\u015fletmelerine kadar geni\u015f bir yelpazede kullan\u0131lan dikey domates dilimleme makinesi profesyonel a\u015f\u00e7\u0131lar\u0131n i\u015flerini daha verimli hale getirir.    https:\/\/youtu.be\/qWJwcervQbs?si=_hsj1NV9Y0riNYkq[:]\" \/>\n<meta property=\"og:url\" content=\"https:\/\/cancan.com.tr\/tum-urunler\/dikey-domates-dilimleme-makinesi\/\" \/>\n<meta property=\"og:site_name\" content=\"Cancan Meyve Presleri\" \/>\n<meta property=\"article:modified_time\" content=\"2024-07-24T08:20:25+00:00\" \/>\n<meta property=\"og:image\" content=\"https:\/\/cancan.com.tr\/wp-content\/uploads\/2023\/09\/1318-1.jpg\" \/>\n\t<meta property=\"og:image:width\" content=\"675\" \/>\n\t<meta property=\"og:image:height\" content=\"828\" \/>\n\t<meta property=\"og:image:type\" content=\"image\/jpeg\" \/>\n<meta name=\"twitter:card\" content=\"summary_large_image\" \/>\n<meta name=\"twitter:label1\" content=\"Est. reading time\" \/>\n\t<meta name=\"twitter:data1\" content=\"1 minute\" \/>\n<script type=\"application\/ld+json\" class=\"yoast-schema-graph\">{\"@context\":\"https:\/\/schema.org\",\"@graph\":[{\"@type\":\"WebPage\",\"@id\":\"https:\/\/cancan.com.tr\/tum-urunler\/dikey-domates-dilimleme-makinesi\/\",\"url\":\"https:\/\/cancan.com.tr\/tum-urunler\/dikey-domates-dilimleme-makinesi\/\",\"name\":\"[:en]1318 Vertical Tomato Slicer[:tr]1318 Dikey Domates Dilimleme Makinesi[:] - Cancan Meyve Presleri\",\"isPartOf\":{\"@id\":\"https:\/\/cancan.com.tr\/#website\"},\"primaryImageOfPage\":{\"@id\":\"https:\/\/cancan.com.tr\/tum-urunler\/dikey-domates-dilimleme-makinesi\/#primaryimage\"},\"image\":{\"@id\":\"https:\/\/cancan.com.tr\/tum-urunler\/dikey-domates-dilimleme-makinesi\/#primaryimage\"},\"thumbnailUrl\":\"https:\/\/cancan.com.tr\/wp-content\/uploads\/2023\/09\/1318-1.jpg\",\"datePublished\":\"2023-09-18T12:17:58+00:00\",\"dateModified\":\"2024-07-24T08:20:25+00:00\",\"breadcrumb\":{\"@id\":\"https:\/\/cancan.com.tr\/tum-urunler\/dikey-domates-dilimleme-makinesi\/#breadcrumb\"},\"inLanguage\":\"en-US\",\"potentialAction\":[{\"@type\":\"ReadAction\",\"target\":[\"https:\/\/cancan.com.tr\/tum-urunler\/dikey-domates-dilimleme-makinesi\/\"]}]},{\"@type\":\"ImageObject\",\"inLanguage\":\"en-US\",\"@id\":\"https:\/\/cancan.com.tr\/tum-urunler\/dikey-domates-dilimleme-makinesi\/#primaryimage\",\"url\":\"https:\/\/cancan.com.tr\/wp-content\/uploads\/2023\/09\/1318-1.jpg\",\"contentUrl\":\"https:\/\/cancan.com.tr\/wp-content\/uploads\/2023\/09\/1318-1.jpg\",\"width\":675,\"height\":828},{\"@type\":\"BreadcrumbList\",\"@id\":\"https:\/\/cancan.com.tr\/tum-urunler\/dikey-domates-dilimleme-makinesi\/#breadcrumb\",\"itemListElement\":[{\"@type\":\"ListItem\",\"position\":1,\"name\":\"Anasayfa\",\"item\":\"https:\/\/cancan.com.tr\/\"},{\"@type\":\"ListItem\",\"position\":2,\"name\":\"Products\",\"item\":\"https:\/\/cancan.com.tr\/en\/products-2\/\"},{\"@type\":\"ListItem\",\"position\":3,\"name\":\"1318 Dikey Domates Dilimleme Makinesi\"}]},{\"@type\":\"WebSite\",\"@id\":\"https:\/\/cancan.com.tr\/#website\",\"url\":\"https:\/\/cancan.com.tr\/\",\"name\":\"Cancan Meyve Presleri\",\"description\":\"www.cancan.com.tr\",\"publisher\":{\"@id\":\"https:\/\/cancan.com.tr\/#organization\"},\"potentialAction\":[{\"@type\":\"SearchAction\",\"target\":{\"@type\":\"EntryPoint\",\"urlTemplate\":\"https:\/\/cancan.com.tr\/?s={search_term_string}\"},\"query-input\":{\"@type\":\"PropertyValueSpecification\",\"valueRequired\":true,\"valueName\":\"search_term_string\"}}],\"inLanguage\":\"en-US\"},{\"@type\":\"Organization\",\"@id\":\"https:\/\/cancan.com.tr\/#organization\",\"name\":\"Cancan Meyve Presleri\",\"url\":\"https:\/\/cancan.com.tr\/\",\"logo\":{\"@type\":\"ImageObject\",\"inLanguage\":\"en-US\",\"@id\":\"https:\/\/cancan.com.tr\/#\/schema\/logo\/image\/\",\"url\":\"https:\/\/cancan.com.tr\/wp-content\/uploads\/2026\/03\/CancanLogo.png\",\"contentUrl\":\"https:\/\/cancan.com.tr\/wp-content\/uploads\/2026\/03\/CancanLogo.png\",\"width\":362,\"height\":67,\"caption\":\"Cancan Meyve Presleri\"},\"image\":{\"@id\":\"https:\/\/cancan.com.tr\/#\/schema\/logo\/image\/\"}}]}<\/script>\n<!-- \/ Yoast SEO plugin. -->","yoast_head_json":{"title":"[:en]1318 Vertical Tomato Slicer[:tr]1318 Dikey Domates Dilimleme Makinesi[:] - Cancan Meyve Presleri","robots":{"index":"index","follow":"follow","max-snippet":"max-snippet:-1","max-image-preview":"max-image-preview:large","max-video-preview":"max-video-preview:-1"},"canonical":"https:\/\/cancan.com.tr\/tum-urunler\/dikey-domates-dilimleme-makinesi\/","og_locale":"en_US","og_type":"article","og_title":"[:en]1318 Vertical Tomato Slicer[:tr]1318 Dikey Domates Dilimleme Makinesi[:] - Cancan Meyve Presleri","og_description":"[:en]1318 Vertical Tomato Slicer The Vertical Tomato Slicer, suitable for use in various settings such as hotels, restaurants, cafes, and industrial kitchens, offers timesaving practicality in the kitchen. It simplifi es the process of cutting products into fast, precise, and uniform slices.    https:\/\/youtu.be\/qWJwcervQbs?si=_hsj1NV9Y0riNYkq[:tr]1318 Dikey Domates Dilimleme Makinesi Otel, restoran, kafe, end\u00fcstriyel mutfaklar vb. alanlarda kullan\u0131labilen Dikey Domates Dilimleme Makinesi \u00fcr\u00fcnleri h\u0131zl\u0131, hassas ve e\u015fit dilimler halinde kesmeyi kolayla\u015ft\u0131rarak mutfakta zaman tasarrufu ve pratiklik sa\u011flar. Restoran mutfaklar\u0131ndan yemek servis i\u015fletmelerine kadar geni\u015f bir yelpazede kullan\u0131lan dikey domates dilimleme makinesi profesyonel a\u015f\u00e7\u0131lar\u0131n i\u015flerini daha verimli hale getirir.    https:\/\/youtu.be\/qWJwcervQbs?si=_hsj1NV9Y0riNYkq[:]","og_url":"https:\/\/cancan.com.tr\/tum-urunler\/dikey-domates-dilimleme-makinesi\/","og_site_name":"Cancan Meyve Presleri","article_modified_time":"2024-07-24T08:20:25+00:00","og_image":[{"width":675,"height":828,"url":"https:\/\/cancan.com.tr\/wp-content\/uploads\/2023\/09\/1318-1.jpg","type":"image\/jpeg"}],"twitter_card":"summary_large_image","twitter_misc":{"Est. reading time":"1 minute"},"schema":{"@context":"https:\/\/schema.org","@graph":[{"@type":"WebPage","@id":"https:\/\/cancan.com.tr\/tum-urunler\/dikey-domates-dilimleme-makinesi\/","url":"https:\/\/cancan.com.tr\/tum-urunler\/dikey-domates-dilimleme-makinesi\/","name":"[:en]1318 Vertical Tomato Slicer[:tr]1318 Dikey Domates Dilimleme Makinesi[:] - Cancan Meyve Presleri","isPartOf":{"@id":"https:\/\/cancan.com.tr\/#website"},"primaryImageOfPage":{"@id":"https:\/\/cancan.com.tr\/tum-urunler\/dikey-domates-dilimleme-makinesi\/#primaryimage"},"image":{"@id":"https:\/\/cancan.com.tr\/tum-urunler\/dikey-domates-dilimleme-makinesi\/#primaryimage"},"thumbnailUrl":"https:\/\/cancan.com.tr\/wp-content\/uploads\/2023\/09\/1318-1.jpg","datePublished":"2023-09-18T12:17:58+00:00","dateModified":"2024-07-24T08:20:25+00:00","breadcrumb":{"@id":"https:\/\/cancan.com.tr\/tum-urunler\/dikey-domates-dilimleme-makinesi\/#breadcrumb"},"inLanguage":"en-US","potentialAction":[{"@type":"ReadAction","target":["https:\/\/cancan.com.tr\/tum-urunler\/dikey-domates-dilimleme-makinesi\/"]}]},{"@type":"ImageObject","inLanguage":"en-US","@id":"https:\/\/cancan.com.tr\/tum-urunler\/dikey-domates-dilimleme-makinesi\/#primaryimage","url":"https:\/\/cancan.com.tr\/wp-content\/uploads\/2023\/09\/1318-1.jpg","contentUrl":"https:\/\/cancan.com.tr\/wp-content\/uploads\/2023\/09\/1318-1.jpg","width":675,"height":828},{"@type":"BreadcrumbList","@id":"https:\/\/cancan.com.tr\/tum-urunler\/dikey-domates-dilimleme-makinesi\/#breadcrumb","itemListElement":[{"@type":"ListItem","position":1,"name":"Anasayfa","item":"https:\/\/cancan.com.tr\/"},{"@type":"ListItem","position":2,"name":"Products","item":"https:\/\/cancan.com.tr\/en\/products-2\/"},{"@type":"ListItem","position":3,"name":"1318 Dikey Domates Dilimleme Makinesi"}]},{"@type":"WebSite","@id":"https:\/\/cancan.com.tr\/#website","url":"https:\/\/cancan.com.tr\/","name":"Cancan Meyve Presleri","description":"www.cancan.com.tr","publisher":{"@id":"https:\/\/cancan.com.tr\/#organization"},"potentialAction":[{"@type":"SearchAction","target":{"@type":"EntryPoint","urlTemplate":"https:\/\/cancan.com.tr\/?s={search_term_string}"},"query-input":{"@type":"PropertyValueSpecification","valueRequired":true,"valueName":"search_term_string"}}],"inLanguage":"en-US"},{"@type":"Organization","@id":"https:\/\/cancan.com.tr\/#organization","name":"Cancan Meyve Presleri","url":"https:\/\/cancan.com.tr\/","logo":{"@type":"ImageObject","inLanguage":"en-US","@id":"https:\/\/cancan.com.tr\/#\/schema\/logo\/image\/","url":"https:\/\/cancan.com.tr\/wp-content\/uploads\/2026\/03\/CancanLogo.png","contentUrl":"https:\/\/cancan.com.tr\/wp-content\/uploads\/2026\/03\/CancanLogo.png","width":362,"height":67,"caption":"Cancan Meyve Presleri"},"image":{"@id":"https:\/\/cancan.com.tr\/#\/schema\/logo\/image\/"}}]}},"_links":{"self":[{"href":"https:\/\/cancan.com.tr\/en\/wp-json\/wp\/v2\/product\/6105","targetHints":{"allow":["GET"]}}],"collection":[{"href":"https:\/\/cancan.com.tr\/en\/wp-json\/wp\/v2\/product"}],"about":[{"href":"https:\/\/cancan.com.tr\/en\/wp-json\/wp\/v2\/types\/product"}],"replies":[{"embeddable":true,"href":"https:\/\/cancan.com.tr\/en\/wp-json\/wp\/v2\/comments?post=6105"}],"wp:featuredmedia":[{"embeddable":true,"href":"https:\/\/cancan.com.tr\/en\/wp-json\/wp\/v2\/media\/8192"}],"wp:attachment":[{"href":"https:\/\/cancan.com.tr\/en\/wp-json\/wp\/v2\/media?parent=6105"}],"wp:term":[{"taxonomy":"product_cat","embeddable":true,"href":"https:\/\/cancan.com.tr\/en\/wp-json\/wp\/v2\/product_cat?post=6105"},{"taxonomy":"product_tag","embeddable":true,"href":"https:\/\/cancan.com.tr\/en\/wp-json\/wp\/v2\/product_tag?post=6105"}],"curies":[{"name":"wp","href":"https:\/\/api.w.org\/{rel}","templated":true}]}}