{"id":6071,"date":"2023-09-18T14:59:54","date_gmt":"2023-09-18T11:59:54","guid":{"rendered":"https:\/\/mostdijital.com\/cancan\/?post_type=product&#038;p=6071"},"modified":"2024-08-14T11:34:53","modified_gmt":"2024-08-14T08:34:53","slug":"1316-limon-dilimleme-makinesi","status":"publish","type":"product","link":"https:\/\/cancan.com.tr\/en\/all-products\/lemon-cutter\/","title":{"rendered":"1316 Lemon Cutter"},"content":{"rendered":"<p><\/p>\n<h2><span style=\"color: #fa0014;\">1316 Lemon Cutter<\/span><\/h2>\n<p>The Lemon Cutter, designed for quick and precise lemon slicing, is employed in various establishments such as hotels, restaurants, bars, and cafes. Its sharp blades enhance the visual appeal of lemon presentations.<\/p>\n<hr \/>\n<h4>All Stainless Steel<\/h4>\n<p>The blades of the lemon slicer are made of food grade stainless steel material.<\/p>\n<hr \/>\n<h4>Blade Specifications<\/h4>\n<p>With 6 different blades, apple slices and half slices are obtained. These are; 4 slice, 6 slice, 8 slice and 12 slice knives. The different types of 6 and 12 slice blades are half slice.<\/p>\n<hr \/>\n<h4>Ejector Mechanism<\/h4>\n<p>Thanks to the ergonomic pusher, multiple slices can be obtained with a single movement.<\/p>\n<hr \/>\n<h4>Special Suction Cup Feet<\/h4>\n<p>Specially designed non-slip suction cup feet prevent the product from shaking and keep the machine securely fixed.<\/p>","protected":false},"excerpt":{"rendered":"<h2><span style=\"color: #fa0014;\">1316 Lemon Cutter<\/span><\/h2>\n<p>The Lemon Cutter, designed for quick and precise lemon slicing, is employed in various establishments such as hotels, restaurants, bars, and cafes. Its sharp blades enhance the visual appeal of lemon presentations.<\/p>\n<p><img loading=\"lazy\" decoding=\"async\" class=\"alignnone wp-image-8554\" src=\"https:\/\/cancan.com.tr\/wp-content\/uploads\/2023\/09\/ing-hazirlik-300x94.png\" alt=\"\" width=\"275\" height=\"86\" srcset=\"https:\/\/cancan.com.tr\/wp-content\/uploads\/2023\/09\/ing-hazirlik-300x94.png 300w, https:\/\/cancan.com.tr\/wp-content\/uploads\/2023\/09\/ing-hazirlik-600x188.png 600w, https:\/\/cancan.com.tr\/wp-content\/uploads\/2023\/09\/ing-hazirlik.png 752w\" sizes=\"auto, (max-width: 275px) 100vw, 275px\" \/><\/p>\n<p>https:\/\/youtu.be\/74oOFgHliuU?si=f25COQ8Fmd-5Keuv<\/p>\n","protected":false},"featured_media":8189,"comment_status":"closed","ping_status":"closed","template":"","meta":[],"product_cat":[15,171,195],"product_tag":[192,190,222,219,189,218,183],"class_list":["post-6071","product","type-product","status-publish","has-post-thumbnail","hentry","product_cat-tum-urunler","product_cat-hazirlik-ekipmanlari","product_cat-kesici-ve-dilimleyiciler","product_tag-bar","product_tag-kafe","product_tag-kesiciler-hazirlik","product_tag-manuel-hazirlik","product_tag-otel","product_tag-paslanmaz","product_tag-restoranlar"],"acf":[],"yoast_head":"<!-- This site is optimized with the Yoast SEO plugin v27.0 - https:\/\/yoast.com\/product\/yoast-seo-wordpress\/ -->\n<title>1316 Lemon Cutter - Cancan Meyve Presleri<\/title>\n<meta name=\"robots\" content=\"index, follow, max-snippet:-1, max-image-preview:large, max-video-preview:-1\" \/>\n<link rel=\"canonical\" href=\"https:\/\/cancan.com.tr\/tum-urunler\/limon-dilimleme-makinesi\/\" \/>\n<meta property=\"og:locale\" content=\"en_US\" \/>\n<meta property=\"og:type\" content=\"article\" \/>\n<meta property=\"og:title\" content=\"[:en]1316 Lemon Cutter[:tr]1316 Limon Dilimleme Makinesi[:] - Cancan Meyve Presleri\" \/>\n<meta property=\"og:description\" content=\"[:en]1316 Lemon Cutter The Lemon Cutter, designed for quick and precise lemon slicing, is employed in various establishments such as hotels, restaurants, bars, and cafes. Its sharp blades enhance the visual appeal of lemon presentations.    https:\/\/youtu.be\/74oOFgHliuU?si=f25COQ8Fmd-5Keuv[:tr]1316 Limon Dilimleme Makinesi Limonlar\u0131 h\u0131zl\u0131 ve kusursuz bir \u015fekilde dilimlemeyi sa\u011flayan Limon Dilimleme Makinesi otel, restoran, bar ve kafelerde kullan\u0131l\u0131r. Keskin b\u0131\u00e7aklara sahip limon dilimleme makinesi sunumlarda g\u00f6rsel \u00e7ekicili\u011fi art\u0131rmaktad\u0131r.    https:\/\/youtu.be\/74oOFgHliuU?si=f25COQ8Fmd-5Keuv[:]\" \/>\n<meta property=\"og:url\" content=\"https:\/\/cancan.com.tr\/tum-urunler\/limon-dilimleme-makinesi\/\" \/>\n<meta property=\"og:site_name\" content=\"Cancan Meyve Presleri\" \/>\n<meta property=\"article:modified_time\" content=\"2024-08-14T08:34:53+00:00\" \/>\n<meta property=\"og:image\" content=\"https:\/\/cancan.com.tr\/wp-content\/uploads\/2023\/09\/1316.jpg\" \/>\n\t<meta property=\"og:image:width\" content=\"675\" \/>\n\t<meta property=\"og:image:height\" content=\"828\" \/>\n\t<meta property=\"og:image:type\" content=\"image\/jpeg\" \/>\n<meta name=\"twitter:card\" content=\"summary_large_image\" \/>\n<meta name=\"twitter:label1\" content=\"Est. reading time\" \/>\n\t<meta name=\"twitter:data1\" content=\"1 minute\" \/>\n<script type=\"application\/ld+json\" class=\"yoast-schema-graph\">{\"@context\":\"https:\/\/schema.org\",\"@graph\":[{\"@type\":\"WebPage\",\"@id\":\"https:\/\/cancan.com.tr\/tum-urunler\/limon-dilimleme-makinesi\/\",\"url\":\"https:\/\/cancan.com.tr\/tum-urunler\/limon-dilimleme-makinesi\/\",\"name\":\"[:en]1316 Lemon Cutter[:tr]1316 Limon Dilimleme Makinesi[:] - Cancan Meyve Presleri\",\"isPartOf\":{\"@id\":\"https:\/\/cancan.com.tr\/#website\"},\"primaryImageOfPage\":{\"@id\":\"https:\/\/cancan.com.tr\/tum-urunler\/limon-dilimleme-makinesi\/#primaryimage\"},\"image\":{\"@id\":\"https:\/\/cancan.com.tr\/tum-urunler\/limon-dilimleme-makinesi\/#primaryimage\"},\"thumbnailUrl\":\"https:\/\/cancan.com.tr\/wp-content\/uploads\/2023\/09\/1316.jpg\",\"datePublished\":\"2023-09-18T11:59:54+00:00\",\"dateModified\":\"2024-08-14T08:34:53+00:00\",\"breadcrumb\":{\"@id\":\"https:\/\/cancan.com.tr\/tum-urunler\/limon-dilimleme-makinesi\/#breadcrumb\"},\"inLanguage\":\"en-US\",\"potentialAction\":[{\"@type\":\"ReadAction\",\"target\":[\"https:\/\/cancan.com.tr\/tum-urunler\/limon-dilimleme-makinesi\/\"]}]},{\"@type\":\"ImageObject\",\"inLanguage\":\"en-US\",\"@id\":\"https:\/\/cancan.com.tr\/tum-urunler\/limon-dilimleme-makinesi\/#primaryimage\",\"url\":\"https:\/\/cancan.com.tr\/wp-content\/uploads\/2023\/09\/1316.jpg\",\"contentUrl\":\"https:\/\/cancan.com.tr\/wp-content\/uploads\/2023\/09\/1316.jpg\",\"width\":675,\"height\":828},{\"@type\":\"BreadcrumbList\",\"@id\":\"https:\/\/cancan.com.tr\/tum-urunler\/limon-dilimleme-makinesi\/#breadcrumb\",\"itemListElement\":[{\"@type\":\"ListItem\",\"position\":1,\"name\":\"Anasayfa\",\"item\":\"https:\/\/cancan.com.tr\/\"},{\"@type\":\"ListItem\",\"position\":2,\"name\":\"Products\",\"item\":\"https:\/\/cancan.com.tr\/en\/products-2\/\"},{\"@type\":\"ListItem\",\"position\":3,\"name\":\"1316 Limon Dilimleme Makinesi\"}]},{\"@type\":\"WebSite\",\"@id\":\"https:\/\/cancan.com.tr\/#website\",\"url\":\"https:\/\/cancan.com.tr\/\",\"name\":\"Cancan Meyve Presleri\",\"description\":\"www.cancan.com.tr\",\"publisher\":{\"@id\":\"https:\/\/cancan.com.tr\/#organization\"},\"potentialAction\":[{\"@type\":\"SearchAction\",\"target\":{\"@type\":\"EntryPoint\",\"urlTemplate\":\"https:\/\/cancan.com.tr\/?s={search_term_string}\"},\"query-input\":{\"@type\":\"PropertyValueSpecification\",\"valueRequired\":true,\"valueName\":\"search_term_string\"}}],\"inLanguage\":\"en-US\"},{\"@type\":\"Organization\",\"@id\":\"https:\/\/cancan.com.tr\/#organization\",\"name\":\"Cancan Meyve Presleri\",\"url\":\"https:\/\/cancan.com.tr\/\",\"logo\":{\"@type\":\"ImageObject\",\"inLanguage\":\"en-US\",\"@id\":\"https:\/\/cancan.com.tr\/#\/schema\/logo\/image\/\",\"url\":\"https:\/\/cancan.com.tr\/wp-content\/uploads\/2026\/03\/CancanLogo.png\",\"contentUrl\":\"https:\/\/cancan.com.tr\/wp-content\/uploads\/2026\/03\/CancanLogo.png\",\"width\":362,\"height\":67,\"caption\":\"Cancan Meyve Presleri\"},\"image\":{\"@id\":\"https:\/\/cancan.com.tr\/#\/schema\/logo\/image\/\"}}]}<\/script>\n<!-- \/ Yoast SEO plugin. -->","yoast_head_json":{"title":"[:en]1316 Lemon Cutter[:tr]1316 Limon Dilimleme Makinesi[:] - Cancan Meyve Presleri","robots":{"index":"index","follow":"follow","max-snippet":"max-snippet:-1","max-image-preview":"max-image-preview:large","max-video-preview":"max-video-preview:-1"},"canonical":"https:\/\/cancan.com.tr\/tum-urunler\/limon-dilimleme-makinesi\/","og_locale":"en_US","og_type":"article","og_title":"[:en]1316 Lemon Cutter[:tr]1316 Limon Dilimleme Makinesi[:] - Cancan Meyve Presleri","og_description":"[:en]1316 Lemon Cutter The Lemon Cutter, designed for quick and precise lemon slicing, is employed in various establishments such as hotels, restaurants, bars, and cafes. Its sharp blades enhance the visual appeal of lemon presentations.    https:\/\/youtu.be\/74oOFgHliuU?si=f25COQ8Fmd-5Keuv[:tr]1316 Limon Dilimleme Makinesi Limonlar\u0131 h\u0131zl\u0131 ve kusursuz bir \u015fekilde dilimlemeyi sa\u011flayan Limon Dilimleme Makinesi otel, restoran, bar ve kafelerde kullan\u0131l\u0131r. Keskin b\u0131\u00e7aklara sahip limon dilimleme makinesi sunumlarda g\u00f6rsel \u00e7ekicili\u011fi art\u0131rmaktad\u0131r.    https:\/\/youtu.be\/74oOFgHliuU?si=f25COQ8Fmd-5Keuv[:]","og_url":"https:\/\/cancan.com.tr\/tum-urunler\/limon-dilimleme-makinesi\/","og_site_name":"Cancan Meyve Presleri","article_modified_time":"2024-08-14T08:34:53+00:00","og_image":[{"width":675,"height":828,"url":"https:\/\/cancan.com.tr\/wp-content\/uploads\/2023\/09\/1316.jpg","type":"image\/jpeg"}],"twitter_card":"summary_large_image","twitter_misc":{"Est. reading time":"1 minute"},"schema":{"@context":"https:\/\/schema.org","@graph":[{"@type":"WebPage","@id":"https:\/\/cancan.com.tr\/tum-urunler\/limon-dilimleme-makinesi\/","url":"https:\/\/cancan.com.tr\/tum-urunler\/limon-dilimleme-makinesi\/","name":"[:en]1316 Lemon Cutter[:tr]1316 Limon Dilimleme Makinesi[:] - Cancan Meyve Presleri","isPartOf":{"@id":"https:\/\/cancan.com.tr\/#website"},"primaryImageOfPage":{"@id":"https:\/\/cancan.com.tr\/tum-urunler\/limon-dilimleme-makinesi\/#primaryimage"},"image":{"@id":"https:\/\/cancan.com.tr\/tum-urunler\/limon-dilimleme-makinesi\/#primaryimage"},"thumbnailUrl":"https:\/\/cancan.com.tr\/wp-content\/uploads\/2023\/09\/1316.jpg","datePublished":"2023-09-18T11:59:54+00:00","dateModified":"2024-08-14T08:34:53+00:00","breadcrumb":{"@id":"https:\/\/cancan.com.tr\/tum-urunler\/limon-dilimleme-makinesi\/#breadcrumb"},"inLanguage":"en-US","potentialAction":[{"@type":"ReadAction","target":["https:\/\/cancan.com.tr\/tum-urunler\/limon-dilimleme-makinesi\/"]}]},{"@type":"ImageObject","inLanguage":"en-US","@id":"https:\/\/cancan.com.tr\/tum-urunler\/limon-dilimleme-makinesi\/#primaryimage","url":"https:\/\/cancan.com.tr\/wp-content\/uploads\/2023\/09\/1316.jpg","contentUrl":"https:\/\/cancan.com.tr\/wp-content\/uploads\/2023\/09\/1316.jpg","width":675,"height":828},{"@type":"BreadcrumbList","@id":"https:\/\/cancan.com.tr\/tum-urunler\/limon-dilimleme-makinesi\/#breadcrumb","itemListElement":[{"@type":"ListItem","position":1,"name":"Anasayfa","item":"https:\/\/cancan.com.tr\/"},{"@type":"ListItem","position":2,"name":"Products","item":"https:\/\/cancan.com.tr\/en\/products-2\/"},{"@type":"ListItem","position":3,"name":"1316 Limon Dilimleme Makinesi"}]},{"@type":"WebSite","@id":"https:\/\/cancan.com.tr\/#website","url":"https:\/\/cancan.com.tr\/","name":"Cancan Meyve Presleri","description":"www.cancan.com.tr","publisher":{"@id":"https:\/\/cancan.com.tr\/#organization"},"potentialAction":[{"@type":"SearchAction","target":{"@type":"EntryPoint","urlTemplate":"https:\/\/cancan.com.tr\/?s={search_term_string}"},"query-input":{"@type":"PropertyValueSpecification","valueRequired":true,"valueName":"search_term_string"}}],"inLanguage":"en-US"},{"@type":"Organization","@id":"https:\/\/cancan.com.tr\/#organization","name":"Cancan Meyve Presleri","url":"https:\/\/cancan.com.tr\/","logo":{"@type":"ImageObject","inLanguage":"en-US","@id":"https:\/\/cancan.com.tr\/#\/schema\/logo\/image\/","url":"https:\/\/cancan.com.tr\/wp-content\/uploads\/2026\/03\/CancanLogo.png","contentUrl":"https:\/\/cancan.com.tr\/wp-content\/uploads\/2026\/03\/CancanLogo.png","width":362,"height":67,"caption":"Cancan Meyve Presleri"},"image":{"@id":"https:\/\/cancan.com.tr\/#\/schema\/logo\/image\/"}}]}},"_links":{"self":[{"href":"https:\/\/cancan.com.tr\/en\/wp-json\/wp\/v2\/product\/6071","targetHints":{"allow":["GET"]}}],"collection":[{"href":"https:\/\/cancan.com.tr\/en\/wp-json\/wp\/v2\/product"}],"about":[{"href":"https:\/\/cancan.com.tr\/en\/wp-json\/wp\/v2\/types\/product"}],"replies":[{"embeddable":true,"href":"https:\/\/cancan.com.tr\/en\/wp-json\/wp\/v2\/comments?post=6071"}],"wp:featuredmedia":[{"embeddable":true,"href":"https:\/\/cancan.com.tr\/en\/wp-json\/wp\/v2\/media\/8189"}],"wp:attachment":[{"href":"https:\/\/cancan.com.tr\/en\/wp-json\/wp\/v2\/media?parent=6071"}],"wp:term":[{"taxonomy":"product_cat","embeddable":true,"href":"https:\/\/cancan.com.tr\/en\/wp-json\/wp\/v2\/product_cat?post=6071"},{"taxonomy":"product_tag","embeddable":true,"href":"https:\/\/cancan.com.tr\/en\/wp-json\/wp\/v2\/product_tag?post=6071"}],"curies":[{"name":"wp","href":"https:\/\/api.w.org\/{rel}","templated":true}]}}