{"id":6065,"date":"2023-09-18T14:51:17","date_gmt":"2023-09-18T11:51:17","guid":{"rendered":"https:\/\/mostdijital.com\/cancan\/?post_type=product&#038;p=6065"},"modified":"2024-07-25T16:46:07","modified_gmt":"2024-07-25T13:46:07","slug":"1315-meyvse-dilimleme-makinesi","status":"publish","type":"product","link":"https:\/\/cancan.com.tr\/en\/all-products\/fruit-cutter\/","title":{"rendered":"1315 Fruit Cutter"},"content":{"rendered":"<p><\/p>\n<h2><span style=\"color: #fa0014;\">1315 Fruit Cutter\u00a0<\/span><\/h2>\n<p>The Fruit Cutter provides time-saving practicality in the kitchen, swiftly and consistently slicing fruits into equal portions.<br \/>\nIt has become an indispensable tool in both household and industrial kitchens, offering exceptional convenience.<\/p>\n<hr \/>\n<h4>All Stainless Steel<\/h4>\n<p>The blades of the fruit slicer are made of stainless steel material that is fully suitable for food contact, ensuring long-term use.<\/p>\n<hr \/>\n<h4>Sharp Blades<\/h4>\n<p>4,6,8 and 12 slice blades and 4,6,8 and 12 care remover blades are available.<\/p>\n<hr \/>\n<h4>Ejector Mechanism<\/h4>\n<p>Thanks to the ergonomic pusher mechanism, precise slices are obtained with a fast and smooth movement.<\/p>\n<hr \/>\n<h4>Special Suction Cup Feet<\/h4>\n<p>Specially designed non-slip suction cup feet prevent the product from shaking and keep the machine securely fixed.<\/p>","protected":false},"excerpt":{"rendered":"<h2><span style=\"color: #fa0014;\">1315 Fruit Cutter\u00a0<\/span><\/h2>\n<p>The Fruit Cutter provides time-saving practicality in the kitchen, swiftly and consistently slicing fruits into equal portions.<br \/>\nIt has become an indispensable tool in both household and industrial kitchens, offering exceptional convenience.<\/p>\n<p><img loading=\"lazy\" decoding=\"async\" class=\"alignnone wp-image-8554\" src=\"https:\/\/cancan.com.tr\/wp-content\/uploads\/2023\/09\/ing-hazirlik-300x94.png\" alt=\"\" width=\"275\" height=\"86\" srcset=\"https:\/\/cancan.com.tr\/wp-content\/uploads\/2023\/09\/ing-hazirlik-300x94.png 300w, https:\/\/cancan.com.tr\/wp-content\/uploads\/2023\/09\/ing-hazirlik-600x188.png 600w, https:\/\/cancan.com.tr\/wp-content\/uploads\/2023\/09\/ing-hazirlik.png 752w\" sizes=\"auto, (max-width: 275px) 100vw, 275px\" \/><\/p>\n<p>https:\/\/youtu.be\/L64MRXbiwM0?si=V2u72V92WhEoLrrR<\/p>\n","protected":false},"featured_media":8188,"comment_status":"closed","ping_status":"closed","template":"","meta":[],"product_cat":[248,247,249,15,171,195],"product_tag":[188,186,190,222,219,187,189,218,183,139,191,185,176],"class_list":["post-6065","product","type-product","status-publish","has-post-thumbnail","hentry","product_cat-oteller","product_cat-restoranlar","product_cat-yerel-isletmeler","product_cat-tum-urunler","product_cat-hazirlik-ekipmanlari","product_cat-kesici-ve-dilimleyiciler","product_tag-alisveris-merkezi","product_tag-hastane","product_tag-kafe","product_tag-kesiciler-hazirlik","product_tag-manuel-hazirlik","product_tag-ogrenci-yurtlari","product_tag-otel","product_tag-paslanmaz","product_tag-restoranlar","product_tag-camera","product_tag-universiteler","product_tag-vitamin-barlar","product_tag-yerel-isletmeler"],"acf":[],"yoast_head":"<!-- This site is optimized with the Yoast SEO plugin v27.0 - https:\/\/yoast.com\/product\/yoast-seo-wordpress\/ -->\n<title>1315 Fruit Cutter - Cancan Meyve Presleri<\/title>\n<meta name=\"robots\" content=\"index, follow, max-snippet:-1, max-image-preview:large, max-video-preview:-1\" \/>\n<link rel=\"canonical\" href=\"https:\/\/cancan.com.tr\/en\/all-products\/fruit-cutter\/\" \/>\n<meta property=\"og:locale\" content=\"en_US\" \/>\n<meta property=\"og:type\" content=\"article\" \/>\n<meta property=\"og:title\" content=\"[:en]1315 Fruit Cutter[:tr]1315 Meyve Dilimleme Makinesi[:] - Cancan Meyve Presleri\" \/>\n<meta property=\"og:description\" content=\"[:en]1315 Fruit Cutter\u00a0 The Fruit Cutter provides time-saving practicality in the kitchen, swiftly and consistently slicing fruits into equal portions. It has become an indispensable tool in both household and industrial kitchens, offering exceptional convenience.    https:\/\/youtu.be\/L64MRXbiwM0?si=V2u72V92WhEoLrrR[:tr]1315 Meyve Dilimleme Makinesi Meyve Dilimleme Makinesi, meyveleri h\u0131zl\u0131, d\u00fczenli ve e\u015fit dilimler halinde kesmeyi sa\u011flayarak mutfakta zaman tasarrufu ve pratiklik sunar. Hem evde hem de end\u00fcstriyel mutfaklarda vazge\u00e7ilmez bir \u00fcr\u00fcn haline gelen meyve dilimleme makinesi, b\u00fcy\u00fck bir kolayl\u0131k sa\u011flar.    https:\/\/youtu.be\/L64MRXbiwM0?si=V2u72V92WhEoLrrR[:]\" \/>\n<meta property=\"og:url\" content=\"https:\/\/cancan.com.tr\/en\/all-products\/fruit-cutter\/\" \/>\n<meta property=\"og:site_name\" content=\"Cancan Meyve Presleri\" \/>\n<meta property=\"article:modified_time\" content=\"2024-07-25T13:46:07+00:00\" \/>\n<meta property=\"og:image\" content=\"https:\/\/cancan.com.tr\/wp-content\/uploads\/2023\/09\/1315.jpg\" \/>\n\t<meta property=\"og:image:width\" content=\"675\" \/>\n\t<meta property=\"og:image:height\" content=\"828\" \/>\n\t<meta property=\"og:image:type\" content=\"image\/jpeg\" \/>\n<meta name=\"twitter:card\" content=\"summary_large_image\" \/>\n<meta name=\"twitter:label1\" content=\"Est. reading time\" \/>\n\t<meta name=\"twitter:data1\" content=\"1 minute\" \/>\n<script type=\"application\/ld+json\" class=\"yoast-schema-graph\">{\"@context\":\"https:\/\/schema.org\",\"@graph\":[{\"@type\":\"WebPage\",\"@id\":\"https:\/\/cancan.com.tr\/en\/all-products\/fruit-cutter\/\",\"url\":\"https:\/\/cancan.com.tr\/en\/all-products\/fruit-cutter\/\",\"name\":\"[:en]1315 Fruit Cutter[:tr]1315 Meyve Dilimleme Makinesi[:] - Cancan Meyve Presleri\",\"isPartOf\":{\"@id\":\"https:\/\/cancan.com.tr\/#website\"},\"primaryImageOfPage\":{\"@id\":\"https:\/\/cancan.com.tr\/en\/all-products\/fruit-cutter\/#primaryimage\"},\"image\":{\"@id\":\"https:\/\/cancan.com.tr\/en\/all-products\/fruit-cutter\/#primaryimage\"},\"thumbnailUrl\":\"https:\/\/cancan.com.tr\/wp-content\/uploads\/2023\/09\/1315.jpg\",\"datePublished\":\"2023-09-18T11:51:17+00:00\",\"dateModified\":\"2024-07-25T13:46:07+00:00\",\"breadcrumb\":{\"@id\":\"https:\/\/cancan.com.tr\/en\/all-products\/fruit-cutter\/#breadcrumb\"},\"inLanguage\":\"en-US\",\"potentialAction\":[{\"@type\":\"ReadAction\",\"target\":[\"https:\/\/cancan.com.tr\/en\/all-products\/fruit-cutter\/\"]}]},{\"@type\":\"ImageObject\",\"inLanguage\":\"en-US\",\"@id\":\"https:\/\/cancan.com.tr\/en\/all-products\/fruit-cutter\/#primaryimage\",\"url\":\"https:\/\/cancan.com.tr\/wp-content\/uploads\/2023\/09\/1315.jpg\",\"contentUrl\":\"https:\/\/cancan.com.tr\/wp-content\/uploads\/2023\/09\/1315.jpg\",\"width\":675,\"height\":828},{\"@type\":\"BreadcrumbList\",\"@id\":\"https:\/\/cancan.com.tr\/en\/all-products\/fruit-cutter\/#breadcrumb\",\"itemListElement\":[{\"@type\":\"ListItem\",\"position\":1,\"name\":\"Anasayfa\",\"item\":\"https:\/\/cancan.com.tr\/\"},{\"@type\":\"ListItem\",\"position\":2,\"name\":\"Products\",\"item\":\"https:\/\/cancan.com.tr\/en\/products-2\/\"},{\"@type\":\"ListItem\",\"position\":3,\"name\":\"1315 Fruit Cutter\"}]},{\"@type\":\"WebSite\",\"@id\":\"https:\/\/cancan.com.tr\/#website\",\"url\":\"https:\/\/cancan.com.tr\/\",\"name\":\"Cancan Meyve Presleri\",\"description\":\"www.cancan.com.tr\",\"publisher\":{\"@id\":\"https:\/\/cancan.com.tr\/#organization\"},\"potentialAction\":[{\"@type\":\"SearchAction\",\"target\":{\"@type\":\"EntryPoint\",\"urlTemplate\":\"https:\/\/cancan.com.tr\/?s={search_term_string}\"},\"query-input\":{\"@type\":\"PropertyValueSpecification\",\"valueRequired\":true,\"valueName\":\"search_term_string\"}}],\"inLanguage\":\"en-US\"},{\"@type\":\"Organization\",\"@id\":\"https:\/\/cancan.com.tr\/#organization\",\"name\":\"Cancan Meyve Presleri\",\"url\":\"https:\/\/cancan.com.tr\/\",\"logo\":{\"@type\":\"ImageObject\",\"inLanguage\":\"en-US\",\"@id\":\"https:\/\/cancan.com.tr\/#\/schema\/logo\/image\/\",\"url\":\"https:\/\/cancan.com.tr\/wp-content\/uploads\/2026\/03\/CancanLogo.png\",\"contentUrl\":\"https:\/\/cancan.com.tr\/wp-content\/uploads\/2026\/03\/CancanLogo.png\",\"width\":362,\"height\":67,\"caption\":\"Cancan Meyve Presleri\"},\"image\":{\"@id\":\"https:\/\/cancan.com.tr\/#\/schema\/logo\/image\/\"}}]}<\/script>\n<!-- \/ Yoast SEO plugin. -->","yoast_head_json":{"title":"[:en]1315 Fruit Cutter[:tr]1315 Meyve Dilimleme Makinesi[:] - Cancan Meyve Presleri","robots":{"index":"index","follow":"follow","max-snippet":"max-snippet:-1","max-image-preview":"max-image-preview:large","max-video-preview":"max-video-preview:-1"},"canonical":"https:\/\/cancan.com.tr\/en\/all-products\/fruit-cutter\/","og_locale":"en_US","og_type":"article","og_title":"[:en]1315 Fruit Cutter[:tr]1315 Meyve Dilimleme Makinesi[:] - Cancan Meyve Presleri","og_description":"[:en]1315 Fruit Cutter\u00a0 The Fruit Cutter provides time-saving practicality in the kitchen, swiftly and consistently slicing fruits into equal portions. It has become an indispensable tool in both household and industrial kitchens, offering exceptional convenience.    https:\/\/youtu.be\/L64MRXbiwM0?si=V2u72V92WhEoLrrR[:tr]1315 Meyve Dilimleme Makinesi Meyve Dilimleme Makinesi, meyveleri h\u0131zl\u0131, d\u00fczenli ve e\u015fit dilimler halinde kesmeyi sa\u011flayarak mutfakta zaman tasarrufu ve pratiklik sunar. Hem evde hem de end\u00fcstriyel mutfaklarda vazge\u00e7ilmez bir \u00fcr\u00fcn haline gelen meyve dilimleme makinesi, b\u00fcy\u00fck bir kolayl\u0131k sa\u011flar.    https:\/\/youtu.be\/L64MRXbiwM0?si=V2u72V92WhEoLrrR[:]","og_url":"https:\/\/cancan.com.tr\/en\/all-products\/fruit-cutter\/","og_site_name":"Cancan Meyve Presleri","article_modified_time":"2024-07-25T13:46:07+00:00","og_image":[{"width":675,"height":828,"url":"https:\/\/cancan.com.tr\/wp-content\/uploads\/2023\/09\/1315.jpg","type":"image\/jpeg"}],"twitter_card":"summary_large_image","twitter_misc":{"Est. reading time":"1 minute"},"schema":{"@context":"https:\/\/schema.org","@graph":[{"@type":"WebPage","@id":"https:\/\/cancan.com.tr\/en\/all-products\/fruit-cutter\/","url":"https:\/\/cancan.com.tr\/en\/all-products\/fruit-cutter\/","name":"[:en]1315 Fruit Cutter[:tr]1315 Meyve Dilimleme Makinesi[:] - Cancan Meyve Presleri","isPartOf":{"@id":"https:\/\/cancan.com.tr\/#website"},"primaryImageOfPage":{"@id":"https:\/\/cancan.com.tr\/en\/all-products\/fruit-cutter\/#primaryimage"},"image":{"@id":"https:\/\/cancan.com.tr\/en\/all-products\/fruit-cutter\/#primaryimage"},"thumbnailUrl":"https:\/\/cancan.com.tr\/wp-content\/uploads\/2023\/09\/1315.jpg","datePublished":"2023-09-18T11:51:17+00:00","dateModified":"2024-07-25T13:46:07+00:00","breadcrumb":{"@id":"https:\/\/cancan.com.tr\/en\/all-products\/fruit-cutter\/#breadcrumb"},"inLanguage":"en-US","potentialAction":[{"@type":"ReadAction","target":["https:\/\/cancan.com.tr\/en\/all-products\/fruit-cutter\/"]}]},{"@type":"ImageObject","inLanguage":"en-US","@id":"https:\/\/cancan.com.tr\/en\/all-products\/fruit-cutter\/#primaryimage","url":"https:\/\/cancan.com.tr\/wp-content\/uploads\/2023\/09\/1315.jpg","contentUrl":"https:\/\/cancan.com.tr\/wp-content\/uploads\/2023\/09\/1315.jpg","width":675,"height":828},{"@type":"BreadcrumbList","@id":"https:\/\/cancan.com.tr\/en\/all-products\/fruit-cutter\/#breadcrumb","itemListElement":[{"@type":"ListItem","position":1,"name":"Anasayfa","item":"https:\/\/cancan.com.tr\/"},{"@type":"ListItem","position":2,"name":"Products","item":"https:\/\/cancan.com.tr\/en\/products-2\/"},{"@type":"ListItem","position":3,"name":"1315 Fruit Cutter"}]},{"@type":"WebSite","@id":"https:\/\/cancan.com.tr\/#website","url":"https:\/\/cancan.com.tr\/","name":"Cancan Meyve Presleri","description":"www.cancan.com.tr","publisher":{"@id":"https:\/\/cancan.com.tr\/#organization"},"potentialAction":[{"@type":"SearchAction","target":{"@type":"EntryPoint","urlTemplate":"https:\/\/cancan.com.tr\/?s={search_term_string}"},"query-input":{"@type":"PropertyValueSpecification","valueRequired":true,"valueName":"search_term_string"}}],"inLanguage":"en-US"},{"@type":"Organization","@id":"https:\/\/cancan.com.tr\/#organization","name":"Cancan Meyve Presleri","url":"https:\/\/cancan.com.tr\/","logo":{"@type":"ImageObject","inLanguage":"en-US","@id":"https:\/\/cancan.com.tr\/#\/schema\/logo\/image\/","url":"https:\/\/cancan.com.tr\/wp-content\/uploads\/2026\/03\/CancanLogo.png","contentUrl":"https:\/\/cancan.com.tr\/wp-content\/uploads\/2026\/03\/CancanLogo.png","width":362,"height":67,"caption":"Cancan Meyve Presleri"},"image":{"@id":"https:\/\/cancan.com.tr\/#\/schema\/logo\/image\/"}}]}},"_links":{"self":[{"href":"https:\/\/cancan.com.tr\/en\/wp-json\/wp\/v2\/product\/6065","targetHints":{"allow":["GET"]}}],"collection":[{"href":"https:\/\/cancan.com.tr\/en\/wp-json\/wp\/v2\/product"}],"about":[{"href":"https:\/\/cancan.com.tr\/en\/wp-json\/wp\/v2\/types\/product"}],"replies":[{"embeddable":true,"href":"https:\/\/cancan.com.tr\/en\/wp-json\/wp\/v2\/comments?post=6065"}],"wp:featuredmedia":[{"embeddable":true,"href":"https:\/\/cancan.com.tr\/en\/wp-json\/wp\/v2\/media\/8188"}],"wp:attachment":[{"href":"https:\/\/cancan.com.tr\/en\/wp-json\/wp\/v2\/media?parent=6065"}],"wp:term":[{"taxonomy":"product_cat","embeddable":true,"href":"https:\/\/cancan.com.tr\/en\/wp-json\/wp\/v2\/product_cat?post=6065"},{"taxonomy":"product_tag","embeddable":true,"href":"https:\/\/cancan.com.tr\/en\/wp-json\/wp\/v2\/product_tag?post=6065"}],"curies":[{"name":"wp","href":"https:\/\/api.w.org\/{rel}","templated":true}]}}