{"id":6063,"date":"2023-09-18T14:33:03","date_gmt":"2023-09-18T11:33:03","guid":{"rendered":"https:\/\/mostdijital.com\/cancan\/?post_type=product&#038;p=6063"},"modified":"2026-03-02T16:23:14","modified_gmt":"2026-03-02T13:23:14","slug":"1313-peynir-dilimleme-makinesi","status":"publish","type":"product","link":"https:\/\/cancan.com.tr\/en\/all-products\/cheese-slicer\/","title":{"rendered":"1313 Cheese Slicer"},"content":{"rendered":"<p><\/p>\n<h2><span style=\"color: #fa0014;\">1313 Cheese Slicer<\/span><\/h2>\n<p>The Cheese Slicer, suitable for industrial kitchens like those in hotels, restaurants, and cafes, facilitates effortless cutting of various cheese types and eggs, ensuring they remain intact. Its ergonomic design adds to its functionality, making it easy to use.<\/p>\n<hr \/>\n<h4>All Stainless Steel<\/h4>\n<p>The entire cheese slicer is made of stainless steel material in accordance with food standards.<\/p>\n<hr \/>\n<h4>Three Different Thicknesses<\/h4>\n<p>The slice sizes of the wires suitable for food contact have three different options as 5 mm, 7 mm and 10 mm according to the desired thickness.<\/p>\n<hr \/>\n<h4>Easy Cleaning<\/h4>\n<p>The slicing cassette and table can be easily disassembled and cleaned.<\/p>\n<hr \/>\n<h4>Special Suction Cup Feet<\/h4>\n<p>Specially designed non-slip suction cup feet prevent the product from shaking and keep the machine securely fixed.<\/p>","protected":false},"excerpt":{"rendered":"<h2><span style=\"color: #fa0014;\">1313 Cheese Slicer<\/span><\/h2>\n<p>The Cheese Slicer, suitable for industrial kitchens like those in hotels, restaurants, and cafes, facilitates effortless cutting of various cheese types and eggs, ensuring they remain intact. Its ergonomic design adds to its functionality, making it easy to use.<\/p>\n<p><img loading=\"lazy\" decoding=\"async\" class=\"alignnone wp-image-8554\" src=\"https:\/\/cancan.com.tr\/wp-content\/uploads\/2023\/09\/ing-hazirlik-300x94.png\" alt=\"\" width=\"275\" height=\"86\" srcset=\"https:\/\/cancan.com.tr\/wp-content\/uploads\/2023\/09\/ing-hazirlik-300x94.png 300w, https:\/\/cancan.com.tr\/wp-content\/uploads\/2023\/09\/ing-hazirlik-600x188.png 600w, https:\/\/cancan.com.tr\/wp-content\/uploads\/2023\/09\/ing-hazirlik.png 752w\" sizes=\"auto, (max-width: 275px) 100vw, 275px\" \/><\/p>\n<p>https:\/\/youtu.be\/WrWEX0yofbc?si=4xgP6J-lWKDIDDd0<\/p>\n","protected":false},"featured_media":11793,"comment_status":"closed","ping_status":"closed","template":"","meta":[],"product_cat":[15,171,195],"product_tag":[190,222,219,189,218,183],"class_list":["post-6063","product","type-product","status-publish","has-post-thumbnail","hentry","product_cat-tum-urunler","product_cat-hazirlik-ekipmanlari","product_cat-kesici-ve-dilimleyiciler","product_tag-kafe","product_tag-kesiciler-hazirlik","product_tag-manuel-hazirlik","product_tag-otel","product_tag-paslanmaz","product_tag-restoranlar"],"acf":[],"yoast_head":"<!-- This site is optimized with the Yoast SEO plugin v27.0 - https:\/\/yoast.com\/product\/yoast-seo-wordpress\/ -->\n<title>1313 Cheese Slicer - Cancan Meyve Presleri<\/title>\n<meta name=\"robots\" content=\"index, follow, max-snippet:-1, max-image-preview:large, max-video-preview:-1\" \/>\n<link rel=\"canonical\" href=\"https:\/\/cancan.com.tr\/tum-urunler\/peynir-dilimleme-makinesi\/\" \/>\n<meta property=\"og:locale\" content=\"en_US\" \/>\n<meta property=\"og:type\" content=\"article\" \/>\n<meta property=\"og:title\" content=\"[:tr]1313 Peynir Dilimleme Makinesi[:en]1313 Cheese Slicer[:] - Cancan Meyve Presleri\" \/>\n<meta property=\"og:description\" content=\"[:tr]1313 Peynir Dilimleme Makinesi Otel, restoran ve kafe gibi end\u00fcstriyel mutfaklarda kullan\u0131labilen peynir dilimleme makinesi, peynir \u00e7e\u015fitlerini ve yumurtay\u0131 par\u00e7alamadan zahmetsizce kesim sa\u011flar. Ergonomik tasar\u0131m\u0131 ile i\u015flevsel kullan\u0131ma sahiptir.\u00a0    https:\/\/youtu.be\/WrWEX0yofbc?si=4xgP6J-lWKDIDDd0[:en]1313 Cheese Slicer The Cheese Slicer, suitable for industrial kitchens like those in hotels, restaurants, and cafes, facilitates effortless cutting of various cheese types and eggs, ensuring they remain intact. Its ergonomic design adds to its functionality, making it easy to use.    https:\/\/youtu.be\/WrWEX0yofbc?si=4xgP6J-lWKDIDDd0[:]\" \/>\n<meta property=\"og:url\" content=\"https:\/\/cancan.com.tr\/tum-urunler\/peynir-dilimleme-makinesi\/\" \/>\n<meta property=\"og:site_name\" content=\"Cancan Meyve Presleri\" \/>\n<meta property=\"article:modified_time\" content=\"2026-03-02T13:23:14+00:00\" \/>\n<meta property=\"og:image\" content=\"https:\/\/cancan.com.tr\/wp-content\/uploads\/2023\/09\/Cheese-Slicer.png\" \/>\n\t<meta property=\"og:image:width\" content=\"2000\" \/>\n\t<meta property=\"og:image:height\" content=\"1611\" \/>\n\t<meta property=\"og:image:type\" content=\"image\/png\" \/>\n<meta name=\"twitter:card\" content=\"summary_large_image\" \/>\n<meta name=\"twitter:label1\" content=\"Est. reading time\" \/>\n\t<meta name=\"twitter:data1\" content=\"1 minute\" \/>\n<script type=\"application\/ld+json\" class=\"yoast-schema-graph\">{\"@context\":\"https:\/\/schema.org\",\"@graph\":[{\"@type\":\"WebPage\",\"@id\":\"https:\/\/cancan.com.tr\/tum-urunler\/peynir-dilimleme-makinesi\/\",\"url\":\"https:\/\/cancan.com.tr\/tum-urunler\/peynir-dilimleme-makinesi\/\",\"name\":\"[:tr]1313 Peynir Dilimleme Makinesi[:en]1313 Cheese Slicer[:] - Cancan Meyve Presleri\",\"isPartOf\":{\"@id\":\"https:\/\/cancan.com.tr\/#website\"},\"primaryImageOfPage\":{\"@id\":\"https:\/\/cancan.com.tr\/tum-urunler\/peynir-dilimleme-makinesi\/#primaryimage\"},\"image\":{\"@id\":\"https:\/\/cancan.com.tr\/tum-urunler\/peynir-dilimleme-makinesi\/#primaryimage\"},\"thumbnailUrl\":\"https:\/\/cancan.com.tr\/wp-content\/uploads\/2023\/09\/Cheese-Slicer.png\",\"datePublished\":\"2023-09-18T11:33:03+00:00\",\"dateModified\":\"2026-03-02T13:23:14+00:00\",\"breadcrumb\":{\"@id\":\"https:\/\/cancan.com.tr\/tum-urunler\/peynir-dilimleme-makinesi\/#breadcrumb\"},\"inLanguage\":\"en-US\",\"potentialAction\":[{\"@type\":\"ReadAction\",\"target\":[\"https:\/\/cancan.com.tr\/tum-urunler\/peynir-dilimleme-makinesi\/\"]}]},{\"@type\":\"ImageObject\",\"inLanguage\":\"en-US\",\"@id\":\"https:\/\/cancan.com.tr\/tum-urunler\/peynir-dilimleme-makinesi\/#primaryimage\",\"url\":\"https:\/\/cancan.com.tr\/wp-content\/uploads\/2023\/09\/Cheese-Slicer.png\",\"contentUrl\":\"https:\/\/cancan.com.tr\/wp-content\/uploads\/2023\/09\/Cheese-Slicer.png\",\"width\":2000,\"height\":1611},{\"@type\":\"BreadcrumbList\",\"@id\":\"https:\/\/cancan.com.tr\/tum-urunler\/peynir-dilimleme-makinesi\/#breadcrumb\",\"itemListElement\":[{\"@type\":\"ListItem\",\"position\":1,\"name\":\"Anasayfa\",\"item\":\"https:\/\/cancan.com.tr\/\"},{\"@type\":\"ListItem\",\"position\":2,\"name\":\"Products\",\"item\":\"https:\/\/cancan.com.tr\/en\/products-2\/\"},{\"@type\":\"ListItem\",\"position\":3,\"name\":\"1313 Peynir Dilimleme Makinesi\"}]},{\"@type\":\"WebSite\",\"@id\":\"https:\/\/cancan.com.tr\/#website\",\"url\":\"https:\/\/cancan.com.tr\/\",\"name\":\"Cancan Meyve Presleri\",\"description\":\"www.cancan.com.tr\",\"publisher\":{\"@id\":\"https:\/\/cancan.com.tr\/#organization\"},\"potentialAction\":[{\"@type\":\"SearchAction\",\"target\":{\"@type\":\"EntryPoint\",\"urlTemplate\":\"https:\/\/cancan.com.tr\/?s={search_term_string}\"},\"query-input\":{\"@type\":\"PropertyValueSpecification\",\"valueRequired\":true,\"valueName\":\"search_term_string\"}}],\"inLanguage\":\"en-US\"},{\"@type\":\"Organization\",\"@id\":\"https:\/\/cancan.com.tr\/#organization\",\"name\":\"Cancan Meyve Presleri\",\"url\":\"https:\/\/cancan.com.tr\/\",\"logo\":{\"@type\":\"ImageObject\",\"inLanguage\":\"en-US\",\"@id\":\"https:\/\/cancan.com.tr\/#\/schema\/logo\/image\/\",\"url\":\"https:\/\/cancan.com.tr\/wp-content\/uploads\/2026\/03\/CancanLogo.png\",\"contentUrl\":\"https:\/\/cancan.com.tr\/wp-content\/uploads\/2026\/03\/CancanLogo.png\",\"width\":362,\"height\":67,\"caption\":\"Cancan Meyve Presleri\"},\"image\":{\"@id\":\"https:\/\/cancan.com.tr\/#\/schema\/logo\/image\/\"}}]}<\/script>\n<!-- \/ Yoast SEO plugin. -->","yoast_head_json":{"title":"[:tr]1313 Peynir Dilimleme Makinesi[:en]1313 Cheese Slicer[:] - Cancan Meyve Presleri","robots":{"index":"index","follow":"follow","max-snippet":"max-snippet:-1","max-image-preview":"max-image-preview:large","max-video-preview":"max-video-preview:-1"},"canonical":"https:\/\/cancan.com.tr\/tum-urunler\/peynir-dilimleme-makinesi\/","og_locale":"en_US","og_type":"article","og_title":"[:tr]1313 Peynir Dilimleme Makinesi[:en]1313 Cheese Slicer[:] - Cancan Meyve Presleri","og_description":"[:tr]1313 Peynir Dilimleme Makinesi Otel, restoran ve kafe gibi end\u00fcstriyel mutfaklarda kullan\u0131labilen peynir dilimleme makinesi, peynir \u00e7e\u015fitlerini ve yumurtay\u0131 par\u00e7alamadan zahmetsizce kesim sa\u011flar. Ergonomik tasar\u0131m\u0131 ile i\u015flevsel kullan\u0131ma sahiptir.\u00a0    https:\/\/youtu.be\/WrWEX0yofbc?si=4xgP6J-lWKDIDDd0[:en]1313 Cheese Slicer The Cheese Slicer, suitable for industrial kitchens like those in hotels, restaurants, and cafes, facilitates effortless cutting of various cheese types and eggs, ensuring they remain intact. Its ergonomic design adds to its functionality, making it easy to use.    https:\/\/youtu.be\/WrWEX0yofbc?si=4xgP6J-lWKDIDDd0[:]","og_url":"https:\/\/cancan.com.tr\/tum-urunler\/peynir-dilimleme-makinesi\/","og_site_name":"Cancan Meyve Presleri","article_modified_time":"2026-03-02T13:23:14+00:00","og_image":[{"width":2000,"height":1611,"url":"https:\/\/cancan.com.tr\/wp-content\/uploads\/2023\/09\/Cheese-Slicer.png","type":"image\/png"}],"twitter_card":"summary_large_image","twitter_misc":{"Est. reading time":"1 minute"},"schema":{"@context":"https:\/\/schema.org","@graph":[{"@type":"WebPage","@id":"https:\/\/cancan.com.tr\/tum-urunler\/peynir-dilimleme-makinesi\/","url":"https:\/\/cancan.com.tr\/tum-urunler\/peynir-dilimleme-makinesi\/","name":"[:tr]1313 Peynir Dilimleme Makinesi[:en]1313 Cheese Slicer[:] - Cancan Meyve Presleri","isPartOf":{"@id":"https:\/\/cancan.com.tr\/#website"},"primaryImageOfPage":{"@id":"https:\/\/cancan.com.tr\/tum-urunler\/peynir-dilimleme-makinesi\/#primaryimage"},"image":{"@id":"https:\/\/cancan.com.tr\/tum-urunler\/peynir-dilimleme-makinesi\/#primaryimage"},"thumbnailUrl":"https:\/\/cancan.com.tr\/wp-content\/uploads\/2023\/09\/Cheese-Slicer.png","datePublished":"2023-09-18T11:33:03+00:00","dateModified":"2026-03-02T13:23:14+00:00","breadcrumb":{"@id":"https:\/\/cancan.com.tr\/tum-urunler\/peynir-dilimleme-makinesi\/#breadcrumb"},"inLanguage":"en-US","potentialAction":[{"@type":"ReadAction","target":["https:\/\/cancan.com.tr\/tum-urunler\/peynir-dilimleme-makinesi\/"]}]},{"@type":"ImageObject","inLanguage":"en-US","@id":"https:\/\/cancan.com.tr\/tum-urunler\/peynir-dilimleme-makinesi\/#primaryimage","url":"https:\/\/cancan.com.tr\/wp-content\/uploads\/2023\/09\/Cheese-Slicer.png","contentUrl":"https:\/\/cancan.com.tr\/wp-content\/uploads\/2023\/09\/Cheese-Slicer.png","width":2000,"height":1611},{"@type":"BreadcrumbList","@id":"https:\/\/cancan.com.tr\/tum-urunler\/peynir-dilimleme-makinesi\/#breadcrumb","itemListElement":[{"@type":"ListItem","position":1,"name":"Anasayfa","item":"https:\/\/cancan.com.tr\/"},{"@type":"ListItem","position":2,"name":"Products","item":"https:\/\/cancan.com.tr\/en\/products-2\/"},{"@type":"ListItem","position":3,"name":"1313 Peynir Dilimleme Makinesi"}]},{"@type":"WebSite","@id":"https:\/\/cancan.com.tr\/#website","url":"https:\/\/cancan.com.tr\/","name":"Cancan Meyve Presleri","description":"www.cancan.com.tr","publisher":{"@id":"https:\/\/cancan.com.tr\/#organization"},"potentialAction":[{"@type":"SearchAction","target":{"@type":"EntryPoint","urlTemplate":"https:\/\/cancan.com.tr\/?s={search_term_string}"},"query-input":{"@type":"PropertyValueSpecification","valueRequired":true,"valueName":"search_term_string"}}],"inLanguage":"en-US"},{"@type":"Organization","@id":"https:\/\/cancan.com.tr\/#organization","name":"Cancan Meyve Presleri","url":"https:\/\/cancan.com.tr\/","logo":{"@type":"ImageObject","inLanguage":"en-US","@id":"https:\/\/cancan.com.tr\/#\/schema\/logo\/image\/","url":"https:\/\/cancan.com.tr\/wp-content\/uploads\/2026\/03\/CancanLogo.png","contentUrl":"https:\/\/cancan.com.tr\/wp-content\/uploads\/2026\/03\/CancanLogo.png","width":362,"height":67,"caption":"Cancan Meyve Presleri"},"image":{"@id":"https:\/\/cancan.com.tr\/#\/schema\/logo\/image\/"}}]}},"_links":{"self":[{"href":"https:\/\/cancan.com.tr\/en\/wp-json\/wp\/v2\/product\/6063","targetHints":{"allow":["GET"]}}],"collection":[{"href":"https:\/\/cancan.com.tr\/en\/wp-json\/wp\/v2\/product"}],"about":[{"href":"https:\/\/cancan.com.tr\/en\/wp-json\/wp\/v2\/types\/product"}],"replies":[{"embeddable":true,"href":"https:\/\/cancan.com.tr\/en\/wp-json\/wp\/v2\/comments?post=6063"}],"wp:featuredmedia":[{"embeddable":true,"href":"https:\/\/cancan.com.tr\/en\/wp-json\/wp\/v2\/media\/11793"}],"wp:attachment":[{"href":"https:\/\/cancan.com.tr\/en\/wp-json\/wp\/v2\/media?parent=6063"}],"wp:term":[{"taxonomy":"product_cat","embeddable":true,"href":"https:\/\/cancan.com.tr\/en\/wp-json\/wp\/v2\/product_cat?post=6063"},{"taxonomy":"product_tag","embeddable":true,"href":"https:\/\/cancan.com.tr\/en\/wp-json\/wp\/v2\/product_tag?post=6063"}],"curies":[{"name":"wp","href":"https:\/\/api.w.org\/{rel}","templated":true}]}}