{"id":6061,"date":"2023-09-18T14:22:21","date_gmt":"2023-09-18T11:22:21","guid":{"rendered":"https:\/\/mostdijital.com\/cancan\/?post_type=product&#038;p=6061"},"modified":"2024-03-21T15:22:54","modified_gmt":"2024-03-21T12:22:54","slug":"1310-pnomatik-karpuz-kesme-makinesi","status":"publish","type":"product","link":"https:\/\/cancan.com.tr\/en\/all-products\/pneumatic-watermelon-cutter\/","title":{"rendered":"1310 Pneumatic Watermelon Cutter"},"content":{"rendered":"<p><\/p>\n<h2><span style=\"color: #fa0014;\">1310 Pneumatic Watermelon Cutter<\/span><\/h2>\n<p>The Pneumatic Watermelon Cutter performs precise and easy slicing, using air pressure to effortlessly slice watermelons with varying blade sizes, ensuring smooth slices.<\/p>\n<hr \/>\n<h4>All Stainless Steel<\/h4>\n<p>The pneumatic watermelon slicer is made of stainless steel material. The stainless steel surface ensures long-lasting use as well as ease of cleaning and maintenance.<\/p>\n<hr \/>\n<h4>Safety Double Button<\/h4>\n<p>Designed with user safety in mind, this machine operates with a safe double button feature. This prevents work accidents during the slicing process. It is safe to use and user friendly.<\/p>\n<hr \/>\n<h4>Two Different Blade Cutting (Cube, Circular)<\/h4>\n<p>Two different blade options allow you to make different cuts with the same machine. Both cutting options allow you to achieve extremely precise and organized results.<\/p>\n<hr \/>\n<h4>Stainless Steel Blades<\/h4>\n<p>Cube; 30mm x 30mm<\/p>\n<p>In circular cutting; 30mm.<\/p>\n<hr \/>\n<h4>Ease of Use<\/h4>\n<p>Ergonomic design prioritizes operator comfort.<\/p>\n<hr \/>\n<h4>Washable Parts<\/h4>\n<p>The machine washable parts speed up the cleaning process.<\/p>","protected":false},"excerpt":{"rendered":"<h2><span style=\"color: #fa0014;\">1310 Pneumatic Watermelon Cutter<\/span><\/h2>\n<p>The Pneumatic Watermelon Cutter performs precise and easy slicing, using air pressure to effortlessly slice watermelons with varying blade sizes, ensuring smooth slices.<\/p>\n<p><img loading=\"lazy\" decoding=\"async\" class=\"alignnone wp-image-8554\" src=\"https:\/\/cancan.com.tr\/wp-content\/uploads\/2023\/09\/ing-hazirlik-300x94.png\" alt=\"\" width=\"275\" height=\"86\" srcset=\"https:\/\/cancan.com.tr\/wp-content\/uploads\/2023\/09\/ing-hazirlik-300x94.png 300w, https:\/\/cancan.com.tr\/wp-content\/uploads\/2023\/09\/ing-hazirlik-600x188.png 600w, https:\/\/cancan.com.tr\/wp-content\/uploads\/2023\/09\/ing-hazirlik.png 752w\" sizes=\"auto, (max-width: 275px) 100vw, 275px\" \/><\/p>\n<p>https:\/\/youtu.be\/z-clpa9PBWo?si=KCJ1jy7TF_whBGKC<\/p>\n","protected":false},"featured_media":8228,"comment_status":"closed","ping_status":"closed","template":"","meta":[],"product_cat":[15,171,195],"product_tag":[222,189,218,220,183],"class_list":["post-6061","product","type-product","status-publish","has-post-thumbnail","hentry","product_cat-tum-urunler","product_cat-hazirlik-ekipmanlari","product_cat-kesici-ve-dilimleyiciler","product_tag-kesiciler-hazirlik","product_tag-otel","product_tag-paslanmaz","product_tag-elektrikli-hazirlik","product_tag-restoranlar"],"acf":[],"yoast_head":"<!-- This site is optimized with the Yoast SEO plugin v27.0 - https:\/\/yoast.com\/product\/yoast-seo-wordpress\/ -->\n<title>1310 Pneumatic Watermelon Cutter - Cancan Meyve Presleri<\/title>\n<meta name=\"robots\" content=\"index, follow, max-snippet:-1, max-image-preview:large, max-video-preview:-1\" \/>\n<link rel=\"canonical\" href=\"https:\/\/cancan.com.tr\/tum-urunler\/pnomatik-karpuz-kesme-makinesi\/\" \/>\n<meta property=\"og:locale\" content=\"en_US\" \/>\n<meta property=\"og:type\" content=\"article\" \/>\n<meta property=\"og:title\" content=\"[:en]1310 Pneumatic Watermelon Cutter[:tr]1310 Pn\u00f6matik Karpuz Kesme Makinesi[:] - Cancan Meyve Presleri\" \/>\n<meta property=\"og:description\" content=\"[:en]1310 Pneumatic Watermelon Cutter The Pneumatic Watermelon Cutter performs precise and easy slicing, using air pressure to effortlessly slice watermelons with varying blade sizes, ensuring smooth slices.    https:\/\/youtu.be\/z-clpa9PBWo?si=KCJ1jy7TF_whBGKC[:tr]1310 Pn\u00f6matik Karpuz Kesme Makinesi Pn\u00f6matik karpuz kesme makinesi, hassas ve kolay bir \u015fekilde dilimleme i\u015flemini ger\u00e7ekle\u015ftirir. \u00c7e\u015fitli boyutlardaki karpuzlar\u0131 zahmetsizce dilimlemek i\u00e7in hava bas\u0131nc\u0131n\u0131 kullanan pn\u00f6matik karpuz dilimleme makinesi,\u00a0 d\u00fczg\u00fcn dilimler elde edilmesine olanak sa\u011flar.    https:\/\/youtu.be\/z-clpa9PBWo?si=KCJ1jy7TF_whBGKC[:]\" \/>\n<meta property=\"og:url\" content=\"https:\/\/cancan.com.tr\/tum-urunler\/pnomatik-karpuz-kesme-makinesi\/\" \/>\n<meta property=\"og:site_name\" content=\"Cancan Meyve Presleri\" \/>\n<meta property=\"article:modified_time\" content=\"2024-03-21T12:22:54+00:00\" \/>\n<meta property=\"og:image\" content=\"https:\/\/cancan.com.tr\/wp-content\/uploads\/2023\/09\/1310.jpg\" \/>\n\t<meta property=\"og:image:width\" content=\"675\" \/>\n\t<meta property=\"og:image:height\" content=\"828\" \/>\n\t<meta property=\"og:image:type\" content=\"image\/jpeg\" \/>\n<meta name=\"twitter:card\" content=\"summary_large_image\" \/>\n<meta name=\"twitter:label1\" content=\"Est. reading time\" \/>\n\t<meta name=\"twitter:data1\" content=\"2 minutes\" \/>\n<script type=\"application\/ld+json\" class=\"yoast-schema-graph\">{\"@context\":\"https:\/\/schema.org\",\"@graph\":[{\"@type\":\"WebPage\",\"@id\":\"https:\/\/cancan.com.tr\/tum-urunler\/pnomatik-karpuz-kesme-makinesi\/\",\"url\":\"https:\/\/cancan.com.tr\/tum-urunler\/pnomatik-karpuz-kesme-makinesi\/\",\"name\":\"[:en]1310 Pneumatic Watermelon Cutter[:tr]1310 Pn\u00f6matik Karpuz Kesme Makinesi[:] - Cancan Meyve Presleri\",\"isPartOf\":{\"@id\":\"https:\/\/cancan.com.tr\/#website\"},\"primaryImageOfPage\":{\"@id\":\"https:\/\/cancan.com.tr\/tum-urunler\/pnomatik-karpuz-kesme-makinesi\/#primaryimage\"},\"image\":{\"@id\":\"https:\/\/cancan.com.tr\/tum-urunler\/pnomatik-karpuz-kesme-makinesi\/#primaryimage\"},\"thumbnailUrl\":\"https:\/\/cancan.com.tr\/wp-content\/uploads\/2023\/09\/1310.jpg\",\"datePublished\":\"2023-09-18T11:22:21+00:00\",\"dateModified\":\"2024-03-21T12:22:54+00:00\",\"breadcrumb\":{\"@id\":\"https:\/\/cancan.com.tr\/tum-urunler\/pnomatik-karpuz-kesme-makinesi\/#breadcrumb\"},\"inLanguage\":\"en-US\",\"potentialAction\":[{\"@type\":\"ReadAction\",\"target\":[\"https:\/\/cancan.com.tr\/tum-urunler\/pnomatik-karpuz-kesme-makinesi\/\"]}]},{\"@type\":\"ImageObject\",\"inLanguage\":\"en-US\",\"@id\":\"https:\/\/cancan.com.tr\/tum-urunler\/pnomatik-karpuz-kesme-makinesi\/#primaryimage\",\"url\":\"https:\/\/cancan.com.tr\/wp-content\/uploads\/2023\/09\/1310.jpg\",\"contentUrl\":\"https:\/\/cancan.com.tr\/wp-content\/uploads\/2023\/09\/1310.jpg\",\"width\":675,\"height\":828},{\"@type\":\"BreadcrumbList\",\"@id\":\"https:\/\/cancan.com.tr\/tum-urunler\/pnomatik-karpuz-kesme-makinesi\/#breadcrumb\",\"itemListElement\":[{\"@type\":\"ListItem\",\"position\":1,\"name\":\"Anasayfa\",\"item\":\"https:\/\/cancan.com.tr\/\"},{\"@type\":\"ListItem\",\"position\":2,\"name\":\"Products\",\"item\":\"https:\/\/cancan.com.tr\/en\/products-2\/\"},{\"@type\":\"ListItem\",\"position\":3,\"name\":\"1310 Pn\u00f6matik Karpuz Kesme Makinesi\"}]},{\"@type\":\"WebSite\",\"@id\":\"https:\/\/cancan.com.tr\/#website\",\"url\":\"https:\/\/cancan.com.tr\/\",\"name\":\"Cancan Meyve Presleri\",\"description\":\"www.cancan.com.tr\",\"publisher\":{\"@id\":\"https:\/\/cancan.com.tr\/#organization\"},\"potentialAction\":[{\"@type\":\"SearchAction\",\"target\":{\"@type\":\"EntryPoint\",\"urlTemplate\":\"https:\/\/cancan.com.tr\/?s={search_term_string}\"},\"query-input\":{\"@type\":\"PropertyValueSpecification\",\"valueRequired\":true,\"valueName\":\"search_term_string\"}}],\"inLanguage\":\"en-US\"},{\"@type\":\"Organization\",\"@id\":\"https:\/\/cancan.com.tr\/#organization\",\"name\":\"Cancan Meyve Presleri\",\"url\":\"https:\/\/cancan.com.tr\/\",\"logo\":{\"@type\":\"ImageObject\",\"inLanguage\":\"en-US\",\"@id\":\"https:\/\/cancan.com.tr\/#\/schema\/logo\/image\/\",\"url\":\"https:\/\/cancan.com.tr\/wp-content\/uploads\/2026\/03\/CancanLogo.png\",\"contentUrl\":\"https:\/\/cancan.com.tr\/wp-content\/uploads\/2026\/03\/CancanLogo.png\",\"width\":362,\"height\":67,\"caption\":\"Cancan Meyve Presleri\"},\"image\":{\"@id\":\"https:\/\/cancan.com.tr\/#\/schema\/logo\/image\/\"}}]}<\/script>\n<!-- \/ Yoast SEO plugin. -->","yoast_head_json":{"title":"[:en]1310 Pneumatic Watermelon Cutter[:tr]1310 Pn\u00f6matik Karpuz Kesme Makinesi[:] - Cancan Meyve Presleri","robots":{"index":"index","follow":"follow","max-snippet":"max-snippet:-1","max-image-preview":"max-image-preview:large","max-video-preview":"max-video-preview:-1"},"canonical":"https:\/\/cancan.com.tr\/tum-urunler\/pnomatik-karpuz-kesme-makinesi\/","og_locale":"en_US","og_type":"article","og_title":"[:en]1310 Pneumatic Watermelon Cutter[:tr]1310 Pn\u00f6matik Karpuz Kesme Makinesi[:] - Cancan Meyve Presleri","og_description":"[:en]1310 Pneumatic Watermelon Cutter The Pneumatic Watermelon Cutter performs precise and easy slicing, using air pressure to effortlessly slice watermelons with varying blade sizes, ensuring smooth slices.    https:\/\/youtu.be\/z-clpa9PBWo?si=KCJ1jy7TF_whBGKC[:tr]1310 Pn\u00f6matik Karpuz Kesme Makinesi Pn\u00f6matik karpuz kesme makinesi, hassas ve kolay bir \u015fekilde dilimleme i\u015flemini ger\u00e7ekle\u015ftirir. \u00c7e\u015fitli boyutlardaki karpuzlar\u0131 zahmetsizce dilimlemek i\u00e7in hava bas\u0131nc\u0131n\u0131 kullanan pn\u00f6matik karpuz dilimleme makinesi,\u00a0 d\u00fczg\u00fcn dilimler elde edilmesine olanak sa\u011flar.    https:\/\/youtu.be\/z-clpa9PBWo?si=KCJ1jy7TF_whBGKC[:]","og_url":"https:\/\/cancan.com.tr\/tum-urunler\/pnomatik-karpuz-kesme-makinesi\/","og_site_name":"Cancan Meyve Presleri","article_modified_time":"2024-03-21T12:22:54+00:00","og_image":[{"width":675,"height":828,"url":"https:\/\/cancan.com.tr\/wp-content\/uploads\/2023\/09\/1310.jpg","type":"image\/jpeg"}],"twitter_card":"summary_large_image","twitter_misc":{"Est. reading time":"2 minutes"},"schema":{"@context":"https:\/\/schema.org","@graph":[{"@type":"WebPage","@id":"https:\/\/cancan.com.tr\/tum-urunler\/pnomatik-karpuz-kesme-makinesi\/","url":"https:\/\/cancan.com.tr\/tum-urunler\/pnomatik-karpuz-kesme-makinesi\/","name":"[:en]1310 Pneumatic Watermelon Cutter[:tr]1310 Pn\u00f6matik Karpuz Kesme Makinesi[:] - Cancan Meyve Presleri","isPartOf":{"@id":"https:\/\/cancan.com.tr\/#website"},"primaryImageOfPage":{"@id":"https:\/\/cancan.com.tr\/tum-urunler\/pnomatik-karpuz-kesme-makinesi\/#primaryimage"},"image":{"@id":"https:\/\/cancan.com.tr\/tum-urunler\/pnomatik-karpuz-kesme-makinesi\/#primaryimage"},"thumbnailUrl":"https:\/\/cancan.com.tr\/wp-content\/uploads\/2023\/09\/1310.jpg","datePublished":"2023-09-18T11:22:21+00:00","dateModified":"2024-03-21T12:22:54+00:00","breadcrumb":{"@id":"https:\/\/cancan.com.tr\/tum-urunler\/pnomatik-karpuz-kesme-makinesi\/#breadcrumb"},"inLanguage":"en-US","potentialAction":[{"@type":"ReadAction","target":["https:\/\/cancan.com.tr\/tum-urunler\/pnomatik-karpuz-kesme-makinesi\/"]}]},{"@type":"ImageObject","inLanguage":"en-US","@id":"https:\/\/cancan.com.tr\/tum-urunler\/pnomatik-karpuz-kesme-makinesi\/#primaryimage","url":"https:\/\/cancan.com.tr\/wp-content\/uploads\/2023\/09\/1310.jpg","contentUrl":"https:\/\/cancan.com.tr\/wp-content\/uploads\/2023\/09\/1310.jpg","width":675,"height":828},{"@type":"BreadcrumbList","@id":"https:\/\/cancan.com.tr\/tum-urunler\/pnomatik-karpuz-kesme-makinesi\/#breadcrumb","itemListElement":[{"@type":"ListItem","position":1,"name":"Anasayfa","item":"https:\/\/cancan.com.tr\/"},{"@type":"ListItem","position":2,"name":"Products","item":"https:\/\/cancan.com.tr\/en\/products-2\/"},{"@type":"ListItem","position":3,"name":"1310 Pn\u00f6matik Karpuz Kesme Makinesi"}]},{"@type":"WebSite","@id":"https:\/\/cancan.com.tr\/#website","url":"https:\/\/cancan.com.tr\/","name":"Cancan Meyve Presleri","description":"www.cancan.com.tr","publisher":{"@id":"https:\/\/cancan.com.tr\/#organization"},"potentialAction":[{"@type":"SearchAction","target":{"@type":"EntryPoint","urlTemplate":"https:\/\/cancan.com.tr\/?s={search_term_string}"},"query-input":{"@type":"PropertyValueSpecification","valueRequired":true,"valueName":"search_term_string"}}],"inLanguage":"en-US"},{"@type":"Organization","@id":"https:\/\/cancan.com.tr\/#organization","name":"Cancan Meyve Presleri","url":"https:\/\/cancan.com.tr\/","logo":{"@type":"ImageObject","inLanguage":"en-US","@id":"https:\/\/cancan.com.tr\/#\/schema\/logo\/image\/","url":"https:\/\/cancan.com.tr\/wp-content\/uploads\/2026\/03\/CancanLogo.png","contentUrl":"https:\/\/cancan.com.tr\/wp-content\/uploads\/2026\/03\/CancanLogo.png","width":362,"height":67,"caption":"Cancan Meyve Presleri"},"image":{"@id":"https:\/\/cancan.com.tr\/#\/schema\/logo\/image\/"}}]}},"_links":{"self":[{"href":"https:\/\/cancan.com.tr\/en\/wp-json\/wp\/v2\/product\/6061","targetHints":{"allow":["GET"]}}],"collection":[{"href":"https:\/\/cancan.com.tr\/en\/wp-json\/wp\/v2\/product"}],"about":[{"href":"https:\/\/cancan.com.tr\/en\/wp-json\/wp\/v2\/types\/product"}],"replies":[{"embeddable":true,"href":"https:\/\/cancan.com.tr\/en\/wp-json\/wp\/v2\/comments?post=6061"}],"wp:featuredmedia":[{"embeddable":true,"href":"https:\/\/cancan.com.tr\/en\/wp-json\/wp\/v2\/media\/8228"}],"wp:attachment":[{"href":"https:\/\/cancan.com.tr\/en\/wp-json\/wp\/v2\/media?parent=6061"}],"wp:term":[{"taxonomy":"product_cat","embeddable":true,"href":"https:\/\/cancan.com.tr\/en\/wp-json\/wp\/v2\/product_cat?post=6061"},{"taxonomy":"product_tag","embeddable":true,"href":"https:\/\/cancan.com.tr\/en\/wp-json\/wp\/v2\/product_tag?post=6061"}],"curies":[{"name":"wp","href":"https:\/\/api.w.org\/{rel}","templated":true}]}}