{"id":6057,"date":"2023-09-18T14:00:47","date_gmt":"2023-09-18T11:00:47","guid":{"rendered":"https:\/\/mostdijital.com\/cancan\/?post_type=product&#038;p=6057"},"modified":"2026-03-02T16:17:55","modified_gmt":"2026-03-02T13:17:55","slug":"1308-mini-domates-dilimleme-makinesi","status":"publish","type":"product","link":"https:\/\/cancan.com.tr\/en\/all-products\/small-size-tomato-slicer\/","title":{"rendered":"1308 Small Size Tomato Slicer"},"content":{"rendered":"<p><\/p>\n<h2><span style=\"color: #fa0014;\">1308 Small Size Tomato Slicer<\/span><\/h2>\n<p>Small Size Tomato Slicer is used in industrial kitchens such as hotels, cafes and restaurants. Its sharp, serrated blades<br \/>\ndelicately slice tomatoes, preserving their taste without causing any breakage. Moreover, its ergonomic design allows for maximum effi ciency in compact kitchen spaces.<\/p>\n<hr \/>\n<h4>Sharp Knives<\/h4>\n<p>The standard cutting thickness of the slicer is 5mm, 7mm and 10mm.<\/p>\n<p><img loading=\"lazy\" decoding=\"async\" class=\"alignnone size-medium wp-image-11792\" src=\"https:\/\/cancan.com.tr\/wp-content\/uploads\/2023\/09\/10-mm-300x242.png\" alt=\"\" width=\"300\" height=\"242\" srcset=\"https:\/\/cancan.com.tr\/wp-content\/uploads\/2023\/09\/10-mm-300x242.png 300w, https:\/\/cancan.com.tr\/wp-content\/uploads\/2023\/09\/10-mm-1024x825.png 1024w, https:\/\/cancan.com.tr\/wp-content\/uploads\/2023\/09\/10-mm-768x619.png 768w, https:\/\/cancan.com.tr\/wp-content\/uploads\/2023\/09\/10-mm-1536x1237.png 1536w, https:\/\/cancan.com.tr\/wp-content\/uploads\/2023\/09\/10-mm-1200x967.png 1200w, https:\/\/cancan.com.tr\/wp-content\/uploads\/2023\/09\/10-mm.png 2000w\" sizes=\"auto, (max-width: 300px) 100vw, 300px\" \/><\/p>\n<hr \/>\n<h4>Handle<\/h4>\n<p>It provides full control while slicing thanks to its special handle that offers a comfortable cut.<\/p>\n<p><img loading=\"lazy\" decoding=\"async\" class=\"alignnone size-medium wp-image-11535\" src=\"https:\/\/cancan.com.tr\/wp-content\/uploads\/2025\/11\/0E7A7528-200x300.jpg\" alt=\"\" width=\"200\" height=\"300\" srcset=\"https:\/\/cancan.com.tr\/wp-content\/uploads\/2025\/11\/0E7A7528-200x300.jpg 200w, https:\/\/cancan.com.tr\/wp-content\/uploads\/2025\/11\/0E7A7528-683x1024.jpg 683w, https:\/\/cancan.com.tr\/wp-content\/uploads\/2025\/11\/0E7A7528-768x1152.jpg 768w, https:\/\/cancan.com.tr\/wp-content\/uploads\/2025\/11\/0E7A7528-1024x1536.jpg 1024w, https:\/\/cancan.com.tr\/wp-content\/uploads\/2025\/11\/0E7A7528-1365x2048.jpg 1365w, https:\/\/cancan.com.tr\/wp-content\/uploads\/2025\/11\/0E7A7528-1200x1800.jpg 1200w, https:\/\/cancan.com.tr\/wp-content\/uploads\/2025\/11\/0E7A7528-scaled.jpg 1707w\" sizes=\"auto, (max-width: 200px) 100vw, 200px\" \/><\/p>\n<hr \/>\n<h4>Special Suction Cup Feet<\/h4>\n<p>Specially designed non-slip suction cup feet prevent the product from shaking and keep the machine securely fixed.<\/p>\n<p><img loading=\"lazy\" decoding=\"async\" class=\"alignnone size-medium wp-image-11536\" src=\"https:\/\/cancan.com.tr\/wp-content\/uploads\/2025\/11\/0E7A7530-200x300.jpg\" alt=\"\" width=\"200\" height=\"300\" srcset=\"https:\/\/cancan.com.tr\/wp-content\/uploads\/2025\/11\/0E7A7530-200x300.jpg 200w, https:\/\/cancan.com.tr\/wp-content\/uploads\/2025\/11\/0E7A7530-683x1024.jpg 683w, https:\/\/cancan.com.tr\/wp-content\/uploads\/2025\/11\/0E7A7530-768x1152.jpg 768w, https:\/\/cancan.com.tr\/wp-content\/uploads\/2025\/11\/0E7A7530-1024x1536.jpg 1024w, https:\/\/cancan.com.tr\/wp-content\/uploads\/2025\/11\/0E7A7530-1365x2048.jpg 1365w, https:\/\/cancan.com.tr\/wp-content\/uploads\/2025\/11\/0E7A7530-1200x1800.jpg 1200w, https:\/\/cancan.com.tr\/wp-content\/uploads\/2025\/11\/0E7A7530-scaled.jpg 1707w\" sizes=\"auto, (max-width: 200px) 100vw, 200px\" \/><\/p>","protected":false},"excerpt":{"rendered":"<h2><span style=\"color: #fa0014;\">1308 Small Size Tomato Slicer<\/span><\/h2>\n<p>Small Size Tomato Slicer is used in industrial kitchens such as hotels, cafes and restaurants. Its sharp, serrated blades<br \/>\ndelicately slice tomatoes, preserving their taste without causing any breakage. Moreover, its ergonomic design allows for maximum effi ciency in compact kitchen spaces.<\/p>\n<p>&nbsp;<\/p>\n<p><img loading=\"lazy\" decoding=\"async\" class=\"alignnone wp-image-8554\" src=\"https:\/\/cancan.com.tr\/wp-content\/uploads\/2023\/09\/ing-hazirlik-300x94.png\" alt=\"\" width=\"275\" height=\"86\" srcset=\"https:\/\/cancan.com.tr\/wp-content\/uploads\/2023\/09\/ing-hazirlik-300x94.png 300w, https:\/\/cancan.com.tr\/wp-content\/uploads\/2023\/09\/ing-hazirlik-600x188.png 600w, https:\/\/cancan.com.tr\/wp-content\/uploads\/2023\/09\/ing-hazirlik.png 752w\" sizes=\"auto, (max-width: 275px) 100vw, 275px\" \/><\/p>\n<p>&nbsp;<\/p>\n<p>https:\/\/youtu.be\/vEeMz_9rs8I?si=NnF8B0tqbzsv4LUd<\/p>\n","protected":false},"featured_media":11791,"comment_status":"closed","ping_status":"closed","template":"","meta":[],"product_cat":[15,171,195],"product_tag":[190,222,145,219,189,218,183,139,191],"class_list":["post-6057","product","type-product","status-publish","has-post-thumbnail","hentry","product_cat-tum-urunler","product_cat-hazirlik-ekipmanlari","product_cat-kesici-ve-dilimleyiciler","product_tag-kafe","product_tag-kesiciler-hazirlik","product_tag-tag1","product_tag-manuel-hazirlik","product_tag-otel","product_tag-paslanmaz","product_tag-restoranlar","product_tag-camera","product_tag-universiteler"],"acf":[],"yoast_head":"<!-- This site is optimized with the Yoast SEO plugin v27.0 - https:\/\/yoast.com\/product\/yoast-seo-wordpress\/ -->\n<title>1308 Small Size Tomato Slicer - Cancan Meyve Presleri<\/title>\n<meta name=\"robots\" content=\"index, follow, max-snippet:-1, max-image-preview:large, max-video-preview:-1\" \/>\n<link rel=\"canonical\" href=\"https:\/\/cancan.com.tr\/en\/all-products\/small-size-tomato-slicer\/\" \/>\n<meta property=\"og:locale\" content=\"en_US\" \/>\n<meta property=\"og:type\" content=\"article\" \/>\n<meta property=\"og:title\" content=\"[:tr]1308 Mini Domates Dilimleme Makinesi[:en]1308 Small Size Tomato Slicer[:] - Cancan Meyve Presleri\" \/>\n<meta property=\"og:description\" content=\"[:tr]1308 Mini Domates Dilimleme Makinesi Mini domates dilimleme makinesi otel, kafe, restoran gibi end\u00fcstriyel mutfaklarda kullan\u0131l\u0131r. Keskin ve t\u0131rt\u0131kl\u0131 b\u0131\u00e7aklar\u0131 sayesinde domatesleri par\u00e7alamadan keserek tad\u0131n\u0131n korunmas\u0131n\u0131 sa\u011flar. Ergonomik tasar\u0131m\u0131 ile k\u00fc\u00e7\u00fck alanlarda maksimum verim sa\u011flar.  &nbsp;    &nbsp;  https:\/\/youtu.be\/vEeMz_9rs8I?si=NnF8B0tqbzsv4LUd[:en]1308 Small Size Tomato Slicer Small Size Tomato Slicer is used in industrial kitchens such as hotels, cafes and restaurants. Its sharp, serrated blades delicately slice tomatoes, preserving their taste without causing any breakage. Moreover, its ergonomic design allows for maximum effi ciency in compact kitchen spaces.  &nbsp;    &nbsp;  https:\/\/youtu.be\/vEeMz_9rs8I?si=NnF8B0tqbzsv4LUd[:]\" \/>\n<meta property=\"og:url\" content=\"https:\/\/cancan.com.tr\/en\/all-products\/small-size-tomato-slicer\/\" \/>\n<meta property=\"og:site_name\" content=\"Cancan Meyve Presleri\" \/>\n<meta property=\"article:modified_time\" content=\"2026-03-02T13:17:55+00:00\" \/>\n<meta property=\"og:image\" content=\"https:\/\/cancan.com.tr\/wp-content\/uploads\/2023\/09\/0E7A754441.png\" \/>\n\t<meta property=\"og:image:width\" content=\"1876\" \/>\n\t<meta property=\"og:image:height\" content=\"1271\" \/>\n\t<meta property=\"og:image:type\" content=\"image\/png\" \/>\n<meta name=\"twitter:card\" content=\"summary_large_image\" \/>\n<meta name=\"twitter:label1\" content=\"Est. reading time\" \/>\n\t<meta name=\"twitter:data1\" content=\"1 minute\" \/>\n<script type=\"application\/ld+json\" class=\"yoast-schema-graph\">{\"@context\":\"https:\/\/schema.org\",\"@graph\":[{\"@type\":\"WebPage\",\"@id\":\"https:\/\/cancan.com.tr\/en\/all-products\/small-size-tomato-slicer\/\",\"url\":\"https:\/\/cancan.com.tr\/en\/all-products\/small-size-tomato-slicer\/\",\"name\":\"[:tr]1308 Mini Domates Dilimleme Makinesi[:en]1308 Small Size Tomato Slicer[:] - Cancan Meyve Presleri\",\"isPartOf\":{\"@id\":\"https:\/\/cancan.com.tr\/#website\"},\"primaryImageOfPage\":{\"@id\":\"https:\/\/cancan.com.tr\/en\/all-products\/small-size-tomato-slicer\/#primaryimage\"},\"image\":{\"@id\":\"https:\/\/cancan.com.tr\/en\/all-products\/small-size-tomato-slicer\/#primaryimage\"},\"thumbnailUrl\":\"https:\/\/cancan.com.tr\/wp-content\/uploads\/2023\/09\/0E7A754441.png\",\"datePublished\":\"2023-09-18T11:00:47+00:00\",\"dateModified\":\"2026-03-02T13:17:55+00:00\",\"breadcrumb\":{\"@id\":\"https:\/\/cancan.com.tr\/en\/all-products\/small-size-tomato-slicer\/#breadcrumb\"},\"inLanguage\":\"en-US\",\"potentialAction\":[{\"@type\":\"ReadAction\",\"target\":[\"https:\/\/cancan.com.tr\/en\/all-products\/small-size-tomato-slicer\/\"]}]},{\"@type\":\"ImageObject\",\"inLanguage\":\"en-US\",\"@id\":\"https:\/\/cancan.com.tr\/en\/all-products\/small-size-tomato-slicer\/#primaryimage\",\"url\":\"https:\/\/cancan.com.tr\/wp-content\/uploads\/2023\/09\/0E7A754441.png\",\"contentUrl\":\"https:\/\/cancan.com.tr\/wp-content\/uploads\/2023\/09\/0E7A754441.png\",\"width\":1876,\"height\":1271},{\"@type\":\"BreadcrumbList\",\"@id\":\"https:\/\/cancan.com.tr\/en\/all-products\/small-size-tomato-slicer\/#breadcrumb\",\"itemListElement\":[{\"@type\":\"ListItem\",\"position\":1,\"name\":\"Anasayfa\",\"item\":\"https:\/\/cancan.com.tr\/\"},{\"@type\":\"ListItem\",\"position\":2,\"name\":\"Products\",\"item\":\"https:\/\/cancan.com.tr\/en\/products-2\/\"},{\"@type\":\"ListItem\",\"position\":3,\"name\":\"1308 Small Size Tomato Slicer\"}]},{\"@type\":\"WebSite\",\"@id\":\"https:\/\/cancan.com.tr\/#website\",\"url\":\"https:\/\/cancan.com.tr\/\",\"name\":\"Cancan Meyve Presleri\",\"description\":\"www.cancan.com.tr\",\"publisher\":{\"@id\":\"https:\/\/cancan.com.tr\/#organization\"},\"potentialAction\":[{\"@type\":\"SearchAction\",\"target\":{\"@type\":\"EntryPoint\",\"urlTemplate\":\"https:\/\/cancan.com.tr\/?s={search_term_string}\"},\"query-input\":{\"@type\":\"PropertyValueSpecification\",\"valueRequired\":true,\"valueName\":\"search_term_string\"}}],\"inLanguage\":\"en-US\"},{\"@type\":\"Organization\",\"@id\":\"https:\/\/cancan.com.tr\/#organization\",\"name\":\"Cancan Meyve Presleri\",\"url\":\"https:\/\/cancan.com.tr\/\",\"logo\":{\"@type\":\"ImageObject\",\"inLanguage\":\"en-US\",\"@id\":\"https:\/\/cancan.com.tr\/#\/schema\/logo\/image\/\",\"url\":\"https:\/\/cancan.com.tr\/wp-content\/uploads\/2026\/03\/CancanLogo.png\",\"contentUrl\":\"https:\/\/cancan.com.tr\/wp-content\/uploads\/2026\/03\/CancanLogo.png\",\"width\":362,\"height\":67,\"caption\":\"Cancan Meyve Presleri\"},\"image\":{\"@id\":\"https:\/\/cancan.com.tr\/#\/schema\/logo\/image\/\"}}]}<\/script>\n<!-- \/ Yoast SEO plugin. -->","yoast_head_json":{"title":"[:tr]1308 Mini Domates Dilimleme Makinesi[:en]1308 Small Size Tomato Slicer[:] - Cancan Meyve Presleri","robots":{"index":"index","follow":"follow","max-snippet":"max-snippet:-1","max-image-preview":"max-image-preview:large","max-video-preview":"max-video-preview:-1"},"canonical":"https:\/\/cancan.com.tr\/en\/all-products\/small-size-tomato-slicer\/","og_locale":"en_US","og_type":"article","og_title":"[:tr]1308 Mini Domates Dilimleme Makinesi[:en]1308 Small Size Tomato Slicer[:] - Cancan Meyve Presleri","og_description":"[:tr]1308 Mini Domates Dilimleme Makinesi Mini domates dilimleme makinesi otel, kafe, restoran gibi end\u00fcstriyel mutfaklarda kullan\u0131l\u0131r. Keskin ve t\u0131rt\u0131kl\u0131 b\u0131\u00e7aklar\u0131 sayesinde domatesleri par\u00e7alamadan keserek tad\u0131n\u0131n korunmas\u0131n\u0131 sa\u011flar. Ergonomik tasar\u0131m\u0131 ile k\u00fc\u00e7\u00fck alanlarda maksimum verim sa\u011flar.  &nbsp;    &nbsp;  https:\/\/youtu.be\/vEeMz_9rs8I?si=NnF8B0tqbzsv4LUd[:en]1308 Small Size Tomato Slicer Small Size Tomato Slicer is used in industrial kitchens such as hotels, cafes and restaurants. Its sharp, serrated blades delicately slice tomatoes, preserving their taste without causing any breakage. Moreover, its ergonomic design allows for maximum effi ciency in compact kitchen spaces.  &nbsp;    &nbsp;  https:\/\/youtu.be\/vEeMz_9rs8I?si=NnF8B0tqbzsv4LUd[:]","og_url":"https:\/\/cancan.com.tr\/en\/all-products\/small-size-tomato-slicer\/","og_site_name":"Cancan Meyve Presleri","article_modified_time":"2026-03-02T13:17:55+00:00","og_image":[{"width":1876,"height":1271,"url":"https:\/\/cancan.com.tr\/wp-content\/uploads\/2023\/09\/0E7A754441.png","type":"image\/png"}],"twitter_card":"summary_large_image","twitter_misc":{"Est. reading time":"1 minute"},"schema":{"@context":"https:\/\/schema.org","@graph":[{"@type":"WebPage","@id":"https:\/\/cancan.com.tr\/en\/all-products\/small-size-tomato-slicer\/","url":"https:\/\/cancan.com.tr\/en\/all-products\/small-size-tomato-slicer\/","name":"[:tr]1308 Mini Domates Dilimleme Makinesi[:en]1308 Small Size Tomato Slicer[:] - Cancan Meyve Presleri","isPartOf":{"@id":"https:\/\/cancan.com.tr\/#website"},"primaryImageOfPage":{"@id":"https:\/\/cancan.com.tr\/en\/all-products\/small-size-tomato-slicer\/#primaryimage"},"image":{"@id":"https:\/\/cancan.com.tr\/en\/all-products\/small-size-tomato-slicer\/#primaryimage"},"thumbnailUrl":"https:\/\/cancan.com.tr\/wp-content\/uploads\/2023\/09\/0E7A754441.png","datePublished":"2023-09-18T11:00:47+00:00","dateModified":"2026-03-02T13:17:55+00:00","breadcrumb":{"@id":"https:\/\/cancan.com.tr\/en\/all-products\/small-size-tomato-slicer\/#breadcrumb"},"inLanguage":"en-US","potentialAction":[{"@type":"ReadAction","target":["https:\/\/cancan.com.tr\/en\/all-products\/small-size-tomato-slicer\/"]}]},{"@type":"ImageObject","inLanguage":"en-US","@id":"https:\/\/cancan.com.tr\/en\/all-products\/small-size-tomato-slicer\/#primaryimage","url":"https:\/\/cancan.com.tr\/wp-content\/uploads\/2023\/09\/0E7A754441.png","contentUrl":"https:\/\/cancan.com.tr\/wp-content\/uploads\/2023\/09\/0E7A754441.png","width":1876,"height":1271},{"@type":"BreadcrumbList","@id":"https:\/\/cancan.com.tr\/en\/all-products\/small-size-tomato-slicer\/#breadcrumb","itemListElement":[{"@type":"ListItem","position":1,"name":"Anasayfa","item":"https:\/\/cancan.com.tr\/"},{"@type":"ListItem","position":2,"name":"Products","item":"https:\/\/cancan.com.tr\/en\/products-2\/"},{"@type":"ListItem","position":3,"name":"1308 Small Size Tomato Slicer"}]},{"@type":"WebSite","@id":"https:\/\/cancan.com.tr\/#website","url":"https:\/\/cancan.com.tr\/","name":"Cancan Meyve Presleri","description":"www.cancan.com.tr","publisher":{"@id":"https:\/\/cancan.com.tr\/#organization"},"potentialAction":[{"@type":"SearchAction","target":{"@type":"EntryPoint","urlTemplate":"https:\/\/cancan.com.tr\/?s={search_term_string}"},"query-input":{"@type":"PropertyValueSpecification","valueRequired":true,"valueName":"search_term_string"}}],"inLanguage":"en-US"},{"@type":"Organization","@id":"https:\/\/cancan.com.tr\/#organization","name":"Cancan Meyve Presleri","url":"https:\/\/cancan.com.tr\/","logo":{"@type":"ImageObject","inLanguage":"en-US","@id":"https:\/\/cancan.com.tr\/#\/schema\/logo\/image\/","url":"https:\/\/cancan.com.tr\/wp-content\/uploads\/2026\/03\/CancanLogo.png","contentUrl":"https:\/\/cancan.com.tr\/wp-content\/uploads\/2026\/03\/CancanLogo.png","width":362,"height":67,"caption":"Cancan Meyve Presleri"},"image":{"@id":"https:\/\/cancan.com.tr\/#\/schema\/logo\/image\/"}}]}},"_links":{"self":[{"href":"https:\/\/cancan.com.tr\/en\/wp-json\/wp\/v2\/product\/6057","targetHints":{"allow":["GET"]}}],"collection":[{"href":"https:\/\/cancan.com.tr\/en\/wp-json\/wp\/v2\/product"}],"about":[{"href":"https:\/\/cancan.com.tr\/en\/wp-json\/wp\/v2\/types\/product"}],"replies":[{"embeddable":true,"href":"https:\/\/cancan.com.tr\/en\/wp-json\/wp\/v2\/comments?post=6057"}],"wp:featuredmedia":[{"embeddable":true,"href":"https:\/\/cancan.com.tr\/en\/wp-json\/wp\/v2\/media\/11791"}],"wp:attachment":[{"href":"https:\/\/cancan.com.tr\/en\/wp-json\/wp\/v2\/media?parent=6057"}],"wp:term":[{"taxonomy":"product_cat","embeddable":true,"href":"https:\/\/cancan.com.tr\/en\/wp-json\/wp\/v2\/product_cat?post=6057"},{"taxonomy":"product_tag","embeddable":true,"href":"https:\/\/cancan.com.tr\/en\/wp-json\/wp\/v2\/product_tag?post=6057"}],"curies":[{"name":"wp","href":"https:\/\/api.w.org\/{rel}","templated":true}]}}