{"id":6054,"date":"2023-09-18T13:52:52","date_gmt":"2023-09-18T10:52:52","guid":{"rendered":"https:\/\/mostdijital.com\/cancan\/?post_type=product&#038;p=6054"},"modified":"2026-03-02T16:21:31","modified_gmt":"2026-03-02T13:21:31","slug":"1307-ceviz-acacagi","status":"publish","type":"product","link":"https:\/\/cancan.com.tr\/en\/all-products\/walnut-opener\/","title":{"rendered":"1307 Walnut Opener"},"content":{"rendered":"<p><\/p>\n<h2><span style=\"color: #fa0014;\">1307 Walnut Opener<\/span><\/h2>\n<p>The Walnut Opener is designed to effortlessly crack the tough shells of walnuts. It serves as a practical and secure alternative to traditional methods, saving both time and energy while preserving the natural flavor of the walnuts when presented on the dish.<\/p>\n<hr \/>\n<h4>Comfortable Grip<\/h4>\n<p>Ergonomic design provides a comfortable grip during the opening process.<\/p>\n<hr \/>\n<h4>Stainless Steel<\/h4>\n<p>All made of stainless steel material suitable for food contact.<\/p>","protected":false},"excerpt":{"rendered":"<h2><span style=\"color: #fa0014;\">1307 Walnut Opener<\/span><\/h2>\n<p>The Walnut Opener is designed to effortlessly crack the tough shells of walnuts. It serves as a practical and secure alternative to traditional methods, saving both time and energy while preserving the natural flavor of the walnuts when presented on the dish.<\/p>\n<p><img loading=\"lazy\" decoding=\"async\" class=\"alignnone wp-image-8554\" src=\"https:\/\/cancan.com.tr\/wp-content\/uploads\/2023\/09\/ing-hazirlik-300x94.png\" alt=\"\" width=\"275\" height=\"86\" srcset=\"https:\/\/cancan.com.tr\/wp-content\/uploads\/2023\/09\/ing-hazirlik-300x94.png 300w, https:\/\/cancan.com.tr\/wp-content\/uploads\/2023\/09\/ing-hazirlik-600x188.png 600w, https:\/\/cancan.com.tr\/wp-content\/uploads\/2023\/09\/ing-hazirlik.png 752w\" sizes=\"auto, (max-width: 275px) 100vw, 275px\" \/><\/p>\n<p>https:\/\/www.youtube.com\/watch?v=fVnNSUo7KB0<\/p>\n","protected":false},"featured_media":8186,"comment_status":"closed","ping_status":"closed","template":"","meta":[],"product_cat":[15,171,195,200],"product_tag":[186,190,222,145,219,187,189,218,183,139],"class_list":["post-6054","product","type-product","status-publish","has-post-thumbnail","hentry","product_cat-tum-urunler","product_cat-hazirlik-ekipmanlari","product_cat-kesici-ve-dilimleyiciler","product_cat-yedek-parca-ve-aksesuarlar","product_tag-hastane","product_tag-kafe","product_tag-kesiciler-hazirlik","product_tag-tag1","product_tag-manuel-hazirlik","product_tag-ogrenci-yurtlari","product_tag-otel","product_tag-paslanmaz","product_tag-restoranlar","product_tag-camera"],"acf":[],"yoast_head":"<!-- This site is optimized with the Yoast SEO plugin v27.0 - https:\/\/yoast.com\/product\/yoast-seo-wordpress\/ -->\n<title>1307 Walnut Opener - Cancan Meyve Presleri<\/title>\n<meta name=\"robots\" content=\"index, follow, max-snippet:-1, max-image-preview:large, max-video-preview:-1\" \/>\n<link rel=\"canonical\" href=\"https:\/\/cancan.com.tr\/en\/all-products\/walnut-opener\/\" \/>\n<meta property=\"og:locale\" content=\"en_US\" \/>\n<meta property=\"og:type\" content=\"article\" \/>\n<meta property=\"og:title\" content=\"[:tr]1307 Ceviz A\u00e7aca\u011f\u0131[:en]1307 Walnut Opener[:] - Cancan Meyve Presleri\" \/>\n<meta property=\"og:description\" content=\"[:tr]1307 Ceviz A\u00e7aca\u011f\u0131 Ceviz a\u00e7aca\u011f\u0131, cevizlerin sert kabuklar\u0131n\u0131 kolayl\u0131kla k\u0131rmaya yard\u0131mc\u0131 olur. Geleneksel y\u00f6ntemlere k\u0131yasla daha pratik ve g\u00fcvenli bir se\u00e7enek olan ceviz a\u00e7aca\u011f\u0131, zamandan ve enerjiden tasarruf sa\u011flayarak cevizlerin do\u011fal lezzetini sofralara ta\u015f\u0131r.    https:\/\/www.youtube.com\/watch?v=fVnNSUo7KB0[:en]1307 Walnut Opener The Walnut Opener is designed to effortlessly crack the tough shells of walnuts. It serves as a practical and secure alternative to traditional methods, saving both time and energy while preserving the natural flavor of the walnuts when presented on the dish.    https:\/\/www.youtube.com\/watch?v=fVnNSUo7KB0[:]\" \/>\n<meta property=\"og:url\" content=\"https:\/\/cancan.com.tr\/en\/all-products\/walnut-opener\/\" \/>\n<meta property=\"og:site_name\" content=\"Cancan Meyve Presleri\" \/>\n<meta property=\"article:modified_time\" content=\"2026-03-02T13:21:31+00:00\" \/>\n<meta property=\"og:image\" content=\"https:\/\/cancan.com.tr\/wp-content\/uploads\/2023\/09\/1307.jpg\" \/>\n\t<meta property=\"og:image:width\" content=\"675\" \/>\n\t<meta property=\"og:image:height\" content=\"828\" \/>\n\t<meta property=\"og:image:type\" content=\"image\/jpeg\" \/>\n<meta name=\"twitter:card\" content=\"summary_large_image\" \/>\n<meta name=\"twitter:label1\" content=\"Est. reading time\" \/>\n\t<meta name=\"twitter:data1\" content=\"1 minute\" \/>\n<script type=\"application\/ld+json\" class=\"yoast-schema-graph\">{\"@context\":\"https:\/\/schema.org\",\"@graph\":[{\"@type\":\"WebPage\",\"@id\":\"https:\/\/cancan.com.tr\/en\/all-products\/walnut-opener\/\",\"url\":\"https:\/\/cancan.com.tr\/en\/all-products\/walnut-opener\/\",\"name\":\"[:tr]1307 Ceviz A\u00e7aca\u011f\u0131[:en]1307 Walnut Opener[:] - Cancan Meyve Presleri\",\"isPartOf\":{\"@id\":\"https:\/\/cancan.com.tr\/#website\"},\"primaryImageOfPage\":{\"@id\":\"https:\/\/cancan.com.tr\/en\/all-products\/walnut-opener\/#primaryimage\"},\"image\":{\"@id\":\"https:\/\/cancan.com.tr\/en\/all-products\/walnut-opener\/#primaryimage\"},\"thumbnailUrl\":\"https:\/\/cancan.com.tr\/wp-content\/uploads\/2023\/09\/1307.jpg\",\"datePublished\":\"2023-09-18T10:52:52+00:00\",\"dateModified\":\"2026-03-02T13:21:31+00:00\",\"breadcrumb\":{\"@id\":\"https:\/\/cancan.com.tr\/en\/all-products\/walnut-opener\/#breadcrumb\"},\"inLanguage\":\"en-US\",\"potentialAction\":[{\"@type\":\"ReadAction\",\"target\":[\"https:\/\/cancan.com.tr\/en\/all-products\/walnut-opener\/\"]}]},{\"@type\":\"ImageObject\",\"inLanguage\":\"en-US\",\"@id\":\"https:\/\/cancan.com.tr\/en\/all-products\/walnut-opener\/#primaryimage\",\"url\":\"https:\/\/cancan.com.tr\/wp-content\/uploads\/2023\/09\/1307.jpg\",\"contentUrl\":\"https:\/\/cancan.com.tr\/wp-content\/uploads\/2023\/09\/1307.jpg\",\"width\":675,\"height\":828},{\"@type\":\"BreadcrumbList\",\"@id\":\"https:\/\/cancan.com.tr\/en\/all-products\/walnut-opener\/#breadcrumb\",\"itemListElement\":[{\"@type\":\"ListItem\",\"position\":1,\"name\":\"Anasayfa\",\"item\":\"https:\/\/cancan.com.tr\/\"},{\"@type\":\"ListItem\",\"position\":2,\"name\":\"Products\",\"item\":\"https:\/\/cancan.com.tr\/en\/products-2\/\"},{\"@type\":\"ListItem\",\"position\":3,\"name\":\"1307 Walnut Opener\"}]},{\"@type\":\"WebSite\",\"@id\":\"https:\/\/cancan.com.tr\/#website\",\"url\":\"https:\/\/cancan.com.tr\/\",\"name\":\"Cancan Meyve Presleri\",\"description\":\"www.cancan.com.tr\",\"publisher\":{\"@id\":\"https:\/\/cancan.com.tr\/#organization\"},\"potentialAction\":[{\"@type\":\"SearchAction\",\"target\":{\"@type\":\"EntryPoint\",\"urlTemplate\":\"https:\/\/cancan.com.tr\/?s={search_term_string}\"},\"query-input\":{\"@type\":\"PropertyValueSpecification\",\"valueRequired\":true,\"valueName\":\"search_term_string\"}}],\"inLanguage\":\"en-US\"},{\"@type\":\"Organization\",\"@id\":\"https:\/\/cancan.com.tr\/#organization\",\"name\":\"Cancan Meyve Presleri\",\"url\":\"https:\/\/cancan.com.tr\/\",\"logo\":{\"@type\":\"ImageObject\",\"inLanguage\":\"en-US\",\"@id\":\"https:\/\/cancan.com.tr\/#\/schema\/logo\/image\/\",\"url\":\"https:\/\/cancan.com.tr\/wp-content\/uploads\/2026\/03\/CancanLogo.png\",\"contentUrl\":\"https:\/\/cancan.com.tr\/wp-content\/uploads\/2026\/03\/CancanLogo.png\",\"width\":362,\"height\":67,\"caption\":\"Cancan Meyve Presleri\"},\"image\":{\"@id\":\"https:\/\/cancan.com.tr\/#\/schema\/logo\/image\/\"}}]}<\/script>\n<!-- \/ Yoast SEO plugin. -->","yoast_head_json":{"title":"[:tr]1307 Ceviz A\u00e7aca\u011f\u0131[:en]1307 Walnut Opener[:] - Cancan Meyve Presleri","robots":{"index":"index","follow":"follow","max-snippet":"max-snippet:-1","max-image-preview":"max-image-preview:large","max-video-preview":"max-video-preview:-1"},"canonical":"https:\/\/cancan.com.tr\/en\/all-products\/walnut-opener\/","og_locale":"en_US","og_type":"article","og_title":"[:tr]1307 Ceviz A\u00e7aca\u011f\u0131[:en]1307 Walnut Opener[:] - Cancan Meyve Presleri","og_description":"[:tr]1307 Ceviz A\u00e7aca\u011f\u0131 Ceviz a\u00e7aca\u011f\u0131, cevizlerin sert kabuklar\u0131n\u0131 kolayl\u0131kla k\u0131rmaya yard\u0131mc\u0131 olur. Geleneksel y\u00f6ntemlere k\u0131yasla daha pratik ve g\u00fcvenli bir se\u00e7enek olan ceviz a\u00e7aca\u011f\u0131, zamandan ve enerjiden tasarruf sa\u011flayarak cevizlerin do\u011fal lezzetini sofralara ta\u015f\u0131r.    https:\/\/www.youtube.com\/watch?v=fVnNSUo7KB0[:en]1307 Walnut Opener The Walnut Opener is designed to effortlessly crack the tough shells of walnuts. It serves as a practical and secure alternative to traditional methods, saving both time and energy while preserving the natural flavor of the walnuts when presented on the dish.    https:\/\/www.youtube.com\/watch?v=fVnNSUo7KB0[:]","og_url":"https:\/\/cancan.com.tr\/en\/all-products\/walnut-opener\/","og_site_name":"Cancan Meyve Presleri","article_modified_time":"2026-03-02T13:21:31+00:00","og_image":[{"width":675,"height":828,"url":"https:\/\/cancan.com.tr\/wp-content\/uploads\/2023\/09\/1307.jpg","type":"image\/jpeg"}],"twitter_card":"summary_large_image","twitter_misc":{"Est. reading time":"1 minute"},"schema":{"@context":"https:\/\/schema.org","@graph":[{"@type":"WebPage","@id":"https:\/\/cancan.com.tr\/en\/all-products\/walnut-opener\/","url":"https:\/\/cancan.com.tr\/en\/all-products\/walnut-opener\/","name":"[:tr]1307 Ceviz A\u00e7aca\u011f\u0131[:en]1307 Walnut Opener[:] - Cancan Meyve Presleri","isPartOf":{"@id":"https:\/\/cancan.com.tr\/#website"},"primaryImageOfPage":{"@id":"https:\/\/cancan.com.tr\/en\/all-products\/walnut-opener\/#primaryimage"},"image":{"@id":"https:\/\/cancan.com.tr\/en\/all-products\/walnut-opener\/#primaryimage"},"thumbnailUrl":"https:\/\/cancan.com.tr\/wp-content\/uploads\/2023\/09\/1307.jpg","datePublished":"2023-09-18T10:52:52+00:00","dateModified":"2026-03-02T13:21:31+00:00","breadcrumb":{"@id":"https:\/\/cancan.com.tr\/en\/all-products\/walnut-opener\/#breadcrumb"},"inLanguage":"en-US","potentialAction":[{"@type":"ReadAction","target":["https:\/\/cancan.com.tr\/en\/all-products\/walnut-opener\/"]}]},{"@type":"ImageObject","inLanguage":"en-US","@id":"https:\/\/cancan.com.tr\/en\/all-products\/walnut-opener\/#primaryimage","url":"https:\/\/cancan.com.tr\/wp-content\/uploads\/2023\/09\/1307.jpg","contentUrl":"https:\/\/cancan.com.tr\/wp-content\/uploads\/2023\/09\/1307.jpg","width":675,"height":828},{"@type":"BreadcrumbList","@id":"https:\/\/cancan.com.tr\/en\/all-products\/walnut-opener\/#breadcrumb","itemListElement":[{"@type":"ListItem","position":1,"name":"Anasayfa","item":"https:\/\/cancan.com.tr\/"},{"@type":"ListItem","position":2,"name":"Products","item":"https:\/\/cancan.com.tr\/en\/products-2\/"},{"@type":"ListItem","position":3,"name":"1307 Walnut Opener"}]},{"@type":"WebSite","@id":"https:\/\/cancan.com.tr\/#website","url":"https:\/\/cancan.com.tr\/","name":"Cancan Meyve Presleri","description":"www.cancan.com.tr","publisher":{"@id":"https:\/\/cancan.com.tr\/#organization"},"potentialAction":[{"@type":"SearchAction","target":{"@type":"EntryPoint","urlTemplate":"https:\/\/cancan.com.tr\/?s={search_term_string}"},"query-input":{"@type":"PropertyValueSpecification","valueRequired":true,"valueName":"search_term_string"}}],"inLanguage":"en-US"},{"@type":"Organization","@id":"https:\/\/cancan.com.tr\/#organization","name":"Cancan Meyve Presleri","url":"https:\/\/cancan.com.tr\/","logo":{"@type":"ImageObject","inLanguage":"en-US","@id":"https:\/\/cancan.com.tr\/#\/schema\/logo\/image\/","url":"https:\/\/cancan.com.tr\/wp-content\/uploads\/2026\/03\/CancanLogo.png","contentUrl":"https:\/\/cancan.com.tr\/wp-content\/uploads\/2026\/03\/CancanLogo.png","width":362,"height":67,"caption":"Cancan Meyve Presleri"},"image":{"@id":"https:\/\/cancan.com.tr\/#\/schema\/logo\/image\/"}}]}},"_links":{"self":[{"href":"https:\/\/cancan.com.tr\/en\/wp-json\/wp\/v2\/product\/6054","targetHints":{"allow":["GET"]}}],"collection":[{"href":"https:\/\/cancan.com.tr\/en\/wp-json\/wp\/v2\/product"}],"about":[{"href":"https:\/\/cancan.com.tr\/en\/wp-json\/wp\/v2\/types\/product"}],"replies":[{"embeddable":true,"href":"https:\/\/cancan.com.tr\/en\/wp-json\/wp\/v2\/comments?post=6054"}],"wp:featuredmedia":[{"embeddable":true,"href":"https:\/\/cancan.com.tr\/en\/wp-json\/wp\/v2\/media\/8186"}],"wp:attachment":[{"href":"https:\/\/cancan.com.tr\/en\/wp-json\/wp\/v2\/media?parent=6054"}],"wp:term":[{"taxonomy":"product_cat","embeddable":true,"href":"https:\/\/cancan.com.tr\/en\/wp-json\/wp\/v2\/product_cat?post=6054"},{"taxonomy":"product_tag","embeddable":true,"href":"https:\/\/cancan.com.tr\/en\/wp-json\/wp\/v2\/product_tag?post=6054"}],"curies":[{"name":"wp","href":"https:\/\/api.w.org\/{rel}","templated":true}]}}