{"id":6038,"date":"2023-09-18T13:06:28","date_gmt":"2023-09-18T10:06:28","guid":{"rendered":"https:\/\/mostdijital.com\/cancan\/?post_type=product&#038;p=6038"},"modified":"2026-04-13T13:20:46","modified_gmt":"2026-04-13T10:20:46","slug":"1305-pnomatik-parmak-patates-dilimleme-makinesi","status":"publish","type":"product","link":"https:\/\/cancan.com.tr\/en\/all-products\/pneumatic-potato-cutter\/","title":{"rendered":"1305 Pneumatic Potato Cutter"},"content":{"rendered":"<p><\/p>\n<h4>Stainless Steel Blades<\/h4>\n<p>High-quality stainless steel blades, combined with 6&#215;6 mm, 10&#215;10 mm and 13&#215;13 mm blade options, ensure potatoes are sliced evenly and precisely at different thickness levels.<\/p>\n<p><img loading=\"lazy\" decoding=\"async\" class=\"alignnone size-medium wp-image-11999\" src=\"https:\/\/cancan.com.tr\/wp-content\/uploads\/2023\/09\/0E7A7838-300x200.jpg\" alt=\"\" width=\"300\" height=\"200\" srcset=\"https:\/\/cancan.com.tr\/wp-content\/uploads\/2023\/09\/0E7A7838-300x200.jpg 300w, https:\/\/cancan.com.tr\/wp-content\/uploads\/2023\/09\/0E7A7838-1024x683.jpg 1024w, https:\/\/cancan.com.tr\/wp-content\/uploads\/2023\/09\/0E7A7838-768x512.jpg 768w, https:\/\/cancan.com.tr\/wp-content\/uploads\/2023\/09\/0E7A7838-1536x1024.jpg 1536w, https:\/\/cancan.com.tr\/wp-content\/uploads\/2023\/09\/0E7A7838-2048x1365.jpg 2048w, https:\/\/cancan.com.tr\/wp-content\/uploads\/2023\/09\/0E7A7838-1200x800.jpg 1200w\" sizes=\"auto, (max-width: 300px) 100vw, 300px\" \/><\/p>\n<hr \/>\n<h4>High Technology<\/h4>\n<p>The advanced pneumatic system provides fast and efficient operation, increasing productivity in intensive kitchen environments.<\/p>\n<p><img loading=\"lazy\" decoding=\"async\" class=\"alignnone size-medium wp-image-12024\" src=\"https:\/\/cancan.com.tr\/wp-content\/uploads\/2023\/09\/0E7A7790-300x200.jpg\" alt=\"\" width=\"300\" height=\"200\" \/><\/p>\n<hr \/>\n<h4>Lid With Safety Switch<\/h4>\n<p>The safety switch integrated into the lid enhances operational safety by preventing unintended use during operation.<\/p>\n<p><img loading=\"lazy\" decoding=\"async\" class=\"alignnone size-medium wp-image-12021\" src=\"https:\/\/cancan.com.tr\/wp-content\/uploads\/2023\/09\/0E7A7787-300x200.jpg\" alt=\"\" width=\"300\" height=\"200\" srcset=\"https:\/\/cancan.com.tr\/wp-content\/uploads\/2023\/09\/0E7A7787-300x200.jpg 300w, https:\/\/cancan.com.tr\/wp-content\/uploads\/2023\/09\/0E7A7787-1024x683.jpg 1024w, https:\/\/cancan.com.tr\/wp-content\/uploads\/2023\/09\/0E7A7787-768x512.jpg 768w, https:\/\/cancan.com.tr\/wp-content\/uploads\/2023\/09\/0E7A7787-1536x1024.jpg 1536w, https:\/\/cancan.com.tr\/wp-content\/uploads\/2023\/09\/0E7A7787-2048x1365.jpg 2048w, https:\/\/cancan.com.tr\/wp-content\/uploads\/2023\/09\/0E7A7787-1200x800.jpg 1200w\" sizes=\"auto, (max-width: 300px) 100vw, 300px\" \/><\/p>\n<hr \/>\n<h4>Ergonomic Lid Handle<\/h4>\n<p>The ergonomically designed lid handle offers comfortable and practical use during operation.<\/p>\n<p><img loading=\"lazy\" decoding=\"async\" class=\"alignnone wp-image-12029 size-medium\" src=\"https:\/\/cancan.com.tr\/wp-content\/uploads\/2023\/09\/0E7A7788-scaled-e1776074973894-300x273.jpg\" alt=\"\" width=\"300\" height=\"273\" \/><\/p>\n<hr \/>\n<h4>Air Socket<\/h4>\n<p>The air socket ensures seamless integration with pneumatic systems, enabling stable and efficient performance.<\/p>\n<p><img loading=\"lazy\" decoding=\"async\" class=\"alignnone size-medium wp-image-12028\" style=\"font-size: 1rem;\" src=\"https:\/\/cancan.com.tr\/wp-content\/uploads\/2023\/09\/0E7A7794-300x200.jpg\" alt=\"\" width=\"300\" height=\"200\" srcset=\"https:\/\/cancan.com.tr\/wp-content\/uploads\/2023\/09\/0E7A7794-300x200.jpg 300w, https:\/\/cancan.com.tr\/wp-content\/uploads\/2023\/09\/0E7A7794-1024x683.jpg 1024w, https:\/\/cancan.com.tr\/wp-content\/uploads\/2023\/09\/0E7A7794-768x512.jpg 768w, https:\/\/cancan.com.tr\/wp-content\/uploads\/2023\/09\/0E7A7794-1536x1024.jpg 1536w, https:\/\/cancan.com.tr\/wp-content\/uploads\/2023\/09\/0E7A7794-2048x1365.jpg 2048w, https:\/\/cancan.com.tr\/wp-content\/uploads\/2023\/09\/0E7A7794-1200x800.jpg 1200w\" sizes=\"auto, (max-width: 300px) 100vw, 300px\" \/><\/p>\n<hr \/>\n<p><strong>Special Non-Slip Feet<\/strong><\/p>\n<p>Special non-slip feet keep the machine stable during operation, preventing movement on the work surface.<\/p>\n<p><img loading=\"lazy\" decoding=\"async\" class=\"alignnone wp-image-12029 size-medium\" src=\"https:\/\/cancan.com.tr\/wp-content\/uploads\/2023\/09\/0E7A7788-scaled-e1776075078451-300x149.jpg\" alt=\"\" width=\"300\" height=\"149\" srcset=\"https:\/\/cancan.com.tr\/wp-content\/uploads\/2023\/09\/0E7A7788-scaled-e1776075078451-300x149.jpg 300w, https:\/\/cancan.com.tr\/wp-content\/uploads\/2023\/09\/0E7A7788-scaled-e1776075078451-768x382.jpg 768w, https:\/\/cancan.com.tr\/wp-content\/uploads\/2023\/09\/0E7A7788-scaled-e1776075078451.jpg 824w\" sizes=\"auto, (max-width: 300px) 100vw, 300px\" \/><\/p>\n<p>&nbsp;<\/p>\n<div class=\"wpb_text_column wpb_content_element \">\n<div class=\"wpb_wrapper\"><\/div>\n<\/div>\n<p><\/p>","protected":false},"excerpt":{"rendered":"<h2><span style=\"color: #fa0014;\">1305 Pneumatic Potato Cutter\u00a0<\/span><\/h2>\n<p>The Pneumatic Potato Cutter slices potatoes quickly and precisely, reducing labor effort, saving time, and ensuring uniform, flawless cuts to increase kitchen efficiency. Thanks to its sharp stainless steel blades, it produces equal-sized potato slices effortlessly at the desired thickness.<\/p>\n<p><img loading=\"lazy\" decoding=\"async\" class=\"alignnone wp-image-11963\" src=\"https:\/\/cancan.com.tr\/wp-content\/uploads\/2023\/09\/Adsiz-tasarim-57-300x150.png\" alt=\"\" width=\"203\" height=\"102\" srcset=\"https:\/\/cancan.com.tr\/wp-content\/uploads\/2023\/09\/Adsiz-tasarim-57-300x150.png 300w, https:\/\/cancan.com.tr\/wp-content\/uploads\/2023\/09\/Adsiz-tasarim-57-1024x512.png 1024w, https:\/\/cancan.com.tr\/wp-content\/uploads\/2023\/09\/Adsiz-tasarim-57-768x384.png 768w, https:\/\/cancan.com.tr\/wp-content\/uploads\/2023\/09\/Adsiz-tasarim-57.png 1181w\" sizes=\"auto, (max-width: 203px) 100vw, 203px\" \/><\/p>\n<p>https:\/\/youtu.be\/Ivp9Y-ND27k?si=5g1SYF24S7Jz5GwX<\/p>\n","protected":false},"featured_media":12021,"comment_status":"closed","ping_status":"closed","template":"","meta":[],"product_cat":[15,171,195],"product_tag":[186,190,222,145,187,189,218,220,183,139],"class_list":["post-6038","product","type-product","status-publish","has-post-thumbnail","hentry","product_cat-tum-urunler","product_cat-hazirlik-ekipmanlari","product_cat-kesici-ve-dilimleyiciler","product_tag-hastane","product_tag-kafe","product_tag-kesiciler-hazirlik","product_tag-tag1","product_tag-ogrenci-yurtlari","product_tag-otel","product_tag-paslanmaz","product_tag-elektrikli-hazirlik","product_tag-restoranlar","product_tag-camera"],"acf":[],"yoast_head":"<!-- This site is optimized with the Yoast SEO plugin v27.0 - https:\/\/yoast.com\/product\/yoast-seo-wordpress\/ -->\n<title>1305 Pneumatic Potato Cutter - Cancan Meyve Presleri<\/title>\n<meta name=\"robots\" content=\"index, follow, max-snippet:-1, max-image-preview:large, max-video-preview:-1\" \/>\n<link rel=\"canonical\" href=\"https:\/\/cancan.com.tr\/en\/all-products\/pneumatic-potato-cutter\/\" \/>\n<meta property=\"og:locale\" content=\"en_US\" \/>\n<meta property=\"og:type\" content=\"article\" \/>\n<meta property=\"og:title\" content=\"[:tr]1305 Pn\u00f6matik Parmak Patates Dilimleme Makinesi[:en]1305 Pneumatic Potato Cutter[:] - Cancan Meyve Presleri\" \/>\n<meta property=\"og:description\" content=\"[:tr] 1305 Pn\u00f6matik Parmak Patates Dilimleme Makinesi Pn\u00f6matik Parmak Patates Dilimleme Makinesi ile patatesler h\u0131zl\u0131 ve hassas bir \u015fekilde dilimlenir. Hem i\u015f g\u00fcc\u00fcn\u00fc etkili bir \u015fekilde azaltarak zaman tasarrufu sa\u011flar hem de kesimleri e\u015fit ve kusursuz bir \u015fekilde ger\u00e7ekle\u015ftirerek verimlili\u011fi artt\u0131r\u0131r. Keskin paslanmaz \u00e7elik b\u0131\u00e7aklar sayesinde tercih edilen kal\u0131nl\u0131kta e\u015fit patates dilimleri zahmetsizce elde edilir.    https:\/\/youtu.be\/Ivp9Y-ND27k?si=5g1SYF24S7Jz5GwX[:en]1305 Pneumatic Potato Cutter\u00a0 The Pneumatic Potato Cutter slices potatoes quickly and precisely, reducing labor effort, saving time, and ensuring uniform, flawless cuts to increase kitchen efficiency. Thanks to its sharp stainless steel blades, it produces equal-sized potato slices effortlessly at the desired thickness.    https:\/\/youtu.be\/Ivp9Y-ND27k?si=5g1SYF24S7Jz5GwX[:]\" \/>\n<meta property=\"og:url\" content=\"https:\/\/cancan.com.tr\/en\/all-products\/pneumatic-potato-cutter\/\" \/>\n<meta property=\"og:site_name\" content=\"Cancan Meyve Presleri\" \/>\n<meta property=\"article:modified_time\" content=\"2026-04-13T10:20:46+00:00\" \/>\n<meta property=\"og:image\" content=\"https:\/\/cancan.com.tr\/wp-content\/uploads\/2023\/09\/0E7A7787-scaled.jpg\" \/>\n\t<meta property=\"og:image:width\" content=\"2560\" \/>\n\t<meta property=\"og:image:height\" content=\"1707\" \/>\n\t<meta property=\"og:image:type\" content=\"image\/jpeg\" \/>\n<meta name=\"twitter:card\" content=\"summary_large_image\" \/>\n<meta name=\"twitter:label1\" content=\"Est. reading time\" \/>\n\t<meta name=\"twitter:data1\" content=\"2 minutes\" \/>\n<script type=\"application\/ld+json\" class=\"yoast-schema-graph\">{\"@context\":\"https:\/\/schema.org\",\"@graph\":[{\"@type\":\"WebPage\",\"@id\":\"https:\/\/cancan.com.tr\/en\/all-products\/pneumatic-potato-cutter\/\",\"url\":\"https:\/\/cancan.com.tr\/en\/all-products\/pneumatic-potato-cutter\/\",\"name\":\"[:tr]1305 Pn\u00f6matik Parmak Patates Dilimleme Makinesi[:en]1305 Pneumatic Potato Cutter[:] - Cancan Meyve Presleri\",\"isPartOf\":{\"@id\":\"https:\/\/cancan.com.tr\/#website\"},\"primaryImageOfPage\":{\"@id\":\"https:\/\/cancan.com.tr\/en\/all-products\/pneumatic-potato-cutter\/#primaryimage\"},\"image\":{\"@id\":\"https:\/\/cancan.com.tr\/en\/all-products\/pneumatic-potato-cutter\/#primaryimage\"},\"thumbnailUrl\":\"https:\/\/cancan.com.tr\/wp-content\/uploads\/2023\/09\/0E7A7787-scaled.jpg\",\"datePublished\":\"2023-09-18T10:06:28+00:00\",\"dateModified\":\"2026-04-13T10:20:46+00:00\",\"breadcrumb\":{\"@id\":\"https:\/\/cancan.com.tr\/en\/all-products\/pneumatic-potato-cutter\/#breadcrumb\"},\"inLanguage\":\"en-US\",\"potentialAction\":[{\"@type\":\"ReadAction\",\"target\":[\"https:\/\/cancan.com.tr\/en\/all-products\/pneumatic-potato-cutter\/\"]}]},{\"@type\":\"ImageObject\",\"inLanguage\":\"en-US\",\"@id\":\"https:\/\/cancan.com.tr\/en\/all-products\/pneumatic-potato-cutter\/#primaryimage\",\"url\":\"https:\/\/cancan.com.tr\/wp-content\/uploads\/2023\/09\/0E7A7787-scaled.jpg\",\"contentUrl\":\"https:\/\/cancan.com.tr\/wp-content\/uploads\/2023\/09\/0E7A7787-scaled.jpg\",\"width\":2560,\"height\":1707},{\"@type\":\"BreadcrumbList\",\"@id\":\"https:\/\/cancan.com.tr\/en\/all-products\/pneumatic-potato-cutter\/#breadcrumb\",\"itemListElement\":[{\"@type\":\"ListItem\",\"position\":1,\"name\":\"Anasayfa\",\"item\":\"https:\/\/cancan.com.tr\/\"},{\"@type\":\"ListItem\",\"position\":2,\"name\":\"Products\",\"item\":\"https:\/\/cancan.com.tr\/en\/products-2\/\"},{\"@type\":\"ListItem\",\"position\":3,\"name\":\"1305 Pneumatic Potato Cutter\"}]},{\"@type\":\"WebSite\",\"@id\":\"https:\/\/cancan.com.tr\/#website\",\"url\":\"https:\/\/cancan.com.tr\/\",\"name\":\"Cancan Meyve Presleri\",\"description\":\"www.cancan.com.tr\",\"publisher\":{\"@id\":\"https:\/\/cancan.com.tr\/#organization\"},\"potentialAction\":[{\"@type\":\"SearchAction\",\"target\":{\"@type\":\"EntryPoint\",\"urlTemplate\":\"https:\/\/cancan.com.tr\/?s={search_term_string}\"},\"query-input\":{\"@type\":\"PropertyValueSpecification\",\"valueRequired\":true,\"valueName\":\"search_term_string\"}}],\"inLanguage\":\"en-US\"},{\"@type\":\"Organization\",\"@id\":\"https:\/\/cancan.com.tr\/#organization\",\"name\":\"Cancan Meyve Presleri\",\"url\":\"https:\/\/cancan.com.tr\/\",\"logo\":{\"@type\":\"ImageObject\",\"inLanguage\":\"en-US\",\"@id\":\"https:\/\/cancan.com.tr\/#\/schema\/logo\/image\/\",\"url\":\"https:\/\/cancan.com.tr\/wp-content\/uploads\/2026\/03\/CancanLogo.png\",\"contentUrl\":\"https:\/\/cancan.com.tr\/wp-content\/uploads\/2026\/03\/CancanLogo.png\",\"width\":362,\"height\":67,\"caption\":\"Cancan Meyve Presleri\"},\"image\":{\"@id\":\"https:\/\/cancan.com.tr\/#\/schema\/logo\/image\/\"}}]}<\/script>\n<!-- \/ Yoast SEO plugin. -->","yoast_head_json":{"title":"[:tr]1305 Pn\u00f6matik Parmak Patates Dilimleme Makinesi[:en]1305 Pneumatic Potato Cutter[:] - Cancan Meyve Presleri","robots":{"index":"index","follow":"follow","max-snippet":"max-snippet:-1","max-image-preview":"max-image-preview:large","max-video-preview":"max-video-preview:-1"},"canonical":"https:\/\/cancan.com.tr\/en\/all-products\/pneumatic-potato-cutter\/","og_locale":"en_US","og_type":"article","og_title":"[:tr]1305 Pn\u00f6matik Parmak Patates Dilimleme Makinesi[:en]1305 Pneumatic Potato Cutter[:] - Cancan Meyve Presleri","og_description":"[:tr] 1305 Pn\u00f6matik Parmak Patates Dilimleme Makinesi Pn\u00f6matik Parmak Patates Dilimleme Makinesi ile patatesler h\u0131zl\u0131 ve hassas bir \u015fekilde dilimlenir. Hem i\u015f g\u00fcc\u00fcn\u00fc etkili bir \u015fekilde azaltarak zaman tasarrufu sa\u011flar hem de kesimleri e\u015fit ve kusursuz bir \u015fekilde ger\u00e7ekle\u015ftirerek verimlili\u011fi artt\u0131r\u0131r. Keskin paslanmaz \u00e7elik b\u0131\u00e7aklar sayesinde tercih edilen kal\u0131nl\u0131kta e\u015fit patates dilimleri zahmetsizce elde edilir.    https:\/\/youtu.be\/Ivp9Y-ND27k?si=5g1SYF24S7Jz5GwX[:en]1305 Pneumatic Potato Cutter\u00a0 The Pneumatic Potato Cutter slices potatoes quickly and precisely, reducing labor effort, saving time, and ensuring uniform, flawless cuts to increase kitchen efficiency. Thanks to its sharp stainless steel blades, it produces equal-sized potato slices effortlessly at the desired thickness.    https:\/\/youtu.be\/Ivp9Y-ND27k?si=5g1SYF24S7Jz5GwX[:]","og_url":"https:\/\/cancan.com.tr\/en\/all-products\/pneumatic-potato-cutter\/","og_site_name":"Cancan Meyve Presleri","article_modified_time":"2026-04-13T10:20:46+00:00","og_image":[{"width":2560,"height":1707,"url":"https:\/\/cancan.com.tr\/wp-content\/uploads\/2023\/09\/0E7A7787-scaled.jpg","type":"image\/jpeg"}],"twitter_card":"summary_large_image","twitter_misc":{"Est. reading time":"2 minutes"},"schema":{"@context":"https:\/\/schema.org","@graph":[{"@type":"WebPage","@id":"https:\/\/cancan.com.tr\/en\/all-products\/pneumatic-potato-cutter\/","url":"https:\/\/cancan.com.tr\/en\/all-products\/pneumatic-potato-cutter\/","name":"[:tr]1305 Pn\u00f6matik Parmak Patates Dilimleme Makinesi[:en]1305 Pneumatic Potato Cutter[:] - Cancan Meyve Presleri","isPartOf":{"@id":"https:\/\/cancan.com.tr\/#website"},"primaryImageOfPage":{"@id":"https:\/\/cancan.com.tr\/en\/all-products\/pneumatic-potato-cutter\/#primaryimage"},"image":{"@id":"https:\/\/cancan.com.tr\/en\/all-products\/pneumatic-potato-cutter\/#primaryimage"},"thumbnailUrl":"https:\/\/cancan.com.tr\/wp-content\/uploads\/2023\/09\/0E7A7787-scaled.jpg","datePublished":"2023-09-18T10:06:28+00:00","dateModified":"2026-04-13T10:20:46+00:00","breadcrumb":{"@id":"https:\/\/cancan.com.tr\/en\/all-products\/pneumatic-potato-cutter\/#breadcrumb"},"inLanguage":"en-US","potentialAction":[{"@type":"ReadAction","target":["https:\/\/cancan.com.tr\/en\/all-products\/pneumatic-potato-cutter\/"]}]},{"@type":"ImageObject","inLanguage":"en-US","@id":"https:\/\/cancan.com.tr\/en\/all-products\/pneumatic-potato-cutter\/#primaryimage","url":"https:\/\/cancan.com.tr\/wp-content\/uploads\/2023\/09\/0E7A7787-scaled.jpg","contentUrl":"https:\/\/cancan.com.tr\/wp-content\/uploads\/2023\/09\/0E7A7787-scaled.jpg","width":2560,"height":1707},{"@type":"BreadcrumbList","@id":"https:\/\/cancan.com.tr\/en\/all-products\/pneumatic-potato-cutter\/#breadcrumb","itemListElement":[{"@type":"ListItem","position":1,"name":"Anasayfa","item":"https:\/\/cancan.com.tr\/"},{"@type":"ListItem","position":2,"name":"Products","item":"https:\/\/cancan.com.tr\/en\/products-2\/"},{"@type":"ListItem","position":3,"name":"1305 Pneumatic Potato Cutter"}]},{"@type":"WebSite","@id":"https:\/\/cancan.com.tr\/#website","url":"https:\/\/cancan.com.tr\/","name":"Cancan Meyve Presleri","description":"www.cancan.com.tr","publisher":{"@id":"https:\/\/cancan.com.tr\/#organization"},"potentialAction":[{"@type":"SearchAction","target":{"@type":"EntryPoint","urlTemplate":"https:\/\/cancan.com.tr\/?s={search_term_string}"},"query-input":{"@type":"PropertyValueSpecification","valueRequired":true,"valueName":"search_term_string"}}],"inLanguage":"en-US"},{"@type":"Organization","@id":"https:\/\/cancan.com.tr\/#organization","name":"Cancan Meyve Presleri","url":"https:\/\/cancan.com.tr\/","logo":{"@type":"ImageObject","inLanguage":"en-US","@id":"https:\/\/cancan.com.tr\/#\/schema\/logo\/image\/","url":"https:\/\/cancan.com.tr\/wp-content\/uploads\/2026\/03\/CancanLogo.png","contentUrl":"https:\/\/cancan.com.tr\/wp-content\/uploads\/2026\/03\/CancanLogo.png","width":362,"height":67,"caption":"Cancan Meyve Presleri"},"image":{"@id":"https:\/\/cancan.com.tr\/#\/schema\/logo\/image\/"}}]}},"_links":{"self":[{"href":"https:\/\/cancan.com.tr\/en\/wp-json\/wp\/v2\/product\/6038","targetHints":{"allow":["GET"]}}],"collection":[{"href":"https:\/\/cancan.com.tr\/en\/wp-json\/wp\/v2\/product"}],"about":[{"href":"https:\/\/cancan.com.tr\/en\/wp-json\/wp\/v2\/types\/product"}],"replies":[{"embeddable":true,"href":"https:\/\/cancan.com.tr\/en\/wp-json\/wp\/v2\/comments?post=6038"}],"wp:featuredmedia":[{"embeddable":true,"href":"https:\/\/cancan.com.tr\/en\/wp-json\/wp\/v2\/media\/12021"}],"wp:attachment":[{"href":"https:\/\/cancan.com.tr\/en\/wp-json\/wp\/v2\/media?parent=6038"}],"wp:term":[{"taxonomy":"product_cat","embeddable":true,"href":"https:\/\/cancan.com.tr\/en\/wp-json\/wp\/v2\/product_cat?post=6038"},{"taxonomy":"product_tag","embeddable":true,"href":"https:\/\/cancan.com.tr\/en\/wp-json\/wp\/v2\/product_tag?post=6038"}],"curies":[{"name":"wp","href":"https:\/\/api.w.org\/{rel}","templated":true}]}}