{"id":6036,"date":"2023-09-18T12:55:16","date_gmt":"2023-09-18T09:55:16","guid":{"rendered":"https:\/\/mostdijital.com\/cancan\/?post_type=product&#038;p=6036"},"modified":"2026-03-02T16:19:42","modified_gmt":"2026-03-02T13:19:42","slug":"1306-domates-kasigi","status":"publish","type":"product","link":"https:\/\/cancan.com.tr\/en\/all-products\/coring-spoon\/","title":{"rendered":"1306 Coring Spoon"},"content":{"rendered":"<p><\/p>\n<h2><span style=\"color: #fa0014;\">1306 Coring Spoon<\/span><\/h2>\n<p>The Coring Spoon, effi ciently removes tomatostems in a single action, simplifying creativeculinary tasks like tomato carving. This specialized tool facilitates quick and easy preparation of fresh tomatoes, making it a valuable addition to your kitchen utensils.<\/p>\n<hr \/>\n<h4>All Stainless Steel<\/h4>\n<p>The tomato spoon is made of stainless steel material suitable for food contact.<\/p>\n<hr \/>\n<h4>Minimum Fire Rate<\/h4>\n<p>The waste rate in tomato spoon is at minimum level.<\/p>\n<hr \/>\n<h4>Comfortable Grip<\/h4>\n<p>The special design of the tomato spoon provides a comfortable grip during operation.<\/p>","protected":false},"excerpt":{"rendered":"<h2><span style=\"color: #fa0014;\">1306 Coring Spoon<\/span><\/h2>\n<p>The Coring Spoon, effi ciently removes tomatostems in a single action, simplifying creativeculinary tasks like tomato carving. This specialized tool facilitates quick and easy preparation of fresh tomatoes, making it a valuable addition to your kitchen utensils.<\/p>\n<p><img loading=\"lazy\" decoding=\"async\" class=\"alignnone wp-image-8554\" src=\"https:\/\/cancan.com.tr\/wp-content\/uploads\/2023\/09\/ing-hazirlik-300x94.png\" alt=\"\" width=\"275\" height=\"86\" srcset=\"https:\/\/cancan.com.tr\/wp-content\/uploads\/2023\/09\/ing-hazirlik-300x94.png 300w, https:\/\/cancan.com.tr\/wp-content\/uploads\/2023\/09\/ing-hazirlik-600x188.png 600w, https:\/\/cancan.com.tr\/wp-content\/uploads\/2023\/09\/ing-hazirlik.png 752w\" sizes=\"auto, (max-width: 275px) 100vw, 275px\" \/><\/p>\n","protected":false},"featured_media":6037,"comment_status":"closed","ping_status":"closed","template":"","meta":[],"product_cat":[248,247,249,15,171,195,200],"product_tag":[186,190,222,145,219,187,189,218,183,139],"class_list":["post-6036","product","type-product","status-publish","has-post-thumbnail","hentry","product_cat-oteller","product_cat-restoranlar","product_cat-yerel-isletmeler","product_cat-tum-urunler","product_cat-hazirlik-ekipmanlari","product_cat-kesici-ve-dilimleyiciler","product_cat-yedek-parca-ve-aksesuarlar","product_tag-hastane","product_tag-kafe","product_tag-kesiciler-hazirlik","product_tag-tag1","product_tag-manuel-hazirlik","product_tag-ogrenci-yurtlari","product_tag-otel","product_tag-paslanmaz","product_tag-restoranlar","product_tag-camera"],"acf":[],"yoast_head":"<!-- This site is optimized with the Yoast SEO plugin v27.0 - https:\/\/yoast.com\/product\/yoast-seo-wordpress\/ -->\n<title>1306 Coring Spoon - Cancan Meyve Presleri<\/title>\n<meta name=\"robots\" content=\"index, follow, max-snippet:-1, max-image-preview:large, max-video-preview:-1\" \/>\n<link rel=\"canonical\" href=\"https:\/\/cancan.com.tr\/tum-urunler\/domates-kasigi\/\" \/>\n<meta property=\"og:locale\" content=\"en_US\" \/>\n<meta property=\"og:type\" content=\"article\" \/>\n<meta property=\"og:title\" content=\"[:tr]1306 Domates Ka\u015f\u0131\u011f\u0131[:en]1306 Coring Spoon[:] - Cancan Meyve Presleri\" \/>\n<meta property=\"og:description\" content=\"[:tr]1306 Domates Ka\u015f\u0131\u011f\u0131 Domates ka\u015f\u0131\u011f\u0131 tek hamlede domates sap\u0131 \u00e7\u0131kartma i\u015flemini ger\u00e7ekle\u015ftirir. Bu \u00f6zel ka\u015f\u0131k, domateslerin kolayca oyulmas\u0131n\u0131 sa\u011flayarak yarat\u0131c\u0131 mutfak i\u015flerinde yard\u0131mc\u0131 olur. Domates ka\u015f\u0131\u011f\u0131, taze domatesleri h\u0131zl\u0131 ve etkili bir \u015fekilde haz\u0131rlama imkan\u0131 sunar.  [:en]1306 Coring Spoon The Coring Spoon, effi ciently removes tomatostems in a single action, simplifying creativeculinary tasks like tomato carving. This specialized tool facilitates quick and easy preparation of fresh tomatoes, making it a valuable addition to your kitchen utensils.  [:]\" \/>\n<meta property=\"og:url\" content=\"https:\/\/cancan.com.tr\/tum-urunler\/domates-kasigi\/\" \/>\n<meta property=\"og:site_name\" content=\"Cancan Meyve Presleri\" \/>\n<meta property=\"article:modified_time\" content=\"2026-03-02T13:19:42+00:00\" \/>\n<meta property=\"og:image\" content=\"https:\/\/cancan.com.tr\/wp-content\/uploads\/2023\/09\/DSC03964-copy-scaled.jpg\" \/>\n\t<meta property=\"og:image:width\" content=\"2560\" \/>\n\t<meta property=\"og:image:height\" content=\"1707\" \/>\n\t<meta property=\"og:image:type\" content=\"image\/jpeg\" \/>\n<meta name=\"twitter:card\" content=\"summary_large_image\" \/>\n<meta name=\"twitter:label1\" content=\"Est. reading time\" \/>\n\t<meta name=\"twitter:data1\" content=\"1 minute\" \/>\n<script type=\"application\/ld+json\" class=\"yoast-schema-graph\">{\"@context\":\"https:\/\/schema.org\",\"@graph\":[{\"@type\":\"WebPage\",\"@id\":\"https:\/\/cancan.com.tr\/tum-urunler\/domates-kasigi\/\",\"url\":\"https:\/\/cancan.com.tr\/tum-urunler\/domates-kasigi\/\",\"name\":\"[:tr]1306 Domates Ka\u015f\u0131\u011f\u0131[:en]1306 Coring Spoon[:] - Cancan Meyve Presleri\",\"isPartOf\":{\"@id\":\"https:\/\/cancan.com.tr\/#website\"},\"primaryImageOfPage\":{\"@id\":\"https:\/\/cancan.com.tr\/tum-urunler\/domates-kasigi\/#primaryimage\"},\"image\":{\"@id\":\"https:\/\/cancan.com.tr\/tum-urunler\/domates-kasigi\/#primaryimage\"},\"thumbnailUrl\":\"https:\/\/cancan.com.tr\/wp-content\/uploads\/2023\/09\/DSC03964-copy-scaled.jpg\",\"datePublished\":\"2023-09-18T09:55:16+00:00\",\"dateModified\":\"2026-03-02T13:19:42+00:00\",\"breadcrumb\":{\"@id\":\"https:\/\/cancan.com.tr\/tum-urunler\/domates-kasigi\/#breadcrumb\"},\"inLanguage\":\"en-US\",\"potentialAction\":[{\"@type\":\"ReadAction\",\"target\":[\"https:\/\/cancan.com.tr\/tum-urunler\/domates-kasigi\/\"]}]},{\"@type\":\"ImageObject\",\"inLanguage\":\"en-US\",\"@id\":\"https:\/\/cancan.com.tr\/tum-urunler\/domates-kasigi\/#primaryimage\",\"url\":\"https:\/\/cancan.com.tr\/wp-content\/uploads\/2023\/09\/DSC03964-copy-scaled.jpg\",\"contentUrl\":\"https:\/\/cancan.com.tr\/wp-content\/uploads\/2023\/09\/DSC03964-copy-scaled.jpg\",\"width\":2560,\"height\":1707},{\"@type\":\"BreadcrumbList\",\"@id\":\"https:\/\/cancan.com.tr\/tum-urunler\/domates-kasigi\/#breadcrumb\",\"itemListElement\":[{\"@type\":\"ListItem\",\"position\":1,\"name\":\"Anasayfa\",\"item\":\"https:\/\/cancan.com.tr\/\"},{\"@type\":\"ListItem\",\"position\":2,\"name\":\"Products\",\"item\":\"https:\/\/cancan.com.tr\/en\/products-2\/\"},{\"@type\":\"ListItem\",\"position\":3,\"name\":\"1306 Domates Ka\u015f\u0131\u011f\u0131\"}]},{\"@type\":\"WebSite\",\"@id\":\"https:\/\/cancan.com.tr\/#website\",\"url\":\"https:\/\/cancan.com.tr\/\",\"name\":\"Cancan Meyve Presleri\",\"description\":\"www.cancan.com.tr\",\"publisher\":{\"@id\":\"https:\/\/cancan.com.tr\/#organization\"},\"potentialAction\":[{\"@type\":\"SearchAction\",\"target\":{\"@type\":\"EntryPoint\",\"urlTemplate\":\"https:\/\/cancan.com.tr\/?s={search_term_string}\"},\"query-input\":{\"@type\":\"PropertyValueSpecification\",\"valueRequired\":true,\"valueName\":\"search_term_string\"}}],\"inLanguage\":\"en-US\"},{\"@type\":\"Organization\",\"@id\":\"https:\/\/cancan.com.tr\/#organization\",\"name\":\"Cancan Meyve Presleri\",\"url\":\"https:\/\/cancan.com.tr\/\",\"logo\":{\"@type\":\"ImageObject\",\"inLanguage\":\"en-US\",\"@id\":\"https:\/\/cancan.com.tr\/#\/schema\/logo\/image\/\",\"url\":\"https:\/\/cancan.com.tr\/wp-content\/uploads\/2026\/03\/CancanLogo.png\",\"contentUrl\":\"https:\/\/cancan.com.tr\/wp-content\/uploads\/2026\/03\/CancanLogo.png\",\"width\":362,\"height\":67,\"caption\":\"Cancan Meyve Presleri\"},\"image\":{\"@id\":\"https:\/\/cancan.com.tr\/#\/schema\/logo\/image\/\"}}]}<\/script>\n<!-- \/ Yoast SEO plugin. -->","yoast_head_json":{"title":"[:tr]1306 Domates Ka\u015f\u0131\u011f\u0131[:en]1306 Coring Spoon[:] - Cancan Meyve Presleri","robots":{"index":"index","follow":"follow","max-snippet":"max-snippet:-1","max-image-preview":"max-image-preview:large","max-video-preview":"max-video-preview:-1"},"canonical":"https:\/\/cancan.com.tr\/tum-urunler\/domates-kasigi\/","og_locale":"en_US","og_type":"article","og_title":"[:tr]1306 Domates Ka\u015f\u0131\u011f\u0131[:en]1306 Coring Spoon[:] - Cancan Meyve Presleri","og_description":"[:tr]1306 Domates Ka\u015f\u0131\u011f\u0131 Domates ka\u015f\u0131\u011f\u0131 tek hamlede domates sap\u0131 \u00e7\u0131kartma i\u015flemini ger\u00e7ekle\u015ftirir. Bu \u00f6zel ka\u015f\u0131k, domateslerin kolayca oyulmas\u0131n\u0131 sa\u011flayarak yarat\u0131c\u0131 mutfak i\u015flerinde yard\u0131mc\u0131 olur. Domates ka\u015f\u0131\u011f\u0131, taze domatesleri h\u0131zl\u0131 ve etkili bir \u015fekilde haz\u0131rlama imkan\u0131 sunar.  [:en]1306 Coring Spoon The Coring Spoon, effi ciently removes tomatostems in a single action, simplifying creativeculinary tasks like tomato carving. This specialized tool facilitates quick and easy preparation of fresh tomatoes, making it a valuable addition to your kitchen utensils.  [:]","og_url":"https:\/\/cancan.com.tr\/tum-urunler\/domates-kasigi\/","og_site_name":"Cancan Meyve Presleri","article_modified_time":"2026-03-02T13:19:42+00:00","og_image":[{"width":2560,"height":1707,"url":"https:\/\/cancan.com.tr\/wp-content\/uploads\/2023\/09\/DSC03964-copy-scaled.jpg","type":"image\/jpeg"}],"twitter_card":"summary_large_image","twitter_misc":{"Est. reading time":"1 minute"},"schema":{"@context":"https:\/\/schema.org","@graph":[{"@type":"WebPage","@id":"https:\/\/cancan.com.tr\/tum-urunler\/domates-kasigi\/","url":"https:\/\/cancan.com.tr\/tum-urunler\/domates-kasigi\/","name":"[:tr]1306 Domates Ka\u015f\u0131\u011f\u0131[:en]1306 Coring Spoon[:] - Cancan Meyve Presleri","isPartOf":{"@id":"https:\/\/cancan.com.tr\/#website"},"primaryImageOfPage":{"@id":"https:\/\/cancan.com.tr\/tum-urunler\/domates-kasigi\/#primaryimage"},"image":{"@id":"https:\/\/cancan.com.tr\/tum-urunler\/domates-kasigi\/#primaryimage"},"thumbnailUrl":"https:\/\/cancan.com.tr\/wp-content\/uploads\/2023\/09\/DSC03964-copy-scaled.jpg","datePublished":"2023-09-18T09:55:16+00:00","dateModified":"2026-03-02T13:19:42+00:00","breadcrumb":{"@id":"https:\/\/cancan.com.tr\/tum-urunler\/domates-kasigi\/#breadcrumb"},"inLanguage":"en-US","potentialAction":[{"@type":"ReadAction","target":["https:\/\/cancan.com.tr\/tum-urunler\/domates-kasigi\/"]}]},{"@type":"ImageObject","inLanguage":"en-US","@id":"https:\/\/cancan.com.tr\/tum-urunler\/domates-kasigi\/#primaryimage","url":"https:\/\/cancan.com.tr\/wp-content\/uploads\/2023\/09\/DSC03964-copy-scaled.jpg","contentUrl":"https:\/\/cancan.com.tr\/wp-content\/uploads\/2023\/09\/DSC03964-copy-scaled.jpg","width":2560,"height":1707},{"@type":"BreadcrumbList","@id":"https:\/\/cancan.com.tr\/tum-urunler\/domates-kasigi\/#breadcrumb","itemListElement":[{"@type":"ListItem","position":1,"name":"Anasayfa","item":"https:\/\/cancan.com.tr\/"},{"@type":"ListItem","position":2,"name":"Products","item":"https:\/\/cancan.com.tr\/en\/products-2\/"},{"@type":"ListItem","position":3,"name":"1306 Domates Ka\u015f\u0131\u011f\u0131"}]},{"@type":"WebSite","@id":"https:\/\/cancan.com.tr\/#website","url":"https:\/\/cancan.com.tr\/","name":"Cancan Meyve Presleri","description":"www.cancan.com.tr","publisher":{"@id":"https:\/\/cancan.com.tr\/#organization"},"potentialAction":[{"@type":"SearchAction","target":{"@type":"EntryPoint","urlTemplate":"https:\/\/cancan.com.tr\/?s={search_term_string}"},"query-input":{"@type":"PropertyValueSpecification","valueRequired":true,"valueName":"search_term_string"}}],"inLanguage":"en-US"},{"@type":"Organization","@id":"https:\/\/cancan.com.tr\/#organization","name":"Cancan Meyve Presleri","url":"https:\/\/cancan.com.tr\/","logo":{"@type":"ImageObject","inLanguage":"en-US","@id":"https:\/\/cancan.com.tr\/#\/schema\/logo\/image\/","url":"https:\/\/cancan.com.tr\/wp-content\/uploads\/2026\/03\/CancanLogo.png","contentUrl":"https:\/\/cancan.com.tr\/wp-content\/uploads\/2026\/03\/CancanLogo.png","width":362,"height":67,"caption":"Cancan Meyve Presleri"},"image":{"@id":"https:\/\/cancan.com.tr\/#\/schema\/logo\/image\/"}}]}},"_links":{"self":[{"href":"https:\/\/cancan.com.tr\/en\/wp-json\/wp\/v2\/product\/6036","targetHints":{"allow":["GET"]}}],"collection":[{"href":"https:\/\/cancan.com.tr\/en\/wp-json\/wp\/v2\/product"}],"about":[{"href":"https:\/\/cancan.com.tr\/en\/wp-json\/wp\/v2\/types\/product"}],"replies":[{"embeddable":true,"href":"https:\/\/cancan.com.tr\/en\/wp-json\/wp\/v2\/comments?post=6036"}],"wp:featuredmedia":[{"embeddable":true,"href":"https:\/\/cancan.com.tr\/en\/wp-json\/wp\/v2\/media\/6037"}],"wp:attachment":[{"href":"https:\/\/cancan.com.tr\/en\/wp-json\/wp\/v2\/media?parent=6036"}],"wp:term":[{"taxonomy":"product_cat","embeddable":true,"href":"https:\/\/cancan.com.tr\/en\/wp-json\/wp\/v2\/product_cat?post=6036"},{"taxonomy":"product_tag","embeddable":true,"href":"https:\/\/cancan.com.tr\/en\/wp-json\/wp\/v2\/product_tag?post=6036"}],"curies":[{"name":"wp","href":"https:\/\/api.w.org\/{rel}","templated":true}]}}