{"id":6022,"date":"2023-09-18T11:53:29","date_gmt":"2023-09-18T08:53:29","guid":{"rendered":"https:\/\/mostdijital.com\/cancan\/?post_type=product&#038;p=6022"},"modified":"2026-03-02T15:45:10","modified_gmt":"2026-03-02T12:45:10","slug":"1302-domates-dilimleme-makinesi","status":"publish","type":"product","link":"https:\/\/cancan.com.tr\/en\/all-products\/tomato-slicer\/","title":{"rendered":"1302 Tomato Slicer"},"content":{"rendered":"<p><\/p>\n<h2><span style=\"color: #fa0014;\">1302 Tomato Slicer<\/span><\/h2>\n<p>Made of first-class stainless steel material and reinforced with durable components, the tomato slicer is manufactured to withstand intensive use in industrial kitchens. With its serrated blades, the tomato slicer can easily cut through tough and unripe tomatoes, preserving their freshness and flavor.<\/p>\n<hr \/>\n<h4>Sharp Knives<\/h4>\n<p>Slicing thicknesses are 5 mm, 7 mm and 10 mm. The blades change according to demand and slice the tomatoes without crushing them.<\/p>\n<p><b><img loading=\"lazy\" decoding=\"async\" class=\"alignnone size-medium wp-image-8074\" src=\"https:\/\/cancan.com.tr\/wp-content\/uploads\/2023\/09\/1302.14-300x200.jpg\" alt=\"\" width=\"300\" height=\"200\" srcset=\"https:\/\/cancan.com.tr\/wp-content\/uploads\/2023\/09\/1302.14-300x200.jpg 300w, https:\/\/cancan.com.tr\/wp-content\/uploads\/2023\/09\/1302.14-scaled-1200x800.jpg 1200w, https:\/\/cancan.com.tr\/wp-content\/uploads\/2023\/09\/1302.14-1024x683.jpg 1024w, https:\/\/cancan.com.tr\/wp-content\/uploads\/2023\/09\/1302.14-768x512.jpg 768w, https:\/\/cancan.com.tr\/wp-content\/uploads\/2023\/09\/1302.14-1536x1024.jpg 1536w, https:\/\/cancan.com.tr\/wp-content\/uploads\/2023\/09\/1302.14-2048x1365.jpg 2048w\" sizes=\"auto, (max-width: 300px) 100vw, 300px\" \/><\/b><\/p>\n<hr \/>\n<h4>Handle<\/h4>\n<p>It provides a firm and comfortable grip while slicing thanks to its special two handles that ensure a safe cut.<\/p>\n<p><b><img loading=\"lazy\" decoding=\"async\" class=\"alignnone size-medium wp-image-8075\" src=\"https:\/\/cancan.com.tr\/wp-content\/uploads\/2023\/09\/1302.4-200x300.jpg\" alt=\"\" width=\"200\" height=\"300\" srcset=\"https:\/\/cancan.com.tr\/wp-content\/uploads\/2023\/09\/1302.4-200x300.jpg 200w, https:\/\/cancan.com.tr\/wp-content\/uploads\/2023\/09\/1302.4-scaled-1200x1800.jpg 1200w, https:\/\/cancan.com.tr\/wp-content\/uploads\/2023\/09\/1302.4-683x1024.jpg 683w, https:\/\/cancan.com.tr\/wp-content\/uploads\/2023\/09\/1302.4-768x1152.jpg 768w, https:\/\/cancan.com.tr\/wp-content\/uploads\/2023\/09\/1302.4-1024x1536.jpg 1024w, https:\/\/cancan.com.tr\/wp-content\/uploads\/2023\/09\/1302.4-1365x2048.jpg 1365w, https:\/\/cancan.com.tr\/wp-content\/uploads\/2023\/09\/1302.4-scaled.jpg 1707w\" sizes=\"auto, (max-width: 200px) 100vw, 200px\" \/><\/b><\/p>\n<hr \/>\n<h4>Special Suction Cup Feet<\/h4>\n<p>Specially designed non-slip suction cup feet prevent the product from shaking and keep the machine securely fixed.<\/p>\n<p><b><img loading=\"lazy\" decoding=\"async\" class=\"alignnone size-medium wp-image-8076\" src=\"https:\/\/cancan.com.tr\/wp-content\/uploads\/2023\/09\/1302-scaled-e1696920173347-300x105.jpg\" alt=\"\" width=\"300\" height=\"105\" srcset=\"https:\/\/cancan.com.tr\/wp-content\/uploads\/2023\/09\/1302-scaled-e1696920173347-300x105.jpg 300w, https:\/\/cancan.com.tr\/wp-content\/uploads\/2023\/09\/1302-scaled-e1696920173347-1200x420.jpg 1200w, https:\/\/cancan.com.tr\/wp-content\/uploads\/2023\/09\/1302-scaled-e1696920173347-1024x358.jpg 1024w, https:\/\/cancan.com.tr\/wp-content\/uploads\/2023\/09\/1302-scaled-e1696920173347-768x269.jpg 768w, https:\/\/cancan.com.tr\/wp-content\/uploads\/2023\/09\/1302-scaled-e1696920173347-1536x538.jpg 1536w, https:\/\/cancan.com.tr\/wp-content\/uploads\/2023\/09\/1302-scaled-e1696920173347-2048x717.jpg 2048w\" sizes=\"auto, (max-width: 300px) 100vw, 300px\" \/><\/b><\/p>\n<hr \/>\n<p>&nbsp;<\/p>\n<p>&nbsp;<\/p>","protected":false},"excerpt":{"rendered":"<h2><span style=\"color: #fa0014;\">1302 Tomato Slicer<\/span><\/h2>\n<p>Made of first-class stainless steel material and reinforced with durable components, the tomato slicer is manufactured to withstand intensive use in industrial kitchens. With its serrated blades, the tomato slicer can easily cut through tough and unripe tomatoes, preserving their freshness and flavor.<\/p>\n<p>&nbsp;<\/p>\n<p><img loading=\"lazy\" decoding=\"async\" class=\"alignnone wp-image-8554\" src=\"https:\/\/cancan.com.tr\/wp-content\/uploads\/2023\/09\/ing-hazirlik-300x94.png\" alt=\"\" width=\"275\" height=\"86\" srcset=\"https:\/\/cancan.com.tr\/wp-content\/uploads\/2023\/09\/ing-hazirlik-300x94.png 300w, https:\/\/cancan.com.tr\/wp-content\/uploads\/2023\/09\/ing-hazirlik-600x188.png 600w, https:\/\/cancan.com.tr\/wp-content\/uploads\/2023\/09\/ing-hazirlik.png 752w\" sizes=\"auto, (max-width: 275px) 100vw, 275px\" \/><\/p>\n<p>&nbsp;<\/p>\n<p>https:\/\/youtu.be\/ZXwDyZSQgzE?si=79DuRZ_2ERK8-7Zf<\/p>\n","protected":false},"featured_media":10566,"comment_status":"closed","ping_status":"closed","template":"","meta":[],"product_cat":[15,171,195],"product_tag":[190,222,145,219,189,218,183,139,191],"class_list":["post-6022","product","type-product","status-publish","has-post-thumbnail","hentry","product_cat-tum-urunler","product_cat-hazirlik-ekipmanlari","product_cat-kesici-ve-dilimleyiciler","product_tag-kafe","product_tag-kesiciler-hazirlik","product_tag-tag1","product_tag-manuel-hazirlik","product_tag-otel","product_tag-paslanmaz","product_tag-restoranlar","product_tag-camera","product_tag-universiteler"],"acf":[],"yoast_head":"<!-- This site is optimized with the Yoast SEO plugin v27.0 - https:\/\/yoast.com\/product\/yoast-seo-wordpress\/ -->\n<title>1302 Tomato Slicer - Cancan Meyve Presleri<\/title>\n<meta name=\"robots\" content=\"index, follow, max-snippet:-1, max-image-preview:large, max-video-preview:-1\" \/>\n<link rel=\"canonical\" href=\"https:\/\/cancan.com.tr\/tum-urunler\/domates-dilimleme-makinesi\/\" \/>\n<meta property=\"og:locale\" content=\"en_US\" \/>\n<meta property=\"og:type\" content=\"article\" \/>\n<meta property=\"og:title\" content=\"[:tr]1302 Domates Dilimleme Makinesi[:en]1302 Tomato Slicer[:] - Cancan Meyve Presleri\" \/>\n<meta property=\"og:description\" content=\"[:tr]1302 Domates Dilimleme Makinesi Birinci s\u0131n\u0131f paslanmaz \u00e7elik malzemesinde \u00fcretilen, domates dilimleme makinesi, end\u00fcstriyel mutfaklarda yo\u011fun kullan\u0131ma dayan\u0131kl\u0131 \u015fekilde \u00fcretilmi\u015ftir. T\u0131rt\u0131kl\u0131 b\u0131\u00e7aklar\u0131 sayesinde, sert hatta olgunla\u015fmam\u0131\u015f domatesleri bile keserek, tazeli\u011fini ve tad\u0131n\u0131 korur. \u0130\u015flevsel yap\u0131s\u0131 ile mutfaklardaki verimlili\u011fi art\u0131r\u0131r.           https:\/\/youtu.be\/ZXwDyZSQgzE?si=79DuRZ_2ERK8-7Zf[:en]1302 Tomato Slicer Made of first-class stainless steel material and reinforced with durable components, the tomato slicer is manufactured to withstand intensive use in industrial kitchens. With its serrated blades, the tomato slicer can easily cut through tough and unripe tomatoes, preserving their freshness and flavor.  &nbsp;    &nbsp;  https:\/\/youtu.be\/ZXwDyZSQgzE?si=79DuRZ_2ERK8-7Zf[:]\" \/>\n<meta property=\"og:url\" content=\"https:\/\/cancan.com.tr\/tum-urunler\/domates-dilimleme-makinesi\/\" \/>\n<meta property=\"og:site_name\" content=\"Cancan Meyve Presleri\" \/>\n<meta property=\"article:modified_time\" content=\"2026-03-02T12:45:10+00:00\" \/>\n<meta property=\"og:image\" content=\"https:\/\/cancan.com.tr\/wp-content\/uploads\/2023\/09\/1302-2.jpg\" \/>\n\t<meta property=\"og:image:width\" content=\"675\" \/>\n\t<meta property=\"og:image:height\" content=\"828\" \/>\n\t<meta property=\"og:image:type\" content=\"image\/jpeg\" \/>\n<meta name=\"twitter:card\" content=\"summary_large_image\" \/>\n<meta name=\"twitter:label1\" content=\"Est. reading time\" \/>\n\t<meta name=\"twitter:data1\" content=\"1 minute\" \/>\n<script type=\"application\/ld+json\" class=\"yoast-schema-graph\">{\"@context\":\"https:\/\/schema.org\",\"@graph\":[{\"@type\":\"WebPage\",\"@id\":\"https:\/\/cancan.com.tr\/tum-urunler\/domates-dilimleme-makinesi\/\",\"url\":\"https:\/\/cancan.com.tr\/tum-urunler\/domates-dilimleme-makinesi\/\",\"name\":\"[:tr]1302 Domates Dilimleme Makinesi[:en]1302 Tomato Slicer[:] - Cancan Meyve Presleri\",\"isPartOf\":{\"@id\":\"https:\/\/cancan.com.tr\/#website\"},\"primaryImageOfPage\":{\"@id\":\"https:\/\/cancan.com.tr\/tum-urunler\/domates-dilimleme-makinesi\/#primaryimage\"},\"image\":{\"@id\":\"https:\/\/cancan.com.tr\/tum-urunler\/domates-dilimleme-makinesi\/#primaryimage\"},\"thumbnailUrl\":\"https:\/\/cancan.com.tr\/wp-content\/uploads\/2023\/09\/1302-2.jpg\",\"datePublished\":\"2023-09-18T08:53:29+00:00\",\"dateModified\":\"2026-03-02T12:45:10+00:00\",\"breadcrumb\":{\"@id\":\"https:\/\/cancan.com.tr\/tum-urunler\/domates-dilimleme-makinesi\/#breadcrumb\"},\"inLanguage\":\"en-US\",\"potentialAction\":[{\"@type\":\"ReadAction\",\"target\":[\"https:\/\/cancan.com.tr\/tum-urunler\/domates-dilimleme-makinesi\/\"]}]},{\"@type\":\"ImageObject\",\"inLanguage\":\"en-US\",\"@id\":\"https:\/\/cancan.com.tr\/tum-urunler\/domates-dilimleme-makinesi\/#primaryimage\",\"url\":\"https:\/\/cancan.com.tr\/wp-content\/uploads\/2023\/09\/1302-2.jpg\",\"contentUrl\":\"https:\/\/cancan.com.tr\/wp-content\/uploads\/2023\/09\/1302-2.jpg\",\"width\":675,\"height\":828},{\"@type\":\"BreadcrumbList\",\"@id\":\"https:\/\/cancan.com.tr\/tum-urunler\/domates-dilimleme-makinesi\/#breadcrumb\",\"itemListElement\":[{\"@type\":\"ListItem\",\"position\":1,\"name\":\"Anasayfa\",\"item\":\"https:\/\/cancan.com.tr\/\"},{\"@type\":\"ListItem\",\"position\":2,\"name\":\"Products\",\"item\":\"https:\/\/cancan.com.tr\/en\/products-2\/\"},{\"@type\":\"ListItem\",\"position\":3,\"name\":\"1302 Domates Dilimleme Makinesi\"}]},{\"@type\":\"WebSite\",\"@id\":\"https:\/\/cancan.com.tr\/#website\",\"url\":\"https:\/\/cancan.com.tr\/\",\"name\":\"Cancan Meyve Presleri\",\"description\":\"www.cancan.com.tr\",\"publisher\":{\"@id\":\"https:\/\/cancan.com.tr\/#organization\"},\"potentialAction\":[{\"@type\":\"SearchAction\",\"target\":{\"@type\":\"EntryPoint\",\"urlTemplate\":\"https:\/\/cancan.com.tr\/?s={search_term_string}\"},\"query-input\":{\"@type\":\"PropertyValueSpecification\",\"valueRequired\":true,\"valueName\":\"search_term_string\"}}],\"inLanguage\":\"en-US\"},{\"@type\":\"Organization\",\"@id\":\"https:\/\/cancan.com.tr\/#organization\",\"name\":\"Cancan Meyve Presleri\",\"url\":\"https:\/\/cancan.com.tr\/\",\"logo\":{\"@type\":\"ImageObject\",\"inLanguage\":\"en-US\",\"@id\":\"https:\/\/cancan.com.tr\/#\/schema\/logo\/image\/\",\"url\":\"https:\/\/cancan.com.tr\/wp-content\/uploads\/2026\/03\/CancanLogo.png\",\"contentUrl\":\"https:\/\/cancan.com.tr\/wp-content\/uploads\/2026\/03\/CancanLogo.png\",\"width\":362,\"height\":67,\"caption\":\"Cancan Meyve Presleri\"},\"image\":{\"@id\":\"https:\/\/cancan.com.tr\/#\/schema\/logo\/image\/\"}}]}<\/script>\n<!-- \/ Yoast SEO plugin. -->","yoast_head_json":{"title":"[:tr]1302 Domates Dilimleme Makinesi[:en]1302 Tomato Slicer[:] - Cancan Meyve Presleri","robots":{"index":"index","follow":"follow","max-snippet":"max-snippet:-1","max-image-preview":"max-image-preview:large","max-video-preview":"max-video-preview:-1"},"canonical":"https:\/\/cancan.com.tr\/tum-urunler\/domates-dilimleme-makinesi\/","og_locale":"en_US","og_type":"article","og_title":"[:tr]1302 Domates Dilimleme Makinesi[:en]1302 Tomato Slicer[:] - Cancan Meyve Presleri","og_description":"[:tr]1302 Domates Dilimleme Makinesi Birinci s\u0131n\u0131f paslanmaz \u00e7elik malzemesinde \u00fcretilen, domates dilimleme makinesi, end\u00fcstriyel mutfaklarda yo\u011fun kullan\u0131ma dayan\u0131kl\u0131 \u015fekilde \u00fcretilmi\u015ftir. T\u0131rt\u0131kl\u0131 b\u0131\u00e7aklar\u0131 sayesinde, sert hatta olgunla\u015fmam\u0131\u015f domatesleri bile keserek, tazeli\u011fini ve tad\u0131n\u0131 korur. \u0130\u015flevsel yap\u0131s\u0131 ile mutfaklardaki verimlili\u011fi art\u0131r\u0131r.           https:\/\/youtu.be\/ZXwDyZSQgzE?si=79DuRZ_2ERK8-7Zf[:en]1302 Tomato Slicer Made of first-class stainless steel material and reinforced with durable components, the tomato slicer is manufactured to withstand intensive use in industrial kitchens. With its serrated blades, the tomato slicer can easily cut through tough and unripe tomatoes, preserving their freshness and flavor.  &nbsp;    &nbsp;  https:\/\/youtu.be\/ZXwDyZSQgzE?si=79DuRZ_2ERK8-7Zf[:]","og_url":"https:\/\/cancan.com.tr\/tum-urunler\/domates-dilimleme-makinesi\/","og_site_name":"Cancan Meyve Presleri","article_modified_time":"2026-03-02T12:45:10+00:00","og_image":[{"width":675,"height":828,"url":"https:\/\/cancan.com.tr\/wp-content\/uploads\/2023\/09\/1302-2.jpg","type":"image\/jpeg"}],"twitter_card":"summary_large_image","twitter_misc":{"Est. reading time":"1 minute"},"schema":{"@context":"https:\/\/schema.org","@graph":[{"@type":"WebPage","@id":"https:\/\/cancan.com.tr\/tum-urunler\/domates-dilimleme-makinesi\/","url":"https:\/\/cancan.com.tr\/tum-urunler\/domates-dilimleme-makinesi\/","name":"[:tr]1302 Domates Dilimleme Makinesi[:en]1302 Tomato Slicer[:] - Cancan Meyve Presleri","isPartOf":{"@id":"https:\/\/cancan.com.tr\/#website"},"primaryImageOfPage":{"@id":"https:\/\/cancan.com.tr\/tum-urunler\/domates-dilimleme-makinesi\/#primaryimage"},"image":{"@id":"https:\/\/cancan.com.tr\/tum-urunler\/domates-dilimleme-makinesi\/#primaryimage"},"thumbnailUrl":"https:\/\/cancan.com.tr\/wp-content\/uploads\/2023\/09\/1302-2.jpg","datePublished":"2023-09-18T08:53:29+00:00","dateModified":"2026-03-02T12:45:10+00:00","breadcrumb":{"@id":"https:\/\/cancan.com.tr\/tum-urunler\/domates-dilimleme-makinesi\/#breadcrumb"},"inLanguage":"en-US","potentialAction":[{"@type":"ReadAction","target":["https:\/\/cancan.com.tr\/tum-urunler\/domates-dilimleme-makinesi\/"]}]},{"@type":"ImageObject","inLanguage":"en-US","@id":"https:\/\/cancan.com.tr\/tum-urunler\/domates-dilimleme-makinesi\/#primaryimage","url":"https:\/\/cancan.com.tr\/wp-content\/uploads\/2023\/09\/1302-2.jpg","contentUrl":"https:\/\/cancan.com.tr\/wp-content\/uploads\/2023\/09\/1302-2.jpg","width":675,"height":828},{"@type":"BreadcrumbList","@id":"https:\/\/cancan.com.tr\/tum-urunler\/domates-dilimleme-makinesi\/#breadcrumb","itemListElement":[{"@type":"ListItem","position":1,"name":"Anasayfa","item":"https:\/\/cancan.com.tr\/"},{"@type":"ListItem","position":2,"name":"Products","item":"https:\/\/cancan.com.tr\/en\/products-2\/"},{"@type":"ListItem","position":3,"name":"1302 Domates Dilimleme Makinesi"}]},{"@type":"WebSite","@id":"https:\/\/cancan.com.tr\/#website","url":"https:\/\/cancan.com.tr\/","name":"Cancan Meyve Presleri","description":"www.cancan.com.tr","publisher":{"@id":"https:\/\/cancan.com.tr\/#organization"},"potentialAction":[{"@type":"SearchAction","target":{"@type":"EntryPoint","urlTemplate":"https:\/\/cancan.com.tr\/?s={search_term_string}"},"query-input":{"@type":"PropertyValueSpecification","valueRequired":true,"valueName":"search_term_string"}}],"inLanguage":"en-US"},{"@type":"Organization","@id":"https:\/\/cancan.com.tr\/#organization","name":"Cancan Meyve Presleri","url":"https:\/\/cancan.com.tr\/","logo":{"@type":"ImageObject","inLanguage":"en-US","@id":"https:\/\/cancan.com.tr\/#\/schema\/logo\/image\/","url":"https:\/\/cancan.com.tr\/wp-content\/uploads\/2026\/03\/CancanLogo.png","contentUrl":"https:\/\/cancan.com.tr\/wp-content\/uploads\/2026\/03\/CancanLogo.png","width":362,"height":67,"caption":"Cancan Meyve Presleri"},"image":{"@id":"https:\/\/cancan.com.tr\/#\/schema\/logo\/image\/"}}]}},"_links":{"self":[{"href":"https:\/\/cancan.com.tr\/en\/wp-json\/wp\/v2\/product\/6022","targetHints":{"allow":["GET"]}}],"collection":[{"href":"https:\/\/cancan.com.tr\/en\/wp-json\/wp\/v2\/product"}],"about":[{"href":"https:\/\/cancan.com.tr\/en\/wp-json\/wp\/v2\/types\/product"}],"replies":[{"embeddable":true,"href":"https:\/\/cancan.com.tr\/en\/wp-json\/wp\/v2\/comments?post=6022"}],"wp:featuredmedia":[{"embeddable":true,"href":"https:\/\/cancan.com.tr\/en\/wp-json\/wp\/v2\/media\/10566"}],"wp:attachment":[{"href":"https:\/\/cancan.com.tr\/en\/wp-json\/wp\/v2\/media?parent=6022"}],"wp:term":[{"taxonomy":"product_cat","embeddable":true,"href":"https:\/\/cancan.com.tr\/en\/wp-json\/wp\/v2\/product_cat?post=6022"},{"taxonomy":"product_tag","embeddable":true,"href":"https:\/\/cancan.com.tr\/en\/wp-json\/wp\/v2\/product_tag?post=6022"}],"curies":[{"name":"wp","href":"https:\/\/api.w.org\/{rel}","templated":true}]}}