{"id":6015,"date":"2023-09-18T11:36:51","date_gmt":"2023-09-18T08:36:51","guid":{"rendered":"https:\/\/mostdijital.com\/cancan\/?post_type=product&#038;p=6015"},"modified":"2026-04-08T15:19:45","modified_gmt":"2026-04-08T12:19:45","slug":"1301-sebze-meyve-dograyici","status":"publish","type":"product","link":"https:\/\/cancan.com.tr\/en\/all-products\/vegetable-cutter\/","title":{"rendered":"1301 Vegetable &#8211; Fruit Cutter"},"content":{"rendered":"<p><\/p>\n<h4>Sharp Blades<\/h4>\n<p>Stainless steel sharp blades provide fast and precise cutting without crushing vegetables and fruits.<br \/>\nAvailable in 3 different blade sizes, 12.5mm x 12.5mm, 25mm x 25mm and 25mm x 50mm.<\/p>\n<p><img loading=\"lazy\" decoding=\"async\" class=\"alignnone size-medium wp-image-11770\" src=\"https:\/\/cancan.com.tr\/wp-content\/uploads\/2023\/09\/0E7A7491-300x200.jpg\" alt=\"\" width=\"300\" height=\"200\" srcset=\"https:\/\/cancan.com.tr\/wp-content\/uploads\/2023\/09\/0E7A7491-300x200.jpg 300w, https:\/\/cancan.com.tr\/wp-content\/uploads\/2023\/09\/0E7A7491-1024x683.jpg 1024w, https:\/\/cancan.com.tr\/wp-content\/uploads\/2023\/09\/0E7A7491-768x512.jpg 768w, https:\/\/cancan.com.tr\/wp-content\/uploads\/2023\/09\/0E7A7491-1536x1024.jpg 1536w, https:\/\/cancan.com.tr\/wp-content\/uploads\/2023\/09\/0E7A7491-2048x1365.jpg 2048w, https:\/\/cancan.com.tr\/wp-content\/uploads\/2023\/09\/0E7A7491-1200x800.jpg 1200w\" sizes=\"auto, (max-width: 300px) 100vw, 300px\" \/><\/p>\n<hr \/>\n<h4>Manual Locking Pin<\/h4>\n<p>The manual locking pin increases safety before use by securing the device during operation.<\/p>\n<p><img loading=\"lazy\" decoding=\"async\" class=\"alignnone size-medium wp-image-11766\" src=\"https:\/\/cancan.com.tr\/wp-content\/uploads\/2023\/09\/0E7A7484-300x200.jpg\" alt=\"\" width=\"300\" height=\"200\" srcset=\"https:\/\/cancan.com.tr\/wp-content\/uploads\/2023\/09\/0E7A7484-300x200.jpg 300w, https:\/\/cancan.com.tr\/wp-content\/uploads\/2023\/09\/0E7A7484-1024x683.jpg 1024w, https:\/\/cancan.com.tr\/wp-content\/uploads\/2023\/09\/0E7A7484-768x512.jpg 768w, https:\/\/cancan.com.tr\/wp-content\/uploads\/2023\/09\/0E7A7484-1536x1024.jpg 1536w, https:\/\/cancan.com.tr\/wp-content\/uploads\/2023\/09\/0E7A7484-2048x1365.jpg 2048w, https:\/\/cancan.com.tr\/wp-content\/uploads\/2023\/09\/0E7A7484-1200x800.jpg 1200w\" sizes=\"auto, (max-width: 300px) 100vw, 300px\" \/><\/p>\n<hr \/>\n<h4>Tilted Rubber Feet<\/h4>\n<p>Specially designed rubber feet prevent slipping and ensure stable positioning on the countertop.<\/p>\n<p><img loading=\"lazy\" decoding=\"async\" class=\"alignnone size-medium wp-image-11759\" src=\"https:\/\/cancan.com.tr\/wp-content\/uploads\/2023\/09\/0E7A7471-200x300.jpg\" alt=\"\" width=\"200\" height=\"300\" srcset=\"https:\/\/cancan.com.tr\/wp-content\/uploads\/2023\/09\/0E7A7471-200x300.jpg 200w, https:\/\/cancan.com.tr\/wp-content\/uploads\/2023\/09\/0E7A7471-683x1024.jpg 683w, https:\/\/cancan.com.tr\/wp-content\/uploads\/2023\/09\/0E7A7471-768x1152.jpg 768w, https:\/\/cancan.com.tr\/wp-content\/uploads\/2023\/09\/0E7A7471-1024x1536.jpg 1024w, https:\/\/cancan.com.tr\/wp-content\/uploads\/2023\/09\/0E7A7471-1365x2048.jpg 1365w, https:\/\/cancan.com.tr\/wp-content\/uploads\/2023\/09\/0E7A7471-1200x1800.jpg 1200w, https:\/\/cancan.com.tr\/wp-content\/uploads\/2023\/09\/0E7A7471-scaled.jpg 1707w\" sizes=\"auto, (max-width: 200px) 100vw, 200px\" \/><\/p>\n<hr \/>\n<h4>Pushing Block<\/h4>\n<p>The pushing block applies equal pressure on products, preventing crushing and ensuring uniform cutting results.<\/p>\n<p><img loading=\"lazy\" decoding=\"async\" class=\"alignnone size-medium wp-image-11769\" src=\"https:\/\/cancan.com.tr\/wp-content\/uploads\/2023\/09\/0E7A7488-300x200.jpg\" alt=\"\" width=\"300\" height=\"200\" srcset=\"https:\/\/cancan.com.tr\/wp-content\/uploads\/2023\/09\/0E7A7488-300x200.jpg 300w, https:\/\/cancan.com.tr\/wp-content\/uploads\/2023\/09\/0E7A7488-1024x683.jpg 1024w, https:\/\/cancan.com.tr\/wp-content\/uploads\/2023\/09\/0E7A7488-768x512.jpg 768w, https:\/\/cancan.com.tr\/wp-content\/uploads\/2023\/09\/0E7A7488-1536x1024.jpg 1536w, https:\/\/cancan.com.tr\/wp-content\/uploads\/2023\/09\/0E7A7488-2048x1365.jpg 2048w, https:\/\/cancan.com.tr\/wp-content\/uploads\/2023\/09\/0E7A7488-1200x800.jpg 1200w\" sizes=\"auto, (max-width: 300px) 100vw, 300px\" \/><\/p>\n<hr \/>\n<h4>Special Handle Mechanism<\/h4>\n<p>The ergonomic handle mechanism enables efficient cutting performance with minimal effort.<\/p>\n<p><img loading=\"lazy\" decoding=\"async\" class=\"alignnone size-medium wp-image-11768\" src=\"https:\/\/cancan.com.tr\/wp-content\/uploads\/2023\/09\/0E7A7487-300x200.jpg\" alt=\"\" width=\"300\" height=\"200\" srcset=\"https:\/\/cancan.com.tr\/wp-content\/uploads\/2023\/09\/0E7A7487-300x200.jpg 300w, https:\/\/cancan.com.tr\/wp-content\/uploads\/2023\/09\/0E7A7487-1024x683.jpg 1024w, https:\/\/cancan.com.tr\/wp-content\/uploads\/2023\/09\/0E7A7487-768x512.jpg 768w, https:\/\/cancan.com.tr\/wp-content\/uploads\/2023\/09\/0E7A7487-1536x1024.jpg 1536w, https:\/\/cancan.com.tr\/wp-content\/uploads\/2023\/09\/0E7A7487-2048x1365.jpg 2048w, https:\/\/cancan.com.tr\/wp-content\/uploads\/2023\/09\/0E7A7487-1200x800.jpg 1200w\" sizes=\"auto, (max-width: 300px) 100vw, 300px\" \/><\/p>\n<p>&nbsp;<\/p>","protected":false},"excerpt":{"rendered":"<h2><span style=\"color: #fa0014;\"><img loading=\"lazy\" decoding=\"async\" class=\"alignnone wp-image-11964\" src=\"https:\/\/cancan.com.tr\/wp-content\/uploads\/2023\/09\/Wide-Pressing-Surface.ai-21-300x255.png\" alt=\"\" width=\"70\" height=\"69\" \/><\/span><\/h2>\n<h2><span style=\"color: #fa0014;\">1301 Vegetable Cutter<\/span><\/h2>\n<p>Designed for industrial kitchens in hotels, restaurants, and cafes, the vegetable cutter features a solid structure and sharp blades. It ensures uniform cutting while preserving the freshness of fruits and vegetables, all without crushing them. It enhances effi ciency through its ergonomic design, delivering a smooth and effortless operation.<\/p>\n<p><img loading=\"lazy\" decoding=\"async\" class=\"alignnone wp-image-11963\" src=\"https:\/\/cancan.com.tr\/wp-content\/uploads\/2023\/09\/Adsiz-tasarim-57-300x150.png\" alt=\"\" width=\"203\" height=\"102\" srcset=\"https:\/\/cancan.com.tr\/wp-content\/uploads\/2023\/09\/Adsiz-tasarim-57-300x150.png 300w, https:\/\/cancan.com.tr\/wp-content\/uploads\/2023\/09\/Adsiz-tasarim-57-1024x512.png 1024w, https:\/\/cancan.com.tr\/wp-content\/uploads\/2023\/09\/Adsiz-tasarim-57-768x384.png 768w, https:\/\/cancan.com.tr\/wp-content\/uploads\/2023\/09\/Adsiz-tasarim-57.png 1181w\" sizes=\"auto, (max-width: 203px) 100vw, 203px\" \/><\/p>\n<p><img loading=\"lazy\" decoding=\"async\" class=\"alignnone  wp-image-11991\" src=\"https:\/\/cancan.com.tr\/wp-content\/uploads\/2023\/09\/MARUL.png\" alt=\"\" width=\"413\" height=\"110\" \/><\/p>\n<p>https:\/\/www.youtube.com\/watch?v=seUWht5XeDA<\/p>\n","protected":false},"featured_media":11948,"comment_status":"closed","ping_status":"closed","template":"","meta":[],"product_cat":[15,171,195],"product_tag":[188,190,222,145,219,189,218,183,139,191],"class_list":["post-6015","product","type-product","status-publish","has-post-thumbnail","hentry","product_cat-tum-urunler","product_cat-hazirlik-ekipmanlari","product_cat-kesici-ve-dilimleyiciler","product_tag-alisveris-merkezi","product_tag-kafe","product_tag-kesiciler-hazirlik","product_tag-tag1","product_tag-manuel-hazirlik","product_tag-otel","product_tag-paslanmaz","product_tag-restoranlar","product_tag-camera","product_tag-universiteler"],"acf":[],"yoast_head":"<!-- This site is optimized with the Yoast SEO plugin v27.0 - https:\/\/yoast.com\/product\/yoast-seo-wordpress\/ -->\n<title>1301 Vegetable - Fruit Cutter - Cancan Meyve Presleri<\/title>\n<meta name=\"robots\" content=\"index, follow, max-snippet:-1, max-image-preview:large, max-video-preview:-1\" \/>\n<link rel=\"canonical\" href=\"https:\/\/cancan.com.tr\/en\/all-products\/vegetable-cutter\/\" \/>\n<meta property=\"og:locale\" content=\"en_US\" \/>\n<meta property=\"og:type\" content=\"article\" \/>\n<meta property=\"og:title\" content=\"[:tr]1301 Sebze - Meyve Do\u011fray\u0131c\u0131[:en]1301 Vegetable - Fruit Cutter[:] - Cancan Meyve Presleri\" \/>\n<meta property=\"og:description\" content=\"[:tr] 1301 Sebze - Meyve Do\u011fray\u0131c\u0131 End\u00fcstriyel mutfaklar i\u00e7in tasarlanan Sebze-Meyve Do\u011fray\u0131c\u0131, sa\u011flam g\u00f6vdesi ve y\u00fcksek kaliteli paslanmaz \u00e7elik b\u0131\u00e7aklar\u0131 sayesinde sebzelerin ezilmeden, tazeliklerini koruyarak e\u015fit \u015fekilde kesilmesini sa\u011flar. De\u011fi\u015ftirilebilir b\u0131\u00e7ak sistemi, 3 farkl\u0131 boyutta kesim se\u00e7ene\u011fi sunar ve kolayca temizlenebilir. \u00d6zel kol mekanizmas\u0131 ile \u00fcr\u00fcnler minimum g\u00fc\u00e7le tek hareketle kesilebilirken, \u00f6zel itici blok ezilmeyi \u00f6nleyerek d\u00fczg\u00fcn kesim sa\u011flar. Manuel kilitleme pimi, kullan\u0131m \u00f6ncesi g\u00fcvenli\u011fi art\u0131r\u0131r.      https:\/\/youtu.be\/seUWht5XeDA?si=8AbWkzjAYY5Nlqqa[:en] 1301 Vegetable Cutter Designed for industrial kitchens in hotels, restaurants, and cafes, the vegetable cutter features a solid structure and sharp blades. It ensures uniform cutting while preserving the freshness of fruits and vegetables, all without crushing them. It enhances effi ciency through its ergonomic design, delivering a smooth and effortless operation.      https:\/\/www.youtube.com\/watch?v=seUWht5XeDA[:]\" \/>\n<meta property=\"og:url\" content=\"https:\/\/cancan.com.tr\/en\/all-products\/vegetable-cutter\/\" \/>\n<meta property=\"og:site_name\" content=\"Cancan Meyve Presleri\" \/>\n<meta property=\"article:modified_time\" content=\"2026-04-08T12:19:45+00:00\" \/>\n<meta property=\"og:image\" content=\"https:\/\/cancan.com.tr\/wp-content\/uploads\/2023\/09\/1-3.jpg\" \/>\n\t<meta property=\"og:image:width\" content=\"2000\" \/>\n\t<meta property=\"og:image:height\" content=\"2000\" \/>\n\t<meta property=\"og:image:type\" content=\"image\/jpeg\" \/>\n<meta name=\"twitter:card\" content=\"summary_large_image\" \/>\n<meta name=\"twitter:label1\" content=\"Est. reading time\" \/>\n\t<meta name=\"twitter:data1\" content=\"2 minutes\" \/>\n<script type=\"application\/ld+json\" class=\"yoast-schema-graph\">{\"@context\":\"https:\/\/schema.org\",\"@graph\":[{\"@type\":\"WebPage\",\"@id\":\"https:\/\/cancan.com.tr\/en\/all-products\/vegetable-cutter\/\",\"url\":\"https:\/\/cancan.com.tr\/en\/all-products\/vegetable-cutter\/\",\"name\":\"[:tr]1301 Sebze - Meyve Do\u011fray\u0131c\u0131[:en]1301 Vegetable - Fruit Cutter[:] - Cancan Meyve Presleri\",\"isPartOf\":{\"@id\":\"https:\/\/cancan.com.tr\/#website\"},\"primaryImageOfPage\":{\"@id\":\"https:\/\/cancan.com.tr\/en\/all-products\/vegetable-cutter\/#primaryimage\"},\"image\":{\"@id\":\"https:\/\/cancan.com.tr\/en\/all-products\/vegetable-cutter\/#primaryimage\"},\"thumbnailUrl\":\"https:\/\/cancan.com.tr\/wp-content\/uploads\/2023\/09\/1-3.jpg\",\"datePublished\":\"2023-09-18T08:36:51+00:00\",\"dateModified\":\"2026-04-08T12:19:45+00:00\",\"breadcrumb\":{\"@id\":\"https:\/\/cancan.com.tr\/en\/all-products\/vegetable-cutter\/#breadcrumb\"},\"inLanguage\":\"en-US\",\"potentialAction\":[{\"@type\":\"ReadAction\",\"target\":[\"https:\/\/cancan.com.tr\/en\/all-products\/vegetable-cutter\/\"]}]},{\"@type\":\"ImageObject\",\"inLanguage\":\"en-US\",\"@id\":\"https:\/\/cancan.com.tr\/en\/all-products\/vegetable-cutter\/#primaryimage\",\"url\":\"https:\/\/cancan.com.tr\/wp-content\/uploads\/2023\/09\/1-3.jpg\",\"contentUrl\":\"https:\/\/cancan.com.tr\/wp-content\/uploads\/2023\/09\/1-3.jpg\",\"width\":2000,\"height\":2000},{\"@type\":\"BreadcrumbList\",\"@id\":\"https:\/\/cancan.com.tr\/en\/all-products\/vegetable-cutter\/#breadcrumb\",\"itemListElement\":[{\"@type\":\"ListItem\",\"position\":1,\"name\":\"Anasayfa\",\"item\":\"https:\/\/cancan.com.tr\/\"},{\"@type\":\"ListItem\",\"position\":2,\"name\":\"Products\",\"item\":\"https:\/\/cancan.com.tr\/en\/products-2\/\"},{\"@type\":\"ListItem\",\"position\":3,\"name\":\"1301 Vegetable &#8211; Fruit Cutter\"}]},{\"@type\":\"WebSite\",\"@id\":\"https:\/\/cancan.com.tr\/#website\",\"url\":\"https:\/\/cancan.com.tr\/\",\"name\":\"Cancan Meyve Presleri\",\"description\":\"www.cancan.com.tr\",\"publisher\":{\"@id\":\"https:\/\/cancan.com.tr\/#organization\"},\"potentialAction\":[{\"@type\":\"SearchAction\",\"target\":{\"@type\":\"EntryPoint\",\"urlTemplate\":\"https:\/\/cancan.com.tr\/?s={search_term_string}\"},\"query-input\":{\"@type\":\"PropertyValueSpecification\",\"valueRequired\":true,\"valueName\":\"search_term_string\"}}],\"inLanguage\":\"en-US\"},{\"@type\":\"Organization\",\"@id\":\"https:\/\/cancan.com.tr\/#organization\",\"name\":\"Cancan Meyve Presleri\",\"url\":\"https:\/\/cancan.com.tr\/\",\"logo\":{\"@type\":\"ImageObject\",\"inLanguage\":\"en-US\",\"@id\":\"https:\/\/cancan.com.tr\/#\/schema\/logo\/image\/\",\"url\":\"https:\/\/cancan.com.tr\/wp-content\/uploads\/2026\/03\/CancanLogo.png\",\"contentUrl\":\"https:\/\/cancan.com.tr\/wp-content\/uploads\/2026\/03\/CancanLogo.png\",\"width\":362,\"height\":67,\"caption\":\"Cancan Meyve Presleri\"},\"image\":{\"@id\":\"https:\/\/cancan.com.tr\/#\/schema\/logo\/image\/\"}}]}<\/script>\n<!-- \/ Yoast SEO plugin. -->","yoast_head_json":{"title":"[:tr]1301 Sebze - Meyve Do\u011fray\u0131c\u0131[:en]1301 Vegetable - Fruit Cutter[:] - Cancan Meyve Presleri","robots":{"index":"index","follow":"follow","max-snippet":"max-snippet:-1","max-image-preview":"max-image-preview:large","max-video-preview":"max-video-preview:-1"},"canonical":"https:\/\/cancan.com.tr\/en\/all-products\/vegetable-cutter\/","og_locale":"en_US","og_type":"article","og_title":"[:tr]1301 Sebze - Meyve Do\u011fray\u0131c\u0131[:en]1301 Vegetable - Fruit Cutter[:] - Cancan Meyve Presleri","og_description":"[:tr] 1301 Sebze - Meyve Do\u011fray\u0131c\u0131 End\u00fcstriyel mutfaklar i\u00e7in tasarlanan Sebze-Meyve Do\u011fray\u0131c\u0131, sa\u011flam g\u00f6vdesi ve y\u00fcksek kaliteli paslanmaz \u00e7elik b\u0131\u00e7aklar\u0131 sayesinde sebzelerin ezilmeden, tazeliklerini koruyarak e\u015fit \u015fekilde kesilmesini sa\u011flar. De\u011fi\u015ftirilebilir b\u0131\u00e7ak sistemi, 3 farkl\u0131 boyutta kesim se\u00e7ene\u011fi sunar ve kolayca temizlenebilir. \u00d6zel kol mekanizmas\u0131 ile \u00fcr\u00fcnler minimum g\u00fc\u00e7le tek hareketle kesilebilirken, \u00f6zel itici blok ezilmeyi \u00f6nleyerek d\u00fczg\u00fcn kesim sa\u011flar. Manuel kilitleme pimi, kullan\u0131m \u00f6ncesi g\u00fcvenli\u011fi art\u0131r\u0131r.      https:\/\/youtu.be\/seUWht5XeDA?si=8AbWkzjAYY5Nlqqa[:en] 1301 Vegetable Cutter Designed for industrial kitchens in hotels, restaurants, and cafes, the vegetable cutter features a solid structure and sharp blades. It ensures uniform cutting while preserving the freshness of fruits and vegetables, all without crushing them. It enhances effi ciency through its ergonomic design, delivering a smooth and effortless operation.      https:\/\/www.youtube.com\/watch?v=seUWht5XeDA[:]","og_url":"https:\/\/cancan.com.tr\/en\/all-products\/vegetable-cutter\/","og_site_name":"Cancan Meyve Presleri","article_modified_time":"2026-04-08T12:19:45+00:00","og_image":[{"width":2000,"height":2000,"url":"https:\/\/cancan.com.tr\/wp-content\/uploads\/2023\/09\/1-3.jpg","type":"image\/jpeg"}],"twitter_card":"summary_large_image","twitter_misc":{"Est. reading time":"2 minutes"},"schema":{"@context":"https:\/\/schema.org","@graph":[{"@type":"WebPage","@id":"https:\/\/cancan.com.tr\/en\/all-products\/vegetable-cutter\/","url":"https:\/\/cancan.com.tr\/en\/all-products\/vegetable-cutter\/","name":"[:tr]1301 Sebze - Meyve Do\u011fray\u0131c\u0131[:en]1301 Vegetable - Fruit Cutter[:] - Cancan Meyve Presleri","isPartOf":{"@id":"https:\/\/cancan.com.tr\/#website"},"primaryImageOfPage":{"@id":"https:\/\/cancan.com.tr\/en\/all-products\/vegetable-cutter\/#primaryimage"},"image":{"@id":"https:\/\/cancan.com.tr\/en\/all-products\/vegetable-cutter\/#primaryimage"},"thumbnailUrl":"https:\/\/cancan.com.tr\/wp-content\/uploads\/2023\/09\/1-3.jpg","datePublished":"2023-09-18T08:36:51+00:00","dateModified":"2026-04-08T12:19:45+00:00","breadcrumb":{"@id":"https:\/\/cancan.com.tr\/en\/all-products\/vegetable-cutter\/#breadcrumb"},"inLanguage":"en-US","potentialAction":[{"@type":"ReadAction","target":["https:\/\/cancan.com.tr\/en\/all-products\/vegetable-cutter\/"]}]},{"@type":"ImageObject","inLanguage":"en-US","@id":"https:\/\/cancan.com.tr\/en\/all-products\/vegetable-cutter\/#primaryimage","url":"https:\/\/cancan.com.tr\/wp-content\/uploads\/2023\/09\/1-3.jpg","contentUrl":"https:\/\/cancan.com.tr\/wp-content\/uploads\/2023\/09\/1-3.jpg","width":2000,"height":2000},{"@type":"BreadcrumbList","@id":"https:\/\/cancan.com.tr\/en\/all-products\/vegetable-cutter\/#breadcrumb","itemListElement":[{"@type":"ListItem","position":1,"name":"Anasayfa","item":"https:\/\/cancan.com.tr\/"},{"@type":"ListItem","position":2,"name":"Products","item":"https:\/\/cancan.com.tr\/en\/products-2\/"},{"@type":"ListItem","position":3,"name":"1301 Vegetable &#8211; Fruit Cutter"}]},{"@type":"WebSite","@id":"https:\/\/cancan.com.tr\/#website","url":"https:\/\/cancan.com.tr\/","name":"Cancan Meyve Presleri","description":"www.cancan.com.tr","publisher":{"@id":"https:\/\/cancan.com.tr\/#organization"},"potentialAction":[{"@type":"SearchAction","target":{"@type":"EntryPoint","urlTemplate":"https:\/\/cancan.com.tr\/?s={search_term_string}"},"query-input":{"@type":"PropertyValueSpecification","valueRequired":true,"valueName":"search_term_string"}}],"inLanguage":"en-US"},{"@type":"Organization","@id":"https:\/\/cancan.com.tr\/#organization","name":"Cancan Meyve Presleri","url":"https:\/\/cancan.com.tr\/","logo":{"@type":"ImageObject","inLanguage":"en-US","@id":"https:\/\/cancan.com.tr\/#\/schema\/logo\/image\/","url":"https:\/\/cancan.com.tr\/wp-content\/uploads\/2026\/03\/CancanLogo.png","contentUrl":"https:\/\/cancan.com.tr\/wp-content\/uploads\/2026\/03\/CancanLogo.png","width":362,"height":67,"caption":"Cancan Meyve Presleri"},"image":{"@id":"https:\/\/cancan.com.tr\/#\/schema\/logo\/image\/"}}]}},"_links":{"self":[{"href":"https:\/\/cancan.com.tr\/en\/wp-json\/wp\/v2\/product\/6015","targetHints":{"allow":["GET"]}}],"collection":[{"href":"https:\/\/cancan.com.tr\/en\/wp-json\/wp\/v2\/product"}],"about":[{"href":"https:\/\/cancan.com.tr\/en\/wp-json\/wp\/v2\/types\/product"}],"replies":[{"embeddable":true,"href":"https:\/\/cancan.com.tr\/en\/wp-json\/wp\/v2\/comments?post=6015"}],"wp:featuredmedia":[{"embeddable":true,"href":"https:\/\/cancan.com.tr\/en\/wp-json\/wp\/v2\/media\/11948"}],"wp:attachment":[{"href":"https:\/\/cancan.com.tr\/en\/wp-json\/wp\/v2\/media?parent=6015"}],"wp:term":[{"taxonomy":"product_cat","embeddable":true,"href":"https:\/\/cancan.com.tr\/en\/wp-json\/wp\/v2\/product_cat?post=6015"},{"taxonomy":"product_tag","embeddable":true,"href":"https:\/\/cancan.com.tr\/en\/wp-json\/wp\/v2\/product_tag?post=6015"}],"curies":[{"name":"wp","href":"https:\/\/api.w.org\/{rel}","templated":true}]}}