{"id":6005,"date":"2023-09-18T09:13:53","date_gmt":"2023-09-18T06:13:53","guid":{"rendered":"https:\/\/mostdijital.com\/cancan\/?post_type=product&#038;p=6005"},"modified":"2026-03-02T11:46:06","modified_gmt":"2026-03-02T08:46:06","slug":"0208-38-sogutmali","status":"publish","type":"product","link":"https:\/\/cancan.com.tr\/en\/all-products\/38-cooler-model\/","title":{"rendered":"0208 38 Cooler Model"},"content":{"rendered":"<p><\/p>\n<h2><span style=\"color: #ff6600;\">0208 38 Cooler Model<\/span><\/h2>\n<p>The 38 Cooler Model Automatic Orange Juicer with a refrigerated tank is ideal for use in a variety of locations, including hotels, restaurants, markets, shopping malls, hospitals, student dormitories, cafes, and universities. This machine is designed for effi ciently extracting juice from citrus fruits such as oranges, tangerines, and lemons in public settings. It boasts a remarkable capacity, squeezing 38 oranges per minute, and features a 15 kg fruit storage chamber. With the help of a turning disc, it rotates the oranges, ensuring they fall into the feeding wire one by one. The mobile stand is equipped with a 70 kg peel waste container.<\/p>\n<hr \/>\n<h4>Large Feeding Wire<\/h4>\n<div>Diameter of 10 cm side feeding wire.<\/div>\n<div><\/div>\n<div>\n<p><img decoding=\"async\" src=\"https:\/\/cancan.com.tr\/wp-content\/uploads\/2023\/09\/0204-1101.14-scaled-e1696833380123-300x261.jpg\" \/><\/p>\n<hr \/>\n<h4><span lang=\"TR\">Front Cover with a Safety Switch<\/span><\/h4>\n<p>System that prevents operating of the machine while the front cover is open thanks to the safety switch, located on the front cover made of durable polycarbonate.<\/p>\n<p><img decoding=\"async\" src=\"https:\/\/cancan.com.tr\/wp-content\/uploads\/2023\/09\/0204-1101.13-scaled-e1696832237213-300x251.jpg\" \/><\/p>\n<hr \/>\n<h4>Cooler System<\/h4>\n<p>Cooler Tank with a bottom cooling system that cools the juice equally until the last drop and with a juice storage capacity of 7 liters.<\/p>\n<\/div>\n<div>\n<hr \/>\n<\/div>\n<div>\n<h4><span lang=\"TR\">Fruit Storage Basket <\/span><\/h4>\n<p>Standard capacity of 15 kg and optional capacity of 28 kg fruit storage basket.<\/p>\n<p><img decoding=\"async\" src=\"https:\/\/cancan.com.tr\/wp-content\/uploads\/2023\/09\/0204-1101.5-scaled-e1696832074975-300x166.jpg\" \/><\/p>\n<hr \/>\n<\/div>\n<h4>Large Volume Trash Can<\/h4>\n<p>Pulp storage reservoir with up to 70 kg capacity.<\/p>\n<hr \/>\n<h4><span lang=\"TR\">Rotating <\/span><span lang=\"TR\">Disk<\/span><\/h4>\n<p>A system that makes the oranges falling into the feeding wire one by one by rotating the oranges.<\/p>\n<p><img decoding=\"async\" src=\"https:\/\/cancan.com.tr\/wp-content\/uploads\/2023\/09\/0204-1101.11-scaled-e1696832179564-300x234.jpg\" \/><\/p>\n<hr \/>\n<div>\n<h4><span lang=\"TR\">Draining Pipe Tube<\/span><\/h4>\n<div>The accumulated fruit juice is discharged from the machine by the draining pipe tube to prevent damage to the machine.<\/div>\n<div><\/div>\n<div><img decoding=\"async\" src=\"https:\/\/cancan.com.tr\/wp-content\/uploads\/2023\/09\/0204-1101.7-scaled-e1696832330268-300x270.jpg\" \/><\/div>\n<\/div>\n<div><\/div>\n<div><\/div>\n<div><\/div>\n<div><\/div>\n<div><\/div>\n<p><\/p>","protected":false},"excerpt":{"rendered":"<h2><span style=\"color: #ff6600;\">0208 38 Cooler Model<\/span><\/h2>\n<p>The 38 Cooler Model Automatic Orange Juicer with a refrigerated tank is ideal for use in a variety of locations, including hotels, restaurants, markets, shopping malls, hospitals, student dormitories, cafes, and universities. This machine is designed for effi ciently extracting juice from citrus fruits such as oranges, tangerines, and lemons in public settings. It boasts a remarkable capacity, squeezing 38 oranges per minute, and features a 15 kg fruit storage chamber. With the help of a turning disc, it rotates the oranges, ensuring they fall into the feeding wire one by one. The mobile stand is equipped with a 70 kg peel waste container.<\/p>\n<p><img loading=\"lazy\" decoding=\"async\" class=\"alignnone wp-image-8552\" src=\"https:\/\/cancan.com.tr\/wp-content\/uploads\/2023\/09\/ING-300x94.png\" alt=\"\" width=\"275\" height=\"86\" srcset=\"https:\/\/cancan.com.tr\/wp-content\/uploads\/2023\/09\/ING-300x94.png 300w, https:\/\/cancan.com.tr\/wp-content\/uploads\/2023\/09\/ING-768x240.png 768w, https:\/\/cancan.com.tr\/wp-content\/uploads\/2023\/09\/ING-600x187.png 600w, https:\/\/cancan.com.tr\/wp-content\/uploads\/2023\/09\/ING.png 807w\" sizes=\"auto, (max-width: 275px) 100vw, 275px\" \/><\/p>\n<p>https:\/\/www.youtube.com\/watch?v=KQGx_oKrWzo<\/p>\n","protected":false},"featured_media":8173,"comment_status":"closed","ping_status":"closed","template":"","meta":[],"product_cat":[244,15,170,174],"product_tag":[213,188,208,186,190,145,187,184,189,211,210,183,139,191,185,176],"class_list":["post-6005","product","type-product","status-publish","has-post-thumbnail","hentry","product_cat-vitamin-barlar","product_cat-tum-urunler","product_cat-meyve-suyu","product_cat-otomatik-meyve-presleri","product_tag-38-adet-dk","product_tag-alisveris-merkezi","product_tag-elektrikli","product_tag-hastane","product_tag-kafe","product_tag-tag1","product_tag-ogrenci-yurtlari","product_tag-okullar","product_tag-otel","product_tag-otomatik-besleme-sistemli","product_tag-portakal","product_tag-restoranlar","product_tag-camera","product_tag-universiteler","product_tag-vitamin-barlar","product_tag-yerel-isletmeler"],"acf":[],"yoast_head":"<!-- This site is optimized with the Yoast SEO plugin v27.0 - https:\/\/yoast.com\/product\/yoast-seo-wordpress\/ -->\n<title>0208 38 Cooler Model - Cancan Meyve Presleri<\/title>\n<meta name=\"robots\" content=\"index, follow, max-snippet:-1, max-image-preview:large, max-video-preview:-1\" \/>\n<link rel=\"canonical\" href=\"https:\/\/cancan.com.tr\/tum-urunler\/38-sogutmali\/\" \/>\n<meta property=\"og:locale\" content=\"en_US\" \/>\n<meta property=\"og:type\" content=\"article\" \/>\n<meta property=\"og:title\" content=\"[:tr]0208 38 So\u011futmal\u0131[:en]0208 38 Cooler Model[:] - Cancan Meyve Presleri\" \/>\n<meta property=\"og:description\" content=\"[:tr]0208 38 So\u011futmal\u0131 So\u011futuculu Depoya sahip Fresh Arabal\u0131 Otomatik Portakal S\u0131kma Makinesi, otel, restoran, market, al\u0131\u015fveri\u015f merkezi, hastane, \u00f6\u011frenci yurtlar\u0131, kafe, \u00fcniversiteler vb. halka a\u00e7\u0131k mekanlarda portakal, mandalina, limon gibi narenciye meyvelerinin suyunun s\u0131k\u0131lmas\u0131 i\u00e7in tasarlanm\u0131\u015ft\u0131r. Dakikada 38 adet portakal s\u0131kabilme kapasitesine sahiptir. Ayr\u0131ca 15 kg meyve depolama haznesi mevcuttur. \u00c7evirici disk, portakallar\u0131n tek tek yollu\u011fa d\u00fc\u015fmesini sa\u011flar. Mobil araba 70 kg meyve posas\u0131 haznesine sahiptir.    https:\/\/www.youtube.com\/watch?v=KQGx_oKrWzo[:en]0208 38 Cooler Model The 38 Cooler Model Automatic Orange Juicer with a refrigerated tank is ideal for use in a variety of locations, including hotels, restaurants, markets, shopping malls, hospitals, student dormitories, cafes, and universities. This machine is designed for effi ciently extracting juice from citrus fruits such as oranges, tangerines, and lemons in public settings. It boasts a remarkable capacity, squeezing 38 oranges per minute, and features a 15 kg fruit storage chamber. With the help of a turning disc, it rotates the oranges, ensuring they fall into the feeding wire one by one. The mobile stand is equipped with a 70 kg peel waste container.    https:\/\/www.youtube.com\/watch?v=KQGx_oKrWzo[:]\" \/>\n<meta property=\"og:url\" content=\"https:\/\/cancan.com.tr\/tum-urunler\/38-sogutmali\/\" \/>\n<meta property=\"og:site_name\" content=\"Cancan Meyve Presleri\" \/>\n<meta property=\"article:modified_time\" content=\"2026-03-02T08:46:06+00:00\" \/>\n<meta property=\"og:image\" content=\"https:\/\/cancan.com.tr\/wp-content\/uploads\/2023\/09\/0208.jpg\" \/>\n\t<meta property=\"og:image:width\" content=\"675\" \/>\n\t<meta property=\"og:image:height\" content=\"828\" \/>\n\t<meta property=\"og:image:type\" content=\"image\/jpeg\" \/>\n<meta name=\"twitter:card\" content=\"summary_large_image\" \/>\n<meta name=\"twitter:label1\" content=\"Est. reading time\" \/>\n\t<meta name=\"twitter:data1\" content=\"2 minutes\" \/>\n<script type=\"application\/ld+json\" class=\"yoast-schema-graph\">{\"@context\":\"https:\/\/schema.org\",\"@graph\":[{\"@type\":\"WebPage\",\"@id\":\"https:\/\/cancan.com.tr\/tum-urunler\/38-sogutmali\/\",\"url\":\"https:\/\/cancan.com.tr\/tum-urunler\/38-sogutmali\/\",\"name\":\"[:tr]0208 38 So\u011futmal\u0131[:en]0208 38 Cooler Model[:] - Cancan Meyve Presleri\",\"isPartOf\":{\"@id\":\"https:\/\/cancan.com.tr\/#website\"},\"primaryImageOfPage\":{\"@id\":\"https:\/\/cancan.com.tr\/tum-urunler\/38-sogutmali\/#primaryimage\"},\"image\":{\"@id\":\"https:\/\/cancan.com.tr\/tum-urunler\/38-sogutmali\/#primaryimage\"},\"thumbnailUrl\":\"https:\/\/cancan.com.tr\/wp-content\/uploads\/2023\/09\/0208.jpg\",\"datePublished\":\"2023-09-18T06:13:53+00:00\",\"dateModified\":\"2026-03-02T08:46:06+00:00\",\"breadcrumb\":{\"@id\":\"https:\/\/cancan.com.tr\/tum-urunler\/38-sogutmali\/#breadcrumb\"},\"inLanguage\":\"en-US\",\"potentialAction\":[{\"@type\":\"ReadAction\",\"target\":[\"https:\/\/cancan.com.tr\/tum-urunler\/38-sogutmali\/\"]}]},{\"@type\":\"ImageObject\",\"inLanguage\":\"en-US\",\"@id\":\"https:\/\/cancan.com.tr\/tum-urunler\/38-sogutmali\/#primaryimage\",\"url\":\"https:\/\/cancan.com.tr\/wp-content\/uploads\/2023\/09\/0208.jpg\",\"contentUrl\":\"https:\/\/cancan.com.tr\/wp-content\/uploads\/2023\/09\/0208.jpg\",\"width\":675,\"height\":828},{\"@type\":\"BreadcrumbList\",\"@id\":\"https:\/\/cancan.com.tr\/tum-urunler\/38-sogutmali\/#breadcrumb\",\"itemListElement\":[{\"@type\":\"ListItem\",\"position\":1,\"name\":\"Anasayfa\",\"item\":\"https:\/\/cancan.com.tr\/\"},{\"@type\":\"ListItem\",\"position\":2,\"name\":\"Products\",\"item\":\"https:\/\/cancan.com.tr\/en\/products-2\/\"},{\"@type\":\"ListItem\",\"position\":3,\"name\":\"0208 38 So\u011futmal\u0131\"}]},{\"@type\":\"WebSite\",\"@id\":\"https:\/\/cancan.com.tr\/#website\",\"url\":\"https:\/\/cancan.com.tr\/\",\"name\":\"Cancan Meyve Presleri\",\"description\":\"www.cancan.com.tr\",\"publisher\":{\"@id\":\"https:\/\/cancan.com.tr\/#organization\"},\"potentialAction\":[{\"@type\":\"SearchAction\",\"target\":{\"@type\":\"EntryPoint\",\"urlTemplate\":\"https:\/\/cancan.com.tr\/?s={search_term_string}\"},\"query-input\":{\"@type\":\"PropertyValueSpecification\",\"valueRequired\":true,\"valueName\":\"search_term_string\"}}],\"inLanguage\":\"en-US\"},{\"@type\":\"Organization\",\"@id\":\"https:\/\/cancan.com.tr\/#organization\",\"name\":\"Cancan Meyve Presleri\",\"url\":\"https:\/\/cancan.com.tr\/\",\"logo\":{\"@type\":\"ImageObject\",\"inLanguage\":\"en-US\",\"@id\":\"https:\/\/cancan.com.tr\/#\/schema\/logo\/image\/\",\"url\":\"https:\/\/cancan.com.tr\/wp-content\/uploads\/2026\/03\/CancanLogo.png\",\"contentUrl\":\"https:\/\/cancan.com.tr\/wp-content\/uploads\/2026\/03\/CancanLogo.png\",\"width\":362,\"height\":67,\"caption\":\"Cancan Meyve Presleri\"},\"image\":{\"@id\":\"https:\/\/cancan.com.tr\/#\/schema\/logo\/image\/\"}}]}<\/script>\n<!-- \/ Yoast SEO plugin. -->","yoast_head_json":{"title":"[:tr]0208 38 So\u011futmal\u0131[:en]0208 38 Cooler Model[:] - Cancan Meyve Presleri","robots":{"index":"index","follow":"follow","max-snippet":"max-snippet:-1","max-image-preview":"max-image-preview:large","max-video-preview":"max-video-preview:-1"},"canonical":"https:\/\/cancan.com.tr\/tum-urunler\/38-sogutmali\/","og_locale":"en_US","og_type":"article","og_title":"[:tr]0208 38 So\u011futmal\u0131[:en]0208 38 Cooler Model[:] - Cancan Meyve Presleri","og_description":"[:tr]0208 38 So\u011futmal\u0131 So\u011futuculu Depoya sahip Fresh Arabal\u0131 Otomatik Portakal S\u0131kma Makinesi, otel, restoran, market, al\u0131\u015fveri\u015f merkezi, hastane, \u00f6\u011frenci yurtlar\u0131, kafe, \u00fcniversiteler vb. halka a\u00e7\u0131k mekanlarda portakal, mandalina, limon gibi narenciye meyvelerinin suyunun s\u0131k\u0131lmas\u0131 i\u00e7in tasarlanm\u0131\u015ft\u0131r. Dakikada 38 adet portakal s\u0131kabilme kapasitesine sahiptir. Ayr\u0131ca 15 kg meyve depolama haznesi mevcuttur. \u00c7evirici disk, portakallar\u0131n tek tek yollu\u011fa d\u00fc\u015fmesini sa\u011flar. Mobil araba 70 kg meyve posas\u0131 haznesine sahiptir.    https:\/\/www.youtube.com\/watch?v=KQGx_oKrWzo[:en]0208 38 Cooler Model The 38 Cooler Model Automatic Orange Juicer with a refrigerated tank is ideal for use in a variety of locations, including hotels, restaurants, markets, shopping malls, hospitals, student dormitories, cafes, and universities. This machine is designed for effi ciently extracting juice from citrus fruits such as oranges, tangerines, and lemons in public settings. It boasts a remarkable capacity, squeezing 38 oranges per minute, and features a 15 kg fruit storage chamber. With the help of a turning disc, it rotates the oranges, ensuring they fall into the feeding wire one by one. The mobile stand is equipped with a 70 kg peel waste container.    https:\/\/www.youtube.com\/watch?v=KQGx_oKrWzo[:]","og_url":"https:\/\/cancan.com.tr\/tum-urunler\/38-sogutmali\/","og_site_name":"Cancan Meyve Presleri","article_modified_time":"2026-03-02T08:46:06+00:00","og_image":[{"width":675,"height":828,"url":"https:\/\/cancan.com.tr\/wp-content\/uploads\/2023\/09\/0208.jpg","type":"image\/jpeg"}],"twitter_card":"summary_large_image","twitter_misc":{"Est. reading time":"2 minutes"},"schema":{"@context":"https:\/\/schema.org","@graph":[{"@type":"WebPage","@id":"https:\/\/cancan.com.tr\/tum-urunler\/38-sogutmali\/","url":"https:\/\/cancan.com.tr\/tum-urunler\/38-sogutmali\/","name":"[:tr]0208 38 So\u011futmal\u0131[:en]0208 38 Cooler Model[:] - Cancan Meyve Presleri","isPartOf":{"@id":"https:\/\/cancan.com.tr\/#website"},"primaryImageOfPage":{"@id":"https:\/\/cancan.com.tr\/tum-urunler\/38-sogutmali\/#primaryimage"},"image":{"@id":"https:\/\/cancan.com.tr\/tum-urunler\/38-sogutmali\/#primaryimage"},"thumbnailUrl":"https:\/\/cancan.com.tr\/wp-content\/uploads\/2023\/09\/0208.jpg","datePublished":"2023-09-18T06:13:53+00:00","dateModified":"2026-03-02T08:46:06+00:00","breadcrumb":{"@id":"https:\/\/cancan.com.tr\/tum-urunler\/38-sogutmali\/#breadcrumb"},"inLanguage":"en-US","potentialAction":[{"@type":"ReadAction","target":["https:\/\/cancan.com.tr\/tum-urunler\/38-sogutmali\/"]}]},{"@type":"ImageObject","inLanguage":"en-US","@id":"https:\/\/cancan.com.tr\/tum-urunler\/38-sogutmali\/#primaryimage","url":"https:\/\/cancan.com.tr\/wp-content\/uploads\/2023\/09\/0208.jpg","contentUrl":"https:\/\/cancan.com.tr\/wp-content\/uploads\/2023\/09\/0208.jpg","width":675,"height":828},{"@type":"BreadcrumbList","@id":"https:\/\/cancan.com.tr\/tum-urunler\/38-sogutmali\/#breadcrumb","itemListElement":[{"@type":"ListItem","position":1,"name":"Anasayfa","item":"https:\/\/cancan.com.tr\/"},{"@type":"ListItem","position":2,"name":"Products","item":"https:\/\/cancan.com.tr\/en\/products-2\/"},{"@type":"ListItem","position":3,"name":"0208 38 So\u011futmal\u0131"}]},{"@type":"WebSite","@id":"https:\/\/cancan.com.tr\/#website","url":"https:\/\/cancan.com.tr\/","name":"Cancan Meyve Presleri","description":"www.cancan.com.tr","publisher":{"@id":"https:\/\/cancan.com.tr\/#organization"},"potentialAction":[{"@type":"SearchAction","target":{"@type":"EntryPoint","urlTemplate":"https:\/\/cancan.com.tr\/?s={search_term_string}"},"query-input":{"@type":"PropertyValueSpecification","valueRequired":true,"valueName":"search_term_string"}}],"inLanguage":"en-US"},{"@type":"Organization","@id":"https:\/\/cancan.com.tr\/#organization","name":"Cancan Meyve Presleri","url":"https:\/\/cancan.com.tr\/","logo":{"@type":"ImageObject","inLanguage":"en-US","@id":"https:\/\/cancan.com.tr\/#\/schema\/logo\/image\/","url":"https:\/\/cancan.com.tr\/wp-content\/uploads\/2026\/03\/CancanLogo.png","contentUrl":"https:\/\/cancan.com.tr\/wp-content\/uploads\/2026\/03\/CancanLogo.png","width":362,"height":67,"caption":"Cancan Meyve Presleri"},"image":{"@id":"https:\/\/cancan.com.tr\/#\/schema\/logo\/image\/"}}]}},"_links":{"self":[{"href":"https:\/\/cancan.com.tr\/en\/wp-json\/wp\/v2\/product\/6005","targetHints":{"allow":["GET"]}}],"collection":[{"href":"https:\/\/cancan.com.tr\/en\/wp-json\/wp\/v2\/product"}],"about":[{"href":"https:\/\/cancan.com.tr\/en\/wp-json\/wp\/v2\/types\/product"}],"replies":[{"embeddable":true,"href":"https:\/\/cancan.com.tr\/en\/wp-json\/wp\/v2\/comments?post=6005"}],"wp:featuredmedia":[{"embeddable":true,"href":"https:\/\/cancan.com.tr\/en\/wp-json\/wp\/v2\/media\/8173"}],"wp:attachment":[{"href":"https:\/\/cancan.com.tr\/en\/wp-json\/wp\/v2\/media?parent=6005"}],"wp:term":[{"taxonomy":"product_cat","embeddable":true,"href":"https:\/\/cancan.com.tr\/en\/wp-json\/wp\/v2\/product_cat?post=6005"},{"taxonomy":"product_tag","embeddable":true,"href":"https:\/\/cancan.com.tr\/en\/wp-json\/wp\/v2\/product_tag?post=6005"}],"curies":[{"name":"wp","href":"https:\/\/api.w.org\/{rel}","templated":true}]}}