{"id":6003,"date":"2023-09-18T08:58:50","date_gmt":"2023-09-18T05:58:50","guid":{"rendered":"https:\/\/mostdijital.com\/cancan\/?post_type=product&#038;p=6003"},"modified":"2026-03-12T08:42:06","modified_gmt":"2026-03-12T05:42:06","slug":"0206-28-cafe-tipi-bardakli","status":"publish","type":"product","link":"https:\/\/cancan.com.tr\/en\/all-products\/28-cafe-type-automatic\/","title":{"rendered":"0206 28 Cafe Type Automatic Orange Juicer"},"content":{"rendered":"<p><\/p>\n<h2><span style=\"color: #ff6600;\">0206 28 Cafe Type Automatic Orange Juicer<\/span><\/h2>\n<h4>7 kg Fruit Storage Basket<\/h4>\n<p>7 kg fruit storage basket enables continuous juicing without frequent refilling.<\/p>\n<p><img loading=\"lazy\" decoding=\"async\" class=\"alignnone wp-image-11886 size-medium\" src=\"https:\/\/cancan.com.tr\/wp-content\/uploads\/2023\/09\/0206-Cafe-Tipi-scaled-e1773236133333-300x211.jpg\" alt=\"\" width=\"300\" height=\"211\" srcset=\"https:\/\/cancan.com.tr\/wp-content\/uploads\/2023\/09\/0206-Cafe-Tipi-scaled-e1773236133333-300x211.jpg 300w, https:\/\/cancan.com.tr\/wp-content\/uploads\/2023\/09\/0206-Cafe-Tipi-scaled-e1773236133333-1024x719.jpg 1024w, https:\/\/cancan.com.tr\/wp-content\/uploads\/2023\/09\/0206-Cafe-Tipi-scaled-e1773236133333-768x539.jpg 768w, https:\/\/cancan.com.tr\/wp-content\/uploads\/2023\/09\/0206-Cafe-Tipi-scaled-e1773236133333-1200x843.jpg 1200w, https:\/\/cancan.com.tr\/wp-content\/uploads\/2023\/09\/0206-Cafe-Tipi-scaled-e1773236133333.jpg 1276w\" sizes=\"auto, (max-width: 300px) 100vw, 300px\" \/><\/p>\n<hr \/>\n<h4>28 Glass Per Minute Orange Squeezing Capacity<\/h4>\n<p>Juices up to 28 oranges per minute for efficient operation during peak hours.<\/p>\n<p><img loading=\"lazy\" decoding=\"async\" class=\"alignnone wp-image-11878 size-medium\" src=\"https:\/\/cancan.com.tr\/wp-content\/uploads\/2023\/09\/0206.4-300x200.jpg\" alt=\"\" width=\"300\" height=\"200\" srcset=\"https:\/\/cancan.com.tr\/wp-content\/uploads\/2023\/09\/0206.4-300x200.jpg 300w, https:\/\/cancan.com.tr\/wp-content\/uploads\/2023\/09\/0206.4-1024x683.jpg 1024w, https:\/\/cancan.com.tr\/wp-content\/uploads\/2023\/09\/0206.4-768x512.jpg 768w, https:\/\/cancan.com.tr\/wp-content\/uploads\/2023\/09\/0206.4-1536x1024.jpg 1536w, https:\/\/cancan.com.tr\/wp-content\/uploads\/2023\/09\/0206.4-2048x1365.jpg 2048w, https:\/\/cancan.com.tr\/wp-content\/uploads\/2023\/09\/0206.4-1200x800.jpg 1200w\" sizes=\"auto, (max-width: 300px) 100vw, 300px\" \/><\/p>\n<hr \/>\n<h4>9-Orange Capacity Manual Feed Wire<\/h4>\n<p data-start=\"891\" data-end=\"968\">Manual feeding wire allows loading up to 9 oranges at the same time.<\/p>\n<p><img loading=\"lazy\" decoding=\"async\" class=\"alignnone size-medium wp-image-8070\" src=\"https:\/\/cancan.com.tr\/wp-content\/uploads\/2023\/09\/0206.6-scaled-e1696861601798-300x236.jpg\" alt=\"\" width=\"300\" height=\"236\" srcset=\"https:\/\/cancan.com.tr\/wp-content\/uploads\/2023\/09\/0206.6-scaled-e1696861601798-300x236.jpg 300w, https:\/\/cancan.com.tr\/wp-content\/uploads\/2023\/09\/0206.6-scaled-e1696861601798-1200x943.jpg 1200w, https:\/\/cancan.com.tr\/wp-content\/uploads\/2023\/09\/0206.6-scaled-e1696861601798-1024x805.jpg 1024w, https:\/\/cancan.com.tr\/wp-content\/uploads\/2023\/09\/0206.6-scaled-e1696861601798-768x603.jpg 768w, https:\/\/cancan.com.tr\/wp-content\/uploads\/2023\/09\/0206.6-scaled-e1696861601798-1536x1207.jpg 1536w, https:\/\/cancan.com.tr\/wp-content\/uploads\/2023\/09\/0206.6-scaled-e1696861601798-2048x1609.jpg 2048w\" sizes=\"auto, (max-width: 300px) 100vw, 300px\" \/><\/p>\n<hr style=\"margin-bottom: 1.71429rem;\" \/>\n<h4>Front Cover with a Safety Swich<\/h4>\n<p>Safety switch prevents operation when the front cover is open.<\/p>\n<p><img loading=\"lazy\" decoding=\"async\" class=\"alignnone size-medium wp-image-8064\" src=\"https:\/\/cancan.com.tr\/wp-content\/uploads\/2023\/09\/0204-1101.13-scaled-e1696832237213-300x251.jpg\" sizes=\"auto, (max-width: 300px) 100vw, 300px\" srcset=\"https:\/\/cancan.com.tr\/wp-content\/uploads\/2023\/09\/0204-1101.13-scaled-e1696832237213-300x251.jpg 300w, https:\/\/cancan.com.tr\/wp-content\/uploads\/2023\/09\/0204-1101.13-scaled-e1696832237213-1024x858.jpg 1024w, https:\/\/cancan.com.tr\/wp-content\/uploads\/2023\/09\/0204-1101.13-scaled-e1696832237213-768x643.jpg 768w, https:\/\/cancan.com.tr\/wp-content\/uploads\/2023\/09\/0204-1101.13-scaled-e1696832237213-1536x1287.jpg 1536w, https:\/\/cancan.com.tr\/wp-content\/uploads\/2023\/09\/0204-1101.13-scaled-e1696832237213-600x503.jpg 600w, https:\/\/cancan.com.tr\/wp-content\/uploads\/2023\/09\/0204-1101.13-scaled-e1696832237213.jpg 1706w\" alt=\"\" width=\"300\" height=\"251\" \/><\/p>\n<hr style=\"margin-bottom: 1.71429rem;\" \/>\n<h4>Dishwasher-Safe Removable Components<\/h4>\n<p>Removable components are dishwasher safe for easy and hygienic cleaning.<\/p>\n<p><img loading=\"lazy\" decoding=\"async\" class=\"alignnone size-medium wp-image-11883\" src=\"https:\/\/cancan.com.tr\/wp-content\/uploads\/2023\/09\/0206.9-300x200.jpg\" alt=\"\" width=\"300\" height=\"200\" srcset=\"https:\/\/cancan.com.tr\/wp-content\/uploads\/2023\/09\/0206.9-300x200.jpg 300w, https:\/\/cancan.com.tr\/wp-content\/uploads\/2023\/09\/0206.9-1024x683.jpg 1024w, https:\/\/cancan.com.tr\/wp-content\/uploads\/2023\/09\/0206.9-768x512.jpg 768w, https:\/\/cancan.com.tr\/wp-content\/uploads\/2023\/09\/0206.9-1536x1024.jpg 1536w, https:\/\/cancan.com.tr\/wp-content\/uploads\/2023\/09\/0206.9-2048x1365.jpg 2048w, https:\/\/cancan.com.tr\/wp-content\/uploads\/2023\/09\/0206.9-1200x800.jpg 1200w\" sizes=\"auto, (max-width: 300px) 100vw, 300px\" \/><\/p>\n<hr style=\"margin-bottom: 1.71429rem;\" \/>\n<h4>Optional Lemon Kit<\/h4>\n<p>Optional lemon kit allows easy juicing of lemons as well.<\/p>\n<p><img loading=\"lazy\" decoding=\"async\" class=\"alignnone wp-image-11888 size-medium\" src=\"https:\/\/cancan.com.tr\/wp-content\/uploads\/2023\/09\/ChatGPT-Image-11-Mar-2026-16_42_16-e1773236599897-300x200.png\" alt=\"\" width=\"300\" height=\"200\" srcset=\"https:\/\/cancan.com.tr\/wp-content\/uploads\/2023\/09\/ChatGPT-Image-11-Mar-2026-16_42_16-e1773236599897-300x200.png 300w, https:\/\/cancan.com.tr\/wp-content\/uploads\/2023\/09\/ChatGPT-Image-11-Mar-2026-16_42_16-e1773236599897-1024x683.png 1024w, https:\/\/cancan.com.tr\/wp-content\/uploads\/2023\/09\/ChatGPT-Image-11-Mar-2026-16_42_16-e1773236599897-768x512.png 768w, https:\/\/cancan.com.tr\/wp-content\/uploads\/2023\/09\/ChatGPT-Image-11-Mar-2026-16_42_16-e1773236599897-1200x800.png 1200w, https:\/\/cancan.com.tr\/wp-content\/uploads\/2023\/09\/ChatGPT-Image-11-Mar-2026-16_42_16-e1773236599897.png 1536w\" sizes=\"auto, (max-width: 300px) 100vw, 300px\" \/><\/p>","protected":false},"excerpt":{"rendered":"<h2><span style=\"color: #ff6600;\"><img loading=\"lazy\" decoding=\"async\" class=\"alignnone wp-image-11890\" style=\"color: #444444; font-size: 1rem;\" src=\"https:\/\/cancan.com.tr\/wp-content\/uploads\/2023\/09\/JUICING-EQUPMENTS-ICON-ENG-300x300.png\" alt=\"\" width=\"70\" height=\"70\" srcset=\"https:\/\/cancan.com.tr\/wp-content\/uploads\/2023\/09\/JUICING-EQUPMENTS-ICON-ENG-300x300.png 300w, https:\/\/cancan.com.tr\/wp-content\/uploads\/2023\/09\/JUICING-EQUPMENTS-ICON-ENG-1024x1024.png 1024w, https:\/\/cancan.com.tr\/wp-content\/uploads\/2023\/09\/JUICING-EQUPMENTS-ICON-ENG-150x150.png 150w, https:\/\/cancan.com.tr\/wp-content\/uploads\/2023\/09\/JUICING-EQUPMENTS-ICON-ENG-768x768.png 768w, https:\/\/cancan.com.tr\/wp-content\/uploads\/2023\/09\/JUICING-EQUPMENTS-ICON-ENG-1536x1536.png 1536w, https:\/\/cancan.com.tr\/wp-content\/uploads\/2023\/09\/JUICING-EQUPMENTS-ICON-ENG-2048x2048.png 2048w, https:\/\/cancan.com.tr\/wp-content\/uploads\/2023\/09\/JUICING-EQUPMENTS-ICON-ENG-60x60.png 60w, https:\/\/cancan.com.tr\/wp-content\/uploads\/2023\/09\/JUICING-EQUPMENTS-ICON-ENG-600x600.png 600w, https:\/\/cancan.com.tr\/wp-content\/uploads\/2023\/09\/JUICING-EQUPMENTS-ICON-ENG-1200x1200.png 1200w, https:\/\/cancan.com.tr\/wp-content\/uploads\/2023\/09\/JUICING-EQUPMENTS-ICON-ENG-100x100.png 100w\" sizes=\"auto, (max-width: 70px) 100vw, 70px\" \/><\/span><\/h2>\n<h2><span style=\"color: #ff6600;\">0206 28 Cafe Type Automatic Orange Juicer<\/span><\/h2>\n<p>The Cafe-type Automatic Orange Juicer is ideal for a wide range of establishments, including hotels,<br \/>\nrestaurants, markets, shopping malls, hospitals, student dormitories, cafes, and universities. It is designed<br \/>\nfor juicing citrus fruits such as oranges and lemons in public settings. The machine features a manually fed<br \/>\nhopper that can hold up to 7 kg of fruit. It squeezes approximately 28 oranges per minute and, depending on<br \/>\nthe feeding speed, can produce up to 100 glasses per day. This makes it especially suitable for cafeterias.<\/p>\n<p><img loading=\"lazy\" decoding=\"async\" class=\"alignnone wp-image-11871\" src=\"https:\/\/cancan.com.tr\/wp-content\/uploads\/2023\/09\/Heading-5-e1773233529673-300x131.png\" alt=\"\" width=\"203\" height=\"83\" \/><\/p>\n<p><img loading=\"lazy\" decoding=\"async\" class=\"alignnone wp-image-11873 \" src=\"https:\/\/cancan.com.tr\/wp-content\/uploads\/2023\/09\/Heading-8-e1773233865868-300x188.png\" alt=\"\" width=\"189\" height=\"118\" srcset=\"https:\/\/cancan.com.tr\/wp-content\/uploads\/2023\/09\/Heading-8-e1773233865868-300x188.png 300w, https:\/\/cancan.com.tr\/wp-content\/uploads\/2023\/09\/Heading-8-e1773233865868.png 553w\" sizes=\"auto, (max-width: 189px) 100vw, 189px\" \/><\/p>\n<p>&nbsp;<\/p>\n<p>&nbsp;<\/p>\n<p>&nbsp;<\/p>\n<p>https:\/\/www.youtube.com\/watch?v=X6RIfLFvUVE<\/p>\n","protected":false},"featured_media":9859,"comment_status":"closed","ping_status":"closed","template":"","meta":[],"product_cat":[15,170,174],"product_tag":[214,188,208,212,186,190,145,187,184,189,210,183,139,191,185,176],"class_list":["post-6003","product","type-product","status-publish","has-post-thumbnail","hentry","product_cat-tum-urunler","product_cat-meyve-suyu","product_cat-otomatik-meyve-presleri","product_tag-28-adet-dk","product_tag-alisveris-merkezi","product_tag-elektrikli","product_tag-elle-beslemeli","product_tag-hastane","product_tag-kafe","product_tag-tag1","product_tag-ogrenci-yurtlari","product_tag-okullar","product_tag-otel","product_tag-portakal","product_tag-restoranlar","product_tag-camera","product_tag-universiteler","product_tag-vitamin-barlar","product_tag-yerel-isletmeler"],"acf":[],"yoast_head":"<!-- This site is optimized with the Yoast SEO plugin v27.0 - https:\/\/yoast.com\/product\/yoast-seo-wordpress\/ -->\n<title>0206 28 Cafe Type Automatic Orange Juicer - Cancan Meyve Presleri<\/title>\n<meta name=\"robots\" content=\"index, follow, max-snippet:-1, max-image-preview:large, max-video-preview:-1\" \/>\n<link rel=\"canonical\" href=\"https:\/\/cancan.com.tr\/tum-urunler\/28-cafe-tipi\/\" \/>\n<meta property=\"og:locale\" content=\"en_US\" \/>\n<meta property=\"og:type\" content=\"article\" \/>\n<meta property=\"og:title\" content=\"[:tr]0206 28 Cafe Tipi Otomatik Portakal S\u0131kma Makinesi[:en]0206 28 Cafe Type Automatic Orange Juicer[:] - Cancan Meyve Presleri\" \/>\n<meta property=\"og:description\" content=\"[:tr] 0206 28 Cafe Tipi Otomatik Portakal S\u0131kma Makinesi 28 Cafe tipi Otomatik Portakal S\u0131kma Makinesi, oteller, restoranlar, marketler, al\u0131\u015fveri\u015f merkezleri, hastaneler, \u00f6\u011frenci yurtlar\u0131, kafeler ve \u00fcniversiteler dahil olmak \u00fczere \u00e7e\u015fitli kurulu\u015flar i\u00e7in idealdir. Halka a\u00e7\u0131k yerlerde portakal ve limon gibi narenciyelerin suyunu s\u0131kmak i\u00e7in tasarlanm\u0131\u015ft\u0131r. Makine, 7 kg\u2019a kadar meyve alabilen manuel beslemeli bir hazneye sahiptir. Dakikada yakla\u015f\u0131k 28 portakal s\u0131kar ve besleme h\u0131z\u0131na ba\u011fl\u0131 olarak g\u00fcnde 100 barda\u011fa kadar meyve suyu \u00fcretebilir. Bu \u00f6zelli\u011fi, makineyi kafeteryalar i\u00e7in \u00f6zellikle uygun hale getirir.     &nbsp;  https:\/\/www.youtube.com\/watch?v=X6RIfLFvUVE[:en] 0206 28 Cafe Type Automatic Orange Juicer The Cafe-type Automatic Orange Juicer is ideal for a wide range of establishments, including hotels, restaurants, markets, shopping malls, hospitals, student dormitories, cafes, and universities. It is designed for juicing citrus fruits such as oranges and lemons in public settings. The machine features a manually fed hopper that can hold up to 7 kg of fruit. It squeezes approximately 28 oranges per minute and, depending on the feeding speed, can produce up to 100 glasses per day. This makes it especially suitable for cafeterias.      &nbsp;  &nbsp;  &nbsp;  https:\/\/www.youtube.com\/watch?v=X6RIfLFvUVE[:]\" \/>\n<meta property=\"og:url\" content=\"https:\/\/cancan.com.tr\/tum-urunler\/28-cafe-tipi\/\" \/>\n<meta property=\"og:site_name\" content=\"Cancan Meyve Presleri\" \/>\n<meta property=\"article:modified_time\" content=\"2026-03-12T05:42:06+00:00\" \/>\n<meta property=\"og:image\" content=\"https:\/\/cancan.com.tr\/wp-content\/uploads\/2023\/11\/0206-1.jpg\" \/>\n\t<meta property=\"og:image:width\" content=\"708\" \/>\n\t<meta property=\"og:image:height\" content=\"581\" \/>\n\t<meta property=\"og:image:type\" content=\"image\/jpeg\" \/>\n<meta name=\"twitter:card\" content=\"summary_large_image\" \/>\n<meta name=\"twitter:label1\" content=\"Est. reading time\" \/>\n\t<meta name=\"twitter:data1\" content=\"3 minutes\" \/>\n<script type=\"application\/ld+json\" class=\"yoast-schema-graph\">{\"@context\":\"https:\/\/schema.org\",\"@graph\":[{\"@type\":\"WebPage\",\"@id\":\"https:\/\/cancan.com.tr\/tum-urunler\/28-cafe-tipi\/\",\"url\":\"https:\/\/cancan.com.tr\/tum-urunler\/28-cafe-tipi\/\",\"name\":\"[:tr]0206 28 Cafe Tipi Otomatik Portakal S\u0131kma Makinesi[:en]0206 28 Cafe Type Automatic Orange Juicer[:] - Cancan Meyve Presleri\",\"isPartOf\":{\"@id\":\"https:\/\/cancan.com.tr\/#website\"},\"primaryImageOfPage\":{\"@id\":\"https:\/\/cancan.com.tr\/tum-urunler\/28-cafe-tipi\/#primaryimage\"},\"image\":{\"@id\":\"https:\/\/cancan.com.tr\/tum-urunler\/28-cafe-tipi\/#primaryimage\"},\"thumbnailUrl\":\"https:\/\/cancan.com.tr\/wp-content\/uploads\/2023\/11\/0206-1.jpg\",\"datePublished\":\"2023-09-18T05:58:50+00:00\",\"dateModified\":\"2026-03-12T05:42:06+00:00\",\"breadcrumb\":{\"@id\":\"https:\/\/cancan.com.tr\/tum-urunler\/28-cafe-tipi\/#breadcrumb\"},\"inLanguage\":\"en-US\",\"potentialAction\":[{\"@type\":\"ReadAction\",\"target\":[\"https:\/\/cancan.com.tr\/tum-urunler\/28-cafe-tipi\/\"]}]},{\"@type\":\"ImageObject\",\"inLanguage\":\"en-US\",\"@id\":\"https:\/\/cancan.com.tr\/tum-urunler\/28-cafe-tipi\/#primaryimage\",\"url\":\"https:\/\/cancan.com.tr\/wp-content\/uploads\/2023\/11\/0206-1.jpg\",\"contentUrl\":\"https:\/\/cancan.com.tr\/wp-content\/uploads\/2023\/11\/0206-1.jpg\",\"width\":708,\"height\":581},{\"@type\":\"BreadcrumbList\",\"@id\":\"https:\/\/cancan.com.tr\/tum-urunler\/28-cafe-tipi\/#breadcrumb\",\"itemListElement\":[{\"@type\":\"ListItem\",\"position\":1,\"name\":\"Anasayfa\",\"item\":\"https:\/\/cancan.com.tr\/\"},{\"@type\":\"ListItem\",\"position\":2,\"name\":\"Products\",\"item\":\"https:\/\/cancan.com.tr\/en\/products-2\/\"},{\"@type\":\"ListItem\",\"position\":3,\"name\":\"0206 28 Cafe Tipi Otomatik Portakal S\u0131kma Makinesi\"}]},{\"@type\":\"WebSite\",\"@id\":\"https:\/\/cancan.com.tr\/#website\",\"url\":\"https:\/\/cancan.com.tr\/\",\"name\":\"Cancan Meyve Presleri\",\"description\":\"www.cancan.com.tr\",\"publisher\":{\"@id\":\"https:\/\/cancan.com.tr\/#organization\"},\"potentialAction\":[{\"@type\":\"SearchAction\",\"target\":{\"@type\":\"EntryPoint\",\"urlTemplate\":\"https:\/\/cancan.com.tr\/?s={search_term_string}\"},\"query-input\":{\"@type\":\"PropertyValueSpecification\",\"valueRequired\":true,\"valueName\":\"search_term_string\"}}],\"inLanguage\":\"en-US\"},{\"@type\":\"Organization\",\"@id\":\"https:\/\/cancan.com.tr\/#organization\",\"name\":\"Cancan Meyve Presleri\",\"url\":\"https:\/\/cancan.com.tr\/\",\"logo\":{\"@type\":\"ImageObject\",\"inLanguage\":\"en-US\",\"@id\":\"https:\/\/cancan.com.tr\/#\/schema\/logo\/image\/\",\"url\":\"https:\/\/cancan.com.tr\/wp-content\/uploads\/2026\/03\/CancanLogo.png\",\"contentUrl\":\"https:\/\/cancan.com.tr\/wp-content\/uploads\/2026\/03\/CancanLogo.png\",\"width\":362,\"height\":67,\"caption\":\"Cancan Meyve Presleri\"},\"image\":{\"@id\":\"https:\/\/cancan.com.tr\/#\/schema\/logo\/image\/\"}}]}<\/script>\n<!-- \/ Yoast SEO plugin. -->","yoast_head_json":{"title":"[:tr]0206 28 Cafe Tipi Otomatik Portakal S\u0131kma Makinesi[:en]0206 28 Cafe Type Automatic Orange Juicer[:] - Cancan Meyve Presleri","robots":{"index":"index","follow":"follow","max-snippet":"max-snippet:-1","max-image-preview":"max-image-preview:large","max-video-preview":"max-video-preview:-1"},"canonical":"https:\/\/cancan.com.tr\/tum-urunler\/28-cafe-tipi\/","og_locale":"en_US","og_type":"article","og_title":"[:tr]0206 28 Cafe Tipi Otomatik Portakal S\u0131kma Makinesi[:en]0206 28 Cafe Type Automatic Orange Juicer[:] - Cancan Meyve Presleri","og_description":"[:tr] 0206 28 Cafe Tipi Otomatik Portakal S\u0131kma Makinesi 28 Cafe tipi Otomatik Portakal S\u0131kma Makinesi, oteller, restoranlar, marketler, al\u0131\u015fveri\u015f merkezleri, hastaneler, \u00f6\u011frenci yurtlar\u0131, kafeler ve \u00fcniversiteler dahil olmak \u00fczere \u00e7e\u015fitli kurulu\u015flar i\u00e7in idealdir. Halka a\u00e7\u0131k yerlerde portakal ve limon gibi narenciyelerin suyunu s\u0131kmak i\u00e7in tasarlanm\u0131\u015ft\u0131r. Makine, 7 kg\u2019a kadar meyve alabilen manuel beslemeli bir hazneye sahiptir. Dakikada yakla\u015f\u0131k 28 portakal s\u0131kar ve besleme h\u0131z\u0131na ba\u011fl\u0131 olarak g\u00fcnde 100 barda\u011fa kadar meyve suyu \u00fcretebilir. Bu \u00f6zelli\u011fi, makineyi kafeteryalar i\u00e7in \u00f6zellikle uygun hale getirir.     &nbsp;  https:\/\/www.youtube.com\/watch?v=X6RIfLFvUVE[:en] 0206 28 Cafe Type Automatic Orange Juicer The Cafe-type Automatic Orange Juicer is ideal for a wide range of establishments, including hotels, restaurants, markets, shopping malls, hospitals, student dormitories, cafes, and universities. It is designed for juicing citrus fruits such as oranges and lemons in public settings. The machine features a manually fed hopper that can hold up to 7 kg of fruit. It squeezes approximately 28 oranges per minute and, depending on the feeding speed, can produce up to 100 glasses per day. This makes it especially suitable for cafeterias.      &nbsp;  &nbsp;  &nbsp;  https:\/\/www.youtube.com\/watch?v=X6RIfLFvUVE[:]","og_url":"https:\/\/cancan.com.tr\/tum-urunler\/28-cafe-tipi\/","og_site_name":"Cancan Meyve Presleri","article_modified_time":"2026-03-12T05:42:06+00:00","og_image":[{"width":708,"height":581,"url":"https:\/\/cancan.com.tr\/wp-content\/uploads\/2023\/11\/0206-1.jpg","type":"image\/jpeg"}],"twitter_card":"summary_large_image","twitter_misc":{"Est. reading time":"3 minutes"},"schema":{"@context":"https:\/\/schema.org","@graph":[{"@type":"WebPage","@id":"https:\/\/cancan.com.tr\/tum-urunler\/28-cafe-tipi\/","url":"https:\/\/cancan.com.tr\/tum-urunler\/28-cafe-tipi\/","name":"[:tr]0206 28 Cafe Tipi Otomatik Portakal S\u0131kma Makinesi[:en]0206 28 Cafe Type Automatic Orange Juicer[:] - Cancan Meyve Presleri","isPartOf":{"@id":"https:\/\/cancan.com.tr\/#website"},"primaryImageOfPage":{"@id":"https:\/\/cancan.com.tr\/tum-urunler\/28-cafe-tipi\/#primaryimage"},"image":{"@id":"https:\/\/cancan.com.tr\/tum-urunler\/28-cafe-tipi\/#primaryimage"},"thumbnailUrl":"https:\/\/cancan.com.tr\/wp-content\/uploads\/2023\/11\/0206-1.jpg","datePublished":"2023-09-18T05:58:50+00:00","dateModified":"2026-03-12T05:42:06+00:00","breadcrumb":{"@id":"https:\/\/cancan.com.tr\/tum-urunler\/28-cafe-tipi\/#breadcrumb"},"inLanguage":"en-US","potentialAction":[{"@type":"ReadAction","target":["https:\/\/cancan.com.tr\/tum-urunler\/28-cafe-tipi\/"]}]},{"@type":"ImageObject","inLanguage":"en-US","@id":"https:\/\/cancan.com.tr\/tum-urunler\/28-cafe-tipi\/#primaryimage","url":"https:\/\/cancan.com.tr\/wp-content\/uploads\/2023\/11\/0206-1.jpg","contentUrl":"https:\/\/cancan.com.tr\/wp-content\/uploads\/2023\/11\/0206-1.jpg","width":708,"height":581},{"@type":"BreadcrumbList","@id":"https:\/\/cancan.com.tr\/tum-urunler\/28-cafe-tipi\/#breadcrumb","itemListElement":[{"@type":"ListItem","position":1,"name":"Anasayfa","item":"https:\/\/cancan.com.tr\/"},{"@type":"ListItem","position":2,"name":"Products","item":"https:\/\/cancan.com.tr\/en\/products-2\/"},{"@type":"ListItem","position":3,"name":"0206 28 Cafe Tipi Otomatik Portakal S\u0131kma Makinesi"}]},{"@type":"WebSite","@id":"https:\/\/cancan.com.tr\/#website","url":"https:\/\/cancan.com.tr\/","name":"Cancan Meyve Presleri","description":"www.cancan.com.tr","publisher":{"@id":"https:\/\/cancan.com.tr\/#organization"},"potentialAction":[{"@type":"SearchAction","target":{"@type":"EntryPoint","urlTemplate":"https:\/\/cancan.com.tr\/?s={search_term_string}"},"query-input":{"@type":"PropertyValueSpecification","valueRequired":true,"valueName":"search_term_string"}}],"inLanguage":"en-US"},{"@type":"Organization","@id":"https:\/\/cancan.com.tr\/#organization","name":"Cancan Meyve Presleri","url":"https:\/\/cancan.com.tr\/","logo":{"@type":"ImageObject","inLanguage":"en-US","@id":"https:\/\/cancan.com.tr\/#\/schema\/logo\/image\/","url":"https:\/\/cancan.com.tr\/wp-content\/uploads\/2026\/03\/CancanLogo.png","contentUrl":"https:\/\/cancan.com.tr\/wp-content\/uploads\/2026\/03\/CancanLogo.png","width":362,"height":67,"caption":"Cancan Meyve Presleri"},"image":{"@id":"https:\/\/cancan.com.tr\/#\/schema\/logo\/image\/"}}]}},"_links":{"self":[{"href":"https:\/\/cancan.com.tr\/en\/wp-json\/wp\/v2\/product\/6003","targetHints":{"allow":["GET"]}}],"collection":[{"href":"https:\/\/cancan.com.tr\/en\/wp-json\/wp\/v2\/product"}],"about":[{"href":"https:\/\/cancan.com.tr\/en\/wp-json\/wp\/v2\/types\/product"}],"replies":[{"embeddable":true,"href":"https:\/\/cancan.com.tr\/en\/wp-json\/wp\/v2\/comments?post=6003"}],"wp:featuredmedia":[{"embeddable":true,"href":"https:\/\/cancan.com.tr\/en\/wp-json\/wp\/v2\/media\/9859"}],"wp:attachment":[{"href":"https:\/\/cancan.com.tr\/en\/wp-json\/wp\/v2\/media?parent=6003"}],"wp:term":[{"taxonomy":"product_cat","embeddable":true,"href":"https:\/\/cancan.com.tr\/en\/wp-json\/wp\/v2\/product_cat?post=6003"},{"taxonomy":"product_tag","embeddable":true,"href":"https:\/\/cancan.com.tr\/en\/wp-json\/wp\/v2\/product_tag?post=6003"}],"curies":[{"name":"wp","href":"https:\/\/api.w.org\/{rel}","templated":true}]}}