{"id":5991,"date":"2023-09-16T19:19:17","date_gmt":"2023-09-16T16:19:17","guid":{"rendered":"https:\/\/mostdijital.com\/cancan\/?post_type=product&#038;p=5991"},"modified":"2026-03-12T14:19:09","modified_gmt":"2026-03-12T11:19:09","slug":"0203-38-bardakli","status":"publish","type":"product","link":"https:\/\/cancan.com.tr\/en\/all-products\/38-with-glass\/","title":{"rendered":"0203 38 with Glass Automatic Orange Juicer"},"content":{"rendered":"<p><\/p>\n<h4>Fruit Storage Basket: 15 kg or 28 kg (Optional)<\/h4>\n<p><span class=\"BZ_Pyq_fadeIn\">15 <\/span><span class=\"BZ_Pyq_fadeIn\">kg <\/span><span class=\"BZ_Pyq_fadeIn\">or <\/span><span class=\"BZ_Pyq_fadeIn\">28 <\/span><span class=\"BZ_Pyq_fadeIn\">kg <\/span><span class=\"BZ_Pyq_fadeIn\">fruit <\/span><span class=\"BZ_Pyq_fadeIn\">storage <\/span><span class=\"BZ_Pyq_fadeIn\">basket <\/span><span class=\"BZ_Pyq_fadeIn\">options <\/span><span class=\"BZ_Pyq_fadeIn\">allow <\/span><span class=\"BZ_Pyq_fadeIn\">continuous <\/span><span class=\"BZ_Pyq_fadeIn\">operation <\/span><span class=\"BZ_Pyq_fadeIn\">for <\/span><span class=\"BZ_Pyq_fadeIn\">longer <\/span><span class=\"BZ_Pyq_fadeIn\">periods.<\/span><\/p>\n<h4><img loading=\"lazy\" decoding=\"async\" class=\"alignnone size-medium wp-image-8062\" src=\"https:\/\/cancan.com.tr\/wp-content\/uploads\/2023\/09\/0204-1101.5-scaled-e1696832074975-300x166.jpg\" alt=\"\" width=\"300\" height=\"166\" srcset=\"https:\/\/cancan.com.tr\/wp-content\/uploads\/2023\/09\/0204-1101.5-scaled-e1696832074975-300x166.jpg 300w, https:\/\/cancan.com.tr\/wp-content\/uploads\/2023\/09\/0204-1101.5-scaled-e1696832074975-1200x664.jpg 1200w, https:\/\/cancan.com.tr\/wp-content\/uploads\/2023\/09\/0204-1101.5-scaled-e1696832074975-1024x566.jpg 1024w, https:\/\/cancan.com.tr\/wp-content\/uploads\/2023\/09\/0204-1101.5-scaled-e1696832074975-768x425.jpg 768w, https:\/\/cancan.com.tr\/wp-content\/uploads\/2023\/09\/0204-1101.5-scaled-e1696832074975-1536x850.jpg 1536w, https:\/\/cancan.com.tr\/wp-content\/uploads\/2023\/09\/0204-1101.5-scaled-e1696832074975-2048x1133.jpg 2048w\" sizes=\"auto, (max-width: 300px) 100vw, 300px\" \/><\/h4>\n<hr \/>\n<h4>38 Glass Per Minute Orange Squeezing Capacity<\/h4>\n<p><span class=\"BZ_Pyq_fadeIn\">Squeezes <\/span><span class=\"BZ_Pyq_fadeIn\">up <\/span><span class=\"BZ_Pyq_fadeIn\">to <\/span><span class=\"BZ_Pyq_fadeIn\">38 <\/span><span class=\"BZ_Pyq_fadeIn\">oranges <\/span><span class=\"BZ_Pyq_fadeIn\">per <\/span><span class=\"BZ_Pyq_fadeIn\">minute <\/span><span class=\"BZ_Pyq_fadeIn\">for <\/span><span class=\"BZ_Pyq_fadeIn\">high <\/span><span class=\"BZ_Pyq_fadeIn\">productivity <\/span><span class=\"BZ_Pyq_fadeIn\">during <\/span><span class=\"BZ_Pyq_fadeIn\">peak <\/span><span class=\"BZ_Pyq_fadeIn\">hours.<\/span><\/p>\n<p><img loading=\"lazy\" decoding=\"async\" class=\"alignnone wp-image-11893 size-medium\" src=\"https:\/\/cancan.com.tr\/wp-content\/uploads\/2023\/09\/203-png-1-254x300.jpg\" alt=\"\" width=\"254\" height=\"300\" \/><\/p>\n<hr \/>\n<h4>Rotating Disc<\/h4>\n<p><span class=\"BZ_Pyq_fadeIn\">Rotating <\/span><span class=\"BZ_Pyq_fadeIn\">disc <\/span><span class=\"BZ_Pyq_fadeIn\">system <\/span><span class=\"BZ_Pyq_fadeIn\">smoothly <\/span><span class=\"BZ_Pyq_fadeIn\">feeds <\/span><span class=\"BZ_Pyq_fadeIn\">oranges <\/span><span class=\"BZ_Pyq_fadeIn\">into <\/span><span class=\"BZ_Pyq_fadeIn\">the <\/span><span class=\"BZ_Pyq_fadeIn\">squeezing <\/span><span class=\"BZ_Pyq_fadeIn\">mechanism.<\/span><\/p>\n<p><img loading=\"lazy\" decoding=\"async\" class=\"alignnone size-medium wp-image-8063\" src=\"https:\/\/cancan.com.tr\/wp-content\/uploads\/2023\/09\/0204-1101.11-scaled-e1696832179564-300x234.jpg\" alt=\"\" width=\"300\" height=\"234\" srcset=\"https:\/\/cancan.com.tr\/wp-content\/uploads\/2023\/09\/0204-1101.11-scaled-e1696832179564-300x234.jpg 300w, https:\/\/cancan.com.tr\/wp-content\/uploads\/2023\/09\/0204-1101.11-scaled-e1696832179564-1200x937.jpg 1200w, https:\/\/cancan.com.tr\/wp-content\/uploads\/2023\/09\/0204-1101.11-scaled-e1696832179564-1024x799.jpg 1024w, https:\/\/cancan.com.tr\/wp-content\/uploads\/2023\/09\/0204-1101.11-scaled-e1696832179564-768x599.jpg 768w, https:\/\/cancan.com.tr\/wp-content\/uploads\/2023\/09\/0204-1101.11-scaled-e1696832179564-1536x1199.jpg 1536w, https:\/\/cancan.com.tr\/wp-content\/uploads\/2023\/09\/0204-1101.11-scaled-e1696832179564-2048x1598.jpg 2048w\" sizes=\"auto, (max-width: 300px) 100vw, 300px\" \/><\/p>\n<hr \/>\n<h4>Large Feeding Wire<\/h4>\n<p><span class=\"BZ_Pyq_fadeIn\">Large <\/span><span class=\"BZ_Pyq_fadeIn\">feeding <\/span><span class=\"BZ_Pyq_fadeIn\">wire <\/span><span class=\"BZ_Pyq_fadeIn\">allows <\/span><span class=\"BZ_Pyq_fadeIn\">loading <\/span><span class=\"BZ_Pyq_fadeIn\">multiple <\/span><span class=\"BZ_Pyq_fadeIn\">oranges <\/span><span class=\"BZ_Pyq_fadeIn\">at <\/span><span class=\"BZ_Pyq_fadeIn\">the <\/span><span class=\"BZ_Pyq_fadeIn\">same <\/span><span class=\"BZ_Pyq_fadeIn\">time.<\/span><\/p>\n<p><img loading=\"lazy\" decoding=\"async\" class=\"alignnone wp-image-11893 size-medium\" src=\"https:\/\/cancan.com.tr\/wp-content\/uploads\/2023\/09\/203-png-1-e1773296611321-300x174.jpg\" alt=\"\" width=\"300\" height=\"174\" srcset=\"https:\/\/cancan.com.tr\/wp-content\/uploads\/2023\/09\/203-png-1-e1773296611321-300x174.jpg 300w, https:\/\/cancan.com.tr\/wp-content\/uploads\/2023\/09\/203-png-1-e1773296611321-1024x595.jpg 1024w, https:\/\/cancan.com.tr\/wp-content\/uploads\/2023\/09\/203-png-1-e1773296611321-768x446.jpg 768w, https:\/\/cancan.com.tr\/wp-content\/uploads\/2023\/09\/203-png-1-e1773296611321-1536x893.jpg 1536w, https:\/\/cancan.com.tr\/wp-content\/uploads\/2023\/09\/203-png-1-e1773296611321-1200x698.jpg 1200w, https:\/\/cancan.com.tr\/wp-content\/uploads\/2023\/09\/203-png-1-e1773296611321.jpg 1710w\" sizes=\"auto, (max-width: 300px) 100vw, 300px\" \/><\/p>\n<hr \/>\n<h4>Dishwasher-Safe Removable Components<\/h4>\n<p><span class=\"BZ_Pyq_fadeIn\">Removable <\/span><span class=\"BZ_Pyq_fadeIn\">components <\/span><span class=\"BZ_Pyq_fadeIn\">are <\/span><span class=\"BZ_Pyq_fadeIn\">dishwasher <\/span><span class=\"BZ_Pyq_fadeIn\">safe <\/span><span class=\"BZ_Pyq_fadeIn\">for <\/span><span class=\"BZ_Pyq_fadeIn\">easy <\/span><span class=\"BZ_Pyq_fadeIn\">and <\/span><span class=\"BZ_Pyq_fadeIn\">hygienic <\/span><span class=\"BZ_Pyq_fadeIn\">cleaning.<\/span>.<\/p>\n<p><img loading=\"lazy\" decoding=\"async\" class=\"alignnone size-medium wp-image-11883\" src=\"https:\/\/cancan.com.tr\/wp-content\/uploads\/2023\/09\/0206.9-300x200.jpg\" alt=\"\" width=\"300\" height=\"200\" srcset=\"https:\/\/cancan.com.tr\/wp-content\/uploads\/2023\/09\/0206.9-300x200.jpg 300w, https:\/\/cancan.com.tr\/wp-content\/uploads\/2023\/09\/0206.9-1024x683.jpg 1024w, https:\/\/cancan.com.tr\/wp-content\/uploads\/2023\/09\/0206.9-768x512.jpg 768w, https:\/\/cancan.com.tr\/wp-content\/uploads\/2023\/09\/0206.9-1536x1024.jpg 1536w, https:\/\/cancan.com.tr\/wp-content\/uploads\/2023\/09\/0206.9-2048x1365.jpg 2048w, https:\/\/cancan.com.tr\/wp-content\/uploads\/2023\/09\/0206.9-1200x800.jpg 1200w\" sizes=\"auto, (max-width: 300px) 100vw, 300px\" \/><\/p>\n<hr \/>\n<h4>Front Cover with a Safety Swich<\/h4>\n<p><span class=\"BZ_Pyq_fadeIn\">Safety <\/span><span class=\"BZ_Pyq_fadeIn\">switch <\/span><span class=\"BZ_Pyq_fadeIn\">prevents <\/span><span class=\"BZ_Pyq_fadeIn\">the <\/span><span class=\"BZ_Pyq_fadeIn\">machine <\/span><span class=\"BZ_Pyq_fadeIn\">from <\/span><span class=\"BZ_Pyq_fadeIn\">operating <\/span><span class=\"BZ_Pyq_fadeIn\">when <\/span><span class=\"BZ_Pyq_fadeIn\">the <\/span><span class=\"BZ_Pyq_fadeIn\">front <\/span><span class=\"BZ_Pyq_fadeIn\">cover <\/span><span class=\"BZ_Pyq_fadeIn\">is <\/span><span class=\"BZ_Pyq_fadeIn\">open.<\/span><\/p>\n<h4><img loading=\"lazy\" decoding=\"async\" class=\"alignnone size-medium wp-image-8064\" src=\"https:\/\/cancan.com.tr\/wp-content\/uploads\/2023\/09\/0204-1101.13-scaled-e1696832237213-300x251.jpg\" alt=\"\" width=\"300\" height=\"251\" srcset=\"https:\/\/cancan.com.tr\/wp-content\/uploads\/2023\/09\/0204-1101.13-scaled-e1696832237213-300x251.jpg 300w, https:\/\/cancan.com.tr\/wp-content\/uploads\/2023\/09\/0204-1101.13-scaled-e1696832237213-1200x1005.jpg 1200w, https:\/\/cancan.com.tr\/wp-content\/uploads\/2023\/09\/0204-1101.13-scaled-e1696832237213-1024x858.jpg 1024w, https:\/\/cancan.com.tr\/wp-content\/uploads\/2023\/09\/0204-1101.13-scaled-e1696832237213-768x643.jpg 768w, https:\/\/cancan.com.tr\/wp-content\/uploads\/2023\/09\/0204-1101.13-scaled-e1696832237213-1536x1287.jpg 1536w, https:\/\/cancan.com.tr\/wp-content\/uploads\/2023\/09\/0204-1101.13-scaled-e1696832237213.jpg 1706w\" sizes=\"auto, (max-width: 300px) 100vw, 300px\" \/><\/h4>\n<hr \/>\n<h4>Cleaning Pipe<\/h4>\n<p><span class=\"BZ_Pyq_fadeIn\">Cleaning <\/span><span class=\"BZ_Pyq_fadeIn\">pipe <\/span><span class=\"BZ_Pyq_fadeIn\">enables <\/span><span class=\"BZ_Pyq_fadeIn\">easy <\/span><span class=\"BZ_Pyq_fadeIn\">discharge <\/span><span class=\"BZ_Pyq_fadeIn\">of <\/span><span class=\"BZ_Pyq_fadeIn\">pulp <\/span><span class=\"BZ_Pyq_fadeIn\">and <\/span><span class=\"BZ_Pyq_fadeIn\">liquid <\/span><span class=\"BZ_Pyq_fadeIn\">residues.<\/span><\/p>\n<h4><span lang=\"TR\"><img loading=\"lazy\" decoding=\"async\" class=\"alignnone size-medium wp-image-8065\" src=\"https:\/\/cancan.com.tr\/wp-content\/uploads\/2023\/09\/0204-1101.7-scaled-e1696832330268-300x270.jpg\" alt=\"\" width=\"300\" height=\"270\" srcset=\"https:\/\/cancan.com.tr\/wp-content\/uploads\/2023\/09\/0204-1101.7-scaled-e1696832330268-300x270.jpg 300w, https:\/\/cancan.com.tr\/wp-content\/uploads\/2023\/09\/0204-1101.7-scaled-e1696832330268-1200x1078.jpg 1200w, https:\/\/cancan.com.tr\/wp-content\/uploads\/2023\/09\/0204-1101.7-scaled-e1696832330268-1024x920.jpg 1024w, https:\/\/cancan.com.tr\/wp-content\/uploads\/2023\/09\/0204-1101.7-scaled-e1696832330268-768x690.jpg 768w, https:\/\/cancan.com.tr\/wp-content\/uploads\/2023\/09\/0204-1101.7-scaled-e1696832330268.jpg 1429w\" sizes=\"auto, (max-width: 300px) 100vw, 300px\" \/><\/span><\/h4>\n<hr \/>\n<h4>Optional Lemon Kit<\/h4>\n<p>Optional lemon kit allows easy juicing of lemons as well.<\/p>\n<p><img loading=\"lazy\" decoding=\"async\" class=\"alignnone wp-image-11888 size-medium\" src=\"https:\/\/cancan.com.tr\/wp-content\/uploads\/2023\/09\/ChatGPT-Image-11-Mar-2026-16_42_16-e1773236599897-300x200.png\" alt=\"\" width=\"300\" height=\"200\" srcset=\"https:\/\/cancan.com.tr\/wp-content\/uploads\/2023\/09\/ChatGPT-Image-11-Mar-2026-16_42_16-e1773236599897-300x200.png 300w, https:\/\/cancan.com.tr\/wp-content\/uploads\/2023\/09\/ChatGPT-Image-11-Mar-2026-16_42_16-e1773236599897-1024x683.png 1024w, https:\/\/cancan.com.tr\/wp-content\/uploads\/2023\/09\/ChatGPT-Image-11-Mar-2026-16_42_16-e1773236599897-768x512.png 768w, https:\/\/cancan.com.tr\/wp-content\/uploads\/2023\/09\/ChatGPT-Image-11-Mar-2026-16_42_16-e1773236599897-1200x800.png 1200w, https:\/\/cancan.com.tr\/wp-content\/uploads\/2023\/09\/ChatGPT-Image-11-Mar-2026-16_42_16-e1773236599897.png 1536w\" sizes=\"auto, (max-width: 300px) 100vw, 300px\" \/><\/p>\n<h4><\/h4>\n<p><\/p>","protected":false},"excerpt":{"rendered":"<h2><span style=\"color: #ff6600;\"><img loading=\"lazy\" decoding=\"async\" class=\"alignnone wp-image-11890\" style=\"color: #444444; font-size: 1rem;\" src=\"https:\/\/cancan.com.tr\/wp-content\/uploads\/2023\/09\/JUICING-EQUPMENTS-ICON-ENG-300x300.png\" alt=\"\" width=\"70\" height=\"70\" srcset=\"https:\/\/cancan.com.tr\/wp-content\/uploads\/2023\/09\/JUICING-EQUPMENTS-ICON-ENG-300x300.png 300w, https:\/\/cancan.com.tr\/wp-content\/uploads\/2023\/09\/JUICING-EQUPMENTS-ICON-ENG-1024x1024.png 1024w, https:\/\/cancan.com.tr\/wp-content\/uploads\/2023\/09\/JUICING-EQUPMENTS-ICON-ENG-150x150.png 150w, https:\/\/cancan.com.tr\/wp-content\/uploads\/2023\/09\/JUICING-EQUPMENTS-ICON-ENG-768x768.png 768w, https:\/\/cancan.com.tr\/wp-content\/uploads\/2023\/09\/JUICING-EQUPMENTS-ICON-ENG-1536x1536.png 1536w, https:\/\/cancan.com.tr\/wp-content\/uploads\/2023\/09\/JUICING-EQUPMENTS-ICON-ENG-2048x2048.png 2048w, https:\/\/cancan.com.tr\/wp-content\/uploads\/2023\/09\/JUICING-EQUPMENTS-ICON-ENG-60x60.png 60w, https:\/\/cancan.com.tr\/wp-content\/uploads\/2023\/09\/JUICING-EQUPMENTS-ICON-ENG-600x600.png 600w, https:\/\/cancan.com.tr\/wp-content\/uploads\/2023\/09\/JUICING-EQUPMENTS-ICON-ENG-1200x1200.png 1200w, https:\/\/cancan.com.tr\/wp-content\/uploads\/2023\/09\/JUICING-EQUPMENTS-ICON-ENG-100x100.png 100w\" sizes=\"auto, (max-width: 70px) 100vw, 70px\" \/><\/span><\/h2>\n<h2><span style=\"color: #ff6600;\">0203 38 with Glass Automatic Orange Juicer<\/span><\/h2>\n<p>The 38 With Glass Automatic Orange Juicer is designed for businesses to efficiently squeeze citrus fruits such as oranges and lemons. With just one button, it automatically performs the feeding, cutting, and squeezing processes. Cancan\u2019s technology ensures that the juice and the peel do not come into contact, preventing peel acids from entering the juice and preserving its flavor. The machine features a stainless steel body, a rotating disc, and a self-cleaning system. Its hygienic juice extraction system offers guaranteed hygiene by operating hands-free. It also includes a 15 kg fruit storage chamber and provides a practical, user-friendly design for businesses.<\/p>\n<p><img loading=\"lazy\" decoding=\"async\" class=\"alignnone wp-image-11871\" src=\"https:\/\/cancan.com.tr\/wp-content\/uploads\/2023\/09\/Heading-5-e1773233529673-300x131.png\" alt=\"\" width=\"203\" height=\"83\" \/><\/p>\n<p><img loading=\"lazy\" decoding=\"async\" class=\"alignnone wp-image-11873 \" src=\"https:\/\/cancan.com.tr\/wp-content\/uploads\/2023\/09\/Heading-8-e1773233865868-300x188.png\" alt=\"\" width=\"189\" height=\"118\" srcset=\"https:\/\/cancan.com.tr\/wp-content\/uploads\/2023\/09\/Heading-8-e1773233865868-300x188.png 300w, https:\/\/cancan.com.tr\/wp-content\/uploads\/2023\/09\/Heading-8-e1773233865868.png 553w\" sizes=\"auto, (max-width: 189px) 100vw, 189px\" \/><\/p>\n<p>https:\/\/www.youtube.com\/watch?v=yRflcA1ySvI<\/p>\n","protected":false},"featured_media":8169,"comment_status":"closed","ping_status":"closed","template":"","meta":[],"product_cat":[244,15,170,174],"product_tag":[213,208,145,184,211,210,183,139,185,176],"class_list":["post-5991","product","type-product","status-publish","has-post-thumbnail","hentry","product_cat-vitamin-barlar","product_cat-tum-urunler","product_cat-meyve-suyu","product_cat-otomatik-meyve-presleri","product_tag-38-adet-dk","product_tag-elektrikli","product_tag-tag1","product_tag-okullar","product_tag-otomatik-besleme-sistemli","product_tag-portakal","product_tag-restoranlar","product_tag-camera","product_tag-vitamin-barlar","product_tag-yerel-isletmeler"],"acf":[],"yoast_head":"<!-- This site is optimized with the Yoast SEO plugin v27.0 - https:\/\/yoast.com\/product\/yoast-seo-wordpress\/ -->\n<title>0203 38 with Glass Automatic Orange Juicer - Cancan Meyve Presleri<\/title>\n<meta name=\"robots\" content=\"index, follow, max-snippet:-1, max-image-preview:large, max-video-preview:-1\" \/>\n<link rel=\"canonical\" href=\"https:\/\/cancan.com.tr\/tum-urunler\/38-bardakli\/\" \/>\n<meta property=\"og:locale\" content=\"en_US\" \/>\n<meta property=\"og:type\" content=\"article\" \/>\n<meta property=\"og:title\" content=\"[:tr]0203 38 Bardakl\u0131 Otomatik Portakal S\u0131kma Makinesi[:en]0203 38 with Glass Automatic Orange Juicer[:] - Cancan Meyve Presleri\" \/>\n<meta property=\"og:description\" content=\"[:tr] 0203 38 Bardakl\u0131 Otomatik Portakal S\u0131kma Makinesi 38 Bardakl\u0131 Otomatik Portakal S\u0131kma Makinesi, i\u015fletmelerde narenciye meyvelerinden; portakal ve limon suyunun s\u0131k\u0131m\u0131 amac\u0131yla tasarlanm\u0131\u015ft\u0131r. Makine, tek bir tu\u015fla otomatik besleme, kesme, ay\u0131rma ve s\u0131kma i\u015flemlerini ger\u00e7ekle\u015ftirir. Cancan\u2019\u0131n teknolojisi sayesinde meyve suyu el de\u011fmeden elde edilir; b\u00f6ylece meyvenin t\u00fcm lezzet ve besin \u00f6zellikleri korunur. S\u0131v\u0131 temas y\u00fczeyleri paslanmaz \u00e7elikten \u00fcretilmi\u015ftir. Ayr\u0131ca 15 kg posa kapasitesiyle uzun s\u00fcreli kullan\u0131mlarda bile y\u00fcksek verim sunar.     https:\/\/www.youtube.com\/watch?v=yRflcA1ySvI[:en] 0203 38 with Glass Automatic Orange Juicer The 38 With Glass Automatic Orange Juicer is designed for businesses to efficiently squeeze citrus fruits such as oranges and lemons. With just one button, it automatically performs the feeding, cutting, and squeezing processes. Cancan\u2019s technology ensures that the juice and the peel do not come into contact, preventing peel acids from entering the juice and preserving its flavor. The machine features a stainless steel body, a rotating disc, and a self-cleaning system. Its hygienic juice extraction system offers guaranteed hygiene by operating hands-free. It also includes a 15 kg fruit storage chamber and provides a practical, user-friendly design for businesses.      https:\/\/www.youtube.com\/watch?v=yRflcA1ySvI[:]\" \/>\n<meta property=\"og:url\" content=\"https:\/\/cancan.com.tr\/tum-urunler\/38-bardakli\/\" \/>\n<meta property=\"og:site_name\" content=\"Cancan Meyve Presleri\" \/>\n<meta property=\"article:modified_time\" content=\"2026-03-12T11:19:09+00:00\" \/>\n<meta property=\"og:image\" content=\"https:\/\/cancan.com.tr\/wp-content\/uploads\/2023\/09\/0203.jpg\" \/>\n\t<meta property=\"og:image:width\" content=\"675\" \/>\n\t<meta property=\"og:image:height\" content=\"828\" \/>\n\t<meta property=\"og:image:type\" content=\"image\/jpeg\" \/>\n<meta name=\"twitter:card\" content=\"summary_large_image\" \/>\n<meta name=\"twitter:label1\" content=\"Est. reading time\" \/>\n\t<meta name=\"twitter:data1\" content=\"3 minutes\" \/>\n<script type=\"application\/ld+json\" class=\"yoast-schema-graph\">{\"@context\":\"https:\/\/schema.org\",\"@graph\":[{\"@type\":\"WebPage\",\"@id\":\"https:\/\/cancan.com.tr\/tum-urunler\/38-bardakli\/\",\"url\":\"https:\/\/cancan.com.tr\/tum-urunler\/38-bardakli\/\",\"name\":\"[:tr]0203 38 Bardakl\u0131 Otomatik Portakal S\u0131kma Makinesi[:en]0203 38 with Glass Automatic Orange Juicer[:] - Cancan Meyve Presleri\",\"isPartOf\":{\"@id\":\"https:\/\/cancan.com.tr\/#website\"},\"primaryImageOfPage\":{\"@id\":\"https:\/\/cancan.com.tr\/tum-urunler\/38-bardakli\/#primaryimage\"},\"image\":{\"@id\":\"https:\/\/cancan.com.tr\/tum-urunler\/38-bardakli\/#primaryimage\"},\"thumbnailUrl\":\"https:\/\/cancan.com.tr\/wp-content\/uploads\/2023\/09\/0203.jpg\",\"datePublished\":\"2023-09-16T16:19:17+00:00\",\"dateModified\":\"2026-03-12T11:19:09+00:00\",\"breadcrumb\":{\"@id\":\"https:\/\/cancan.com.tr\/tum-urunler\/38-bardakli\/#breadcrumb\"},\"inLanguage\":\"en-US\",\"potentialAction\":[{\"@type\":\"ReadAction\",\"target\":[\"https:\/\/cancan.com.tr\/tum-urunler\/38-bardakli\/\"]}]},{\"@type\":\"ImageObject\",\"inLanguage\":\"en-US\",\"@id\":\"https:\/\/cancan.com.tr\/tum-urunler\/38-bardakli\/#primaryimage\",\"url\":\"https:\/\/cancan.com.tr\/wp-content\/uploads\/2023\/09\/0203.jpg\",\"contentUrl\":\"https:\/\/cancan.com.tr\/wp-content\/uploads\/2023\/09\/0203.jpg\",\"width\":675,\"height\":828},{\"@type\":\"BreadcrumbList\",\"@id\":\"https:\/\/cancan.com.tr\/tum-urunler\/38-bardakli\/#breadcrumb\",\"itemListElement\":[{\"@type\":\"ListItem\",\"position\":1,\"name\":\"Anasayfa\",\"item\":\"https:\/\/cancan.com.tr\/\"},{\"@type\":\"ListItem\",\"position\":2,\"name\":\"Products\",\"item\":\"https:\/\/cancan.com.tr\/en\/products-2\/\"},{\"@type\":\"ListItem\",\"position\":3,\"name\":\"0203 38 Bardakl\u0131 Otomatik Portakal S\u0131kma Makinesi\"}]},{\"@type\":\"WebSite\",\"@id\":\"https:\/\/cancan.com.tr\/#website\",\"url\":\"https:\/\/cancan.com.tr\/\",\"name\":\"Cancan Meyve Presleri\",\"description\":\"www.cancan.com.tr\",\"publisher\":{\"@id\":\"https:\/\/cancan.com.tr\/#organization\"},\"potentialAction\":[{\"@type\":\"SearchAction\",\"target\":{\"@type\":\"EntryPoint\",\"urlTemplate\":\"https:\/\/cancan.com.tr\/?s={search_term_string}\"},\"query-input\":{\"@type\":\"PropertyValueSpecification\",\"valueRequired\":true,\"valueName\":\"search_term_string\"}}],\"inLanguage\":\"en-US\"},{\"@type\":\"Organization\",\"@id\":\"https:\/\/cancan.com.tr\/#organization\",\"name\":\"Cancan Meyve Presleri\",\"url\":\"https:\/\/cancan.com.tr\/\",\"logo\":{\"@type\":\"ImageObject\",\"inLanguage\":\"en-US\",\"@id\":\"https:\/\/cancan.com.tr\/#\/schema\/logo\/image\/\",\"url\":\"https:\/\/cancan.com.tr\/wp-content\/uploads\/2026\/03\/CancanLogo.png\",\"contentUrl\":\"https:\/\/cancan.com.tr\/wp-content\/uploads\/2026\/03\/CancanLogo.png\",\"width\":362,\"height\":67,\"caption\":\"Cancan Meyve Presleri\"},\"image\":{\"@id\":\"https:\/\/cancan.com.tr\/#\/schema\/logo\/image\/\"}}]}<\/script>\n<!-- \/ Yoast SEO plugin. -->","yoast_head_json":{"title":"[:tr]0203 38 Bardakl\u0131 Otomatik Portakal S\u0131kma Makinesi[:en]0203 38 with Glass Automatic Orange Juicer[:] - Cancan Meyve Presleri","robots":{"index":"index","follow":"follow","max-snippet":"max-snippet:-1","max-image-preview":"max-image-preview:large","max-video-preview":"max-video-preview:-1"},"canonical":"https:\/\/cancan.com.tr\/tum-urunler\/38-bardakli\/","og_locale":"en_US","og_type":"article","og_title":"[:tr]0203 38 Bardakl\u0131 Otomatik Portakal S\u0131kma Makinesi[:en]0203 38 with Glass Automatic Orange Juicer[:] - Cancan Meyve Presleri","og_description":"[:tr] 0203 38 Bardakl\u0131 Otomatik Portakal S\u0131kma Makinesi 38 Bardakl\u0131 Otomatik Portakal S\u0131kma Makinesi, i\u015fletmelerde narenciye meyvelerinden; portakal ve limon suyunun s\u0131k\u0131m\u0131 amac\u0131yla tasarlanm\u0131\u015ft\u0131r. Makine, tek bir tu\u015fla otomatik besleme, kesme, ay\u0131rma ve s\u0131kma i\u015flemlerini ger\u00e7ekle\u015ftirir. Cancan\u2019\u0131n teknolojisi sayesinde meyve suyu el de\u011fmeden elde edilir; b\u00f6ylece meyvenin t\u00fcm lezzet ve besin \u00f6zellikleri korunur. S\u0131v\u0131 temas y\u00fczeyleri paslanmaz \u00e7elikten \u00fcretilmi\u015ftir. Ayr\u0131ca 15 kg posa kapasitesiyle uzun s\u00fcreli kullan\u0131mlarda bile y\u00fcksek verim sunar.     https:\/\/www.youtube.com\/watch?v=yRflcA1ySvI[:en] 0203 38 with Glass Automatic Orange Juicer The 38 With Glass Automatic Orange Juicer is designed for businesses to efficiently squeeze citrus fruits such as oranges and lemons. With just one button, it automatically performs the feeding, cutting, and squeezing processes. Cancan\u2019s technology ensures that the juice and the peel do not come into contact, preventing peel acids from entering the juice and preserving its flavor. The machine features a stainless steel body, a rotating disc, and a self-cleaning system. Its hygienic juice extraction system offers guaranteed hygiene by operating hands-free. It also includes a 15 kg fruit storage chamber and provides a practical, user-friendly design for businesses.      https:\/\/www.youtube.com\/watch?v=yRflcA1ySvI[:]","og_url":"https:\/\/cancan.com.tr\/tum-urunler\/38-bardakli\/","og_site_name":"Cancan Meyve Presleri","article_modified_time":"2026-03-12T11:19:09+00:00","og_image":[{"width":675,"height":828,"url":"https:\/\/cancan.com.tr\/wp-content\/uploads\/2023\/09\/0203.jpg","type":"image\/jpeg"}],"twitter_card":"summary_large_image","twitter_misc":{"Est. reading time":"3 minutes"},"schema":{"@context":"https:\/\/schema.org","@graph":[{"@type":"WebPage","@id":"https:\/\/cancan.com.tr\/tum-urunler\/38-bardakli\/","url":"https:\/\/cancan.com.tr\/tum-urunler\/38-bardakli\/","name":"[:tr]0203 38 Bardakl\u0131 Otomatik Portakal S\u0131kma Makinesi[:en]0203 38 with Glass Automatic Orange Juicer[:] - Cancan Meyve Presleri","isPartOf":{"@id":"https:\/\/cancan.com.tr\/#website"},"primaryImageOfPage":{"@id":"https:\/\/cancan.com.tr\/tum-urunler\/38-bardakli\/#primaryimage"},"image":{"@id":"https:\/\/cancan.com.tr\/tum-urunler\/38-bardakli\/#primaryimage"},"thumbnailUrl":"https:\/\/cancan.com.tr\/wp-content\/uploads\/2023\/09\/0203.jpg","datePublished":"2023-09-16T16:19:17+00:00","dateModified":"2026-03-12T11:19:09+00:00","breadcrumb":{"@id":"https:\/\/cancan.com.tr\/tum-urunler\/38-bardakli\/#breadcrumb"},"inLanguage":"en-US","potentialAction":[{"@type":"ReadAction","target":["https:\/\/cancan.com.tr\/tum-urunler\/38-bardakli\/"]}]},{"@type":"ImageObject","inLanguage":"en-US","@id":"https:\/\/cancan.com.tr\/tum-urunler\/38-bardakli\/#primaryimage","url":"https:\/\/cancan.com.tr\/wp-content\/uploads\/2023\/09\/0203.jpg","contentUrl":"https:\/\/cancan.com.tr\/wp-content\/uploads\/2023\/09\/0203.jpg","width":675,"height":828},{"@type":"BreadcrumbList","@id":"https:\/\/cancan.com.tr\/tum-urunler\/38-bardakli\/#breadcrumb","itemListElement":[{"@type":"ListItem","position":1,"name":"Anasayfa","item":"https:\/\/cancan.com.tr\/"},{"@type":"ListItem","position":2,"name":"Products","item":"https:\/\/cancan.com.tr\/en\/products-2\/"},{"@type":"ListItem","position":3,"name":"0203 38 Bardakl\u0131 Otomatik Portakal S\u0131kma Makinesi"}]},{"@type":"WebSite","@id":"https:\/\/cancan.com.tr\/#website","url":"https:\/\/cancan.com.tr\/","name":"Cancan Meyve Presleri","description":"www.cancan.com.tr","publisher":{"@id":"https:\/\/cancan.com.tr\/#organization"},"potentialAction":[{"@type":"SearchAction","target":{"@type":"EntryPoint","urlTemplate":"https:\/\/cancan.com.tr\/?s={search_term_string}"},"query-input":{"@type":"PropertyValueSpecification","valueRequired":true,"valueName":"search_term_string"}}],"inLanguage":"en-US"},{"@type":"Organization","@id":"https:\/\/cancan.com.tr\/#organization","name":"Cancan Meyve Presleri","url":"https:\/\/cancan.com.tr\/","logo":{"@type":"ImageObject","inLanguage":"en-US","@id":"https:\/\/cancan.com.tr\/#\/schema\/logo\/image\/","url":"https:\/\/cancan.com.tr\/wp-content\/uploads\/2026\/03\/CancanLogo.png","contentUrl":"https:\/\/cancan.com.tr\/wp-content\/uploads\/2026\/03\/CancanLogo.png","width":362,"height":67,"caption":"Cancan Meyve Presleri"},"image":{"@id":"https:\/\/cancan.com.tr\/#\/schema\/logo\/image\/"}}]}},"_links":{"self":[{"href":"https:\/\/cancan.com.tr\/en\/wp-json\/wp\/v2\/product\/5991","targetHints":{"allow":["GET"]}}],"collection":[{"href":"https:\/\/cancan.com.tr\/en\/wp-json\/wp\/v2\/product"}],"about":[{"href":"https:\/\/cancan.com.tr\/en\/wp-json\/wp\/v2\/types\/product"}],"replies":[{"embeddable":true,"href":"https:\/\/cancan.com.tr\/en\/wp-json\/wp\/v2\/comments?post=5991"}],"wp:featuredmedia":[{"embeddable":true,"href":"https:\/\/cancan.com.tr\/en\/wp-json\/wp\/v2\/media\/8169"}],"wp:attachment":[{"href":"https:\/\/cancan.com.tr\/en\/wp-json\/wp\/v2\/media?parent=5991"}],"wp:term":[{"taxonomy":"product_cat","embeddable":true,"href":"https:\/\/cancan.com.tr\/en\/wp-json\/wp\/v2\/product_cat?post=5991"},{"taxonomy":"product_tag","embeddable":true,"href":"https:\/\/cancan.com.tr\/en\/wp-json\/wp\/v2\/product_tag?post=5991"}],"curies":[{"name":"wp","href":"https:\/\/api.w.org\/{rel}","templated":true}]}}