{"id":5954,"date":"2023-09-14T09:37:33","date_gmt":"2023-09-14T06:37:33","guid":{"rendered":"https:\/\/mostdijital.com\/cancan\/?post_type=product&#038;p=5954"},"modified":"2026-03-12T08:39:59","modified_gmt":"2026-03-12T05:39:59","slug":"test-3-0102-profesyonel-tip-manuel-meyve-presi","status":"publish","type":"product","link":"https:\/\/cancan.com.tr\/en\/all-products\/professional-type-fruit-juicer\/","title":{"rendered":"0102 Professional Type Fruit Juicer"},"content":{"rendered":"<p><\/p>\n<h4>NSF Certified<\/h4>\n<p class=\"vc_custom_heading vc_custom_1656350738159 appear-animation fadeInUp appear-animation-visible\" data-appear-animation=\"fadeInUp\" data-appear-animation-delay=\"500\">Certified by NSF, ensuring compliance with international food safety and hygiene standards.<\/p>\n<p><img loading=\"lazy\" decoding=\"async\" class=\"alignnone wp-image-11834 size-thumbnail\" src=\"https:\/\/cancan.com.tr\/wp-content\/uploads\/2023\/09\/NSF-Logo-150x150.png\" alt=\"\" width=\"150\" height=\"150\" srcset=\"https:\/\/cancan.com.tr\/wp-content\/uploads\/2023\/09\/NSF-Logo-150x150.png 150w, https:\/\/cancan.com.tr\/wp-content\/uploads\/2023\/09\/NSF-Logo-300x300.png 300w, https:\/\/cancan.com.tr\/wp-content\/uploads\/2023\/09\/NSF-Logo-1024x1024.png 1024w, https:\/\/cancan.com.tr\/wp-content\/uploads\/2023\/09\/NSF-Logo-768x767.png 768w, https:\/\/cancan.com.tr\/wp-content\/uploads\/2023\/09\/NSF-Logo-60x60.png 60w, https:\/\/cancan.com.tr\/wp-content\/uploads\/2023\/09\/NSF-Logo-600x600.png 600w, https:\/\/cancan.com.tr\/wp-content\/uploads\/2023\/09\/NSF-Logo-100x100.png 100w, https:\/\/cancan.com.tr\/wp-content\/uploads\/2023\/09\/NSF-Logo.png 1105w\" sizes=\"auto, (max-width: 150px) 100vw, 150px\" \/><\/p>\n<hr \/>\n<h4>Two-Step Squeezing<\/h4>\n<p class=\"vc_custom_heading vc_custom_1656350738159 appear-animation fadeInUp appear-animation-visible\" data-appear-animation=\"fadeInUp\" data-appear-animation-delay=\"500\">Special pressing mechanism extracts juice in two stages for maximum efficiency.<\/p>\n<p><img loading=\"lazy\" decoding=\"async\" class=\"alignnone size-medium wp-image-11835\" src=\"https:\/\/cancan.com.tr\/wp-content\/uploads\/2023\/09\/Adsiz-tasarim-46-300x300.png\" alt=\"\" width=\"300\" height=\"300\" srcset=\"https:\/\/cancan.com.tr\/wp-content\/uploads\/2023\/09\/Adsiz-tasarim-46-300x300.png 300w, https:\/\/cancan.com.tr\/wp-content\/uploads\/2023\/09\/Adsiz-tasarim-46-1024x1024.png 1024w, https:\/\/cancan.com.tr\/wp-content\/uploads\/2023\/09\/Adsiz-tasarim-46-150x150.png 150w, https:\/\/cancan.com.tr\/wp-content\/uploads\/2023\/09\/Adsiz-tasarim-46-768x768.png 768w, https:\/\/cancan.com.tr\/wp-content\/uploads\/2023\/09\/Adsiz-tasarim-46-60x60.png 60w, https:\/\/cancan.com.tr\/wp-content\/uploads\/2023\/09\/Adsiz-tasarim-46-600x600.png 600w, https:\/\/cancan.com.tr\/wp-content\/uploads\/2023\/09\/Adsiz-tasarim-46-100x100.png 100w, https:\/\/cancan.com.tr\/wp-content\/uploads\/2023\/09\/Adsiz-tasarim-46.png 1181w\" sizes=\"auto, (max-width: 300px) 100vw, 300px\" \/><\/p>\n<hr \/>\n<div class=\"wpb_text_column wpb_content_element \">\n<div class=\"wpb_wrapper\">\n<h4>Locking Stainless Steel Strainer<\/h4>\n<\/div>\n<\/div>\n<p class=\"vc_custom_heading vc_custom_1656350750218 appear-animation fadeInUp appear-animation-visible\" data-appear-animation=\"fadeInUp\" data-appear-animation-delay=\"500\">Lockable stainless steel strainer provides hygienic and secure operation.<\/p>\n<p data-appear-animation=\"fadeInUp\" data-appear-animation-delay=\"500\"><img loading=\"lazy\" decoding=\"async\" class=\"alignnone wp-image-5988 size-medium\" src=\"https:\/\/cancan.com.tr\/wp-content\/uploads\/2023\/09\/IMG_0023.jpg--200x300.png\" alt=\"\" width=\"200\" height=\"300\" srcset=\"https:\/\/cancan.com.tr\/wp-content\/uploads\/2023\/09\/IMG_0023.jpg--200x300.png 200w, https:\/\/cancan.com.tr\/wp-content\/uploads\/2023\/09\/IMG_0023.jpg--1200x1800.png 1200w, https:\/\/cancan.com.tr\/wp-content\/uploads\/2023\/09\/IMG_0023.jpg--683x1024.png 683w, https:\/\/cancan.com.tr\/wp-content\/uploads\/2023\/09\/IMG_0023.jpg--768x1152.png 768w, https:\/\/cancan.com.tr\/wp-content\/uploads\/2023\/09\/IMG_0023.jpg--1024x1536.png 1024w, https:\/\/cancan.com.tr\/wp-content\/uploads\/2023\/09\/IMG_0023.jpg--1365x2048.png 1365w, https:\/\/cancan.com.tr\/wp-content\/uploads\/2023\/09\/IMG_0023.jpg--scaled.png 1707w\" sizes=\"auto, (max-width: 200px) 100vw, 200px\" \/><\/p>\n<hr \/>\n<div class=\"wpb_text_column wpb_content_element \">\n<div class=\"wpb_wrapper\">\n<h4>High Performance<\/h4>\n<\/div>\n<\/div>\n<p class=\"vc_custom_heading vc_custom_1656350847255 appear-animation fadeInUp appear-animation-visible\" data-appear-animation=\"fadeInUp\" data-appear-animation-delay=\"700\">Powerful pressing mechanism delivers high juicing performance even in busy service.<\/p>\n<p><img loading=\"lazy\" decoding=\"async\" class=\"alignnone size-medium wp-image-11840\" src=\"https:\/\/cancan.com.tr\/wp-content\/uploads\/2023\/09\/IMG_0038.jpg--200x300.png\" alt=\"\" width=\"200\" height=\"300\" srcset=\"https:\/\/cancan.com.tr\/wp-content\/uploads\/2023\/09\/IMG_0038.jpg--200x300.png 200w, https:\/\/cancan.com.tr\/wp-content\/uploads\/2023\/09\/IMG_0038.jpg--683x1024.png 683w, https:\/\/cancan.com.tr\/wp-content\/uploads\/2023\/09\/IMG_0038.jpg--768x1152.png 768w, https:\/\/cancan.com.tr\/wp-content\/uploads\/2023\/09\/IMG_0038.jpg--1024x1536.png 1024w, https:\/\/cancan.com.tr\/wp-content\/uploads\/2023\/09\/IMG_0038.jpg--1365x2048.png 1365w, https:\/\/cancan.com.tr\/wp-content\/uploads\/2023\/09\/IMG_0038.jpg--1200x1800.png 1200w, https:\/\/cancan.com.tr\/wp-content\/uploads\/2023\/09\/IMG_0038.jpg--scaled.png 1707w\" sizes=\"auto, (max-width: 200px) 100vw, 200px\" \/><\/p>\n<h4>Easy Cleaning<\/h4>\n<p class=\"vc_custom_heading vc_custom_1656350738159 appear-animation fadeInUp appear-animation-visible\" data-appear-animation=\"fadeInUp\" data-appear-animation-delay=\"500\">Removable components allow quick and easy cleaning.<\/p>\n<p><img loading=\"lazy\" decoding=\"async\" class=\"alignnone size-medium wp-image-11841\" src=\"https:\/\/cancan.com.tr\/wp-content\/uploads\/2023\/09\/IMG_0008.jpg-1-1-200x300.png\" alt=\"\" width=\"200\" height=\"300\" srcset=\"https:\/\/cancan.com.tr\/wp-content\/uploads\/2023\/09\/IMG_0008.jpg-1-1-200x300.png 200w, https:\/\/cancan.com.tr\/wp-content\/uploads\/2023\/09\/IMG_0008.jpg-1-1-683x1024.png 683w, https:\/\/cancan.com.tr\/wp-content\/uploads\/2023\/09\/IMG_0008.jpg-1-1-768x1152.png 768w, https:\/\/cancan.com.tr\/wp-content\/uploads\/2023\/09\/IMG_0008.jpg-1-1-1024x1536.png 1024w, https:\/\/cancan.com.tr\/wp-content\/uploads\/2023\/09\/IMG_0008.jpg-1-1-1365x2048.png 1365w, https:\/\/cancan.com.tr\/wp-content\/uploads\/2023\/09\/IMG_0008.jpg-1-1-1200x1800.png 1200w, https:\/\/cancan.com.tr\/wp-content\/uploads\/2023\/09\/IMG_0008.jpg-1-1-scaled.png 1707w\" sizes=\"auto, (max-width: 200px) 100vw, 200px\" \/><\/p>\n<hr \/>\n<h4>Non-Slip Base<\/h4>\n<p class=\"vc_custom_heading vc_custom_1656350738159 appear-animation fadeInUp appear-animation-visible\" data-appear-animation=\"fadeInUp\" data-appear-animation-delay=\"500\">Non-slip base ensures stable and safe operation during use.<\/p>\n<p><img loading=\"lazy\" decoding=\"async\" class=\"alignnone size-medium wp-image-11836\" src=\"https:\/\/cancan.com.tr\/wp-content\/uploads\/2023\/09\/IMG_0021.jpg-1-1-200x300.png\" alt=\"\" width=\"200\" height=\"300\" srcset=\"https:\/\/cancan.com.tr\/wp-content\/uploads\/2023\/09\/IMG_0021.jpg-1-1-200x300.png 200w, https:\/\/cancan.com.tr\/wp-content\/uploads\/2023\/09\/IMG_0021.jpg-1-1-683x1024.png 683w, https:\/\/cancan.com.tr\/wp-content\/uploads\/2023\/09\/IMG_0021.jpg-1-1-768x1152.png 768w, https:\/\/cancan.com.tr\/wp-content\/uploads\/2023\/09\/IMG_0021.jpg-1-1-1024x1536.png 1024w, https:\/\/cancan.com.tr\/wp-content\/uploads\/2023\/09\/IMG_0021.jpg-1-1-1365x2048.png 1365w, https:\/\/cancan.com.tr\/wp-content\/uploads\/2023\/09\/IMG_0021.jpg-1-1-1200x1800.png 1200w, https:\/\/cancan.com.tr\/wp-content\/uploads\/2023\/09\/IMG_0021.jpg-1-1-scaled.png 1707w\" sizes=\"auto, (max-width: 200px) 100vw, 200px\" \/><\/p>\n<hr \/>\n<div class=\"wpb_text_column wpb_content_element \">\n<div class=\"wpb_wrapper\">\n<h4>Drip Cup<\/h4>\n<\/div>\n<\/div>\n<p class=\"vc_custom_heading vc_custom_1656350750218 appear-animation fadeInUp appear-animation-visible\" data-appear-animation=\"fadeInUp\" data-appear-animation-delay=\"500\">Drip-catching system prevents juice from dripping onto the counter.<\/p>\n<p data-appear-animation=\"fadeInUp\" data-appear-animation-delay=\"500\"><img loading=\"lazy\" decoding=\"async\" class=\"alignnone wp-image-11837 size-medium\" src=\"https:\/\/cancan.com.tr\/wp-content\/uploads\/2023\/09\/IMG_0018.jpg-1-1-300x200.png\" alt=\"\" width=\"300\" height=\"200\" srcset=\"https:\/\/cancan.com.tr\/wp-content\/uploads\/2023\/09\/IMG_0018.jpg-1-1-300x200.png 300w, https:\/\/cancan.com.tr\/wp-content\/uploads\/2023\/09\/IMG_0018.jpg-1-1-1024x683.png 1024w, https:\/\/cancan.com.tr\/wp-content\/uploads\/2023\/09\/IMG_0018.jpg-1-1-768x512.png 768w, https:\/\/cancan.com.tr\/wp-content\/uploads\/2023\/09\/IMG_0018.jpg-1-1-1536x1024.png 1536w, https:\/\/cancan.com.tr\/wp-content\/uploads\/2023\/09\/IMG_0018.jpg-1-1-2048x1365.png 2048w, https:\/\/cancan.com.tr\/wp-content\/uploads\/2023\/09\/IMG_0018.jpg-1-1-1200x800.png 1200w\" sizes=\"auto, (max-width: 300px) 100vw, 300px\" \/><\/p>\n<hr \/>\n<div class=\"wpb_text_column wpb_content_element \">\n<div class=\"wpb_wrapper\">\n<h4>Adjustable Height<\/h4>\n<\/div>\n<\/div>\n<p class=\"vc_custom_heading vc_custom_1656350847255 appear-animation fadeInUp appear-animation-visible\" data-appear-animation=\"fadeInUp\" data-appear-animation-delay=\"700\">Large pressing chamber accommodates different sizes of citrus fruits.<\/p>\n<p><img loading=\"lazy\" decoding=\"async\" class=\"alignnone wp-image-11838 size-medium\" src=\"https:\/\/cancan.com.tr\/wp-content\/uploads\/2023\/09\/IMG_0016.jpg-1-1-151x300.png\" alt=\"\" width=\"151\" height=\"300\" srcset=\"https:\/\/cancan.com.tr\/wp-content\/uploads\/2023\/09\/IMG_0016.jpg-1-1-151x300.png 151w, https:\/\/cancan.com.tr\/wp-content\/uploads\/2023\/09\/IMG_0016.jpg-1-1-515x1024.png 515w, https:\/\/cancan.com.tr\/wp-content\/uploads\/2023\/09\/IMG_0016.jpg-1-1-768x1528.png 768w, https:\/\/cancan.com.tr\/wp-content\/uploads\/2023\/09\/IMG_0016.jpg-1-1-772x1536.png 772w, https:\/\/cancan.com.tr\/wp-content\/uploads\/2023\/09\/IMG_0016.jpg-1-1-1029x2048.png 1029w, https:\/\/cancan.com.tr\/wp-content\/uploads\/2023\/09\/IMG_0016.jpg-1-1-1200x2388.png 1200w, https:\/\/cancan.com.tr\/wp-content\/uploads\/2023\/09\/IMG_0016.jpg-1-1-scaled.png 1287w\" sizes=\"auto, (max-width: 151px) 100vw, 151px\" \/><\/p>\n<div class=\"wpb_text_column wpb_content_element \">\n<div class=\"wpb_wrapper\">\n<div class=\"wpb_text_column wpb_content_element \">\n<div class=\"wpb_wrapper\">\n<h4>Ergonomic Upperpress<\/h4>\n<\/div>\n<\/div>\n<p class=\"vc_custom_heading vc_custom_1656350750218 appear-animation fadeInUp appear-animation-visible\" data-appear-animation=\"fadeInUp\" data-appear-animation-delay=\"500\">Ergonomic top press design provides stronger and more efficient extraction.<\/p>\n<p data-appear-animation=\"fadeInUp\" data-appear-animation-delay=\"500\"><img loading=\"lazy\" decoding=\"async\" class=\"alignnone wp-image-11839 size-medium\" src=\"https:\/\/cancan.com.tr\/wp-content\/uploads\/2023\/09\/IMG_0012.psd-1-1-300x200.png\" alt=\"\" width=\"300\" height=\"200\" srcset=\"https:\/\/cancan.com.tr\/wp-content\/uploads\/2023\/09\/IMG_0012.psd-1-1-300x200.png 300w, https:\/\/cancan.com.tr\/wp-content\/uploads\/2023\/09\/IMG_0012.psd-1-1-1024x683.png 1024w, https:\/\/cancan.com.tr\/wp-content\/uploads\/2023\/09\/IMG_0012.psd-1-1-768x512.png 768w, https:\/\/cancan.com.tr\/wp-content\/uploads\/2023\/09\/IMG_0012.psd-1-1-1536x1024.png 1536w, https:\/\/cancan.com.tr\/wp-content\/uploads\/2023\/09\/IMG_0012.psd-1-1-2048x1365.png 2048w, https:\/\/cancan.com.tr\/wp-content\/uploads\/2023\/09\/IMG_0012.psd-1-1-1200x800.png 1200w\" sizes=\"auto, (max-width: 300px) 100vw, 300px\" \/><\/p>\n<\/div>\n<\/div>\n<p><\/p>","protected":false},"excerpt":{"rendered":"<h2><span style=\"color: #ff6600;\"><img loading=\"lazy\" decoding=\"async\" class=\"alignnone wp-image-11890\" style=\"color: #444444; font-size: 1rem;\" src=\"https:\/\/cancan.com.tr\/wp-content\/uploads\/2023\/09\/JUICING-EQUPMENTS-ICON-ENG-300x300.png\" alt=\"\" width=\"70\" height=\"70\" srcset=\"https:\/\/cancan.com.tr\/wp-content\/uploads\/2023\/09\/JUICING-EQUPMENTS-ICON-ENG-300x300.png 300w, https:\/\/cancan.com.tr\/wp-content\/uploads\/2023\/09\/JUICING-EQUPMENTS-ICON-ENG-1024x1024.png 1024w, https:\/\/cancan.com.tr\/wp-content\/uploads\/2023\/09\/JUICING-EQUPMENTS-ICON-ENG-150x150.png 150w, https:\/\/cancan.com.tr\/wp-content\/uploads\/2023\/09\/JUICING-EQUPMENTS-ICON-ENG-768x768.png 768w, https:\/\/cancan.com.tr\/wp-content\/uploads\/2023\/09\/JUICING-EQUPMENTS-ICON-ENG-1536x1536.png 1536w, https:\/\/cancan.com.tr\/wp-content\/uploads\/2023\/09\/JUICING-EQUPMENTS-ICON-ENG-2048x2048.png 2048w, https:\/\/cancan.com.tr\/wp-content\/uploads\/2023\/09\/JUICING-EQUPMENTS-ICON-ENG-60x60.png 60w, https:\/\/cancan.com.tr\/wp-content\/uploads\/2023\/09\/JUICING-EQUPMENTS-ICON-ENG-600x600.png 600w, https:\/\/cancan.com.tr\/wp-content\/uploads\/2023\/09\/JUICING-EQUPMENTS-ICON-ENG-1200x1200.png 1200w, https:\/\/cancan.com.tr\/wp-content\/uploads\/2023\/09\/JUICING-EQUPMENTS-ICON-ENG-100x100.png 100w\" sizes=\"auto, (max-width: 70px) 100vw, 70px\" \/><\/span><\/h2>\n<h2><span style=\"color: #ff6600;\">0102 Professional Type Manual Fruit Juicer<\/span><\/h2>\n<p>Equipped with a locking strainer and bowl, the Professional Type Manual Fruit Juicer has a squeezing force of 90 kg and is designed for use in cafes, buffets, and restaurants. The drip feature prevents fruit juice from leaking out between squeezes.<\/p>\n<div class=\"wpb_text_column wpb_content_element \">\n<p><img loading=\"lazy\" decoding=\"async\" class=\"alignnone wp-image-11842\" src=\"https:\/\/cancan.com.tr\/wp-content\/uploads\/2023\/09\/Adsiz-tasarim-47-e1773215197683-300x103.png\" alt=\"\" width=\"250\" height=\"86\" srcset=\"https:\/\/cancan.com.tr\/wp-content\/uploads\/2023\/09\/Adsiz-tasarim-47-e1773215197683-300x103.png 300w, https:\/\/cancan.com.tr\/wp-content\/uploads\/2023\/09\/Adsiz-tasarim-47-e1773215197683-1024x352.png 1024w, https:\/\/cancan.com.tr\/wp-content\/uploads\/2023\/09\/Adsiz-tasarim-47-e1773215197683-768x264.png 768w, https:\/\/cancan.com.tr\/wp-content\/uploads\/2023\/09\/Adsiz-tasarim-47-e1773215197683.png 1163w\" sizes=\"auto, (max-width: 250px) 100vw, 250px\" \/><\/p>\n<p><img loading=\"lazy\" decoding=\"async\" class=\"alignnone wp-image-11870 size-medium\" src=\"https:\/\/cancan.com.tr\/wp-content\/uploads\/2023\/09\/Heading-6-e1773233183555-300x85.png\" alt=\"\" width=\"300\" height=\"85\" srcset=\"https:\/\/cancan.com.tr\/wp-content\/uploads\/2023\/09\/Heading-6-e1773233183555-300x85.png 300w, https:\/\/cancan.com.tr\/wp-content\/uploads\/2023\/09\/Heading-6-e1773233183555-1024x291.png 1024w, https:\/\/cancan.com.tr\/wp-content\/uploads\/2023\/09\/Heading-6-e1773233183555-768x218.png 768w, https:\/\/cancan.com.tr\/wp-content\/uploads\/2023\/09\/Heading-6-e1773233183555.png 1150w\" sizes=\"auto, (max-width: 300px) 100vw, 300px\" \/><\/p>\n<\/div>\n","protected":false},"featured_media":8166,"comment_status":"closed","ping_status":"closed","template":"","meta":[],"product_cat":[245,248,247,15,170,173],"product_tag":[145,207,219,184,210,183,139],"class_list":["post-5954","product","type-product","status-publish","has-post-thumbnail","hentry","product_cat-manavlar","product_cat-oteller","product_cat-restoranlar","product_cat-tum-urunler","product_cat-meyve-suyu","product_cat-manuel-meyve-presleri","product_tag-tag1","product_tag-manuel","product_tag-manuel-hazirlik","product_tag-okullar","product_tag-portakal","product_tag-restoranlar","product_tag-camera"],"acf":[],"yoast_head":"<!-- This site is optimized with the Yoast SEO plugin v27.0 - https:\/\/yoast.com\/product\/yoast-seo-wordpress\/ -->\n<title>0102 Professional Type Fruit Juicer - Cancan Meyve Presleri<\/title>\n<meta name=\"description\" content=\"0102 Profesyonel Tip Meyve Presi Kilitli sistem s\u00fczge\u00e7 ve tasa sahiptir. Tas, s\u00fczge\u00e7 ve \u00fcst bask\u0131 \u00e7ap\u0131 10 cm\u2019dir. S\u0131k\u0131m aralar\u0131nda meyve suyunun d\u0131\u015far\u0131...\" \/>\n<meta name=\"robots\" content=\"index, follow, max-snippet:-1, max-image-preview:large, max-video-preview:-1\" \/>\n<link rel=\"canonical\" href=\"https:\/\/cancan.com.tr\/tum-urunler\/profesyonel-tip-meyve-presi\/\" \/>\n<meta property=\"og:locale\" content=\"en_US\" \/>\n<meta property=\"og:type\" content=\"article\" \/>\n<meta property=\"og:title\" content=\"[:tr]0102 Profesyonel Tip Meyve Presi[:en]0102 Professional Type Fruit Juicer[:] - Cancan Meyve Presleri\" \/>\n<meta property=\"og:description\" content=\"0102 Profesyonel Tip Meyve Presi Kilitli sistem s\u00fczge\u00e7 ve tasa sahiptir. Tas, s\u00fczge\u00e7 ve \u00fcst bask\u0131 \u00e7ap\u0131 10 cm\u2019dir. S\u0131k\u0131m aralar\u0131nda meyve suyunun d\u0131\u015far\u0131...\" \/>\n<meta property=\"og:url\" content=\"https:\/\/cancan.com.tr\/tum-urunler\/profesyonel-tip-meyve-presi\/\" \/>\n<meta property=\"og:site_name\" content=\"Cancan Meyve Presleri\" \/>\n<meta property=\"article:modified_time\" content=\"2026-03-12T05:39:59+00:00\" \/>\n<meta property=\"og:image\" content=\"https:\/\/cancan.com.tr\/wp-content\/uploads\/2023\/09\/0102-2.jpg\" \/>\n\t<meta property=\"og:image:width\" content=\"675\" \/>\n\t<meta property=\"og:image:height\" content=\"828\" \/>\n\t<meta property=\"og:image:type\" content=\"image\/jpeg\" \/>\n<meta name=\"twitter:card\" content=\"summary_large_image\" \/>\n<meta name=\"twitter:label1\" content=\"Est. reading time\" \/>\n\t<meta name=\"twitter:data1\" content=\"3 minutes\" \/>\n<script type=\"application\/ld+json\" class=\"yoast-schema-graph\">{\"@context\":\"https:\/\/schema.org\",\"@graph\":[{\"@type\":\"WebPage\",\"@id\":\"https:\/\/cancan.com.tr\/tum-urunler\/profesyonel-tip-meyve-presi\/\",\"url\":\"https:\/\/cancan.com.tr\/tum-urunler\/profesyonel-tip-meyve-presi\/\",\"name\":\"[:tr]0102 Profesyonel Tip Meyve Presi[:en]0102 Professional Type Fruit Juicer[:] - Cancan Meyve Presleri\",\"isPartOf\":{\"@id\":\"https:\/\/cancan.com.tr\/#website\"},\"primaryImageOfPage\":{\"@id\":\"https:\/\/cancan.com.tr\/tum-urunler\/profesyonel-tip-meyve-presi\/#primaryimage\"},\"image\":{\"@id\":\"https:\/\/cancan.com.tr\/tum-urunler\/profesyonel-tip-meyve-presi\/#primaryimage\"},\"thumbnailUrl\":\"https:\/\/cancan.com.tr\/wp-content\/uploads\/2023\/09\/0102-2.jpg\",\"datePublished\":\"2023-09-14T06:37:33+00:00\",\"dateModified\":\"2026-03-12T05:39:59+00:00\",\"description\":\"0102 Profesyonel Tip Meyve Presi Kilitli sistem s\u00fczge\u00e7 ve tasa sahiptir. Tas, s\u00fczge\u00e7 ve \u00fcst bask\u0131 \u00e7ap\u0131 10 cm\u2019dir. S\u0131k\u0131m aralar\u0131nda meyve suyunun d\u0131\u015far\u0131...\",\"breadcrumb\":{\"@id\":\"https:\/\/cancan.com.tr\/tum-urunler\/profesyonel-tip-meyve-presi\/#breadcrumb\"},\"inLanguage\":\"en-US\",\"potentialAction\":[{\"@type\":\"ReadAction\",\"target\":[\"https:\/\/cancan.com.tr\/tum-urunler\/profesyonel-tip-meyve-presi\/\"]}]},{\"@type\":\"ImageObject\",\"inLanguage\":\"en-US\",\"@id\":\"https:\/\/cancan.com.tr\/tum-urunler\/profesyonel-tip-meyve-presi\/#primaryimage\",\"url\":\"https:\/\/cancan.com.tr\/wp-content\/uploads\/2023\/09\/0102-2.jpg\",\"contentUrl\":\"https:\/\/cancan.com.tr\/wp-content\/uploads\/2023\/09\/0102-2.jpg\",\"width\":675,\"height\":828},{\"@type\":\"BreadcrumbList\",\"@id\":\"https:\/\/cancan.com.tr\/tum-urunler\/profesyonel-tip-meyve-presi\/#breadcrumb\",\"itemListElement\":[{\"@type\":\"ListItem\",\"position\":1,\"name\":\"Anasayfa\",\"item\":\"https:\/\/cancan.com.tr\/\"},{\"@type\":\"ListItem\",\"position\":2,\"name\":\"Products\",\"item\":\"https:\/\/cancan.com.tr\/en\/products-2\/\"},{\"@type\":\"ListItem\",\"position\":3,\"name\":\"0102 Profesyonel Tip Meyve Presi\"}]},{\"@type\":\"WebSite\",\"@id\":\"https:\/\/cancan.com.tr\/#website\",\"url\":\"https:\/\/cancan.com.tr\/\",\"name\":\"Cancan Meyve Presleri\",\"description\":\"www.cancan.com.tr\",\"publisher\":{\"@id\":\"https:\/\/cancan.com.tr\/#organization\"},\"potentialAction\":[{\"@type\":\"SearchAction\",\"target\":{\"@type\":\"EntryPoint\",\"urlTemplate\":\"https:\/\/cancan.com.tr\/?s={search_term_string}\"},\"query-input\":{\"@type\":\"PropertyValueSpecification\",\"valueRequired\":true,\"valueName\":\"search_term_string\"}}],\"inLanguage\":\"en-US\"},{\"@type\":\"Organization\",\"@id\":\"https:\/\/cancan.com.tr\/#organization\",\"name\":\"Cancan Meyve Presleri\",\"url\":\"https:\/\/cancan.com.tr\/\",\"logo\":{\"@type\":\"ImageObject\",\"inLanguage\":\"en-US\",\"@id\":\"https:\/\/cancan.com.tr\/#\/schema\/logo\/image\/\",\"url\":\"https:\/\/cancan.com.tr\/wp-content\/uploads\/2026\/03\/CancanLogo.png\",\"contentUrl\":\"https:\/\/cancan.com.tr\/wp-content\/uploads\/2026\/03\/CancanLogo.png\",\"width\":362,\"height\":67,\"caption\":\"Cancan Meyve Presleri\"},\"image\":{\"@id\":\"https:\/\/cancan.com.tr\/#\/schema\/logo\/image\/\"}}]}<\/script>\n<!-- \/ Yoast SEO plugin. -->","yoast_head_json":{"title":"[:tr]0102 Profesyonel Tip Meyve Presi[:en]0102 Professional Type Fruit Juicer[:] - Cancan Meyve Presleri","description":"0102 Profesyonel Tip Meyve Presi Kilitli sistem s\u00fczge\u00e7 ve tasa sahiptir. Tas, s\u00fczge\u00e7 ve \u00fcst bask\u0131 \u00e7ap\u0131 10 cm\u2019dir. S\u0131k\u0131m aralar\u0131nda meyve suyunun d\u0131\u015far\u0131...","robots":{"index":"index","follow":"follow","max-snippet":"max-snippet:-1","max-image-preview":"max-image-preview:large","max-video-preview":"max-video-preview:-1"},"canonical":"https:\/\/cancan.com.tr\/tum-urunler\/profesyonel-tip-meyve-presi\/","og_locale":"en_US","og_type":"article","og_title":"[:tr]0102 Profesyonel Tip Meyve Presi[:en]0102 Professional Type Fruit Juicer[:] - Cancan Meyve Presleri","og_description":"0102 Profesyonel Tip Meyve Presi Kilitli sistem s\u00fczge\u00e7 ve tasa sahiptir. Tas, s\u00fczge\u00e7 ve \u00fcst bask\u0131 \u00e7ap\u0131 10 cm\u2019dir. S\u0131k\u0131m aralar\u0131nda meyve suyunun d\u0131\u015far\u0131...","og_url":"https:\/\/cancan.com.tr\/tum-urunler\/profesyonel-tip-meyve-presi\/","og_site_name":"Cancan Meyve Presleri","article_modified_time":"2026-03-12T05:39:59+00:00","og_image":[{"width":675,"height":828,"url":"https:\/\/cancan.com.tr\/wp-content\/uploads\/2023\/09\/0102-2.jpg","type":"image\/jpeg"}],"twitter_card":"summary_large_image","twitter_misc":{"Est. reading time":"3 minutes"},"schema":{"@context":"https:\/\/schema.org","@graph":[{"@type":"WebPage","@id":"https:\/\/cancan.com.tr\/tum-urunler\/profesyonel-tip-meyve-presi\/","url":"https:\/\/cancan.com.tr\/tum-urunler\/profesyonel-tip-meyve-presi\/","name":"[:tr]0102 Profesyonel Tip Meyve Presi[:en]0102 Professional Type Fruit Juicer[:] - Cancan Meyve Presleri","isPartOf":{"@id":"https:\/\/cancan.com.tr\/#website"},"primaryImageOfPage":{"@id":"https:\/\/cancan.com.tr\/tum-urunler\/profesyonel-tip-meyve-presi\/#primaryimage"},"image":{"@id":"https:\/\/cancan.com.tr\/tum-urunler\/profesyonel-tip-meyve-presi\/#primaryimage"},"thumbnailUrl":"https:\/\/cancan.com.tr\/wp-content\/uploads\/2023\/09\/0102-2.jpg","datePublished":"2023-09-14T06:37:33+00:00","dateModified":"2026-03-12T05:39:59+00:00","description":"0102 Profesyonel Tip Meyve Presi Kilitli sistem s\u00fczge\u00e7 ve tasa sahiptir. Tas, s\u00fczge\u00e7 ve \u00fcst bask\u0131 \u00e7ap\u0131 10 cm\u2019dir. S\u0131k\u0131m aralar\u0131nda meyve suyunun d\u0131\u015far\u0131...","breadcrumb":{"@id":"https:\/\/cancan.com.tr\/tum-urunler\/profesyonel-tip-meyve-presi\/#breadcrumb"},"inLanguage":"en-US","potentialAction":[{"@type":"ReadAction","target":["https:\/\/cancan.com.tr\/tum-urunler\/profesyonel-tip-meyve-presi\/"]}]},{"@type":"ImageObject","inLanguage":"en-US","@id":"https:\/\/cancan.com.tr\/tum-urunler\/profesyonel-tip-meyve-presi\/#primaryimage","url":"https:\/\/cancan.com.tr\/wp-content\/uploads\/2023\/09\/0102-2.jpg","contentUrl":"https:\/\/cancan.com.tr\/wp-content\/uploads\/2023\/09\/0102-2.jpg","width":675,"height":828},{"@type":"BreadcrumbList","@id":"https:\/\/cancan.com.tr\/tum-urunler\/profesyonel-tip-meyve-presi\/#breadcrumb","itemListElement":[{"@type":"ListItem","position":1,"name":"Anasayfa","item":"https:\/\/cancan.com.tr\/"},{"@type":"ListItem","position":2,"name":"Products","item":"https:\/\/cancan.com.tr\/en\/products-2\/"},{"@type":"ListItem","position":3,"name":"0102 Profesyonel Tip Meyve Presi"}]},{"@type":"WebSite","@id":"https:\/\/cancan.com.tr\/#website","url":"https:\/\/cancan.com.tr\/","name":"Cancan Meyve Presleri","description":"www.cancan.com.tr","publisher":{"@id":"https:\/\/cancan.com.tr\/#organization"},"potentialAction":[{"@type":"SearchAction","target":{"@type":"EntryPoint","urlTemplate":"https:\/\/cancan.com.tr\/?s={search_term_string}"},"query-input":{"@type":"PropertyValueSpecification","valueRequired":true,"valueName":"search_term_string"}}],"inLanguage":"en-US"},{"@type":"Organization","@id":"https:\/\/cancan.com.tr\/#organization","name":"Cancan Meyve Presleri","url":"https:\/\/cancan.com.tr\/","logo":{"@type":"ImageObject","inLanguage":"en-US","@id":"https:\/\/cancan.com.tr\/#\/schema\/logo\/image\/","url":"https:\/\/cancan.com.tr\/wp-content\/uploads\/2026\/03\/CancanLogo.png","contentUrl":"https:\/\/cancan.com.tr\/wp-content\/uploads\/2026\/03\/CancanLogo.png","width":362,"height":67,"caption":"Cancan Meyve Presleri"},"image":{"@id":"https:\/\/cancan.com.tr\/#\/schema\/logo\/image\/"}}]}},"_links":{"self":[{"href":"https:\/\/cancan.com.tr\/en\/wp-json\/wp\/v2\/product\/5954","targetHints":{"allow":["GET"]}}],"collection":[{"href":"https:\/\/cancan.com.tr\/en\/wp-json\/wp\/v2\/product"}],"about":[{"href":"https:\/\/cancan.com.tr\/en\/wp-json\/wp\/v2\/types\/product"}],"replies":[{"embeddable":true,"href":"https:\/\/cancan.com.tr\/en\/wp-json\/wp\/v2\/comments?post=5954"}],"wp:featuredmedia":[{"embeddable":true,"href":"https:\/\/cancan.com.tr\/en\/wp-json\/wp\/v2\/media\/8166"}],"wp:attachment":[{"href":"https:\/\/cancan.com.tr\/en\/wp-json\/wp\/v2\/media?parent=5954"}],"wp:term":[{"taxonomy":"product_cat","embeddable":true,"href":"https:\/\/cancan.com.tr\/en\/wp-json\/wp\/v2\/product_cat?post=5954"},{"taxonomy":"product_tag","embeddable":true,"href":"https:\/\/cancan.com.tr\/en\/wp-json\/wp\/v2\/product_tag?post=5954"}],"curies":[{"name":"wp","href":"https:\/\/api.w.org\/{rel}","templated":true}]}}