{"id":12036,"date":"2026-04-13T13:26:47","date_gmt":"2026-04-13T10:26:47","guid":{"rendered":"https:\/\/cancan.com.tr\/?post_type=product&#038;p=12036"},"modified":"2026-04-24T09:23:41","modified_gmt":"2026-04-24T06:23:41","slug":"1342-elektrikli-parmak-patates-dilimleme-makinesi","status":"publish","type":"product","link":"https:\/\/cancan.com.tr\/en\/all-products\/electrical-potato-cutter\/","title":{"rendered":"1342 Electrical Potato Cutter"},"content":{"rendered":"<p><\/p>\n<h4>Patented Design<\/h4>\n<p>The patented design offers a unique structure that enhances performance and usability.<\/p>\n<p><img loading=\"lazy\" decoding=\"async\" class=\"alignnone size-medium wp-image-12037\" src=\"https:\/\/cancan.com.tr\/wp-content\/uploads\/2026\/04\/4-300x200.jpg\" alt=\"\" width=\"300\" height=\"200\" \/><\/p>\n<hr \/>\n<h4>Stainless Steel Blades<\/h4>\n<p>High-quality stainless steel blades ensure potatoes are sliced evenly and precisely.<\/p>\n<p><img loading=\"lazy\" decoding=\"async\" class=\"alignnone size-medium wp-image-11999\" style=\"font-size: 1rem;\" src=\"https:\/\/cancan.com.tr\/wp-content\/uploads\/2023\/09\/0E7A7838-300x200.jpg\" alt=\"\" width=\"300\" height=\"200\" srcset=\"https:\/\/cancan.com.tr\/wp-content\/uploads\/2023\/09\/0E7A7838-300x200.jpg 300w, https:\/\/cancan.com.tr\/wp-content\/uploads\/2023\/09\/0E7A7838-1024x683.jpg 1024w, https:\/\/cancan.com.tr\/wp-content\/uploads\/2023\/09\/0E7A7838-768x512.jpg 768w, https:\/\/cancan.com.tr\/wp-content\/uploads\/2023\/09\/0E7A7838-1536x1024.jpg 1536w, https:\/\/cancan.com.tr\/wp-content\/uploads\/2023\/09\/0E7A7838-2048x1365.jpg 2048w, https:\/\/cancan.com.tr\/wp-content\/uploads\/2023\/09\/0E7A7838-1200x800.jpg 1200w\" sizes=\"auto, (max-width: 300px) 100vw, 300px\" \/><\/p>\n<hr \/>\n<h4>Start\/Stop &amp; Safety Button<\/h4>\n<p>The start\/stop and safety button system provides controlled and secure operation during use.<\/p>\n<p><img loading=\"lazy\" decoding=\"async\" class=\"alignnone size-medium wp-image-12045\" src=\"https:\/\/cancan.com.tr\/wp-content\/uploads\/2026\/04\/8-300x200.jpg\" alt=\"\" width=\"300\" height=\"200\" srcset=\"https:\/\/cancan.com.tr\/wp-content\/uploads\/2026\/04\/8-300x200.jpg 300w, https:\/\/cancan.com.tr\/wp-content\/uploads\/2026\/04\/8-1024x683.jpg 1024w, https:\/\/cancan.com.tr\/wp-content\/uploads\/2026\/04\/8-768x512.jpg 768w, https:\/\/cancan.com.tr\/wp-content\/uploads\/2026\/04\/8-1536x1024.jpg 1536w, https:\/\/cancan.com.tr\/wp-content\/uploads\/2026\/04\/8-2048x1365.jpg 2048w, https:\/\/cancan.com.tr\/wp-content\/uploads\/2026\/04\/8-1200x800.jpg 1200w\" sizes=\"auto, (max-width: 300px) 100vw, 300px\" \/><\/p>\n<hr \/>\n<h4>Lid With Safety Switch<\/h4>\n<p>The lid with safety switch increases operational safety by preventing unintended use.<\/p>\n<p><img loading=\"lazy\" decoding=\"async\" class=\"alignnone wp-image-12039 size-medium\" src=\"https:\/\/cancan.com.tr\/wp-content\/uploads\/2026\/04\/2-300x200.jpg\" alt=\"\" width=\"300\" height=\"200\" srcset=\"https:\/\/cancan.com.tr\/wp-content\/uploads\/2026\/04\/2-300x200.jpg 300w, https:\/\/cancan.com.tr\/wp-content\/uploads\/2026\/04\/2-1024x683.jpg 1024w, https:\/\/cancan.com.tr\/wp-content\/uploads\/2026\/04\/2-768x512.jpg 768w, https:\/\/cancan.com.tr\/wp-content\/uploads\/2026\/04\/2-1536x1024.jpg 1536w, https:\/\/cancan.com.tr\/wp-content\/uploads\/2026\/04\/2-2048x1365.jpg 2048w, https:\/\/cancan.com.tr\/wp-content\/uploads\/2026\/04\/2-1200x800.jpg 1200w\" sizes=\"auto, (max-width: 300px) 100vw, 300px\" \/><\/p>\n<hr \/>\n<h4>Ergonomic Lid Handle<\/h4>\n<p>The ergonomic lid handle ensures comfortable and practical use.<\/p>\n<p><img loading=\"lazy\" decoding=\"async\" class=\"alignnone wp-image-12037 size-medium\" src=\"https:\/\/cancan.com.tr\/wp-content\/uploads\/2026\/04\/4-scaled-e1776077727396-300x255.jpg\" alt=\"\" width=\"300\" height=\"255\" srcset=\"https:\/\/cancan.com.tr\/wp-content\/uploads\/2026\/04\/4-scaled-e1776077727396-300x255.jpg 300w, https:\/\/cancan.com.tr\/wp-content\/uploads\/2026\/04\/4-scaled-e1776077727396-1024x872.jpg 1024w, https:\/\/cancan.com.tr\/wp-content\/uploads\/2026\/04\/4-scaled-e1776077727396-768x654.jpg 768w, https:\/\/cancan.com.tr\/wp-content\/uploads\/2026\/04\/4-scaled-e1776077727396-1200x1021.jpg 1200w, https:\/\/cancan.com.tr\/wp-content\/uploads\/2026\/04\/4-scaled-e1776077727396.jpg 1203w\" sizes=\"auto, (max-width: 300px) 100vw, 300px\" \/><\/p>\n<hr \/>\n<p><strong>High-Tech Motor<\/strong><\/p>\n<p>The powerful motor structure delivers high performance and efficiency in intensive use.<\/p>\n<p><img loading=\"lazy\" decoding=\"async\" class=\"alignnone wp-image-12053 size-medium\" src=\"https:\/\/cancan.com.tr\/wp-content\/uploads\/2026\/04\/1-1-300x200.jpg\" alt=\"\" width=\"300\" height=\"200\" srcset=\"https:\/\/cancan.com.tr\/wp-content\/uploads\/2026\/04\/1-1-300x200.jpg 300w, https:\/\/cancan.com.tr\/wp-content\/uploads\/2026\/04\/1-1-1024x683.jpg 1024w, https:\/\/cancan.com.tr\/wp-content\/uploads\/2026\/04\/1-1-768x512.jpg 768w, https:\/\/cancan.com.tr\/wp-content\/uploads\/2026\/04\/1-1-1536x1024.jpg 1536w, https:\/\/cancan.com.tr\/wp-content\/uploads\/2026\/04\/1-1-2048x1365.jpg 2048w, https:\/\/cancan.com.tr\/wp-content\/uploads\/2026\/04\/1-1-1200x800.jpg 1200w\" sizes=\"auto, (max-width: 300px) 100vw, 300px\" \/><\/p>\n<hr \/>\n<div class=\"wpb_text_column wpb_content_element \">\n<div class=\"wpb_wrapper\">\n<p><strong>Special Non-Slip Feet<\/strong><\/p>\n<p>Special non-slip feet keep the machine stable during operation and prevent movement.<\/p>\n<p><img loading=\"lazy\" decoding=\"async\" class=\"alignnone wp-image-12029 size-medium\" src=\"https:\/\/cancan.com.tr\/wp-content\/uploads\/2023\/09\/0E7A7788-scaled-e1776075078451-300x149.jpg\" alt=\"\" width=\"300\" height=\"149\" srcset=\"https:\/\/cancan.com.tr\/wp-content\/uploads\/2023\/09\/0E7A7788-scaled-e1776075078451-300x149.jpg 300w, https:\/\/cancan.com.tr\/wp-content\/uploads\/2023\/09\/0E7A7788-scaled-e1776075078451-768x382.jpg 768w, https:\/\/cancan.com.tr\/wp-content\/uploads\/2023\/09\/0E7A7788-scaled-e1776075078451.jpg 824w\" sizes=\"auto, (max-width: 300px) 100vw, 300px\" \/><\/p>\n<\/div>\n<\/div>\n<p><\/p>","protected":false},"excerpt":{"rendered":"<h2><span style=\"color: #fa0014;\"><img loading=\"lazy\" decoding=\"async\" class=\"alignnone wp-image-11964\" src=\"https:\/\/cancan.com.tr\/wp-content\/uploads\/2023\/09\/Wide-Pressing-Surface.ai-21-300x255.png\" alt=\"\" width=\"70\" height=\"69\" \/><\/span><\/h2>\n<h2><span style=\"color: #fa0014;\">1342 Electrical Potato Cutter<\/span><\/h2>\n<p>Electrical Potato Cutter is designed to slice potatoes quickly, evenly, and precisely. Powered by a strong<br \/>\nelectric motor, it operates with high efficiency without the need for manual force or air connection. Its<br \/>\nergonomic design and sharp stainless steel blades allow for uniform cuts without deforming the potatoes.<br \/>\nThe patented design makes it unique in its category. It is ideal for intensive use in restaurants, fast food<br \/>\noutlets, and industrial kitchens.<\/p>\n<p><img loading=\"lazy\" decoding=\"async\" class=\"alignnone wp-image-11963\" src=\"https:\/\/cancan.com.tr\/wp-content\/uploads\/2023\/09\/Adsiz-tasarim-57-300x150.png\" alt=\"\" width=\"203\" height=\"102\" srcset=\"https:\/\/cancan.com.tr\/wp-content\/uploads\/2023\/09\/Adsiz-tasarim-57-300x150.png 300w, https:\/\/cancan.com.tr\/wp-content\/uploads\/2023\/09\/Adsiz-tasarim-57-1024x512.png 1024w, https:\/\/cancan.com.tr\/wp-content\/uploads\/2023\/09\/Adsiz-tasarim-57-768x384.png 768w, https:\/\/cancan.com.tr\/wp-content\/uploads\/2023\/09\/Adsiz-tasarim-57.png 1181w\" sizes=\"auto, (max-width: 203px) 100vw, 203px\" \/><img loading=\"lazy\" decoding=\"async\" class=\"alignnone wp-image-12054\" style=\"font-size: 1rem;\" src=\"https:\/\/cancan.com.tr\/wp-content\/uploads\/2026\/04\/Patent-Logo-Kirmizi.ai_-300x188.png\" alt=\"\" width=\"163\" height=\"102\" \/><\/p>\n","protected":false},"featured_media":12071,"comment_status":"closed","ping_status":"closed","template":"","meta":[],"product_cat":[15,171,195,179],"product_tag":[186,190,222,145,187,189,218,220,183,139],"class_list":["post-12036","product","type-product","status-publish","has-post-thumbnail","hentry","product_cat-tum-urunler","product_cat-hazirlik-ekipmanlari","product_cat-kesici-ve-dilimleyiciler","product_cat-yeni-kategori","product_tag-hastane","product_tag-kafe","product_tag-kesiciler-hazirlik","product_tag-tag1","product_tag-ogrenci-yurtlari","product_tag-otel","product_tag-paslanmaz","product_tag-elektrikli-hazirlik","product_tag-restoranlar","product_tag-camera"],"acf":[],"yoast_head":"<!-- This site is optimized with the Yoast SEO plugin v27.0 - https:\/\/yoast.com\/product\/yoast-seo-wordpress\/ -->\n<title>1342 Electrical Potato Cutter - Cancan Meyve Presleri<\/title>\n<meta name=\"robots\" content=\"index, follow, max-snippet:-1, max-image-preview:large, max-video-preview:-1\" \/>\n<link rel=\"canonical\" href=\"https:\/\/cancan.com.tr\/tum-urunler\/elektrikli-parmak-patates-dilimleme-makinesi\/\" \/>\n<meta property=\"og:locale\" content=\"en_US\" \/>\n<meta property=\"og:type\" content=\"article\" \/>\n<meta property=\"og:title\" content=\"[:tr]1342 Elektrikli Parmak Patates Dilimleme Makinesi[:en]1342 Electrical Potato Cutter[:] - Cancan Meyve Presleri\" \/>\n<meta property=\"og:description\" content=\"[:tr] 1342 Elektrikli Parmak Patates Dilimleme Makinesi Elektrikli Patates Dilimleme Makinesi, patatesleri h\u0131zl\u0131, e\u015fit ve hassas bir \u015fekilde dilimlemek i\u00e7in tasarlanm\u0131\u015ft\u0131r. G\u00fc\u00e7l\u00fc elektrik motoru sayesinde manuel g\u00fc\u00e7 veya hava ba\u011flant\u0131s\u0131na gerek kalmadan y\u00fcksek verimle \u00e7al\u0131\u015f\u0131r. Ergonomik tasar\u0131m\u0131 ve keskin paslanmaz \u00e7elik b\u0131\u00e7aklar\u0131, patatesleri \u015fekillerini bozmadan e\u015fit \u015fekilde kesmeye olanak tan\u0131r. Patentli tasar\u0131m\u0131yla kategorisinde benzersizdir. Restoranlar, fast food i\u015fletmeleri ve end\u00fcstriyel mutfaklarda yo\u011fun kullan\u0131mlar i\u00e7in idealdir.  [:en] 1342 Electrical Potato Cutter Electrical Potato Cutter is designed to slice potatoes quickly, evenly, and precisely. Powered by a strong electric motor, it operates with high efficiency without the need for manual force or air connection. Its ergonomic design and sharp stainless steel blades allow for uniform cuts without deforming the potatoes. The patented design makes it unique in its category. It is ideal for intensive use in restaurants, fast food outlets, and industrial kitchens.  [:]\" \/>\n<meta property=\"og:url\" content=\"https:\/\/cancan.com.tr\/tum-urunler\/elektrikli-parmak-patates-dilimleme-makinesi\/\" \/>\n<meta property=\"og:site_name\" content=\"Cancan Meyve Presleri\" \/>\n<meta property=\"article:modified_time\" content=\"2026-04-24T06:23:41+00:00\" \/>\n<meta property=\"og:image\" content=\"https:\/\/cancan.com.tr\/wp-content\/uploads\/2026\/04\/elektrikli-Patates-1-scaled.png\" \/>\n\t<meta property=\"og:image:width\" content=\"2560\" \/>\n\t<meta property=\"og:image:height\" content=\"1707\" \/>\n\t<meta property=\"og:image:type\" content=\"image\/png\" \/>\n<meta name=\"twitter:card\" content=\"summary_large_image\" \/>\n<meta name=\"twitter:label1\" content=\"Est. reading time\" \/>\n\t<meta name=\"twitter:data1\" content=\"3 minutes\" \/>\n<script type=\"application\/ld+json\" class=\"yoast-schema-graph\">{\"@context\":\"https:\/\/schema.org\",\"@graph\":[{\"@type\":\"WebPage\",\"@id\":\"https:\/\/cancan.com.tr\/tum-urunler\/elektrikli-parmak-patates-dilimleme-makinesi\/\",\"url\":\"https:\/\/cancan.com.tr\/tum-urunler\/elektrikli-parmak-patates-dilimleme-makinesi\/\",\"name\":\"[:tr]1342 Elektrikli Parmak Patates Dilimleme Makinesi[:en]1342 Electrical Potato Cutter[:] - Cancan Meyve Presleri\",\"isPartOf\":{\"@id\":\"https:\/\/cancan.com.tr\/#website\"},\"primaryImageOfPage\":{\"@id\":\"https:\/\/cancan.com.tr\/tum-urunler\/elektrikli-parmak-patates-dilimleme-makinesi\/#primaryimage\"},\"image\":{\"@id\":\"https:\/\/cancan.com.tr\/tum-urunler\/elektrikli-parmak-patates-dilimleme-makinesi\/#primaryimage\"},\"thumbnailUrl\":\"https:\/\/cancan.com.tr\/wp-content\/uploads\/2026\/04\/elektrikli-Patates-1-scaled.png\",\"datePublished\":\"2026-04-13T10:26:47+00:00\",\"dateModified\":\"2026-04-24T06:23:41+00:00\",\"breadcrumb\":{\"@id\":\"https:\/\/cancan.com.tr\/tum-urunler\/elektrikli-parmak-patates-dilimleme-makinesi\/#breadcrumb\"},\"inLanguage\":\"en-US\",\"potentialAction\":[{\"@type\":\"ReadAction\",\"target\":[\"https:\/\/cancan.com.tr\/tum-urunler\/elektrikli-parmak-patates-dilimleme-makinesi\/\"]}]},{\"@type\":\"ImageObject\",\"inLanguage\":\"en-US\",\"@id\":\"https:\/\/cancan.com.tr\/tum-urunler\/elektrikli-parmak-patates-dilimleme-makinesi\/#primaryimage\",\"url\":\"https:\/\/cancan.com.tr\/wp-content\/uploads\/2026\/04\/elektrikli-Patates-1-scaled.png\",\"contentUrl\":\"https:\/\/cancan.com.tr\/wp-content\/uploads\/2026\/04\/elektrikli-Patates-1-scaled.png\",\"width\":2560,\"height\":1707},{\"@type\":\"BreadcrumbList\",\"@id\":\"https:\/\/cancan.com.tr\/tum-urunler\/elektrikli-parmak-patates-dilimleme-makinesi\/#breadcrumb\",\"itemListElement\":[{\"@type\":\"ListItem\",\"position\":1,\"name\":\"Anasayfa\",\"item\":\"https:\/\/cancan.com.tr\/\"},{\"@type\":\"ListItem\",\"position\":2,\"name\":\"Products\",\"item\":\"https:\/\/cancan.com.tr\/en\/products-2\/\"},{\"@type\":\"ListItem\",\"position\":3,\"name\":\"1342 Elektrikli Parmak Patates Dilimleme Makinesi\"}]},{\"@type\":\"WebSite\",\"@id\":\"https:\/\/cancan.com.tr\/#website\",\"url\":\"https:\/\/cancan.com.tr\/\",\"name\":\"Cancan Meyve Presleri\",\"description\":\"www.cancan.com.tr\",\"publisher\":{\"@id\":\"https:\/\/cancan.com.tr\/#organization\"},\"potentialAction\":[{\"@type\":\"SearchAction\",\"target\":{\"@type\":\"EntryPoint\",\"urlTemplate\":\"https:\/\/cancan.com.tr\/?s={search_term_string}\"},\"query-input\":{\"@type\":\"PropertyValueSpecification\",\"valueRequired\":true,\"valueName\":\"search_term_string\"}}],\"inLanguage\":\"en-US\"},{\"@type\":\"Organization\",\"@id\":\"https:\/\/cancan.com.tr\/#organization\",\"name\":\"Cancan Meyve Presleri\",\"url\":\"https:\/\/cancan.com.tr\/\",\"logo\":{\"@type\":\"ImageObject\",\"inLanguage\":\"en-US\",\"@id\":\"https:\/\/cancan.com.tr\/#\/schema\/logo\/image\/\",\"url\":\"https:\/\/cancan.com.tr\/wp-content\/uploads\/2026\/03\/CancanLogo.png\",\"contentUrl\":\"https:\/\/cancan.com.tr\/wp-content\/uploads\/2026\/03\/CancanLogo.png\",\"width\":362,\"height\":67,\"caption\":\"Cancan Meyve Presleri\"},\"image\":{\"@id\":\"https:\/\/cancan.com.tr\/#\/schema\/logo\/image\/\"}}]}<\/script>\n<!-- \/ Yoast SEO plugin. -->","yoast_head_json":{"title":"[:tr]1342 Elektrikli Parmak Patates Dilimleme Makinesi[:en]1342 Electrical Potato Cutter[:] - Cancan Meyve Presleri","robots":{"index":"index","follow":"follow","max-snippet":"max-snippet:-1","max-image-preview":"max-image-preview:large","max-video-preview":"max-video-preview:-1"},"canonical":"https:\/\/cancan.com.tr\/tum-urunler\/elektrikli-parmak-patates-dilimleme-makinesi\/","og_locale":"en_US","og_type":"article","og_title":"[:tr]1342 Elektrikli Parmak Patates Dilimleme Makinesi[:en]1342 Electrical Potato Cutter[:] - Cancan Meyve Presleri","og_description":"[:tr] 1342 Elektrikli Parmak Patates Dilimleme Makinesi Elektrikli Patates Dilimleme Makinesi, patatesleri h\u0131zl\u0131, e\u015fit ve hassas bir \u015fekilde dilimlemek i\u00e7in tasarlanm\u0131\u015ft\u0131r. G\u00fc\u00e7l\u00fc elektrik motoru sayesinde manuel g\u00fc\u00e7 veya hava ba\u011flant\u0131s\u0131na gerek kalmadan y\u00fcksek verimle \u00e7al\u0131\u015f\u0131r. Ergonomik tasar\u0131m\u0131 ve keskin paslanmaz \u00e7elik b\u0131\u00e7aklar\u0131, patatesleri \u015fekillerini bozmadan e\u015fit \u015fekilde kesmeye olanak tan\u0131r. Patentli tasar\u0131m\u0131yla kategorisinde benzersizdir. Restoranlar, fast food i\u015fletmeleri ve end\u00fcstriyel mutfaklarda yo\u011fun kullan\u0131mlar i\u00e7in idealdir.  [:en] 1342 Electrical Potato Cutter Electrical Potato Cutter is designed to slice potatoes quickly, evenly, and precisely. Powered by a strong electric motor, it operates with high efficiency without the need for manual force or air connection. Its ergonomic design and sharp stainless steel blades allow for uniform cuts without deforming the potatoes. The patented design makes it unique in its category. It is ideal for intensive use in restaurants, fast food outlets, and industrial kitchens.  [:]","og_url":"https:\/\/cancan.com.tr\/tum-urunler\/elektrikli-parmak-patates-dilimleme-makinesi\/","og_site_name":"Cancan Meyve Presleri","article_modified_time":"2026-04-24T06:23:41+00:00","og_image":[{"width":2560,"height":1707,"url":"https:\/\/cancan.com.tr\/wp-content\/uploads\/2026\/04\/elektrikli-Patates-1-scaled.png","type":"image\/png"}],"twitter_card":"summary_large_image","twitter_misc":{"Est. reading time":"3 minutes"},"schema":{"@context":"https:\/\/schema.org","@graph":[{"@type":"WebPage","@id":"https:\/\/cancan.com.tr\/tum-urunler\/elektrikli-parmak-patates-dilimleme-makinesi\/","url":"https:\/\/cancan.com.tr\/tum-urunler\/elektrikli-parmak-patates-dilimleme-makinesi\/","name":"[:tr]1342 Elektrikli Parmak Patates Dilimleme Makinesi[:en]1342 Electrical Potato Cutter[:] - Cancan Meyve Presleri","isPartOf":{"@id":"https:\/\/cancan.com.tr\/#website"},"primaryImageOfPage":{"@id":"https:\/\/cancan.com.tr\/tum-urunler\/elektrikli-parmak-patates-dilimleme-makinesi\/#primaryimage"},"image":{"@id":"https:\/\/cancan.com.tr\/tum-urunler\/elektrikli-parmak-patates-dilimleme-makinesi\/#primaryimage"},"thumbnailUrl":"https:\/\/cancan.com.tr\/wp-content\/uploads\/2026\/04\/elektrikli-Patates-1-scaled.png","datePublished":"2026-04-13T10:26:47+00:00","dateModified":"2026-04-24T06:23:41+00:00","breadcrumb":{"@id":"https:\/\/cancan.com.tr\/tum-urunler\/elektrikli-parmak-patates-dilimleme-makinesi\/#breadcrumb"},"inLanguage":"en-US","potentialAction":[{"@type":"ReadAction","target":["https:\/\/cancan.com.tr\/tum-urunler\/elektrikli-parmak-patates-dilimleme-makinesi\/"]}]},{"@type":"ImageObject","inLanguage":"en-US","@id":"https:\/\/cancan.com.tr\/tum-urunler\/elektrikli-parmak-patates-dilimleme-makinesi\/#primaryimage","url":"https:\/\/cancan.com.tr\/wp-content\/uploads\/2026\/04\/elektrikli-Patates-1-scaled.png","contentUrl":"https:\/\/cancan.com.tr\/wp-content\/uploads\/2026\/04\/elektrikli-Patates-1-scaled.png","width":2560,"height":1707},{"@type":"BreadcrumbList","@id":"https:\/\/cancan.com.tr\/tum-urunler\/elektrikli-parmak-patates-dilimleme-makinesi\/#breadcrumb","itemListElement":[{"@type":"ListItem","position":1,"name":"Anasayfa","item":"https:\/\/cancan.com.tr\/"},{"@type":"ListItem","position":2,"name":"Products","item":"https:\/\/cancan.com.tr\/en\/products-2\/"},{"@type":"ListItem","position":3,"name":"1342 Elektrikli Parmak Patates Dilimleme Makinesi"}]},{"@type":"WebSite","@id":"https:\/\/cancan.com.tr\/#website","url":"https:\/\/cancan.com.tr\/","name":"Cancan Meyve Presleri","description":"www.cancan.com.tr","publisher":{"@id":"https:\/\/cancan.com.tr\/#organization"},"potentialAction":[{"@type":"SearchAction","target":{"@type":"EntryPoint","urlTemplate":"https:\/\/cancan.com.tr\/?s={search_term_string}"},"query-input":{"@type":"PropertyValueSpecification","valueRequired":true,"valueName":"search_term_string"}}],"inLanguage":"en-US"},{"@type":"Organization","@id":"https:\/\/cancan.com.tr\/#organization","name":"Cancan Meyve Presleri","url":"https:\/\/cancan.com.tr\/","logo":{"@type":"ImageObject","inLanguage":"en-US","@id":"https:\/\/cancan.com.tr\/#\/schema\/logo\/image\/","url":"https:\/\/cancan.com.tr\/wp-content\/uploads\/2026\/03\/CancanLogo.png","contentUrl":"https:\/\/cancan.com.tr\/wp-content\/uploads\/2026\/03\/CancanLogo.png","width":362,"height":67,"caption":"Cancan Meyve Presleri"},"image":{"@id":"https:\/\/cancan.com.tr\/#\/schema\/logo\/image\/"}}]}},"_links":{"self":[{"href":"https:\/\/cancan.com.tr\/en\/wp-json\/wp\/v2\/product\/12036","targetHints":{"allow":["GET"]}}],"collection":[{"href":"https:\/\/cancan.com.tr\/en\/wp-json\/wp\/v2\/product"}],"about":[{"href":"https:\/\/cancan.com.tr\/en\/wp-json\/wp\/v2\/types\/product"}],"replies":[{"embeddable":true,"href":"https:\/\/cancan.com.tr\/en\/wp-json\/wp\/v2\/comments?post=12036"}],"wp:featuredmedia":[{"embeddable":true,"href":"https:\/\/cancan.com.tr\/en\/wp-json\/wp\/v2\/media\/12071"}],"wp:attachment":[{"href":"https:\/\/cancan.com.tr\/en\/wp-json\/wp\/v2\/media?parent=12036"}],"wp:term":[{"taxonomy":"product_cat","embeddable":true,"href":"https:\/\/cancan.com.tr\/en\/wp-json\/wp\/v2\/product_cat?post=12036"},{"taxonomy":"product_tag","embeddable":true,"href":"https:\/\/cancan.com.tr\/en\/wp-json\/wp\/v2\/product_tag?post=12036"}],"curies":[{"name":"wp","href":"https:\/\/api.w.org\/{rel}","templated":true}]}}