{"id":11746,"date":"2026-03-02T10:14:30","date_gmt":"2026-03-02T07:14:30","guid":{"rendered":"https:\/\/cancan.com.tr\/en\/?post_type=product&#038;p=11746"},"modified":"2026-03-02T10:14:30","modified_gmt":"2026-03-02T07:14:30","slug":"1326-manuel-ananas-dilimleme","status":"publish","type":"product","link":"https:\/\/cancan.com.tr\/en\/all-products\/manual-pineapple-slicer\/","title":{"rendered":"1326 Manual Pineapple Slicer"},"content":{"rendered":"<p><\/p>\n<h2><span style=\"color: #fa0014;\">1326 Manual Pineapple Slicer<\/span><\/h2>\n<p>The Manual Pineapple Slicer is designed for use in supermarkets, hotels, restaurants, and greengrocers, making it easy to slice pineapples into equal parts. Its functional design and sharp blades ensure the slicing process is performed quickly and efficiently..<\/p>\n<hr \/>\n<h4>Made of Stainless Steel<\/h4>\n<hr \/>\n<h4>Easy Cutting<\/h4>\n<hr \/>\n<h4>Non-Slip Rubber Feet<\/h4>\n<hr \/>\n<h4>Easy Cleaning<\/h4>\n<p>&nbsp;<\/p>\n<p>&nbsp;<\/p>\n<p>&nbsp;<\/p>\n<div class=\"wpb_text_column wpb_content_element \">\n<div class=\"wpb_wrapper\"><\/div>\n<\/div>\n<p><\/p>","protected":false},"excerpt":{"rendered":"<p><strong>1326 Manual Pineapple Slicer<\/strong><\/p>\n<p>The Manual Pineapple Slicer is designed for use in supermarkets, hotels, restaurants, and greengrocers, making it easy to slice pineapples into equal parts. Its functional design and sharp blades ensure the slicing process is performed quickly and efficiently.<\/p>\n","protected":false},"featured_media":11753,"comment_status":"open","ping_status":"closed","template":"","meta":[],"product_cat":[245,248,247,246,244,249,15,171,177,195],"product_tag":[],"class_list":["post-11746","product","type-product","status-publish","has-post-thumbnail","hentry","product_cat-manavlar","product_cat-oteller","product_cat-restoranlar","product_cat-supermarketler","product_cat-vitamin-barlar","product_cat-yerel-isletmeler","product_cat-tum-urunler","product_cat-hazirlik-ekipmanlari","product_cat-manuel-konserve-acacaklari","product_cat-kesici-ve-dilimleyiciler"],"acf":[],"yoast_head":"<!-- This site is optimized with the Yoast SEO plugin v27.0 - https:\/\/yoast.com\/product\/yoast-seo-wordpress\/ -->\n<title>1326 Manual Pineapple Slicer - Cancan Meyve Presleri<\/title>\n<meta name=\"robots\" content=\"index, follow, max-snippet:-1, max-image-preview:large, max-video-preview:-1\" \/>\n<link rel=\"canonical\" href=\"https:\/\/cancan.com.tr\/tum-urunler\/manuel-ananas-dilimleme\/\" \/>\n<meta property=\"og:locale\" content=\"en_US\" \/>\n<meta property=\"og:type\" content=\"article\" \/>\n<meta property=\"og:title\" content=\"[:tr]1326 Manuel Ananas Dilimleme[:en]1326 Manual Pineapple Slicer[:] - Cancan Meyve Presleri\" \/>\n<meta property=\"og:description\" content=\"[:tr]1326 Manuel Ananas Dilimleme  S\u00fcpermarket, otel, restoran ve manavlarda kullan\u0131lmak \u00fczere tasarlanm\u0131\u015f Manuel Ananas Dilimleme, ananaslar\u0131 e\u015fit par\u00e7alarda dilimlemeyi kolayla\u015ft\u0131r\u0131r. \u0130\u015flevsel tasar\u0131m\u0131 ve keskin b\u0131\u00e7aklar\u0131 sayesinde dilimleme i\u015flemini h\u0131zl\u0131 ve etkili bir \u015fekilde ger\u00e7ekle\u015ftirir.[:en]1326 Manual Pineapple Slicer  The Manual Pineapple Slicer is designed for use in supermarkets, hotels, restaurants, and greengrocers, making it easy to slice pineapples into equal parts. Its functional design and sharp blades ensure the slicing process is performed quickly and efficiently.[:]\" \/>\n<meta property=\"og:url\" content=\"https:\/\/cancan.com.tr\/tum-urunler\/manuel-ananas-dilimleme\/\" \/>\n<meta property=\"og:site_name\" content=\"Cancan Meyve Presleri\" \/>\n<meta property=\"og:image\" content=\"https:\/\/cancan.com.tr\/wp-content\/uploads\/2026\/03\/Manual-Pineapple-SLicer.png\" \/>\n\t<meta property=\"og:image:width\" content=\"2000\" \/>\n\t<meta property=\"og:image:height\" content=\"1611\" \/>\n\t<meta property=\"og:image:type\" content=\"image\/png\" \/>\n<meta name=\"twitter:card\" content=\"summary_large_image\" \/>\n<meta name=\"twitter:label1\" content=\"Est. reading time\" \/>\n\t<meta name=\"twitter:data1\" content=\"1 minute\" \/>\n<script type=\"application\/ld+json\" class=\"yoast-schema-graph\">{\"@context\":\"https:\/\/schema.org\",\"@graph\":[{\"@type\":\"WebPage\",\"@id\":\"https:\/\/cancan.com.tr\/tum-urunler\/manuel-ananas-dilimleme\/\",\"url\":\"https:\/\/cancan.com.tr\/tum-urunler\/manuel-ananas-dilimleme\/\",\"name\":\"[:tr]1326 Manuel Ananas Dilimleme[:en]1326 Manual Pineapple Slicer[:] - Cancan Meyve Presleri\",\"isPartOf\":{\"@id\":\"https:\/\/cancan.com.tr\/#website\"},\"primaryImageOfPage\":{\"@id\":\"https:\/\/cancan.com.tr\/tum-urunler\/manuel-ananas-dilimleme\/#primaryimage\"},\"image\":{\"@id\":\"https:\/\/cancan.com.tr\/tum-urunler\/manuel-ananas-dilimleme\/#primaryimage\"},\"thumbnailUrl\":\"https:\/\/cancan.com.tr\/wp-content\/uploads\/2026\/03\/Manual-Pineapple-SLicer.png\",\"datePublished\":\"2026-03-02T07:14:30+00:00\",\"breadcrumb\":{\"@id\":\"https:\/\/cancan.com.tr\/tum-urunler\/manuel-ananas-dilimleme\/#breadcrumb\"},\"inLanguage\":\"en-US\",\"potentialAction\":[{\"@type\":\"ReadAction\",\"target\":[\"https:\/\/cancan.com.tr\/tum-urunler\/manuel-ananas-dilimleme\/\"]}]},{\"@type\":\"ImageObject\",\"inLanguage\":\"en-US\",\"@id\":\"https:\/\/cancan.com.tr\/tum-urunler\/manuel-ananas-dilimleme\/#primaryimage\",\"url\":\"https:\/\/cancan.com.tr\/wp-content\/uploads\/2026\/03\/Manual-Pineapple-SLicer.png\",\"contentUrl\":\"https:\/\/cancan.com.tr\/wp-content\/uploads\/2026\/03\/Manual-Pineapple-SLicer.png\",\"width\":2000,\"height\":1611},{\"@type\":\"BreadcrumbList\",\"@id\":\"https:\/\/cancan.com.tr\/tum-urunler\/manuel-ananas-dilimleme\/#breadcrumb\",\"itemListElement\":[{\"@type\":\"ListItem\",\"position\":1,\"name\":\"Anasayfa\",\"item\":\"https:\/\/cancan.com.tr\/\"},{\"@type\":\"ListItem\",\"position\":2,\"name\":\"Products\",\"item\":\"https:\/\/cancan.com.tr\/en\/products-2\/\"},{\"@type\":\"ListItem\",\"position\":3,\"name\":\"1326 Manuel Ananas Dilimleme\"}]},{\"@type\":\"WebSite\",\"@id\":\"https:\/\/cancan.com.tr\/#website\",\"url\":\"https:\/\/cancan.com.tr\/\",\"name\":\"Cancan Meyve Presleri\",\"description\":\"www.cancan.com.tr\",\"publisher\":{\"@id\":\"https:\/\/cancan.com.tr\/#organization\"},\"potentialAction\":[{\"@type\":\"SearchAction\",\"target\":{\"@type\":\"EntryPoint\",\"urlTemplate\":\"https:\/\/cancan.com.tr\/?s={search_term_string}\"},\"query-input\":{\"@type\":\"PropertyValueSpecification\",\"valueRequired\":true,\"valueName\":\"search_term_string\"}}],\"inLanguage\":\"en-US\"},{\"@type\":\"Organization\",\"@id\":\"https:\/\/cancan.com.tr\/#organization\",\"name\":\"Cancan Meyve Presleri\",\"url\":\"https:\/\/cancan.com.tr\/\",\"logo\":{\"@type\":\"ImageObject\",\"inLanguage\":\"en-US\",\"@id\":\"https:\/\/cancan.com.tr\/#\/schema\/logo\/image\/\",\"url\":\"https:\/\/cancan.com.tr\/wp-content\/uploads\/2026\/03\/CancanLogo.png\",\"contentUrl\":\"https:\/\/cancan.com.tr\/wp-content\/uploads\/2026\/03\/CancanLogo.png\",\"width\":362,\"height\":67,\"caption\":\"Cancan Meyve Presleri\"},\"image\":{\"@id\":\"https:\/\/cancan.com.tr\/#\/schema\/logo\/image\/\"}}]}<\/script>\n<!-- \/ Yoast SEO plugin. -->","yoast_head_json":{"title":"[:tr]1326 Manuel Ananas Dilimleme[:en]1326 Manual Pineapple Slicer[:] - Cancan Meyve Presleri","robots":{"index":"index","follow":"follow","max-snippet":"max-snippet:-1","max-image-preview":"max-image-preview:large","max-video-preview":"max-video-preview:-1"},"canonical":"https:\/\/cancan.com.tr\/tum-urunler\/manuel-ananas-dilimleme\/","og_locale":"en_US","og_type":"article","og_title":"[:tr]1326 Manuel Ananas Dilimleme[:en]1326 Manual Pineapple Slicer[:] - Cancan Meyve Presleri","og_description":"[:tr]1326 Manuel Ananas Dilimleme  S\u00fcpermarket, otel, restoran ve manavlarda kullan\u0131lmak \u00fczere tasarlanm\u0131\u015f Manuel Ananas Dilimleme, ananaslar\u0131 e\u015fit par\u00e7alarda dilimlemeyi kolayla\u015ft\u0131r\u0131r. \u0130\u015flevsel tasar\u0131m\u0131 ve keskin b\u0131\u00e7aklar\u0131 sayesinde dilimleme i\u015flemini h\u0131zl\u0131 ve etkili bir \u015fekilde ger\u00e7ekle\u015ftirir.[:en]1326 Manual Pineapple Slicer  The Manual Pineapple Slicer is designed for use in supermarkets, hotels, restaurants, and greengrocers, making it easy to slice pineapples into equal parts. Its functional design and sharp blades ensure the slicing process is performed quickly and efficiently.[:]","og_url":"https:\/\/cancan.com.tr\/tum-urunler\/manuel-ananas-dilimleme\/","og_site_name":"Cancan Meyve Presleri","og_image":[{"width":2000,"height":1611,"url":"https:\/\/cancan.com.tr\/wp-content\/uploads\/2026\/03\/Manual-Pineapple-SLicer.png","type":"image\/png"}],"twitter_card":"summary_large_image","twitter_misc":{"Est. reading time":"1 minute"},"schema":{"@context":"https:\/\/schema.org","@graph":[{"@type":"WebPage","@id":"https:\/\/cancan.com.tr\/tum-urunler\/manuel-ananas-dilimleme\/","url":"https:\/\/cancan.com.tr\/tum-urunler\/manuel-ananas-dilimleme\/","name":"[:tr]1326 Manuel Ananas Dilimleme[:en]1326 Manual Pineapple Slicer[:] - Cancan Meyve Presleri","isPartOf":{"@id":"https:\/\/cancan.com.tr\/#website"},"primaryImageOfPage":{"@id":"https:\/\/cancan.com.tr\/tum-urunler\/manuel-ananas-dilimleme\/#primaryimage"},"image":{"@id":"https:\/\/cancan.com.tr\/tum-urunler\/manuel-ananas-dilimleme\/#primaryimage"},"thumbnailUrl":"https:\/\/cancan.com.tr\/wp-content\/uploads\/2026\/03\/Manual-Pineapple-SLicer.png","datePublished":"2026-03-02T07:14:30+00:00","breadcrumb":{"@id":"https:\/\/cancan.com.tr\/tum-urunler\/manuel-ananas-dilimleme\/#breadcrumb"},"inLanguage":"en-US","potentialAction":[{"@type":"ReadAction","target":["https:\/\/cancan.com.tr\/tum-urunler\/manuel-ananas-dilimleme\/"]}]},{"@type":"ImageObject","inLanguage":"en-US","@id":"https:\/\/cancan.com.tr\/tum-urunler\/manuel-ananas-dilimleme\/#primaryimage","url":"https:\/\/cancan.com.tr\/wp-content\/uploads\/2026\/03\/Manual-Pineapple-SLicer.png","contentUrl":"https:\/\/cancan.com.tr\/wp-content\/uploads\/2026\/03\/Manual-Pineapple-SLicer.png","width":2000,"height":1611},{"@type":"BreadcrumbList","@id":"https:\/\/cancan.com.tr\/tum-urunler\/manuel-ananas-dilimleme\/#breadcrumb","itemListElement":[{"@type":"ListItem","position":1,"name":"Anasayfa","item":"https:\/\/cancan.com.tr\/"},{"@type":"ListItem","position":2,"name":"Products","item":"https:\/\/cancan.com.tr\/en\/products-2\/"},{"@type":"ListItem","position":3,"name":"1326 Manuel Ananas Dilimleme"}]},{"@type":"WebSite","@id":"https:\/\/cancan.com.tr\/#website","url":"https:\/\/cancan.com.tr\/","name":"Cancan Meyve Presleri","description":"www.cancan.com.tr","publisher":{"@id":"https:\/\/cancan.com.tr\/#organization"},"potentialAction":[{"@type":"SearchAction","target":{"@type":"EntryPoint","urlTemplate":"https:\/\/cancan.com.tr\/?s={search_term_string}"},"query-input":{"@type":"PropertyValueSpecification","valueRequired":true,"valueName":"search_term_string"}}],"inLanguage":"en-US"},{"@type":"Organization","@id":"https:\/\/cancan.com.tr\/#organization","name":"Cancan Meyve Presleri","url":"https:\/\/cancan.com.tr\/","logo":{"@type":"ImageObject","inLanguage":"en-US","@id":"https:\/\/cancan.com.tr\/#\/schema\/logo\/image\/","url":"https:\/\/cancan.com.tr\/wp-content\/uploads\/2026\/03\/CancanLogo.png","contentUrl":"https:\/\/cancan.com.tr\/wp-content\/uploads\/2026\/03\/CancanLogo.png","width":362,"height":67,"caption":"Cancan Meyve Presleri"},"image":{"@id":"https:\/\/cancan.com.tr\/#\/schema\/logo\/image\/"}}]}},"_links":{"self":[{"href":"https:\/\/cancan.com.tr\/en\/wp-json\/wp\/v2\/product\/11746","targetHints":{"allow":["GET"]}}],"collection":[{"href":"https:\/\/cancan.com.tr\/en\/wp-json\/wp\/v2\/product"}],"about":[{"href":"https:\/\/cancan.com.tr\/en\/wp-json\/wp\/v2\/types\/product"}],"replies":[{"embeddable":true,"href":"https:\/\/cancan.com.tr\/en\/wp-json\/wp\/v2\/comments?post=11746"}],"wp:featuredmedia":[{"embeddable":true,"href":"https:\/\/cancan.com.tr\/en\/wp-json\/wp\/v2\/media\/11753"}],"wp:attachment":[{"href":"https:\/\/cancan.com.tr\/en\/wp-json\/wp\/v2\/media?parent=11746"}],"wp:term":[{"taxonomy":"product_cat","embeddable":true,"href":"https:\/\/cancan.com.tr\/en\/wp-json\/wp\/v2\/product_cat?post=11746"},{"taxonomy":"product_tag","embeddable":true,"href":"https:\/\/cancan.com.tr\/en\/wp-json\/wp\/v2\/product_tag?post=11746"}],"curies":[{"name":"wp","href":"https:\/\/api.w.org\/{rel}","templated":true}]}}