{"id":11622,"date":"2026-02-19T15:49:45","date_gmt":"2026-02-19T12:49:45","guid":{"rendered":"https:\/\/cancan.com.tr\/?post_type=product&#038;p=11622"},"modified":"2026-03-02T09:35:18","modified_gmt":"2026-03-02T06:35:18","slug":"1327-manuel-karpuz-dilimleme","status":"publish","type":"product","link":"https:\/\/cancan.com.tr\/en\/all-products\/1327-manual-watermelon-slicer\/","title":{"rendered":"1327 Manual Watermelon Slicer"},"content":{"rendered":"<p><\/p>\n<p data-start=\"139\" data-end=\"179\"><strong>Made of Stainless Steel<\/strong><\/p>\n<p><img loading=\"lazy\" decoding=\"async\" class=\"alignnone size-medium wp-image-11624\" src=\"https:\/\/cancan.com.tr\/wp-content\/uploads\/2026\/02\/DSCF1752-200x300.jpg\" alt=\"\" width=\"200\" height=\"300\" srcset=\"https:\/\/cancan.com.tr\/wp-content\/uploads\/2026\/02\/DSCF1752-200x300.jpg 200w, https:\/\/cancan.com.tr\/wp-content\/uploads\/2026\/02\/DSCF1752-683x1024.jpg 683w, https:\/\/cancan.com.tr\/wp-content\/uploads\/2026\/02\/DSCF1752-768x1152.jpg 768w, https:\/\/cancan.com.tr\/wp-content\/uploads\/2026\/02\/DSCF1752-1024x1536.jpg 1024w, https:\/\/cancan.com.tr\/wp-content\/uploads\/2026\/02\/DSCF1752-1365x2048.jpg 1365w, https:\/\/cancan.com.tr\/wp-content\/uploads\/2026\/02\/DSCF1752-1200x1800.jpg 1200w, https:\/\/cancan.com.tr\/wp-content\/uploads\/2026\/02\/DSCF1752-scaled.jpg 1707w\" sizes=\"auto, (max-width: 200px) 100vw, 200px\" \/><\/p>\n<hr data-start=\"346\" data-end=\"349\" \/>\n<p data-start=\"351\" data-end=\"404\"><strong>Easy Cutting<\/strong><\/p>\n<p><img loading=\"lazy\" decoding=\"async\" class=\"alignnone size-medium wp-image-11628\" src=\"https:\/\/cancan.com.tr\/wp-content\/uploads\/2026\/02\/DSCF1776-300x200.jpg\" alt=\"\" width=\"300\" height=\"200\" srcset=\"https:\/\/cancan.com.tr\/wp-content\/uploads\/2026\/02\/DSCF1776-300x200.jpg 300w, https:\/\/cancan.com.tr\/wp-content\/uploads\/2026\/02\/DSCF1776-1024x683.jpg 1024w, https:\/\/cancan.com.tr\/wp-content\/uploads\/2026\/02\/DSCF1776-768x512.jpg 768w, https:\/\/cancan.com.tr\/wp-content\/uploads\/2026\/02\/DSCF1776-1536x1024.jpg 1536w, https:\/\/cancan.com.tr\/wp-content\/uploads\/2026\/02\/DSCF1776-2048x1365.jpg 2048w, https:\/\/cancan.com.tr\/wp-content\/uploads\/2026\/02\/DSCF1776-1200x800.jpg 1200w\" sizes=\"auto, (max-width: 300px) 100vw, 300px\" \/><\/p>\n<hr data-start=\"567\" data-end=\"570\" \/>\n<p data-start=\"572\" data-end=\"596\"><strong>Special Non-Slip Feet<\/strong><\/p>\n<p><img loading=\"lazy\" decoding=\"async\" class=\"alignnone size-medium wp-image-11625\" src=\"https:\/\/cancan.com.tr\/wp-content\/uploads\/2026\/02\/DSCF1758-300x200.jpg\" alt=\"\" width=\"300\" height=\"200\" srcset=\"https:\/\/cancan.com.tr\/wp-content\/uploads\/2026\/02\/DSCF1758-300x200.jpg 300w, https:\/\/cancan.com.tr\/wp-content\/uploads\/2026\/02\/DSCF1758-1024x683.jpg 1024w, https:\/\/cancan.com.tr\/wp-content\/uploads\/2026\/02\/DSCF1758-768x512.jpg 768w, https:\/\/cancan.com.tr\/wp-content\/uploads\/2026\/02\/DSCF1758-1536x1024.jpg 1536w, https:\/\/cancan.com.tr\/wp-content\/uploads\/2026\/02\/DSCF1758-2048x1365.jpg 2048w, https:\/\/cancan.com.tr\/wp-content\/uploads\/2026\/02\/DSCF1758-1200x800.jpg 1200w\" sizes=\"auto, (max-width: 300px) 100vw, 300px\" \/><\/p>\n<hr data-start=\"745\" data-end=\"748\" \/>\n<p data-start=\"750\" data-end=\"789\"><strong>Easy Cleaning<\/strong><\/p>\n<p><img loading=\"lazy\" decoding=\"async\" class=\"alignnone size-medium wp-image-11630\" src=\"https:\/\/cancan.com.tr\/wp-content\/uploads\/2026\/02\/DSCF1792-300x200.jpg\" alt=\"\" width=\"300\" height=\"200\" srcset=\"https:\/\/cancan.com.tr\/wp-content\/uploads\/2026\/02\/DSCF1792-300x200.jpg 300w, https:\/\/cancan.com.tr\/wp-content\/uploads\/2026\/02\/DSCF1792-1024x683.jpg 1024w, https:\/\/cancan.com.tr\/wp-content\/uploads\/2026\/02\/DSCF1792-768x512.jpg 768w, https:\/\/cancan.com.tr\/wp-content\/uploads\/2026\/02\/DSCF1792-1536x1024.jpg 1536w, https:\/\/cancan.com.tr\/wp-content\/uploads\/2026\/02\/DSCF1792-2048x1365.jpg 2048w, https:\/\/cancan.com.tr\/wp-content\/uploads\/2026\/02\/DSCF1792-1200x800.jpg 1200w\" sizes=\"auto, (max-width: 300px) 100vw, 300px\" \/><\/p>\n<hr data-start=\"916\" data-end=\"919\" \/>\n<p data-start=\"949\" data-end=\"1086\">\n<p><\/p>","protected":false},"excerpt":{"rendered":"<h2><span style=\"color: #fa0014;\">1327 Manual Watermelon Slicer<\/span><\/h2>\n<p>The Manual Watermelon Slicer makes it practical to slice watermelons and melons into equal pieces.<br \/>\nThis machine, which en hances presentation appeal, is used in markets, restaurants, cafes, hotels, and<br \/>\nindustrial kitchens. It helps increase serving quality by allowing customers to access fresh fruit quickly<br \/>\nand efficiently.<\/p>\n","protected":false},"featured_media":11632,"comment_status":"open","ping_status":"closed","template":"","meta":[],"product_cat":[245,248,247,246,244,249,233,15,171,195],"product_tag":[],"class_list":["post-11622","product","type-product","status-publish","has-post-thumbnail","hentry","product_cat-manavlar","product_cat-oteller","product_cat-restoranlar","product_cat-supermarketler","product_cat-vitamin-barlar","product_cat-yerel-isletmeler","product_cat-dokuuman","product_cat-tum-urunler","product_cat-hazirlik-ekipmanlari","product_cat-kesici-ve-dilimleyiciler"],"acf":[],"yoast_head":"<!-- This site is optimized with the Yoast SEO plugin v27.0 - https:\/\/yoast.com\/product\/yoast-seo-wordpress\/ -->\n<title>1327 Manual Watermelon Slicer - Cancan Meyve Presleri<\/title>\n<meta name=\"robots\" content=\"index, follow, max-snippet:-1, max-image-preview:large, max-video-preview:-1\" \/>\n<link rel=\"canonical\" href=\"https:\/\/cancan.com.tr\/tum-urunler\/1327-manuel-karpuz-dilimleme\/\" \/>\n<meta property=\"og:locale\" content=\"en_US\" \/>\n<meta property=\"og:type\" content=\"article\" \/>\n<meta property=\"og:title\" content=\"[:tr]1327 Manuel Karpuz Dilimleme[:en]1327 Manual Watermelon Slicer[:] - Cancan Meyve Presleri\" \/>\n<meta property=\"og:description\" content=\"[:tr]1327 Manuel Karpuz Dilimleme Manuel Karpuz Dilimleme, karpuz ve kavunlar\u0131 kolayca ve e\u015fit dilimlere ay\u0131rarak kesme i\u015flemini pratik hale getirir. Sunumlarda g\u00f6rselli\u011fi \u00f6n plana \u00e7\u0131karan bu makine; marketler, restoranlar, kafeler, oteller ve end\u00fcstriyel mutfaklar gibi alanlarda kullan\u0131l\u0131r. M\u00fc\u015fterilere h\u0131zl\u0131 ve d\u00fczenli dilimlenmi\u015f meyve sunarak hem sunum kalitesini art\u0131r\u0131r hem de i\u015f s\u00fcre\u00e7lerini h\u0131zland\u0131r\u0131r.[:en]1327 Manual Watermelon Slicer The Manual Watermelon Slicer makes it practical to slice watermelons and melons into equal pieces. This machine, which en hances presentation appeal, is used in markets, restaurants, cafes, hotels, and industrial kitchens. It helps increase serving quality by allowing customers to access fresh fruit quickly and efficiently.[:]\" \/>\n<meta property=\"og:url\" content=\"https:\/\/cancan.com.tr\/tum-urunler\/1327-manuel-karpuz-dilimleme\/\" \/>\n<meta property=\"og:site_name\" content=\"Cancan Meyve Presleri\" \/>\n<meta property=\"article:modified_time\" content=\"2026-03-02T06:35:18+00:00\" \/>\n<meta property=\"og:image\" content=\"https:\/\/cancan.com.tr\/wp-content\/uploads\/2026\/02\/Manuel-Karpuz-Dilimleme12-scaled.jpg\" \/>\n\t<meta property=\"og:image:width\" content=\"1707\" \/>\n\t<meta property=\"og:image:height\" content=\"2560\" \/>\n\t<meta property=\"og:image:type\" content=\"image\/jpeg\" \/>\n<meta name=\"twitter:card\" content=\"summary_large_image\" \/>\n<script type=\"application\/ld+json\" class=\"yoast-schema-graph\">{\"@context\":\"https:\/\/schema.org\",\"@graph\":[{\"@type\":\"WebPage\",\"@id\":\"https:\/\/cancan.com.tr\/tum-urunler\/1327-manuel-karpuz-dilimleme\/\",\"url\":\"https:\/\/cancan.com.tr\/tum-urunler\/1327-manuel-karpuz-dilimleme\/\",\"name\":\"[:tr]1327 Manuel Karpuz Dilimleme[:en]1327 Manual Watermelon Slicer[:] - Cancan Meyve Presleri\",\"isPartOf\":{\"@id\":\"https:\/\/cancan.com.tr\/#website\"},\"primaryImageOfPage\":{\"@id\":\"https:\/\/cancan.com.tr\/tum-urunler\/1327-manuel-karpuz-dilimleme\/#primaryimage\"},\"image\":{\"@id\":\"https:\/\/cancan.com.tr\/tum-urunler\/1327-manuel-karpuz-dilimleme\/#primaryimage\"},\"thumbnailUrl\":\"https:\/\/cancan.com.tr\/wp-content\/uploads\/2026\/02\/Manuel-Karpuz-Dilimleme12-scaled.jpg\",\"datePublished\":\"2026-02-19T12:49:45+00:00\",\"dateModified\":\"2026-03-02T06:35:18+00:00\",\"breadcrumb\":{\"@id\":\"https:\/\/cancan.com.tr\/tum-urunler\/1327-manuel-karpuz-dilimleme\/#breadcrumb\"},\"inLanguage\":\"en-US\",\"potentialAction\":[{\"@type\":\"ReadAction\",\"target\":[\"https:\/\/cancan.com.tr\/tum-urunler\/1327-manuel-karpuz-dilimleme\/\"]}]},{\"@type\":\"ImageObject\",\"inLanguage\":\"en-US\",\"@id\":\"https:\/\/cancan.com.tr\/tum-urunler\/1327-manuel-karpuz-dilimleme\/#primaryimage\",\"url\":\"https:\/\/cancan.com.tr\/wp-content\/uploads\/2026\/02\/Manuel-Karpuz-Dilimleme12-scaled.jpg\",\"contentUrl\":\"https:\/\/cancan.com.tr\/wp-content\/uploads\/2026\/02\/Manuel-Karpuz-Dilimleme12-scaled.jpg\",\"width\":1707,\"height\":2560},{\"@type\":\"BreadcrumbList\",\"@id\":\"https:\/\/cancan.com.tr\/tum-urunler\/1327-manuel-karpuz-dilimleme\/#breadcrumb\",\"itemListElement\":[{\"@type\":\"ListItem\",\"position\":1,\"name\":\"Anasayfa\",\"item\":\"https:\/\/cancan.com.tr\/\"},{\"@type\":\"ListItem\",\"position\":2,\"name\":\"Products\",\"item\":\"https:\/\/cancan.com.tr\/en\/products-2\/\"},{\"@type\":\"ListItem\",\"position\":3,\"name\":\"1327 Manuel Karpuz Dilimleme\"}]},{\"@type\":\"WebSite\",\"@id\":\"https:\/\/cancan.com.tr\/#website\",\"url\":\"https:\/\/cancan.com.tr\/\",\"name\":\"Cancan Meyve Presleri\",\"description\":\"www.cancan.com.tr\",\"publisher\":{\"@id\":\"https:\/\/cancan.com.tr\/#organization\"},\"potentialAction\":[{\"@type\":\"SearchAction\",\"target\":{\"@type\":\"EntryPoint\",\"urlTemplate\":\"https:\/\/cancan.com.tr\/?s={search_term_string}\"},\"query-input\":{\"@type\":\"PropertyValueSpecification\",\"valueRequired\":true,\"valueName\":\"search_term_string\"}}],\"inLanguage\":\"en-US\"},{\"@type\":\"Organization\",\"@id\":\"https:\/\/cancan.com.tr\/#organization\",\"name\":\"Cancan Meyve Presleri\",\"url\":\"https:\/\/cancan.com.tr\/\",\"logo\":{\"@type\":\"ImageObject\",\"inLanguage\":\"en-US\",\"@id\":\"https:\/\/cancan.com.tr\/#\/schema\/logo\/image\/\",\"url\":\"https:\/\/cancan.com.tr\/wp-content\/uploads\/2026\/03\/CancanLogo.png\",\"contentUrl\":\"https:\/\/cancan.com.tr\/wp-content\/uploads\/2026\/03\/CancanLogo.png\",\"width\":362,\"height\":67,\"caption\":\"Cancan Meyve Presleri\"},\"image\":{\"@id\":\"https:\/\/cancan.com.tr\/#\/schema\/logo\/image\/\"}}]}<\/script>\n<!-- \/ Yoast SEO plugin. -->","yoast_head_json":{"title":"[:tr]1327 Manuel Karpuz Dilimleme[:en]1327 Manual Watermelon Slicer[:] - Cancan Meyve Presleri","robots":{"index":"index","follow":"follow","max-snippet":"max-snippet:-1","max-image-preview":"max-image-preview:large","max-video-preview":"max-video-preview:-1"},"canonical":"https:\/\/cancan.com.tr\/tum-urunler\/1327-manuel-karpuz-dilimleme\/","og_locale":"en_US","og_type":"article","og_title":"[:tr]1327 Manuel Karpuz Dilimleme[:en]1327 Manual Watermelon Slicer[:] - Cancan Meyve Presleri","og_description":"[:tr]1327 Manuel Karpuz Dilimleme Manuel Karpuz Dilimleme, karpuz ve kavunlar\u0131 kolayca ve e\u015fit dilimlere ay\u0131rarak kesme i\u015flemini pratik hale getirir. Sunumlarda g\u00f6rselli\u011fi \u00f6n plana \u00e7\u0131karan bu makine; marketler, restoranlar, kafeler, oteller ve end\u00fcstriyel mutfaklar gibi alanlarda kullan\u0131l\u0131r. M\u00fc\u015fterilere h\u0131zl\u0131 ve d\u00fczenli dilimlenmi\u015f meyve sunarak hem sunum kalitesini art\u0131r\u0131r hem de i\u015f s\u00fcre\u00e7lerini h\u0131zland\u0131r\u0131r.[:en]1327 Manual Watermelon Slicer The Manual Watermelon Slicer makes it practical to slice watermelons and melons into equal pieces. This machine, which en hances presentation appeal, is used in markets, restaurants, cafes, hotels, and industrial kitchens. It helps increase serving quality by allowing customers to access fresh fruit quickly and efficiently.[:]","og_url":"https:\/\/cancan.com.tr\/tum-urunler\/1327-manuel-karpuz-dilimleme\/","og_site_name":"Cancan Meyve Presleri","article_modified_time":"2026-03-02T06:35:18+00:00","og_image":[{"width":1707,"height":2560,"url":"https:\/\/cancan.com.tr\/wp-content\/uploads\/2026\/02\/Manuel-Karpuz-Dilimleme12-scaled.jpg","type":"image\/jpeg"}],"twitter_card":"summary_large_image","schema":{"@context":"https:\/\/schema.org","@graph":[{"@type":"WebPage","@id":"https:\/\/cancan.com.tr\/tum-urunler\/1327-manuel-karpuz-dilimleme\/","url":"https:\/\/cancan.com.tr\/tum-urunler\/1327-manuel-karpuz-dilimleme\/","name":"[:tr]1327 Manuel Karpuz Dilimleme[:en]1327 Manual Watermelon Slicer[:] - Cancan Meyve Presleri","isPartOf":{"@id":"https:\/\/cancan.com.tr\/#website"},"primaryImageOfPage":{"@id":"https:\/\/cancan.com.tr\/tum-urunler\/1327-manuel-karpuz-dilimleme\/#primaryimage"},"image":{"@id":"https:\/\/cancan.com.tr\/tum-urunler\/1327-manuel-karpuz-dilimleme\/#primaryimage"},"thumbnailUrl":"https:\/\/cancan.com.tr\/wp-content\/uploads\/2026\/02\/Manuel-Karpuz-Dilimleme12-scaled.jpg","datePublished":"2026-02-19T12:49:45+00:00","dateModified":"2026-03-02T06:35:18+00:00","breadcrumb":{"@id":"https:\/\/cancan.com.tr\/tum-urunler\/1327-manuel-karpuz-dilimleme\/#breadcrumb"},"inLanguage":"en-US","potentialAction":[{"@type":"ReadAction","target":["https:\/\/cancan.com.tr\/tum-urunler\/1327-manuel-karpuz-dilimleme\/"]}]},{"@type":"ImageObject","inLanguage":"en-US","@id":"https:\/\/cancan.com.tr\/tum-urunler\/1327-manuel-karpuz-dilimleme\/#primaryimage","url":"https:\/\/cancan.com.tr\/wp-content\/uploads\/2026\/02\/Manuel-Karpuz-Dilimleme12-scaled.jpg","contentUrl":"https:\/\/cancan.com.tr\/wp-content\/uploads\/2026\/02\/Manuel-Karpuz-Dilimleme12-scaled.jpg","width":1707,"height":2560},{"@type":"BreadcrumbList","@id":"https:\/\/cancan.com.tr\/tum-urunler\/1327-manuel-karpuz-dilimleme\/#breadcrumb","itemListElement":[{"@type":"ListItem","position":1,"name":"Anasayfa","item":"https:\/\/cancan.com.tr\/"},{"@type":"ListItem","position":2,"name":"Products","item":"https:\/\/cancan.com.tr\/en\/products-2\/"},{"@type":"ListItem","position":3,"name":"1327 Manuel Karpuz Dilimleme"}]},{"@type":"WebSite","@id":"https:\/\/cancan.com.tr\/#website","url":"https:\/\/cancan.com.tr\/","name":"Cancan Meyve Presleri","description":"www.cancan.com.tr","publisher":{"@id":"https:\/\/cancan.com.tr\/#organization"},"potentialAction":[{"@type":"SearchAction","target":{"@type":"EntryPoint","urlTemplate":"https:\/\/cancan.com.tr\/?s={search_term_string}"},"query-input":{"@type":"PropertyValueSpecification","valueRequired":true,"valueName":"search_term_string"}}],"inLanguage":"en-US"},{"@type":"Organization","@id":"https:\/\/cancan.com.tr\/#organization","name":"Cancan Meyve Presleri","url":"https:\/\/cancan.com.tr\/","logo":{"@type":"ImageObject","inLanguage":"en-US","@id":"https:\/\/cancan.com.tr\/#\/schema\/logo\/image\/","url":"https:\/\/cancan.com.tr\/wp-content\/uploads\/2026\/03\/CancanLogo.png","contentUrl":"https:\/\/cancan.com.tr\/wp-content\/uploads\/2026\/03\/CancanLogo.png","width":362,"height":67,"caption":"Cancan Meyve Presleri"},"image":{"@id":"https:\/\/cancan.com.tr\/#\/schema\/logo\/image\/"}}]}},"_links":{"self":[{"href":"https:\/\/cancan.com.tr\/en\/wp-json\/wp\/v2\/product\/11622","targetHints":{"allow":["GET"]}}],"collection":[{"href":"https:\/\/cancan.com.tr\/en\/wp-json\/wp\/v2\/product"}],"about":[{"href":"https:\/\/cancan.com.tr\/en\/wp-json\/wp\/v2\/types\/product"}],"replies":[{"embeddable":true,"href":"https:\/\/cancan.com.tr\/en\/wp-json\/wp\/v2\/comments?post=11622"}],"wp:featuredmedia":[{"embeddable":true,"href":"https:\/\/cancan.com.tr\/en\/wp-json\/wp\/v2\/media\/11632"}],"wp:attachment":[{"href":"https:\/\/cancan.com.tr\/en\/wp-json\/wp\/v2\/media?parent=11622"}],"wp:term":[{"taxonomy":"product_cat","embeddable":true,"href":"https:\/\/cancan.com.tr\/en\/wp-json\/wp\/v2\/product_cat?post=11622"},{"taxonomy":"product_tag","embeddable":true,"href":"https:\/\/cancan.com.tr\/en\/wp-json\/wp\/v2\/product_tag?post=11622"}],"curies":[{"name":"wp","href":"https:\/\/api.w.org\/{rel}","templated":true}]}}