{"id":11462,"date":"2025-10-13T13:48:56","date_gmt":"2025-10-13T10:48:56","guid":{"rendered":"https:\/\/cancan.com.tr\/?post_type=product&#038;p=11462"},"modified":"2025-10-13T13:55:04","modified_gmt":"2025-10-13T10:55:04","slug":"1337-blok-peynir-dilimleme-makinesi-xl","status":"publish","type":"product","link":"https:\/\/cancan.com.tr\/en\/all-products\/1337-block-cheese-slicer-xl\/","title":{"rendered":"1337 Block Cheese Slicer XL"},"content":{"rendered":"<p><\/p>\n<p data-start=\"86\" data-end=\"126\"><strong data-start=\"93\" data-end=\"124\">Compact and Portable Design<\/strong><\/p>\n<p data-start=\"127\" data-end=\"297\">Its lightweight and ergonomic structure allows easy transport and convenient use in limited spaces. Provides practicality and space efficiency in professional kitchens.<\/p>\n<p data-start=\"180\" data-end=\"344\">\n<img loading=\"lazy\" decoding=\"async\" class=\"alignnone size-medium wp-image-11446\" src=\"https:\/\/cancan.com.tr\/wp-content\/uploads\/2025\/10\/4-3-300x214.jpg\" alt=\"\" width=\"300\" height=\"214\" srcset=\"https:\/\/cancan.com.tr\/wp-content\/uploads\/2025\/10\/4-3-300x214.jpg 300w, https:\/\/cancan.com.tr\/wp-content\/uploads\/2025\/10\/4-3-1024x731.jpg 1024w, https:\/\/cancan.com.tr\/wp-content\/uploads\/2025\/10\/4-3-768x548.jpg 768w, https:\/\/cancan.com.tr\/wp-content\/uploads\/2025\/10\/4-3-1536x1097.jpg 1536w, https:\/\/cancan.com.tr\/wp-content\/uploads\/2025\/10\/4-3-2048x1463.jpg 2048w, https:\/\/cancan.com.tr\/wp-content\/uploads\/2025\/10\/4-3-1200x857.jpg 1200w\" sizes=\"auto, (max-width: 300px) 100vw, 300px\" \/><\/p>\n<hr data-start=\"346\" data-end=\"349\" \/>\n<p data-start=\"304\" data-end=\"352\"><strong data-start=\"311\" data-end=\"350\">Suitable for Hard and Large Cheeses<\/strong><\/p>\n<p data-start=\"353\" data-end=\"521\">The powerful cutting mechanism delivers high performance even with hard and large cheese blocks. Ensures smooth and even slices without breaking the cheese structure.<\/p>\n<p data-start=\"405\" data-end=\"565\">\n<img loading=\"lazy\" decoding=\"async\" class=\"alignnone size-medium wp-image-11454\" src=\"https:\/\/cancan.com.tr\/wp-content\/uploads\/2025\/10\/12-1-300x214.jpg\" alt=\"\" width=\"300\" height=\"214\" srcset=\"https:\/\/cancan.com.tr\/wp-content\/uploads\/2025\/10\/12-1-300x214.jpg 300w, https:\/\/cancan.com.tr\/wp-content\/uploads\/2025\/10\/12-1-1024x731.jpg 1024w, https:\/\/cancan.com.tr\/wp-content\/uploads\/2025\/10\/12-1-768x549.jpg 768w, https:\/\/cancan.com.tr\/wp-content\/uploads\/2025\/10\/12-1-1536x1097.jpg 1536w, https:\/\/cancan.com.tr\/wp-content\/uploads\/2025\/10\/12-1-2048x1463.jpg 2048w, https:\/\/cancan.com.tr\/wp-content\/uploads\/2025\/10\/12-1-1200x857.jpg 1200w\" sizes=\"auto, (max-width: 300px) 100vw, 300px\" \/><\/p>\n<hr data-start=\"567\" data-end=\"570\" \/>\n<p data-start=\"528\" data-end=\"560\"><strong data-start=\"535\" data-end=\"558\">Wire Cutting System<\/strong><\/p>\n<p data-start=\"561\" data-end=\"700\">The wire system allows effortless slicing with a simple downward motion. Provides clean, smooth, and hygienic cutting results every time.<\/p>\n<p data-start=\"597\" data-end=\"743\">\n<img loading=\"lazy\" decoding=\"async\" class=\"alignnone size-medium wp-image-11452\" src=\"https:\/\/cancan.com.tr\/wp-content\/uploads\/2025\/10\/10-1-300x168.jpg\" alt=\"\" width=\"300\" height=\"168\" srcset=\"https:\/\/cancan.com.tr\/wp-content\/uploads\/2025\/10\/10-1-300x168.jpg 300w, https:\/\/cancan.com.tr\/wp-content\/uploads\/2025\/10\/10-1-1024x575.jpg 1024w, https:\/\/cancan.com.tr\/wp-content\/uploads\/2025\/10\/10-1-768x431.jpg 768w, https:\/\/cancan.com.tr\/wp-content\/uploads\/2025\/10\/10-1-1536x862.jpg 1536w, https:\/\/cancan.com.tr\/wp-content\/uploads\/2025\/10\/10-1-2048x1150.jpg 2048w, https:\/\/cancan.com.tr\/wp-content\/uploads\/2025\/10\/10-1-1200x674.jpg 1200w\" sizes=\"auto, (max-width: 300px) 100vw, 300px\" \/><\/p>\n<hr data-start=\"745\" data-end=\"748\" \/>\n<p data-start=\"750\" data-end=\"789\"><strong>Special Non-Slip Feet<\/strong><\/p>\n<p data-start=\"790\" data-end=\"914\">Durable rubber feet keep the machine stable during use. Ensures a safe and balanced working experience.<\/p>\n<p><img loading=\"lazy\" decoding=\"async\" class=\"alignnone size-medium wp-image-11444\" src=\"https:\/\/cancan.com.tr\/wp-content\/uploads\/2025\/10\/2-4-300x214.jpg\" alt=\"\" width=\"300\" height=\"214\" srcset=\"https:\/\/cancan.com.tr\/wp-content\/uploads\/2025\/10\/2-4-300x214.jpg 300w, https:\/\/cancan.com.tr\/wp-content\/uploads\/2025\/10\/2-4-1024x731.jpg 1024w, https:\/\/cancan.com.tr\/wp-content\/uploads\/2025\/10\/2-4-768x548.jpg 768w, https:\/\/cancan.com.tr\/wp-content\/uploads\/2025\/10\/2-4-1536x1097.jpg 1536w, https:\/\/cancan.com.tr\/wp-content\/uploads\/2025\/10\/2-4-2048x1463.jpg 2048w, https:\/\/cancan.com.tr\/wp-content\/uploads\/2025\/10\/2-4-1200x857.jpg 1200w\" sizes=\"auto, (max-width: 300px) 100vw, 300px\" \/><\/p>\n<hr data-start=\"916\" data-end=\"919\" \/>\n<h3 data-start=\"853\" data-end=\"879\"><strong data-start=\"860\" data-end=\"877\">Easy to Clean<\/strong><\/h3>\n<p data-start=\"880\" data-end=\"999\" data-is-last-node=\"\" data-is-only-node=\"\">Its smooth surface allows quick and effortless cleaning. Maintains hygiene standards while minimizing maintenance time.<\/p>\n<p data-start=\"949\" data-end=\"1086\"><img loading=\"lazy\" decoding=\"async\" class=\"alignnone size-medium wp-image-11443\" src=\"https:\/\/cancan.com.tr\/wp-content\/uploads\/2025\/10\/1-4-300x214.jpg\" alt=\"\" width=\"300\" height=\"214\" srcset=\"https:\/\/cancan.com.tr\/wp-content\/uploads\/2025\/10\/1-4-300x214.jpg 300w, https:\/\/cancan.com.tr\/wp-content\/uploads\/2025\/10\/1-4-1024x731.jpg 1024w, https:\/\/cancan.com.tr\/wp-content\/uploads\/2025\/10\/1-4-768x549.jpg 768w, https:\/\/cancan.com.tr\/wp-content\/uploads\/2025\/10\/1-4-1536x1097.jpg 1536w, https:\/\/cancan.com.tr\/wp-content\/uploads\/2025\/10\/1-4-2048x1463.jpg 2048w, https:\/\/cancan.com.tr\/wp-content\/uploads\/2025\/10\/1-4-1200x857.jpg 1200w\" sizes=\"auto, (max-width: 300px) 100vw, 300px\" \/><\/p>\n<p><\/p>","protected":false},"excerpt":{"rendered":"<h2><span style=\"color: #fa0014;\">1337 Block Cheese Slicer XL<\/span><\/h2>\n<p>Thanks to its wire system, the block cheese slicer effortlessly slices cheese by lowering the wire from top to bottom. It delivers high performance even with hard cheeses. The specially designed cutting mechanism ensures clean, even slices without applying excessive force or breaking the cheese. It is ideal for use in both professional kitchens and high-volume service areas.<\/p>\n","protected":false},"featured_media":11458,"comment_status":"open","ping_status":"closed","template":"","meta":[],"product_cat":[15,248,247,249,171,195,179],"product_tag":[],"class_list":["post-11462","product","type-product","status-publish","has-post-thumbnail","hentry","product_cat-tum-urunler","product_cat-oteller","product_cat-restoranlar","product_cat-yerel-isletmeler","product_cat-hazirlik-ekipmanlari","product_cat-kesici-ve-dilimleyiciler","product_cat-yeni-kategori"],"acf":[],"yoast_head":"<!-- This site is optimized with the Yoast SEO plugin v27.0 - https:\/\/yoast.com\/product\/yoast-seo-wordpress\/ -->\n<title>1337 Block Cheese Slicer XL - Cancan Meyve Presleri<\/title>\n<meta name=\"robots\" content=\"index, follow, max-snippet:-1, max-image-preview:large, max-video-preview:-1\" \/>\n<link rel=\"canonical\" href=\"https:\/\/cancan.com.tr\/tum-urunler\/1337-blok-peynir-dilimleme-makinesi-xl\/\" \/>\n<meta property=\"og:locale\" content=\"en_US\" \/>\n<meta property=\"og:type\" content=\"article\" \/>\n<meta property=\"og:title\" content=\"[:tr]1337 Blok Peynir Dilimleme Makinesi XL[:en]1337 Block Cheese Slicer XL[:] - Cancan Meyve Presleri\" \/>\n<meta property=\"og:description\" content=\"[:tr]1337 Blok Peynir Dilimleme Makinesi XL Blok Peynir Dilimleme Makinesi XL, tel sistemi sayesinde, \u00fcstten a\u015fa\u011f\u0131ya kolayca indirilen tel ile blok peynirleri zahmetsizce dilimler. Sert peynirlerde dahi y\u00fcksek performans sunar. \u00d6zel kesme mekanizmas\u0131 sayesinde a\u015f\u0131r\u0131 g\u00fc\u00e7 uygulamadan, peyniri par\u00e7alamadan d\u00fczg\u00fcn dilimler elde etmenizi sa\u011flar. Hem profesyonel mutfaklarda hem de yo\u011fun servis alanlar\u0131nda kullan\u0131m i\u00e7in idealdir.[:en]1337 Block Cheese Slicer XL Thanks to its wire system, the block cheese slicer effortlessly slices cheese by lowering the wire from top to bottom. It delivers high performance even with hard cheeses. The specially designed cutting mechanism ensures clean, even slices without applying excessive force or breaking the cheese. It is ideal for use in both professional kitchens and high-volume service areas.[:]\" \/>\n<meta property=\"og:url\" content=\"https:\/\/cancan.com.tr\/tum-urunler\/1337-blok-peynir-dilimleme-makinesi-xl\/\" \/>\n<meta property=\"og:site_name\" content=\"Cancan Meyve Presleri\" \/>\n<meta property=\"article:modified_time\" content=\"2025-10-13T10:55:04+00:00\" \/>\n<meta property=\"og:image\" content=\"https:\/\/cancan.com.tr\/wp-content\/uploads\/2025\/10\/16-scaled.jpg\" \/>\n\t<meta property=\"og:image:width\" content=\"2560\" \/>\n\t<meta property=\"og:image:height\" content=\"1707\" \/>\n\t<meta property=\"og:image:type\" content=\"image\/jpeg\" \/>\n<meta name=\"twitter:card\" content=\"summary_large_image\" \/>\n<meta name=\"twitter:label1\" content=\"Est. reading time\" \/>\n\t<meta name=\"twitter:data1\" content=\"1 minute\" \/>\n<script type=\"application\/ld+json\" class=\"yoast-schema-graph\">{\"@context\":\"https:\/\/schema.org\",\"@graph\":[{\"@type\":\"WebPage\",\"@id\":\"https:\/\/cancan.com.tr\/tum-urunler\/1337-blok-peynir-dilimleme-makinesi-xl\/\",\"url\":\"https:\/\/cancan.com.tr\/tum-urunler\/1337-blok-peynir-dilimleme-makinesi-xl\/\",\"name\":\"[:tr]1337 Blok Peynir Dilimleme Makinesi XL[:en]1337 Block Cheese Slicer XL[:] - Cancan Meyve Presleri\",\"isPartOf\":{\"@id\":\"https:\/\/cancan.com.tr\/#website\"},\"primaryImageOfPage\":{\"@id\":\"https:\/\/cancan.com.tr\/tum-urunler\/1337-blok-peynir-dilimleme-makinesi-xl\/#primaryimage\"},\"image\":{\"@id\":\"https:\/\/cancan.com.tr\/tum-urunler\/1337-blok-peynir-dilimleme-makinesi-xl\/#primaryimage\"},\"thumbnailUrl\":\"https:\/\/cancan.com.tr\/wp-content\/uploads\/2025\/10\/16-scaled.jpg\",\"datePublished\":\"2025-10-13T10:48:56+00:00\",\"dateModified\":\"2025-10-13T10:55:04+00:00\",\"breadcrumb\":{\"@id\":\"https:\/\/cancan.com.tr\/tum-urunler\/1337-blok-peynir-dilimleme-makinesi-xl\/#breadcrumb\"},\"inLanguage\":\"en-US\",\"potentialAction\":[{\"@type\":\"ReadAction\",\"target\":[\"https:\/\/cancan.com.tr\/tum-urunler\/1337-blok-peynir-dilimleme-makinesi-xl\/\"]}]},{\"@type\":\"ImageObject\",\"inLanguage\":\"en-US\",\"@id\":\"https:\/\/cancan.com.tr\/tum-urunler\/1337-blok-peynir-dilimleme-makinesi-xl\/#primaryimage\",\"url\":\"https:\/\/cancan.com.tr\/wp-content\/uploads\/2025\/10\/16-scaled.jpg\",\"contentUrl\":\"https:\/\/cancan.com.tr\/wp-content\/uploads\/2025\/10\/16-scaled.jpg\",\"width\":2560,\"height\":1707},{\"@type\":\"BreadcrumbList\",\"@id\":\"https:\/\/cancan.com.tr\/tum-urunler\/1337-blok-peynir-dilimleme-makinesi-xl\/#breadcrumb\",\"itemListElement\":[{\"@type\":\"ListItem\",\"position\":1,\"name\":\"Anasayfa\",\"item\":\"https:\/\/cancan.com.tr\/\"},{\"@type\":\"ListItem\",\"position\":2,\"name\":\"Products\",\"item\":\"https:\/\/cancan.com.tr\/en\/products-2\/\"},{\"@type\":\"ListItem\",\"position\":3,\"name\":\"1337 Blok Peynir Dilimleme Makinesi XL\"}]},{\"@type\":\"WebSite\",\"@id\":\"https:\/\/cancan.com.tr\/#website\",\"url\":\"https:\/\/cancan.com.tr\/\",\"name\":\"Cancan Meyve Presleri\",\"description\":\"www.cancan.com.tr\",\"publisher\":{\"@id\":\"https:\/\/cancan.com.tr\/#organization\"},\"potentialAction\":[{\"@type\":\"SearchAction\",\"target\":{\"@type\":\"EntryPoint\",\"urlTemplate\":\"https:\/\/cancan.com.tr\/?s={search_term_string}\"},\"query-input\":{\"@type\":\"PropertyValueSpecification\",\"valueRequired\":true,\"valueName\":\"search_term_string\"}}],\"inLanguage\":\"en-US\"},{\"@type\":\"Organization\",\"@id\":\"https:\/\/cancan.com.tr\/#organization\",\"name\":\"Cancan Meyve Presleri\",\"url\":\"https:\/\/cancan.com.tr\/\",\"logo\":{\"@type\":\"ImageObject\",\"inLanguage\":\"en-US\",\"@id\":\"https:\/\/cancan.com.tr\/#\/schema\/logo\/image\/\",\"url\":\"https:\/\/cancan.com.tr\/wp-content\/uploads\/2026\/03\/CancanLogo.png\",\"contentUrl\":\"https:\/\/cancan.com.tr\/wp-content\/uploads\/2026\/03\/CancanLogo.png\",\"width\":362,\"height\":67,\"caption\":\"Cancan Meyve Presleri\"},\"image\":{\"@id\":\"https:\/\/cancan.com.tr\/#\/schema\/logo\/image\/\"}}]}<\/script>\n<!-- \/ Yoast SEO plugin. -->","yoast_head_json":{"title":"[:tr]1337 Blok Peynir Dilimleme Makinesi XL[:en]1337 Block Cheese Slicer XL[:] - Cancan Meyve Presleri","robots":{"index":"index","follow":"follow","max-snippet":"max-snippet:-1","max-image-preview":"max-image-preview:large","max-video-preview":"max-video-preview:-1"},"canonical":"https:\/\/cancan.com.tr\/tum-urunler\/1337-blok-peynir-dilimleme-makinesi-xl\/","og_locale":"en_US","og_type":"article","og_title":"[:tr]1337 Blok Peynir Dilimleme Makinesi XL[:en]1337 Block Cheese Slicer XL[:] - Cancan Meyve Presleri","og_description":"[:tr]1337 Blok Peynir Dilimleme Makinesi XL Blok Peynir Dilimleme Makinesi XL, tel sistemi sayesinde, \u00fcstten a\u015fa\u011f\u0131ya kolayca indirilen tel ile blok peynirleri zahmetsizce dilimler. Sert peynirlerde dahi y\u00fcksek performans sunar. \u00d6zel kesme mekanizmas\u0131 sayesinde a\u015f\u0131r\u0131 g\u00fc\u00e7 uygulamadan, peyniri par\u00e7alamadan d\u00fczg\u00fcn dilimler elde etmenizi sa\u011flar. Hem profesyonel mutfaklarda hem de yo\u011fun servis alanlar\u0131nda kullan\u0131m i\u00e7in idealdir.[:en]1337 Block Cheese Slicer XL Thanks to its wire system, the block cheese slicer effortlessly slices cheese by lowering the wire from top to bottom. It delivers high performance even with hard cheeses. The specially designed cutting mechanism ensures clean, even slices without applying excessive force or breaking the cheese. It is ideal for use in both professional kitchens and high-volume service areas.[:]","og_url":"https:\/\/cancan.com.tr\/tum-urunler\/1337-blok-peynir-dilimleme-makinesi-xl\/","og_site_name":"Cancan Meyve Presleri","article_modified_time":"2025-10-13T10:55:04+00:00","og_image":[{"width":2560,"height":1707,"url":"https:\/\/cancan.com.tr\/wp-content\/uploads\/2025\/10\/16-scaled.jpg","type":"image\/jpeg"}],"twitter_card":"summary_large_image","twitter_misc":{"Est. reading time":"1 minute"},"schema":{"@context":"https:\/\/schema.org","@graph":[{"@type":"WebPage","@id":"https:\/\/cancan.com.tr\/tum-urunler\/1337-blok-peynir-dilimleme-makinesi-xl\/","url":"https:\/\/cancan.com.tr\/tum-urunler\/1337-blok-peynir-dilimleme-makinesi-xl\/","name":"[:tr]1337 Blok Peynir Dilimleme Makinesi XL[:en]1337 Block Cheese Slicer XL[:] - Cancan Meyve Presleri","isPartOf":{"@id":"https:\/\/cancan.com.tr\/#website"},"primaryImageOfPage":{"@id":"https:\/\/cancan.com.tr\/tum-urunler\/1337-blok-peynir-dilimleme-makinesi-xl\/#primaryimage"},"image":{"@id":"https:\/\/cancan.com.tr\/tum-urunler\/1337-blok-peynir-dilimleme-makinesi-xl\/#primaryimage"},"thumbnailUrl":"https:\/\/cancan.com.tr\/wp-content\/uploads\/2025\/10\/16-scaled.jpg","datePublished":"2025-10-13T10:48:56+00:00","dateModified":"2025-10-13T10:55:04+00:00","breadcrumb":{"@id":"https:\/\/cancan.com.tr\/tum-urunler\/1337-blok-peynir-dilimleme-makinesi-xl\/#breadcrumb"},"inLanguage":"en-US","potentialAction":[{"@type":"ReadAction","target":["https:\/\/cancan.com.tr\/tum-urunler\/1337-blok-peynir-dilimleme-makinesi-xl\/"]}]},{"@type":"ImageObject","inLanguage":"en-US","@id":"https:\/\/cancan.com.tr\/tum-urunler\/1337-blok-peynir-dilimleme-makinesi-xl\/#primaryimage","url":"https:\/\/cancan.com.tr\/wp-content\/uploads\/2025\/10\/16-scaled.jpg","contentUrl":"https:\/\/cancan.com.tr\/wp-content\/uploads\/2025\/10\/16-scaled.jpg","width":2560,"height":1707},{"@type":"BreadcrumbList","@id":"https:\/\/cancan.com.tr\/tum-urunler\/1337-blok-peynir-dilimleme-makinesi-xl\/#breadcrumb","itemListElement":[{"@type":"ListItem","position":1,"name":"Anasayfa","item":"https:\/\/cancan.com.tr\/"},{"@type":"ListItem","position":2,"name":"Products","item":"https:\/\/cancan.com.tr\/en\/products-2\/"},{"@type":"ListItem","position":3,"name":"1337 Blok Peynir Dilimleme Makinesi XL"}]},{"@type":"WebSite","@id":"https:\/\/cancan.com.tr\/#website","url":"https:\/\/cancan.com.tr\/","name":"Cancan Meyve Presleri","description":"www.cancan.com.tr","publisher":{"@id":"https:\/\/cancan.com.tr\/#organization"},"potentialAction":[{"@type":"SearchAction","target":{"@type":"EntryPoint","urlTemplate":"https:\/\/cancan.com.tr\/?s={search_term_string}"},"query-input":{"@type":"PropertyValueSpecification","valueRequired":true,"valueName":"search_term_string"}}],"inLanguage":"en-US"},{"@type":"Organization","@id":"https:\/\/cancan.com.tr\/#organization","name":"Cancan Meyve Presleri","url":"https:\/\/cancan.com.tr\/","logo":{"@type":"ImageObject","inLanguage":"en-US","@id":"https:\/\/cancan.com.tr\/#\/schema\/logo\/image\/","url":"https:\/\/cancan.com.tr\/wp-content\/uploads\/2026\/03\/CancanLogo.png","contentUrl":"https:\/\/cancan.com.tr\/wp-content\/uploads\/2026\/03\/CancanLogo.png","width":362,"height":67,"caption":"Cancan Meyve Presleri"},"image":{"@id":"https:\/\/cancan.com.tr\/#\/schema\/logo\/image\/"}}]}},"_links":{"self":[{"href":"https:\/\/cancan.com.tr\/en\/wp-json\/wp\/v2\/product\/11462","targetHints":{"allow":["GET"]}}],"collection":[{"href":"https:\/\/cancan.com.tr\/en\/wp-json\/wp\/v2\/product"}],"about":[{"href":"https:\/\/cancan.com.tr\/en\/wp-json\/wp\/v2\/types\/product"}],"replies":[{"embeddable":true,"href":"https:\/\/cancan.com.tr\/en\/wp-json\/wp\/v2\/comments?post=11462"}],"wp:featuredmedia":[{"embeddable":true,"href":"https:\/\/cancan.com.tr\/en\/wp-json\/wp\/v2\/media\/11458"}],"wp:attachment":[{"href":"https:\/\/cancan.com.tr\/en\/wp-json\/wp\/v2\/media?parent=11462"}],"wp:term":[{"taxonomy":"product_cat","embeddable":true,"href":"https:\/\/cancan.com.tr\/en\/wp-json\/wp\/v2\/product_cat?post=11462"},{"taxonomy":"product_tag","embeddable":true,"href":"https:\/\/cancan.com.tr\/en\/wp-json\/wp\/v2\/product_tag?post=11462"}],"curies":[{"name":"wp","href":"https:\/\/api.w.org\/{rel}","templated":true}]}}