{"id":11436,"date":"2025-10-13T13:10:14","date_gmt":"2025-10-13T10:10:14","guid":{"rendered":"https:\/\/cancan.com.tr\/?post_type=product&#038;p=11436"},"modified":"2025-10-13T13:13:48","modified_gmt":"2025-10-13T10:13:48","slug":"1709-dokum-biftek-agirligi","status":"publish","type":"product","link":"https:\/\/cancan.com.tr\/en\/all-products\/1709-iron-steak-weight\/","title":{"rendered":"1709 Iron Steak Weight"},"content":{"rendered":"<p><\/p>\n<p data-start=\"85\" data-end=\"112\"><strong data-start=\"92\" data-end=\"110\">Cast Iron Body<\/strong><\/p>\n<p data-start=\"113\" data-end=\"293\">The solid cast iron body retains heat perfectly, ensuring even cooking. Its durable structure makes it ideal for heavy-duty use and reliable performance in professional kitchens.<\/p>\n<p><img loading=\"lazy\" decoding=\"async\" class=\"alignnone size-medium wp-image-11423\" src=\"https:\/\/cancan.com.tr\/wp-content\/uploads\/2025\/10\/2-3-200x300.jpg\" alt=\"\" width=\"200\" height=\"300\" srcset=\"https:\/\/cancan.com.tr\/wp-content\/uploads\/2025\/10\/2-3-200x300.jpg 200w, https:\/\/cancan.com.tr\/wp-content\/uploads\/2025\/10\/2-3-scaled-1200x1800.jpg 1200w, https:\/\/cancan.com.tr\/wp-content\/uploads\/2025\/10\/2-3-683x1024.jpg 683w, https:\/\/cancan.com.tr\/wp-content\/uploads\/2025\/10\/2-3-768x1152.jpg 768w, https:\/\/cancan.com.tr\/wp-content\/uploads\/2025\/10\/2-3-1024x1536.jpg 1024w, https:\/\/cancan.com.tr\/wp-content\/uploads\/2025\/10\/2-3-1365x2048.jpg 1365w, https:\/\/cancan.com.tr\/wp-content\/uploads\/2025\/10\/2-3-scaled.jpg 1707w\" sizes=\"auto, (max-width: 200px) 100vw, 200px\" \/><\/p>\n<hr data-start=\"339\" data-end=\"342\" \/>\n<p data-start=\"300\" data-end=\"329\"><strong data-start=\"307\" data-end=\"327\">Ergonomic Handle<\/strong><\/p>\n<p data-start=\"330\" data-end=\"481\">The ergonomic, non-slip handle provides a comfortable and secure grip. Reduces hand fatigue during long use and allows greater control while cooking.<\/p>\n<p><img loading=\"lazy\" decoding=\"async\" class=\"alignnone size-medium wp-image-11422\" src=\"https:\/\/cancan.com.tr\/wp-content\/uploads\/2025\/10\/1-3-200x300.jpg\" alt=\"\" width=\"200\" height=\"300\" srcset=\"https:\/\/cancan.com.tr\/wp-content\/uploads\/2025\/10\/1-3-200x300.jpg 200w, https:\/\/cancan.com.tr\/wp-content\/uploads\/2025\/10\/1-3-scaled-1200x1800.jpg 1200w, https:\/\/cancan.com.tr\/wp-content\/uploads\/2025\/10\/1-3-683x1024.jpg 683w, https:\/\/cancan.com.tr\/wp-content\/uploads\/2025\/10\/1-3-768x1152.jpg 768w, https:\/\/cancan.com.tr\/wp-content\/uploads\/2025\/10\/1-3-1024x1536.jpg 1024w, https:\/\/cancan.com.tr\/wp-content\/uploads\/2025\/10\/1-3-1365x2048.jpg 1365w, https:\/\/cancan.com.tr\/wp-content\/uploads\/2025\/10\/1-3-scaled.jpg 1707w\" sizes=\"auto, (max-width: 200px) 100vw, 200px\" \/><\/p>\n<hr data-start=\"551\" data-end=\"554\" \/>\n<p data-start=\"488\" data-end=\"522\"><strong data-start=\"495\" data-end=\"520\">Wide Pressing Surface<\/strong><\/p>\n<p data-start=\"523\" data-end=\"667\">Its wide surface applies even pressure across the entire piece of meat. Ensures perfect caramelization and uniform cooking results every time.<\/p>\n<p><img loading=\"lazy\" decoding=\"async\" class=\"alignnone size-medium wp-image-11426\" src=\"https:\/\/cancan.com.tr\/wp-content\/uploads\/2025\/10\/5-2-200x300.jpg\" alt=\"\" width=\"200\" height=\"300\" srcset=\"https:\/\/cancan.com.tr\/wp-content\/uploads\/2025\/10\/5-2-200x300.jpg 200w, https:\/\/cancan.com.tr\/wp-content\/uploads\/2025\/10\/5-2-scaled-1200x1800.jpg 1200w, https:\/\/cancan.com.tr\/wp-content\/uploads\/2025\/10\/5-2-683x1024.jpg 683w, https:\/\/cancan.com.tr\/wp-content\/uploads\/2025\/10\/5-2-768x1152.jpg 768w, https:\/\/cancan.com.tr\/wp-content\/uploads\/2025\/10\/5-2-1024x1536.jpg 1024w, https:\/\/cancan.com.tr\/wp-content\/uploads\/2025\/10\/5-2-1365x2048.jpg 1365w, https:\/\/cancan.com.tr\/wp-content\/uploads\/2025\/10\/5-2-scaled.jpg 1707w\" sizes=\"auto, (max-width: 200px) 100vw, 200px\" \/><\/p>\n<hr data-start=\"714\" data-end=\"717\" \/>\n<p data-start=\"674\" data-end=\"700\"><strong data-start=\"681\" data-end=\"698\">Easy to Clean<\/strong><\/p>\n<p data-start=\"701\" data-end=\"834\" data-is-last-node=\"\" data-is-only-node=\"\">The smooth cast iron surface allows quick and effortless cleaning. Helps maintain hygiene standards while saving time in the kitchen.<\/p>\n<p><img loading=\"lazy\" decoding=\"async\" class=\"alignnone size-medium wp-image-11425\" src=\"https:\/\/cancan.com.tr\/wp-content\/uploads\/2025\/10\/4-2-200x300.jpg\" alt=\"\" width=\"200\" height=\"300\" srcset=\"https:\/\/cancan.com.tr\/wp-content\/uploads\/2025\/10\/4-2-200x300.jpg 200w, https:\/\/cancan.com.tr\/wp-content\/uploads\/2025\/10\/4-2-scaled-1200x1800.jpg 1200w, https:\/\/cancan.com.tr\/wp-content\/uploads\/2025\/10\/4-2-683x1024.jpg 683w, https:\/\/cancan.com.tr\/wp-content\/uploads\/2025\/10\/4-2-768x1152.jpg 768w, https:\/\/cancan.com.tr\/wp-content\/uploads\/2025\/10\/4-2-1024x1536.jpg 1024w, https:\/\/cancan.com.tr\/wp-content\/uploads\/2025\/10\/4-2-1365x2048.jpg 1365w, https:\/\/cancan.com.tr\/wp-content\/uploads\/2025\/10\/4-2-scaled.jpg 1707w\" sizes=\"auto, (max-width: 200px) 100vw, 200px\" \/><\/p>","protected":false},"excerpt":{"rendered":"<h2><span style=\"color: #fa0014;\">1709 Iron Steak Weight\u00a0<\/span><\/h2>\n<p>The Iron Steak Weight flattens meat in a single motion, ensuring fast caramelization and even cooking. Its solid cast iron body retains heat exceptionally well, delivering consistent results in both professional kitchens and at home. The ergonomic handle provides a comfortable grip, while its durable structure guarantees long-lasting performance. With an easy-to-clean surface, it streamlines your kitchen workflow and elevates your grilling and steak-searing experience.<\/p>\n","protected":false},"featured_media":11422,"comment_status":"open","ping_status":"closed","template":"","meta":[],"product_cat":[247,248,249,15,171,200,179],"product_tag":[],"class_list":["post-11436","product","type-product","status-publish","has-post-thumbnail","hentry","product_cat-restoranlar","product_cat-oteller","product_cat-yerel-isletmeler","product_cat-tum-urunler","product_cat-hazirlik-ekipmanlari","product_cat-yedek-parca-ve-aksesuarlar","product_cat-yeni-kategori"],"acf":[],"yoast_head":"<!-- This site is optimized with the Yoast SEO plugin v27.0 - https:\/\/yoast.com\/product\/yoast-seo-wordpress\/ -->\n<title>1709 Iron Steak Weight - Cancan Meyve Presleri<\/title>\n<meta name=\"robots\" content=\"index, follow, max-snippet:-1, max-image-preview:large, max-video-preview:-1\" \/>\n<link rel=\"canonical\" href=\"https:\/\/cancan.com.tr\/tum-urunler\/1709-dokum-biftek-agirligi\/\" \/>\n<meta property=\"og:locale\" content=\"en_US\" \/>\n<meta property=\"og:type\" content=\"article\" \/>\n<meta property=\"og:title\" content=\"[:tr]1709 D\u00f6k\u00fcm Biftek A\u011f\u0131rl\u0131\u011f\u0131[:en]1709 Iron Steak Weight[:] - Cancan Meyve Presleri\" \/>\n<meta property=\"og:description\" content=\"[:tr]1709 D\u00f6k\u00fcm Biftek A\u011f\u0131rl\u0131\u011f\u0131 D\u00f6k\u00fcm Biftek A\u011f\u0131rl\u0131\u011f\u0131, eti tek bir hareketle d\u00fczle\u015ftirerek h\u0131zl\u0131 karamelizasyon ve e\u015fit pi\u015firme sa\u011flar. Sa\u011flam d\u00f6kme demir g\u00f6vdesi \u0131s\u0131y\u0131 m\u00fckemmel \u015fekilde tutar, profesyonel mutfaklarda ve evde tutarl\u0131 sonu\u00e7lar sunar. Ergonomik sap\u0131 rahat bir tutu\u015f sa\u011flarken, dayan\u0131kl\u0131 yap\u0131s\u0131 uzun \u00f6m\u00fcrl\u00fc kullan\u0131m garantiler. Kolay temizlenebilir y\u00fczeyi sayesinde mutfaktaki i\u015f ak\u0131\u015f\u0131n\u0131z\u0131 h\u0131zland\u0131r\u0131r ve \u0131zgara ile steak pi\u015firme deneyiminizi bir \u00fcst seviyeye ta\u015f\u0131r.[:en]1709 Iron Steak Weight\u00a0 The Iron Steak Weight flattens meat in a single motion, ensuring fast caramelization and even cooking. Its solid cast iron body retains heat exceptionally well, delivering consistent results in both professional kitchens and at home. The ergonomic handle provides a comfortable grip, while its durable structure guarantees long-lasting performance. With an easy-to-clean surface, it streamlines your kitchen workflow and elevates your grilling and steak-searing experience.[:]\" \/>\n<meta property=\"og:url\" content=\"https:\/\/cancan.com.tr\/tum-urunler\/1709-dokum-biftek-agirligi\/\" \/>\n<meta property=\"og:site_name\" content=\"Cancan Meyve Presleri\" \/>\n<meta property=\"article:modified_time\" content=\"2025-10-13T10:13:48+00:00\" \/>\n<meta property=\"og:image\" content=\"https:\/\/cancan.com.tr\/wp-content\/uploads\/2025\/10\/1-3-scaled.jpg\" \/>\n\t<meta property=\"og:image:width\" content=\"1707\" \/>\n\t<meta property=\"og:image:height\" content=\"2560\" \/>\n\t<meta property=\"og:image:type\" content=\"image\/jpeg\" \/>\n<meta name=\"twitter:card\" content=\"summary_large_image\" \/>\n<meta name=\"twitter:label1\" content=\"Est. reading time\" \/>\n\t<meta name=\"twitter:data1\" content=\"1 minute\" \/>\n<script type=\"application\/ld+json\" class=\"yoast-schema-graph\">{\"@context\":\"https:\/\/schema.org\",\"@graph\":[{\"@type\":\"WebPage\",\"@id\":\"https:\/\/cancan.com.tr\/tum-urunler\/1709-dokum-biftek-agirligi\/\",\"url\":\"https:\/\/cancan.com.tr\/tum-urunler\/1709-dokum-biftek-agirligi\/\",\"name\":\"[:tr]1709 D\u00f6k\u00fcm Biftek A\u011f\u0131rl\u0131\u011f\u0131[:en]1709 Iron Steak Weight[:] - Cancan Meyve Presleri\",\"isPartOf\":{\"@id\":\"https:\/\/cancan.com.tr\/#website\"},\"primaryImageOfPage\":{\"@id\":\"https:\/\/cancan.com.tr\/tum-urunler\/1709-dokum-biftek-agirligi\/#primaryimage\"},\"image\":{\"@id\":\"https:\/\/cancan.com.tr\/tum-urunler\/1709-dokum-biftek-agirligi\/#primaryimage\"},\"thumbnailUrl\":\"https:\/\/cancan.com.tr\/wp-content\/uploads\/2025\/10\/1-3-scaled.jpg\",\"datePublished\":\"2025-10-13T10:10:14+00:00\",\"dateModified\":\"2025-10-13T10:13:48+00:00\",\"breadcrumb\":{\"@id\":\"https:\/\/cancan.com.tr\/tum-urunler\/1709-dokum-biftek-agirligi\/#breadcrumb\"},\"inLanguage\":\"en-US\",\"potentialAction\":[{\"@type\":\"ReadAction\",\"target\":[\"https:\/\/cancan.com.tr\/tum-urunler\/1709-dokum-biftek-agirligi\/\"]}]},{\"@type\":\"ImageObject\",\"inLanguage\":\"en-US\",\"@id\":\"https:\/\/cancan.com.tr\/tum-urunler\/1709-dokum-biftek-agirligi\/#primaryimage\",\"url\":\"https:\/\/cancan.com.tr\/wp-content\/uploads\/2025\/10\/1-3-scaled.jpg\",\"contentUrl\":\"https:\/\/cancan.com.tr\/wp-content\/uploads\/2025\/10\/1-3-scaled.jpg\",\"width\":1707,\"height\":2560},{\"@type\":\"BreadcrumbList\",\"@id\":\"https:\/\/cancan.com.tr\/tum-urunler\/1709-dokum-biftek-agirligi\/#breadcrumb\",\"itemListElement\":[{\"@type\":\"ListItem\",\"position\":1,\"name\":\"Anasayfa\",\"item\":\"https:\/\/cancan.com.tr\/\"},{\"@type\":\"ListItem\",\"position\":2,\"name\":\"Products\",\"item\":\"https:\/\/cancan.com.tr\/en\/products-2\/\"},{\"@type\":\"ListItem\",\"position\":3,\"name\":\"1709 D\u00f6k\u00fcm Biftek A\u011f\u0131rl\u0131\u011f\u0131\"}]},{\"@type\":\"WebSite\",\"@id\":\"https:\/\/cancan.com.tr\/#website\",\"url\":\"https:\/\/cancan.com.tr\/\",\"name\":\"Cancan Meyve Presleri\",\"description\":\"www.cancan.com.tr\",\"publisher\":{\"@id\":\"https:\/\/cancan.com.tr\/#organization\"},\"potentialAction\":[{\"@type\":\"SearchAction\",\"target\":{\"@type\":\"EntryPoint\",\"urlTemplate\":\"https:\/\/cancan.com.tr\/?s={search_term_string}\"},\"query-input\":{\"@type\":\"PropertyValueSpecification\",\"valueRequired\":true,\"valueName\":\"search_term_string\"}}],\"inLanguage\":\"en-US\"},{\"@type\":\"Organization\",\"@id\":\"https:\/\/cancan.com.tr\/#organization\",\"name\":\"Cancan Meyve Presleri\",\"url\":\"https:\/\/cancan.com.tr\/\",\"logo\":{\"@type\":\"ImageObject\",\"inLanguage\":\"en-US\",\"@id\":\"https:\/\/cancan.com.tr\/#\/schema\/logo\/image\/\",\"url\":\"https:\/\/cancan.com.tr\/wp-content\/uploads\/2026\/03\/CancanLogo.png\",\"contentUrl\":\"https:\/\/cancan.com.tr\/wp-content\/uploads\/2026\/03\/CancanLogo.png\",\"width\":362,\"height\":67,\"caption\":\"Cancan Meyve Presleri\"},\"image\":{\"@id\":\"https:\/\/cancan.com.tr\/#\/schema\/logo\/image\/\"}}]}<\/script>\n<!-- \/ Yoast SEO plugin. -->","yoast_head_json":{"title":"[:tr]1709 D\u00f6k\u00fcm Biftek A\u011f\u0131rl\u0131\u011f\u0131[:en]1709 Iron Steak Weight[:] - Cancan Meyve Presleri","robots":{"index":"index","follow":"follow","max-snippet":"max-snippet:-1","max-image-preview":"max-image-preview:large","max-video-preview":"max-video-preview:-1"},"canonical":"https:\/\/cancan.com.tr\/tum-urunler\/1709-dokum-biftek-agirligi\/","og_locale":"en_US","og_type":"article","og_title":"[:tr]1709 D\u00f6k\u00fcm Biftek A\u011f\u0131rl\u0131\u011f\u0131[:en]1709 Iron Steak Weight[:] - Cancan Meyve Presleri","og_description":"[:tr]1709 D\u00f6k\u00fcm Biftek A\u011f\u0131rl\u0131\u011f\u0131 D\u00f6k\u00fcm Biftek A\u011f\u0131rl\u0131\u011f\u0131, eti tek bir hareketle d\u00fczle\u015ftirerek h\u0131zl\u0131 karamelizasyon ve e\u015fit pi\u015firme sa\u011flar. Sa\u011flam d\u00f6kme demir g\u00f6vdesi \u0131s\u0131y\u0131 m\u00fckemmel \u015fekilde tutar, profesyonel mutfaklarda ve evde tutarl\u0131 sonu\u00e7lar sunar. Ergonomik sap\u0131 rahat bir tutu\u015f sa\u011flarken, dayan\u0131kl\u0131 yap\u0131s\u0131 uzun \u00f6m\u00fcrl\u00fc kullan\u0131m garantiler. Kolay temizlenebilir y\u00fczeyi sayesinde mutfaktaki i\u015f ak\u0131\u015f\u0131n\u0131z\u0131 h\u0131zland\u0131r\u0131r ve \u0131zgara ile steak pi\u015firme deneyiminizi bir \u00fcst seviyeye ta\u015f\u0131r.[:en]1709 Iron Steak Weight\u00a0 The Iron Steak Weight flattens meat in a single motion, ensuring fast caramelization and even cooking. Its solid cast iron body retains heat exceptionally well, delivering consistent results in both professional kitchens and at home. The ergonomic handle provides a comfortable grip, while its durable structure guarantees long-lasting performance. With an easy-to-clean surface, it streamlines your kitchen workflow and elevates your grilling and steak-searing experience.[:]","og_url":"https:\/\/cancan.com.tr\/tum-urunler\/1709-dokum-biftek-agirligi\/","og_site_name":"Cancan Meyve Presleri","article_modified_time":"2025-10-13T10:13:48+00:00","og_image":[{"width":1707,"height":2560,"url":"https:\/\/cancan.com.tr\/wp-content\/uploads\/2025\/10\/1-3-scaled.jpg","type":"image\/jpeg"}],"twitter_card":"summary_large_image","twitter_misc":{"Est. reading time":"1 minute"},"schema":{"@context":"https:\/\/schema.org","@graph":[{"@type":"WebPage","@id":"https:\/\/cancan.com.tr\/tum-urunler\/1709-dokum-biftek-agirligi\/","url":"https:\/\/cancan.com.tr\/tum-urunler\/1709-dokum-biftek-agirligi\/","name":"[:tr]1709 D\u00f6k\u00fcm Biftek A\u011f\u0131rl\u0131\u011f\u0131[:en]1709 Iron Steak Weight[:] - Cancan Meyve Presleri","isPartOf":{"@id":"https:\/\/cancan.com.tr\/#website"},"primaryImageOfPage":{"@id":"https:\/\/cancan.com.tr\/tum-urunler\/1709-dokum-biftek-agirligi\/#primaryimage"},"image":{"@id":"https:\/\/cancan.com.tr\/tum-urunler\/1709-dokum-biftek-agirligi\/#primaryimage"},"thumbnailUrl":"https:\/\/cancan.com.tr\/wp-content\/uploads\/2025\/10\/1-3-scaled.jpg","datePublished":"2025-10-13T10:10:14+00:00","dateModified":"2025-10-13T10:13:48+00:00","breadcrumb":{"@id":"https:\/\/cancan.com.tr\/tum-urunler\/1709-dokum-biftek-agirligi\/#breadcrumb"},"inLanguage":"en-US","potentialAction":[{"@type":"ReadAction","target":["https:\/\/cancan.com.tr\/tum-urunler\/1709-dokum-biftek-agirligi\/"]}]},{"@type":"ImageObject","inLanguage":"en-US","@id":"https:\/\/cancan.com.tr\/tum-urunler\/1709-dokum-biftek-agirligi\/#primaryimage","url":"https:\/\/cancan.com.tr\/wp-content\/uploads\/2025\/10\/1-3-scaled.jpg","contentUrl":"https:\/\/cancan.com.tr\/wp-content\/uploads\/2025\/10\/1-3-scaled.jpg","width":1707,"height":2560},{"@type":"BreadcrumbList","@id":"https:\/\/cancan.com.tr\/tum-urunler\/1709-dokum-biftek-agirligi\/#breadcrumb","itemListElement":[{"@type":"ListItem","position":1,"name":"Anasayfa","item":"https:\/\/cancan.com.tr\/"},{"@type":"ListItem","position":2,"name":"Products","item":"https:\/\/cancan.com.tr\/en\/products-2\/"},{"@type":"ListItem","position":3,"name":"1709 D\u00f6k\u00fcm Biftek A\u011f\u0131rl\u0131\u011f\u0131"}]},{"@type":"WebSite","@id":"https:\/\/cancan.com.tr\/#website","url":"https:\/\/cancan.com.tr\/","name":"Cancan Meyve Presleri","description":"www.cancan.com.tr","publisher":{"@id":"https:\/\/cancan.com.tr\/#organization"},"potentialAction":[{"@type":"SearchAction","target":{"@type":"EntryPoint","urlTemplate":"https:\/\/cancan.com.tr\/?s={search_term_string}"},"query-input":{"@type":"PropertyValueSpecification","valueRequired":true,"valueName":"search_term_string"}}],"inLanguage":"en-US"},{"@type":"Organization","@id":"https:\/\/cancan.com.tr\/#organization","name":"Cancan Meyve Presleri","url":"https:\/\/cancan.com.tr\/","logo":{"@type":"ImageObject","inLanguage":"en-US","@id":"https:\/\/cancan.com.tr\/#\/schema\/logo\/image\/","url":"https:\/\/cancan.com.tr\/wp-content\/uploads\/2026\/03\/CancanLogo.png","contentUrl":"https:\/\/cancan.com.tr\/wp-content\/uploads\/2026\/03\/CancanLogo.png","width":362,"height":67,"caption":"Cancan Meyve Presleri"},"image":{"@id":"https:\/\/cancan.com.tr\/#\/schema\/logo\/image\/"}}]}},"_links":{"self":[{"href":"https:\/\/cancan.com.tr\/en\/wp-json\/wp\/v2\/product\/11436","targetHints":{"allow":["GET"]}}],"collection":[{"href":"https:\/\/cancan.com.tr\/en\/wp-json\/wp\/v2\/product"}],"about":[{"href":"https:\/\/cancan.com.tr\/en\/wp-json\/wp\/v2\/types\/product"}],"replies":[{"embeddable":true,"href":"https:\/\/cancan.com.tr\/en\/wp-json\/wp\/v2\/comments?post=11436"}],"wp:featuredmedia":[{"embeddable":true,"href":"https:\/\/cancan.com.tr\/en\/wp-json\/wp\/v2\/media\/11422"}],"wp:attachment":[{"href":"https:\/\/cancan.com.tr\/en\/wp-json\/wp\/v2\/media?parent=11436"}],"wp:term":[{"taxonomy":"product_cat","embeddable":true,"href":"https:\/\/cancan.com.tr\/en\/wp-json\/wp\/v2\/product_cat?post=11436"},{"taxonomy":"product_tag","embeddable":true,"href":"https:\/\/cancan.com.tr\/en\/wp-json\/wp\/v2\/product_tag?post=11436"}],"curies":[{"name":"wp","href":"https:\/\/api.w.org\/{rel}","templated":true}]}}