{"id":11409,"date":"2025-10-13T11:58:19","date_gmt":"2025-10-13T08:58:19","guid":{"rendered":"https:\/\/cancan.com.tr\/?post_type=product&#038;p=11409"},"modified":"2025-10-13T12:04:27","modified_gmt":"2025-10-13T09:04:27","slug":"1706-smash-burger-ezici-dairesel","status":"publish","type":"product","link":"https:\/\/cancan.com.tr\/en\/all-products\/1706-smash-burger-press-circular\/","title":{"rendered":"1706 Smash Burger Press (Circular)"},"content":{"rendered":"<p><\/p>\n<p data-start=\"133\" data-end=\"167\"><strong data-start=\"80\" data-end=\"104\">Stainless Steel Base<br \/>\n<\/strong><br data-start=\"104\" data-end=\"107\" \/>Its durable stainless steel base ensures long-lasting and hygienic use. With its heat-resistant structure, it can be safely used in professional kitchens.<\/p>\n<p><img loading=\"lazy\" decoding=\"async\" class=\"alignnone size-medium wp-image-11413\" src=\"https:\/\/cancan.com.tr\/wp-content\/uploads\/2025\/10\/4-1-300x200.jpg\" alt=\"\" width=\"300\" height=\"200\" srcset=\"https:\/\/cancan.com.tr\/wp-content\/uploads\/2025\/10\/4-1-300x200.jpg 300w, https:\/\/cancan.com.tr\/wp-content\/uploads\/2025\/10\/4-1-scaled-1200x800.jpg 1200w, https:\/\/cancan.com.tr\/wp-content\/uploads\/2025\/10\/4-1-1024x683.jpg 1024w, https:\/\/cancan.com.tr\/wp-content\/uploads\/2025\/10\/4-1-768x512.jpg 768w, https:\/\/cancan.com.tr\/wp-content\/uploads\/2025\/10\/4-1-1536x1024.jpg 1536w, https:\/\/cancan.com.tr\/wp-content\/uploads\/2025\/10\/4-1-2048x1365.jpg 2048w\" sizes=\"auto, (max-width: 300px) 100vw, 300px\" \/><\/p>\n<hr \/>\n<p data-start=\"344\" data-end=\"377\"><strong data-start=\"273\" data-end=\"293\">Ergonomic Handle<br \/>\n<\/strong><br data-start=\"293\" data-end=\"296\" \/>The wooden or metal handle provides a comfortable grip for effortless use. Minimizes hand fatigue even during intense kitchen operations.<\/p>\n<p><img loading=\"lazy\" decoding=\"async\" class=\"alignnone size-medium wp-image-11414\" src=\"https:\/\/cancan.com.tr\/wp-content\/uploads\/2025\/10\/5-1-300x200.jpg\" alt=\"\" width=\"300\" height=\"200\" srcset=\"https:\/\/cancan.com.tr\/wp-content\/uploads\/2025\/10\/5-1-300x200.jpg 300w, https:\/\/cancan.com.tr\/wp-content\/uploads\/2025\/10\/5-1-scaled-1200x800.jpg 1200w, https:\/\/cancan.com.tr\/wp-content\/uploads\/2025\/10\/5-1-1024x683.jpg 1024w, https:\/\/cancan.com.tr\/wp-content\/uploads\/2025\/10\/5-1-768x512.jpg 768w, https:\/\/cancan.com.tr\/wp-content\/uploads\/2025\/10\/5-1-1536x1024.jpg 1536w, https:\/\/cancan.com.tr\/wp-content\/uploads\/2025\/10\/5-1-2048x1365.jpg 2048w\" sizes=\"auto, (max-width: 300px) 100vw, 300px\" \/><\/p>\n<hr \/>\n<p data-start=\"532\" data-end=\"566\"><strong data-start=\"445\" data-end=\"471\">Circular Press Surface<br \/>\n<\/strong><br data-start=\"471\" data-end=\"474\" \/>Its circular surface applies even pressure, flattening burger patties in a single motion. Ensures perfect caramelization and uniform cooking results every time.<\/p>\n<p><img loading=\"lazy\" decoding=\"async\" class=\"alignnone size-medium wp-image-11410\" src=\"https:\/\/cancan.com.tr\/wp-content\/uploads\/2025\/10\/1-1-300x200.jpg\" alt=\"\" width=\"300\" height=\"200\" srcset=\"https:\/\/cancan.com.tr\/wp-content\/uploads\/2025\/10\/1-1-300x200.jpg 300w, https:\/\/cancan.com.tr\/wp-content\/uploads\/2025\/10\/1-1-scaled-1200x800.jpg 1200w, https:\/\/cancan.com.tr\/wp-content\/uploads\/2025\/10\/1-1-1024x683.jpg 1024w, https:\/\/cancan.com.tr\/wp-content\/uploads\/2025\/10\/1-1-768x512.jpg 768w, https:\/\/cancan.com.tr\/wp-content\/uploads\/2025\/10\/1-1-1536x1024.jpg 1536w, https:\/\/cancan.com.tr\/wp-content\/uploads\/2025\/10\/1-1-2048x1365.jpg 2048w\" sizes=\"auto, (max-width: 300px) 100vw, 300px\" \/><\/p>\n<hr \/>\n<p data-start=\"734\" data-end=\"762\"><strong data-start=\"646\" data-end=\"663\">Easy Cleaning<br \/>\n<\/strong><br data-start=\"663\" data-end=\"666\" \/>The smooth surface allows quick and effortless cleaning. Maintains hygiene standards while saving valuable time in the kitchen.<\/p>\n<p data-start=\"1086\" data-end=\"1220\"><img loading=\"lazy\" decoding=\"async\" class=\"alignnone size-medium wp-image-11415\" src=\"https:\/\/cancan.com.tr\/wp-content\/uploads\/2025\/10\/6-1-300x200.jpg\" alt=\"\" width=\"300\" height=\"200\" srcset=\"https:\/\/cancan.com.tr\/wp-content\/uploads\/2025\/10\/6-1-300x200.jpg 300w, https:\/\/cancan.com.tr\/wp-content\/uploads\/2025\/10\/6-1-scaled-1200x800.jpg 1200w, https:\/\/cancan.com.tr\/wp-content\/uploads\/2025\/10\/6-1-1024x683.jpg 1024w, https:\/\/cancan.com.tr\/wp-content\/uploads\/2025\/10\/6-1-768x512.jpg 768w, https:\/\/cancan.com.tr\/wp-content\/uploads\/2025\/10\/6-1-1536x1024.jpg 1536w, https:\/\/cancan.com.tr\/wp-content\/uploads\/2025\/10\/6-1-2048x1365.jpg 2048w\" sizes=\"auto, (max-width: 300px) 100vw, 300px\" \/><\/p>\n<p><\/p>","protected":false},"excerpt":{"rendered":"<h2><span style=\"color: #fa0014;\">1706 Smash Burger Press (Circular)\u00a0<\/span><\/h2>\n<p>The Smash Burger Press allows you to press burger patties in one swift motion, ensuring rapid caramelization and even cooking. Offered with 12 cm, 14 cm, and 16 cm diameter options, its stainless steel base and ergonomic handle deliver consistent results in both professional kitchens and home chef environments. Its sturdy body, heat-resistant structure, and easy-to-clean surface make kitchen workflows more efficient.<\/p>\n","protected":false},"featured_media":11411,"comment_status":"open","ping_status":"closed","template":"","meta":[],"product_cat":[248,247,249,15,171,200,179],"product_tag":[],"class_list":["post-11409","product","type-product","status-publish","has-post-thumbnail","hentry","product_cat-oteller","product_cat-restoranlar","product_cat-yerel-isletmeler","product_cat-tum-urunler","product_cat-hazirlik-ekipmanlari","product_cat-yedek-parca-ve-aksesuarlar","product_cat-yeni-kategori"],"acf":[],"yoast_head":"<!-- This site is optimized with the Yoast SEO plugin v27.0 - https:\/\/yoast.com\/product\/yoast-seo-wordpress\/ -->\n<title>1706 Smash Burger Press (Circular) - Cancan Meyve Presleri<\/title>\n<meta name=\"robots\" content=\"index, follow, max-snippet:-1, max-image-preview:large, max-video-preview:-1\" \/>\n<link rel=\"canonical\" href=\"https:\/\/cancan.com.tr\/tum-urunler\/1706-smash-burger-ezici-dairesel\/\" \/>\n<meta property=\"og:locale\" content=\"en_US\" \/>\n<meta property=\"og:type\" content=\"article\" \/>\n<meta property=\"og:title\" content=\"[:tr]1706 Smash Burger Ezici (Dairesel)[:en]1706 Smash Burger Press (Circular)[:] - Cancan Meyve Presleri\" \/>\n<meta property=\"og:description\" content=\"[:tr]1706 Smash Burger Ezici (Dairesel) Smash Burger Ezici, burger k\u00f6ftelerini tek hamlede bast\u0131rarak h\u0131zl\u0131 karamelizasyon ve e\u015fit pi\u015fme sa\u011flar. 12 cm, 14 cm ve 16 cm \u00e7ap se\u00e7enekleriyle sunulan paslanmaz \u00e7elik taban\u0131 ve ergonomik ah\u015fap sap\u0131, hem profesyonel mutfaklarda hem de ev \u015feflerinde tutarl\u0131 sonu\u00e7lar sa\u011flar. Sa\u011flam g\u00f6vdesi, \u0131s\u0131ya dayan\u0131kl\u0131 yap\u0131s\u0131 ve kolay temizlenebilir y\u00fczeyiyle mutfak i\u015f ak\u0131\u015f\u0131n\u0131 verimli k\u0131lar.[:en]1706 Smash Burger Press (Circular)\u00a0 The Smash Burger Press allows you to press burger patties in one swift motion, ensuring rapid caramelization and even cooking. Offered with 12 cm, 14 cm, and 16 cm diameter options, its stainless steel base and ergonomic handle deliver consistent results in both professional kitchens and home chef environments. Its sturdy body, heat-resistant structure, and easy-to-clean surface make kitchen workflows more efficient.[:]\" \/>\n<meta property=\"og:url\" content=\"https:\/\/cancan.com.tr\/tum-urunler\/1706-smash-burger-ezici-dairesel\/\" \/>\n<meta property=\"og:site_name\" content=\"Cancan Meyve Presleri\" \/>\n<meta property=\"article:modified_time\" content=\"2025-10-13T09:04:27+00:00\" \/>\n<meta property=\"og:image\" content=\"https:\/\/cancan.com.tr\/wp-content\/uploads\/2025\/10\/2-1-scaled.jpg\" \/>\n\t<meta property=\"og:image:width\" content=\"2560\" \/>\n\t<meta property=\"og:image:height\" content=\"1707\" \/>\n\t<meta property=\"og:image:type\" content=\"image\/jpeg\" \/>\n<meta name=\"twitter:card\" content=\"summary_large_image\" \/>\n<meta name=\"twitter:label1\" content=\"Est. reading time\" \/>\n\t<meta name=\"twitter:data1\" content=\"1 minute\" \/>\n<script type=\"application\/ld+json\" class=\"yoast-schema-graph\">{\"@context\":\"https:\/\/schema.org\",\"@graph\":[{\"@type\":\"WebPage\",\"@id\":\"https:\/\/cancan.com.tr\/tum-urunler\/1706-smash-burger-ezici-dairesel\/\",\"url\":\"https:\/\/cancan.com.tr\/tum-urunler\/1706-smash-burger-ezici-dairesel\/\",\"name\":\"[:tr]1706 Smash Burger Ezici (Dairesel)[:en]1706 Smash Burger Press (Circular)[:] - Cancan Meyve Presleri\",\"isPartOf\":{\"@id\":\"https:\/\/cancan.com.tr\/#website\"},\"primaryImageOfPage\":{\"@id\":\"https:\/\/cancan.com.tr\/tum-urunler\/1706-smash-burger-ezici-dairesel\/#primaryimage\"},\"image\":{\"@id\":\"https:\/\/cancan.com.tr\/tum-urunler\/1706-smash-burger-ezici-dairesel\/#primaryimage\"},\"thumbnailUrl\":\"https:\/\/cancan.com.tr\/wp-content\/uploads\/2025\/10\/2-1-scaled.jpg\",\"datePublished\":\"2025-10-13T08:58:19+00:00\",\"dateModified\":\"2025-10-13T09:04:27+00:00\",\"breadcrumb\":{\"@id\":\"https:\/\/cancan.com.tr\/tum-urunler\/1706-smash-burger-ezici-dairesel\/#breadcrumb\"},\"inLanguage\":\"en-US\",\"potentialAction\":[{\"@type\":\"ReadAction\",\"target\":[\"https:\/\/cancan.com.tr\/tum-urunler\/1706-smash-burger-ezici-dairesel\/\"]}]},{\"@type\":\"ImageObject\",\"inLanguage\":\"en-US\",\"@id\":\"https:\/\/cancan.com.tr\/tum-urunler\/1706-smash-burger-ezici-dairesel\/#primaryimage\",\"url\":\"https:\/\/cancan.com.tr\/wp-content\/uploads\/2025\/10\/2-1-scaled.jpg\",\"contentUrl\":\"https:\/\/cancan.com.tr\/wp-content\/uploads\/2025\/10\/2-1-scaled.jpg\",\"width\":2560,\"height\":1707},{\"@type\":\"BreadcrumbList\",\"@id\":\"https:\/\/cancan.com.tr\/tum-urunler\/1706-smash-burger-ezici-dairesel\/#breadcrumb\",\"itemListElement\":[{\"@type\":\"ListItem\",\"position\":1,\"name\":\"Anasayfa\",\"item\":\"https:\/\/cancan.com.tr\/\"},{\"@type\":\"ListItem\",\"position\":2,\"name\":\"Products\",\"item\":\"https:\/\/cancan.com.tr\/en\/products-2\/\"},{\"@type\":\"ListItem\",\"position\":3,\"name\":\"1706 Smash Burger Ezici (Dairesel)\"}]},{\"@type\":\"WebSite\",\"@id\":\"https:\/\/cancan.com.tr\/#website\",\"url\":\"https:\/\/cancan.com.tr\/\",\"name\":\"Cancan Meyve Presleri\",\"description\":\"www.cancan.com.tr\",\"publisher\":{\"@id\":\"https:\/\/cancan.com.tr\/#organization\"},\"potentialAction\":[{\"@type\":\"SearchAction\",\"target\":{\"@type\":\"EntryPoint\",\"urlTemplate\":\"https:\/\/cancan.com.tr\/?s={search_term_string}\"},\"query-input\":{\"@type\":\"PropertyValueSpecification\",\"valueRequired\":true,\"valueName\":\"search_term_string\"}}],\"inLanguage\":\"en-US\"},{\"@type\":\"Organization\",\"@id\":\"https:\/\/cancan.com.tr\/#organization\",\"name\":\"Cancan Meyve Presleri\",\"url\":\"https:\/\/cancan.com.tr\/\",\"logo\":{\"@type\":\"ImageObject\",\"inLanguage\":\"en-US\",\"@id\":\"https:\/\/cancan.com.tr\/#\/schema\/logo\/image\/\",\"url\":\"https:\/\/cancan.com.tr\/wp-content\/uploads\/2026\/03\/CancanLogo.png\",\"contentUrl\":\"https:\/\/cancan.com.tr\/wp-content\/uploads\/2026\/03\/CancanLogo.png\",\"width\":362,\"height\":67,\"caption\":\"Cancan Meyve Presleri\"},\"image\":{\"@id\":\"https:\/\/cancan.com.tr\/#\/schema\/logo\/image\/\"}}]}<\/script>\n<!-- \/ Yoast SEO plugin. -->","yoast_head_json":{"title":"[:tr]1706 Smash Burger Ezici (Dairesel)[:en]1706 Smash Burger Press (Circular)[:] - Cancan Meyve Presleri","robots":{"index":"index","follow":"follow","max-snippet":"max-snippet:-1","max-image-preview":"max-image-preview:large","max-video-preview":"max-video-preview:-1"},"canonical":"https:\/\/cancan.com.tr\/tum-urunler\/1706-smash-burger-ezici-dairesel\/","og_locale":"en_US","og_type":"article","og_title":"[:tr]1706 Smash Burger Ezici (Dairesel)[:en]1706 Smash Burger Press (Circular)[:] - Cancan Meyve Presleri","og_description":"[:tr]1706 Smash Burger Ezici (Dairesel) Smash Burger Ezici, burger k\u00f6ftelerini tek hamlede bast\u0131rarak h\u0131zl\u0131 karamelizasyon ve e\u015fit pi\u015fme sa\u011flar. 12 cm, 14 cm ve 16 cm \u00e7ap se\u00e7enekleriyle sunulan paslanmaz \u00e7elik taban\u0131 ve ergonomik ah\u015fap sap\u0131, hem profesyonel mutfaklarda hem de ev \u015feflerinde tutarl\u0131 sonu\u00e7lar sa\u011flar. Sa\u011flam g\u00f6vdesi, \u0131s\u0131ya dayan\u0131kl\u0131 yap\u0131s\u0131 ve kolay temizlenebilir y\u00fczeyiyle mutfak i\u015f ak\u0131\u015f\u0131n\u0131 verimli k\u0131lar.[:en]1706 Smash Burger Press (Circular)\u00a0 The Smash Burger Press allows you to press burger patties in one swift motion, ensuring rapid caramelization and even cooking. Offered with 12 cm, 14 cm, and 16 cm diameter options, its stainless steel base and ergonomic handle deliver consistent results in both professional kitchens and home chef environments. Its sturdy body, heat-resistant structure, and easy-to-clean surface make kitchen workflows more efficient.[:]","og_url":"https:\/\/cancan.com.tr\/tum-urunler\/1706-smash-burger-ezici-dairesel\/","og_site_name":"Cancan Meyve Presleri","article_modified_time":"2025-10-13T09:04:27+00:00","og_image":[{"width":2560,"height":1707,"url":"https:\/\/cancan.com.tr\/wp-content\/uploads\/2025\/10\/2-1-scaled.jpg","type":"image\/jpeg"}],"twitter_card":"summary_large_image","twitter_misc":{"Est. reading time":"1 minute"},"schema":{"@context":"https:\/\/schema.org","@graph":[{"@type":"WebPage","@id":"https:\/\/cancan.com.tr\/tum-urunler\/1706-smash-burger-ezici-dairesel\/","url":"https:\/\/cancan.com.tr\/tum-urunler\/1706-smash-burger-ezici-dairesel\/","name":"[:tr]1706 Smash Burger Ezici (Dairesel)[:en]1706 Smash Burger Press (Circular)[:] - Cancan Meyve Presleri","isPartOf":{"@id":"https:\/\/cancan.com.tr\/#website"},"primaryImageOfPage":{"@id":"https:\/\/cancan.com.tr\/tum-urunler\/1706-smash-burger-ezici-dairesel\/#primaryimage"},"image":{"@id":"https:\/\/cancan.com.tr\/tum-urunler\/1706-smash-burger-ezici-dairesel\/#primaryimage"},"thumbnailUrl":"https:\/\/cancan.com.tr\/wp-content\/uploads\/2025\/10\/2-1-scaled.jpg","datePublished":"2025-10-13T08:58:19+00:00","dateModified":"2025-10-13T09:04:27+00:00","breadcrumb":{"@id":"https:\/\/cancan.com.tr\/tum-urunler\/1706-smash-burger-ezici-dairesel\/#breadcrumb"},"inLanguage":"en-US","potentialAction":[{"@type":"ReadAction","target":["https:\/\/cancan.com.tr\/tum-urunler\/1706-smash-burger-ezici-dairesel\/"]}]},{"@type":"ImageObject","inLanguage":"en-US","@id":"https:\/\/cancan.com.tr\/tum-urunler\/1706-smash-burger-ezici-dairesel\/#primaryimage","url":"https:\/\/cancan.com.tr\/wp-content\/uploads\/2025\/10\/2-1-scaled.jpg","contentUrl":"https:\/\/cancan.com.tr\/wp-content\/uploads\/2025\/10\/2-1-scaled.jpg","width":2560,"height":1707},{"@type":"BreadcrumbList","@id":"https:\/\/cancan.com.tr\/tum-urunler\/1706-smash-burger-ezici-dairesel\/#breadcrumb","itemListElement":[{"@type":"ListItem","position":1,"name":"Anasayfa","item":"https:\/\/cancan.com.tr\/"},{"@type":"ListItem","position":2,"name":"Products","item":"https:\/\/cancan.com.tr\/en\/products-2\/"},{"@type":"ListItem","position":3,"name":"1706 Smash Burger Ezici (Dairesel)"}]},{"@type":"WebSite","@id":"https:\/\/cancan.com.tr\/#website","url":"https:\/\/cancan.com.tr\/","name":"Cancan Meyve Presleri","description":"www.cancan.com.tr","publisher":{"@id":"https:\/\/cancan.com.tr\/#organization"},"potentialAction":[{"@type":"SearchAction","target":{"@type":"EntryPoint","urlTemplate":"https:\/\/cancan.com.tr\/?s={search_term_string}"},"query-input":{"@type":"PropertyValueSpecification","valueRequired":true,"valueName":"search_term_string"}}],"inLanguage":"en-US"},{"@type":"Organization","@id":"https:\/\/cancan.com.tr\/#organization","name":"Cancan Meyve Presleri","url":"https:\/\/cancan.com.tr\/","logo":{"@type":"ImageObject","inLanguage":"en-US","@id":"https:\/\/cancan.com.tr\/#\/schema\/logo\/image\/","url":"https:\/\/cancan.com.tr\/wp-content\/uploads\/2026\/03\/CancanLogo.png","contentUrl":"https:\/\/cancan.com.tr\/wp-content\/uploads\/2026\/03\/CancanLogo.png","width":362,"height":67,"caption":"Cancan Meyve Presleri"},"image":{"@id":"https:\/\/cancan.com.tr\/#\/schema\/logo\/image\/"}}]}},"_links":{"self":[{"href":"https:\/\/cancan.com.tr\/en\/wp-json\/wp\/v2\/product\/11409","targetHints":{"allow":["GET"]}}],"collection":[{"href":"https:\/\/cancan.com.tr\/en\/wp-json\/wp\/v2\/product"}],"about":[{"href":"https:\/\/cancan.com.tr\/en\/wp-json\/wp\/v2\/types\/product"}],"replies":[{"embeddable":true,"href":"https:\/\/cancan.com.tr\/en\/wp-json\/wp\/v2\/comments?post=11409"}],"wp:featuredmedia":[{"embeddable":true,"href":"https:\/\/cancan.com.tr\/en\/wp-json\/wp\/v2\/media\/11411"}],"wp:attachment":[{"href":"https:\/\/cancan.com.tr\/en\/wp-json\/wp\/v2\/media?parent=11409"}],"wp:term":[{"taxonomy":"product_cat","embeddable":true,"href":"https:\/\/cancan.com.tr\/en\/wp-json\/wp\/v2\/product_cat?post=11409"},{"taxonomy":"product_tag","embeddable":true,"href":"https:\/\/cancan.com.tr\/en\/wp-json\/wp\/v2\/product_tag?post=11409"}],"curies":[{"name":"wp","href":"https:\/\/api.w.org\/{rel}","templated":true}]}}