{"id":11182,"date":"2025-04-15T08:16:28","date_gmt":"2025-04-15T05:16:28","guid":{"rendered":"https:\/\/cancan.com.tr\/?post_type=product&#038;p=11182"},"modified":"2026-03-02T16:27:41","modified_gmt":"2026-03-02T13:27:41","slug":"1319-cicek-sogan-makinesi","status":"publish","type":"product","link":"https:\/\/cancan.com.tr\/en\/all-products\/1318-vertical-tomato-slicer-2\/","title":{"rendered":"1319 Onion Flowering Cutter"},"content":{"rendered":"<section class=\"wpb-content-wrapper\"><p>[vc_row full_width=&#8221;stretch_row&#8221; css=&#8221;.vc_custom_1699072235309{margin-top: 0px !important;border-bottom-width: 0px !important;}&#8221; el_class=&#8221;DocPageTitle&#8221;][vc_column]<section class=\"page-title page-title-center \">\n\t\t\t\t\t\t\t<div class=\"container\"><div class=\"row\"><div class=\"col-sm-12 text-center\">\n\t\t\t\t\t        \t<h1 class=\"heading-title mb0\">\u00c7i\u00e7ek So\u011fan Makinesi K\u0131lavuzu ve Yedek Par\u00e7alar\u0131<\/h1>\n\t\t\t\t\t        \t<p class=\"lead fade-color mb0\"><\/p>\n\t\t\t\t\t\t\t<\/div><\/div><\/div><ol class=\"breadcrumb breadcrumb-style\"><li><a href=\"https:\/\/cancan.com.tr\/en\/\" class=\"home-link\" rel=\"home\">Home<\/a><\/li><li class=\"active\"><a href=\"https:\/\/cancan.com.tr\/en\/products-2\/\">Shop<\/a><\/li><li class=\"active\">1319 Onion Flowering Cutter<\/li><\/ol><\/section>[\/vc_column][\/vc_row][vc_row css=&#8221;.vc_custom_1699076235757{margin-top: 0px !important;margin-bottom: 0px !important;padding-top: 0px !important;padding-bottom: 0px !important;}&#8221; el_class=&#8221;DocPRoDetail&#8221;][vc_column width=&#8221;5\/12&#8243;][vc_single_image image=&#8221;11144&#8243;][\/vc_column][vc_column width=&#8221;7\/12&#8243; css=&#8221;.vc_custom_1699073859308{padding-top: 60px !important;}&#8221;][vc_column_text]<\/p>\n<h3>Documents<\/h3>\n<p>[\/vc_column_text]<div class=\"\"><a  id=\"btn-69f2eb29a956c\" class=\"btn btn-block ti-download  btn-sm-sm\" href= \"https:\/\/cancan.com.tr\/wp-content\/uploads\/2024\/08\/1318-Dikey-Domates-Dilimleme-Makinesi-KK.pdf\" target='_blank' >User Manual<\/a><\/div><div class=\"\"><a  id=\"btn-69f2eb29a959b\" class=\"btn btn-block ti-download  btn-sm-sm\" href= \"https:\/\/cancan.com.tr\/wp-content\/uploads\/2023\/12\/1318-dikey-domates-CE.pdf\" target='_blank' >CE<\/a><\/div>[\/vc_column][\/vc_row][vc_row full_width=&#8221;stretch_row_content&#8221; css=&#8221;.vc_custom_1699076288622{padding-top: 5% !important;padding-bottom: 5% !important;background-color: #f2f2f2 !important;}&#8221; el_class=&#8221;DocProImgs&#8221;][vc_column][vc_column_text]<\/p>\n<h3>Spare Parts<\/h3>\n<p>[\/vc_column_text][vc_row_inner][vc_column_inner width=&#8221;1\/4&#8243;][vc_single_image image=&#8221;8964&#8243; img_size=&#8221;full&#8221; onclick=&#8221;link_image&#8221;][vc_column_text css=&#8221;.vc_custom_1699445718443{padding-top: 0px !important;}&#8221;]<\/p>\n<p style=\"text-align: center;\"><strong>1013<\/strong><br \/>\nOtomatik Meyve Presi<\/p>\n<p>[\/vc_column_text][\/vc_column_inner][vc_column_inner width=&#8221;1\/4&#8243;][vc_single_image image=&#8221;8964&#8243; img_size=&#8221;full&#8221; onclick=&#8221;link_image&#8221;][vc_column_text css=&#8221;.vc_custom_1699445718443{padding-top: 0px !important;}&#8221;]<\/p>\n<p style=\"text-align: center;\"><strong>1013<\/strong><br \/>\nOtomatik Meyve Presi<\/p>\n<p>[\/vc_column_text][\/vc_column_inner][vc_column_inner width=&#8221;1\/4&#8243;][vc_single_image image=&#8221;8964&#8243; img_size=&#8221;full&#8221; onclick=&#8221;link_image&#8221;][vc_column_text css=&#8221;.vc_custom_1699445718443{padding-top: 0px !important;}&#8221;]<\/p>\n<p style=\"text-align: center;\"><strong>1013<\/strong><br \/>\nOtomatik Meyve Presi<\/p>\n<p>[\/vc_column_text][\/vc_column_inner][vc_column_inner width=&#8221;1\/4&#8243;][vc_single_image image=&#8221;8964&#8243; img_size=&#8221;full&#8221; onclick=&#8221;link_image&#8221;][vc_column_text css=&#8221;.vc_custom_1699445718443{padding-top: 0px !important;}&#8221;]<\/p>\n<p style=\"text-align: center;\"><strong>1013<\/strong><br \/>\nOtomatik Meyve Presi<\/p>\n<p>[\/vc_column_text][\/vc_column_inner][\/vc_row_inner][\/vc_column][\/vc_row][vc_row][vc_column][vc_column_text]<\/p>\n<h3>Videos<\/h3>\n<p>[\/vc_column_text][vc_row_inner][vc_column_inner width=&#8221;1\/2&#8243;][vc_video link=&#8221;https:\/\/www.youtube.com\/watch?v=D2UfqUyzVcc&#8221;][\/vc_column_inner][\/vc_row_inner][\/vc_column][\/vc_row]<\/p>\n<\/section>","protected":false},"excerpt":{"rendered":"<p>[vc_row full_width=&#8221;stretch_row&#8221; css=&#8221;.vc_custom_1699072235309{margin-top: 0px !important;border-bottom-width: 0px !important;}&#8221; el_class=&#8221;DocPageTitle&#8221;][vc_column][\/vc_column][\/vc_row][vc_row css=&#8221;.vc_custom_1699076235757{margin-top: 0px !important;margin-bottom: 0px !important;padding-top: 0px !important;padding-bottom: 0px&#8230;<\/p>\n","protected":false},"featured_media":11137,"comment_status":"closed","ping_status":"closed","template":"","meta":[],"product_cat":[248,247,249,233],"product_tag":[],"class_list":["post-11182","product","type-product","status-publish","has-post-thumbnail","hentry","product_cat-oteller","product_cat-restoranlar","product_cat-yerel-isletmeler","product_cat-dokuuman"],"acf":[],"yoast_head":"<!-- This site is optimized with the Yoast SEO plugin v27.0 - https:\/\/yoast.com\/product\/yoast-seo-wordpress\/ -->\n<title>1319 Onion Flowering Cutter - Cancan Meyve Presleri<\/title>\n<meta name=\"robots\" content=\"index, follow, max-snippet:-1, max-image-preview:large, max-video-preview:-1\" \/>\n<link rel=\"canonical\" href=\"https:\/\/cancan.com.tr\/tum-urunler\/1318-dikey-domates-dilimleme-makinesi-2\/\" \/>\n<meta property=\"og:locale\" content=\"en_US\" \/>\n<meta property=\"og:type\" content=\"article\" \/>\n<meta property=\"og:title\" content=\"[:tr]1319 \u00c7i\u00e7ek So\u011fan Makinesi[:en]1319 Onion Flowering Cutter[:] - Cancan Meyve Presleri\" \/>\n<meta property=\"og:description\" content=\"[vc_row full_width=&#8221;stretch_row&#8221; css=&#8221;.vc_custom_1699072235309{margin-top: 0px !important;border-bottom-width: 0px !important;}&#8221; el_class=&#8221;DocPageTitle&#8221;][vc_column][\/vc_column][\/vc_row][vc_row css=&#8221;.vc_custom_1699076235757{margin-top: 0px !important;margin-bottom: 0px !important;padding-top: 0px !important;padding-bottom: 0px...\" \/>\n<meta property=\"og:url\" content=\"https:\/\/cancan.com.tr\/tum-urunler\/1318-dikey-domates-dilimleme-makinesi-2\/\" \/>\n<meta property=\"og:site_name\" content=\"Cancan Meyve Presleri\" \/>\n<meta property=\"article:modified_time\" content=\"2026-03-02T13:27:41+00:00\" \/>\n<meta property=\"og:image\" content=\"https:\/\/cancan.com.tr\/wp-content\/uploads\/2025\/04\/2-1.jpg\" \/>\n\t<meta property=\"og:image:width\" content=\"566\" \/>\n\t<meta property=\"og:image:height\" content=\"846\" \/>\n\t<meta property=\"og:image:type\" content=\"image\/jpeg\" \/>\n<meta name=\"twitter:card\" content=\"summary_large_image\" \/>\n<meta name=\"twitter:label1\" content=\"Est. reading time\" \/>\n\t<meta name=\"twitter:data1\" content=\"4 minutes\" \/>\n<script type=\"application\/ld+json\" class=\"yoast-schema-graph\">{\"@context\":\"https:\/\/schema.org\",\"@graph\":[{\"@type\":\"WebPage\",\"@id\":\"https:\/\/cancan.com.tr\/tum-urunler\/1318-dikey-domates-dilimleme-makinesi-2\/\",\"url\":\"https:\/\/cancan.com.tr\/tum-urunler\/1318-dikey-domates-dilimleme-makinesi-2\/\",\"name\":\"[:tr]1319 \u00c7i\u00e7ek So\u011fan Makinesi[:en]1319 Onion Flowering Cutter[:] - Cancan Meyve Presleri\",\"isPartOf\":{\"@id\":\"https:\/\/cancan.com.tr\/#website\"},\"primaryImageOfPage\":{\"@id\":\"https:\/\/cancan.com.tr\/tum-urunler\/1318-dikey-domates-dilimleme-makinesi-2\/#primaryimage\"},\"image\":{\"@id\":\"https:\/\/cancan.com.tr\/tum-urunler\/1318-dikey-domates-dilimleme-makinesi-2\/#primaryimage\"},\"thumbnailUrl\":\"https:\/\/cancan.com.tr\/wp-content\/uploads\/2025\/04\/2-1.jpg\",\"datePublished\":\"2025-04-15T05:16:28+00:00\",\"dateModified\":\"2026-03-02T13:27:41+00:00\",\"breadcrumb\":{\"@id\":\"https:\/\/cancan.com.tr\/tum-urunler\/1318-dikey-domates-dilimleme-makinesi-2\/#breadcrumb\"},\"inLanguage\":\"en-US\",\"potentialAction\":[{\"@type\":\"ReadAction\",\"target\":[\"https:\/\/cancan.com.tr\/tum-urunler\/1318-dikey-domates-dilimleme-makinesi-2\/\"]}]},{\"@type\":\"ImageObject\",\"inLanguage\":\"en-US\",\"@id\":\"https:\/\/cancan.com.tr\/tum-urunler\/1318-dikey-domates-dilimleme-makinesi-2\/#primaryimage\",\"url\":\"https:\/\/cancan.com.tr\/wp-content\/uploads\/2025\/04\/2-1.jpg\",\"contentUrl\":\"https:\/\/cancan.com.tr\/wp-content\/uploads\/2025\/04\/2-1.jpg\",\"width\":566,\"height\":846},{\"@type\":\"BreadcrumbList\",\"@id\":\"https:\/\/cancan.com.tr\/tum-urunler\/1318-dikey-domates-dilimleme-makinesi-2\/#breadcrumb\",\"itemListElement\":[{\"@type\":\"ListItem\",\"position\":1,\"name\":\"Anasayfa\",\"item\":\"https:\/\/cancan.com.tr\/\"},{\"@type\":\"ListItem\",\"position\":2,\"name\":\"Products\",\"item\":\"https:\/\/cancan.com.tr\/en\/products-2\/\"},{\"@type\":\"ListItem\",\"position\":3,\"name\":\"1319 \u00c7i\u00e7ek So\u011fan Makinesi\"}]},{\"@type\":\"WebSite\",\"@id\":\"https:\/\/cancan.com.tr\/#website\",\"url\":\"https:\/\/cancan.com.tr\/\",\"name\":\"Cancan Meyve Presleri\",\"description\":\"www.cancan.com.tr\",\"publisher\":{\"@id\":\"https:\/\/cancan.com.tr\/#organization\"},\"potentialAction\":[{\"@type\":\"SearchAction\",\"target\":{\"@type\":\"EntryPoint\",\"urlTemplate\":\"https:\/\/cancan.com.tr\/?s={search_term_string}\"},\"query-input\":{\"@type\":\"PropertyValueSpecification\",\"valueRequired\":true,\"valueName\":\"search_term_string\"}}],\"inLanguage\":\"en-US\"},{\"@type\":\"Organization\",\"@id\":\"https:\/\/cancan.com.tr\/#organization\",\"name\":\"Cancan Meyve Presleri\",\"url\":\"https:\/\/cancan.com.tr\/\",\"logo\":{\"@type\":\"ImageObject\",\"inLanguage\":\"en-US\",\"@id\":\"https:\/\/cancan.com.tr\/#\/schema\/logo\/image\/\",\"url\":\"https:\/\/cancan.com.tr\/wp-content\/uploads\/2026\/03\/CancanLogo.png\",\"contentUrl\":\"https:\/\/cancan.com.tr\/wp-content\/uploads\/2026\/03\/CancanLogo.png\",\"width\":362,\"height\":67,\"caption\":\"Cancan Meyve Presleri\"},\"image\":{\"@id\":\"https:\/\/cancan.com.tr\/#\/schema\/logo\/image\/\"}}]}<\/script>\n<!-- \/ Yoast SEO plugin. -->","yoast_head_json":{"title":"[:tr]1319 \u00c7i\u00e7ek So\u011fan Makinesi[:en]1319 Onion Flowering Cutter[:] - Cancan Meyve Presleri","robots":{"index":"index","follow":"follow","max-snippet":"max-snippet:-1","max-image-preview":"max-image-preview:large","max-video-preview":"max-video-preview:-1"},"canonical":"https:\/\/cancan.com.tr\/tum-urunler\/1318-dikey-domates-dilimleme-makinesi-2\/","og_locale":"en_US","og_type":"article","og_title":"[:tr]1319 \u00c7i\u00e7ek So\u011fan Makinesi[:en]1319 Onion Flowering Cutter[:] - Cancan Meyve Presleri","og_description":"[vc_row full_width=&#8221;stretch_row&#8221; css=&#8221;.vc_custom_1699072235309{margin-top: 0px !important;border-bottom-width: 0px !important;}&#8221; el_class=&#8221;DocPageTitle&#8221;][vc_column][\/vc_column][\/vc_row][vc_row css=&#8221;.vc_custom_1699076235757{margin-top: 0px !important;margin-bottom: 0px !important;padding-top: 0px !important;padding-bottom: 0px...","og_url":"https:\/\/cancan.com.tr\/tum-urunler\/1318-dikey-domates-dilimleme-makinesi-2\/","og_site_name":"Cancan Meyve Presleri","article_modified_time":"2026-03-02T13:27:41+00:00","og_image":[{"width":566,"height":846,"url":"https:\/\/cancan.com.tr\/wp-content\/uploads\/2025\/04\/2-1.jpg","type":"image\/jpeg"}],"twitter_card":"summary_large_image","twitter_misc":{"Est. reading time":"4 minutes"},"schema":{"@context":"https:\/\/schema.org","@graph":[{"@type":"WebPage","@id":"https:\/\/cancan.com.tr\/tum-urunler\/1318-dikey-domates-dilimleme-makinesi-2\/","url":"https:\/\/cancan.com.tr\/tum-urunler\/1318-dikey-domates-dilimleme-makinesi-2\/","name":"[:tr]1319 \u00c7i\u00e7ek So\u011fan Makinesi[:en]1319 Onion Flowering Cutter[:] - Cancan Meyve Presleri","isPartOf":{"@id":"https:\/\/cancan.com.tr\/#website"},"primaryImageOfPage":{"@id":"https:\/\/cancan.com.tr\/tum-urunler\/1318-dikey-domates-dilimleme-makinesi-2\/#primaryimage"},"image":{"@id":"https:\/\/cancan.com.tr\/tum-urunler\/1318-dikey-domates-dilimleme-makinesi-2\/#primaryimage"},"thumbnailUrl":"https:\/\/cancan.com.tr\/wp-content\/uploads\/2025\/04\/2-1.jpg","datePublished":"2025-04-15T05:16:28+00:00","dateModified":"2026-03-02T13:27:41+00:00","breadcrumb":{"@id":"https:\/\/cancan.com.tr\/tum-urunler\/1318-dikey-domates-dilimleme-makinesi-2\/#breadcrumb"},"inLanguage":"en-US","potentialAction":[{"@type":"ReadAction","target":["https:\/\/cancan.com.tr\/tum-urunler\/1318-dikey-domates-dilimleme-makinesi-2\/"]}]},{"@type":"ImageObject","inLanguage":"en-US","@id":"https:\/\/cancan.com.tr\/tum-urunler\/1318-dikey-domates-dilimleme-makinesi-2\/#primaryimage","url":"https:\/\/cancan.com.tr\/wp-content\/uploads\/2025\/04\/2-1.jpg","contentUrl":"https:\/\/cancan.com.tr\/wp-content\/uploads\/2025\/04\/2-1.jpg","width":566,"height":846},{"@type":"BreadcrumbList","@id":"https:\/\/cancan.com.tr\/tum-urunler\/1318-dikey-domates-dilimleme-makinesi-2\/#breadcrumb","itemListElement":[{"@type":"ListItem","position":1,"name":"Anasayfa","item":"https:\/\/cancan.com.tr\/"},{"@type":"ListItem","position":2,"name":"Products","item":"https:\/\/cancan.com.tr\/en\/products-2\/"},{"@type":"ListItem","position":3,"name":"1319 \u00c7i\u00e7ek So\u011fan Makinesi"}]},{"@type":"WebSite","@id":"https:\/\/cancan.com.tr\/#website","url":"https:\/\/cancan.com.tr\/","name":"Cancan Meyve Presleri","description":"www.cancan.com.tr","publisher":{"@id":"https:\/\/cancan.com.tr\/#organization"},"potentialAction":[{"@type":"SearchAction","target":{"@type":"EntryPoint","urlTemplate":"https:\/\/cancan.com.tr\/?s={search_term_string}"},"query-input":{"@type":"PropertyValueSpecification","valueRequired":true,"valueName":"search_term_string"}}],"inLanguage":"en-US"},{"@type":"Organization","@id":"https:\/\/cancan.com.tr\/#organization","name":"Cancan Meyve Presleri","url":"https:\/\/cancan.com.tr\/","logo":{"@type":"ImageObject","inLanguage":"en-US","@id":"https:\/\/cancan.com.tr\/#\/schema\/logo\/image\/","url":"https:\/\/cancan.com.tr\/wp-content\/uploads\/2026\/03\/CancanLogo.png","contentUrl":"https:\/\/cancan.com.tr\/wp-content\/uploads\/2026\/03\/CancanLogo.png","width":362,"height":67,"caption":"Cancan Meyve Presleri"},"image":{"@id":"https:\/\/cancan.com.tr\/#\/schema\/logo\/image\/"}}]}},"_links":{"self":[{"href":"https:\/\/cancan.com.tr\/en\/wp-json\/wp\/v2\/product\/11182","targetHints":{"allow":["GET"]}}],"collection":[{"href":"https:\/\/cancan.com.tr\/en\/wp-json\/wp\/v2\/product"}],"about":[{"href":"https:\/\/cancan.com.tr\/en\/wp-json\/wp\/v2\/types\/product"}],"replies":[{"embeddable":true,"href":"https:\/\/cancan.com.tr\/en\/wp-json\/wp\/v2\/comments?post=11182"}],"wp:featuredmedia":[{"embeddable":true,"href":"https:\/\/cancan.com.tr\/en\/wp-json\/wp\/v2\/media\/11137"}],"wp:attachment":[{"href":"https:\/\/cancan.com.tr\/en\/wp-json\/wp\/v2\/media?parent=11182"}],"wp:term":[{"taxonomy":"product_cat","embeddable":true,"href":"https:\/\/cancan.com.tr\/en\/wp-json\/wp\/v2\/product_cat?post=11182"},{"taxonomy":"product_tag","embeddable":true,"href":"https:\/\/cancan.com.tr\/en\/wp-json\/wp\/v2\/product_tag?post=11182"}],"curies":[{"name":"wp","href":"https:\/\/api.w.org\/{rel}","templated":true}]}}