{"id":11118,"date":"2025-04-14T09:51:01","date_gmt":"2025-04-14T06:51:01","guid":{"rendered":"https:\/\/cancan.com.tr\/?post_type=product&#038;p=11118"},"modified":"2026-03-02T16:27:10","modified_gmt":"2026-03-02T13:27:10","slug":"1319-cicek-sogan-makines","status":"publish","type":"product","link":"https:\/\/cancan.com.tr\/en\/all-products\/tr-1319-cicek-sogan-makines\/","title":{"rendered":"1319 Onion Flowering Cutter"},"content":{"rendered":"<p><\/p>\n<h2><span style=\"color: #fa0014;\">1319 Onion Flowering Cutter<\/span><\/h2>\n<p>The precisely designed blades of the onion flower cutter allow the onion to open into a flower shape, increasing versatility and effi ciency in the menu with different presentation types.<\/p>\n<hr \/>\n<p><strong>Stainless Steel<\/strong><\/p>\n<p>Flower Onion Machine is made of stainless steel material in accordance with food standards.<\/p>\n<hr \/>\n<p><strong>Special Suction Cup Feet<\/strong><\/p>\n<p>Specially designed non-slip suction cup feet prevent the product from shaking and keep the machine securely fixed.<\/p>\n<hr \/>\n<p><strong>Manual Locking Pin<\/strong><\/p>\n<p>The locking switch on the Flower Onion Slicing Machine ensures safe use of the machine.<\/p>\n<hr \/>\n<p><strong>Slippery Structure Feature<\/strong><\/p>\n<p>Thanks to its slippery structure that does not require continuous lubrication, the maintenance of the machine becomes easier and provides long-term efficient use.<\/p>\n<hr \/>\n<p><strong>Elevating Apparatus<\/strong><\/p>\n<p>Thanks to the elevating apparatus, onions of different sizes can be easily sliced.<\/p>\n<hr \/>\n<p><strong>Easy to Clean<\/strong><\/p>\n<p>The blade can be easily disassembled and cleaned, providing hygienic use and maintenance.<\/p>","protected":false},"excerpt":{"rendered":"<h2><span style=\"color: #fa0014;\">1319 Onion Flowering Cutter<\/span><\/h2>\n<p>The precisely designed blades of the onion flower cutter allow the onion to open into a flower shape, increasing versatility and effi ciency in the menu with different presentation types.<\/p>\n<p>https:\/\/www.youtube.com\/watch?v=D2UfqUyzVcc<\/p>\n","protected":false},"featured_media":11144,"comment_status":"open","ping_status":"closed","template":"","meta":[],"product_cat":[171,15,195],"product_tag":[222],"class_list":["post-11118","product","type-product","status-publish","has-post-thumbnail","hentry","product_cat-hazirlik-ekipmanlari","product_cat-tum-urunler","product_cat-kesici-ve-dilimleyiciler","product_tag-kesiciler-hazirlik"],"acf":[],"yoast_head":"<!-- This site is optimized with the Yoast SEO plugin v27.0 - https:\/\/yoast.com\/product\/yoast-seo-wordpress\/ -->\n<title>1319 Onion Flowering Cutter - Cancan Meyve Presleri<\/title>\n<meta name=\"robots\" content=\"index, follow, max-snippet:-1, max-image-preview:large, max-video-preview:-1\" \/>\n<link rel=\"canonical\" href=\"https:\/\/cancan.com.tr\/tum-urunler\/1319-cicek-sogan-makines\/\" \/>\n<meta property=\"og:locale\" content=\"en_US\" \/>\n<meta property=\"og:type\" content=\"article\" \/>\n<meta property=\"og:title\" content=\"[:tr]1319 \u00c7i\u00e7ek So\u011fan Makinesi[:en]1319 Onion Flowering Cutter[:] - Cancan Meyve Presleri\" \/>\n<meta property=\"og:description\" content=\"[:tr]1319 \u00c7i\u00e7ek So\u011fan Makinesi Hassas tasar\u0131ml\u0131 b\u0131\u00e7aklar\u0131 sayesinde \u00e7i\u00e7ek so\u011fan makinesi, so\u011fan\u0131n \u00e7i\u00e7ek \u015feklinde a\u00e7\u0131lmas\u0131n\u0131 sa\u011flar. Farkl\u0131 sunum \u00e7e\u015fitleri ile men\u00fcde \u00e7ok y\u00f6nl\u00fcl\u00fc\u011f\u00fc ve verimlili\u011fi art\u0131r\u0131r.  https:\/\/www.youtube.com\/watch?v=D2UfqUyzVcc[:en]1319 Onion Flowering Cutter The precisely designed blades of the onion flower cutter allow the onion to open into a flower shape, increasing versatility and effi ciency in the menu with different presentation types.  https:\/\/www.youtube.com\/watch?v=D2UfqUyzVcc[:]\" \/>\n<meta property=\"og:url\" content=\"https:\/\/cancan.com.tr\/tum-urunler\/1319-cicek-sogan-makines\/\" \/>\n<meta property=\"og:site_name\" content=\"Cancan Meyve Presleri\" \/>\n<meta property=\"article:modified_time\" content=\"2026-03-02T13:27:10+00:00\" \/>\n<meta property=\"og:image\" content=\"https:\/\/cancan.com.tr\/wp-content\/uploads\/2025\/04\/2-2.jpg\" \/>\n\t<meta property=\"og:image:width\" content=\"564\" \/>\n\t<meta property=\"og:image:height\" content=\"710\" \/>\n\t<meta property=\"og:image:type\" content=\"image\/jpeg\" \/>\n<meta name=\"twitter:card\" content=\"summary_large_image\" \/>\n<meta name=\"twitter:label1\" content=\"Est. reading time\" \/>\n\t<meta name=\"twitter:data1\" content=\"2 minutes\" \/>\n<script type=\"application\/ld+json\" class=\"yoast-schema-graph\">{\"@context\":\"https:\/\/schema.org\",\"@graph\":[{\"@type\":\"WebPage\",\"@id\":\"https:\/\/cancan.com.tr\/tum-urunler\/1319-cicek-sogan-makines\/\",\"url\":\"https:\/\/cancan.com.tr\/tum-urunler\/1319-cicek-sogan-makines\/\",\"name\":\"[:tr]1319 \u00c7i\u00e7ek So\u011fan Makinesi[:en]1319 Onion Flowering Cutter[:] - Cancan Meyve Presleri\",\"isPartOf\":{\"@id\":\"https:\/\/cancan.com.tr\/#website\"},\"primaryImageOfPage\":{\"@id\":\"https:\/\/cancan.com.tr\/tum-urunler\/1319-cicek-sogan-makines\/#primaryimage\"},\"image\":{\"@id\":\"https:\/\/cancan.com.tr\/tum-urunler\/1319-cicek-sogan-makines\/#primaryimage\"},\"thumbnailUrl\":\"https:\/\/cancan.com.tr\/wp-content\/uploads\/2025\/04\/2-2.jpg\",\"datePublished\":\"2025-04-14T06:51:01+00:00\",\"dateModified\":\"2026-03-02T13:27:10+00:00\",\"breadcrumb\":{\"@id\":\"https:\/\/cancan.com.tr\/tum-urunler\/1319-cicek-sogan-makines\/#breadcrumb\"},\"inLanguage\":\"en-US\",\"potentialAction\":[{\"@type\":\"ReadAction\",\"target\":[\"https:\/\/cancan.com.tr\/tum-urunler\/1319-cicek-sogan-makines\/\"]}]},{\"@type\":\"ImageObject\",\"inLanguage\":\"en-US\",\"@id\":\"https:\/\/cancan.com.tr\/tum-urunler\/1319-cicek-sogan-makines\/#primaryimage\",\"url\":\"https:\/\/cancan.com.tr\/wp-content\/uploads\/2025\/04\/2-2.jpg\",\"contentUrl\":\"https:\/\/cancan.com.tr\/wp-content\/uploads\/2025\/04\/2-2.jpg\",\"width\":564,\"height\":710},{\"@type\":\"BreadcrumbList\",\"@id\":\"https:\/\/cancan.com.tr\/tum-urunler\/1319-cicek-sogan-makines\/#breadcrumb\",\"itemListElement\":[{\"@type\":\"ListItem\",\"position\":1,\"name\":\"Anasayfa\",\"item\":\"https:\/\/cancan.com.tr\/\"},{\"@type\":\"ListItem\",\"position\":2,\"name\":\"Products\",\"item\":\"https:\/\/cancan.com.tr\/en\/products-2\/\"},{\"@type\":\"ListItem\",\"position\":3,\"name\":\"1319 \u00c7i\u00e7ek So\u011fan Makinesi\"}]},{\"@type\":\"WebSite\",\"@id\":\"https:\/\/cancan.com.tr\/#website\",\"url\":\"https:\/\/cancan.com.tr\/\",\"name\":\"Cancan Meyve Presleri\",\"description\":\"www.cancan.com.tr\",\"publisher\":{\"@id\":\"https:\/\/cancan.com.tr\/#organization\"},\"potentialAction\":[{\"@type\":\"SearchAction\",\"target\":{\"@type\":\"EntryPoint\",\"urlTemplate\":\"https:\/\/cancan.com.tr\/?s={search_term_string}\"},\"query-input\":{\"@type\":\"PropertyValueSpecification\",\"valueRequired\":true,\"valueName\":\"search_term_string\"}}],\"inLanguage\":\"en-US\"},{\"@type\":\"Organization\",\"@id\":\"https:\/\/cancan.com.tr\/#organization\",\"name\":\"Cancan Meyve Presleri\",\"url\":\"https:\/\/cancan.com.tr\/\",\"logo\":{\"@type\":\"ImageObject\",\"inLanguage\":\"en-US\",\"@id\":\"https:\/\/cancan.com.tr\/#\/schema\/logo\/image\/\",\"url\":\"https:\/\/cancan.com.tr\/wp-content\/uploads\/2026\/03\/CancanLogo.png\",\"contentUrl\":\"https:\/\/cancan.com.tr\/wp-content\/uploads\/2026\/03\/CancanLogo.png\",\"width\":362,\"height\":67,\"caption\":\"Cancan Meyve Presleri\"},\"image\":{\"@id\":\"https:\/\/cancan.com.tr\/#\/schema\/logo\/image\/\"}}]}<\/script>\n<!-- \/ Yoast SEO plugin. -->","yoast_head_json":{"title":"[:tr]1319 \u00c7i\u00e7ek So\u011fan Makinesi[:en]1319 Onion Flowering Cutter[:] - Cancan Meyve Presleri","robots":{"index":"index","follow":"follow","max-snippet":"max-snippet:-1","max-image-preview":"max-image-preview:large","max-video-preview":"max-video-preview:-1"},"canonical":"https:\/\/cancan.com.tr\/tum-urunler\/1319-cicek-sogan-makines\/","og_locale":"en_US","og_type":"article","og_title":"[:tr]1319 \u00c7i\u00e7ek So\u011fan Makinesi[:en]1319 Onion Flowering Cutter[:] - Cancan Meyve Presleri","og_description":"[:tr]1319 \u00c7i\u00e7ek So\u011fan Makinesi Hassas tasar\u0131ml\u0131 b\u0131\u00e7aklar\u0131 sayesinde \u00e7i\u00e7ek so\u011fan makinesi, so\u011fan\u0131n \u00e7i\u00e7ek \u015feklinde a\u00e7\u0131lmas\u0131n\u0131 sa\u011flar. Farkl\u0131 sunum \u00e7e\u015fitleri ile men\u00fcde \u00e7ok y\u00f6nl\u00fcl\u00fc\u011f\u00fc ve verimlili\u011fi art\u0131r\u0131r.  https:\/\/www.youtube.com\/watch?v=D2UfqUyzVcc[:en]1319 Onion Flowering Cutter The precisely designed blades of the onion flower cutter allow the onion to open into a flower shape, increasing versatility and effi ciency in the menu with different presentation types.  https:\/\/www.youtube.com\/watch?v=D2UfqUyzVcc[:]","og_url":"https:\/\/cancan.com.tr\/tum-urunler\/1319-cicek-sogan-makines\/","og_site_name":"Cancan Meyve Presleri","article_modified_time":"2026-03-02T13:27:10+00:00","og_image":[{"width":564,"height":710,"url":"https:\/\/cancan.com.tr\/wp-content\/uploads\/2025\/04\/2-2.jpg","type":"image\/jpeg"}],"twitter_card":"summary_large_image","twitter_misc":{"Est. reading time":"2 minutes"},"schema":{"@context":"https:\/\/schema.org","@graph":[{"@type":"WebPage","@id":"https:\/\/cancan.com.tr\/tum-urunler\/1319-cicek-sogan-makines\/","url":"https:\/\/cancan.com.tr\/tum-urunler\/1319-cicek-sogan-makines\/","name":"[:tr]1319 \u00c7i\u00e7ek So\u011fan Makinesi[:en]1319 Onion Flowering Cutter[:] - Cancan Meyve Presleri","isPartOf":{"@id":"https:\/\/cancan.com.tr\/#website"},"primaryImageOfPage":{"@id":"https:\/\/cancan.com.tr\/tum-urunler\/1319-cicek-sogan-makines\/#primaryimage"},"image":{"@id":"https:\/\/cancan.com.tr\/tum-urunler\/1319-cicek-sogan-makines\/#primaryimage"},"thumbnailUrl":"https:\/\/cancan.com.tr\/wp-content\/uploads\/2025\/04\/2-2.jpg","datePublished":"2025-04-14T06:51:01+00:00","dateModified":"2026-03-02T13:27:10+00:00","breadcrumb":{"@id":"https:\/\/cancan.com.tr\/tum-urunler\/1319-cicek-sogan-makines\/#breadcrumb"},"inLanguage":"en-US","potentialAction":[{"@type":"ReadAction","target":["https:\/\/cancan.com.tr\/tum-urunler\/1319-cicek-sogan-makines\/"]}]},{"@type":"ImageObject","inLanguage":"en-US","@id":"https:\/\/cancan.com.tr\/tum-urunler\/1319-cicek-sogan-makines\/#primaryimage","url":"https:\/\/cancan.com.tr\/wp-content\/uploads\/2025\/04\/2-2.jpg","contentUrl":"https:\/\/cancan.com.tr\/wp-content\/uploads\/2025\/04\/2-2.jpg","width":564,"height":710},{"@type":"BreadcrumbList","@id":"https:\/\/cancan.com.tr\/tum-urunler\/1319-cicek-sogan-makines\/#breadcrumb","itemListElement":[{"@type":"ListItem","position":1,"name":"Anasayfa","item":"https:\/\/cancan.com.tr\/"},{"@type":"ListItem","position":2,"name":"Products","item":"https:\/\/cancan.com.tr\/en\/products-2\/"},{"@type":"ListItem","position":3,"name":"1319 \u00c7i\u00e7ek So\u011fan Makinesi"}]},{"@type":"WebSite","@id":"https:\/\/cancan.com.tr\/#website","url":"https:\/\/cancan.com.tr\/","name":"Cancan Meyve Presleri","description":"www.cancan.com.tr","publisher":{"@id":"https:\/\/cancan.com.tr\/#organization"},"potentialAction":[{"@type":"SearchAction","target":{"@type":"EntryPoint","urlTemplate":"https:\/\/cancan.com.tr\/?s={search_term_string}"},"query-input":{"@type":"PropertyValueSpecification","valueRequired":true,"valueName":"search_term_string"}}],"inLanguage":"en-US"},{"@type":"Organization","@id":"https:\/\/cancan.com.tr\/#organization","name":"Cancan Meyve Presleri","url":"https:\/\/cancan.com.tr\/","logo":{"@type":"ImageObject","inLanguage":"en-US","@id":"https:\/\/cancan.com.tr\/#\/schema\/logo\/image\/","url":"https:\/\/cancan.com.tr\/wp-content\/uploads\/2026\/03\/CancanLogo.png","contentUrl":"https:\/\/cancan.com.tr\/wp-content\/uploads\/2026\/03\/CancanLogo.png","width":362,"height":67,"caption":"Cancan Meyve Presleri"},"image":{"@id":"https:\/\/cancan.com.tr\/#\/schema\/logo\/image\/"}}]}},"_links":{"self":[{"href":"https:\/\/cancan.com.tr\/en\/wp-json\/wp\/v2\/product\/11118","targetHints":{"allow":["GET"]}}],"collection":[{"href":"https:\/\/cancan.com.tr\/en\/wp-json\/wp\/v2\/product"}],"about":[{"href":"https:\/\/cancan.com.tr\/en\/wp-json\/wp\/v2\/types\/product"}],"replies":[{"embeddable":true,"href":"https:\/\/cancan.com.tr\/en\/wp-json\/wp\/v2\/comments?post=11118"}],"wp:featuredmedia":[{"embeddable":true,"href":"https:\/\/cancan.com.tr\/en\/wp-json\/wp\/v2\/media\/11144"}],"wp:attachment":[{"href":"https:\/\/cancan.com.tr\/en\/wp-json\/wp\/v2\/media?parent=11118"}],"wp:term":[{"taxonomy":"product_cat","embeddable":true,"href":"https:\/\/cancan.com.tr\/en\/wp-json\/wp\/v2\/product_cat?post=11118"},{"taxonomy":"product_tag","embeddable":true,"href":"https:\/\/cancan.com.tr\/en\/wp-json\/wp\/v2\/product_tag?post=11118"}],"curies":[{"name":"wp","href":"https:\/\/api.w.org\/{rel}","templated":true}]}}