{"id":10986,"date":"2025-02-25T10:45:58","date_gmt":"2025-02-25T07:45:58","guid":{"rendered":"https:\/\/cancan.com.tr\/?post_type=product&#038;p=10986"},"modified":"2025-06-17T14:44:08","modified_gmt":"2025-06-17T11:44:08","slug":"1705-ekmek-yaglama-xl","status":"publish","type":"product","link":"https:\/\/cancan.com.tr\/en\/all-products\/1705-bread-oil-cutter-xl\/","title":{"rendered":"1705 Bread Oiler Tool XL"},"content":{"rendered":"<p><strong>Time and Cost Savings<\/strong><\/p>\n<p>Thanks to its perforated drum feature, it ensures that the butter is evenly spread on the bread and allows the excess oil to fall to the bottom of the bowl.<\/p>\n<p><img loading=\"lazy\" decoding=\"async\" class=\"alignnone size-medium wp-image-10989\" src=\"https:\/\/cancan.com.tr\/wp-content\/uploads\/2025\/02\/0E7A6260-300x200.jpg\" alt=\"\" width=\"300\" height=\"200\" srcset=\"https:\/\/cancan.com.tr\/wp-content\/uploads\/2025\/02\/0E7A6260-300x200.jpg 300w, https:\/\/cancan.com.tr\/wp-content\/uploads\/2025\/02\/0E7A6260-scaled-1200x800.jpg 1200w, https:\/\/cancan.com.tr\/wp-content\/uploads\/2025\/02\/0E7A6260-1024x683.jpg 1024w, https:\/\/cancan.com.tr\/wp-content\/uploads\/2025\/02\/0E7A6260-768x512.jpg 768w, https:\/\/cancan.com.tr\/wp-content\/uploads\/2025\/02\/0E7A6260-1536x1024.jpg 1536w, https:\/\/cancan.com.tr\/wp-content\/uploads\/2025\/02\/0E7A6260-2048x1365.jpg 2048w\" sizes=\"auto, (max-width: 300px) 100vw, 300px\" \/><\/p>\n<hr \/>\n<p><strong>Comfortable to Use<\/strong><\/p>\n<p>Bread is easily oiled by sliding along the roll.<\/p>\n<hr \/>\n<p><strong>Easy Cleaning<\/strong><\/p>\n<p>All parts are dishwasher safe.<\/p>\n<hr \/>\n<p><strong>Practical and Fast<\/strong><\/p>\n<p>Bread Oiler Tool is a great speed saver, especially during peak service hours.<\/p>\n<p><img loading=\"lazy\" decoding=\"async\" class=\"alignnone size-medium wp-image-10987\" src=\"https:\/\/cancan.com.tr\/wp-content\/uploads\/2025\/02\/0E7A6252-300x200.jpg\" alt=\"\" width=\"300\" height=\"200\" srcset=\"https:\/\/cancan.com.tr\/wp-content\/uploads\/2025\/02\/0E7A6252-300x200.jpg 300w, https:\/\/cancan.com.tr\/wp-content\/uploads\/2025\/02\/0E7A6252-scaled-1200x800.jpg 1200w, https:\/\/cancan.com.tr\/wp-content\/uploads\/2025\/02\/0E7A6252-1024x683.jpg 1024w, https:\/\/cancan.com.tr\/wp-content\/uploads\/2025\/02\/0E7A6252-768x512.jpg 768w, https:\/\/cancan.com.tr\/wp-content\/uploads\/2025\/02\/0E7A6252-1536x1024.jpg 1536w, https:\/\/cancan.com.tr\/wp-content\/uploads\/2025\/02\/0E7A6252-2048x1365.jpg 2048w\" sizes=\"auto, (max-width: 300px) 100vw, 300px\" \/><\/p>","protected":false},"excerpt":{"rendered":"<h2><span style=\"color: #fa0014;\">1705 Bread Oiler Tool<\/span><\/h2>\n<p>Bread Oiler Tool, which can be used in hotels, restaurants, cafes, industrial kitchens, etc., is an assistant that makes bread and toasts delicious. In addition to butter, it can be used in a wide range of products such as olive oil, spicy sauces, and also controls the use of oil and sauces.<\/p>\n","protected":false},"featured_media":11047,"comment_status":"open","ping_status":"closed","template":"","meta":[],"product_cat":[15,171,200,179],"product_tag":[188,193,190,203,222,219,218,183,176],"class_list":["post-10986","product","type-product","status-publish","has-post-thumbnail","hentry","product_cat-tum-urunler","product_cat-hazirlik-ekipmanlari","product_cat-yedek-parca-ve-aksesuarlar","product_cat-yeni-kategori","product_tag-alisveris-merkezi","product_tag-fast-food","product_tag-kafe","product_tag-kantinler","product_tag-kesiciler-hazirlik","product_tag-manuel-hazirlik","product_tag-paslanmaz","product_tag-restoranlar","product_tag-yerel-isletmeler"],"acf":[],"yoast_head":"<!-- This site is optimized with the Yoast SEO plugin v27.0 - https:\/\/yoast.com\/product\/yoast-seo-wordpress\/ -->\n<title>1705 Bread Oiler Tool XL - Cancan Meyve Presleri<\/title>\n<meta name=\"robots\" content=\"index, follow, max-snippet:-1, max-image-preview:large, max-video-preview:-1\" \/>\n<link rel=\"canonical\" href=\"https:\/\/cancan.com.tr\/tum-urunler\/1705-ekmek-yaglama-xl\/\" \/>\n<meta property=\"og:locale\" content=\"en_US\" \/>\n<meta property=\"og:type\" content=\"article\" \/>\n<meta property=\"og:title\" content=\"[:tr]1705 Ekmek Ya\u011flama Aparat\u0131 XL[:en]1705 Bread Oiler Tool XL[:] - Cancan Meyve Presleri\" \/>\n<meta property=\"og:description\" content=\"[:tr]1705 Ekmek Ya\u011flama Aparat\u0131 XL Otel, restoran, kafe, end\u00fcstriyel mutfaklar vb. alanlarda kullan\u0131labilen Ekmek Ya\u011flama aparat\u0131, ekmekleri ve tostlar\u0131 lezzetli hale getiren bir yard\u0131mc\u0131d\u0131r. Ekmek Ya\u011flama aparat\u0131 tereya\u011f\u0131, zeytinya\u011f\u0131 ve baharatl\u0131 soslar da dahil olmak \u00fczere geni\u015f bir \u00fcr\u00fcn yelpazesine sahiptir. Bununla birlikte kullan\u0131lan ya\u011f ve sos miktar\u0131 \u00fczerinde kontrol sa\u011flamaya yard\u0131mc\u0131 olur.  &nbsp;[:en]1705 Bread Oiler Tool Bread Oiler Tool, which can be used in hotels, restaurants, cafes, industrial kitchens, etc., is an assistant that makes bread and toasts delicious. In addition to butter, it can be used in a wide range of products such as olive oil, spicy sauces, and also controls the use of oil and sauces.[:]\" \/>\n<meta property=\"og:url\" content=\"https:\/\/cancan.com.tr\/tum-urunler\/1705-ekmek-yaglama-xl\/\" \/>\n<meta property=\"og:site_name\" content=\"Cancan Meyve Presleri\" \/>\n<meta property=\"article:modified_time\" content=\"2025-06-17T11:44:08+00:00\" \/>\n<meta property=\"og:image\" content=\"https:\/\/cancan.com.tr\/wp-content\/uploads\/2025\/02\/Ekmek-Yaglama-Xl.jpg\" \/>\n\t<meta property=\"og:image:width\" content=\"828\" \/>\n\t<meta property=\"og:image:height\" content=\"828\" \/>\n\t<meta property=\"og:image:type\" content=\"image\/jpeg\" \/>\n<meta name=\"twitter:card\" content=\"summary_large_image\" \/>\n<meta name=\"twitter:label1\" content=\"Est. reading time\" \/>\n\t<meta name=\"twitter:data1\" content=\"1 minute\" \/>\n<script type=\"application\/ld+json\" class=\"yoast-schema-graph\">{\"@context\":\"https:\/\/schema.org\",\"@graph\":[{\"@type\":\"WebPage\",\"@id\":\"https:\/\/cancan.com.tr\/tum-urunler\/1705-ekmek-yaglama-xl\/\",\"url\":\"https:\/\/cancan.com.tr\/tum-urunler\/1705-ekmek-yaglama-xl\/\",\"name\":\"[:tr]1705 Ekmek Ya\u011flama Aparat\u0131 XL[:en]1705 Bread Oiler Tool XL[:] - Cancan Meyve Presleri\",\"isPartOf\":{\"@id\":\"https:\/\/cancan.com.tr\/#website\"},\"primaryImageOfPage\":{\"@id\":\"https:\/\/cancan.com.tr\/tum-urunler\/1705-ekmek-yaglama-xl\/#primaryimage\"},\"image\":{\"@id\":\"https:\/\/cancan.com.tr\/tum-urunler\/1705-ekmek-yaglama-xl\/#primaryimage\"},\"thumbnailUrl\":\"https:\/\/cancan.com.tr\/wp-content\/uploads\/2025\/02\/Ekmek-Yaglama-Xl.jpg\",\"datePublished\":\"2025-02-25T07:45:58+00:00\",\"dateModified\":\"2025-06-17T11:44:08+00:00\",\"breadcrumb\":{\"@id\":\"https:\/\/cancan.com.tr\/tum-urunler\/1705-ekmek-yaglama-xl\/#breadcrumb\"},\"inLanguage\":\"en-US\",\"potentialAction\":[{\"@type\":\"ReadAction\",\"target\":[\"https:\/\/cancan.com.tr\/tum-urunler\/1705-ekmek-yaglama-xl\/\"]}]},{\"@type\":\"ImageObject\",\"inLanguage\":\"en-US\",\"@id\":\"https:\/\/cancan.com.tr\/tum-urunler\/1705-ekmek-yaglama-xl\/#primaryimage\",\"url\":\"https:\/\/cancan.com.tr\/wp-content\/uploads\/2025\/02\/Ekmek-Yaglama-Xl.jpg\",\"contentUrl\":\"https:\/\/cancan.com.tr\/wp-content\/uploads\/2025\/02\/Ekmek-Yaglama-Xl.jpg\",\"width\":828,\"height\":828},{\"@type\":\"BreadcrumbList\",\"@id\":\"https:\/\/cancan.com.tr\/tum-urunler\/1705-ekmek-yaglama-xl\/#breadcrumb\",\"itemListElement\":[{\"@type\":\"ListItem\",\"position\":1,\"name\":\"Anasayfa\",\"item\":\"https:\/\/cancan.com.tr\/\"},{\"@type\":\"ListItem\",\"position\":2,\"name\":\"Products\",\"item\":\"https:\/\/cancan.com.tr\/en\/products-2\/\"},{\"@type\":\"ListItem\",\"position\":3,\"name\":\"1705 Ekmek Ya\u011flama Aparat\u0131 XL\"}]},{\"@type\":\"WebSite\",\"@id\":\"https:\/\/cancan.com.tr\/#website\",\"url\":\"https:\/\/cancan.com.tr\/\",\"name\":\"Cancan Meyve Presleri\",\"description\":\"www.cancan.com.tr\",\"publisher\":{\"@id\":\"https:\/\/cancan.com.tr\/#organization\"},\"potentialAction\":[{\"@type\":\"SearchAction\",\"target\":{\"@type\":\"EntryPoint\",\"urlTemplate\":\"https:\/\/cancan.com.tr\/?s={search_term_string}\"},\"query-input\":{\"@type\":\"PropertyValueSpecification\",\"valueRequired\":true,\"valueName\":\"search_term_string\"}}],\"inLanguage\":\"en-US\"},{\"@type\":\"Organization\",\"@id\":\"https:\/\/cancan.com.tr\/#organization\",\"name\":\"Cancan Meyve Presleri\",\"url\":\"https:\/\/cancan.com.tr\/\",\"logo\":{\"@type\":\"ImageObject\",\"inLanguage\":\"en-US\",\"@id\":\"https:\/\/cancan.com.tr\/#\/schema\/logo\/image\/\",\"url\":\"https:\/\/cancan.com.tr\/wp-content\/uploads\/2026\/03\/CancanLogo.png\",\"contentUrl\":\"https:\/\/cancan.com.tr\/wp-content\/uploads\/2026\/03\/CancanLogo.png\",\"width\":362,\"height\":67,\"caption\":\"Cancan Meyve Presleri\"},\"image\":{\"@id\":\"https:\/\/cancan.com.tr\/#\/schema\/logo\/image\/\"}}]}<\/script>\n<!-- \/ Yoast SEO plugin. -->","yoast_head_json":{"title":"[:tr]1705 Ekmek Ya\u011flama Aparat\u0131 XL[:en]1705 Bread Oiler Tool XL[:] - Cancan Meyve Presleri","robots":{"index":"index","follow":"follow","max-snippet":"max-snippet:-1","max-image-preview":"max-image-preview:large","max-video-preview":"max-video-preview:-1"},"canonical":"https:\/\/cancan.com.tr\/tum-urunler\/1705-ekmek-yaglama-xl\/","og_locale":"en_US","og_type":"article","og_title":"[:tr]1705 Ekmek Ya\u011flama Aparat\u0131 XL[:en]1705 Bread Oiler Tool XL[:] - Cancan Meyve Presleri","og_description":"[:tr]1705 Ekmek Ya\u011flama Aparat\u0131 XL Otel, restoran, kafe, end\u00fcstriyel mutfaklar vb. alanlarda kullan\u0131labilen Ekmek Ya\u011flama aparat\u0131, ekmekleri ve tostlar\u0131 lezzetli hale getiren bir yard\u0131mc\u0131d\u0131r. Ekmek Ya\u011flama aparat\u0131 tereya\u011f\u0131, zeytinya\u011f\u0131 ve baharatl\u0131 soslar da dahil olmak \u00fczere geni\u015f bir \u00fcr\u00fcn yelpazesine sahiptir. Bununla birlikte kullan\u0131lan ya\u011f ve sos miktar\u0131 \u00fczerinde kontrol sa\u011flamaya yard\u0131mc\u0131 olur.  &nbsp;[:en]1705 Bread Oiler Tool Bread Oiler Tool, which can be used in hotels, restaurants, cafes, industrial kitchens, etc., is an assistant that makes bread and toasts delicious. In addition to butter, it can be used in a wide range of products such as olive oil, spicy sauces, and also controls the use of oil and sauces.[:]","og_url":"https:\/\/cancan.com.tr\/tum-urunler\/1705-ekmek-yaglama-xl\/","og_site_name":"Cancan Meyve Presleri","article_modified_time":"2025-06-17T11:44:08+00:00","og_image":[{"width":828,"height":828,"url":"https:\/\/cancan.com.tr\/wp-content\/uploads\/2025\/02\/Ekmek-Yaglama-Xl.jpg","type":"image\/jpeg"}],"twitter_card":"summary_large_image","twitter_misc":{"Est. reading time":"1 minute"},"schema":{"@context":"https:\/\/schema.org","@graph":[{"@type":"WebPage","@id":"https:\/\/cancan.com.tr\/tum-urunler\/1705-ekmek-yaglama-xl\/","url":"https:\/\/cancan.com.tr\/tum-urunler\/1705-ekmek-yaglama-xl\/","name":"[:tr]1705 Ekmek Ya\u011flama Aparat\u0131 XL[:en]1705 Bread Oiler Tool XL[:] - Cancan Meyve Presleri","isPartOf":{"@id":"https:\/\/cancan.com.tr\/#website"},"primaryImageOfPage":{"@id":"https:\/\/cancan.com.tr\/tum-urunler\/1705-ekmek-yaglama-xl\/#primaryimage"},"image":{"@id":"https:\/\/cancan.com.tr\/tum-urunler\/1705-ekmek-yaglama-xl\/#primaryimage"},"thumbnailUrl":"https:\/\/cancan.com.tr\/wp-content\/uploads\/2025\/02\/Ekmek-Yaglama-Xl.jpg","datePublished":"2025-02-25T07:45:58+00:00","dateModified":"2025-06-17T11:44:08+00:00","breadcrumb":{"@id":"https:\/\/cancan.com.tr\/tum-urunler\/1705-ekmek-yaglama-xl\/#breadcrumb"},"inLanguage":"en-US","potentialAction":[{"@type":"ReadAction","target":["https:\/\/cancan.com.tr\/tum-urunler\/1705-ekmek-yaglama-xl\/"]}]},{"@type":"ImageObject","inLanguage":"en-US","@id":"https:\/\/cancan.com.tr\/tum-urunler\/1705-ekmek-yaglama-xl\/#primaryimage","url":"https:\/\/cancan.com.tr\/wp-content\/uploads\/2025\/02\/Ekmek-Yaglama-Xl.jpg","contentUrl":"https:\/\/cancan.com.tr\/wp-content\/uploads\/2025\/02\/Ekmek-Yaglama-Xl.jpg","width":828,"height":828},{"@type":"BreadcrumbList","@id":"https:\/\/cancan.com.tr\/tum-urunler\/1705-ekmek-yaglama-xl\/#breadcrumb","itemListElement":[{"@type":"ListItem","position":1,"name":"Anasayfa","item":"https:\/\/cancan.com.tr\/"},{"@type":"ListItem","position":2,"name":"Products","item":"https:\/\/cancan.com.tr\/en\/products-2\/"},{"@type":"ListItem","position":3,"name":"1705 Ekmek Ya\u011flama Aparat\u0131 XL"}]},{"@type":"WebSite","@id":"https:\/\/cancan.com.tr\/#website","url":"https:\/\/cancan.com.tr\/","name":"Cancan Meyve Presleri","description":"www.cancan.com.tr","publisher":{"@id":"https:\/\/cancan.com.tr\/#organization"},"potentialAction":[{"@type":"SearchAction","target":{"@type":"EntryPoint","urlTemplate":"https:\/\/cancan.com.tr\/?s={search_term_string}"},"query-input":{"@type":"PropertyValueSpecification","valueRequired":true,"valueName":"search_term_string"}}],"inLanguage":"en-US"},{"@type":"Organization","@id":"https:\/\/cancan.com.tr\/#organization","name":"Cancan Meyve Presleri","url":"https:\/\/cancan.com.tr\/","logo":{"@type":"ImageObject","inLanguage":"en-US","@id":"https:\/\/cancan.com.tr\/#\/schema\/logo\/image\/","url":"https:\/\/cancan.com.tr\/wp-content\/uploads\/2026\/03\/CancanLogo.png","contentUrl":"https:\/\/cancan.com.tr\/wp-content\/uploads\/2026\/03\/CancanLogo.png","width":362,"height":67,"caption":"Cancan Meyve Presleri"},"image":{"@id":"https:\/\/cancan.com.tr\/#\/schema\/logo\/image\/"}}]}},"_links":{"self":[{"href":"https:\/\/cancan.com.tr\/en\/wp-json\/wp\/v2\/product\/10986","targetHints":{"allow":["GET"]}}],"collection":[{"href":"https:\/\/cancan.com.tr\/en\/wp-json\/wp\/v2\/product"}],"about":[{"href":"https:\/\/cancan.com.tr\/en\/wp-json\/wp\/v2\/types\/product"}],"replies":[{"embeddable":true,"href":"https:\/\/cancan.com.tr\/en\/wp-json\/wp\/v2\/comments?post=10986"}],"wp:featuredmedia":[{"embeddable":true,"href":"https:\/\/cancan.com.tr\/en\/wp-json\/wp\/v2\/media\/11047"}],"wp:attachment":[{"href":"https:\/\/cancan.com.tr\/en\/wp-json\/wp\/v2\/media?parent=10986"}],"wp:term":[{"taxonomy":"product_cat","embeddable":true,"href":"https:\/\/cancan.com.tr\/en\/wp-json\/wp\/v2\/product_cat?post=10986"},{"taxonomy":"product_tag","embeddable":true,"href":"https:\/\/cancan.com.tr\/en\/wp-json\/wp\/v2\/product_tag?post=10986"}],"curies":[{"name":"wp","href":"https:\/\/api.w.org\/{rel}","templated":true}]}}