{"id":10978,"date":"2025-02-25T10:31:20","date_gmt":"2025-02-25T07:31:20","guid":{"rendered":"https:\/\/cancan.com.tr\/?post_type=product&#038;p=10978"},"modified":"2025-10-13T15:11:47","modified_gmt":"2025-10-13T12:11:47","slug":"1340-spiral-kesim-makinesi","status":"publish","type":"product","link":"https:\/\/cancan.com.tr\/en\/all-products\/1340-spiral-cutter\/","title":{"rendered":"1340 Spiral Cutter"},"content":{"rendered":"<p><strong>Cutting Dimensions<\/strong><\/p>\n<p>It can produce 6x6mm spiral cut.<\/p>\n<p><b><img loading=\"lazy\" decoding=\"async\" class=\"alignnone size-medium wp-image-10984\" src=\"https:\/\/cancan.com.tr\/wp-content\/uploads\/2025\/02\/0E7A6381-200x300.jpg\" alt=\"\" width=\"200\" height=\"300\" srcset=\"https:\/\/cancan.com.tr\/wp-content\/uploads\/2025\/02\/0E7A6381-200x300.jpg 200w, https:\/\/cancan.com.tr\/wp-content\/uploads\/2025\/02\/0E7A6381-scaled-1200x1800.jpg 1200w, https:\/\/cancan.com.tr\/wp-content\/uploads\/2025\/02\/0E7A6381-683x1024.jpg 683w, https:\/\/cancan.com.tr\/wp-content\/uploads\/2025\/02\/0E7A6381-768x1152.jpg 768w, https:\/\/cancan.com.tr\/wp-content\/uploads\/2025\/02\/0E7A6381-1024x1536.jpg 1024w, https:\/\/cancan.com.tr\/wp-content\/uploads\/2025\/02\/0E7A6381-1365x2048.jpg 1365w, https:\/\/cancan.com.tr\/wp-content\/uploads\/2025\/02\/0E7A6381-scaled.jpg 1707w\" sizes=\"auto, (max-width: 200px) 100vw, 200px\" \/><\/b><\/p>\n<hr \/>\n<p><strong>Ease of Use<\/strong><\/p>\n<p>Thanks to the easy-to-use handle and gear shaft, the cutting process can be carried out comfortably without the need to apply force during the cutting process.<\/p>\n<p><b><img loading=\"lazy\" decoding=\"async\" class=\"alignnone size-medium wp-image-10979\" src=\"https:\/\/cancan.com.tr\/wp-content\/uploads\/2025\/02\/0E7A6368-300x200.jpg\" alt=\"\" width=\"300\" height=\"200\" srcset=\"https:\/\/cancan.com.tr\/wp-content\/uploads\/2025\/02\/0E7A6368-300x200.jpg 300w, https:\/\/cancan.com.tr\/wp-content\/uploads\/2025\/02\/0E7A6368-scaled-1200x800.jpg 1200w, https:\/\/cancan.com.tr\/wp-content\/uploads\/2025\/02\/0E7A6368-1024x683.jpg 1024w, https:\/\/cancan.com.tr\/wp-content\/uploads\/2025\/02\/0E7A6368-768x512.jpg 768w, https:\/\/cancan.com.tr\/wp-content\/uploads\/2025\/02\/0E7A6368-1536x1024.jpg 1536w, https:\/\/cancan.com.tr\/wp-content\/uploads\/2025\/02\/0E7A6368-2048x1365.jpg 2048w\" sizes=\"auto, (max-width: 300px) 100vw, 300px\" \/><\/b><\/p>\n<hr \/>\n<p><strong>Saving Time<\/strong><\/p>\n<p>Thanks to the latch on the ball screw, the lever can be retracted in one move after cutting, thus enabling fast and efficient cutting.<\/p>\n<hr \/>\n<p><strong>Compact and Portable<\/strong><\/p>\n<p>The machine is easy to carry thanks to its compact structure and can be used comfortably in any area.<\/p>\n<hr \/>\n<p><strong>Potato Fixing Feature<\/strong><\/p>\n<p>The stabbing knife keeps the potato stationary during cutting and prevents it from moving.<\/p>\n<p><b><img loading=\"lazy\" decoding=\"async\" class=\"alignnone size-medium wp-image-10981\" src=\"https:\/\/cancan.com.tr\/wp-content\/uploads\/2025\/02\/0E7A6372-300x200.jpg\" alt=\"\" width=\"300\" height=\"200\" srcset=\"https:\/\/cancan.com.tr\/wp-content\/uploads\/2025\/02\/0E7A6372-300x200.jpg 300w, https:\/\/cancan.com.tr\/wp-content\/uploads\/2025\/02\/0E7A6372-scaled-1200x800.jpg 1200w, https:\/\/cancan.com.tr\/wp-content\/uploads\/2025\/02\/0E7A6372-1024x683.jpg 1024w, https:\/\/cancan.com.tr\/wp-content\/uploads\/2025\/02\/0E7A6372-768x512.jpg 768w, https:\/\/cancan.com.tr\/wp-content\/uploads\/2025\/02\/0E7A6372-1536x1024.jpg 1536w, https:\/\/cancan.com.tr\/wp-content\/uploads\/2025\/02\/0E7A6372-2048x1365.jpg 2048w\" sizes=\"auto, (max-width: 300px) 100vw, 300px\" \/><\/b><\/p>\n<hr \/>\n<p><strong>Dishwasher Safe<\/strong><\/p>\n<p>The removable cutting head can be conveniently washed in the dishwasher.<\/p>\n<hr \/>\n<p><strong>Easy Assembly<\/strong><\/p>\n<p>It can be easily mounted on any table by removing the base plate.<\/p>\n<p><img loading=\"lazy\" decoding=\"async\" class=\"alignnone size-medium wp-image-10980\" src=\"https:\/\/cancan.com.tr\/wp-content\/uploads\/2025\/02\/0E7A6370-300x200.jpg\" alt=\"\" width=\"300\" height=\"200\" srcset=\"https:\/\/cancan.com.tr\/wp-content\/uploads\/2025\/02\/0E7A6370-300x200.jpg 300w, https:\/\/cancan.com.tr\/wp-content\/uploads\/2025\/02\/0E7A6370-scaled-1200x800.jpg 1200w, https:\/\/cancan.com.tr\/wp-content\/uploads\/2025\/02\/0E7A6370-1024x683.jpg 1024w, https:\/\/cancan.com.tr\/wp-content\/uploads\/2025\/02\/0E7A6370-768x512.jpg 768w, https:\/\/cancan.com.tr\/wp-content\/uploads\/2025\/02\/0E7A6370-1536x1024.jpg 1536w, https:\/\/cancan.com.tr\/wp-content\/uploads\/2025\/02\/0E7A6370-2048x1365.jpg 2048w\" sizes=\"auto, (max-width: 300px) 100vw, 300px\" \/><\/p>","protected":false},"excerpt":{"rendered":"<h2><span style=\"color: #fa0014;\">1340 Spiral Cutter<\/span><\/h2>\n<p>Spiral Cutting Machine is a highly efficient cutting machine that can produce 6x6mm spiral cut. Thanks to its easy-to-use handle and threaded shaft, it can be easily operated without the need to apply extra force during the cutting process. In addition, thanks to the latch on the threaded shaft, the handle can be retracted in one move when the cutting is completed, which saves the user time and offers the opportunity to make fast cuts. The compact design, portability and ease of use make the device very practical. Thanks to the stabbing blade, it keeps the potato stationary during cutting and prevents it from moving. The removable cutting head can be easily washed in the dishwasher. The base plate can be easily removed and mounted on any table, thus expanding the area of use.<\/p>\n","protected":false},"featured_media":11053,"comment_status":"open","ping_status":"closed","template":"","meta":[],"product_cat":[15,171,195,179],"product_tag":[188,202,192,194,193,186,190,203,222,219,218,183,176],"class_list":["post-10978","product","type-product","status-publish","has-post-thumbnail","hentry","product_cat-tum-urunler","product_cat-hazirlik-ekipmanlari","product_cat-kesici-ve-dilimleyiciler","product_cat-yeni-kategori","product_tag-alisveris-merkezi","product_tag-bakim-evleri","product_tag-bar","product_tag-catering","product_tag-fast-food","product_tag-hastane","product_tag-kafe","product_tag-kantinler","product_tag-kesiciler-hazirlik","product_tag-manuel-hazirlik","product_tag-paslanmaz","product_tag-restoranlar","product_tag-yerel-isletmeler"],"acf":[],"yoast_head":"<!-- This site is optimized with the Yoast SEO plugin v27.0 - https:\/\/yoast.com\/product\/yoast-seo-wordpress\/ -->\n<title>1340 Spiral Cutter - Cancan Meyve Presleri<\/title>\n<meta name=\"robots\" content=\"index, follow, max-snippet:-1, max-image-preview:large, max-video-preview:-1\" \/>\n<link rel=\"canonical\" href=\"https:\/\/cancan.com.tr\/tum-urunler\/1340-spiral-kesim-makinesi\/\" \/>\n<meta property=\"og:locale\" content=\"en_US\" \/>\n<meta property=\"og:type\" content=\"article\" \/>\n<meta property=\"og:title\" content=\"[:en]1340 Spiral Cutter[:tr]1340 Spiral Kesim Makinesi[:] - Cancan Meyve Presleri\" \/>\n<meta property=\"og:description\" content=\"[:en]1340 Spiral Cutter Spiral Cutting Machine is a highly efficient cutting machine that can produce 6x6mm spiral cut. Thanks to its easy-to-use handle and threaded shaft, it can be easily operated without the need to apply extra force during the cutting process. In addition, thanks to the latch on the threaded shaft, the handle can be retracted in one move when the cutting is completed, which saves the user time and offers the opportunity to make fast cuts. The compact design, portability and ease of use make the device very practical. Thanks to the stabbing blade, it keeps the potato stationary during cutting and prevents it from moving. The removable cutting head can be easily washed in the dishwasher. The base plate can be easily removed and mounted on any table, thus expanding the area of use.[:tr]1340 Spiral Kesim Makinesi Spiral Kesim Makinesi, 6x6 mm kal\u0131nl\u0131\u011f\u0131nda spiral \u00fcr\u00fcnler kesebilen y\u00fcksek verimli bir kesim makinesidir. Kolay kullan\u0131ma sahip tutma kolu ve di\u015fli mili sayesinde kesim i\u015flemi s\u0131ras\u0131nda ekstra g\u00fc\u00e7 uygulamaya gerek kalmadan rahatl\u0131kla i\u015flem yap\u0131labilir. Ayr\u0131ca, vidal\u0131 mil \u00fczerindeki mandal sayesinde kesim tamamland\u0131\u011f\u0131nda kol tek hamlede geri \u00e7ekilebilir, bu da kullan\u0131c\u0131ya zaman kazand\u0131r\u0131r ve h\u0131zl\u0131 kesimler yapma imkan\u0131 sunar. Kompakt yap\u0131s\u0131, ta\u015f\u0131nabilirli\u011fi ve kullan\u0131m\u0131 kolay olmas\u0131, cihaz\u0131 olduk\u00e7a pratik hale getirir. Saplama b\u0131\u00e7a\u011f\u0131 sayesinde kesim s\u0131ras\u0131nda patatesi sabit tutarak hareket etmesini engeller. \u00c7\u0131kar\u0131labilen kesim kafas\u0131 ise bula\u015f\u0131k makinesinde rahat\u00e7a y\u0131kanabilir. Taban sac\u0131 kolayca \u00e7\u0131kar\u0131larak herhangi bir masaya montajlanabilir, b\u00f6ylece kullan\u0131m alan\u0131 daha da geni\u015fler.[:]\" \/>\n<meta property=\"og:url\" content=\"https:\/\/cancan.com.tr\/tum-urunler\/1340-spiral-kesim-makinesi\/\" \/>\n<meta property=\"og:site_name\" content=\"Cancan Meyve Presleri\" \/>\n<meta property=\"article:modified_time\" content=\"2025-10-13T12:11:47+00:00\" \/>\n<meta property=\"og:image\" content=\"https:\/\/cancan.com.tr\/wp-content\/uploads\/2025\/02\/spiral-2.jpg\" \/>\n\t<meta property=\"og:image:width\" content=\"828\" \/>\n\t<meta property=\"og:image:height\" content=\"828\" \/>\n\t<meta property=\"og:image:type\" content=\"image\/jpeg\" \/>\n<meta name=\"twitter:card\" content=\"summary_large_image\" \/>\n<meta name=\"twitter:label1\" content=\"Est. reading time\" \/>\n\t<meta name=\"twitter:data1\" content=\"1 minute\" \/>\n<script type=\"application\/ld+json\" class=\"yoast-schema-graph\">{\"@context\":\"https:\/\/schema.org\",\"@graph\":[{\"@type\":\"WebPage\",\"@id\":\"https:\/\/cancan.com.tr\/tum-urunler\/1340-spiral-kesim-makinesi\/\",\"url\":\"https:\/\/cancan.com.tr\/tum-urunler\/1340-spiral-kesim-makinesi\/\",\"name\":\"[:en]1340 Spiral Cutter[:tr]1340 Spiral Kesim Makinesi[:] - Cancan Meyve Presleri\",\"isPartOf\":{\"@id\":\"https:\/\/cancan.com.tr\/#website\"},\"primaryImageOfPage\":{\"@id\":\"https:\/\/cancan.com.tr\/tum-urunler\/1340-spiral-kesim-makinesi\/#primaryimage\"},\"image\":{\"@id\":\"https:\/\/cancan.com.tr\/tum-urunler\/1340-spiral-kesim-makinesi\/#primaryimage\"},\"thumbnailUrl\":\"https:\/\/cancan.com.tr\/wp-content\/uploads\/2025\/02\/spiral-2.jpg\",\"datePublished\":\"2025-02-25T07:31:20+00:00\",\"dateModified\":\"2025-10-13T12:11:47+00:00\",\"breadcrumb\":{\"@id\":\"https:\/\/cancan.com.tr\/tum-urunler\/1340-spiral-kesim-makinesi\/#breadcrumb\"},\"inLanguage\":\"en-US\",\"potentialAction\":[{\"@type\":\"ReadAction\",\"target\":[\"https:\/\/cancan.com.tr\/tum-urunler\/1340-spiral-kesim-makinesi\/\"]}]},{\"@type\":\"ImageObject\",\"inLanguage\":\"en-US\",\"@id\":\"https:\/\/cancan.com.tr\/tum-urunler\/1340-spiral-kesim-makinesi\/#primaryimage\",\"url\":\"https:\/\/cancan.com.tr\/wp-content\/uploads\/2025\/02\/spiral-2.jpg\",\"contentUrl\":\"https:\/\/cancan.com.tr\/wp-content\/uploads\/2025\/02\/spiral-2.jpg\",\"width\":828,\"height\":828},{\"@type\":\"BreadcrumbList\",\"@id\":\"https:\/\/cancan.com.tr\/tum-urunler\/1340-spiral-kesim-makinesi\/#breadcrumb\",\"itemListElement\":[{\"@type\":\"ListItem\",\"position\":1,\"name\":\"Anasayfa\",\"item\":\"https:\/\/cancan.com.tr\/\"},{\"@type\":\"ListItem\",\"position\":2,\"name\":\"Products\",\"item\":\"https:\/\/cancan.com.tr\/en\/products-2\/\"},{\"@type\":\"ListItem\",\"position\":3,\"name\":\"1340 Spiral Kesim Makinesi\"}]},{\"@type\":\"WebSite\",\"@id\":\"https:\/\/cancan.com.tr\/#website\",\"url\":\"https:\/\/cancan.com.tr\/\",\"name\":\"Cancan Meyve Presleri\",\"description\":\"www.cancan.com.tr\",\"publisher\":{\"@id\":\"https:\/\/cancan.com.tr\/#organization\"},\"potentialAction\":[{\"@type\":\"SearchAction\",\"target\":{\"@type\":\"EntryPoint\",\"urlTemplate\":\"https:\/\/cancan.com.tr\/?s={search_term_string}\"},\"query-input\":{\"@type\":\"PropertyValueSpecification\",\"valueRequired\":true,\"valueName\":\"search_term_string\"}}],\"inLanguage\":\"en-US\"},{\"@type\":\"Organization\",\"@id\":\"https:\/\/cancan.com.tr\/#organization\",\"name\":\"Cancan Meyve Presleri\",\"url\":\"https:\/\/cancan.com.tr\/\",\"logo\":{\"@type\":\"ImageObject\",\"inLanguage\":\"en-US\",\"@id\":\"https:\/\/cancan.com.tr\/#\/schema\/logo\/image\/\",\"url\":\"https:\/\/cancan.com.tr\/wp-content\/uploads\/2026\/03\/CancanLogo.png\",\"contentUrl\":\"https:\/\/cancan.com.tr\/wp-content\/uploads\/2026\/03\/CancanLogo.png\",\"width\":362,\"height\":67,\"caption\":\"Cancan Meyve Presleri\"},\"image\":{\"@id\":\"https:\/\/cancan.com.tr\/#\/schema\/logo\/image\/\"}}]}<\/script>\n<!-- \/ Yoast SEO plugin. -->","yoast_head_json":{"title":"[:en]1340 Spiral Cutter[:tr]1340 Spiral Kesim Makinesi[:] - Cancan Meyve Presleri","robots":{"index":"index","follow":"follow","max-snippet":"max-snippet:-1","max-image-preview":"max-image-preview:large","max-video-preview":"max-video-preview:-1"},"canonical":"https:\/\/cancan.com.tr\/tum-urunler\/1340-spiral-kesim-makinesi\/","og_locale":"en_US","og_type":"article","og_title":"[:en]1340 Spiral Cutter[:tr]1340 Spiral Kesim Makinesi[:] - Cancan Meyve Presleri","og_description":"[:en]1340 Spiral Cutter Spiral Cutting Machine is a highly efficient cutting machine that can produce 6x6mm spiral cut. Thanks to its easy-to-use handle and threaded shaft, it can be easily operated without the need to apply extra force during the cutting process. In addition, thanks to the latch on the threaded shaft, the handle can be retracted in one move when the cutting is completed, which saves the user time and offers the opportunity to make fast cuts. The compact design, portability and ease of use make the device very practical. Thanks to the stabbing blade, it keeps the potato stationary during cutting and prevents it from moving. The removable cutting head can be easily washed in the dishwasher. The base plate can be easily removed and mounted on any table, thus expanding the area of use.[:tr]1340 Spiral Kesim Makinesi Spiral Kesim Makinesi, 6x6 mm kal\u0131nl\u0131\u011f\u0131nda spiral \u00fcr\u00fcnler kesebilen y\u00fcksek verimli bir kesim makinesidir. Kolay kullan\u0131ma sahip tutma kolu ve di\u015fli mili sayesinde kesim i\u015flemi s\u0131ras\u0131nda ekstra g\u00fc\u00e7 uygulamaya gerek kalmadan rahatl\u0131kla i\u015flem yap\u0131labilir. Ayr\u0131ca, vidal\u0131 mil \u00fczerindeki mandal sayesinde kesim tamamland\u0131\u011f\u0131nda kol tek hamlede geri \u00e7ekilebilir, bu da kullan\u0131c\u0131ya zaman kazand\u0131r\u0131r ve h\u0131zl\u0131 kesimler yapma imkan\u0131 sunar. Kompakt yap\u0131s\u0131, ta\u015f\u0131nabilirli\u011fi ve kullan\u0131m\u0131 kolay olmas\u0131, cihaz\u0131 olduk\u00e7a pratik hale getirir. Saplama b\u0131\u00e7a\u011f\u0131 sayesinde kesim s\u0131ras\u0131nda patatesi sabit tutarak hareket etmesini engeller. \u00c7\u0131kar\u0131labilen kesim kafas\u0131 ise bula\u015f\u0131k makinesinde rahat\u00e7a y\u0131kanabilir. Taban sac\u0131 kolayca \u00e7\u0131kar\u0131larak herhangi bir masaya montajlanabilir, b\u00f6ylece kullan\u0131m alan\u0131 daha da geni\u015fler.[:]","og_url":"https:\/\/cancan.com.tr\/tum-urunler\/1340-spiral-kesim-makinesi\/","og_site_name":"Cancan Meyve Presleri","article_modified_time":"2025-10-13T12:11:47+00:00","og_image":[{"width":828,"height":828,"url":"https:\/\/cancan.com.tr\/wp-content\/uploads\/2025\/02\/spiral-2.jpg","type":"image\/jpeg"}],"twitter_card":"summary_large_image","twitter_misc":{"Est. reading time":"1 minute"},"schema":{"@context":"https:\/\/schema.org","@graph":[{"@type":"WebPage","@id":"https:\/\/cancan.com.tr\/tum-urunler\/1340-spiral-kesim-makinesi\/","url":"https:\/\/cancan.com.tr\/tum-urunler\/1340-spiral-kesim-makinesi\/","name":"[:en]1340 Spiral Cutter[:tr]1340 Spiral Kesim Makinesi[:] - Cancan Meyve Presleri","isPartOf":{"@id":"https:\/\/cancan.com.tr\/#website"},"primaryImageOfPage":{"@id":"https:\/\/cancan.com.tr\/tum-urunler\/1340-spiral-kesim-makinesi\/#primaryimage"},"image":{"@id":"https:\/\/cancan.com.tr\/tum-urunler\/1340-spiral-kesim-makinesi\/#primaryimage"},"thumbnailUrl":"https:\/\/cancan.com.tr\/wp-content\/uploads\/2025\/02\/spiral-2.jpg","datePublished":"2025-02-25T07:31:20+00:00","dateModified":"2025-10-13T12:11:47+00:00","breadcrumb":{"@id":"https:\/\/cancan.com.tr\/tum-urunler\/1340-spiral-kesim-makinesi\/#breadcrumb"},"inLanguage":"en-US","potentialAction":[{"@type":"ReadAction","target":["https:\/\/cancan.com.tr\/tum-urunler\/1340-spiral-kesim-makinesi\/"]}]},{"@type":"ImageObject","inLanguage":"en-US","@id":"https:\/\/cancan.com.tr\/tum-urunler\/1340-spiral-kesim-makinesi\/#primaryimage","url":"https:\/\/cancan.com.tr\/wp-content\/uploads\/2025\/02\/spiral-2.jpg","contentUrl":"https:\/\/cancan.com.tr\/wp-content\/uploads\/2025\/02\/spiral-2.jpg","width":828,"height":828},{"@type":"BreadcrumbList","@id":"https:\/\/cancan.com.tr\/tum-urunler\/1340-spiral-kesim-makinesi\/#breadcrumb","itemListElement":[{"@type":"ListItem","position":1,"name":"Anasayfa","item":"https:\/\/cancan.com.tr\/"},{"@type":"ListItem","position":2,"name":"Products","item":"https:\/\/cancan.com.tr\/en\/products-2\/"},{"@type":"ListItem","position":3,"name":"1340 Spiral Kesim Makinesi"}]},{"@type":"WebSite","@id":"https:\/\/cancan.com.tr\/#website","url":"https:\/\/cancan.com.tr\/","name":"Cancan Meyve Presleri","description":"www.cancan.com.tr","publisher":{"@id":"https:\/\/cancan.com.tr\/#organization"},"potentialAction":[{"@type":"SearchAction","target":{"@type":"EntryPoint","urlTemplate":"https:\/\/cancan.com.tr\/?s={search_term_string}"},"query-input":{"@type":"PropertyValueSpecification","valueRequired":true,"valueName":"search_term_string"}}],"inLanguage":"en-US"},{"@type":"Organization","@id":"https:\/\/cancan.com.tr\/#organization","name":"Cancan Meyve Presleri","url":"https:\/\/cancan.com.tr\/","logo":{"@type":"ImageObject","inLanguage":"en-US","@id":"https:\/\/cancan.com.tr\/#\/schema\/logo\/image\/","url":"https:\/\/cancan.com.tr\/wp-content\/uploads\/2026\/03\/CancanLogo.png","contentUrl":"https:\/\/cancan.com.tr\/wp-content\/uploads\/2026\/03\/CancanLogo.png","width":362,"height":67,"caption":"Cancan Meyve Presleri"},"image":{"@id":"https:\/\/cancan.com.tr\/#\/schema\/logo\/image\/"}}]}},"_links":{"self":[{"href":"https:\/\/cancan.com.tr\/en\/wp-json\/wp\/v2\/product\/10978","targetHints":{"allow":["GET"]}}],"collection":[{"href":"https:\/\/cancan.com.tr\/en\/wp-json\/wp\/v2\/product"}],"about":[{"href":"https:\/\/cancan.com.tr\/en\/wp-json\/wp\/v2\/types\/product"}],"replies":[{"embeddable":true,"href":"https:\/\/cancan.com.tr\/en\/wp-json\/wp\/v2\/comments?post=10978"}],"wp:featuredmedia":[{"embeddable":true,"href":"https:\/\/cancan.com.tr\/en\/wp-json\/wp\/v2\/media\/11053"}],"wp:attachment":[{"href":"https:\/\/cancan.com.tr\/en\/wp-json\/wp\/v2\/media?parent=10978"}],"wp:term":[{"taxonomy":"product_cat","embeddable":true,"href":"https:\/\/cancan.com.tr\/en\/wp-json\/wp\/v2\/product_cat?post=10978"},{"taxonomy":"product_tag","embeddable":true,"href":"https:\/\/cancan.com.tr\/en\/wp-json\/wp\/v2\/product_tag?post=10978"}],"curies":[{"name":"wp","href":"https:\/\/api.w.org\/{rel}","templated":true}]}}