{"id":10964,"date":"2025-02-25T10:17:23","date_gmt":"2025-02-25T07:17:23","guid":{"rendered":"https:\/\/cancan.com.tr\/?post_type=product&#038;p=10964"},"modified":"2025-07-07T08:34:43","modified_gmt":"2025-07-07T05:34:43","slug":"1338-julyen-sosis-dilimleme-makinesi","status":"publish","type":"product","link":"https:\/\/cancan.com.tr\/en\/all-products\/1338-sausage-slicer-juliennecut\/","title":{"rendered":"1338 Sausage Slicer (Julienne Cut)"},"content":{"rendered":"<p><strong>Material Quality<\/strong><\/p>\n<p>It is made of stainless steel except the pusher.<\/p>\n<p><img loading=\"lazy\" decoding=\"async\" class=\"alignnone size-medium wp-image-10966\" src=\"https:\/\/cancan.com.tr\/wp-content\/uploads\/2025\/02\/0E7A6272-200x300.jpg\" alt=\"\" width=\"200\" height=\"300\" srcset=\"https:\/\/cancan.com.tr\/wp-content\/uploads\/2025\/02\/0E7A6272-200x300.jpg 200w, https:\/\/cancan.com.tr\/wp-content\/uploads\/2025\/02\/0E7A6272-scaled-1200x1800.jpg 1200w, https:\/\/cancan.com.tr\/wp-content\/uploads\/2025\/02\/0E7A6272-683x1024.jpg 683w, https:\/\/cancan.com.tr\/wp-content\/uploads\/2025\/02\/0E7A6272-768x1152.jpg 768w, https:\/\/cancan.com.tr\/wp-content\/uploads\/2025\/02\/0E7A6272-1024x1536.jpg 1024w, https:\/\/cancan.com.tr\/wp-content\/uploads\/2025\/02\/0E7A6272-1365x2048.jpg 1365w, https:\/\/cancan.com.tr\/wp-content\/uploads\/2025\/02\/0E7A6272-scaled.jpg 1707w\" sizes=\"auto, (max-width: 200px) 100vw, 200px\" \/><\/p>\n<hr \/>\n<p><strong>Cleaning<\/strong><\/p>\n<p>It is extremely easy to clean.<\/p>\n<p><img loading=\"lazy\" decoding=\"async\" class=\"alignnone size-medium wp-image-10976\" src=\"https:\/\/cancan.com.tr\/wp-content\/uploads\/2025\/02\/0E7A6267-200x300.jpg\" alt=\"\" width=\"200\" height=\"300\" srcset=\"https:\/\/cancan.com.tr\/wp-content\/uploads\/2025\/02\/0E7A6267-200x300.jpg 200w, https:\/\/cancan.com.tr\/wp-content\/uploads\/2025\/02\/0E7A6267-scaled-1200x1800.jpg 1200w, https:\/\/cancan.com.tr\/wp-content\/uploads\/2025\/02\/0E7A6267-683x1024.jpg 683w, https:\/\/cancan.com.tr\/wp-content\/uploads\/2025\/02\/0E7A6267-768x1152.jpg 768w, https:\/\/cancan.com.tr\/wp-content\/uploads\/2025\/02\/0E7A6267-1024x1536.jpg 1024w, https:\/\/cancan.com.tr\/wp-content\/uploads\/2025\/02\/0E7A6267-1365x2048.jpg 1365w, https:\/\/cancan.com.tr\/wp-content\/uploads\/2025\/02\/0E7A6267-scaled.jpg 1707w\" sizes=\"auto, (max-width: 200px) 100vw, 200px\" \/><\/p>\n<hr \/>\n<p><strong>Portability and Ease of Use<\/strong><\/p>\n<p>Compact, portable and simple to use.<\/p>\n<p><img loading=\"lazy\" decoding=\"async\" class=\"alignnone size-medium wp-image-10975\" src=\"https:\/\/cancan.com.tr\/wp-content\/uploads\/2025\/02\/0E7A6266-200x300.jpg\" alt=\"\" width=\"200\" height=\"300\" srcset=\"https:\/\/cancan.com.tr\/wp-content\/uploads\/2025\/02\/0E7A6266-200x300.jpg 200w, https:\/\/cancan.com.tr\/wp-content\/uploads\/2025\/02\/0E7A6266-scaled-1200x1800.jpg 1200w, https:\/\/cancan.com.tr\/wp-content\/uploads\/2025\/02\/0E7A6266-683x1024.jpg 683w, https:\/\/cancan.com.tr\/wp-content\/uploads\/2025\/02\/0E7A6266-768x1152.jpg 768w, https:\/\/cancan.com.tr\/wp-content\/uploads\/2025\/02\/0E7A6266-1024x1536.jpg 1024w, https:\/\/cancan.com.tr\/wp-content\/uploads\/2025\/02\/0E7A6266-1365x2048.jpg 1365w, https:\/\/cancan.com.tr\/wp-content\/uploads\/2025\/02\/0E7A6266-scaled.jpg 1707w\" sizes=\"auto, (max-width: 200px) 100vw, 200px\" \/><\/p>\n<hr \/>\n<p><strong>Detachable Parts<\/strong><\/p>\n<p>Ejector and blade parts are removable.<\/p>\n<p><img loading=\"lazy\" decoding=\"async\" class=\"alignnone size-medium wp-image-10967\" src=\"https:\/\/cancan.com.tr\/wp-content\/uploads\/2025\/02\/0E7A6274-200x300.jpg\" alt=\"\" width=\"200\" height=\"300\" srcset=\"https:\/\/cancan.com.tr\/wp-content\/uploads\/2025\/02\/0E7A6274-200x300.jpg 200w, https:\/\/cancan.com.tr\/wp-content\/uploads\/2025\/02\/0E7A6274-scaled-1200x1800.jpg 1200w, https:\/\/cancan.com.tr\/wp-content\/uploads\/2025\/02\/0E7A6274-683x1024.jpg 683w, https:\/\/cancan.com.tr\/wp-content\/uploads\/2025\/02\/0E7A6274-768x1152.jpg 768w, https:\/\/cancan.com.tr\/wp-content\/uploads\/2025\/02\/0E7A6274-1024x1536.jpg 1024w, https:\/\/cancan.com.tr\/wp-content\/uploads\/2025\/02\/0E7A6274-1365x2048.jpg 1365w, https:\/\/cancan.com.tr\/wp-content\/uploads\/2025\/02\/0E7A6274-scaled.jpg 1707w\" sizes=\"auto, (max-width: 200px) 100vw, 200px\" \/><\/p>","protected":false},"excerpt":{"rendered":"<h2><span style=\"color: #fa0014;\">1338 Sausage Slicer (Julienne Cut)<\/span><\/h2>\n<p>Julienne Sausage Slicer is made of stainless steel except the pusher and is long-lasting and durable. This device, which is extremely easy to clean, is portable and very simple to use thanks to its compact structure. In addition, the pusher and blade parts can be disassembled, which facilitates maintenance and offers practical use.<\/p>\n","protected":false},"featured_media":11070,"comment_status":"open","ping_status":"closed","template":"","meta":[],"product_cat":[15,171,195,179],"product_tag":[188,202,192,194,193,186,190,222,207,219,184,189,218,183,176],"class_list":["post-10964","product","type-product","status-publish","has-post-thumbnail","hentry","product_cat-tum-urunler","product_cat-hazirlik-ekipmanlari","product_cat-kesici-ve-dilimleyiciler","product_cat-yeni-kategori","product_tag-alisveris-merkezi","product_tag-bakim-evleri","product_tag-bar","product_tag-catering","product_tag-fast-food","product_tag-hastane","product_tag-kafe","product_tag-kesiciler-hazirlik","product_tag-manuel","product_tag-manuel-hazirlik","product_tag-okullar","product_tag-otel","product_tag-paslanmaz","product_tag-restoranlar","product_tag-yerel-isletmeler"],"acf":[],"yoast_head":"<!-- This site is optimized with the Yoast SEO plugin v27.0 - https:\/\/yoast.com\/product\/yoast-seo-wordpress\/ -->\n<title>1338 Sausage Slicer (Julienne Cut) - Cancan Meyve Presleri<\/title>\n<meta name=\"robots\" content=\"index, follow, max-snippet:-1, max-image-preview:large, max-video-preview:-1\" \/>\n<link rel=\"canonical\" href=\"https:\/\/cancan.com.tr\/tum-urunler\/1338-julyen-sosis-dilimleme-mak\/\" \/>\n<meta property=\"og:locale\" content=\"en_US\" \/>\n<meta property=\"og:type\" content=\"article\" \/>\n<meta property=\"og:title\" content=\"[:tr]1338 J\u00fclyen Sosis Dilimleme Makinesi[:en]1338 Sausage Slicer (Julienne Cut)[:] - Cancan Meyve Presleri\" \/>\n<meta property=\"og:description\" content=\"[:tr]1338 J\u00fclyen Sosis Dilimleme Makinesi J\u00fclyen Sosis Dilimleme, itici hari\u00e7 tamam\u0131 paslanmaz \u00e7elikten \u00fcretilmi\u015f olup, uzun \u00f6m\u00fcrl\u00fc ve dayan\u0131kl\u0131d\u0131r. Temizli\u011fi son derece kolay olan bu cihaz, kompakt yap\u0131s\u0131 sayesinde ta\u015f\u0131nabilir ve kullan\u0131m\u0131 olduk\u00e7a basittir. Ayr\u0131ca, itici ve b\u0131\u00e7ak par\u00e7alar\u0131 s\u00f6k\u00fclebilir, bu da hem bak\u0131m\u0131n\u0131 kolayla\u015ft\u0131r\u0131r hem de pratik kullan\u0131m imkan\u0131 sunar.[:en]1338 Sausage Slicer (Julienne Cut) Julienne Sausage Slicer is made of stainless steel except the pusher and is long-lasting and durable. This device, which is extremely easy to clean, is portable and very simple to use thanks to its compact structure. In addition, the pusher and blade parts can be disassembled, which facilitates maintenance and offers practical use.[:]\" \/>\n<meta property=\"og:url\" content=\"https:\/\/cancan.com.tr\/tum-urunler\/1338-julyen-sosis-dilimleme-mak\/\" \/>\n<meta property=\"og:site_name\" content=\"Cancan Meyve Presleri\" \/>\n<meta property=\"article:modified_time\" content=\"2025-07-07T05:34:43+00:00\" \/>\n<meta property=\"og:image\" content=\"https:\/\/cancan.com.tr\/wp-content\/uploads\/2025\/02\/1-2.jpg\" \/>\n\t<meta property=\"og:image:width\" content=\"828\" \/>\n\t<meta property=\"og:image:height\" content=\"828\" \/>\n\t<meta property=\"og:image:type\" content=\"image\/jpeg\" \/>\n<meta name=\"twitter:card\" content=\"summary_large_image\" \/>\n<script type=\"application\/ld+json\" class=\"yoast-schema-graph\">{\"@context\":\"https:\/\/schema.org\",\"@graph\":[{\"@type\":\"WebPage\",\"@id\":\"https:\/\/cancan.com.tr\/tum-urunler\/1338-julyen-sosis-dilimleme-mak\/\",\"url\":\"https:\/\/cancan.com.tr\/tum-urunler\/1338-julyen-sosis-dilimleme-mak\/\",\"name\":\"[:tr]1338 J\u00fclyen Sosis Dilimleme Makinesi[:en]1338 Sausage Slicer (Julienne Cut)[:] - Cancan Meyve Presleri\",\"isPartOf\":{\"@id\":\"https:\/\/cancan.com.tr\/#website\"},\"primaryImageOfPage\":{\"@id\":\"https:\/\/cancan.com.tr\/tum-urunler\/1338-julyen-sosis-dilimleme-mak\/#primaryimage\"},\"image\":{\"@id\":\"https:\/\/cancan.com.tr\/tum-urunler\/1338-julyen-sosis-dilimleme-mak\/#primaryimage\"},\"thumbnailUrl\":\"https:\/\/cancan.com.tr\/wp-content\/uploads\/2025\/02\/1-2.jpg\",\"datePublished\":\"2025-02-25T07:17:23+00:00\",\"dateModified\":\"2025-07-07T05:34:43+00:00\",\"breadcrumb\":{\"@id\":\"https:\/\/cancan.com.tr\/tum-urunler\/1338-julyen-sosis-dilimleme-mak\/#breadcrumb\"},\"inLanguage\":\"en-US\",\"potentialAction\":[{\"@type\":\"ReadAction\",\"target\":[\"https:\/\/cancan.com.tr\/tum-urunler\/1338-julyen-sosis-dilimleme-mak\/\"]}]},{\"@type\":\"ImageObject\",\"inLanguage\":\"en-US\",\"@id\":\"https:\/\/cancan.com.tr\/tum-urunler\/1338-julyen-sosis-dilimleme-mak\/#primaryimage\",\"url\":\"https:\/\/cancan.com.tr\/wp-content\/uploads\/2025\/02\/1-2.jpg\",\"contentUrl\":\"https:\/\/cancan.com.tr\/wp-content\/uploads\/2025\/02\/1-2.jpg\",\"width\":828,\"height\":828},{\"@type\":\"BreadcrumbList\",\"@id\":\"https:\/\/cancan.com.tr\/tum-urunler\/1338-julyen-sosis-dilimleme-mak\/#breadcrumb\",\"itemListElement\":[{\"@type\":\"ListItem\",\"position\":1,\"name\":\"Anasayfa\",\"item\":\"https:\/\/cancan.com.tr\/\"},{\"@type\":\"ListItem\",\"position\":2,\"name\":\"Products\",\"item\":\"https:\/\/cancan.com.tr\/en\/products-2\/\"},{\"@type\":\"ListItem\",\"position\":3,\"name\":\"1338 J\u00fclyen Sosis Dilimleme Makinesi\"}]},{\"@type\":\"WebSite\",\"@id\":\"https:\/\/cancan.com.tr\/#website\",\"url\":\"https:\/\/cancan.com.tr\/\",\"name\":\"Cancan Meyve Presleri\",\"description\":\"www.cancan.com.tr\",\"publisher\":{\"@id\":\"https:\/\/cancan.com.tr\/#organization\"},\"potentialAction\":[{\"@type\":\"SearchAction\",\"target\":{\"@type\":\"EntryPoint\",\"urlTemplate\":\"https:\/\/cancan.com.tr\/?s={search_term_string}\"},\"query-input\":{\"@type\":\"PropertyValueSpecification\",\"valueRequired\":true,\"valueName\":\"search_term_string\"}}],\"inLanguage\":\"en-US\"},{\"@type\":\"Organization\",\"@id\":\"https:\/\/cancan.com.tr\/#organization\",\"name\":\"Cancan Meyve Presleri\",\"url\":\"https:\/\/cancan.com.tr\/\",\"logo\":{\"@type\":\"ImageObject\",\"inLanguage\":\"en-US\",\"@id\":\"https:\/\/cancan.com.tr\/#\/schema\/logo\/image\/\",\"url\":\"https:\/\/cancan.com.tr\/wp-content\/uploads\/2026\/03\/CancanLogo.png\",\"contentUrl\":\"https:\/\/cancan.com.tr\/wp-content\/uploads\/2026\/03\/CancanLogo.png\",\"width\":362,\"height\":67,\"caption\":\"Cancan Meyve Presleri\"},\"image\":{\"@id\":\"https:\/\/cancan.com.tr\/#\/schema\/logo\/image\/\"}}]}<\/script>\n<!-- \/ Yoast SEO plugin. -->","yoast_head_json":{"title":"[:tr]1338 J\u00fclyen Sosis Dilimleme Makinesi[:en]1338 Sausage Slicer (Julienne Cut)[:] - Cancan Meyve Presleri","robots":{"index":"index","follow":"follow","max-snippet":"max-snippet:-1","max-image-preview":"max-image-preview:large","max-video-preview":"max-video-preview:-1"},"canonical":"https:\/\/cancan.com.tr\/tum-urunler\/1338-julyen-sosis-dilimleme-mak\/","og_locale":"en_US","og_type":"article","og_title":"[:tr]1338 J\u00fclyen Sosis Dilimleme Makinesi[:en]1338 Sausage Slicer (Julienne Cut)[:] - Cancan Meyve Presleri","og_description":"[:tr]1338 J\u00fclyen Sosis Dilimleme Makinesi J\u00fclyen Sosis Dilimleme, itici hari\u00e7 tamam\u0131 paslanmaz \u00e7elikten \u00fcretilmi\u015f olup, uzun \u00f6m\u00fcrl\u00fc ve dayan\u0131kl\u0131d\u0131r. Temizli\u011fi son derece kolay olan bu cihaz, kompakt yap\u0131s\u0131 sayesinde ta\u015f\u0131nabilir ve kullan\u0131m\u0131 olduk\u00e7a basittir. Ayr\u0131ca, itici ve b\u0131\u00e7ak par\u00e7alar\u0131 s\u00f6k\u00fclebilir, bu da hem bak\u0131m\u0131n\u0131 kolayla\u015ft\u0131r\u0131r hem de pratik kullan\u0131m imkan\u0131 sunar.[:en]1338 Sausage Slicer (Julienne Cut) Julienne Sausage Slicer is made of stainless steel except the pusher and is long-lasting and durable. This device, which is extremely easy to clean, is portable and very simple to use thanks to its compact structure. In addition, the pusher and blade parts can be disassembled, which facilitates maintenance and offers practical use.[:]","og_url":"https:\/\/cancan.com.tr\/tum-urunler\/1338-julyen-sosis-dilimleme-mak\/","og_site_name":"Cancan Meyve Presleri","article_modified_time":"2025-07-07T05:34:43+00:00","og_image":[{"width":828,"height":828,"url":"https:\/\/cancan.com.tr\/wp-content\/uploads\/2025\/02\/1-2.jpg","type":"image\/jpeg"}],"twitter_card":"summary_large_image","schema":{"@context":"https:\/\/schema.org","@graph":[{"@type":"WebPage","@id":"https:\/\/cancan.com.tr\/tum-urunler\/1338-julyen-sosis-dilimleme-mak\/","url":"https:\/\/cancan.com.tr\/tum-urunler\/1338-julyen-sosis-dilimleme-mak\/","name":"[:tr]1338 J\u00fclyen Sosis Dilimleme Makinesi[:en]1338 Sausage Slicer (Julienne Cut)[:] - Cancan Meyve Presleri","isPartOf":{"@id":"https:\/\/cancan.com.tr\/#website"},"primaryImageOfPage":{"@id":"https:\/\/cancan.com.tr\/tum-urunler\/1338-julyen-sosis-dilimleme-mak\/#primaryimage"},"image":{"@id":"https:\/\/cancan.com.tr\/tum-urunler\/1338-julyen-sosis-dilimleme-mak\/#primaryimage"},"thumbnailUrl":"https:\/\/cancan.com.tr\/wp-content\/uploads\/2025\/02\/1-2.jpg","datePublished":"2025-02-25T07:17:23+00:00","dateModified":"2025-07-07T05:34:43+00:00","breadcrumb":{"@id":"https:\/\/cancan.com.tr\/tum-urunler\/1338-julyen-sosis-dilimleme-mak\/#breadcrumb"},"inLanguage":"en-US","potentialAction":[{"@type":"ReadAction","target":["https:\/\/cancan.com.tr\/tum-urunler\/1338-julyen-sosis-dilimleme-mak\/"]}]},{"@type":"ImageObject","inLanguage":"en-US","@id":"https:\/\/cancan.com.tr\/tum-urunler\/1338-julyen-sosis-dilimleme-mak\/#primaryimage","url":"https:\/\/cancan.com.tr\/wp-content\/uploads\/2025\/02\/1-2.jpg","contentUrl":"https:\/\/cancan.com.tr\/wp-content\/uploads\/2025\/02\/1-2.jpg","width":828,"height":828},{"@type":"BreadcrumbList","@id":"https:\/\/cancan.com.tr\/tum-urunler\/1338-julyen-sosis-dilimleme-mak\/#breadcrumb","itemListElement":[{"@type":"ListItem","position":1,"name":"Anasayfa","item":"https:\/\/cancan.com.tr\/"},{"@type":"ListItem","position":2,"name":"Products","item":"https:\/\/cancan.com.tr\/en\/products-2\/"},{"@type":"ListItem","position":3,"name":"1338 J\u00fclyen Sosis Dilimleme Makinesi"}]},{"@type":"WebSite","@id":"https:\/\/cancan.com.tr\/#website","url":"https:\/\/cancan.com.tr\/","name":"Cancan Meyve Presleri","description":"www.cancan.com.tr","publisher":{"@id":"https:\/\/cancan.com.tr\/#organization"},"potentialAction":[{"@type":"SearchAction","target":{"@type":"EntryPoint","urlTemplate":"https:\/\/cancan.com.tr\/?s={search_term_string}"},"query-input":{"@type":"PropertyValueSpecification","valueRequired":true,"valueName":"search_term_string"}}],"inLanguage":"en-US"},{"@type":"Organization","@id":"https:\/\/cancan.com.tr\/#organization","name":"Cancan Meyve Presleri","url":"https:\/\/cancan.com.tr\/","logo":{"@type":"ImageObject","inLanguage":"en-US","@id":"https:\/\/cancan.com.tr\/#\/schema\/logo\/image\/","url":"https:\/\/cancan.com.tr\/wp-content\/uploads\/2026\/03\/CancanLogo.png","contentUrl":"https:\/\/cancan.com.tr\/wp-content\/uploads\/2026\/03\/CancanLogo.png","width":362,"height":67,"caption":"Cancan Meyve Presleri"},"image":{"@id":"https:\/\/cancan.com.tr\/#\/schema\/logo\/image\/"}}]}},"_links":{"self":[{"href":"https:\/\/cancan.com.tr\/en\/wp-json\/wp\/v2\/product\/10964","targetHints":{"allow":["GET"]}}],"collection":[{"href":"https:\/\/cancan.com.tr\/en\/wp-json\/wp\/v2\/product"}],"about":[{"href":"https:\/\/cancan.com.tr\/en\/wp-json\/wp\/v2\/types\/product"}],"replies":[{"embeddable":true,"href":"https:\/\/cancan.com.tr\/en\/wp-json\/wp\/v2\/comments?post=10964"}],"wp:featuredmedia":[{"embeddable":true,"href":"https:\/\/cancan.com.tr\/en\/wp-json\/wp\/v2\/media\/11070"}],"wp:attachment":[{"href":"https:\/\/cancan.com.tr\/en\/wp-json\/wp\/v2\/media?parent=10964"}],"wp:term":[{"taxonomy":"product_cat","embeddable":true,"href":"https:\/\/cancan.com.tr\/en\/wp-json\/wp\/v2\/product_cat?post=10964"},{"taxonomy":"product_tag","embeddable":true,"href":"https:\/\/cancan.com.tr\/en\/wp-json\/wp\/v2\/product_tag?post=10964"}],"curies":[{"name":"wp","href":"https:\/\/api.w.org\/{rel}","templated":true}]}}