{"id":10955,"date":"2025-02-25T09:57:09","date_gmt":"2025-02-25T06:57:09","guid":{"rendered":"https:\/\/cancan.com.tr\/?post_type=product&#038;p=10955"},"modified":"2025-08-29T08:57:38","modified_gmt":"2025-08-29T05:57:38","slug":"1336-rayli-peynir-dilimleme","status":"publish","type":"product","link":"https:\/\/cancan.com.tr\/en\/all-products\/1336-rail-cheese-slicer\/","title":{"rendered":"1336 Railed Cheese Slicer"},"content":{"rendered":"<p><strong>Durable Wire Structure<\/strong><\/p>\n<p>It provides long term use with its durable wire structure and is easily replaced when necessary.<\/p>\n<p><img loading=\"lazy\" decoding=\"async\" class=\"alignnone size-medium wp-image-10957\" src=\"https:\/\/cancan.com.tr\/wp-content\/uploads\/2025\/02\/0E7A6230-300x200.jpg\" alt=\"\" width=\"300\" height=\"200\" srcset=\"https:\/\/cancan.com.tr\/wp-content\/uploads\/2025\/02\/0E7A6230-300x200.jpg 300w, https:\/\/cancan.com.tr\/wp-content\/uploads\/2025\/02\/0E7A6230-scaled-1200x800.jpg 1200w, https:\/\/cancan.com.tr\/wp-content\/uploads\/2025\/02\/0E7A6230-1024x683.jpg 1024w, https:\/\/cancan.com.tr\/wp-content\/uploads\/2025\/02\/0E7A6230-768x512.jpg 768w, https:\/\/cancan.com.tr\/wp-content\/uploads\/2025\/02\/0E7A6230-1536x1024.jpg 1536w, https:\/\/cancan.com.tr\/wp-content\/uploads\/2025\/02\/0E7A6230-2048x1365.jpg 2048w\" sizes=\"auto, (max-width: 300px) 100vw, 300px\" \/><\/p>\n<hr \/>\n<p><strong>Suitable Design for Hard and Large Cheeses<\/strong><\/p>\n<p>Specially designed to easily cut the hardest and largest cheeses.<\/p>\n<p><img loading=\"lazy\" decoding=\"async\" class=\"alignnone size-medium wp-image-10958\" src=\"https:\/\/cancan.com.tr\/wp-content\/uploads\/2025\/02\/0E7A6231-300x200.jpg\" alt=\"\" width=\"300\" height=\"200\" srcset=\"https:\/\/cancan.com.tr\/wp-content\/uploads\/2025\/02\/0E7A6231-300x200.jpg 300w, https:\/\/cancan.com.tr\/wp-content\/uploads\/2025\/02\/0E7A6231-scaled-1200x800.jpg 1200w, https:\/\/cancan.com.tr\/wp-content\/uploads\/2025\/02\/0E7A6231-1024x683.jpg 1024w, https:\/\/cancan.com.tr\/wp-content\/uploads\/2025\/02\/0E7A6231-768x512.jpg 768w, https:\/\/cancan.com.tr\/wp-content\/uploads\/2025\/02\/0E7A6231-1536x1024.jpg 1536w, https:\/\/cancan.com.tr\/wp-content\/uploads\/2025\/02\/0E7A6231-2048x1365.jpg 2048w\" sizes=\"auto, (max-width: 300px) 100vw, 300px\" \/><\/p>\n<hr \/>\n<p><strong>Wire Cut<\/strong><\/p>\n<p>Ensures clean and even slicing of cheese blocks.<\/p>\n<p><img loading=\"lazy\" decoding=\"async\" class=\"alignnone size-medium wp-image-10960\" src=\"https:\/\/cancan.com.tr\/wp-content\/uploads\/2025\/02\/0E7A6235-200x300.jpg\" alt=\"\" width=\"200\" height=\"300\" srcset=\"https:\/\/cancan.com.tr\/wp-content\/uploads\/2025\/02\/0E7A6235-200x300.jpg 200w, https:\/\/cancan.com.tr\/wp-content\/uploads\/2025\/02\/0E7A6235-scaled-1200x1800.jpg 1200w, https:\/\/cancan.com.tr\/wp-content\/uploads\/2025\/02\/0E7A6235-683x1024.jpg 683w, https:\/\/cancan.com.tr\/wp-content\/uploads\/2025\/02\/0E7A6235-768x1152.jpg 768w, https:\/\/cancan.com.tr\/wp-content\/uploads\/2025\/02\/0E7A6235-1024x1536.jpg 1024w, https:\/\/cancan.com.tr\/wp-content\/uploads\/2025\/02\/0E7A6235-1365x2048.jpg 1365w, https:\/\/cancan.com.tr\/wp-content\/uploads\/2025\/02\/0E7A6235-scaled.jpg 1707w\" sizes=\"auto, (max-width: 200px) 100vw, 200px\" \/><\/p>","protected":false},"excerpt":{"rendered":"<h2><span style=\"color: #fa0014;\">1336 Railed Cheese Slicer<\/span><\/h2>\n<p>Railed Cheese Slicer; It is designed to easily cut the hardest and largest cheeses. The wire cutting ensures clean and even slicing cheese blocks. The springs in the machine allow you to cut hard cheeses effortless. The non-slip rubbers on the base ensure that the machine remains stable during cutting, so you can cut safely. In addition, this machine which is made entirely of stainless steel, is durable and long-lasting. It is extremely easy to clean.<\/p>\n","protected":false},"featured_media":11055,"comment_status":"open","ping_status":"closed","template":"","meta":[],"product_cat":[15,171,195,179],"product_tag":[188,194,193,190,203,222,219,189,218,183,176],"class_list":["post-10955","product","type-product","status-publish","has-post-thumbnail","hentry","product_cat-tum-urunler","product_cat-hazirlik-ekipmanlari","product_cat-kesici-ve-dilimleyiciler","product_cat-yeni-kategori","product_tag-alisveris-merkezi","product_tag-catering","product_tag-fast-food","product_tag-kafe","product_tag-kantinler","product_tag-kesiciler-hazirlik","product_tag-manuel-hazirlik","product_tag-otel","product_tag-paslanmaz","product_tag-restoranlar","product_tag-yerel-isletmeler"],"acf":[],"yoast_head":"<!-- This site is optimized with the Yoast SEO plugin v27.0 - https:\/\/yoast.com\/product\/yoast-seo-wordpress\/ -->\n<title>1336 Railed Cheese Slicer - Cancan Meyve Presleri<\/title>\n<meta name=\"robots\" content=\"index, follow, max-snippet:-1, max-image-preview:large, max-video-preview:-1\" \/>\n<link rel=\"canonical\" href=\"https:\/\/cancan.com.tr\/tum-urunler\/1336-rayli-peynir-dilimleme-mak\/\" \/>\n<meta property=\"og:locale\" content=\"en_US\" \/>\n<meta property=\"og:type\" content=\"article\" \/>\n<meta property=\"og:title\" content=\"[:tr]1336 Rayl\u0131 Peynir Dilimleme Makinesi[:en]1336 Railed Cheese Slicer[:] - Cancan Meyve Presleri\" \/>\n<meta property=\"og:description\" content=\"[:tr]1336 Rayl\u0131 Peynir Dilimleme Makinesi Rayl\u0131 Peynir Dilimleme Makinesi; en sert ve b\u00fcy\u00fck peynirleri kolayca kesebilmek i\u00e7in tasarlanm\u0131\u015ft\u0131r. Telli kesim, peynir bloklar\u0131n\u0131n temiz ve d\u00fczg\u00fcn bir \u015fekilde dilimlenmesini sa\u011flar. Makinede bulunan yaylar, g\u00fc\u00e7 kullanmadan sert peynirleri rahat\u00e7a kesmenize imkan tan\u0131r. Kayd\u0131rmaz taban lastikleri, kesim esnas\u0131nda makinenin sabit kalmas\u0131n\u0131 sa\u011flar ve b\u00f6ylece g\u00fcvenli bir \u015fekilde kesim yap\u0131labilir. Ayr\u0131ca, tamam\u0131 paslanmaz \u00e7elikten \u00fcretilmi\u015f olan bu makine, dayan\u0131kl\u0131 ve uzun \u00f6m\u00fcrl\u00fcd\u00fcr. Temizli\u011fi son derece kolayd\u0131r.[:en]1336 Railed Cheese Slicer Railed Cheese Slicer; It is designed to easily cut the hardest and largest cheeses. The wire cutting ensures clean and even slicing cheese blocks. The springs in the machine allow you to cut hard cheeses effortless. The non-slip rubbers on the base ensure that the machine remains stable during cutting, so you can cut safely. In addition, this machine which is made entirely of stainless steel, is durable and long-lasting. It is extremely easy to clean.[:]\" \/>\n<meta property=\"og:url\" content=\"https:\/\/cancan.com.tr\/tum-urunler\/1336-rayli-peynir-dilimleme-mak\/\" \/>\n<meta property=\"og:site_name\" content=\"Cancan Meyve Presleri\" \/>\n<meta property=\"article:modified_time\" content=\"2025-08-29T05:57:38+00:00\" \/>\n<meta property=\"og:image\" content=\"https:\/\/cancan.com.tr\/wp-content\/uploads\/2025\/02\/Rayli-Peynir.jpg\" \/>\n\t<meta property=\"og:image:width\" content=\"828\" \/>\n\t<meta property=\"og:image:height\" content=\"828\" \/>\n\t<meta property=\"og:image:type\" content=\"image\/jpeg\" \/>\n<meta name=\"twitter:card\" content=\"summary_large_image\" \/>\n<meta name=\"twitter:label1\" content=\"Est. reading time\" \/>\n\t<meta name=\"twitter:data1\" content=\"1 minute\" \/>\n<script type=\"application\/ld+json\" class=\"yoast-schema-graph\">{\"@context\":\"https:\/\/schema.org\",\"@graph\":[{\"@type\":\"WebPage\",\"@id\":\"https:\/\/cancan.com.tr\/tum-urunler\/1336-rayli-peynir-dilimleme-mak\/\",\"url\":\"https:\/\/cancan.com.tr\/tum-urunler\/1336-rayli-peynir-dilimleme-mak\/\",\"name\":\"[:tr]1336 Rayl\u0131 Peynir Dilimleme Makinesi[:en]1336 Railed Cheese Slicer[:] - Cancan Meyve Presleri\",\"isPartOf\":{\"@id\":\"https:\/\/cancan.com.tr\/#website\"},\"primaryImageOfPage\":{\"@id\":\"https:\/\/cancan.com.tr\/tum-urunler\/1336-rayli-peynir-dilimleme-mak\/#primaryimage\"},\"image\":{\"@id\":\"https:\/\/cancan.com.tr\/tum-urunler\/1336-rayli-peynir-dilimleme-mak\/#primaryimage\"},\"thumbnailUrl\":\"https:\/\/cancan.com.tr\/wp-content\/uploads\/2025\/02\/Rayli-Peynir.jpg\",\"datePublished\":\"2025-02-25T06:57:09+00:00\",\"dateModified\":\"2025-08-29T05:57:38+00:00\",\"breadcrumb\":{\"@id\":\"https:\/\/cancan.com.tr\/tum-urunler\/1336-rayli-peynir-dilimleme-mak\/#breadcrumb\"},\"inLanguage\":\"en-US\",\"potentialAction\":[{\"@type\":\"ReadAction\",\"target\":[\"https:\/\/cancan.com.tr\/tum-urunler\/1336-rayli-peynir-dilimleme-mak\/\"]}]},{\"@type\":\"ImageObject\",\"inLanguage\":\"en-US\",\"@id\":\"https:\/\/cancan.com.tr\/tum-urunler\/1336-rayli-peynir-dilimleme-mak\/#primaryimage\",\"url\":\"https:\/\/cancan.com.tr\/wp-content\/uploads\/2025\/02\/Rayli-Peynir.jpg\",\"contentUrl\":\"https:\/\/cancan.com.tr\/wp-content\/uploads\/2025\/02\/Rayli-Peynir.jpg\",\"width\":828,\"height\":828},{\"@type\":\"BreadcrumbList\",\"@id\":\"https:\/\/cancan.com.tr\/tum-urunler\/1336-rayli-peynir-dilimleme-mak\/#breadcrumb\",\"itemListElement\":[{\"@type\":\"ListItem\",\"position\":1,\"name\":\"Anasayfa\",\"item\":\"https:\/\/cancan.com.tr\/\"},{\"@type\":\"ListItem\",\"position\":2,\"name\":\"Products\",\"item\":\"https:\/\/cancan.com.tr\/en\/products-2\/\"},{\"@type\":\"ListItem\",\"position\":3,\"name\":\"1336 Rayl\u0131 Peynir Dilimleme Makinesi\"}]},{\"@type\":\"WebSite\",\"@id\":\"https:\/\/cancan.com.tr\/#website\",\"url\":\"https:\/\/cancan.com.tr\/\",\"name\":\"Cancan Meyve Presleri\",\"description\":\"www.cancan.com.tr\",\"publisher\":{\"@id\":\"https:\/\/cancan.com.tr\/#organization\"},\"potentialAction\":[{\"@type\":\"SearchAction\",\"target\":{\"@type\":\"EntryPoint\",\"urlTemplate\":\"https:\/\/cancan.com.tr\/?s={search_term_string}\"},\"query-input\":{\"@type\":\"PropertyValueSpecification\",\"valueRequired\":true,\"valueName\":\"search_term_string\"}}],\"inLanguage\":\"en-US\"},{\"@type\":\"Organization\",\"@id\":\"https:\/\/cancan.com.tr\/#organization\",\"name\":\"Cancan Meyve Presleri\",\"url\":\"https:\/\/cancan.com.tr\/\",\"logo\":{\"@type\":\"ImageObject\",\"inLanguage\":\"en-US\",\"@id\":\"https:\/\/cancan.com.tr\/#\/schema\/logo\/image\/\",\"url\":\"https:\/\/cancan.com.tr\/wp-content\/uploads\/2026\/03\/CancanLogo.png\",\"contentUrl\":\"https:\/\/cancan.com.tr\/wp-content\/uploads\/2026\/03\/CancanLogo.png\",\"width\":362,\"height\":67,\"caption\":\"Cancan Meyve Presleri\"},\"image\":{\"@id\":\"https:\/\/cancan.com.tr\/#\/schema\/logo\/image\/\"}}]}<\/script>\n<!-- \/ Yoast SEO plugin. -->","yoast_head_json":{"title":"[:tr]1336 Rayl\u0131 Peynir Dilimleme Makinesi[:en]1336 Railed Cheese Slicer[:] - Cancan Meyve Presleri","robots":{"index":"index","follow":"follow","max-snippet":"max-snippet:-1","max-image-preview":"max-image-preview:large","max-video-preview":"max-video-preview:-1"},"canonical":"https:\/\/cancan.com.tr\/tum-urunler\/1336-rayli-peynir-dilimleme-mak\/","og_locale":"en_US","og_type":"article","og_title":"[:tr]1336 Rayl\u0131 Peynir Dilimleme Makinesi[:en]1336 Railed Cheese Slicer[:] - Cancan Meyve Presleri","og_description":"[:tr]1336 Rayl\u0131 Peynir Dilimleme Makinesi Rayl\u0131 Peynir Dilimleme Makinesi; en sert ve b\u00fcy\u00fck peynirleri kolayca kesebilmek i\u00e7in tasarlanm\u0131\u015ft\u0131r. Telli kesim, peynir bloklar\u0131n\u0131n temiz ve d\u00fczg\u00fcn bir \u015fekilde dilimlenmesini sa\u011flar. Makinede bulunan yaylar, g\u00fc\u00e7 kullanmadan sert peynirleri rahat\u00e7a kesmenize imkan tan\u0131r. Kayd\u0131rmaz taban lastikleri, kesim esnas\u0131nda makinenin sabit kalmas\u0131n\u0131 sa\u011flar ve b\u00f6ylece g\u00fcvenli bir \u015fekilde kesim yap\u0131labilir. Ayr\u0131ca, tamam\u0131 paslanmaz \u00e7elikten \u00fcretilmi\u015f olan bu makine, dayan\u0131kl\u0131 ve uzun \u00f6m\u00fcrl\u00fcd\u00fcr. Temizli\u011fi son derece kolayd\u0131r.[:en]1336 Railed Cheese Slicer Railed Cheese Slicer; It is designed to easily cut the hardest and largest cheeses. The wire cutting ensures clean and even slicing cheese blocks. The springs in the machine allow you to cut hard cheeses effortless. The non-slip rubbers on the base ensure that the machine remains stable during cutting, so you can cut safely. In addition, this machine which is made entirely of stainless steel, is durable and long-lasting. It is extremely easy to clean.[:]","og_url":"https:\/\/cancan.com.tr\/tum-urunler\/1336-rayli-peynir-dilimleme-mak\/","og_site_name":"Cancan Meyve Presleri","article_modified_time":"2025-08-29T05:57:38+00:00","og_image":[{"width":828,"height":828,"url":"https:\/\/cancan.com.tr\/wp-content\/uploads\/2025\/02\/Rayli-Peynir.jpg","type":"image\/jpeg"}],"twitter_card":"summary_large_image","twitter_misc":{"Est. reading time":"1 minute"},"schema":{"@context":"https:\/\/schema.org","@graph":[{"@type":"WebPage","@id":"https:\/\/cancan.com.tr\/tum-urunler\/1336-rayli-peynir-dilimleme-mak\/","url":"https:\/\/cancan.com.tr\/tum-urunler\/1336-rayli-peynir-dilimleme-mak\/","name":"[:tr]1336 Rayl\u0131 Peynir Dilimleme Makinesi[:en]1336 Railed Cheese Slicer[:] - Cancan Meyve Presleri","isPartOf":{"@id":"https:\/\/cancan.com.tr\/#website"},"primaryImageOfPage":{"@id":"https:\/\/cancan.com.tr\/tum-urunler\/1336-rayli-peynir-dilimleme-mak\/#primaryimage"},"image":{"@id":"https:\/\/cancan.com.tr\/tum-urunler\/1336-rayli-peynir-dilimleme-mak\/#primaryimage"},"thumbnailUrl":"https:\/\/cancan.com.tr\/wp-content\/uploads\/2025\/02\/Rayli-Peynir.jpg","datePublished":"2025-02-25T06:57:09+00:00","dateModified":"2025-08-29T05:57:38+00:00","breadcrumb":{"@id":"https:\/\/cancan.com.tr\/tum-urunler\/1336-rayli-peynir-dilimleme-mak\/#breadcrumb"},"inLanguage":"en-US","potentialAction":[{"@type":"ReadAction","target":["https:\/\/cancan.com.tr\/tum-urunler\/1336-rayli-peynir-dilimleme-mak\/"]}]},{"@type":"ImageObject","inLanguage":"en-US","@id":"https:\/\/cancan.com.tr\/tum-urunler\/1336-rayli-peynir-dilimleme-mak\/#primaryimage","url":"https:\/\/cancan.com.tr\/wp-content\/uploads\/2025\/02\/Rayli-Peynir.jpg","contentUrl":"https:\/\/cancan.com.tr\/wp-content\/uploads\/2025\/02\/Rayli-Peynir.jpg","width":828,"height":828},{"@type":"BreadcrumbList","@id":"https:\/\/cancan.com.tr\/tum-urunler\/1336-rayli-peynir-dilimleme-mak\/#breadcrumb","itemListElement":[{"@type":"ListItem","position":1,"name":"Anasayfa","item":"https:\/\/cancan.com.tr\/"},{"@type":"ListItem","position":2,"name":"Products","item":"https:\/\/cancan.com.tr\/en\/products-2\/"},{"@type":"ListItem","position":3,"name":"1336 Rayl\u0131 Peynir Dilimleme Makinesi"}]},{"@type":"WebSite","@id":"https:\/\/cancan.com.tr\/#website","url":"https:\/\/cancan.com.tr\/","name":"Cancan Meyve Presleri","description":"www.cancan.com.tr","publisher":{"@id":"https:\/\/cancan.com.tr\/#organization"},"potentialAction":[{"@type":"SearchAction","target":{"@type":"EntryPoint","urlTemplate":"https:\/\/cancan.com.tr\/?s={search_term_string}"},"query-input":{"@type":"PropertyValueSpecification","valueRequired":true,"valueName":"search_term_string"}}],"inLanguage":"en-US"},{"@type":"Organization","@id":"https:\/\/cancan.com.tr\/#organization","name":"Cancan Meyve Presleri","url":"https:\/\/cancan.com.tr\/","logo":{"@type":"ImageObject","inLanguage":"en-US","@id":"https:\/\/cancan.com.tr\/#\/schema\/logo\/image\/","url":"https:\/\/cancan.com.tr\/wp-content\/uploads\/2026\/03\/CancanLogo.png","contentUrl":"https:\/\/cancan.com.tr\/wp-content\/uploads\/2026\/03\/CancanLogo.png","width":362,"height":67,"caption":"Cancan Meyve Presleri"},"image":{"@id":"https:\/\/cancan.com.tr\/#\/schema\/logo\/image\/"}}]}},"_links":{"self":[{"href":"https:\/\/cancan.com.tr\/en\/wp-json\/wp\/v2\/product\/10955","targetHints":{"allow":["GET"]}}],"collection":[{"href":"https:\/\/cancan.com.tr\/en\/wp-json\/wp\/v2\/product"}],"about":[{"href":"https:\/\/cancan.com.tr\/en\/wp-json\/wp\/v2\/types\/product"}],"replies":[{"embeddable":true,"href":"https:\/\/cancan.com.tr\/en\/wp-json\/wp\/v2\/comments?post=10955"}],"wp:featuredmedia":[{"embeddable":true,"href":"https:\/\/cancan.com.tr\/en\/wp-json\/wp\/v2\/media\/11055"}],"wp:attachment":[{"href":"https:\/\/cancan.com.tr\/en\/wp-json\/wp\/v2\/media?parent=10955"}],"wp:term":[{"taxonomy":"product_cat","embeddable":true,"href":"https:\/\/cancan.com.tr\/en\/wp-json\/wp\/v2\/product_cat?post=10955"},{"taxonomy":"product_tag","embeddable":true,"href":"https:\/\/cancan.com.tr\/en\/wp-json\/wp\/v2\/product_tag?post=10955"}],"curies":[{"name":"wp","href":"https:\/\/api.w.org\/{rel}","templated":true}]}}