{"id":10937,"date":"2025-02-25T09:45:10","date_gmt":"2025-02-25T06:45:10","guid":{"rendered":"https:\/\/cancan.com.tr\/?post_type=product&#038;p=10937"},"modified":"2025-08-29T08:52:31","modified_gmt":"2025-08-29T05:52:31","slug":"1335-blok-peynir-dilimleme","status":"publish","type":"product","link":"https:\/\/cancan.com.tr\/en\/all-products\/1336-block-cheese-slicer\/","title":{"rendered":"1335 Block Cheese Slicer"},"content":{"rendered":"<p><strong>Easy Cutting<\/strong><\/p>\n<p>The stretched wire allows you to easily cut the cheese.<\/p>\n<p><img loading=\"lazy\" decoding=\"async\" class=\"alignnone size-medium wp-image-10945\" src=\"https:\/\/cancan.com.tr\/wp-content\/uploads\/2025\/02\/0E7A6188-300x200.jpg\" alt=\"\" width=\"300\" height=\"200\" srcset=\"https:\/\/cancan.com.tr\/wp-content\/uploads\/2025\/02\/0E7A6188-300x200.jpg 300w, https:\/\/cancan.com.tr\/wp-content\/uploads\/2025\/02\/0E7A6188-scaled-1200x800.jpg 1200w, https:\/\/cancan.com.tr\/wp-content\/uploads\/2025\/02\/0E7A6188-1024x683.jpg 1024w, https:\/\/cancan.com.tr\/wp-content\/uploads\/2025\/02\/0E7A6188-768x512.jpg 768w, https:\/\/cancan.com.tr\/wp-content\/uploads\/2025\/02\/0E7A6188-1536x1024.jpg 1536w, https:\/\/cancan.com.tr\/wp-content\/uploads\/2025\/02\/0E7A6188-2048x1365.jpg 2048w\" sizes=\"auto, (max-width: 300px) 100vw, 300px\" \/><img loading=\"lazy\" decoding=\"async\" class=\"alignnone size-medium wp-image-10946\" src=\"https:\/\/cancan.com.tr\/wp-content\/uploads\/2025\/02\/0E7A6190-300x200.jpg\" alt=\"\" width=\"300\" height=\"200\" srcset=\"https:\/\/cancan.com.tr\/wp-content\/uploads\/2025\/02\/0E7A6190-300x200.jpg 300w, https:\/\/cancan.com.tr\/wp-content\/uploads\/2025\/02\/0E7A6190-scaled-1200x800.jpg 1200w, https:\/\/cancan.com.tr\/wp-content\/uploads\/2025\/02\/0E7A6190-1024x683.jpg 1024w, https:\/\/cancan.com.tr\/wp-content\/uploads\/2025\/02\/0E7A6190-768x512.jpg 768w, https:\/\/cancan.com.tr\/wp-content\/uploads\/2025\/02\/0E7A6190-1536x1024.jpg 1536w, https:\/\/cancan.com.tr\/wp-content\/uploads\/2025\/02\/0E7A6190-2048x1365.jpg 2048w\" sizes=\"auto, (max-width: 300px) 100vw, 300px\" \/><\/p>\n<hr \/>\n<p><strong>Resilience<\/strong><\/p>\n<p>It is completely made of stainless steel, making it durable and long-lasting.<\/p>\n<p><img loading=\"lazy\" decoding=\"async\" class=\"alignnone size-medium wp-image-10948\" src=\"https:\/\/cancan.com.tr\/wp-content\/uploads\/2025\/02\/0E7A6195-300x200.jpg\" alt=\"\" width=\"300\" height=\"200\" srcset=\"https:\/\/cancan.com.tr\/wp-content\/uploads\/2025\/02\/0E7A6195-300x200.jpg 300w, https:\/\/cancan.com.tr\/wp-content\/uploads\/2025\/02\/0E7A6195-scaled-1200x800.jpg 1200w, https:\/\/cancan.com.tr\/wp-content\/uploads\/2025\/02\/0E7A6195-1024x683.jpg 1024w, https:\/\/cancan.com.tr\/wp-content\/uploads\/2025\/02\/0E7A6195-768x512.jpg 768w, https:\/\/cancan.com.tr\/wp-content\/uploads\/2025\/02\/0E7A6195-1536x1024.jpg 1536w, https:\/\/cancan.com.tr\/wp-content\/uploads\/2025\/02\/0E7A6195-2048x1365.jpg 2048w\" sizes=\"auto, (max-width: 300px) 100vw, 300px\" \/><\/p>\n<hr \/>\n<p><strong>Easy Cleaning<\/strong><\/p>\n<p>It is very easy to clean.<\/p>\n<p><img loading=\"lazy\" decoding=\"async\" class=\"alignnone size-medium wp-image-10943\" src=\"https:\/\/cancan.com.tr\/wp-content\/uploads\/2025\/02\/0E7A6183-300x200.jpg\" alt=\"\" width=\"300\" height=\"200\" srcset=\"https:\/\/cancan.com.tr\/wp-content\/uploads\/2025\/02\/0E7A6183-300x200.jpg 300w, https:\/\/cancan.com.tr\/wp-content\/uploads\/2025\/02\/0E7A6183-scaled-1200x800.jpg 1200w, https:\/\/cancan.com.tr\/wp-content\/uploads\/2025\/02\/0E7A6183-1024x683.jpg 1024w, https:\/\/cancan.com.tr\/wp-content\/uploads\/2025\/02\/0E7A6183-768x512.jpg 768w, https:\/\/cancan.com.tr\/wp-content\/uploads\/2025\/02\/0E7A6183-1536x1024.jpg 1536w, https:\/\/cancan.com.tr\/wp-content\/uploads\/2025\/02\/0E7A6183-2048x1365.jpg 2048w\" sizes=\"auto, (max-width: 300px) 100vw, 300px\" \/><\/p>\n<hr \/>\n<p><strong>Stability<\/strong><\/p>\n<p>Anti-slip rubbers on the base ensure that the machine remains stable during cutting.<\/p>\n<p><img loading=\"lazy\" decoding=\"async\" class=\"alignnone size-medium wp-image-10947\" src=\"https:\/\/cancan.com.tr\/wp-content\/uploads\/2025\/02\/0E7A6192-300x200.jpg\" alt=\"\" width=\"300\" height=\"200\" srcset=\"https:\/\/cancan.com.tr\/wp-content\/uploads\/2025\/02\/0E7A6192-300x200.jpg 300w, https:\/\/cancan.com.tr\/wp-content\/uploads\/2025\/02\/0E7A6192-scaled-1200x800.jpg 1200w, https:\/\/cancan.com.tr\/wp-content\/uploads\/2025\/02\/0E7A6192-1024x683.jpg 1024w, https:\/\/cancan.com.tr\/wp-content\/uploads\/2025\/02\/0E7A6192-768x512.jpg 768w, https:\/\/cancan.com.tr\/wp-content\/uploads\/2025\/02\/0E7A6192-1536x1024.jpg 1536w, https:\/\/cancan.com.tr\/wp-content\/uploads\/2025\/02\/0E7A6192-2048x1365.jpg 2048w\" sizes=\"auto, (max-width: 300px) 100vw, 300px\" \/><\/p>\n<hr \/>\n<p><strong>Customisable Slices<\/strong><\/p>\n<p>It allows you to cut your cheese slices as thin as you want.<\/p>\n<p><img loading=\"lazy\" decoding=\"async\" class=\"alignnone size-medium wp-image-10953\" src=\"https:\/\/cancan.com.tr\/wp-content\/uploads\/2025\/02\/0E7A6210-300x200.jpg\" alt=\"\" width=\"300\" height=\"200\" srcset=\"https:\/\/cancan.com.tr\/wp-content\/uploads\/2025\/02\/0E7A6210-300x200.jpg 300w, https:\/\/cancan.com.tr\/wp-content\/uploads\/2025\/02\/0E7A6210-scaled-1200x800.jpg 1200w, https:\/\/cancan.com.tr\/wp-content\/uploads\/2025\/02\/0E7A6210-1024x683.jpg 1024w, https:\/\/cancan.com.tr\/wp-content\/uploads\/2025\/02\/0E7A6210-768x512.jpg 768w, https:\/\/cancan.com.tr\/wp-content\/uploads\/2025\/02\/0E7A6210-1536x1024.jpg 1536w, https:\/\/cancan.com.tr\/wp-content\/uploads\/2025\/02\/0E7A6210-2048x1365.jpg 2048w\" sizes=\"auto, (max-width: 300px) 100vw, 300px\" \/><img loading=\"lazy\" decoding=\"async\" class=\"alignnone size-medium wp-image-10941\" src=\"https:\/\/cancan.com.tr\/wp-content\/uploads\/2025\/02\/0E7A6217-300x200.jpg\" alt=\"\" width=\"300\" height=\"200\" srcset=\"https:\/\/cancan.com.tr\/wp-content\/uploads\/2025\/02\/0E7A6217-300x200.jpg 300w, https:\/\/cancan.com.tr\/wp-content\/uploads\/2025\/02\/0E7A6217-scaled-1200x800.jpg 1200w, https:\/\/cancan.com.tr\/wp-content\/uploads\/2025\/02\/0E7A6217-1024x683.jpg 1024w, https:\/\/cancan.com.tr\/wp-content\/uploads\/2025\/02\/0E7A6217-768x512.jpg 768w, https:\/\/cancan.com.tr\/wp-content\/uploads\/2025\/02\/0E7A6217-1536x1024.jpg 1536w, https:\/\/cancan.com.tr\/wp-content\/uploads\/2025\/02\/0E7A6217-2048x1365.jpg 2048w\" sizes=\"auto, (max-width: 300px) 100vw, 300px\" \/><\/p>\n<p><strong>Compact and Portable<\/strong><\/p>\n<p>Thanks to its compact structure, it is easy to transport and extremely practical to use.<\/p>\n<p><img loading=\"lazy\" decoding=\"async\" class=\"alignnone size-medium wp-image-10948\" src=\"https:\/\/cancan.com.tr\/wp-content\/uploads\/2025\/02\/0E7A6195-300x200.jpg\" alt=\"\" width=\"300\" height=\"200\" srcset=\"https:\/\/cancan.com.tr\/wp-content\/uploads\/2025\/02\/0E7A6195-300x200.jpg 300w, https:\/\/cancan.com.tr\/wp-content\/uploads\/2025\/02\/0E7A6195-scaled-1200x800.jpg 1200w, https:\/\/cancan.com.tr\/wp-content\/uploads\/2025\/02\/0E7A6195-1024x683.jpg 1024w, https:\/\/cancan.com.tr\/wp-content\/uploads\/2025\/02\/0E7A6195-768x512.jpg 768w, https:\/\/cancan.com.tr\/wp-content\/uploads\/2025\/02\/0E7A6195-1536x1024.jpg 1536w, https:\/\/cancan.com.tr\/wp-content\/uploads\/2025\/02\/0E7A6195-2048x1365.jpg 2048w\" sizes=\"auto, (max-width: 300px) 100vw, 300px\" \/><\/p>\n<hr \/>\n<p>&nbsp;<\/p>","protected":false},"excerpt":{"rendered":"<h2><span style=\"color: #fa0014;\">1335 Block Cheese Slicer<\/span><\/h2>\n<p>The stretched wire allows you to cut the cheese easily. It is completely made of stainless steel, making it durable and long-lasting. Thanks to its compact structure, it is easy to carry and practical to use.<\/p>\n","protected":false},"featured_media":11078,"comment_status":"open","ping_status":"closed","template":"","meta":[],"product_cat":[15,171,195,179],"product_tag":[194,193,190,203,222,219,187,184,189,218,176],"class_list":["post-10937","product","type-product","status-publish","has-post-thumbnail","hentry","product_cat-tum-urunler","product_cat-hazirlik-ekipmanlari","product_cat-kesici-ve-dilimleyiciler","product_cat-yeni-kategori","product_tag-catering","product_tag-fast-food","product_tag-kafe","product_tag-kantinler","product_tag-kesiciler-hazirlik","product_tag-manuel-hazirlik","product_tag-ogrenci-yurtlari","product_tag-okullar","product_tag-otel","product_tag-paslanmaz","product_tag-yerel-isletmeler"],"acf":[],"yoast_head":"<!-- This site is optimized with the Yoast SEO plugin v27.0 - https:\/\/yoast.com\/product\/yoast-seo-wordpress\/ -->\n<title>1335 Block Cheese Slicer - Cancan Meyve Presleri<\/title>\n<meta name=\"robots\" content=\"index, follow, max-snippet:-1, max-image-preview:large, max-video-preview:-1\" \/>\n<link rel=\"canonical\" href=\"https:\/\/cancan.com.tr\/tum-urunler\/1336-blok-peynir-dilimleme-mak\/\" \/>\n<meta property=\"og:locale\" content=\"en_US\" \/>\n<meta property=\"og:type\" content=\"article\" \/>\n<meta property=\"og:title\" content=\"[:tr]1335 Blok Peynir Dilimleme Makinesi[:en]1335 Block Cheese Slicer[:] - Cancan Meyve Presleri\" \/>\n<meta property=\"og:description\" content=\"[:tr]1335 Blok Peynir Dilimleme Makinesi Gerdirilmi\u015f tel, peyniri kolayca kesmenizi sa\u011flar. Tamamen paslanmaz \u00e7elikten \u00fcretilmi\u015ftir, bu sayede dayan\u0131kl\u0131 ve uzun \u00f6m\u00fcrl\u00fcd\u00fcr. Kompakt yap\u0131s\u0131 sayesinde ta\u015f\u0131nmas\u0131 kolayd\u0131r ve kullan\u0131m\u0131 pratiktir.[:en]1335 Block Cheese Slicer The stretched wire allows you to cut the cheese easily. It is completely made of stainless steel, making it durable and long-lasting. Thanks to its compact structure, it is easy to carry and practical to use.[:]\" \/>\n<meta property=\"og:url\" content=\"https:\/\/cancan.com.tr\/tum-urunler\/1336-blok-peynir-dilimleme-mak\/\" \/>\n<meta property=\"og:site_name\" content=\"Cancan Meyve Presleri\" \/>\n<meta property=\"article:modified_time\" content=\"2025-08-29T05:52:31+00:00\" \/>\n<meta property=\"og:image\" content=\"https:\/\/cancan.com.tr\/wp-content\/uploads\/2025\/02\/Blok-Peynir.jpg\" \/>\n\t<meta property=\"og:image:width\" content=\"828\" \/>\n\t<meta property=\"og:image:height\" content=\"828\" \/>\n\t<meta property=\"og:image:type\" content=\"image\/jpeg\" \/>\n<meta name=\"twitter:card\" content=\"summary_large_image\" \/>\n<meta name=\"twitter:label1\" content=\"Est. reading time\" \/>\n\t<meta name=\"twitter:data1\" content=\"1 minute\" \/>\n<script type=\"application\/ld+json\" class=\"yoast-schema-graph\">{\"@context\":\"https:\/\/schema.org\",\"@graph\":[{\"@type\":\"WebPage\",\"@id\":\"https:\/\/cancan.com.tr\/tum-urunler\/1336-blok-peynir-dilimleme-mak\/\",\"url\":\"https:\/\/cancan.com.tr\/tum-urunler\/1336-blok-peynir-dilimleme-mak\/\",\"name\":\"[:tr]1335 Blok Peynir Dilimleme Makinesi[:en]1335 Block Cheese Slicer[:] - Cancan Meyve Presleri\",\"isPartOf\":{\"@id\":\"https:\/\/cancan.com.tr\/#website\"},\"primaryImageOfPage\":{\"@id\":\"https:\/\/cancan.com.tr\/tum-urunler\/1336-blok-peynir-dilimleme-mak\/#primaryimage\"},\"image\":{\"@id\":\"https:\/\/cancan.com.tr\/tum-urunler\/1336-blok-peynir-dilimleme-mak\/#primaryimage\"},\"thumbnailUrl\":\"https:\/\/cancan.com.tr\/wp-content\/uploads\/2025\/02\/Blok-Peynir.jpg\",\"datePublished\":\"2025-02-25T06:45:10+00:00\",\"dateModified\":\"2025-08-29T05:52:31+00:00\",\"breadcrumb\":{\"@id\":\"https:\/\/cancan.com.tr\/tum-urunler\/1336-blok-peynir-dilimleme-mak\/#breadcrumb\"},\"inLanguage\":\"en-US\",\"potentialAction\":[{\"@type\":\"ReadAction\",\"target\":[\"https:\/\/cancan.com.tr\/tum-urunler\/1336-blok-peynir-dilimleme-mak\/\"]}]},{\"@type\":\"ImageObject\",\"inLanguage\":\"en-US\",\"@id\":\"https:\/\/cancan.com.tr\/tum-urunler\/1336-blok-peynir-dilimleme-mak\/#primaryimage\",\"url\":\"https:\/\/cancan.com.tr\/wp-content\/uploads\/2025\/02\/Blok-Peynir.jpg\",\"contentUrl\":\"https:\/\/cancan.com.tr\/wp-content\/uploads\/2025\/02\/Blok-Peynir.jpg\",\"width\":828,\"height\":828},{\"@type\":\"BreadcrumbList\",\"@id\":\"https:\/\/cancan.com.tr\/tum-urunler\/1336-blok-peynir-dilimleme-mak\/#breadcrumb\",\"itemListElement\":[{\"@type\":\"ListItem\",\"position\":1,\"name\":\"Anasayfa\",\"item\":\"https:\/\/cancan.com.tr\/\"},{\"@type\":\"ListItem\",\"position\":2,\"name\":\"Products\",\"item\":\"https:\/\/cancan.com.tr\/en\/products-2\/\"},{\"@type\":\"ListItem\",\"position\":3,\"name\":\"1335 Blok Peynir Dilimleme Makinesi\"}]},{\"@type\":\"WebSite\",\"@id\":\"https:\/\/cancan.com.tr\/#website\",\"url\":\"https:\/\/cancan.com.tr\/\",\"name\":\"Cancan Meyve Presleri\",\"description\":\"www.cancan.com.tr\",\"publisher\":{\"@id\":\"https:\/\/cancan.com.tr\/#organization\"},\"potentialAction\":[{\"@type\":\"SearchAction\",\"target\":{\"@type\":\"EntryPoint\",\"urlTemplate\":\"https:\/\/cancan.com.tr\/?s={search_term_string}\"},\"query-input\":{\"@type\":\"PropertyValueSpecification\",\"valueRequired\":true,\"valueName\":\"search_term_string\"}}],\"inLanguage\":\"en-US\"},{\"@type\":\"Organization\",\"@id\":\"https:\/\/cancan.com.tr\/#organization\",\"name\":\"Cancan Meyve Presleri\",\"url\":\"https:\/\/cancan.com.tr\/\",\"logo\":{\"@type\":\"ImageObject\",\"inLanguage\":\"en-US\",\"@id\":\"https:\/\/cancan.com.tr\/#\/schema\/logo\/image\/\",\"url\":\"https:\/\/cancan.com.tr\/wp-content\/uploads\/2026\/03\/CancanLogo.png\",\"contentUrl\":\"https:\/\/cancan.com.tr\/wp-content\/uploads\/2026\/03\/CancanLogo.png\",\"width\":362,\"height\":67,\"caption\":\"Cancan Meyve Presleri\"},\"image\":{\"@id\":\"https:\/\/cancan.com.tr\/#\/schema\/logo\/image\/\"}}]}<\/script>\n<!-- \/ Yoast SEO plugin. -->","yoast_head_json":{"title":"[:tr]1335 Blok Peynir Dilimleme Makinesi[:en]1335 Block Cheese Slicer[:] - Cancan Meyve Presleri","robots":{"index":"index","follow":"follow","max-snippet":"max-snippet:-1","max-image-preview":"max-image-preview:large","max-video-preview":"max-video-preview:-1"},"canonical":"https:\/\/cancan.com.tr\/tum-urunler\/1336-blok-peynir-dilimleme-mak\/","og_locale":"en_US","og_type":"article","og_title":"[:tr]1335 Blok Peynir Dilimleme Makinesi[:en]1335 Block Cheese Slicer[:] - Cancan Meyve Presleri","og_description":"[:tr]1335 Blok Peynir Dilimleme Makinesi Gerdirilmi\u015f tel, peyniri kolayca kesmenizi sa\u011flar. Tamamen paslanmaz \u00e7elikten \u00fcretilmi\u015ftir, bu sayede dayan\u0131kl\u0131 ve uzun \u00f6m\u00fcrl\u00fcd\u00fcr. Kompakt yap\u0131s\u0131 sayesinde ta\u015f\u0131nmas\u0131 kolayd\u0131r ve kullan\u0131m\u0131 pratiktir.[:en]1335 Block Cheese Slicer The stretched wire allows you to cut the cheese easily. It is completely made of stainless steel, making it durable and long-lasting. Thanks to its compact structure, it is easy to carry and practical to use.[:]","og_url":"https:\/\/cancan.com.tr\/tum-urunler\/1336-blok-peynir-dilimleme-mak\/","og_site_name":"Cancan Meyve Presleri","article_modified_time":"2025-08-29T05:52:31+00:00","og_image":[{"width":828,"height":828,"url":"https:\/\/cancan.com.tr\/wp-content\/uploads\/2025\/02\/Blok-Peynir.jpg","type":"image\/jpeg"}],"twitter_card":"summary_large_image","twitter_misc":{"Est. reading time":"1 minute"},"schema":{"@context":"https:\/\/schema.org","@graph":[{"@type":"WebPage","@id":"https:\/\/cancan.com.tr\/tum-urunler\/1336-blok-peynir-dilimleme-mak\/","url":"https:\/\/cancan.com.tr\/tum-urunler\/1336-blok-peynir-dilimleme-mak\/","name":"[:tr]1335 Blok Peynir Dilimleme Makinesi[:en]1335 Block Cheese Slicer[:] - Cancan Meyve Presleri","isPartOf":{"@id":"https:\/\/cancan.com.tr\/#website"},"primaryImageOfPage":{"@id":"https:\/\/cancan.com.tr\/tum-urunler\/1336-blok-peynir-dilimleme-mak\/#primaryimage"},"image":{"@id":"https:\/\/cancan.com.tr\/tum-urunler\/1336-blok-peynir-dilimleme-mak\/#primaryimage"},"thumbnailUrl":"https:\/\/cancan.com.tr\/wp-content\/uploads\/2025\/02\/Blok-Peynir.jpg","datePublished":"2025-02-25T06:45:10+00:00","dateModified":"2025-08-29T05:52:31+00:00","breadcrumb":{"@id":"https:\/\/cancan.com.tr\/tum-urunler\/1336-blok-peynir-dilimleme-mak\/#breadcrumb"},"inLanguage":"en-US","potentialAction":[{"@type":"ReadAction","target":["https:\/\/cancan.com.tr\/tum-urunler\/1336-blok-peynir-dilimleme-mak\/"]}]},{"@type":"ImageObject","inLanguage":"en-US","@id":"https:\/\/cancan.com.tr\/tum-urunler\/1336-blok-peynir-dilimleme-mak\/#primaryimage","url":"https:\/\/cancan.com.tr\/wp-content\/uploads\/2025\/02\/Blok-Peynir.jpg","contentUrl":"https:\/\/cancan.com.tr\/wp-content\/uploads\/2025\/02\/Blok-Peynir.jpg","width":828,"height":828},{"@type":"BreadcrumbList","@id":"https:\/\/cancan.com.tr\/tum-urunler\/1336-blok-peynir-dilimleme-mak\/#breadcrumb","itemListElement":[{"@type":"ListItem","position":1,"name":"Anasayfa","item":"https:\/\/cancan.com.tr\/"},{"@type":"ListItem","position":2,"name":"Products","item":"https:\/\/cancan.com.tr\/en\/products-2\/"},{"@type":"ListItem","position":3,"name":"1335 Blok Peynir Dilimleme Makinesi"}]},{"@type":"WebSite","@id":"https:\/\/cancan.com.tr\/#website","url":"https:\/\/cancan.com.tr\/","name":"Cancan Meyve Presleri","description":"www.cancan.com.tr","publisher":{"@id":"https:\/\/cancan.com.tr\/#organization"},"potentialAction":[{"@type":"SearchAction","target":{"@type":"EntryPoint","urlTemplate":"https:\/\/cancan.com.tr\/?s={search_term_string}"},"query-input":{"@type":"PropertyValueSpecification","valueRequired":true,"valueName":"search_term_string"}}],"inLanguage":"en-US"},{"@type":"Organization","@id":"https:\/\/cancan.com.tr\/#organization","name":"Cancan Meyve Presleri","url":"https:\/\/cancan.com.tr\/","logo":{"@type":"ImageObject","inLanguage":"en-US","@id":"https:\/\/cancan.com.tr\/#\/schema\/logo\/image\/","url":"https:\/\/cancan.com.tr\/wp-content\/uploads\/2026\/03\/CancanLogo.png","contentUrl":"https:\/\/cancan.com.tr\/wp-content\/uploads\/2026\/03\/CancanLogo.png","width":362,"height":67,"caption":"Cancan Meyve Presleri"},"image":{"@id":"https:\/\/cancan.com.tr\/#\/schema\/logo\/image\/"}}]}},"_links":{"self":[{"href":"https:\/\/cancan.com.tr\/en\/wp-json\/wp\/v2\/product\/10937","targetHints":{"allow":["GET"]}}],"collection":[{"href":"https:\/\/cancan.com.tr\/en\/wp-json\/wp\/v2\/product"}],"about":[{"href":"https:\/\/cancan.com.tr\/en\/wp-json\/wp\/v2\/types\/product"}],"replies":[{"embeddable":true,"href":"https:\/\/cancan.com.tr\/en\/wp-json\/wp\/v2\/comments?post=10937"}],"wp:featuredmedia":[{"embeddable":true,"href":"https:\/\/cancan.com.tr\/en\/wp-json\/wp\/v2\/media\/11078"}],"wp:attachment":[{"href":"https:\/\/cancan.com.tr\/en\/wp-json\/wp\/v2\/media?parent=10937"}],"wp:term":[{"taxonomy":"product_cat","embeddable":true,"href":"https:\/\/cancan.com.tr\/en\/wp-json\/wp\/v2\/product_cat?post=10937"},{"taxonomy":"product_tag","embeddable":true,"href":"https:\/\/cancan.com.tr\/en\/wp-json\/wp\/v2\/product_tag?post=10937"}],"curies":[{"name":"wp","href":"https:\/\/api.w.org\/{rel}","templated":true}]}}