{"id":8957,"date":"2023-11-08T14:57:14","date_gmt":"2023-11-08T11:57:14","guid":{"rendered":"https:\/\/cancan.com.tr\/?page_id=8957"},"modified":"2026-03-11T11:25:50","modified_gmt":"2026-03-11T08:25:50","slug":"kullanim-kilavuzlari-ve-yedek-parcalari","status":"publish","type":"page","link":"https:\/\/cancan.com.tr\/en\/user-manuals-and-spare-parts\/","title":{"rendered":"User Manuals and Spare Parts"},"content":{"rendered":"<section class=\"wpb-content-wrapper\"><p>[vc_row full_width=&#8221;stretch_row&#8221; tlg_background_style=&#8221;bg-primary&#8221; tlg_parallax=&#8221;not-parallax&#8221; css=&#8221;.vc_custom_1701342029916{background-image: url(https:\/\/cancan.com.tr\/wp-content\/uploads\/2023\/11\/kullanma-kilavuzlari-yedek-parcalar-scaled.jpg?id=9426) !important;background-position: center !important;background-repeat: no-repeat !important;background-size: contain !important;}&#8221; el_class=&#8221;ssssection&#8221;][vc_column width=&#8221;1\/2&#8243; css=&#8221;.vc_custom_1699020248292{padding-bottom: 60px !important;padding-left: 10% !important;}&#8221;][vc_column_text css=&#8221;.vc_custom_1699444628888{margin-top: 100px !important;padding-top: 30px !important;padding-bottom: 90px !important;padding-left: 0px !important;}&#8221;]<\/p>\n<h2>Kullan\u0131m K\u0131lavuzlar\u0131 ve Yedek Par\u00e7alar<\/h2>\n<p>[\/vc_column_text][\/vc_column][vc_column css_animation=&#8221;fadeIn&#8221; width=&#8221;1\/2&#8243; css=&#8221;.vc_custom_1695300983544{margin-top: -15px !important;margin-right: 0px !important;margin-bottom: 0px !important;margin-left: 0px !important;padding-top: 0px !important;padding-right: 0px !important;padding-bottom: 0px !important;padding-left: 0px !important;}&#8221;][\/vc_column][\/vc_row][vc_row tlg_padding=&#8221;pt0 pb0&#8243; css=&#8221;.vc_custom_1699616657610{margin-top: 60px !important;}&#8221;][vc_column][vc_column_text]<\/p>\n<p style=\"text-align: center;\">\u0130lgili k\u0131lavuzlara, belgelere ve videolara g\u00f6z atmak i\u00e7in bir \u00fcr\u00fcn se\u00e7iniz<\/p>\n<p>[\/vc_column_text][\/vc_column][\/vc_row][vc_row full_width=&#8221;stretch_row_content&#8221; tlg_padding=&#8221;pt0 pb0&#8243; css=&#8221;.vc_custom_1699616611170{margin-top: 10px !important;margin-bottom: 0px !important;border-bottom-width: 80px !important;}&#8221; el_class=&#8221;sss-section&#8221; el_id=&#8221;yedek-parcalar&#8221;][vc_column css=&#8221;.vc_custom_1696012890862{padding-bottom: 80px !important;}&#8221;][vc_row_inner css=&#8221;.vc_custom_1699072505935{padding-top: 50px !important;}&#8221; el_id=&#8221;DokProducts&#8221;][vc_column_inner]<div class=\"woocommerce columns-3 \"><ul class=\"products columns-3\">\n<li class=\"product type-product post-9227 status-publish first instock product_cat-dokuuman has-post-thumbnail shipping-taxable product-type-simple\">\n\t<\/li>\n<li class=\"product type-product post-9233 status-publish instock product_cat-dokuuman has-post-thumbnail shipping-taxable product-type-simple\">\n\t<\/li>\n<li class=\"product type-product post-9235 status-publish last instock product_cat-dokuuman product_cat-manavlar product_cat-oteller product_cat-restoranlar product_cat-supermarketler product_cat-yerel-isletmeler has-post-thumbnail shipping-taxable product-type-simple\">\n\t<\/li>\n<li class=\"product type-product post-9237 status-publish first instock product_cat-dokuuman product_cat-manavlar product_cat-oteller product_cat-restoranlar product_cat-supermarketler product_cat-vitamin-barlar product_cat-yerel-isletmeler has-post-thumbnail shipping-taxable product-type-simple\">\n\t<\/li>\n<li class=\"product type-product post-9239 status-publish instock product_cat-dokuuman product_cat-manavlar product_cat-oteller product_cat-restoranlar product_cat-supermarketler product_cat-vitamin-barlar product_cat-yerel-isletmeler has-post-thumbnail shipping-taxable product-type-simple\">\n\t<\/li>\n<li class=\"product type-product post-9241 status-publish last instock product_cat-dokuuman product_cat-manavlar product_cat-oteller product_cat-restoranlar product_cat-supermarketler product_cat-vitamin-barlar product_cat-yerel-isletmeler has-post-thumbnail shipping-taxable product-type-simple\">\n\t<\/li>\n<li class=\"product type-product post-9243 status-publish first instock product_cat-dokuuman product_cat-manavlar product_cat-oteller product_cat-restoranlar product_cat-supermarketler product_cat-yerel-isletmeler has-post-thumbnail shipping-taxable product-type-simple\">\n\t<\/li>\n<li class=\"product type-product post-9249 status-publish instock product_cat-dokuuman product_cat-manavlar product_cat-oteller product_cat-restoranlar product_cat-supermarketler product_cat-vitamin-barlar product_cat-yerel-isletmeler has-post-thumbnail shipping-taxable product-type-simple\">\n\t<\/li>\n<li class=\"product type-product post-9251 status-publish last instock product_cat-dokuuman product_cat-oteller product_cat-restoranlar product_cat-yerel-isletmeler has-post-thumbnail shipping-taxable product-type-simple\">\n\t<\/li>\n<li class=\"product type-product post-9253 status-publish first instock product_cat-dokuuman has-post-thumbnail shipping-taxable product-type-simple\">\n\t<\/li>\n<li class=\"product type-product post-9255 status-publish instock product_cat-dokuuman has-post-thumbnail shipping-taxable product-type-simple\">\n\t<\/li>\n<li class=\"product type-product post-9257 status-publish last instock product_cat-dokuuman has-post-thumbnail shipping-taxable product-type-simple\">\n\t<\/li>\n<li class=\"product type-product post-9261 status-publish first instock product_cat-dokuuman has-post-thumbnail shipping-taxable product-type-simple\">\n\t<\/li>\n<li class=\"product type-product post-9265 status-publish instock product_cat-dokuuman product_cat-oteller product_cat-restoranlar product_cat-yerel-isletmeler has-post-thumbnail shipping-taxable product-type-simple\">\n\t<\/li>\n<li class=\"product type-product post-9267 status-publish last instock product_cat-dokuuman product_cat-oteller product_cat-restoranlar product_cat-yerel-isletmeler has-post-thumbnail shipping-taxable product-type-simple\">\n\t<\/li>\n<li class=\"product type-product post-9269 status-publish first instock product_cat-dokuuman product_cat-oteller product_cat-restoranlar product_cat-yerel-isletmeler has-post-thumbnail shipping-taxable product-type-simple\">\n\t<\/li>\n<li class=\"product type-product post-9272 status-publish instock product_cat-dokuuman has-post-thumbnail shipping-taxable product-type-simple\">\n\t<\/li>\n<li class=\"product type-product post-9274 status-publish last instock product_cat-dokuuman product_cat-manavlar product_cat-oteller product_cat-restoranlar product_cat-supermarketler product_cat-vitamin-barlar product_cat-yerel-isletmeler has-post-thumbnail shipping-taxable product-type-simple\">\n\t<\/li>\n<li class=\"product type-product post-9278 status-publish first instock product_cat-dokuuman has-post-thumbnail shipping-taxable product-type-simple\">\n\t<\/li>\n<li class=\"product type-product post-9282 status-publish instock product_cat-dokuuman product_cat-manavlar product_cat-oteller product_cat-restoranlar product_cat-supermarketler product_cat-yerel-isletmeler has-post-thumbnail shipping-taxable product-type-simple\">\n\t<\/li>\n<li class=\"product type-product post-9284 status-publish last instock product_cat-dokuuman product_cat-manavlar product_cat-oteller product_cat-restoranlar product_cat-supermarketler product_cat-vitamin-barlar product_cat-yerel-isletmeler has-post-thumbnail shipping-taxable product-type-simple\">\n\t<\/li>\n<li class=\"product type-product post-9286 status-publish first instock product_cat-dokuuman has-post-thumbnail shipping-taxable product-type-simple\">\n\t<\/li>\n<li class=\"product type-product post-9288 status-publish instock product_cat-dokuuman product_cat-oteller product_cat-restoranlar product_cat-yerel-isletmeler has-post-thumbnail shipping-taxable product-type-simple\">\n\t<\/li>\n<li class=\"product type-product post-9290 status-publish last instock product_cat-dokuuman product_cat-oteller product_cat-restoranlar product_cat-yerel-isletmeler has-post-thumbnail shipping-taxable product-type-simple\">\n\t<\/li>\n<li class=\"product type-product post-9292 status-publish first instock product_cat-dokuuman product_cat-oteller product_cat-restoranlar product_cat-yerel-isletmeler has-post-thumbnail shipping-taxable product-type-simple\">\n\t<\/li>\n<li class=\"product type-product post-9294 status-publish instock product_cat-dokuuman product_cat-oteller product_cat-restoranlar product_cat-yerel-isletmeler has-post-thumbnail shipping-taxable product-type-simple\">\n\t<\/li>\n<li class=\"product type-product post-9296 status-publish last instock product_cat-dokuuman has-post-thumbnail shipping-taxable product-type-simple\">\n\t<\/li>\n<li class=\"product type-product post-9298 status-publish first instock product_cat-dokuuman has-post-thumbnail shipping-taxable product-type-simple\">\n\t<\/li>\n<li class=\"product type-product post-9300 status-publish instock product_cat-dokuuman has-post-thumbnail shipping-taxable product-type-simple\">\n\t<\/li>\n<li class=\"product type-product post-9302 status-publish last instock product_cat-dokuuman has-post-thumbnail shipping-taxable product-type-simple\">\n\t<\/li>\n<li class=\"product type-product post-9304 status-publish first instock product_cat-dokuuman product_cat-oteller product_cat-restoranlar product_cat-supermarketler product_cat-yerel-isletmeler has-post-thumbnail shipping-taxable product-type-simple\">\n\t<\/li>\n<li class=\"product type-product post-9308 status-publish instock product_cat-dokuuman product_cat-oteller product_cat-restoranlar product_cat-yerel-isletmeler has-post-thumbnail shipping-taxable product-type-simple\">\n\t<\/li>\n<li class=\"product type-product post-9310 status-publish last instock product_cat-dokuuman product_cat-oteller product_cat-restoranlar product_cat-yerel-isletmeler has-post-thumbnail shipping-taxable product-type-simple\">\n\t<\/li>\n<li class=\"product type-product post-9313 status-publish first instock product_cat-dokuuman product_cat-oteller product_cat-restoranlar product_cat-yerel-isletmeler has-post-thumbnail shipping-taxable product-type-simple\">\n\t<\/li>\n<li class=\"product type-product post-9315 status-publish instock product_cat-dokuuman product_cat-oteller product_cat-restoranlar product_cat-yerel-isletmeler has-post-thumbnail shipping-taxable product-type-simple\">\n\t<\/li>\n<li class=\"product type-product post-9317 status-publish last instock product_cat-dokuuman product_cat-oteller product_cat-restoranlar product_cat-yerel-isletmeler has-post-thumbnail shipping-taxable product-type-simple\">\n\t<\/li>\n<li class=\"product type-product post-9319 status-publish first instock product_cat-dokuuman product_cat-oteller product_cat-restoranlar product_cat-yerel-isletmeler has-post-thumbnail shipping-taxable product-type-simple\">\n\t<\/li>\n<li class=\"product type-product post-9321 status-publish instock product_cat-dokuuman has-post-thumbnail shipping-taxable product-type-simple\">\n\t<\/li>\n<li class=\"product type-product post-9323 status-publish last instock product_cat-dokuuman product_cat-oteller product_cat-restoranlar product_cat-yerel-isletmeler has-post-thumbnail shipping-taxable product-type-simple\">\n\t<\/li>\n<li class=\"product type-product post-9325 status-publish first instock product_cat-dokuuman product_cat-oteller product_cat-restoranlar product_cat-yerel-isletmeler has-post-thumbnail shipping-taxable product-type-simple\">\n\t<\/li>\n<li class=\"product type-product post-9327 status-publish instock product_cat-dokuuman product_cat-oteller product_cat-restoranlar product_cat-yerel-isletmeler has-post-thumbnail shipping-taxable product-type-simple\">\n\t<\/li>\n<li class=\"product type-product post-9329 status-publish last instock product_cat-dokuuman product_cat-oteller product_cat-restoranlar product_cat-yerel-isletmeler has-post-thumbnail shipping-taxable product-type-simple\">\n\t<\/li>\n<li class=\"product type-product post-9331 status-publish first instock product_cat-dokuuman product_cat-oteller product_cat-restoranlar product_cat-yerel-isletmeler has-post-thumbnail shipping-taxable product-type-simple\">\n\t<\/li>\n<li class=\"product type-product post-9333 status-publish instock product_cat-dokuuman product_cat-oteller product_cat-restoranlar product_cat-yerel-isletmeler has-post-thumbnail shipping-taxable product-type-simple\">\n\t<\/li>\n<li class=\"product type-product post-9335 status-publish last instock product_cat-dokuuman product_cat-oteller product_cat-restoranlar product_cat-yerel-isletmeler has-post-thumbnail shipping-taxable product-type-simple\">\n\t<\/li>\n<li class=\"product type-product post-9337 status-publish first instock product_cat-dokuuman product_cat-oteller product_cat-restoranlar product_cat-yerel-isletmeler has-post-thumbnail shipping-taxable product-type-simple\">\n\t<\/li>\n<li class=\"product type-product post-9339 status-publish instock product_cat-dokuuman product_cat-oteller product_cat-restoranlar product_cat-yerel-isletmeler has-post-thumbnail shipping-taxable product-type-simple\">\n\t<\/li>\n<li class=\"product type-product post-9341 status-publish last instock product_cat-dokuuman product_cat-oteller product_cat-restoranlar product_cat-yerel-isletmeler has-post-thumbnail shipping-taxable product-type-simple\">\n\t<\/li>\n<li class=\"product type-product post-9343 status-publish first instock product_cat-dokuuman product_cat-oteller product_cat-restoranlar product_cat-yerel-isletmeler has-post-thumbnail shipping-taxable product-type-simple\">\n\t<\/li>\n<li class=\"product type-product post-9347 status-publish instock product_cat-dokuuman product_cat-oteller product_cat-restoranlar product_cat-yerel-isletmeler has-post-thumbnail shipping-taxable product-type-simple\">\n\t<\/li>\n<li class=\"product type-product post-9349 status-publish last instock product_cat-dokuuman product_cat-oteller product_cat-restoranlar product_cat-yerel-isletmeler has-post-thumbnail shipping-taxable product-type-simple\">\n\t<\/li>\n<li class=\"product type-product post-10086 status-publish first instock product_cat-dokuuman product_cat-geri-toplamali-on-yikama-duslari product_cat-oteller product_cat-restoranlar product_cat-tum-urunler product_cat-yerel-isletmeler product_cat-yikama-durulama-ekipmanlari has-post-thumbnail shipping-taxable product-type-simple\">\n\t<\/li>\n<li class=\"product type-product post-11182 status-publish instock product_cat-dokuuman product_cat-oteller product_cat-restoranlar product_cat-yerel-isletmeler has-post-thumbnail shipping-taxable product-type-simple\">\n\t<\/li>\n<li class=\"product type-product post-11622 status-publish last instock product_cat-manavlar product_cat-dokuuman product_cat-hazirlik-ekipmanlari product_cat-kesici-ve-dilimleyiciler product_cat-oteller product_cat-restoranlar product_cat-supermarketler product_cat-tum-urunler product_cat-vitamin-barlar product_cat-yerel-isletmeler has-post-thumbnail shipping-taxable product-type-simple\">\n\t<\/li>\n<li class=\"product type-product post-11916 status-publish first instock product_cat-dokuuman product_cat-manavlar product_cat-oteller product_cat-restoranlar product_cat-supermarketler product_cat-vitamin-barlar product_cat-yerel-isletmeler has-post-thumbnail shipping-taxable product-type-simple\">\n\t<\/li>\n<\/ul>\n<\/div>[\/vc_column_inner][\/vc_row_inner][\/vc_column][\/vc_row]<\/p>\n<\/section>","protected":false},"excerpt":{"rendered":"<p>[vc_row full_width=&#8221;stretch_row&#8221; tlg_background_style=&#8221;bg-primary&#8221; tlg_parallax=&#8221;not-parallax&#8221; css=&#8221;.vc_custom_1701342029916{background-image: url(https:\/\/cancan.com.tr\/wp-content\/uploads\/2023\/11\/kullanma-kilavuzlari-yedek-parcalar-scaled.jpg?id=9426) !important;background-position: center !important;background-repeat: no-repeat !important;background-size: contain !important;}&#8221; el_class=&#8221;ssssection&#8221;][vc_column width=&#8221;1\/2&#8243; css=&#8221;.vc_custom_1699020248292{padding-bottom:&#8230;<\/p>\n","protected":false},"author":1,"featured_media":0,"parent":0,"menu_order":0,"comment_status":"closed","ping_status":"closed","template":"","meta":{"footnotes":""},"class_list":["post-8957","page","type-page","status-publish","hentry"],"acf":[],"yoast_head":"<!-- This site is optimized with the Yoast SEO plugin v27.0 - https:\/\/yoast.com\/product\/yoast-seo-wordpress\/ -->\n<title>User Manuals and Spare Parts - Cancan Meyve Presleri<\/title>\n<meta name=\"robots\" content=\"index, follow, max-snippet:-1, max-image-preview:large, max-video-preview:-1\" \/>\n<link rel=\"canonical\" href=\"https:\/\/cancan.com.tr\/kullanma-kilavuzu-ve-yedek-parcalar\/\" \/>\n<meta property=\"og:locale\" content=\"en_US\" \/>\n<meta property=\"og:type\" content=\"article\" \/>\n<meta property=\"og:title\" content=\"[:en]User Manuals and Spare Parts[:tr]Kullan\u0131m K\u0131lavuzlar\u0131 ve Yedek Par\u00e7alar\u0131[:] - Cancan Meyve Presleri\" \/>\n<meta property=\"og:description\" content=\"[vc_row full_width=&#8221;stretch_row&#8221; tlg_background_style=&#8221;bg-primary&#8221; tlg_parallax=&#8221;not-parallax&#8221; css=&#8221;.vc_custom_1701342029916{background-image: url(https:\/\/cancan.com.tr\/wp-content\/uploads\/2023\/11\/kullanma-kilavuzlari-yedek-parcalar-scaled.jpg?id=9426) !important;background-position: center !important;background-repeat: no-repeat !important;background-size: contain !important;}&#8221; el_class=&#8221;ssssection&#8221;][vc_column width=&#8221;1\/2&#8243; css=&#8221;.vc_custom_1699020248292{padding-bottom:...\" \/>\n<meta property=\"og:url\" content=\"https:\/\/cancan.com.tr\/kullanma-kilavuzu-ve-yedek-parcalar\/\" \/>\n<meta property=\"og:site_name\" content=\"Cancan Meyve Presleri\" \/>\n<meta property=\"article:modified_time\" content=\"2026-03-11T08:25:50+00:00\" \/>\n<meta name=\"twitter:card\" content=\"summary_large_image\" \/>\n<meta name=\"twitter:label1\" content=\"Est. reading time\" \/>\n\t<meta name=\"twitter:data1\" content=\"1 minute\" \/>\n<script type=\"application\/ld+json\" class=\"yoast-schema-graph\">{\"@context\":\"https:\/\/schema.org\",\"@graph\":[{\"@type\":\"WebPage\",\"@id\":\"https:\/\/cancan.com.tr\/kullanma-kilavuzu-ve-yedek-parcalar\/\",\"url\":\"https:\/\/cancan.com.tr\/kullanma-kilavuzu-ve-yedek-parcalar\/\",\"name\":\"[:en]User Manuals and Spare Parts[:tr]Kullan\u0131m K\u0131lavuzlar\u0131 ve Yedek Par\u00e7alar\u0131[:] - Cancan Meyve Presleri\",\"isPartOf\":{\"@id\":\"https:\/\/cancan.com.tr\/#website\"},\"datePublished\":\"2023-11-08T11:57:14+00:00\",\"dateModified\":\"2026-03-11T08:25:50+00:00\",\"breadcrumb\":{\"@id\":\"https:\/\/cancan.com.tr\/kullanma-kilavuzu-ve-yedek-parcalar\/#breadcrumb\"},\"inLanguage\":\"en-US\",\"potentialAction\":[{\"@type\":\"ReadAction\",\"target\":[\"https:\/\/cancan.com.tr\/kullanma-kilavuzu-ve-yedek-parcalar\/\"]}]},{\"@type\":\"BreadcrumbList\",\"@id\":\"https:\/\/cancan.com.tr\/kullanma-kilavuzu-ve-yedek-parcalar\/#breadcrumb\",\"itemListElement\":[{\"@type\":\"ListItem\",\"position\":1,\"name\":\"Anasayfa\",\"item\":\"https:\/\/cancan.com.tr\/\"},{\"@type\":\"ListItem\",\"position\":2,\"name\":\"Kullan\u0131m K\u0131lavuzlar\u0131 ve Yedek Par\u00e7alar\u0131\"}]},{\"@type\":\"WebSite\",\"@id\":\"https:\/\/cancan.com.tr\/#website\",\"url\":\"https:\/\/cancan.com.tr\/\",\"name\":\"Cancan Meyve Presleri\",\"description\":\"www.cancan.com.tr\",\"publisher\":{\"@id\":\"https:\/\/cancan.com.tr\/#organization\"},\"potentialAction\":[{\"@type\":\"SearchAction\",\"target\":{\"@type\":\"EntryPoint\",\"urlTemplate\":\"https:\/\/cancan.com.tr\/?s={search_term_string}\"},\"query-input\":{\"@type\":\"PropertyValueSpecification\",\"valueRequired\":true,\"valueName\":\"search_term_string\"}}],\"inLanguage\":\"en-US\"},{\"@type\":\"Organization\",\"@id\":\"https:\/\/cancan.com.tr\/#organization\",\"name\":\"Cancan Meyve Presleri\",\"url\":\"https:\/\/cancan.com.tr\/\",\"logo\":{\"@type\":\"ImageObject\",\"inLanguage\":\"en-US\",\"@id\":\"https:\/\/cancan.com.tr\/#\/schema\/logo\/image\/\",\"url\":\"https:\/\/cancan.com.tr\/wp-content\/uploads\/2026\/03\/CancanLogo.png\",\"contentUrl\":\"https:\/\/cancan.com.tr\/wp-content\/uploads\/2026\/03\/CancanLogo.png\",\"width\":362,\"height\":67,\"caption\":\"Cancan Meyve Presleri\"},\"image\":{\"@id\":\"https:\/\/cancan.com.tr\/#\/schema\/logo\/image\/\"}}]}<\/script>\n<!-- \/ Yoast SEO plugin. -->","yoast_head_json":{"title":"[:en]User Manuals and Spare Parts[:tr]Kullan\u0131m K\u0131lavuzlar\u0131 ve Yedek Par\u00e7alar\u0131[:] - Cancan Meyve Presleri","robots":{"index":"index","follow":"follow","max-snippet":"max-snippet:-1","max-image-preview":"max-image-preview:large","max-video-preview":"max-video-preview:-1"},"canonical":"https:\/\/cancan.com.tr\/kullanma-kilavuzu-ve-yedek-parcalar\/","og_locale":"en_US","og_type":"article","og_title":"[:en]User Manuals and Spare Parts[:tr]Kullan\u0131m K\u0131lavuzlar\u0131 ve Yedek Par\u00e7alar\u0131[:] - Cancan Meyve Presleri","og_description":"[vc_row full_width=&#8221;stretch_row&#8221; tlg_background_style=&#8221;bg-primary&#8221; tlg_parallax=&#8221;not-parallax&#8221; css=&#8221;.vc_custom_1701342029916{background-image: url(https:\/\/cancan.com.tr\/wp-content\/uploads\/2023\/11\/kullanma-kilavuzlari-yedek-parcalar-scaled.jpg?id=9426) !important;background-position: center !important;background-repeat: no-repeat !important;background-size: contain !important;}&#8221; el_class=&#8221;ssssection&#8221;][vc_column width=&#8221;1\/2&#8243; css=&#8221;.vc_custom_1699020248292{padding-bottom:...","og_url":"https:\/\/cancan.com.tr\/kullanma-kilavuzu-ve-yedek-parcalar\/","og_site_name":"Cancan Meyve Presleri","article_modified_time":"2026-03-11T08:25:50+00:00","twitter_card":"summary_large_image","twitter_misc":{"Est. reading time":"1 minute"},"schema":{"@context":"https:\/\/schema.org","@graph":[{"@type":"WebPage","@id":"https:\/\/cancan.com.tr\/kullanma-kilavuzu-ve-yedek-parcalar\/","url":"https:\/\/cancan.com.tr\/kullanma-kilavuzu-ve-yedek-parcalar\/","name":"[:en]User Manuals and Spare Parts[:tr]Kullan\u0131m K\u0131lavuzlar\u0131 ve Yedek Par\u00e7alar\u0131[:] - Cancan Meyve Presleri","isPartOf":{"@id":"https:\/\/cancan.com.tr\/#website"},"datePublished":"2023-11-08T11:57:14+00:00","dateModified":"2026-03-11T08:25:50+00:00","breadcrumb":{"@id":"https:\/\/cancan.com.tr\/kullanma-kilavuzu-ve-yedek-parcalar\/#breadcrumb"},"inLanguage":"en-US","potentialAction":[{"@type":"ReadAction","target":["https:\/\/cancan.com.tr\/kullanma-kilavuzu-ve-yedek-parcalar\/"]}]},{"@type":"BreadcrumbList","@id":"https:\/\/cancan.com.tr\/kullanma-kilavuzu-ve-yedek-parcalar\/#breadcrumb","itemListElement":[{"@type":"ListItem","position":1,"name":"Anasayfa","item":"https:\/\/cancan.com.tr\/"},{"@type":"ListItem","position":2,"name":"Kullan\u0131m K\u0131lavuzlar\u0131 ve Yedek Par\u00e7alar\u0131"}]},{"@type":"WebSite","@id":"https:\/\/cancan.com.tr\/#website","url":"https:\/\/cancan.com.tr\/","name":"Cancan Meyve Presleri","description":"www.cancan.com.tr","publisher":{"@id":"https:\/\/cancan.com.tr\/#organization"},"potentialAction":[{"@type":"SearchAction","target":{"@type":"EntryPoint","urlTemplate":"https:\/\/cancan.com.tr\/?s={search_term_string}"},"query-input":{"@type":"PropertyValueSpecification","valueRequired":true,"valueName":"search_term_string"}}],"inLanguage":"en-US"},{"@type":"Organization","@id":"https:\/\/cancan.com.tr\/#organization","name":"Cancan Meyve Presleri","url":"https:\/\/cancan.com.tr\/","logo":{"@type":"ImageObject","inLanguage":"en-US","@id":"https:\/\/cancan.com.tr\/#\/schema\/logo\/image\/","url":"https:\/\/cancan.com.tr\/wp-content\/uploads\/2026\/03\/CancanLogo.png","contentUrl":"https:\/\/cancan.com.tr\/wp-content\/uploads\/2026\/03\/CancanLogo.png","width":362,"height":67,"caption":"Cancan Meyve Presleri"},"image":{"@id":"https:\/\/cancan.com.tr\/#\/schema\/logo\/image\/"}}]}},"_links":{"self":[{"href":"https:\/\/cancan.com.tr\/en\/wp-json\/wp\/v2\/pages\/8957","targetHints":{"allow":["GET"]}}],"collection":[{"href":"https:\/\/cancan.com.tr\/en\/wp-json\/wp\/v2\/pages"}],"about":[{"href":"https:\/\/cancan.com.tr\/en\/wp-json\/wp\/v2\/types\/page"}],"author":[{"embeddable":true,"href":"https:\/\/cancan.com.tr\/en\/wp-json\/wp\/v2\/users\/1"}],"replies":[{"embeddable":true,"href":"https:\/\/cancan.com.tr\/en\/wp-json\/wp\/v2\/comments?post=8957"}],"version-history":[{"count":16,"href":"https:\/\/cancan.com.tr\/en\/wp-json\/wp\/v2\/pages\/8957\/revisions"}],"predecessor-version":[{"id":11850,"href":"https:\/\/cancan.com.tr\/en\/wp-json\/wp\/v2\/pages\/8957\/revisions\/11850"}],"wp:attachment":[{"href":"https:\/\/cancan.com.tr\/en\/wp-json\/wp\/v2\/media?parent=8957"}],"curies":[{"name":"wp","href":"https:\/\/api.w.org\/{rel}","templated":true}]}}