{"id":8796,"date":"2023-11-03T17:27:24","date_gmt":"2023-11-03T14:27:24","guid":{"rendered":"https:\/\/cancan.com.tr\/?page_id=8796"},"modified":"2023-11-29T13:36:46","modified_gmt":"2023-11-29T10:36:46","slug":"teknik-destek-formu","status":"publish","type":"page","link":"https:\/\/cancan.com.tr\/en\/technical-support-form\/","title":{"rendered":"Technical Support Form"},"content":{"rendered":"<section class=\"wpb-content-wrapper\"><p>[vc_row full_width=&#8221;stretch_row&#8221; tlg_background_style=&#8221;bg-primary&#8221; tlg_parallax=&#8221;not-parallax&#8221; css=&#8221;.vc_custom_1699021542847{background-image: url(https:\/\/cancan.com.tr\/wp-content\/uploads\/2023\/11\/bg-teknik-form.jpg?id=8798) !important;background-position: center !important;background-repeat: no-repeat !important;background-size: contain !important;}&#8221; el_class=&#8221;ssssection&#8221;][vc_column width=&#8221;1\/2&#8243; css=&#8221;.vc_custom_1699020248292{padding-bottom: 60px !important;padding-left: 10% !important;}&#8221;][vc_column_text css=&#8221;.vc_custom_1699435010602{margin-top: 100px !important;padding-top: 30px !important;padding-bottom: 90px !important;padding-left: 0px !important;}&#8221;]<\/p>\n<h2>Technical Support Form<\/h2>\n<p>[\/vc_column_text][\/vc_column][vc_column css_animation=&#8221;fadeIn&#8221; width=&#8221;1\/2&#8243; css=&#8221;.vc_custom_1695300983544{margin-top: -15px !important;margin-right: 0px !important;margin-bottom: 0px !important;margin-left: 0px !important;padding-top: 0px !important;padding-right: 0px !important;padding-bottom: 0px !important;padding-left: 0px !important;}&#8221;][\/vc_column][\/vc_row][vc_row full_width=&#8221;stretch_row_content&#8221; tlg_padding=&#8221;pt0 pb0&#8243; css=&#8221;.vc_custom_1696012863331{margin-top: 80px !important;margin-bottom: 0px !important;border-bottom-width: 80px !important;}&#8221; el_class=&#8221;sss-section&#8221;][vc_column width=&#8221;1\/4&#8243; css=&#8221;.vc_custom_1696012890862{padding-bottom: 80px !important;}&#8221;][\/vc_column][vc_column width=&#8221;1\/2&#8243; css=&#8221;.vc_custom_1699021833243{padding-bottom: 80px !important;}&#8221;][vc_column_text css=&#8221;.vc_custom_1701254188982{padding-bottom: 30px !important;}&#8221;]You can send us your technical support request regarding our products by filling out the form below.[\/vc_column_text]\n<div class=\"wpcf7 no-js\" id=\"wpcf7-f8936-o1\" lang=\"tr-TR\" dir=\"ltr\">\n<div class=\"screen-reader-response\"><p role=\"status\" aria-live=\"polite\" aria-atomic=\"true\"><\/p> <ul><\/ul><\/div>\n<form action=\"\/en\/wp-json\/wp\/v2\/pages\/8796#wpcf7-f8936-o1\" method=\"post\" class=\"wpcf7-form init\" aria-label=\"Contact form\" enctype=\"multipart\/form-data\" novalidate=\"novalidate\" data-status=\"init\">\n<div style=\"display: none;\">\n<input type=\"hidden\" name=\"_wpcf7\" value=\"8936\" \/>\n<input type=\"hidden\" name=\"_wpcf7_version\" value=\"5.8.4\" \/>\n<input type=\"hidden\" name=\"_wpcf7_locale\" value=\"tr_TR\" \/>\n<input type=\"hidden\" name=\"_wpcf7_unit_tag\" value=\"wpcf7-f8936-o1\" \/>\n<input type=\"hidden\" name=\"_wpcf7_container_post\" value=\"0\" \/>\n<input type=\"hidden\" name=\"_wpcf7_posted_data_hash\" value=\"\" \/>\n<\/div>\n<p><label> Company Name (required)<br \/>\n<span class=\"wpcf7-form-control-wrap\" data-name=\"your-company\"><input size=\"40\" class=\"wpcf7-form-control wpcf7-text wpcf7-validates-as-required\" autocomplete=\"company\" aria-required=\"true\" aria-invalid=\"false\" value=\"\" type=\"text\" name=\"your-company\" \/><\/span> <\/label>\n<\/p>\n<p><label> Phone (required)<br \/>\n<span class=\"wpcf7-form-control-wrap\" data-name=\"your-tel\"><input size=\"40\" class=\"wpcf7-form-control wpcf7-tel wpcf7-validates-as-required wpcf7-text wpcf7-validates-as-tel\" autocomplete=\"tel\" aria-required=\"true\" aria-invalid=\"false\" value=\"\" type=\"tel\" name=\"your-tel\" \/><\/span> <\/label>\n<\/p>\n<p><label> E-mail (required)<br \/>\n<span class=\"wpcf7-form-control-wrap\" data-name=\"your-email\"><input size=\"40\" class=\"wpcf7-form-control wpcf7-email wpcf7-validates-as-required wpcf7-text wpcf7-validates-as-email\" autocomplete=\"email\" aria-required=\"true\" aria-invalid=\"false\" value=\"\" type=\"email\" name=\"your-email\" \/><\/span> <\/label>\n<\/p>\n<p><label> Address (required)<br \/>\n<span class=\"wpcf7-form-control-wrap\" data-name=\"your-address\"><input size=\"40\" class=\"wpcf7-form-control wpcf7-text wpcf7-validates-as-required\" autocomplete=\"address\" aria-required=\"true\" aria-invalid=\"false\" value=\"\" type=\"text\" name=\"your-address\" \/><\/span> <\/label>\n<\/p>\n<p><label> Brand and Model (required)<br \/>\n<span class=\"wpcf7-form-control-wrap\" data-name=\"your-markamodel\"><input size=\"40\" class=\"wpcf7-form-control wpcf7-text wpcf7-validates-as-required\" autocomplete=\"markamodel\" aria-required=\"true\" aria-invalid=\"false\" value=\"\" type=\"text\" name=\"your-markamodel\" \/><\/span> <\/label>\n<\/p>\n<p><label> Serial Number<br \/>\n<span class=\"wpcf7-form-control-wrap\" data-name=\"your-seri\"><input size=\"40\" class=\"wpcf7-form-control wpcf7-text\" autocomplete=\"seri\" aria-invalid=\"false\" value=\"\" type=\"text\" name=\"your-seri\" \/><\/span> <\/label><br \/>\n<label> Subject<br \/>\n<span class=\"wpcf7-form-control-wrap\" data-name=\"your-konu\"><input size=\"40\" class=\"wpcf7-form-control wpcf7-text\" autocomplete=\"konu\" aria-invalid=\"false\" value=\"\" type=\"text\" name=\"your-konu\" \/><\/span> <\/label>\n<\/p>\n<p><label> Video<br \/>\n<span class=\"wpcf7-form-control-wrap\" data-name=\"file-video\"><input size=\"40\" class=\"wpcf7-form-control wpcf7-file\" accept=\".mp4\" aria-invalid=\"false\" type=\"file\" name=\"file-video\" \/><\/span> <\/label>\n<\/p>\n<p style=\"margin-bottom:50px\">Video dosya boyutu maksimum 10 mb ve mp4 format\u0131nda olmal\u0131d\u0131r\n<\/p>\n<div style=\"float:left;width:100%;height:150px\">\n\t<div style=\"float:left;width:33%\">\n\t\t<p><label> Image 1<br \/>\n<span class=\"wpcf7-form-control-wrap\" data-name=\"file-resim1\"><input size=\"40\" class=\"wpcf7-form-control wpcf7-file\" accept=\".jpg,.png,.bmp,.gif\" aria-invalid=\"false\" type=\"file\" name=\"file-resim1\" \/><\/span> <\/label>\n\t\t<\/p>\n\t<\/div>\n\t<div style=\"float:left;width:33%\">\n\t\t<p><label> Image 2<br \/>\n<span class=\"wpcf7-form-control-wrap\" data-name=\"file-resim2\"><input size=\"40\" class=\"wpcf7-form-control wpcf7-file\" accept=\".jpg,.png,.bmp,.gif\" aria-invalid=\"false\" type=\"file\" name=\"file-resim2\" \/><\/span> <\/label>\n\t\t<\/p>\n\t<\/div>\n\t<div style=\"float:left;width:33%\">\n\t\t<p><label> Image 3<br \/>\n<span class=\"wpcf7-form-control-wrap\" data-name=\"file-resim3\"><input size=\"40\" class=\"wpcf7-form-control wpcf7-file\" accept=\".jpg,.png,.bmp,.gif\" aria-invalid=\"false\" type=\"file\" name=\"file-resim3\" \/><\/span> <\/label>\n\t\t<\/p>\n\t<\/div>\n<\/div>\n<p style=\"margin-bottom:50px\">Resim dosya boyutu maksimum 2 mb ve jpg,gif veya png format\u0131nda olmal\u0131d\u0131r\n<\/p>\n<p><label> Message<br \/>\n<span class=\"wpcf7-form-control-wrap\" data-name=\"your-message\"><textarea cols=\"40\" rows=\"10\" class=\"wpcf7-form-control wpcf7-textarea\" aria-invalid=\"false\" name=\"your-message\"><\/textarea><\/span> <\/label><br \/>\n<label><br \/>\n<span class=\"wpcf7-form-control-wrap\" data-name=\"quiz-sorucevap\"><label><span class=\"wpcf7-quiz-label\">18+5 =?<\/span> <input size=\"40\" class=\"wpcf7-form-control wpcf7-quiz\" autocomplete=\"off\" aria-required=\"true\" aria-invalid=\"false\" type=\"text\" name=\"quiz-sorucevap\" \/><\/label><input type=\"hidden\" name=\"_wpcf7_quiz_answer_quiz-sorucevap\" value=\"b73c7af12a4130c47996590023a0d933\" \/><\/span> <\/label><br \/>\n<input class=\"wpcf7-form-control wpcf7-submit has-spinner\" type=\"submit\" value=\"G\u00f6nder\" \/>\n<\/p><div class=\"wpcf7-response-output\" aria-hidden=\"true\"><\/div>\n<\/form>\n<\/div>\n[\/vc_column][vc_column width=&#8221;1\/4&#8243;][\/vc_column][\/vc_row]<\/p>\n<\/section>","protected":false},"excerpt":{"rendered":"<p>[vc_row full_width=&#8221;stretch_row&#8221; tlg_background_style=&#8221;bg-primary&#8221; tlg_parallax=&#8221;not-parallax&#8221; css=&#8221;.vc_custom_1699021542847{background-image: url(https:\/\/cancan.com.tr\/wp-content\/uploads\/2023\/11\/bg-teknik-form.jpg?id=8798) !important;background-position: center !important;background-repeat: no-repeat !important;background-size: contain !important;}&#8221; el_class=&#8221;ssssection&#8221;][vc_column width=&#8221;1\/2&#8243; css=&#8221;.vc_custom_1699020248292{padding-bottom:&#8230;<\/p>\n","protected":false},"author":1,"featured_media":0,"parent":0,"menu_order":0,"comment_status":"closed","ping_status":"closed","template":"","meta":{"footnotes":""},"class_list":["post-8796","page","type-page","status-publish","hentry"],"acf":[],"yoast_head":"<!-- This site is optimized with the Yoast SEO plugin v27.0 - https:\/\/yoast.com\/product\/yoast-seo-wordpress\/ -->\n<title>Technical Support Form - Cancan Meyve Presleri<\/title>\n<meta name=\"robots\" content=\"index, follow, max-snippet:-1, max-image-preview:large, max-video-preview:-1\" \/>\n<link rel=\"canonical\" href=\"https:\/\/cancan.com.tr\/teknik-destek-formu\/\" \/>\n<meta property=\"og:locale\" content=\"en_US\" \/>\n<meta property=\"og:type\" content=\"article\" \/>\n<meta property=\"og:title\" content=\"[:en]Technical Support Form[:tr]Teknik Destek Formu[:] - Cancan Meyve Presleri\" \/>\n<meta property=\"og:description\" content=\"[vc_row full_width=&#8221;stretch_row&#8221; tlg_background_style=&#8221;bg-primary&#8221; tlg_parallax=&#8221;not-parallax&#8221; css=&#8221;.vc_custom_1699021542847{background-image: url(https:\/\/cancan.com.tr\/wp-content\/uploads\/2023\/11\/bg-teknik-form.jpg?id=8798) !important;background-position: center !important;background-repeat: no-repeat !important;background-size: contain !important;}&#8221; el_class=&#8221;ssssection&#8221;][vc_column width=&#8221;1\/2&#8243; css=&#8221;.vc_custom_1699020248292{padding-bottom:...\" \/>\n<meta property=\"og:url\" content=\"https:\/\/cancan.com.tr\/teknik-destek-formu\/\" \/>\n<meta property=\"og:site_name\" content=\"Cancan Meyve Presleri\" \/>\n<meta property=\"article:modified_time\" content=\"2023-11-29T10:36:46+00:00\" \/>\n<meta name=\"twitter:card\" content=\"summary_large_image\" \/>\n<meta name=\"twitter:label1\" content=\"Est. reading time\" \/>\n\t<meta name=\"twitter:data1\" content=\"2 minutes\" \/>\n<script type=\"application\/ld+json\" class=\"yoast-schema-graph\">{\"@context\":\"https:\/\/schema.org\",\"@graph\":[{\"@type\":\"WebPage\",\"@id\":\"https:\/\/cancan.com.tr\/teknik-destek-formu\/\",\"url\":\"https:\/\/cancan.com.tr\/teknik-destek-formu\/\",\"name\":\"[:en]Technical Support Form[:tr]Teknik Destek Formu[:] - Cancan Meyve Presleri\",\"isPartOf\":{\"@id\":\"https:\/\/cancan.com.tr\/#website\"},\"datePublished\":\"2023-11-03T14:27:24+00:00\",\"dateModified\":\"2023-11-29T10:36:46+00:00\",\"breadcrumb\":{\"@id\":\"https:\/\/cancan.com.tr\/teknik-destek-formu\/#breadcrumb\"},\"inLanguage\":\"en-US\",\"potentialAction\":[{\"@type\":\"ReadAction\",\"target\":[\"https:\/\/cancan.com.tr\/teknik-destek-formu\/\"]}]},{\"@type\":\"BreadcrumbList\",\"@id\":\"https:\/\/cancan.com.tr\/teknik-destek-formu\/#breadcrumb\",\"itemListElement\":[{\"@type\":\"ListItem\",\"position\":1,\"name\":\"Anasayfa\",\"item\":\"https:\/\/cancan.com.tr\/\"},{\"@type\":\"ListItem\",\"position\":2,\"name\":\"Teknik Destek Formu\"}]},{\"@type\":\"WebSite\",\"@id\":\"https:\/\/cancan.com.tr\/#website\",\"url\":\"https:\/\/cancan.com.tr\/\",\"name\":\"Cancan Meyve Presleri\",\"description\":\"www.cancan.com.tr\",\"publisher\":{\"@id\":\"https:\/\/cancan.com.tr\/#organization\"},\"potentialAction\":[{\"@type\":\"SearchAction\",\"target\":{\"@type\":\"EntryPoint\",\"urlTemplate\":\"https:\/\/cancan.com.tr\/?s={search_term_string}\"},\"query-input\":{\"@type\":\"PropertyValueSpecification\",\"valueRequired\":true,\"valueName\":\"search_term_string\"}}],\"inLanguage\":\"en-US\"},{\"@type\":\"Organization\",\"@id\":\"https:\/\/cancan.com.tr\/#organization\",\"name\":\"Cancan Meyve Presleri\",\"url\":\"https:\/\/cancan.com.tr\/\",\"logo\":{\"@type\":\"ImageObject\",\"inLanguage\":\"en-US\",\"@id\":\"https:\/\/cancan.com.tr\/#\/schema\/logo\/image\/\",\"url\":\"https:\/\/cancan.com.tr\/wp-content\/uploads\/2026\/03\/CancanLogo.png\",\"contentUrl\":\"https:\/\/cancan.com.tr\/wp-content\/uploads\/2026\/03\/CancanLogo.png\",\"width\":362,\"height\":67,\"caption\":\"Cancan Meyve Presleri\"},\"image\":{\"@id\":\"https:\/\/cancan.com.tr\/#\/schema\/logo\/image\/\"}}]}<\/script>\n<!-- \/ Yoast SEO plugin. -->","yoast_head_json":{"title":"[:en]Technical Support Form[:tr]Teknik Destek Formu[:] - Cancan Meyve Presleri","robots":{"index":"index","follow":"follow","max-snippet":"max-snippet:-1","max-image-preview":"max-image-preview:large","max-video-preview":"max-video-preview:-1"},"canonical":"https:\/\/cancan.com.tr\/teknik-destek-formu\/","og_locale":"en_US","og_type":"article","og_title":"[:en]Technical Support Form[:tr]Teknik Destek Formu[:] - Cancan Meyve Presleri","og_description":"[vc_row full_width=&#8221;stretch_row&#8221; tlg_background_style=&#8221;bg-primary&#8221; tlg_parallax=&#8221;not-parallax&#8221; css=&#8221;.vc_custom_1699021542847{background-image: url(https:\/\/cancan.com.tr\/wp-content\/uploads\/2023\/11\/bg-teknik-form.jpg?id=8798) !important;background-position: center !important;background-repeat: no-repeat !important;background-size: contain !important;}&#8221; el_class=&#8221;ssssection&#8221;][vc_column width=&#8221;1\/2&#8243; css=&#8221;.vc_custom_1699020248292{padding-bottom:...","og_url":"https:\/\/cancan.com.tr\/teknik-destek-formu\/","og_site_name":"Cancan Meyve Presleri","article_modified_time":"2023-11-29T10:36:46+00:00","twitter_card":"summary_large_image","twitter_misc":{"Est. reading time":"2 minutes"},"schema":{"@context":"https:\/\/schema.org","@graph":[{"@type":"WebPage","@id":"https:\/\/cancan.com.tr\/teknik-destek-formu\/","url":"https:\/\/cancan.com.tr\/teknik-destek-formu\/","name":"[:en]Technical Support Form[:tr]Teknik Destek Formu[:] - Cancan Meyve Presleri","isPartOf":{"@id":"https:\/\/cancan.com.tr\/#website"},"datePublished":"2023-11-03T14:27:24+00:00","dateModified":"2023-11-29T10:36:46+00:00","breadcrumb":{"@id":"https:\/\/cancan.com.tr\/teknik-destek-formu\/#breadcrumb"},"inLanguage":"en-US","potentialAction":[{"@type":"ReadAction","target":["https:\/\/cancan.com.tr\/teknik-destek-formu\/"]}]},{"@type":"BreadcrumbList","@id":"https:\/\/cancan.com.tr\/teknik-destek-formu\/#breadcrumb","itemListElement":[{"@type":"ListItem","position":1,"name":"Anasayfa","item":"https:\/\/cancan.com.tr\/"},{"@type":"ListItem","position":2,"name":"Teknik Destek Formu"}]},{"@type":"WebSite","@id":"https:\/\/cancan.com.tr\/#website","url":"https:\/\/cancan.com.tr\/","name":"Cancan Meyve Presleri","description":"www.cancan.com.tr","publisher":{"@id":"https:\/\/cancan.com.tr\/#organization"},"potentialAction":[{"@type":"SearchAction","target":{"@type":"EntryPoint","urlTemplate":"https:\/\/cancan.com.tr\/?s={search_term_string}"},"query-input":{"@type":"PropertyValueSpecification","valueRequired":true,"valueName":"search_term_string"}}],"inLanguage":"en-US"},{"@type":"Organization","@id":"https:\/\/cancan.com.tr\/#organization","name":"Cancan Meyve Presleri","url":"https:\/\/cancan.com.tr\/","logo":{"@type":"ImageObject","inLanguage":"en-US","@id":"https:\/\/cancan.com.tr\/#\/schema\/logo\/image\/","url":"https:\/\/cancan.com.tr\/wp-content\/uploads\/2026\/03\/CancanLogo.png","contentUrl":"https:\/\/cancan.com.tr\/wp-content\/uploads\/2026\/03\/CancanLogo.png","width":362,"height":67,"caption":"Cancan Meyve Presleri"},"image":{"@id":"https:\/\/cancan.com.tr\/#\/schema\/logo\/image\/"}}]}},"_links":{"self":[{"href":"https:\/\/cancan.com.tr\/en\/wp-json\/wp\/v2\/pages\/8796","targetHints":{"allow":["GET"]}}],"collection":[{"href":"https:\/\/cancan.com.tr\/en\/wp-json\/wp\/v2\/pages"}],"about":[{"href":"https:\/\/cancan.com.tr\/en\/wp-json\/wp\/v2\/types\/page"}],"author":[{"embeddable":true,"href":"https:\/\/cancan.com.tr\/en\/wp-json\/wp\/v2\/users\/1"}],"replies":[{"embeddable":true,"href":"https:\/\/cancan.com.tr\/en\/wp-json\/wp\/v2\/comments?post=8796"}],"version-history":[{"count":8,"href":"https:\/\/cancan.com.tr\/en\/wp-json\/wp\/v2\/pages\/8796\/revisions"}],"predecessor-version":[{"id":9375,"href":"https:\/\/cancan.com.tr\/en\/wp-json\/wp\/v2\/pages\/8796\/revisions\/9375"}],"wp:attachment":[{"href":"https:\/\/cancan.com.tr\/en\/wp-json\/wp\/v2\/media?parent=8796"}],"curies":[{"name":"wp","href":"https:\/\/api.w.org\/{rel}","templated":true}]}}