{"id":7998,"date":"2023-10-02T09:59:19","date_gmt":"2023-10-02T06:59:19","guid":{"rendered":"https:\/\/cancan.com.tr\/?page_id=7998"},"modified":"2023-10-02T10:05:29","modified_gmt":"2023-10-02T07:05:29","slug":"gizlilik-politikasi","status":"publish","type":"page","link":"https:\/\/cancan.com.tr\/en\/gizlilik-politikasi-en\/","title":{"rendered":"Gizlilik Politikas\u0131 EN"},"content":{"rendered":"<section class=\"wpb-content-wrapper\"><p>[vc_row full_width=&#8221;stretch_row_content&#8221; tlg_padding=&#8221;pt0 pb0&#8243; css=&#8221;.vc_custom_1695986246834{margin-top: 40px !important;margin-bottom: 0px !important;}&#8221; el_class=&#8221;sss-section&#8221;][vc_column width=&#8221;1\/4&#8243;][vc_row_inner css=&#8221;.vc_custom_1695878398253{padding-top: 20px !important;padding-right: 10px !important;padding-bottom: 20px !important;padding-left: 10px !important;}&#8221;][vc_column_inner css=&#8221;.vc_custom_1695985228330{border-top-width: 1px !important;border-right-width: 1px !important;border-bottom-width: 1px !important;border-left-width: 1px !important;padding-bottom: 50px !important;border-left-color: #ededed !important;border-left-style: solid !important;border-right-color: #ededed !important;border-right-style: solid !important;border-top-color: #ededed !important;border-top-style: solid !important;border-bottom-color: #ededed !important;border-bottom-style: solid !important;}&#8221;][vc_widget_sidebar sidebar_id=&#8221;page&#8221;][\/vc_column_inner][\/vc_row_inner][\/vc_column][vc_column width=&#8221;3\/4&#8243;][vc_row_inner css=&#8221;.vc_custom_1695987562812{padding-top: 0px !important;padding-bottom: 20px !important;}&#8221;][vc_column_inner css=&#8221;.vc_custom_1695986171792{border-top-width: 0px !important;border-right-width: 0px !important;border-bottom-width: 0px !important;border-left-width: 0px !important;border-left-color: #ededed !important;border-left-style: solid !important;border-right-color: #ededed !important;border-right-style: solid !important;border-top-color: #ededed !important;border-top-style: solid !important;border-bottom-color: #ededed !important;border-bottom-style: solid !important;}&#8221;][vc_column_text css=&#8221;.vc_custom_1696230034917{padding-bottom: 50px !important;}&#8221;]<\/p>\n<h2 class=\"vc_custom_heading align-left\">G\u0130ZL\u0130L\u0130K <strong>B\u0130LD\u0130R\u0130M\u0130<\/strong><\/h2>\n<p>[\/vc_column_text][vc_column_text]Cancan Meyve Presleri Sanayi Ticaret Limited \u015eirketi, kendisi ile payla\u015fm\u0131\u015f oldu\u011funuz bilgilerin gizlili\u011finin korunmas\u0131na inanmaktad\u0131r. Ki\u015fisel bilgilerinizin ne \u015fekilde kullan\u0131laca\u011f\u0131 hakk\u0131nda a\u015fa\u011f\u0131da taraf\u0131n\u0131za bilgi verilmektedir. Bu nedenle, bu \u00dcyelik Bilgilerinin Gizlili\u011fi ve G\u00fcvenlik Politikam\u0131z\u0131 dikkatlice okuman\u0131z\u0131 \u00f6neriyoruz.[\/vc_column_text][vc_column_text css=&#8221;.vc_custom_1696230076351{padding-bottom: 50px !important;}&#8221;]<\/p>\n<h2 class=\"vc_custom_heading align-left\">\u00dcYE B\u0130LG\u0130LER\u0130N\u0130Z\u0130N <strong>G\u0130ZL\u0130L\u0130\u011e\u0130<\/strong><\/h2>\n<p>[\/vc_column_text][vc_column_text]www.cancan.com.tr \u00fczerinde \u00fcye olmak i\u00e7in girmi\u015f oldu\u011funuz bilgiler, Cancan Meyve Presleri San. Tic. Ltd. \u015eti. taraf\u0131ndan, ayn\u0131 grup i\u00e7inde yer ald\u0131\u011f\u0131 di\u011fer Tun\u00e7 \u00d6Z\u00dcU\u011eURLU \u015firketleri ile payla\u015f\u0131labilecektir. www.cancan.com.tr web sitesine \u00fcye olmak i\u00e7in girdi\u011finiz bilgiler cancan.com.tr alan ad\u0131 alt\u0131nda kullan\u0131labilecek olup bu kullan\u0131m taraf\u0131n\u0131zca gayrikabili r\u00fccu kabul edilmi\u015ftir.<\/p>\n<p>Cancan Meyve Presleri San. Tic. Ltd. \u015eti. yukar\u0131da yer alan istina d\u0131\u015f\u0131nda bu bilgileri sadece idari\/yasal zorunlulu\u011fun mevcudiyeti \u00e7er\u00e7evesinde 3. \u015fah\u0131slara a\u00e7\u0131klayabilecektir. Ara\u015ft\u0131rma ehliyeti belgelenmi\u015f her t\u00fcrl\u00fc adli soru\u015fturma dahilinde Cancan Meyve Presleri San. Tic. Ltd. \u015eti., kendisinden istenen bilgiyi elinde bulunduruyorsa ilgili makama sa\u011flayabilir.<\/p>\n<p>\u0130lgili forma girdi\u011finiz e-posta adresi, posta adresi ve telefon gibi bilgiler yaln\u0131zca Cancan Meyve Presleri San. Tic. Ltd. \u015eti.ve ayn\u0131 grup i\u00e7inde yer ald\u0131\u011f\u0131 di\u011fer Tun\u00e7 \u00d6Z\u00dcU\u011eURLU \u015firketleri taraf\u0131ndan Rexbet standart \u00fcr\u00fcn teslim ve bilgilendirme prosed\u00fcrleri, kampanya bilgileri, sadakat projelerinden, i\u015f birlikteliklerinden, reklamlar\u0131ndan, ma\u011faza a\u00e7\u0131l\u0131\u015flar\u0131ndan, promosyonlar\u0131ndan, \u00fcr\u00fcnlerinden, hizmetlerinden ve ileti\u015fim faaliyetleri hakk\u0131ndaki olas\u0131 t\u00fcm kanallardan bilgi almay\u0131 kabul etmi\u015f say\u0131l\u0131r.[\/vc_column_text][vc_column_text css=&#8221;.vc_custom_1696230117109{padding-bottom: 50px !important;}&#8221;]<\/p>\n<h2 class=\"vc_custom_heading align-left\">G\u00dcVENL\u0130K <strong>POL\u0130T\u0130KAMIZ<\/strong><\/h2>\n<p>[\/vc_column_text][vc_column_text]\u00dcye olurken verdi\u011finiz t\u00fcm bilgilere sadece siz ula\u015fabilir ve siz de\u011fi\u015ftirebilirsiniz. \u00dcye giri\u015f bilgilerinizi g\u00fcvenli korudu\u011funuz takdirde ba\u015fkalar\u0131n\u0131n sizinle ilgili bilgilere ula\u015fmas\u0131 ve bunlar\u0131 de\u011fi\u015ftirmesi m\u00fcmk\u00fcn de\u011fildir. Bu ama\u00e7la, \u00fcyelik i\u015flemleri s\u0131ras\u0131nda 256 bit SSL g\u00fcvenlik alan\u0131 i\u00e7inde hareket edilir. Bu sistem k\u0131r\u0131lmas\u0131 m\u00fcmk\u00fcn olmayan bir uluslararas\u0131 bir \u015fifreleme standard\u0131d\u0131r.<\/p>\n<p>www.cancan.com.tr uluslararas\u0131 g\u00fcvenlik sertifika \u015firketi GlobalSign taraf\u0131ndan SSL sertifikas\u0131 ile korunmaktad\u0131r.<\/p>\n<p><img decoding=\"async\" src=\"http:\/\/static.vestel.com.tr\/CMSResources\/Vestel-Yeni\/Kurumsal\/secure2.jpg\" \/><\/p>\n<p>www.cancan.com.tr al\u0131\u015fveri\u015f sayfalar\u0131nda d\u00fcnyan\u0131n en geli\u015fmi\u015f g\u00fcvenlik teknolojisi olan SSL (Secure Socket Layer) sistemini kullanmaktad\u0131r ve t\u00fcm \u00f6nemli veriler 256 bit \u015fifreleme ile koruma alt\u0131na al\u0131nmaktad\u0131r.<\/p>\n<p>SSL yaz\u0131l\u0131mlar\u0131, M\u00fc\u015fteri \u2013 \u0130\u015fletme \u2013 Banka aras\u0131ndaki bilgi ak\u0131\u015f\u0131n\u0131n, \u00e7\u00f6z\u00fclme ihtimali matematiksel olarak \u00e7ok d\u00fc\u015f\u00fck ve teknik a\u00e7\u0131dan \u00e7ok zor olan 256 bit teknolojisiyle, \u015fifreli olarak yap\u0131lmas\u0131n\u0131 sa\u011flamaktad\u0131r. Web \u00fczerinden al\u0131\u015fveri\u015f herhangi bir sayfada girilen b\u00fct\u00fcn bilgiler, g\u00fcvenlik a\u011f\u0131 ile \u015fifrelenerek sistemlerimize aktarmakta ve bu sayede d\u0131\u015far\u0131dan bu bilgilerin al\u0131nmas\u0131, okunmas\u0131 ve kullan\u0131lmas\u0131 m\u00fcmk\u00fcn olmamaktad\u0131r. Bu sayede kredi kart\u0131 bilgileriniz personelimiz taraf\u0131ndan g\u00f6r\u00fclemedi\u011fi gibi, Cancan Meyve Presleri San. Tic. Ltd. \u015eti. taraf\u0131ndan da saklanmamaktad\u0131r. Mevcut ve ge\u00e7mi\u015f sipari\u015flerinizi ise \u00fcye giri\u015fi yapt\u0131ktan sonra \u2018Sipari\u015flerim\u2019 sayfas\u0131ndan takip edebilirsiniz.[\/vc_column_text][\/vc_column_inner][\/vc_row_inner][\/vc_column][\/vc_row][vc_row][vc_column][\/vc_column][\/vc_row]<\/p>\n<\/section>","protected":false},"excerpt":{"rendered":"<p>[vc_row full_width=&#8221;stretch_row_content&#8221; tlg_padding=&#8221;pt0 pb0&#8243; css=&#8221;.vc_custom_1695986246834{margin-top: 40px !important;margin-bottom: 0px !important;}&#8221; el_class=&#8221;sss-section&#8221;][vc_column width=&#8221;1\/4&#8243;][vc_row_inner css=&#8221;.vc_custom_1695878398253{padding-top: 20px !important;padding-right: 10px !important;padding-bottom:&#8230;<\/p>\n","protected":false},"author":1,"featured_media":0,"parent":0,"menu_order":0,"comment_status":"closed","ping_status":"closed","template":"page_sidebar.php","meta":{"footnotes":""},"class_list":["post-7998","page","type-page","status-publish","hentry"],"acf":[],"yoast_head":"<!-- This site is optimized with the Yoast SEO plugin v27.0 - https:\/\/yoast.com\/product\/yoast-seo-wordpress\/ -->\n<title>Gizlilik Politikas\u0131 EN - Cancan Meyve Presleri<\/title>\n<meta name=\"robots\" content=\"index, follow, max-snippet:-1, max-image-preview:large, max-video-preview:-1\" \/>\n<link rel=\"canonical\" href=\"https:\/\/cancan.com.tr\/en\/gizlilik-politikasi-en\/\" \/>\n<meta property=\"og:locale\" content=\"en_US\" \/>\n<meta property=\"og:type\" content=\"article\" \/>\n<meta property=\"og:title\" content=\"[:en]Gizlilik Politikas\u0131 EN[:tr]Gizlilik Politikas\u0131[:] - Cancan Meyve Presleri\" \/>\n<meta property=\"og:description\" content=\"[vc_row full_width=&#8221;stretch_row_content&#8221; tlg_padding=&#8221;pt0 pb0&#8243; css=&#8221;.vc_custom_1695986246834{margin-top: 40px !important;margin-bottom: 0px !important;}&#8221; el_class=&#8221;sss-section&#8221;][vc_column width=&#8221;1\/4&#8243;][vc_row_inner css=&#8221;.vc_custom_1695878398253{padding-top: 20px !important;padding-right: 10px !important;padding-bottom:...\" \/>\n<meta property=\"og:url\" content=\"https:\/\/cancan.com.tr\/en\/gizlilik-politikasi-en\/\" \/>\n<meta property=\"og:site_name\" content=\"Cancan Meyve Presleri\" \/>\n<meta property=\"article:modified_time\" content=\"2023-10-02T07:05:29+00:00\" \/>\n<meta property=\"og:image\" content=\"http:\/\/static.vestel.com.tr\/CMSResources\/Vestel-Yeni\/Kurumsal\/secure2.jpg\" \/>\n<meta name=\"twitter:card\" content=\"summary_large_image\" \/>\n<meta name=\"twitter:label1\" content=\"Est. reading time\" \/>\n\t<meta name=\"twitter:data1\" content=\"4 minutes\" \/>\n<script type=\"application\/ld+json\" class=\"yoast-schema-graph\">{\"@context\":\"https:\/\/schema.org\",\"@graph\":[{\"@type\":\"WebPage\",\"@id\":\"https:\/\/cancan.com.tr\/en\/gizlilik-politikasi-en\/\",\"url\":\"https:\/\/cancan.com.tr\/en\/gizlilik-politikasi-en\/\",\"name\":\"[:en]Gizlilik Politikas\u0131 EN[:tr]Gizlilik Politikas\u0131[:] - Cancan Meyve Presleri\",\"isPartOf\":{\"@id\":\"https:\/\/cancan.com.tr\/#website\"},\"primaryImageOfPage\":{\"@id\":\"https:\/\/cancan.com.tr\/en\/gizlilik-politikasi-en\/#primaryimage\"},\"image\":{\"@id\":\"https:\/\/cancan.com.tr\/en\/gizlilik-politikasi-en\/#primaryimage\"},\"thumbnailUrl\":\"http:\/\/static.vestel.com.tr\/CMSResources\/Vestel-Yeni\/Kurumsal\/secure2.jpg\",\"datePublished\":\"2023-10-02T06:59:19+00:00\",\"dateModified\":\"2023-10-02T07:05:29+00:00\",\"breadcrumb\":{\"@id\":\"https:\/\/cancan.com.tr\/en\/gizlilik-politikasi-en\/#breadcrumb\"},\"inLanguage\":\"en-US\",\"potentialAction\":[{\"@type\":\"ReadAction\",\"target\":[\"https:\/\/cancan.com.tr\/en\/gizlilik-politikasi-en\/\"]}]},{\"@type\":\"ImageObject\",\"inLanguage\":\"en-US\",\"@id\":\"https:\/\/cancan.com.tr\/en\/gizlilik-politikasi-en\/#primaryimage\",\"url\":\"http:\/\/static.vestel.com.tr\/CMSResources\/Vestel-Yeni\/Kurumsal\/secure2.jpg\",\"contentUrl\":\"http:\/\/static.vestel.com.tr\/CMSResources\/Vestel-Yeni\/Kurumsal\/secure2.jpg\"},{\"@type\":\"BreadcrumbList\",\"@id\":\"https:\/\/cancan.com.tr\/en\/gizlilik-politikasi-en\/#breadcrumb\",\"itemListElement\":[{\"@type\":\"ListItem\",\"position\":1,\"name\":\"Anasayfa\",\"item\":\"https:\/\/cancan.com.tr\/\"},{\"@type\":\"ListItem\",\"position\":2,\"name\":\"Gizlilik Politikas\u0131 EN\"}]},{\"@type\":\"WebSite\",\"@id\":\"https:\/\/cancan.com.tr\/#website\",\"url\":\"https:\/\/cancan.com.tr\/\",\"name\":\"Cancan Meyve Presleri\",\"description\":\"www.cancan.com.tr\",\"publisher\":{\"@id\":\"https:\/\/cancan.com.tr\/#organization\"},\"potentialAction\":[{\"@type\":\"SearchAction\",\"target\":{\"@type\":\"EntryPoint\",\"urlTemplate\":\"https:\/\/cancan.com.tr\/?s={search_term_string}\"},\"query-input\":{\"@type\":\"PropertyValueSpecification\",\"valueRequired\":true,\"valueName\":\"search_term_string\"}}],\"inLanguage\":\"en-US\"},{\"@type\":\"Organization\",\"@id\":\"https:\/\/cancan.com.tr\/#organization\",\"name\":\"Cancan Meyve Presleri\",\"url\":\"https:\/\/cancan.com.tr\/\",\"logo\":{\"@type\":\"ImageObject\",\"inLanguage\":\"en-US\",\"@id\":\"https:\/\/cancan.com.tr\/#\/schema\/logo\/image\/\",\"url\":\"https:\/\/cancan.com.tr\/wp-content\/uploads\/2026\/03\/CancanLogo.png\",\"contentUrl\":\"https:\/\/cancan.com.tr\/wp-content\/uploads\/2026\/03\/CancanLogo.png\",\"width\":362,\"height\":67,\"caption\":\"Cancan Meyve Presleri\"},\"image\":{\"@id\":\"https:\/\/cancan.com.tr\/#\/schema\/logo\/image\/\"}}]}<\/script>\n<!-- \/ Yoast SEO plugin. -->","yoast_head_json":{"title":"[:en]Gizlilik Politikas\u0131 EN[:tr]Gizlilik Politikas\u0131[:] - Cancan Meyve Presleri","robots":{"index":"index","follow":"follow","max-snippet":"max-snippet:-1","max-image-preview":"max-image-preview:large","max-video-preview":"max-video-preview:-1"},"canonical":"https:\/\/cancan.com.tr\/en\/gizlilik-politikasi-en\/","og_locale":"en_US","og_type":"article","og_title":"[:en]Gizlilik Politikas\u0131 EN[:tr]Gizlilik Politikas\u0131[:] - Cancan Meyve Presleri","og_description":"[vc_row full_width=&#8221;stretch_row_content&#8221; tlg_padding=&#8221;pt0 pb0&#8243; css=&#8221;.vc_custom_1695986246834{margin-top: 40px !important;margin-bottom: 0px !important;}&#8221; el_class=&#8221;sss-section&#8221;][vc_column width=&#8221;1\/4&#8243;][vc_row_inner css=&#8221;.vc_custom_1695878398253{padding-top: 20px !important;padding-right: 10px !important;padding-bottom:...","og_url":"https:\/\/cancan.com.tr\/en\/gizlilik-politikasi-en\/","og_site_name":"Cancan Meyve Presleri","article_modified_time":"2023-10-02T07:05:29+00:00","og_image":[{"url":"http:\/\/static.vestel.com.tr\/CMSResources\/Vestel-Yeni\/Kurumsal\/secure2.jpg","type":"","width":"","height":""}],"twitter_card":"summary_large_image","twitter_misc":{"Est. reading time":"4 minutes"},"schema":{"@context":"https:\/\/schema.org","@graph":[{"@type":"WebPage","@id":"https:\/\/cancan.com.tr\/en\/gizlilik-politikasi-en\/","url":"https:\/\/cancan.com.tr\/en\/gizlilik-politikasi-en\/","name":"[:en]Gizlilik Politikas\u0131 EN[:tr]Gizlilik Politikas\u0131[:] - Cancan Meyve Presleri","isPartOf":{"@id":"https:\/\/cancan.com.tr\/#website"},"primaryImageOfPage":{"@id":"https:\/\/cancan.com.tr\/en\/gizlilik-politikasi-en\/#primaryimage"},"image":{"@id":"https:\/\/cancan.com.tr\/en\/gizlilik-politikasi-en\/#primaryimage"},"thumbnailUrl":"http:\/\/static.vestel.com.tr\/CMSResources\/Vestel-Yeni\/Kurumsal\/secure2.jpg","datePublished":"2023-10-02T06:59:19+00:00","dateModified":"2023-10-02T07:05:29+00:00","breadcrumb":{"@id":"https:\/\/cancan.com.tr\/en\/gizlilik-politikasi-en\/#breadcrumb"},"inLanguage":"en-US","potentialAction":[{"@type":"ReadAction","target":["https:\/\/cancan.com.tr\/en\/gizlilik-politikasi-en\/"]}]},{"@type":"ImageObject","inLanguage":"en-US","@id":"https:\/\/cancan.com.tr\/en\/gizlilik-politikasi-en\/#primaryimage","url":"http:\/\/static.vestel.com.tr\/CMSResources\/Vestel-Yeni\/Kurumsal\/secure2.jpg","contentUrl":"http:\/\/static.vestel.com.tr\/CMSResources\/Vestel-Yeni\/Kurumsal\/secure2.jpg"},{"@type":"BreadcrumbList","@id":"https:\/\/cancan.com.tr\/en\/gizlilik-politikasi-en\/#breadcrumb","itemListElement":[{"@type":"ListItem","position":1,"name":"Anasayfa","item":"https:\/\/cancan.com.tr\/"},{"@type":"ListItem","position":2,"name":"Gizlilik Politikas\u0131 EN"}]},{"@type":"WebSite","@id":"https:\/\/cancan.com.tr\/#website","url":"https:\/\/cancan.com.tr\/","name":"Cancan Meyve Presleri","description":"www.cancan.com.tr","publisher":{"@id":"https:\/\/cancan.com.tr\/#organization"},"potentialAction":[{"@type":"SearchAction","target":{"@type":"EntryPoint","urlTemplate":"https:\/\/cancan.com.tr\/?s={search_term_string}"},"query-input":{"@type":"PropertyValueSpecification","valueRequired":true,"valueName":"search_term_string"}}],"inLanguage":"en-US"},{"@type":"Organization","@id":"https:\/\/cancan.com.tr\/#organization","name":"Cancan Meyve Presleri","url":"https:\/\/cancan.com.tr\/","logo":{"@type":"ImageObject","inLanguage":"en-US","@id":"https:\/\/cancan.com.tr\/#\/schema\/logo\/image\/","url":"https:\/\/cancan.com.tr\/wp-content\/uploads\/2026\/03\/CancanLogo.png","contentUrl":"https:\/\/cancan.com.tr\/wp-content\/uploads\/2026\/03\/CancanLogo.png","width":362,"height":67,"caption":"Cancan Meyve Presleri"},"image":{"@id":"https:\/\/cancan.com.tr\/#\/schema\/logo\/image\/"}}]}},"_links":{"self":[{"href":"https:\/\/cancan.com.tr\/en\/wp-json\/wp\/v2\/pages\/7998","targetHints":{"allow":["GET"]}}],"collection":[{"href":"https:\/\/cancan.com.tr\/en\/wp-json\/wp\/v2\/pages"}],"about":[{"href":"https:\/\/cancan.com.tr\/en\/wp-json\/wp\/v2\/types\/page"}],"author":[{"embeddable":true,"href":"https:\/\/cancan.com.tr\/en\/wp-json\/wp\/v2\/users\/1"}],"replies":[{"embeddable":true,"href":"https:\/\/cancan.com.tr\/en\/wp-json\/wp\/v2\/comments?post=7998"}],"version-history":[{"count":4,"href":"https:\/\/cancan.com.tr\/en\/wp-json\/wp\/v2\/pages\/7998\/revisions"}],"predecessor-version":[{"id":8002,"href":"https:\/\/cancan.com.tr\/en\/wp-json\/wp\/v2\/pages\/7998\/revisions\/8002"}],"wp:attachment":[{"href":"https:\/\/cancan.com.tr\/en\/wp-json\/wp\/v2\/media?parent=7998"}],"curies":[{"name":"wp","href":"https:\/\/api.w.org\/{rel}","templated":true}]}}